{"id":5117,"date":"2024-05-21T10:36:03","date_gmt":"2024-05-21T15:36:03","guid":{"rendered":"https:\/\/www.apexosn.com\/lesion-de-muneca\/"},"modified":"2024-05-27T06:16:41","modified_gmt":"2024-05-27T11:16:41","slug":"lesion-de-muneca","status":"publish","type":"page","link":"https:\/\/www.apexosn.com\/es\/lesion-de-muneca\/","title":{"rendered":"Lesi\u00f3n de mu\u00f1eca"},"content":{"rendered":"<p>Las lesiones de mu\u00f1eca suelen producirse en accidentes de tr\u00e1fico, cuando las manos se echan instintivamente hacia delante para protegerse del impacto, sometiendo a la mu\u00f1eca a una fuerza extrema y repentina. Estas lesiones pueden variar desde esguinces leves a fracturas graves y afectar significativamente a la capacidad de la persona para llevar a cabo sus actividades cotidianas. El diagn\u00f3stico y el tratamiento adecuados son esenciales para evitar un deterioro a largo plazo. En Apex Orthopaedics Spine &amp; Neurology, estamos especializados en el tratamiento de este tipo de lesiones, ofreciendo una atenci\u00f3n integral para garantizar que los pacientes logren una recuperaci\u00f3n completa.<\/p>\n\t\t<div data-elementor-type=\"section\" data-elementor-id=\"208\" class=\"elementor elementor-208\" data-elementor-post-type=\"elementor_library\">\n\t\t\t\t\t<section class=\"elementor-section elementor-top-section elementor-element elementor-element-485e576a elementor-section-boxed elementor-section-height-default elementor-section-height-default\" data-id=\"485e576a\" data-element_type=\"section\" data-e-type=\"section\">\n\t\t\t\t\t\t<div class=\"elementor-container elementor-column-gap-default\">\n\t\t\t\t\t<div class=\"elementor-column elementor-col-100 elementor-top-column elementor-element elementor-element-635c38c0\" data-id=\"635c38c0\" data-element_type=\"column\" data-e-type=\"column\">\n\t\t\t<div class=\"elementor-widget-wrap elementor-element-populated\">\n\t\t\t\t\t\t<div class=\"elementor-element elementor-element-3ba95c8a elementor-toc--minimized-on-tablet elementor-widget elementor-widget-table-of-contents\" data-id=\"3ba95c8a\" data-element_type=\"widget\" data-e-type=\"widget\" data-settings=\"{&quot;exclude_headings_by_selector&quot;:&quot;.toc-remove&quot;,&quot;headings_by_tags&quot;:[&quot;h2&quot;,&quot;h3&quot;],&quot;marker_view&quot;:&quot;numbers&quot;,&quot;no_headings_message&quot;:&quot;No headings were found on this page.&quot;,&quot;minimize_box&quot;:&quot;yes&quot;,&quot;minimized_on&quot;:&quot;tablet&quot;,&quot;hierarchical_view&quot;:&quot;yes&quot;,&quot;min_height&quot;:{&quot;unit&quot;:&quot;px&quot;,&quot;size&quot;:&quot;&quot;,&quot;sizes&quot;:[]},&quot;min_height_laptop&quot;:{&quot;unit&quot;:&quot;px&quot;,&quot;size&quot;:&quot;&quot;,&quot;sizes&quot;:[]},&quot;min_height_tablet&quot;:{&quot;unit&quot;:&quot;px&quot;,&quot;size&quot;:&quot;&quot;,&quot;sizes&quot;:[]},&quot;min_height_mobile&quot;:{&quot;unit&quot;:&quot;px&quot;,&quot;size&quot;:&quot;&quot;,&quot;sizes&quot;:[]}}\" data-widget_type=\"table-of-contents.default\">\n\t\t\t\t\t\t\t\t\t<div class=\"elementor-toc__header\">\n\t\t\t\t\t\t<div class=\"elementor-toc__header-title\">\n\t\t\t\tTable of Contents\t\t\t<\/div>\n\t\t\t\t\t\t\t\t\t\t<div class=\"elementor-toc__toggle-button elementor-toc__toggle-button--expand\" role=\"button\" tabindex=\"0\" aria-controls=\"elementor-toc__3ba95c8a\" aria-expanded=\"true\" aria-label=\"Open table of contents\"><svg aria-hidden=\"true\" class=\"e-font-icon-svg e-fas-chevron-down\" viewBox=\"0 0 448 512\" xmlns=\"http:\/\/www.w3.org\/2000\/svg\"><path d=\"M207.029 381.476L12.686 187.132c-9.373-9.373-9.373-24.569 0-33.941l22.667-22.667c9.357-9.357 24.522-9.375 33.901-.04L224 284.505l154.745-154.021c9.379-9.335 24.544-9.317 33.901.04l22.667 22.667c9.373 9.373 9.373 24.569 0 33.941L240.971 381.476c-9.373 9.372-24.569 9.372-33.942 0z\"><\/path><\/svg><\/div>\n\t\t\t\t<div class=\"elementor-toc__toggle-button elementor-toc__toggle-button--collapse\" role=\"button\" tabindex=\"0\" aria-controls=\"elementor-toc__3ba95c8a\" aria-expanded=\"true\" aria-label=\"Close table of contents\"><svg aria-hidden=\"true\" class=\"e-font-icon-svg e-fas-chevron-up\" viewBox=\"0 0 448 512\" xmlns=\"http:\/\/www.w3.org\/2000\/svg\"><path d=\"M240.971 130.524l194.343 194.343c9.373 9.373 9.373 24.569 0 33.941l-22.667 22.667c-9.357 9.357-24.522 9.375-33.901.04L224 227.495 69.255 381.516c-9.379 9.335-24.544 9.317-33.901-.04l-22.667-22.667c-9.373-9.373-9.373-24.569 0-33.941L207.03 130.525c9.372-9.373 24.568-9.373 33.941-.001z\"><\/path><\/svg><\/div>\n\t\t\t\t\t<\/div>\n\t\t\t\t<div id=\"elementor-toc__3ba95c8a\" class=\"elementor-toc__body\">\n\t\t\t<div class=\"elementor-toc__spinner-container\">\n\t\t\t\t<svg class=\"elementor-toc__spinner eicon-animation-spin e-font-icon-svg e-eicon-loading\" aria-hidden=\"true\" viewBox=\"0 0 1000 1000\" xmlns=\"http:\/\/www.w3.org\/2000\/svg\"><path d=\"M500 975V858C696 858 858 696 858 500S696 142 500 142 142 304 142 500H25C25 237 238 25 500 25S975 237 975 500 763 975 500 975Z\"><\/path><\/svg>\t\t\t<\/div>\n\t\t<\/div>\n\t\t\t\t\t\t<\/div>\n\t\t\t\t\t<\/div>\n\t\t<\/div>\n\t\t\t\t\t<\/div>\n\t\t<\/section>\n\t\t\t\t<\/div>\n\t\t\n<h2>Tipos comunes de lesiones de mu\u00f1eca<\/h2>\n<p>Las lesiones de mu\u00f1eca provocadas por accidentes de tr\u00e1fico pueden ser de varios tipos:<\/p>\n<p><strong>Fracturas<\/strong>: A menudo, se trata de fracturas del radio distal, que es el extremo del hueso mayor del brazo situado en el lado del pulgar de la mu\u00f1eca. Los impactos m\u00e1s graves pueden provocar fracturas de varios huesos de la mu\u00f1eca.<\/p>\n<p><strong>Esguinces<\/strong>: Estas lesiones se producen cuando los ligamentos que sostienen la mu\u00f1eca se estiran excesivamente o se rompen.<\/p>\n<p><strong>Luxaciones<\/strong>: Esta afecci\u00f3n se produce cuando uno o m\u00e1s huesos de la mu\u00f1eca son forzados fuera de su posici\u00f3n normal.<\/p>\n<p><strong>Da\u00f1os en los tendones<\/strong>: Los tendones que rodean la mu\u00f1eca pueden da\u00f1arse o inflamarse.<\/p>\n<p><strong>Da\u00f1os en los nervios<\/strong>: El trauma de los accidentes de coche tambi\u00e9n puede afectar a los nervios de la mu\u00f1eca, causando dolor, debilidad o entumecimiento.<\/p>\n<p>En Apex Orthopaedics Spine &amp; Neurology, abordamos estos diversos tipos de lesiones de mu\u00f1eca con tratamientos espec\u00edficos dise\u00f1ados para restaurar la funci\u00f3n y reducir las molestias.<\/p>\n<h2>Signos de lesiones en la mu\u00f1eca<\/h2>\n<p>Los s\u00edntomas de las lesiones de mu\u00f1eca por accidentes de tr\u00e1fico pueden manifestarse de la siguiente manera:<\/p>\n<ul>\n<li>Dolor e hinchaz\u00f3n en la mu\u00f1eca<\/li>\n<li>Moratones y enrojecimiento alrededor de la mu\u00f1eca<\/li>\n<li>Sensibilidad y calor en la zona lesionada<\/li>\n<li>Deformidad visible de la mu\u00f1eca<\/li>\n<li>Dificultad para mover la mu\u00f1eca o la mano<\/li>\n<li>Sensaci\u00f3n de chasquido o desgarro en el interior de la mu\u00f1eca<\/li>\n<li>Entumecimiento u hormigueo en la mano, que puede indicar da\u00f1o nervioso<\/li>\n<\/ul>\n<p>En Apex Orthopaedics Spine &amp; Neurology, evaluamos cuidadosamente estos s\u00edntomas para ofrecer opciones de tratamiento eficaces adaptadas a las necesidades espec\u00edficas de cada paciente.<\/p>\n<p><a href=\"https:\/\/www.apexosn.com\/wp-content\/uploads\/2024\/05\/shutterstock_1135214372.jpg\"><img fetchpriority=\"high\" decoding=\"async\" class=\"alignnone size-full wp-image-4472\" src=\"https:\/\/www.apexosn.com\/wp-content\/uploads\/2024\/05\/shutterstock_1135214372.jpg\" alt=\"wrist injury in North Carolina\" width=\"500\" height=\"334\" srcset=\"https:\/\/www.apexosn.com\/wp-content\/uploads\/2024\/05\/shutterstock_1135214372.jpg 500w, https:\/\/www.apexosn.com\/wp-content\/uploads\/2024\/05\/shutterstock_1135214372-300x200.jpg 300w\" sizes=\"(max-width: 500px) 100vw, 500px\" \/><\/a><\/p>\n<h2>Proceso de diagn\u00f3stico de una lesi\u00f3n de mu\u00f1eca<\/h2>\n<p>En Apex Orthopaedics Spine &amp; Neurology, el diagn\u00f3stico de una lesi\u00f3n de mu\u00f1eca comienza con un examen exhaustivo que tiene en cuenta el historial m\u00e9dico del paciente y los detalles del accidente. Las pruebas de imagen, incluyendo radiograf\u00edas, tomograf\u00edas computarizadas o resonancias magn\u00e9ticas, se utilizan con frecuencia para identificar con precisi\u00f3n la naturaleza y gravedad de la lesi\u00f3n. Estos pasos diagn\u00f3sticos son esenciales para desarrollar un plan de tratamiento eficaz adaptado a las necesidades espec\u00edficas del paciente.<\/p>\n<h2>Tratamientos eficaces para las lesiones de mu\u00f1eca<\/h2>\n<p>El enfoque del tratamiento de una lesi\u00f3n de mu\u00f1eca en Apex Orthopaedics Spine &amp; Neurology depende de la gravedad y el tipo de lesi\u00f3n, con opciones adaptadas para satisfacer las necesidades espec\u00edficas de cada paciente:<\/p>\n<h3>Tratamientos conservadores:<\/h3>\n<ul>\n<li><strong>F\u00e9rula o escayola<\/strong>: Para inmovilizar la mu\u00f1eca y facilitar la curaci\u00f3n, puede aplicarse una f\u00e9rula o escayola. \u00c9ste suele ser el tratamiento inicial para las fracturas y los esguinces graves.<\/li>\n<li><strong>Medicaci\u00f3n<\/strong>: Los antiinflamatorios no esteroideos (AINE) se utilizan para aliviar el dolor y reducir la hinchaz\u00f3n. En caso de dolor m\u00e1s intenso, pueden recetarse temporalmente analg\u00e9sicos m\u00e1s fuertes.<\/li>\n<li><strong>Fisioterapia<\/strong>: A medida que la mu\u00f1eca empieza a curarse, la fisioterapia resulta crucial para recuperar la funcionalidad. Los ejercicios est\u00e1n dise\u00f1ados para fortalecer los m\u00fasculos, mejorar la flexibilidad y minimizar el riesgo de rigidez o incapacidad a largo plazo.<\/li>\n<\/ul>\n<h3>Tratamientos intervencionistas:<\/h3>\n<p>Inyecciones de corticosteroides: Utilizadas en casos con inflamaci\u00f3n importante o afecciones cr\u00f3nicas que agravan la lesi\u00f3n, estas inyecciones ayudan a reducir la hinchaz\u00f3n y aliviar el dolor.<\/p>\n<h3>Opciones quir\u00fargicas:<\/h3>\n<ul>\n<li><strong>Reparaci\u00f3n de fracturas<\/strong>: La cirug\u00eda puede ser necesaria para realinear y estabilizar los huesos rotos utilizando clavos, placas o tornillos.<\/li>\n<li><strong>Reparaci\u00f3n de tendones<\/strong>: La intervenci\u00f3n quir\u00fargica puede ser necesaria si los tendones que rodean la mu\u00f1eca est\u00e1n da\u00f1ados.<\/li>\n<li><strong>Cirug\u00eda reconstructiva<\/strong>: Para las lesiones graves que afectan a m\u00faltiples estructuras, la cirug\u00eda reconstructiva puede ser necesaria para restaurar la anatom\u00eda normal de la mu\u00f1eca.<\/li>\n<\/ul>\n<p>En Apex Orthopaedics Spine &amp; Neurology, nos aseguramos de que cada plan de tratamiento se elabore cuidadosamente para promover una recuperaci\u00f3n \u00f3ptima y restaurar la m\u00e1xima funcionalidad.<\/p>\n<h2>Rehabilitaci\u00f3n y recuperaci\u00f3n de lesiones de mu\u00f1eca<\/h2>\n<p>La rehabilitaci\u00f3n es esencial en el tratamiento de las lesiones de mu\u00f1eca en Apex Orthopaedics Spine &amp; Neurology. Ofrecemos servicios integrales de rehabilitaci\u00f3n destinados a mejorar y acelerar la recuperaci\u00f3n. La terapia suele comenzar con ejercicios suaves de movimiento para mejorar la amplitud de movimiento, seguidos de ejercicios progresivos de fortalecimiento. El objetivo es devolver a la mu\u00f1eca la funcionalidad y la fuerza que ten\u00eda antes de la lesi\u00f3n, evitando as\u00ed problemas a largo plazo.<\/p>\n<h2>Apex Orthopaedics, columna vertebral y neurolog\u00eda: Expertos en lesiones de mu\u00f1eca<\/h2>\n<p>Apex Orthopaedics Spine &amp; Neurology cuenta con instalaciones de \u00faltima generaci\u00f3n y un equipo de especialistas ortop\u00e9dicos, cirujanos y fisioterapeutas, todos ellos expertos en el tratamiento de lesiones de mu\u00f1eca por accidentes de tr\u00e1fico. Nuestro enfoque hol\u00edstico garantiza planes de atenci\u00f3n personalizados que no s\u00f3lo abordan los problemas inmediatos, sino que tambi\u00e9n promueven recuperaciones m\u00e1s r\u00e1pidas y completas.<\/p>\n<p>Si ha sufrido una lesi\u00f3n en la mu\u00f1eca a causa de un accidente de coche, Apex Orthopaedics Spine &amp; Neurology est\u00e1 aqu\u00ed para ayudarle. Con nuestra atenci\u00f3n experta, opciones de tratamiento avanzadas y servicios de rehabilitaci\u00f3n dedicados, nos comprometemos a ayudarle a volver a sus actividades diarias sin efectos duraderos. Conf\u00ede en nosotros para proporcionar la atenci\u00f3n necesaria para curar su lesi\u00f3n en la mu\u00f1eca y restaurar su salud \u00f3ptima.<\/p>\n","protected":false},"excerpt":{"rendered":"<p>Las lesiones de mu\u00f1eca suelen producirse en accidentes de tr\u00e1fico, cuando las manos se echan instintivamente hacia delante para protegerse del impacto, sometiendo a la mu\u00f1eca a una fuerza extrema y repentina. Estas lesiones pueden variar desde esguinces leves a fracturas graves y afectar significativamente a la capacidad de la persona para llevar a cabo [&hellip;]<\/p>\n","protected":false},"author":25,"featured_media":0,"parent":0,"menu_order":0,"comment_status":"closed","ping_status":"closed","template":"","meta":{"_acf_changed":false,"footnotes":""},"categories":[],"tags":[],"class_list":["post-5117","page","type-page","status-publish","hentry"],"acf":[],"_links":{"self":[{"href":"https:\/\/www.apexosn.com\/es\/wp-json\/wp\/v2\/pages\/5117","targetHints":{"allow":["GET"]}}],"collection":[{"href":"https:\/\/www.apexosn.com\/es\/wp-json\/wp\/v2\/pages"}],"about":[{"href":"https:\/\/www.apexosn.com\/es\/wp-json\/wp\/v2\/types\/page"}],"author":[{"embeddable":true,"href":"https:\/\/www.apexosn.com\/es\/wp-json\/wp\/v2\/users\/25"}],"replies":[{"embeddable":true,"href":"https:\/\/www.apexosn.com\/es\/wp-json\/wp\/v2\/comments?post=5117"}],"version-history":[{"count":2,"href":"https:\/\/www.apexosn.com\/es\/wp-json\/wp\/v2\/pages\/5117\/revisions"}],"predecessor-version":[{"id":5119,"href":"https:\/\/www.apexosn.com\/es\/wp-json\/wp\/v2\/pages\/5117\/revisions\/5119"}],"wp:attachment":[{"href":"https:\/\/www.apexosn.com\/es\/wp-json\/wp\/v2\/media?parent=5117"}],"wp:term":[{"taxonomy":"category","embeddable":true,"href":"https:\/\/www.apexosn.com\/es\/wp-json\/wp\/v2\/categories?post=5117"},{"taxonomy":"post_tag","embeddable":true,"href":"https:\/\/www.apexosn.com\/es\/wp-json\/wp\/v2\/tags?post=5117"}],"curies":[{"name":"wp","href":"https:\/\/api.w.org\/{rel}","templated":true}]}}