{"id":5091,"date":"2024-05-14T08:56:41","date_gmt":"2024-05-14T13:56:41","guid":{"rendered":"https:\/\/www.apexosn.com\/rock-hill-sc\/rock-hill-uber-tratamiento-de-accidentes\/"},"modified":"2024-05-27T02:06:06","modified_gmt":"2024-05-27T07:06:06","slug":"rock-hill-uber-tratamiento-de-accidentes","status":"publish","type":"page","link":"https:\/\/www.apexosn.com\/es\/rock-hill-sc\/rock-hill-uber-tratamiento-de-accidentes\/","title":{"rendered":"Rock Hill Uber Tratamiento de Accidentes"},"content":{"rendered":"<p>\u00bfAlguna vez ha confiado en Uber o Lyft para un viaje seguro y c\u00f3modo en Rock Hill? Estos servicios de transporte compartido han transformado el transporte urbano, ofreciendo una alternativa a los taxis y veh\u00edculos personales. Sin embargo, con el creciente n\u00famero de veh\u00edculos de viaje compartido en la carretera, las preocupaciones sobre los accidentes, naturalmente, surgen.<\/p>\n<p>Aqu\u00ed en Apex Orthopaedics Spine &amp; Neurology, entendemos el desgaste f\u00edsico y emocional que un accidente puede tener. Si usted ha estado en un accidente de Uber en Rock Hill, nuestro equipo de profesionales m\u00e9dicos dedicados est\u00e1 aqu\u00ed para proporcionar una atenci\u00f3n integral y compasiva para volver al camino de la recuperaci\u00f3n. \u00a1Ll\u00e1menos al <a href=\"tel:+17044123045\"><i class=\"fa fa-phone-alt\"><\/i>704-412-3045<\/a> para programar una cita!<\/p>\n\t\t<div data-elementor-type=\"section\" data-elementor-id=\"208\" class=\"elementor elementor-208\" data-elementor-post-type=\"elementor_library\">\n\t\t\t\t\t<section class=\"elementor-section elementor-top-section elementor-element elementor-element-485e576a elementor-section-boxed elementor-section-height-default elementor-section-height-default\" data-id=\"485e576a\" data-element_type=\"section\" data-e-type=\"section\">\n\t\t\t\t\t\t<div class=\"elementor-container elementor-column-gap-default\">\n\t\t\t\t\t<div class=\"elementor-column elementor-col-100 elementor-top-column elementor-element elementor-element-635c38c0\" data-id=\"635c38c0\" data-element_type=\"column\" data-e-type=\"column\">\n\t\t\t<div class=\"elementor-widget-wrap elementor-element-populated\">\n\t\t\t\t\t\t<div class=\"elementor-element elementor-element-3ba95c8a elementor-toc--minimized-on-tablet elementor-widget elementor-widget-table-of-contents\" data-id=\"3ba95c8a\" data-element_type=\"widget\" data-e-type=\"widget\" data-settings=\"{&quot;exclude_headings_by_selector&quot;:&quot;.toc-remove&quot;,&quot;headings_by_tags&quot;:[&quot;h2&quot;,&quot;h3&quot;],&quot;marker_view&quot;:&quot;numbers&quot;,&quot;no_headings_message&quot;:&quot;No se ha encontrado ning\\u00fan encabezado en esta p\\u00e1gina.&quot;,&quot;minimize_box&quot;:&quot;yes&quot;,&quot;minimized_on&quot;:&quot;tablet&quot;,&quot;hierarchical_view&quot;:&quot;yes&quot;,&quot;min_height&quot;:{&quot;unit&quot;:&quot;px&quot;,&quot;size&quot;:&quot;&quot;,&quot;sizes&quot;:[]},&quot;min_height_laptop&quot;:{&quot;unit&quot;:&quot;px&quot;,&quot;size&quot;:&quot;&quot;,&quot;sizes&quot;:[]},&quot;min_height_tablet&quot;:{&quot;unit&quot;:&quot;px&quot;,&quot;size&quot;:&quot;&quot;,&quot;sizes&quot;:[]},&quot;min_height_mobile&quot;:{&quot;unit&quot;:&quot;px&quot;,&quot;size&quot;:&quot;&quot;,&quot;sizes&quot;:[]}}\" data-widget_type=\"table-of-contents.default\">\n\t\t\t\t\t\t\t\t\t<div class=\"elementor-toc__header\">\n\t\t\t\t\t\t<div class=\"elementor-toc__header-title\">\n\t\t\t\tTable of Contents\t\t\t<\/div>\n\t\t\t\t\t\t\t\t\t\t<div class=\"elementor-toc__toggle-button elementor-toc__toggle-button--expand\" role=\"button\" tabindex=\"0\" aria-controls=\"elementor-toc__3ba95c8a\" aria-expanded=\"true\" aria-label=\"Abrir la tabla de contenidos\"><svg aria-hidden=\"true\" class=\"e-font-icon-svg e-fas-chevron-down\" viewBox=\"0 0 448 512\" xmlns=\"http:\/\/www.w3.org\/2000\/svg\"><path d=\"M207.029 381.476L12.686 187.132c-9.373-9.373-9.373-24.569 0-33.941l22.667-22.667c9.357-9.357 24.522-9.375 33.901-.04L224 284.505l154.745-154.021c9.379-9.335 24.544-9.317 33.901.04l22.667 22.667c9.373 9.373 9.373 24.569 0 33.941L240.971 381.476c-9.373 9.372-24.569 9.372-33.942 0z\"><\/path><\/svg><\/div>\n\t\t\t\t<div class=\"elementor-toc__toggle-button elementor-toc__toggle-button--collapse\" role=\"button\" tabindex=\"0\" aria-controls=\"elementor-toc__3ba95c8a\" aria-expanded=\"true\" aria-label=\"Cerrar la tabla de contenidos\"><svg aria-hidden=\"true\" class=\"e-font-icon-svg e-fas-chevron-up\" viewBox=\"0 0 448 512\" xmlns=\"http:\/\/www.w3.org\/2000\/svg\"><path d=\"M240.971 130.524l194.343 194.343c9.373 9.373 9.373 24.569 0 33.941l-22.667 22.667c-9.357 9.357-24.522 9.375-33.901.04L224 227.495 69.255 381.516c-9.379 9.335-24.544 9.317-33.901-.04l-22.667-22.667c-9.373-9.373-9.373-24.569 0-33.941L207.03 130.525c9.372-9.373 24.568-9.373 33.941-.001z\"><\/path><\/svg><\/div>\n\t\t\t\t\t<\/div>\n\t\t\t\t<div id=\"elementor-toc__3ba95c8a\" class=\"elementor-toc__body\">\n\t\t\t<div class=\"elementor-toc__spinner-container\">\n\t\t\t\t<svg class=\"elementor-toc__spinner eicon-animation-spin e-font-icon-svg e-eicon-loading\" aria-hidden=\"true\" viewBox=\"0 0 1000 1000\" xmlns=\"http:\/\/www.w3.org\/2000\/svg\"><path d=\"M500 975V858C696 858 858 696 858 500S696 142 500 142 142 304 142 500H25C25 237 238 25 500 25S975 237 975 500 763 975 500 975Z\"><\/path><\/svg>\t\t\t<\/div>\n\t\t<\/div>\n\t\t\t\t\t\t<\/div>\n\t\t\t\t\t<\/div>\n\t\t<\/div>\n\t\t\t\t\t<\/div>\n\t\t<\/section>\n\t\t\t\t<\/div>\n\t\t\n<h2>Estad\u00edsticas de accidentes de Uber y Lyft<\/h2>\n<p>Aunque compartir coche ofrece una comodidad innegable, es crucial reconocer los riesgos potenciales. Por desgracia, las estad\u00edsticas nacionales muestran un panorama preocupante. Factores como el aumento de la congesti\u00f3n y la fatiga del conductor se cree que contribuyen a un aumento de los accidentes de tr\u00e1fico con el aumento de las empresas de viajes compartidos.<\/p>\n<p>Las cifras nacionales aportan informaci\u00f3n valiosa. He aqu\u00ed un vistazo a lo que revelan las cifras.<\/p>\n<p>Un estudio de la Universidad de Chicago y la Universidad Rice indica un aumento del 6% en el n\u00famero de v\u00edctimas mortales desde la aparici\u00f3n de empresas de transporte compartido como Uber.<\/p>\n<p>Seg\u00fan un informe de la National Highway Traffic Safety Administration (NHTSA), los veh\u00edculos de Uber se vieron implicados en un n\u00famero significativo de accidentes no mortales, con resultado de lesiones para conductores, pasajeros y terceros.<\/p>\n<p>En un informe de seguridad de Uber, se revel\u00f3 que de 2017 a 2018, hubo 97 accidentes graves que involucraron a veh\u00edculos Uber, lo que result\u00f3 en un m\u00ednimo de 108 v\u00edctimas mortales. Un an\u00e1lisis m\u00e1s detallado de las cifras revela que el 58% de estas 108 v\u00edctimas eran otros conductores o peatones, el 21% eran pasajeros de Uber y el porcentaje restante eran los propios conductores de Uber.<\/p>\n<h2>Seguro de accidentes para veh\u00edculos compartidos: \u00bfQui\u00e9n est\u00e1 cubierto y cu\u00e1ndo?<\/h2>\n<p>A diferencia de los servicios tradicionales de taxi, las empresas de transporte compartido no suelen contratar directamente a sus conductores. Este modelo de negocio \u00fanico puede complicar el panorama de los seguros en caso de accidente. He aqu\u00ed un desglose de qui\u00e9n podr\u00eda estar cubierto en funci\u00f3n de la situaci\u00f3n.<\/p>\n<h3>Conductor desconectado de la aplicaci\u00f3n<\/h3>\n<p>Si el conductor de Uber o Lyft no estaba conectado a la aplicaci\u00f3n en el momento del accidente, su p\u00f3liza de seguro de auto personal ser\u00eda la principal fuente de cobertura. En Carolina del Sur, los conductores deben tener un seguro de responsabilidad civil m\u00ednimo que cubra $ 25,000 por lesiones corporales por individuo, $ 50,000 por lesiones por incidente y $ 25,000 en caso de da\u00f1os a la propiedad.<\/p>\n<h3>Conductor conectado, sin pasajero<\/h3>\n<p>Cuando el conductor est\u00e1 conectado a la aplicaci\u00f3n, pero no est\u00e1 transportando activamente a un pasajero, la p\u00f3liza de seguro comercial de Lyft o Uber entra en acci\u00f3n para proporcionar cobertura primaria. Estas pol\u00edticas suelen ofrecer l\u00edmites m\u00e1s altos que los requisitos m\u00ednimos del estado.<\/p>\n<p><a href=\"https:\/\/www.apexosn.com\/wp-content\/uploads\/2024\/05\/shutterstock_1158247045-min.jpg\"><img fetchpriority=\"high\" decoding=\"async\" class=\"alignnone size-full wp-image-3398\" src=\"https:\/\/www.apexosn.com\/wp-content\/uploads\/2024\/05\/shutterstock_1158247045-min.jpg\" alt=\"Concept of Rock Hill Uber Accident\" width=\"500\" height=\"333\" srcset=\"https:\/\/www.apexosn.com\/wp-content\/uploads\/2024\/05\/shutterstock_1158247045-min.jpg 500w, https:\/\/www.apexosn.com\/wp-content\/uploads\/2024\/05\/shutterstock_1158247045-min-300x200.jpg 300w\" sizes=\"(max-width: 500px) 100vw, 500px\" \/><\/a><\/p>\n<h3>Conductor con pasajero<\/h3>\n<p>Una vez que un conductor ha aceptado una solicitud de viaje y est\u00e1 transportando a un pasajero, la p\u00f3liza de seguro m\u00e1s completa de Uber o Lyft entra en vigor. Esta pol\u00edtica ofrece el m\u00e1s alto nivel de cobertura para los accidentes que se producen durante este per\u00edodo de tiempo.<\/p>\n<p>Es importante tener en cuenta que se trata de directrices generales, y los detalles espec\u00edficos de su situaci\u00f3n determinar\u00e1 qu\u00e9 p\u00f3liza de seguro se aplica. Un abogado con experiencia en lesiones personales especializado en accidentes de viaje compartido puede ayudarle a navegar por las complejidades de las reclamaciones de seguros y asegurarse de que recibe una compensaci\u00f3n justa por sus lesiones.<\/p>\n<h3>Tipos de lesiones causadas por accidentes de Uber<\/h3>\n<p>La desafortunada realidad de los accidentes de Uber y Lyft es el potencial de una amplia gama de lesiones. Estas lesiones pueden variar mucho dependiendo de la gravedad de la colisi\u00f3n y las partes involucradas. Aqu\u00ed hay un desglose de algunas lesiones comunes.<\/p>\n<h3>Latigazo cervical<\/h3>\n<p>Esta es una lesi\u00f3n com\u00fan que resulta del movimiento repentino y en\u00e9rgico de la cabeza y el cuello hacia atr\u00e1s y hacia adelante. Los s\u00edntomas pueden incluir dolor de cuello, rigidez, dolores de cabeza y mareos. Mientras que el latigazo cervical a menudo se resuelve por s\u00ed solo con el tiempo y la atenci\u00f3n adecuada, algunas personas experimentan dolor cr\u00f3nico y requieren terapia f\u00edsica u otras intervenciones.<\/p>\n<p>En Apex Orthopaedics Spine &amp; Neurology, nuestro equipo de fisioterapeutas puede desarrollar un plan de tratamiento personalizado para abordar los s\u00edntomas del latigazo cervical y restaurar la movilidad y la funci\u00f3n de su cuello.<\/p>\n<h3>Esguinces y distensiones<\/h3>\n<p>Estas lesiones implican desgarros de ligamentos o m\u00fasculos, respectivamente. Pueden producirse en varias partes del cuerpo debido al impacto de una colisi\u00f3n o a una posici\u00f3n inc\u00f3moda durante el accidente. Los esguinces y las distensiones suelen causar dolor, hinchaz\u00f3n y movilidad limitada en la zona afectada. Nuestro equipo puede proporcionar un tratamiento eficaz para los esguinces y distensiones, incluyendo el manejo del dolor, terapia f\u00edsica, y el aparato ortop\u00e9dico si es necesario.<\/p>\n<h3>Fracturas<\/h3>\n<p>La fuerza de un accidente de tr\u00e1fico puede causar fracturas en cualquier hueso del cuerpo. Dependiendo de la gravedad de la fractura, las opciones de tratamiento pueden incluir la inmovilizaci\u00f3n en un yeso, f\u00e9rula o cabestrillo, o cirug\u00eda para reparar la fractura.<\/p>\n<p>Aqu\u00ed, en Apex Orthopaedics Spine &amp; Neurology, nuestro equipo de cirujanos ortop\u00e9dicos experimentados puede proporcionar una atenci\u00f3n integral para las fracturas, desde el diagn\u00f3stico inicial y la planificaci\u00f3n del tratamiento hasta la cirug\u00eda y la rehabilitaci\u00f3n.<\/p>\n<h3>Lesiones en la cabeza<\/h3>\n<p>Las conmociones cerebrales son lesiones cerebrales traum\u00e1ticas leves (TBI) que pueden causar una variedad de s\u00edntomas, incluyendo dolores de cabeza, mareos, n\u00e1useas, confusi\u00f3n y problemas de memoria. Aunque la mayor\u00eda de las conmociones cerebrales se resuelven en unas semanas o meses, es fundamental someterse a una evaluaci\u00f3n m\u00e9dica tras un traumatismo craneoencef\u00e1lico para descartar cualquier complicaci\u00f3n.<\/p>\n<p>En los accidentes m\u00e1s graves, los choques automovil\u00edsticos pueden provocar TCE graves que pueden tener consecuencias duraderas. Estas lesiones pueden provocar discapacidades cognitivas o f\u00edsicas permanentes. Si usted ha sufrido una lesi\u00f3n en la cabeza en un accidente de Uber, buscar atenci\u00f3n m\u00e9dica inmediata es fundamental. El diagn\u00f3stico y la intervenci\u00f3n tempranos pueden mejorar significativamente su pron\u00f3stico.<\/p>\n<h3>Lesiones medulares<\/h3>\n<p>Se encuentran entre las consecuencias m\u00e1s devastadoras de los accidentes de tr\u00e1fico. Estas lesiones pueden causar par\u00e1lisis parcial o completa, en funci\u00f3n de la ubicaci\u00f3n, as\u00ed como la gravedad de los da\u00f1os. Si usted sospecha una lesi\u00f3n de la m\u00e9dula espinal despu\u00e9s de un accidente de coche compartido, es vital buscar atenci\u00f3n m\u00e9dica de emergencia inmediatamente.<\/p>\n<p>Nuestros neur\u00f3logos y m\u00e9dicos ortop\u00e9dicos pueden trabajar en colaboraci\u00f3n con especialistas en rehabilitaci\u00f3n para proporcionar una atenci\u00f3n integral y apoyo a lo largo de su viaje de recuperaci\u00f3n.<\/p>\n<h2>\u00bfQu\u00e9 debe hacer despu\u00e9s de un accidente de Uber?<\/h2>\n<p>Si usted ha estado involucrado en un accidente de Uber o Lyft en Rock Hill, aqu\u00ed est\u00e1n los pasos cr\u00edticos a seguir.<\/p>\n<h3>Garantizar la seguridad<\/h3>\n<p>La primera prioridad es garantizar su seguridad y la de todos los involucrados en el accidente. Si hay heridos, llame al 911 inmediatamente.<\/p>\n<p><a href=\"https:\/\/www.apexosn.com\/wp-content\/uploads\/2024\/05\/shutterstock_519241105-min.jpg\"><img decoding=\"async\" class=\"alignnone size-full wp-image-3407\" src=\"https:\/\/www.apexosn.com\/wp-content\/uploads\/2024\/05\/shutterstock_519241105-min.jpg\" alt=\"Uber Accident in Rock Hill SC\" width=\"500\" height=\"334\" srcset=\"https:\/\/www.apexosn.com\/wp-content\/uploads\/2024\/05\/shutterstock_519241105-min.jpg 500w, https:\/\/www.apexosn.com\/wp-content\/uploads\/2024\/05\/shutterstock_519241105-min-300x200.jpg 300w\" sizes=\"(max-width: 500px) 100vw, 500px\" \/><\/a><\/p>\n<h3>Documente la escena<\/h3>\n<p>Haz fotos de los da\u00f1os sufridos por los veh\u00edculos, de las heridas visibles y de la zona circundante. Si es posible, recaba informaci\u00f3n de los testigos, incluidos sus nombres y datos de contacto.<\/p>\n<h3>Busca atenci\u00f3n m\u00e9dica<\/h3>\n<p>No dudes en buscar atenci\u00f3n m\u00e9dica, aunque tus lesiones parezcan leves al principio. La adrenalina puede ocultar el verdadero alcance de sus lesiones, y una evaluaci\u00f3n m\u00e9dica es crucial para su salud y sus posibles reclamaciones legales. Aqu\u00ed en Apex Orthopaedics Spine &amp; Neurology, entendemos la importancia de una evaluaci\u00f3n m\u00e9dica completa despu\u00e9s de un accidente.<\/p>\n<p>Nuestro equipo de m\u00e9dicos y especialistas experimentados realizar\u00e1 un examen exhaustivo para diagnosticar cualquier lesi\u00f3n que pueda haber sufrido y crear un plan de tratamiento personalizado para que vuelva a sentirse lo mejor posible.<\/p>\n<h3>Informe del accidente<\/h3>\n<p>Presentar un informe de accidente con la empresa de viajes compartidos involucrados (Uber o Lyft). Tambi\u00e9n debe reportar el accidente a la polic\u00eda.<\/p>\n<h3>P\u00f3ngase en contacto con un abogado de accidentes de Uber<\/h3>\n<p>Un abogado con experiencia en lesiones personales especializado en accidentes de viajes compartidos puede guiarle a trav\u00e9s del proceso legal. Ellos pueden ayudarle a entender sus derechos, presentar reclamaciones de seguros, y asegurarse de que recibe una compensaci\u00f3n justa por sus lesiones.<\/p>\n<h2>\u00a1Obtenga un tratamiento excepcional en Rock Hill, SC!<\/h2>\n<p>Los servicios de transporte compartido pueden ser una manera conveniente de moverse, pero es vital ser consciente de los riesgos potenciales. Mediante la comprensi\u00f3n de las estad\u00edsticas y los tipos de lesiones que pueden ocurrir en accidentes de Uber, usted puede tomar decisiones informadas acerca de sus opciones de transporte. D\u00e9 prioridad a la seguridad eligiendo empresas de transporte compartido de confianza y asegur\u00e1ndose de que el conductor tiene la licencia y el seguro adecuados.<\/p>\n<p>En el desafortunado caso de un accidente, recuerde que usted no tiene que navegar por las secuelas solo. Apex Orthopaedics Spine &amp; Neurology est\u00e1 aqu\u00ed para usted. Nuestro equipo de profesionales m\u00e9dicos est\u00e1 aqu\u00ed para proporcionar atenci\u00f3n m\u00e9dica integral, y podemos ponerle en contacto con un abogado con experiencia en lesiones personales para asegurarse de que recibe una compensaci\u00f3n justa por sus lesiones.<\/p>\n<p>No dude en tomar medidas para proteger su bienestar. Si usted ha estado en un accidente de viaje compartido en Rock Hill, SC, ll\u00e1menos al <a href=\"tel:+17044123045\"><i class=\"fa fa-phone-alt\"><\/i>704-412-3045<\/a> hoy para programar una consulta y comenzar su camino hacia la recuperaci\u00f3n.<\/p>\n","protected":false},"excerpt":{"rendered":"<p>\u00bfAlguna vez ha confiado en Uber o Lyft para un viaje seguro y c\u00f3modo en Rock Hill? Estos servicios de transporte compartido han transformado el transporte urbano, ofreciendo una alternativa a los taxis y veh\u00edculos personales. Sin embargo, con el creciente n\u00famero de veh\u00edculos de viaje compartido en la carretera, las preocupaciones sobre los accidentes, [&hellip;]<\/p>\n","protected":false},"author":6,"featured_media":0,"parent":2735,"menu_order":0,"comment_status":"closed","ping_status":"closed","template":"","meta":{"_acf_changed":false,"footnotes":""},"categories":[],"tags":[],"class_list":["post-5091","page","type-page","status-publish","hentry"],"acf":[],"_links":{"self":[{"href":"https:\/\/www.apexosn.com\/es\/wp-json\/wp\/v2\/pages\/5091","targetHints":{"allow":["GET"]}}],"collection":[{"href":"https:\/\/www.apexosn.com\/es\/wp-json\/wp\/v2\/pages"}],"about":[{"href":"https:\/\/www.apexosn.com\/es\/wp-json\/wp\/v2\/types\/page"}],"author":[{"embeddable":true,"href":"https:\/\/www.apexosn.com\/es\/wp-json\/wp\/v2\/users\/6"}],"replies":[{"embeddable":true,"href":"https:\/\/www.apexosn.com\/es\/wp-json\/wp\/v2\/comments?post=5091"}],"version-history":[{"count":2,"href":"https:\/\/www.apexosn.com\/es\/wp-json\/wp\/v2\/pages\/5091\/revisions"}],"predecessor-version":[{"id":5093,"href":"https:\/\/www.apexosn.com\/es\/wp-json\/wp\/v2\/pages\/5091\/revisions\/5093"}],"up":[{"embeddable":true,"href":"https:\/\/www.apexosn.com\/es\/wp-json\/wp\/v2\/pages\/2735"}],"wp:attachment":[{"href":"https:\/\/www.apexosn.com\/es\/wp-json\/wp\/v2\/media?parent=5091"}],"wp:term":[{"taxonomy":"category","embeddable":true,"href":"https:\/\/www.apexosn.com\/es\/wp-json\/wp\/v2\/categories?post=5091"},{"taxonomy":"post_tag","embeddable":true,"href":"https:\/\/www.apexosn.com\/es\/wp-json\/wp\/v2\/tags?post=5091"}],"curies":[{"name":"wp","href":"https:\/\/api.w.org\/{rel}","templated":true}]}}