{"id":5085,"date":"2024-05-14T09:35:24","date_gmt":"2024-05-14T14:35:24","guid":{"rendered":"https:\/\/www.apexosn.com\/rock-hill-sc\/fisioterapia-rock-hill\/"},"modified":"2024-05-27T01:53:18","modified_gmt":"2024-05-27T06:53:18","slug":"fisioterapia-rock-hill","status":"publish","type":"page","link":"https:\/\/www.apexosn.com\/es\/rock-hill-sc\/fisioterapia-rock-hill\/","title":{"rendered":"Fisioterapia Rock Hill"},"content":{"rendered":"<p>El dolor de espalda, el dolor de cuello, el entumecimiento y la debilidad no son s\u00f3lo s\u00edntomas, son obst\u00e1culos para la vida que desea vivir. En Apex Orthopaedics Spine &amp; Neurology, vemos m\u00e1s all\u00e1 del diagn\u00f3stico. Te vemos &#8211; una persona con metas, pasiones, y el deseo de moverse libremente de nuevo.<\/p>\n<p>Nuestros fisioterapeutas Rock Hill son expertos en el intrincado funcionamiento de la columna vertebral y el sistema nervioso. Ellos crear\u00e1n un plan personalizado para hacer frente a sus desaf\u00edos espec\u00edficos, utilizando t\u00e9cnicas pr\u00e1cticas, ejercicios espec\u00edficos, y la educaci\u00f3n para empoderar a usted en su camino hacia la recuperaci\u00f3n.<\/p>\n<p>Sabemos que lo \u00faltimo que quiere es que su dolor le retenga por m\u00e1s tiempo. Llame a Apex Orthopaedics Spine &amp; Neurology al <a href=\"tel:+17044123045\"><i class=\"fa fa-phone-alt\"><\/i>704-412-3045<\/a> y empecemos a reconstruir su vida, movimiento a movimiento.<\/p>\n\t\t<div data-elementor-type=\"section\" data-elementor-id=\"208\" class=\"elementor elementor-208\" data-elementor-post-type=\"elementor_library\">\n\t\t\t\t\t<section class=\"elementor-section elementor-top-section elementor-element elementor-element-485e576a elementor-section-boxed elementor-section-height-default elementor-section-height-default\" data-id=\"485e576a\" data-element_type=\"section\" data-e-type=\"section\">\n\t\t\t\t\t\t<div class=\"elementor-container elementor-column-gap-default\">\n\t\t\t\t\t<div class=\"elementor-column elementor-col-100 elementor-top-column elementor-element elementor-element-635c38c0\" data-id=\"635c38c0\" data-element_type=\"column\" data-e-type=\"column\">\n\t\t\t<div class=\"elementor-widget-wrap elementor-element-populated\">\n\t\t\t\t\t\t<div class=\"elementor-element elementor-element-3ba95c8a elementor-toc--minimized-on-tablet elementor-widget elementor-widget-table-of-contents\" data-id=\"3ba95c8a\" data-element_type=\"widget\" data-e-type=\"widget\" data-settings=\"{&quot;exclude_headings_by_selector&quot;:&quot;.toc-remove&quot;,&quot;headings_by_tags&quot;:[&quot;h2&quot;,&quot;h3&quot;],&quot;marker_view&quot;:&quot;numbers&quot;,&quot;no_headings_message&quot;:&quot;No headings were found on this page.&quot;,&quot;minimize_box&quot;:&quot;yes&quot;,&quot;minimized_on&quot;:&quot;tablet&quot;,&quot;hierarchical_view&quot;:&quot;yes&quot;,&quot;min_height&quot;:{&quot;unit&quot;:&quot;px&quot;,&quot;size&quot;:&quot;&quot;,&quot;sizes&quot;:[]},&quot;min_height_laptop&quot;:{&quot;unit&quot;:&quot;px&quot;,&quot;size&quot;:&quot;&quot;,&quot;sizes&quot;:[]},&quot;min_height_tablet&quot;:{&quot;unit&quot;:&quot;px&quot;,&quot;size&quot;:&quot;&quot;,&quot;sizes&quot;:[]},&quot;min_height_mobile&quot;:{&quot;unit&quot;:&quot;px&quot;,&quot;size&quot;:&quot;&quot;,&quot;sizes&quot;:[]}}\" data-widget_type=\"table-of-contents.default\">\n\t\t\t\t\t\t\t\t\t<div class=\"elementor-toc__header\">\n\t\t\t\t\t\t<div class=\"elementor-toc__header-title\">\n\t\t\t\tTable of Contents\t\t\t<\/div>\n\t\t\t\t\t\t\t\t\t\t<div class=\"elementor-toc__toggle-button elementor-toc__toggle-button--expand\" role=\"button\" tabindex=\"0\" aria-controls=\"elementor-toc__3ba95c8a\" aria-expanded=\"true\" aria-label=\"Open table of contents\"><svg aria-hidden=\"true\" class=\"e-font-icon-svg e-fas-chevron-down\" viewBox=\"0 0 448 512\" xmlns=\"http:\/\/www.w3.org\/2000\/svg\"><path d=\"M207.029 381.476L12.686 187.132c-9.373-9.373-9.373-24.569 0-33.941l22.667-22.667c9.357-9.357 24.522-9.375 33.901-.04L224 284.505l154.745-154.021c9.379-9.335 24.544-9.317 33.901.04l22.667 22.667c9.373 9.373 9.373 24.569 0 33.941L240.971 381.476c-9.373 9.372-24.569 9.372-33.942 0z\"><\/path><\/svg><\/div>\n\t\t\t\t<div class=\"elementor-toc__toggle-button elementor-toc__toggle-button--collapse\" role=\"button\" tabindex=\"0\" aria-controls=\"elementor-toc__3ba95c8a\" aria-expanded=\"true\" aria-label=\"Close table of contents\"><svg aria-hidden=\"true\" class=\"e-font-icon-svg e-fas-chevron-up\" viewBox=\"0 0 448 512\" xmlns=\"http:\/\/www.w3.org\/2000\/svg\"><path d=\"M240.971 130.524l194.343 194.343c9.373 9.373 9.373 24.569 0 33.941l-22.667 22.667c-9.357 9.357-24.522 9.375-33.901.04L224 227.495 69.255 381.516c-9.379 9.335-24.544 9.317-33.901-.04l-22.667-22.667c-9.373-9.373-9.373-24.569 0-33.941L207.03 130.525c9.372-9.373 24.568-9.373 33.941-.001z\"><\/path><\/svg><\/div>\n\t\t\t\t\t<\/div>\n\t\t\t\t<div id=\"elementor-toc__3ba95c8a\" class=\"elementor-toc__body\">\n\t\t\t<div class=\"elementor-toc__spinner-container\">\n\t\t\t\t<svg class=\"elementor-toc__spinner eicon-animation-spin e-font-icon-svg e-eicon-loading\" aria-hidden=\"true\" viewBox=\"0 0 1000 1000\" xmlns=\"http:\/\/www.w3.org\/2000\/svg\"><path d=\"M500 975V858C696 858 858 696 858 500S696 142 500 142 142 304 142 500H25C25 237 238 25 500 25S975 237 975 500 763 975 500 975Z\"><\/path><\/svg>\t\t\t<\/div>\n\t\t<\/div>\n\t\t\t\t\t\t<\/div>\n\t\t\t\t\t<\/div>\n\t\t<\/div>\n\t\t\t\t\t<\/div>\n\t\t<\/section>\n\t\t\t\t<\/div>\n\t\t\n<h2>\u00bfQu\u00e9 es la fisioterapia?<\/h2>\n<p>La fisioterapia no es s\u00f3lo un complemento en Apex Orthopaedics Spine &amp; Neurology &#8211; es el coraz\u00f3n de c\u00f3mo cuidamos de su columna vertebral y el sistema nervioso. Sabemos que cada persona es diferente, por lo que si usted est\u00e1 en la curaci\u00f3n de la cirug\u00eda, hacer frente a algo que ha estado molestando por un tiempo, o se lesion\u00f3 recientemente, tenemos la espalda.<\/p>\n<p>Nuestro equipo de fisioterapeutas experimentados en Rock Hill, SC tiene toda una caja de herramientas de t\u00e9cnicas probadas para trabajar. Vamos a trabajar juntos para encontrar lo que es mejor para usted, para que pueda moverse mejor, sentir menos dolor, y simplemente disfrutar m\u00e1s de la vida.<\/p>\n<p>Tenemos toda una gama de herramientas para ayudarte a recuperarte y sentirte mejor. Piensa en ello como un kit de herramientas personalizado, con opciones como las siguientes.<\/p>\n<h3>Ejercicios espec\u00edficos<\/h3>\n<p>Dise\u00f1aremos ejercicios espec\u00edficos para usted. No hay una talla \u00fanica para todos. Hablamos de movimientos que fortalecen los puntos d\u00e9biles, te relajan donde est\u00e1s tenso y hacen que te muevas como tu cuerpo debe moverse.<\/p>\n<h3>Terapia pr\u00e1ctica<\/h3>\n<p>La terapia manual puede marcar la diferencia. Nuestros terapeutas son expertos en t\u00e9cnicas que pueden aliviar el dolor, mejorar el movimiento de las articulaciones y poner en marcha el proceso de curaci\u00f3n natural del cuerpo.<\/p>\n<p><a href=\"https:\/\/www.apexosn.com\/wp-content\/uploads\/2024\/05\/shutterstock_435746674-min.jpg\"><img fetchpriority=\"high\" decoding=\"async\" class=\"alignnone size-full wp-image-3271\" src=\"https:\/\/www.apexosn.com\/wp-content\/uploads\/2024\/05\/shutterstock_435746674-min.jpg\" alt=\"Physical Therapy in Rock Hill, SC\" width=\"500\" height=\"334\" srcset=\"https:\/\/www.apexosn.com\/wp-content\/uploads\/2024\/05\/shutterstock_435746674-min.jpg 500w, https:\/\/www.apexosn.com\/wp-content\/uploads\/2024\/05\/shutterstock_435746674-min-300x200.jpg 300w\" sizes=\"(max-width: 500px) 100vw, 500px\" \/><\/a><\/p>\n<h3>Calor, hielo y estimulaci\u00f3n el\u00e9ctrica<\/h3>\n<p>El calor, el hielo o la estimulaci\u00f3n el\u00e9ctrica suave pueden proporcionar un apoyo adicional. S\u00f3lo los utilizamos cuando tienen sentido para su situaci\u00f3n espec\u00edfica, y pueden ayudar realmente a aliviar el dolor y conseguir que los m\u00fasculos se relajen.<\/p>\n<h3>Su conocimiento y comprensi\u00f3n<\/h3>\n<p>Creemos que usted es la parte m\u00e1s importante de este proceso. Nos tomaremos el tiempo para explicarle todo lo que necesita saber sobre su enfermedad, ense\u00f1arle la forma correcta de moverse y compartir consejos sobre c\u00f3mo cuidar de s\u00ed mismo para que pueda seguir sinti\u00e9ndose bien.<\/p>\n<p>En Apex, su viaje con nosotros comienza con una conversaci\u00f3n, no con un portapapeles. Realmente queremos escuchar su historia, entender sus luchas, y tener una idea de la vida que desea volver a. M\u00e1s all\u00e1 de tratar su enfermedad, se trata de conocerle.<\/p>\n<p>As\u00ed es como elaboramos un plan de fisioterapia que es tan \u00fanico como usted. Estableceremos objetivos que sean importantes para usted y, a continuaci\u00f3n, nos remangaremos y nos pondremos a trabajar juntos. El objetivo no es s\u00f3lo para superar el dolor o limitaciones, sino para ayudarle a redescubrir lo que su cuerpo es capaz de hacer y encontrar la alegr\u00eda en movimiento de nuevo.<\/p>\n<h2>Las mejores pr\u00e1cticas para el tratamiento de fisioterapia<\/h2>\n<p>Mientras que nuestros fisioterapeutas son los mejores que puede encontrar en Rock Hill, nuestros esfuerzos s\u00f3lo ser\u00e1n tan eficaces como su participaci\u00f3n. Es un esfuerzo de equipo, y estamos aqu\u00ed para guiarle y apoyarle en su camino hacia la recuperaci\u00f3n completa.<\/p>\n<p>Esto es lo que puede hacer para aprovechar al m\u00e1ximo nuestro tiempo juntos.<\/p>\n<h3>Sea constante<\/h3>\n<p>Un buen punto de partida es asegurarse de acudir a sus citas. Adem\u00e1s, hacer los ejercicios en casa aunque no te sientas bien puede marcar una gran diferencia. La vida puede interponerse en el camino, pero ser constante es la salsa secreta para progresar.<\/p>\n<h3>Comun\u00edquese con nosotros<\/h3>\n<p>Nuestros fisioterapeutas est\u00e1n siempre dispuestos a escuchar. No dude en expresar sus preocupaciones, preguntas y c\u00f3mo se siente. Cuanto m\u00e1s sepamos, mejor podremos adaptar su terapia a sus necesidades y preferencias individuales. \u00a1Somos todo o\u00eddos!<\/p>\n<h3>Establezca objetivos realistas<\/h3>\n<p>Una de las primeras cosas que vamos a trabajar juntos es identificar lo que significa el \u00e9xito para usted. Tus objetivos deben ser estimulantes para que salgas de tu zona de confort, pero lo suficientemente alcanzables para motivarte a seguir trabajando. Se trata de esas peque\u00f1as victorias que te mantienen motivado y te hacen avanzar.<\/p>\n<h3>Vigila tus h\u00e1bitos alimentarios y de sue\u00f1o<\/h3>\n<p>Claro que el ejercicio es crucial, pero veamos el panorama general. \u00bfQu\u00e9 comes? \u00bfC\u00f3mo duermes? \u00bfEst\u00e1s estresado? Estas cosas pueden afectar a tu recuperaci\u00f3n, as\u00ed que exploraremos formas de optimizar tu bienestar general.<\/p>\n<h3>Tome nota de su viaje<\/h3>\n<p>Aunque no lo parezca, llevar un diario para registrar tus progresos puede ser sorprendentemente \u00fatil. Anota los cambios en el dolor, lo bien que te mueves o cualquier otra observaci\u00f3n. Es una herramienta valiosa para que ambos podamos controlar tus progresos y ajustar tu plan de tratamiento seg\u00fan sea necesario.<\/p>\n<h3>Dale tiempo<\/h3>\n<p>La curaci\u00f3n lleva su tiempo y los altibajos forman parte del proceso de recuperaci\u00f3n. S\u00e9 amable contigo mismo, celebra las peque\u00f1as victorias y conf\u00eda en el proceso. Estamos en esto a largo plazo, y su paciencia y perseverancia dar\u00e1n sus frutos.<\/p>\n<p><a href=\"https:\/\/www.apexosn.com\/wp-content\/uploads\/2024\/05\/shutterstock_1177541623-min-1.jpg\"><img decoding=\"async\" class=\"alignnone size-full wp-image-3273\" src=\"https:\/\/www.apexosn.com\/wp-content\/uploads\/2024\/05\/shutterstock_1177541623-min-1.jpg\" alt=\"Rock Hill Physical Therapist\" width=\"500\" height=\"334\" srcset=\"https:\/\/www.apexosn.com\/wp-content\/uploads\/2024\/05\/shutterstock_1177541623-min-1.jpg 500w, https:\/\/www.apexosn.com\/wp-content\/uploads\/2024\/05\/shutterstock_1177541623-min-1-300x200.jpg 300w\" sizes=\"(max-width: 500px) 100vw, 500px\" \/><\/a><\/p>\n<h2>Se\u00f1ales de alarma a tener en cuenta al elegir al mejor fisioterapeuta<\/h2>\n<p>Al principio, es f\u00e1cil pensar que encontrar al fisioterapeuta adecuado deber\u00eda ser f\u00e1cil. Pero puede acabar teniendo una experiencia terrible si no investiga adecuadamente. Es cierto que hay montones de fisioterapeutas cualificados, pero encontrar al que se adapte a usted y a sus necesidades espec\u00edficas puede ser como encontrar una aguja en un pajar. Analicemos algunas se\u00f1ales de alarma para ayudarte a evitar a los fisioterapeutas que podr\u00edan hacerte m\u00e1s mal que bien.<\/p>\n<h3>Lo sabe todo pero no sabe c\u00f3mo hacerlo<\/h3>\n<p>Si un fisioterapeuta presume de ser capaz de tratar cualquier cosa, pero carece de experiencia o formaci\u00f3n espec\u00edfica en afecciones neurol\u00f3gicas y de la columna vertebral, ah\u00f3rrese el tiempo y siga adelante. Usted necesita a alguien que entienda los problemas espec\u00edficos a los que se enfrenta, no una soluci\u00f3n \u00fanica para todos.<\/p>\n<h3>Copiar y pegar planes de tratamiento<\/h3>\n<p>No existe una plantilla para tratar los problemas de la columna vertebral. Pero ver\u00e1s que hay fisioterapeutas que parecen m\u00e1s interesados en seguir un protocolo gen\u00e9rico que en profundizar en tus necesidades y objetivos individuales. Esto es un claro indicio de que no vas a recibir la atenci\u00f3n personalizada que te mereces.<\/p>\n<h3>Comunicaci\u00f3n ineficaz<\/h3>\n<p>Es frecuente o\u00edr a los pacientes quejarse de que su terapeuta no escucha sus preocupaciones, y mucho menos les explica las cosas con claridad o responde a sus preguntas a fondo. Busque a alguien que realmente le escuche y le haga sentirse escuchado.<\/p>\n<h3>Promesas exageradas<\/h3>\n<p>Cualquiera que le garantice una cura milagrosa o le prometa resultados poco realistas probablemente s\u00f3lo est\u00e9 intentando seducirle. La curaci\u00f3n requiere tiempo, esfuerzo y, a menudo, algunos contratiempos. Un terapeuta de confianza ser\u00e1 honesto y transparente sobre lo que puede esperar en su camino hacia la recuperaci\u00f3n.<\/p>\n<h3>La venta dif\u00edcil<\/h3>\n<p>Si un terapeuta te presiona para que te comprometas a un plan de tratamiento a largo plazo o a servicios caros antes de que hayas tenido la oportunidad de pensarlo, pasa al siguiente terapeuta de tu lista. Un buen terapeuta te dar\u00e1 el espacio y el tiempo necesarios para tomar una decisi\u00f3n informada.<\/p>\n<h3>Malas cr\u00edticas<\/h3>\n<p>Unas pocas cr\u00edticas negativas en Internet no deber\u00edan ser un problema, pero si un terapeuta parece tener un rastro de pacientes descontentos, es se\u00f1al de que algo no va bien. Presta atenci\u00f3n a lo que la gente dice sobre su estilo de comunicaci\u00f3n, su trato y su eficacia en general.<\/p>\n<p>Recuerde que se trata de su cuerpo y de su recuperaci\u00f3n. No te conformes con un fisioterapeuta que te d\u00e9 malas vibraciones o que no parezca tener en cuenta tus intereses. T\u00f3mate tu tiempo, conf\u00eda en tu instinto y encuentra a alguien con quien te sientas c\u00f3modo y en quien conf\u00edes.<\/p>\n<h2>Experimente la mejor terapia f\u00edsica en Rock Hill<\/h2>\n<p>Vemos la terapia f\u00edsica de manera diferente en Apex Orthopaedics. Para nosotros, se trata de darle las herramientas para hacerse cargo de su salud y sentirse lo mejor posible en los a\u00f1os venideros.<\/p>\n<p>Nuestro equipo se toma el tiempo para conocer a usted, su estilo de vida, y lo que su cuerpo ha sido a trav\u00e9s de. A continuaci\u00f3n, dise\u00f1amos un plan a su medida, utilizando nuestra experiencia y nuestras instalaciones de primera categor\u00eda para ofrecerle la mejor atenci\u00f3n posible.<\/p>\n<p>Si usted est\u00e1 cansado de vivir con dolor, la curaci\u00f3n de la cirug\u00eda, o simplemente quiere moverse mejor, nuestro equipo de terapia f\u00edsica Rock Hill est\u00e1 listo para caminar junto a usted en su viaje. Dar Apex Orthopaedics Spine &amp; Neurology una llamada al <a href=\"tel:+17044123045\"><i class=\"fa fa-phone-alt\"><\/i>704-412-3045<\/a> y vamos a charlar acerca de c\u00f3mo la terapia f\u00edsica puede ayudarle a recuperar su fuerza, volver a hacer lo que te gusta, y simplemente sentirse mejor en su propia piel.<\/p>\n","protected":false},"excerpt":{"rendered":"<p>El dolor de espalda, el dolor de cuello, el entumecimiento y la debilidad no son s\u00f3lo s\u00edntomas, son obst\u00e1culos para la vida que desea vivir. En Apex Orthopaedics Spine &amp; Neurology, vemos m\u00e1s all\u00e1 del diagn\u00f3stico. Te vemos &#8211; una persona con metas, pasiones, y el deseo de moverse libremente de nuevo. Nuestros fisioterapeutas Rock [&hellip;]<\/p>\n","protected":false},"author":6,"featured_media":0,"parent":2735,"menu_order":0,"comment_status":"closed","ping_status":"closed","template":"","meta":{"_acf_changed":false,"footnotes":""},"categories":[],"tags":[],"class_list":["post-5085","page","type-page","status-publish","hentry"],"acf":[],"_links":{"self":[{"href":"https:\/\/www.apexosn.com\/es\/wp-json\/wp\/v2\/pages\/5085","targetHints":{"allow":["GET"]}}],"collection":[{"href":"https:\/\/www.apexosn.com\/es\/wp-json\/wp\/v2\/pages"}],"about":[{"href":"https:\/\/www.apexosn.com\/es\/wp-json\/wp\/v2\/types\/page"}],"author":[{"embeddable":true,"href":"https:\/\/www.apexosn.com\/es\/wp-json\/wp\/v2\/users\/6"}],"replies":[{"embeddable":true,"href":"https:\/\/www.apexosn.com\/es\/wp-json\/wp\/v2\/comments?post=5085"}],"version-history":[{"count":2,"href":"https:\/\/www.apexosn.com\/es\/wp-json\/wp\/v2\/pages\/5085\/revisions"}],"predecessor-version":[{"id":5087,"href":"https:\/\/www.apexosn.com\/es\/wp-json\/wp\/v2\/pages\/5085\/revisions\/5087"}],"up":[{"embeddable":true,"href":"https:\/\/www.apexosn.com\/es\/wp-json\/wp\/v2\/pages\/2735"}],"wp:attachment":[{"href":"https:\/\/www.apexosn.com\/es\/wp-json\/wp\/v2\/media?parent=5085"}],"wp:term":[{"taxonomy":"category","embeddable":true,"href":"https:\/\/www.apexosn.com\/es\/wp-json\/wp\/v2\/categories?post=5085"},{"taxonomy":"post_tag","embeddable":true,"href":"https:\/\/www.apexosn.com\/es\/wp-json\/wp\/v2\/tags?post=5085"}],"curies":[{"name":"wp","href":"https:\/\/api.w.org\/{rel}","templated":true}]}}