{"id":5082,"date":"2024-05-14T12:07:54","date_gmt":"2024-05-14T17:07:54","guid":{"rendered":"https:\/\/www.apexosn.com\/rock-hill-sc\/rock-hill-lesiones-personales-doctor\/"},"modified":"2024-05-27T01:47:23","modified_gmt":"2024-05-27T06:47:23","slug":"rock-hill-lesiones-personales-doctor","status":"publish","type":"page","link":"https:\/\/www.apexosn.com\/es\/rock-hill-sc\/rock-hill-lesiones-personales-doctor\/","title":{"rendered":"Rock Hill Lesiones Personales Doctor"},"content":{"rendered":"<p>Nadie sale de casa sabiendo que va a tener un accidente y sufrir lesiones personales. Sin embargo, la vida es impredecible, y los accidentes ocurren todos los d\u00edas, en su mayor\u00eda debido a la negligencia de otras personas. Cualquier persona que sufre una lesi\u00f3n personal debe buscar atenci\u00f3n inmediata de un m\u00e9dico de lesiones personales Rock Hill.<\/p>\n<p>Para las personas que viven en Rock Hill, Apex Orthopaedics Spine &amp; Neurology est\u00e1 disponible 24\/7 para asegurar que reciban atenci\u00f3n m\u00e9dica inmediata despu\u00e9s de una lesi\u00f3n personal. Pero primero, vamos a aprender acerca de los tipos de lesiones personales y lo que todo el mundo debe hacer si se lesionan.<\/p>\n\t\t<div data-elementor-type=\"section\" data-elementor-id=\"208\" class=\"elementor elementor-208\" data-elementor-post-type=\"elementor_library\">\n\t\t\t\t\t<section class=\"elementor-section elementor-top-section elementor-element elementor-element-485e576a elementor-section-boxed elementor-section-height-default elementor-section-height-default\" data-id=\"485e576a\" data-element_type=\"section\" data-e-type=\"section\">\n\t\t\t\t\t\t<div class=\"elementor-container elementor-column-gap-default\">\n\t\t\t\t\t<div class=\"elementor-column elementor-col-100 elementor-top-column elementor-element elementor-element-635c38c0\" data-id=\"635c38c0\" data-element_type=\"column\" data-e-type=\"column\">\n\t\t\t<div class=\"elementor-widget-wrap elementor-element-populated\">\n\t\t\t\t\t\t<div class=\"elementor-element elementor-element-3ba95c8a elementor-toc--minimized-on-tablet elementor-widget elementor-widget-table-of-contents\" data-id=\"3ba95c8a\" data-element_type=\"widget\" data-e-type=\"widget\" data-settings=\"{&quot;exclude_headings_by_selector&quot;:&quot;.toc-remove&quot;,&quot;headings_by_tags&quot;:[&quot;h2&quot;,&quot;h3&quot;],&quot;marker_view&quot;:&quot;numbers&quot;,&quot;no_headings_message&quot;:&quot;No headings were found on this page.&quot;,&quot;minimize_box&quot;:&quot;yes&quot;,&quot;minimized_on&quot;:&quot;tablet&quot;,&quot;hierarchical_view&quot;:&quot;yes&quot;,&quot;min_height&quot;:{&quot;unit&quot;:&quot;px&quot;,&quot;size&quot;:&quot;&quot;,&quot;sizes&quot;:[]},&quot;min_height_laptop&quot;:{&quot;unit&quot;:&quot;px&quot;,&quot;size&quot;:&quot;&quot;,&quot;sizes&quot;:[]},&quot;min_height_tablet&quot;:{&quot;unit&quot;:&quot;px&quot;,&quot;size&quot;:&quot;&quot;,&quot;sizes&quot;:[]},&quot;min_height_mobile&quot;:{&quot;unit&quot;:&quot;px&quot;,&quot;size&quot;:&quot;&quot;,&quot;sizes&quot;:[]}}\" data-widget_type=\"table-of-contents.default\">\n\t\t\t\t\t\t\t\t\t<div class=\"elementor-toc__header\">\n\t\t\t\t\t\t<div class=\"elementor-toc__header-title\">\n\t\t\t\tTable of Contents\t\t\t<\/div>\n\t\t\t\t\t\t\t\t\t\t<div class=\"elementor-toc__toggle-button elementor-toc__toggle-button--expand\" role=\"button\" tabindex=\"0\" aria-controls=\"elementor-toc__3ba95c8a\" aria-expanded=\"true\" aria-label=\"Open table of contents\"><svg aria-hidden=\"true\" class=\"e-font-icon-svg e-fas-chevron-down\" viewBox=\"0 0 448 512\" xmlns=\"http:\/\/www.w3.org\/2000\/svg\"><path d=\"M207.029 381.476L12.686 187.132c-9.373-9.373-9.373-24.569 0-33.941l22.667-22.667c9.357-9.357 24.522-9.375 33.901-.04L224 284.505l154.745-154.021c9.379-9.335 24.544-9.317 33.901.04l22.667 22.667c9.373 9.373 9.373 24.569 0 33.941L240.971 381.476c-9.373 9.372-24.569 9.372-33.942 0z\"><\/path><\/svg><\/div>\n\t\t\t\t<div class=\"elementor-toc__toggle-button elementor-toc__toggle-button--collapse\" role=\"button\" tabindex=\"0\" aria-controls=\"elementor-toc__3ba95c8a\" aria-expanded=\"true\" aria-label=\"Close table of contents\"><svg aria-hidden=\"true\" class=\"e-font-icon-svg e-fas-chevron-up\" viewBox=\"0 0 448 512\" xmlns=\"http:\/\/www.w3.org\/2000\/svg\"><path d=\"M240.971 130.524l194.343 194.343c9.373 9.373 9.373 24.569 0 33.941l-22.667 22.667c-9.357 9.357-24.522 9.375-33.901.04L224 227.495 69.255 381.516c-9.379 9.335-24.544 9.317-33.901-.04l-22.667-22.667c-9.373-9.373-9.373-24.569 0-33.941L207.03 130.525c9.372-9.373 24.568-9.373 33.941-.001z\"><\/path><\/svg><\/div>\n\t\t\t\t\t<\/div>\n\t\t\t\t<div id=\"elementor-toc__3ba95c8a\" class=\"elementor-toc__body\">\n\t\t\t<div class=\"elementor-toc__spinner-container\">\n\t\t\t\t<svg class=\"elementor-toc__spinner eicon-animation-spin e-font-icon-svg e-eicon-loading\" aria-hidden=\"true\" viewBox=\"0 0 1000 1000\" xmlns=\"http:\/\/www.w3.org\/2000\/svg\"><path d=\"M500 975V858C696 858 858 696 858 500S696 142 500 142 142 304 142 500H25C25 237 238 25 500 25S975 237 975 500 763 975 500 975Z\"><\/path><\/svg>\t\t\t<\/div>\n\t\t<\/div>\n\t\t\t\t\t\t<\/div>\n\t\t\t\t\t<\/div>\n\t\t<\/div>\n\t\t\t\t\t<\/div>\n\t\t<\/section>\n\t\t\t\t<\/div>\n\t\t\n<h2>\u00bfQu\u00e9 hago despu\u00e9s de sufrir lesiones personales?<\/h2>\n<p>Las secuelas de las lesiones personales pueden ser devastadoras. Muchas personas se debaten entre presentar una reclamaci\u00f3n o acudir al hospital. Pero lo crea o no, recibir atenci\u00f3n m\u00e9dica es una parte cr\u00edtica de la b\u00fasqueda de una compensaci\u00f3n financiera.<\/p>\n<p>Aqu\u00ed est\u00e1n los pasos a seguir despu\u00e9s de una lesi\u00f3n personal en Rock Hill.<\/p>\n<h3>Busque ayuda m\u00e9dica<\/h3>\n<p>No corra arriba y abajo antes de obtener ayuda m\u00e9dica despu\u00e9s de una lesi\u00f3n. Algunas lesiones que parecen menores pueden tener s\u00edntomas tard\u00edos. Ver a un m\u00e9dico de lesiones personales en Rock Hill a tiempo puede evitar que estas lesiones causen mayores problemas de salud en el futuro.<\/p>\n<h3>Presentar una denuncia policial<\/h3>\n<p>Una vez que un m\u00e9dico le da a la v\u00edctima un certificado de buena salud, pueden obtener un informe de la polic\u00eda con respecto a las lesiones. El informe ayudar\u00e1 a establecer la responsabilidad para que la parte responsable pueda compensarles por las lesiones. Los hechos recogidos en el informe ayudar\u00e1n a las v\u00edctimas de lesiones personales a negociar una indemnizaci\u00f3n adecuada por las lesiones.<\/p>\n<h3>Documente el lugar del accidente<\/h3>\n<p>Obtener pruebas sobre el accidente puede ayudar a reforzar el caso a la hora de solicitar una indemnizaci\u00f3n. Las v\u00edctimas deben tomar nota de todo lo ocurrido antes, durante y despu\u00e9s del accidente. Esto tambi\u00e9n debe incluir fotos, v\u00eddeos e informaci\u00f3n de los testigos.<\/p>\n<h3>Consulte a un abogado de lesiones personales<\/h3>\n<p>Un abogado de lesiones personales ayuda a recopilar pruebas y presentar una reclamaci\u00f3n mientras la persona lesionada busca tratamiento. Trabajar con un abogado aliviar\u00e1 el estr\u00e9s de la v\u00edctima para que s\u00f3lo pueda centrarse en recuperarse de sus lesiones. El abogado debe tener experiencia en casos de lesiones personales.<\/p>\n<h3>Tenga en cuenta la salud mental y emocional<\/h3>\n<p>La salud mental y emocional son efectos a largo plazo de las lesiones personales. Las v\u00edctimas deben tener bien documentados sus sentimientos y emociones para obtener la indemnizaci\u00f3n que merecen por sufrimiento psicol\u00f3gico. Acudir a un psic\u00f3logo y a otros especialistas les ayudar\u00e1 a conocer el impacto a largo plazo de las lesiones en su salud mental.<\/p>\n<p><a href=\"https:\/\/www.apexosn.com\/wp-content\/uploads\/2024\/05\/shutterstock_158584802-min.jpg\"><img fetchpriority=\"high\" decoding=\"async\" class=\"alignnone size-full wp-image-3482\" src=\"https:\/\/www.apexosn.com\/wp-content\/uploads\/2024\/05\/shutterstock_158584802-min.jpg\" alt=\"Rock Hill Lesiones Personales Doctor\" width=\"500\" height=\"334\" srcset=\"https:\/\/www.apexosn.com\/wp-content\/uploads\/2024\/05\/shutterstock_158584802-min.jpg 500w, https:\/\/www.apexosn.com\/wp-content\/uploads\/2024\/05\/shutterstock_158584802-min-300x200.jpg 300w\" sizes=\"(max-width: 500px) 100vw, 500px\" \/><\/a><\/p>\n<h2>Tipos de lesiones personales<\/h2>\n<p>Las lesiones personales pueden ocurrirle a cualquiera en diferentes lugares. Ocurren en las carreteras, en los lugares de trabajo, en las tiendas de comestibles o incluso en el patio de su casa.<\/p>\n<p>Las lesiones pueden ser leves, como laceraciones, contusiones, esguinces, distensiones o hinchazones. Las lesiones graves pueden ser de espalda, cabeza, m\u00e9dula espinal, huesos rotos o dolor tor\u00e1cico. A veces, las lesiones leves pueden convertirse en graves si no se tratan inmediatamente.<\/p>\n<p>Aqu\u00ed hay una lista de tipos comunes de lesiones personales y las lesiones espec\u00edficas que causan.<\/p>\n<h3>Lesiones por accidente de coche<\/h3>\n<p>Las lesiones por accidentes de coche son bastante comunes en Rock Hill y otras partes de Carolina del Sur. De hecho, son la principal causa de accidentes en los EE.UU. Los accidentes automovil\u00edsticos ocurren como resultado de exceso de velocidad, conducci\u00f3n distra\u00edda, y la conducci\u00f3n bajo la influencia del alcohol o las drogas.<\/p>\n<p>Las lesiones por accidente de coche pueden ocurrir a cualquier persona, ya sea conduciendo su coche, caminando como peat\u00f3n o como pasajero en otro veh\u00edculo. Las lesiones pueden adoptar la forma de peque\u00f1os cortes, contusiones, fracturas \u00f3seas o lesiones cerebrales traum\u00e1ticas.<\/p>\n<h3>Lesiones laborales<\/h3>\n<p>Las lesiones laborales suelen afectar a los empleados de una empresa. Esto puede ocurrir en diferentes industrias y ocupaciones. Las lesiones laborales pueden producirse como resultado de condiciones de trabajo inseguras, formaci\u00f3n inadecuada o mal funcionamiento de los equipos.<\/p>\n<p>Las lesiones incluyen contusiones y cortes, lesiones por esfuerzo repetitivo, lesiones de espalda y enfermedades profesionales, entre otras. Las partes responsables pueden ser la empresa, los contratistas, los subcontratistas o los propietarios. Si la empresa es responsable, el trabajador lesionado debe recibir una indemnizaci\u00f3n laboral.<\/p>\n<h3>Accidentes por resbalones y ca\u00eddas<\/h3>\n<p>Cuando una persona resbala y cae debido a la negligencia de otra persona, \u00e9sta ser\u00e1 responsable de la indemnizaci\u00f3n por accidente de resbal\u00f3n y ca\u00edda. Los entornos peligrosos que pueden causar accidentes por resbalones y ca\u00eddas incluyen suelos mojados, suelos sin mantener y pavimentos irregulares.<\/p>\n<p>Las lesiones por accidentes de resbal\u00f3n y ca\u00edda incluyen lesiones de espalda, lesiones en la cabeza, esguinces, torceduras y fracturas \u00f3seas. Entre las partes responsables se encuentran los propietarios o los encargados del mantenimiento.<\/p>\n<h3>Negligencia m\u00e9dica<\/h3>\n<p>Aunque los m\u00e9dicos hacen todo lo posible para tratar a los pacientes, a veces pueden cometer errores, lo que da lugar a lesiones por negligencia m\u00e9dica. Estas lesiones se producen cuando un m\u00e9dico o un centro de salud no practican el cuidado est\u00e1ndar al tratar a un paciente.<\/p>\n<p>Las lesiones por negligencia m\u00e9dica se manifiestan en forma de defectos cong\u00e9nitos, diagn\u00f3sticos err\u00f3neos, prescripciones equivocadas, errores quir\u00fargicos y complicaciones de la anestesia.<\/p>\n<h3>Mordeduras de perro y ataques de animales<\/h3>\n<p>Cuando un perro o cualquier otro animal ataca a alguien, puede causar una lesi\u00f3n personal que puede poner en peligro la vida. Estas lesiones pueden ser laceraciones y heridas punzantes. Tambi\u00e9n pueden provocar problemas psicol\u00f3gicos y traumas emocionales.<\/p>\n<h3>Responsabilidad por productos defectuosos<\/h3>\n<p>Las lesiones personales tambi\u00e9n pueden producirse por productos defectuosos, como productos peligrosos o equipos defectuosos. Las lesiones por responsabilidad civil por productos defectuosos pueden producirse como resultado de alimentos y medicamentos contaminados, dispositivos m\u00e9dicos que no funcionan correctamente y piezas de autom\u00f3vil defectuosas.<\/p>\n<h3>Lesiones por conducta intencionada<\/h3>\n<p>Si otra persona hace da\u00f1o a otra de forma intencionada o premeditada, puede causar lesiones personales. Por ejemplo, si dos personas se pelean y una golpea a la otra con un objeto, sufrir\u00e1n lesiones personales. La v\u00edctima tiene derecho a demandar a la otra parte y pedir una indemnizaci\u00f3n por los gastos m\u00e9dicos y otros da\u00f1os.<\/p>\n<p><a href=\"https:\/\/www.apexosn.com\/wp-content\/uploads\/2024\/05\/shutterstock_1904369335-min.jpg\"><img decoding=\"async\" class=\"alignnone size-full wp-image-3480\" src=\"https:\/\/www.apexosn.com\/wp-content\/uploads\/2024\/05\/shutterstock_1904369335-min.jpg\" alt=\"Personal Injury Doctor in Rock Hill SC\" width=\"500\" height=\"334\" srcset=\"https:\/\/www.apexosn.com\/wp-content\/uploads\/2024\/05\/shutterstock_1904369335-min.jpg 500w, https:\/\/www.apexosn.com\/wp-content\/uploads\/2024\/05\/shutterstock_1904369335-min-300x200.jpg 300w\" sizes=\"(max-width: 500px) 100vw, 500px\" \/><\/a><\/p>\n<h2>Tratamiento de lesiones personales<\/h2>\n<p>Las v\u00edctimas de lesiones personales deben recibir tratamiento inmediato para evitar complicaciones posteriores. Los tipos de tratamientos var\u00edan dependiendo del tipo de lesi\u00f3n y la gravedad. Aqu\u00ed est\u00e1n los tratamientos comunes que un m\u00e9dico de lesiones personales Rock Hill puede recomendar.<\/p>\n<h3>Medicamentos para el dolor<\/h3>\n<p>Las lesiones personales pueden causar mucho dolor a las v\u00edctimas. Su m\u00e9dico de lesiones personales puede prescribir varios medicamentos para aliviar el dolor. Los pacientes s\u00f3lo deben tomar los medicamentos seg\u00fan lo prescrito para evitar la dependencia excesiva y efectos secundarios como somnolencia.<\/p>\n<h3>Ajuste quiropr\u00e1ctico<\/h3>\n<p>Los ajustes quiropr\u00e1cticos son tratamientos para lesiones que afectan a los sistemas musculoesquel\u00e9tico y nervioso. Tratan lesiones como el latigazo cervical, el dolor de espalda, el dolor articular y los dolores musculares.<\/p>\n<h3>Ultrasonidos terap\u00e9uticos<\/h3>\n<p>Este tratamiento es una forma de fisioterapia que consiste en aplicar calor a los tejidos blandos del cuerpo. Los tejidos blandos incluyen los m\u00fasculos, tendones, ligamentos y articulaciones. El objetivo del tratamiento es aliviar el dolor, aumentar la circulaci\u00f3n sangu\u00ednea en las zonas afectadas y acelerar el proceso de curaci\u00f3n.<\/p>\n<h3>Cirug\u00eda<\/h3>\n<p>En casos graves, los pacientes pueden necesitar someterse a cirug\u00eda despu\u00e9s de una lesi\u00f3n personal. Las hemorragias internas, los traumatismos craneoencef\u00e1licos y las lesiones graves de la m\u00e9dula espinal pueden requerir cirug\u00eda de urgencia. Estas lesiones pueden poner en peligro la vida si no se tratan inmediatamente.<\/p>\n<p>Si sufre fracturas graves de huesos o lesiones medulares, nuestros m\u00e9dicos pueden sugerirle cirug\u00eda ortop\u00e9dica.<\/p>\n<h2>Nuestros m\u00e9dicos de lesiones personales de Rock Hill cuidar\u00e1n de usted<\/h2>\n<p>Las lesiones personales causan un impacto tanto f\u00edsico como emocional en las v\u00edctimas. Pueden lidiar con el dolor, problemas de movilidad y problemas emocionales como el trauma. El m\u00e1s agonizante de todos es el camino hacia la recuperaci\u00f3n.<\/p>\n<p>Un m\u00e9dico experimentado en lesiones personales es todo lo que los pacientes necesitan para obtener el tratamiento m\u00e9dico adecuado para sus lesiones y ayuda psicol\u00f3gica. En Apex Orthopaedics Spine &amp; Neurology, nos aseguramos de que las lesiones no pasen factura a la salud y el bienestar emocional del paciente proporcion\u00e1ndole el tratamiento adecuado.<\/p>\n<p>Ya se trate de traumatismos craneoencef\u00e1licos, dolor de espalda, fracturas \u00f3seas o problemas neurol\u00f3gicos, nuestros m\u00e9dicos saben qu\u00e9 hacer. P\u00f3ngase en contacto con Apex Orthopaedics Spine &amp; Neurology en Rock Hill en el <a href=\"tel:+17044123045\"><i class=\"fa fa-phone-alt\"><\/i>704-412-3045<\/a> y obtenga ayuda de un m\u00e9dico con experiencia en lesiones personales.<\/p>\n","protected":false},"excerpt":{"rendered":"<p>Nadie sale de casa sabiendo que va a tener un accidente y sufrir lesiones personales. Sin embargo, la vida es impredecible, y los accidentes ocurren todos los d\u00edas, en su mayor\u00eda debido a la negligencia de otras personas. Cualquier persona que sufre una lesi\u00f3n personal debe buscar atenci\u00f3n inmediata de un m\u00e9dico de lesiones personales [&hellip;]<\/p>\n","protected":false},"author":6,"featured_media":0,"parent":2735,"menu_order":0,"comment_status":"closed","ping_status":"closed","template":"","meta":{"_acf_changed":false,"footnotes":""},"categories":[],"tags":[],"class_list":["post-5082","page","type-page","status-publish","hentry"],"acf":[],"_links":{"self":[{"href":"https:\/\/www.apexosn.com\/es\/wp-json\/wp\/v2\/pages\/5082","targetHints":{"allow":["GET"]}}],"collection":[{"href":"https:\/\/www.apexosn.com\/es\/wp-json\/wp\/v2\/pages"}],"about":[{"href":"https:\/\/www.apexosn.com\/es\/wp-json\/wp\/v2\/types\/page"}],"author":[{"embeddable":true,"href":"https:\/\/www.apexosn.com\/es\/wp-json\/wp\/v2\/users\/6"}],"replies":[{"embeddable":true,"href":"https:\/\/www.apexosn.com\/es\/wp-json\/wp\/v2\/comments?post=5082"}],"version-history":[{"count":2,"href":"https:\/\/www.apexosn.com\/es\/wp-json\/wp\/v2\/pages\/5082\/revisions"}],"predecessor-version":[{"id":5084,"href":"https:\/\/www.apexosn.com\/es\/wp-json\/wp\/v2\/pages\/5082\/revisions\/5084"}],"up":[{"embeddable":true,"href":"https:\/\/www.apexosn.com\/es\/wp-json\/wp\/v2\/pages\/2735"}],"wp:attachment":[{"href":"https:\/\/www.apexosn.com\/es\/wp-json\/wp\/v2\/media?parent=5082"}],"wp:term":[{"taxonomy":"category","embeddable":true,"href":"https:\/\/www.apexosn.com\/es\/wp-json\/wp\/v2\/categories?post=5082"},{"taxonomy":"post_tag","embeddable":true,"href":"https:\/\/www.apexosn.com\/es\/wp-json\/wp\/v2\/tags?post=5082"}],"curies":[{"name":"wp","href":"https:\/\/api.w.org\/{rel}","templated":true}]}}