{"id":5079,"date":"2024-05-14T09:15:43","date_gmt":"2024-05-14T14:15:43","guid":{"rendered":"https:\/\/www.apexosn.com\/rock-hill-sc\/rock-hill-tratamiento-de-accidentes-de-peatones\/"},"modified":"2024-05-27T01:41:01","modified_gmt":"2024-05-27T06:41:01","slug":"rock-hill-tratamiento-de-accidentes-de-peatones","status":"publish","type":"page","link":"https:\/\/www.apexosn.com\/es\/rock-hill-sc\/rock-hill-tratamiento-de-accidentes-de-peatones\/","title":{"rendered":"Rock Hill Tratamiento de accidentes de peatones"},"content":{"rendered":"<p>El ritmo de tus pasos sobre el pavimento, el aire fresco llenando tus pulmones: un simple paseo puede ser un momento de pura alegr\u00eda. Pero en un instante, esa alegr\u00eda puede quedar destrozada por el impacto de un veh\u00edculo. Ser atropellado por un coche cuando se es peat\u00f3n puede ser una experiencia aterradora que altera la vida. Las lesiones f\u00edsicas, el trauma emocional y los obst\u00e1culos log\u00edsticos pueden hacer que te sientas abrumado e inseguro sobre el futuro. Pero no tiene por qu\u00e9 recorrer este camino solo.<\/p>\n<p>En Apex Orthopaedics, Spine &amp; Neurology, entendemos el peaje f\u00edsico y emocional que un accidente de peat\u00f3n puede tomar. Nuestro equipo de m\u00e9dicos, fisioterapeutas y especialistas altamente cualificados se dedica a ayudarle a volver a ponerse en pie de la forma m\u00e1s r\u00e1pida y segura posible. Ofrecemos un enfoque integral para la curaci\u00f3n, con experiencia en neurolog\u00eda, tratamiento del dolor y cirug\u00eda ortop\u00e9dica.<\/p>\n<p>Ll\u00e1menos hoy mismo al <a href=\"tel:+17044123045\"><i class=\"fa fa-phone-alt\"><\/i>704-412-3045<\/a> para empezar.<\/p>\n\t\t<div data-elementor-type=\"section\" data-elementor-id=\"208\" class=\"elementor elementor-208\" data-elementor-post-type=\"elementor_library\">\n\t\t\t\t\t<section class=\"elementor-section elementor-top-section elementor-element elementor-element-485e576a elementor-section-boxed elementor-section-height-default elementor-section-height-default\" data-id=\"485e576a\" data-element_type=\"section\" data-e-type=\"section\">\n\t\t\t\t\t\t<div class=\"elementor-container elementor-column-gap-default\">\n\t\t\t\t\t<div class=\"elementor-column elementor-col-100 elementor-top-column elementor-element elementor-element-635c38c0\" data-id=\"635c38c0\" data-element_type=\"column\" data-e-type=\"column\">\n\t\t\t<div class=\"elementor-widget-wrap elementor-element-populated\">\n\t\t\t\t\t\t<div class=\"elementor-element elementor-element-3ba95c8a elementor-toc--minimized-on-tablet elementor-widget elementor-widget-table-of-contents\" data-id=\"3ba95c8a\" data-element_type=\"widget\" data-e-type=\"widget\" data-settings=\"{&quot;exclude_headings_by_selector&quot;:&quot;.toc-remove&quot;,&quot;headings_by_tags&quot;:[&quot;h2&quot;,&quot;h3&quot;],&quot;marker_view&quot;:&quot;numbers&quot;,&quot;no_headings_message&quot;:&quot;No headings were found on this page.&quot;,&quot;minimize_box&quot;:&quot;yes&quot;,&quot;minimized_on&quot;:&quot;tablet&quot;,&quot;hierarchical_view&quot;:&quot;yes&quot;,&quot;min_height&quot;:{&quot;unit&quot;:&quot;px&quot;,&quot;size&quot;:&quot;&quot;,&quot;sizes&quot;:[]},&quot;min_height_laptop&quot;:{&quot;unit&quot;:&quot;px&quot;,&quot;size&quot;:&quot;&quot;,&quot;sizes&quot;:[]},&quot;min_height_tablet&quot;:{&quot;unit&quot;:&quot;px&quot;,&quot;size&quot;:&quot;&quot;,&quot;sizes&quot;:[]},&quot;min_height_mobile&quot;:{&quot;unit&quot;:&quot;px&quot;,&quot;size&quot;:&quot;&quot;,&quot;sizes&quot;:[]}}\" data-widget_type=\"table-of-contents.default\">\n\t\t\t\t\t\t\t\t\t<div class=\"elementor-toc__header\">\n\t\t\t\t\t\t<div class=\"elementor-toc__header-title\">\n\t\t\t\tTable of Contents\t\t\t<\/div>\n\t\t\t\t\t\t\t\t\t\t<div class=\"elementor-toc__toggle-button elementor-toc__toggle-button--expand\" role=\"button\" tabindex=\"0\" aria-controls=\"elementor-toc__3ba95c8a\" aria-expanded=\"true\" aria-label=\"Open table of contents\"><svg aria-hidden=\"true\" class=\"e-font-icon-svg e-fas-chevron-down\" viewBox=\"0 0 448 512\" xmlns=\"http:\/\/www.w3.org\/2000\/svg\"><path d=\"M207.029 381.476L12.686 187.132c-9.373-9.373-9.373-24.569 0-33.941l22.667-22.667c9.357-9.357 24.522-9.375 33.901-.04L224 284.505l154.745-154.021c9.379-9.335 24.544-9.317 33.901.04l22.667 22.667c9.373 9.373 9.373 24.569 0 33.941L240.971 381.476c-9.373 9.372-24.569 9.372-33.942 0z\"><\/path><\/svg><\/div>\n\t\t\t\t<div class=\"elementor-toc__toggle-button elementor-toc__toggle-button--collapse\" role=\"button\" tabindex=\"0\" aria-controls=\"elementor-toc__3ba95c8a\" aria-expanded=\"true\" aria-label=\"Close table of contents\"><svg aria-hidden=\"true\" class=\"e-font-icon-svg e-fas-chevron-up\" viewBox=\"0 0 448 512\" xmlns=\"http:\/\/www.w3.org\/2000\/svg\"><path d=\"M240.971 130.524l194.343 194.343c9.373 9.373 9.373 24.569 0 33.941l-22.667 22.667c-9.357 9.357-24.522 9.375-33.901.04L224 227.495 69.255 381.516c-9.379 9.335-24.544 9.317-33.901-.04l-22.667-22.667c-9.373-9.373-9.373-24.569 0-33.941L207.03 130.525c9.372-9.373 24.568-9.373 33.941-.001z\"><\/path><\/svg><\/div>\n\t\t\t\t\t<\/div>\n\t\t\t\t<div id=\"elementor-toc__3ba95c8a\" class=\"elementor-toc__body\">\n\t\t\t<div class=\"elementor-toc__spinner-container\">\n\t\t\t\t<svg class=\"elementor-toc__spinner eicon-animation-spin e-font-icon-svg e-eicon-loading\" aria-hidden=\"true\" viewBox=\"0 0 1000 1000\" xmlns=\"http:\/\/www.w3.org\/2000\/svg\"><path d=\"M500 975V858C696 858 858 696 858 500S696 142 500 142 142 304 142 500H25C25 237 238 25 500 25S975 237 975 500 763 975 500 975Z\"><\/path><\/svg>\t\t\t<\/div>\n\t\t<\/div>\n\t\t\t\t\t\t<\/div>\n\t\t\t\t\t<\/div>\n\t\t<\/div>\n\t\t\t\t\t<\/div>\n\t\t<\/section>\n\t\t\t\t<\/div>\n\t\t\n<h2>Causas comunes de los accidentes de peatones<\/h2>\n<p>Los accidentes de peatones pueden ocurrir en cualquier momento y lugar. Entender las causas m\u00e1s comunes puede ayudarle a mantenerse alerta y reducir su riesgo.<\/p>\n<h3>Conducci\u00f3n distra\u00edda<\/h3>\n<p>En el acelerado mundo de hoy, los conductores son bombardeados con distracciones como tel\u00e9fonos m\u00f3viles, mensajes de texto, comer, ajustar los sistemas de entretenimiento en el coche, o simplemente so\u00f1ar despierto. Estas distracciones pueden perjudicar significativamente el tiempo de reacci\u00f3n del conductor y la conciencia de su entorno, poniendo en peligro a los peatones.<\/p>\n<h3>Conducci\u00f3n bajo los efectos del alcohol<\/h3>\n<p>Los conductores ebrios suponen una grave amenaza para los peatones. El alcohol y las drogas ralentizan el tiempo de reacci\u00f3n, alteran el juicio y dificultan la capacidad del conductor para circular con seguridad. Si sospecha que un conductor est\u00e1 ebrio, evite cruzar la calle delante de \u00e9l y denuncie el incidente a las autoridades.<\/p>\n<h3>Exceso de velocidad<\/h3>\n<p>Cuanto m\u00e1s r\u00e1pido circule un veh\u00edculo, menos tiempo tendr\u00e1 el conductor para reaccionar ante un peat\u00f3n y mayor ser\u00e1 la gravedad de una posible colisi\u00f3n. El exceso de velocidad es uno de los principales factores que contribuyen a muchos accidentes de peatones, sobre todo en zonas con gran afluencia de peatones.<\/p>\n<h3>Desobedecer las se\u00f1ales de tr\u00e1fico<\/h3>\n<p>No respetar los sem\u00e1foros, las se\u00f1ales de stop o los pasos de peatones, tanto por parte de los conductores como de los peatones, crea situaciones peligrosas para todos. Obedezca siempre las se\u00f1ales de tr\u00e1fico y sea consciente de lo que le rodea al cruzar la calle.<\/p>\n<h3>Visibilidad limitada<\/h3>\n<p>Las condiciones meteorol\u00f3gicas adversas, como la lluvia, la niebla, la nieve o la oscuridad, pueden reducir considerablemente la visibilidad tanto de los conductores como de los peatones. Extreme las precauciones cuando camine en condiciones de baja visibilidad. Lleve ropa reflectante y utilice una linterna si es necesario.<\/p>\n<h3>Dise\u00f1o vial inadecuado<\/h3>\n<p>La falta de pasos de peatones, una iluminaci\u00f3n inadecuada, aceras obstruidas o intersecciones mal dise\u00f1adas pueden aumentar el riesgo de accidentes peatonales. Abogue por un dise\u00f1o vial m\u00e1s seguro en su comunidad para crear un entorno m\u00e1s favorable a los peatones.<\/p>\n<h3>Distracci\u00f3n de los peatones<\/h3>\n<p>Aunque los conductores tienen la responsabilidad de ser conscientes de su entorno, los peatones tambi\u00e9n deben serlo. Caminar utilizando el tel\u00e9fono, escuchando m\u00fasica con auriculares o simplemente sin prestar atenci\u00f3n puede dificultar la reacci\u00f3n de los peatones ante los veh\u00edculos que se aproximan.<\/p>\n<p><a href=\"https:\/\/www.apexosn.com\/wp-content\/uploads\/2024\/05\/shutterstock_594283319-min.jpg\"><img fetchpriority=\"high\" decoding=\"async\" class=\"alignnone size-full wp-image-3374\" src=\"https:\/\/www.apexosn.com\/wp-content\/uploads\/2024\/05\/shutterstock_594283319-min.jpg\" alt=\"Rock Hill Pedestrian Accident\" width=\"500\" height=\"334\" srcset=\"https:\/\/www.apexosn.com\/wp-content\/uploads\/2024\/05\/shutterstock_594283319-min.jpg 500w, https:\/\/www.apexosn.com\/wp-content\/uploads\/2024\/05\/shutterstock_594283319-min-300x200.jpg 300w\" sizes=\"(max-width: 500px) 100vw, 500px\" \/><\/a><\/p>\n<h2>Buenas pr\u00e1cticas tras un accidente de peat\u00f3n<\/h2>\n<p>Los minutos y horas inmediatamente posteriores a un accidente de peat\u00f3n pueden ser ca\u00f3ticos y estresantes. Sin embargo, tomar las medidas adecuadas puede marcar una diferencia significativa en su salud y su situaci\u00f3n legal. He aqu\u00ed un desglose de lo que debe hacer:<\/p>\n<h3>Busque atenci\u00f3n m\u00e9dica<\/h3>\n<p>Esta es su m\u00e1xima prioridad, independientemente de lo graves que puedan parecer sus lesiones. La adrenalina puede enmascarar el verdadero alcance de sus lesiones, y pueden producirse hemorragias internas incluso con impactos aparentemente menores. Llama inmediatamente al 911 o pide a alguien que lo haga por ti.<\/p>\n<h3>Documenta la escena<\/h3>\n<p>Si puedes, haz fotos del lugar del accidente desde varios \u00e1ngulos. Capta los da\u00f1os en los veh\u00edculos, las marcas de derrape, las se\u00f1ales de tr\u00e1fico, las lesiones visibles y la disposici\u00f3n general de la intersecci\u00f3n. Esta documentaci\u00f3n puede ser una prueba valiosa m\u00e1s adelante si emprende acciones legales.<\/p>\n<h3>Informa del accidente<\/h3>\n<p>Presenta un parte de accidente a la polic\u00eda, independientemente de la gravedad del accidente. Esto crea un registro oficial del incidente que puede ser \u00fatil m\u00e1s adelante.<\/p>\n<h3>Intercambia informaci\u00f3n<\/h3>\n<p>Si es posible, intercambia informaci\u00f3n de contacto con el conductor implicado en el accidente, incluido su nombre, n\u00famero de carn\u00e9 de conducir y datos del seguro. Obt\u00e9n los datos de contacto de cualquier testigo que pueda haber visto el accidente.<\/p>\n<h3>Lleve un registro<\/h3>\n<p>Lleve un registro detallado de todas las facturas m\u00e9dicas, recibos de medicamentos, pruebas de salarios perdidos y cualquier otro gasto ocasionado por el accidente. Estos registros ser\u00e1n pruebas cruciales si emprende acciones legales.<\/p>\n<h3>P\u00f3ngase en contacto con un abogado<\/h3>\n<p>Un abogado con experiencia en lesiones personales puede asesorarle sobre sus derechos legales y ayudarle a navegar por las complejidades de una posible demanda por lesiones personales. No hable directamente con la compa\u00f1\u00eda de seguros del conductor sin representaci\u00f3n legal. Un abogado puede asegurarse de que reciba una compensaci\u00f3n justa por sus facturas m\u00e9dicas, salarios perdidos y otros gastos relacionados con el accidente.<\/p>\n<h3>C\u00e9ntrese en la recuperaci\u00f3n<\/h3>\n<p>D\u00e9 prioridad a su bienestar f\u00edsico y mental. Siga diligentemente el plan de tratamiento de su m\u00e9dico, acuda a todas las citas de fisioterapia y descanse lo suficiente. Considere la posibilidad de unirse a un grupo de apoyo para v\u00edctimas de accidentes de peatones para ponerse en contacto con otras personas que entienden los retos a los que se enfrenta.<\/p>\n<h2>Tipos de lesiones causadas por accidentes de peatones<\/h2>\n<p>La gravedad de las lesiones sufridas en un accidente de peat\u00f3n depende de varios factores, como la velocidad del veh\u00edculo, el punto de impacto y la edad y el estado general de salud del peat\u00f3n. Las lesiones m\u00e1s comunes son las siguientes<\/p>\n<h3>Lesiones de tejidos blandos<\/h3>\n<p>Incluyen esguinces, distensiones y contusiones. Aunque suelen ser dolorosas y causar molestias importantes, suelen curarse con los cuidados adecuados, como reposo, hielo, compresi\u00f3n y elevaci\u00f3n (m\u00e9todo RICE).<\/p>\n<h3>Lesiones en la cabeza<\/h3>\n<p>Pueden ser desde conmociones cerebrales leves hasta traumatismos cerebrales potencialmente mortales. Incluso un traumatismo craneal aparentemente leve requiere atenci\u00f3n m\u00e9dica inmediata. Los s\u00edntomas de una conmoci\u00f3n cerebral pueden incluir dolor de cabeza, mareos, n\u00e1useas, confusi\u00f3n y problemas de memoria.<\/p>\n<h3>Huesos rotos<\/h3>\n<p>El impacto de un veh\u00edculo puede causar fracturas en varias partes del cuerpo, sobre todo en las piernas, los brazos, las costillas y la clav\u00edcula. Dependiendo de la gravedad de la fractura, el tratamiento puede consistir en escayola, cirug\u00eda o una combinaci\u00f3n de ambas.<\/p>\n<p><a href=\"https:\/\/www.apexosn.com\/wp-content\/uploads\/2024\/05\/shutterstock_1884085957-min.jpg\"><img decoding=\"async\" class=\"alignnone size-full wp-image-3377\" src=\"https:\/\/www.apexosn.com\/wp-content\/uploads\/2024\/05\/shutterstock_1884085957-min.jpg\" alt=\"Concept of Pedestrian Accident Treatment. Woman With Broken Leg in Cast.\" width=\"500\" height=\"334\" srcset=\"https:\/\/www.apexosn.com\/wp-content\/uploads\/2024\/05\/shutterstock_1884085957-min.jpg 500w, https:\/\/www.apexosn.com\/wp-content\/uploads\/2024\/05\/shutterstock_1884085957-min-300x200.jpg 300w\" sizes=\"(max-width: 500px) 100vw, 500px\" \/><\/a><\/p>\n<h3>Lesiones medulares<\/h3>\n<p>Se trata de las lesiones m\u00e1s devastadoras, que pueden conducir a la par\u00e1lisis. El diagn\u00f3stico precoz y la intervenci\u00f3n m\u00e9dica inmediata son esenciales para minimizar da\u00f1os mayores y maximizar la recuperaci\u00f3n potencial.<\/p>\n<h3>Trauma psicol\u00f3gico<\/h3>\n<p>Los accidentes de peatones tambi\u00e9n pueden ser una experiencia traum\u00e1tica, que puede provocar ansiedad, depresi\u00f3n o trastorno de estr\u00e9s postraum\u00e1tico (TEPT). Los s\u00edntomas del TEPT pueden incluir recuerdos, pesadillas, evitaci\u00f3n de los recuerdos del accidente y dificultad para concentrarse. Buscar ayuda profesional de un terapeuta puede ser crucial para gestionar estos retos emocionales.<\/p>\n<h2>Desarrollar la resiliencia tras un accidente de peat\u00f3n<\/h2>\n<p>Aunque esta lectura se ha centrado en los aspectos pr\u00e1cticos de la recuperaci\u00f3n tras un accidente de peat\u00f3n, el impacto emocional y psicol\u00f3gico puede ser significativo. He aqu\u00ed algunos consejos adicionales para desarrollar la resiliencia y superar los retos emocionales a los que puede enfrentarse.<\/p>\n<h3>Reconozca sus emociones<\/h3>\n<p>Perm\u00edtase sentir toda la gama de emociones que est\u00e1 experimentando, ya sea ira, miedo, frustraci\u00f3n o tristeza. Reprimir las emociones puede dificultar la curaci\u00f3n. Habla con un amigo de confianza, un familiar, un terapeuta o un grupo de apoyo para expresar tus sentimientos de forma saludable.<\/p>\n<h3>Cu\u00eddese<\/h3>\n<p>D\u00e9 prioridad a su bienestar f\u00edsico y mental durante la recuperaci\u00f3n. Esto incluye dormir lo suficiente, seguir una dieta sana y realizar actividades que te gusten, aunque s\u00f3lo sea pasar tiempo en la naturaleza o escuchar m\u00fasica relajante. Las t\u00e9cnicas de relajaci\u00f3n como la respiraci\u00f3n profunda y la meditaci\u00f3n tambi\u00e9n pueden ser \u00fatiles.<\/p>\n<h3>Busque ayuda profesional<\/h3>\n<p>Si tiene dificultades para afrontar la situaci\u00f3n emocional tras el accidente, no dude en buscar la ayuda profesional de un terapeuta. Un terapeuta puede proporcionar orientaci\u00f3n y apoyo para controlar el estr\u00e9s, la ansiedad o la depresi\u00f3n que puedan surgir a causa del accidente. Tambi\u00e9n puede ayudarte a desarrollar mecanismos de afrontamiento para superar el miedo o la ansiedad que te pueda producir volver a caminar.<\/p>\n<h2>\u00a1Obtenga el tratamiento adecuado despu\u00e9s de un accidente en Rock Hill!<\/h2>\n<p>Ser golpeado por un veh\u00edculo puede dejarlo con cicatrices f\u00edsicas y heridas emocionales. No deje que un accidente de peatones marginar su vida. Llame a Apex Orthopaedics, Spine &amp; Neurology al <a href=\"tel:+17044123045\"><i class=\"fa fa-phone-alt\"><\/i>704-412-3045<\/a> hoy para una consulta gratuita, y deje que nuestro equipo cree un plan de recuperaci\u00f3n personalizado que le devuelva a la vida que ama.<\/p>\n<p>Contamos con un equipo experimentado de neur\u00f3logos, cirujanos ortop\u00e9dicos, fisioterapeutas, expertos en el tratamiento del dolor y otros especialistas dispuestos a ayudarle.<\/p>\n","protected":false},"excerpt":{"rendered":"<p>El ritmo de tus pasos sobre el pavimento, el aire fresco llenando tus pulmones: un simple paseo puede ser un momento de pura alegr\u00eda. Pero en un instante, esa alegr\u00eda puede quedar destrozada por el impacto de un veh\u00edculo. Ser atropellado por un coche cuando se es peat\u00f3n puede ser una experiencia aterradora que altera [&hellip;]<\/p>\n","protected":false},"author":6,"featured_media":0,"parent":2735,"menu_order":0,"comment_status":"closed","ping_status":"closed","template":"","meta":{"_acf_changed":false,"footnotes":""},"categories":[],"tags":[],"class_list":["post-5079","page","type-page","status-publish","hentry"],"acf":[],"_links":{"self":[{"href":"https:\/\/www.apexosn.com\/es\/wp-json\/wp\/v2\/pages\/5079","targetHints":{"allow":["GET"]}}],"collection":[{"href":"https:\/\/www.apexosn.com\/es\/wp-json\/wp\/v2\/pages"}],"about":[{"href":"https:\/\/www.apexosn.com\/es\/wp-json\/wp\/v2\/types\/page"}],"author":[{"embeddable":true,"href":"https:\/\/www.apexosn.com\/es\/wp-json\/wp\/v2\/users\/6"}],"replies":[{"embeddable":true,"href":"https:\/\/www.apexosn.com\/es\/wp-json\/wp\/v2\/comments?post=5079"}],"version-history":[{"count":2,"href":"https:\/\/www.apexosn.com\/es\/wp-json\/wp\/v2\/pages\/5079\/revisions"}],"predecessor-version":[{"id":5081,"href":"https:\/\/www.apexosn.com\/es\/wp-json\/wp\/v2\/pages\/5079\/revisions\/5081"}],"up":[{"embeddable":true,"href":"https:\/\/www.apexosn.com\/es\/wp-json\/wp\/v2\/pages\/2735"}],"wp:attachment":[{"href":"https:\/\/www.apexosn.com\/es\/wp-json\/wp\/v2\/media?parent=5079"}],"wp:term":[{"taxonomy":"category","embeddable":true,"href":"https:\/\/www.apexosn.com\/es\/wp-json\/wp\/v2\/categories?post=5079"},{"taxonomy":"post_tag","embeddable":true,"href":"https:\/\/www.apexosn.com\/es\/wp-json\/wp\/v2\/tags?post=5079"}],"curies":[{"name":"wp","href":"https:\/\/api.w.org\/{rel}","templated":true}]}}