{"id":5067,"date":"2024-05-14T10:30:31","date_gmt":"2024-05-14T15:30:31","guid":{"rendered":"https:\/\/www.apexosn.com\/rock-hill-sc\/rock-hill-tratamiento-de-accidentes-de-motocicleta\/"},"modified":"2024-05-27T01:05:58","modified_gmt":"2024-05-27T06:05:58","slug":"rock-hill-tratamiento-de-accidentes-de-motocicleta","status":"publish","type":"page","link":"https:\/\/www.apexosn.com\/es\/rock-hill-sc\/rock-hill-tratamiento-de-accidentes-de-motocicleta\/","title":{"rendered":"Rock Hill Tratamiento de Accidentes de Motocicleta"},"content":{"rendered":"<p>El rugido del motor, el viento en el pelo&#8230; conducir una motocicleta es una sensaci\u00f3n de libertad y euforia. Pero la alegr\u00eda del viaje puede verse ensombrecida por el impacto repentino de un accidente. Si has sufrido un accidente de moto, es probable que te sientas abrumado, confuso e incluso asustado. Pero respire hondo: no est\u00e1 solo y hay ayuda disponible.<\/p>\n<p>En Apex Orthopaedics, Spine &amp; Neurology, entendemos los desaf\u00edos que enfrentan las v\u00edctimas de accidentes de motocicleta. Nuestro equipo de m\u00e9dicos altamente cualificados, fisioterapeutas y especialistas se dedica a ayudarle a volver sobre sus pies (y es de esperar, de nuevo en la carretera) lo m\u00e1s r\u00e1pido y seguro posible.<\/p>\n<p>No dejes que un accidente de moto margine tu vida. Llame hoy mismo a Apex Orthopaedics, Spine &amp; Neurology al <a href=\"tel:+17044123045\"><i class=\"fa fa-phone-alt\"><\/i>704-412-3045<\/a> para una consulta gratuita y deje que nuestro equipo cree un plan de recuperaci\u00f3n personalizado que le devuelva a la vida que ama.<\/p>\n\t\t<div data-elementor-type=\"section\" data-elementor-id=\"208\" class=\"elementor elementor-208\" data-elementor-post-type=\"elementor_library\">\n\t\t\t\t\t<section class=\"elementor-section elementor-top-section elementor-element elementor-element-485e576a elementor-section-boxed elementor-section-height-default elementor-section-height-default\" data-id=\"485e576a\" data-element_type=\"section\" data-e-type=\"section\">\n\t\t\t\t\t\t<div class=\"elementor-container elementor-column-gap-default\">\n\t\t\t\t\t<div class=\"elementor-column elementor-col-100 elementor-top-column elementor-element elementor-element-635c38c0\" data-id=\"635c38c0\" data-element_type=\"column\" data-e-type=\"column\">\n\t\t\t<div class=\"elementor-widget-wrap elementor-element-populated\">\n\t\t\t\t\t\t<div class=\"elementor-element elementor-element-3ba95c8a elementor-toc--minimized-on-tablet elementor-widget elementor-widget-table-of-contents\" data-id=\"3ba95c8a\" data-element_type=\"widget\" data-e-type=\"widget\" data-settings=\"{&quot;exclude_headings_by_selector&quot;:&quot;.toc-remove&quot;,&quot;headings_by_tags&quot;:[&quot;h2&quot;,&quot;h3&quot;],&quot;marker_view&quot;:&quot;numbers&quot;,&quot;no_headings_message&quot;:&quot;No se ha encontrado ning\\u00fan encabezado en esta p\\u00e1gina.&quot;,&quot;minimize_box&quot;:&quot;yes&quot;,&quot;minimized_on&quot;:&quot;tablet&quot;,&quot;hierarchical_view&quot;:&quot;yes&quot;,&quot;min_height&quot;:{&quot;unit&quot;:&quot;px&quot;,&quot;size&quot;:&quot;&quot;,&quot;sizes&quot;:[]},&quot;min_height_laptop&quot;:{&quot;unit&quot;:&quot;px&quot;,&quot;size&quot;:&quot;&quot;,&quot;sizes&quot;:[]},&quot;min_height_tablet&quot;:{&quot;unit&quot;:&quot;px&quot;,&quot;size&quot;:&quot;&quot;,&quot;sizes&quot;:[]},&quot;min_height_mobile&quot;:{&quot;unit&quot;:&quot;px&quot;,&quot;size&quot;:&quot;&quot;,&quot;sizes&quot;:[]}}\" data-widget_type=\"table-of-contents.default\">\n\t\t\t\t\t\t\t\t\t<div class=\"elementor-toc__header\">\n\t\t\t\t\t\t<div class=\"elementor-toc__header-title\">\n\t\t\t\tTable of Contents\t\t\t<\/div>\n\t\t\t\t\t\t\t\t\t\t<div class=\"elementor-toc__toggle-button elementor-toc__toggle-button--expand\" role=\"button\" tabindex=\"0\" aria-controls=\"elementor-toc__3ba95c8a\" aria-expanded=\"true\" aria-label=\"Abrir la tabla de contenidos\"><svg aria-hidden=\"true\" class=\"e-font-icon-svg e-fas-chevron-down\" viewBox=\"0 0 448 512\" xmlns=\"http:\/\/www.w3.org\/2000\/svg\"><path d=\"M207.029 381.476L12.686 187.132c-9.373-9.373-9.373-24.569 0-33.941l22.667-22.667c9.357-9.357 24.522-9.375 33.901-.04L224 284.505l154.745-154.021c9.379-9.335 24.544-9.317 33.901.04l22.667 22.667c9.373 9.373 9.373 24.569 0 33.941L240.971 381.476c-9.373 9.372-24.569 9.372-33.942 0z\"><\/path><\/svg><\/div>\n\t\t\t\t<div class=\"elementor-toc__toggle-button elementor-toc__toggle-button--collapse\" role=\"button\" tabindex=\"0\" aria-controls=\"elementor-toc__3ba95c8a\" aria-expanded=\"true\" aria-label=\"Cerrar la tabla de contenidos\"><svg aria-hidden=\"true\" class=\"e-font-icon-svg e-fas-chevron-up\" viewBox=\"0 0 448 512\" xmlns=\"http:\/\/www.w3.org\/2000\/svg\"><path d=\"M240.971 130.524l194.343 194.343c9.373 9.373 9.373 24.569 0 33.941l-22.667 22.667c-9.357 9.357-24.522 9.375-33.901.04L224 227.495 69.255 381.516c-9.379 9.335-24.544 9.317-33.901-.04l-22.667-22.667c-9.373-9.373-9.373-24.569 0-33.941L207.03 130.525c9.372-9.373 24.568-9.373 33.941-.001z\"><\/path><\/svg><\/div>\n\t\t\t\t\t<\/div>\n\t\t\t\t<div id=\"elementor-toc__3ba95c8a\" class=\"elementor-toc__body\">\n\t\t\t<div class=\"elementor-toc__spinner-container\">\n\t\t\t\t<svg class=\"elementor-toc__spinner eicon-animation-spin e-font-icon-svg e-eicon-loading\" aria-hidden=\"true\" viewBox=\"0 0 1000 1000\" xmlns=\"http:\/\/www.w3.org\/2000\/svg\"><path d=\"M500 975V858C696 858 858 696 858 500S696 142 500 142 142 304 142 500H25C25 237 238 25 500 25S975 237 975 500 763 975 500 975Z\"><\/path><\/svg>\t\t\t<\/div>\n\t\t<\/div>\n\t\t\t\t\t\t<\/div>\n\t\t\t\t\t<\/div>\n\t\t<\/div>\n\t\t\t\t\t<\/div>\n\t\t<\/section>\n\t\t\t\t<\/div>\n\t\t\n<h2>Qu\u00e9 esperar tras un accidente de moto<\/h2>\n<p>Los momentos inmediatamente posteriores a un accidente de moto pueden ser ca\u00f3ticos y estresantes. He aqu\u00ed un desglose de lo que puede encontrar en los pr\u00f3ximos d\u00edas, semanas e incluso meses.<\/p>\n<h3>Las consecuencias inmediatas<\/h3>\n<p>Su primera prioridad es garantizar su seguridad y la de los dem\u00e1s implicados en el accidente. Compruebe si usted y los que le rodean est\u00e1n heridos. Si es necesario, llame inmediatamente a los servicios de emergencia. Incluso si el accidente parece leve, es crucial someterse a una evaluaci\u00f3n m\u00e9dica. A veces, la adrenalina puede ocultar lesiones subyacentes que pueden empeorar si no se tratan.<\/p>\n<h3>Tratamiento m\u00e9dico<\/h3>\n<p>Dependiendo de la gravedad de sus lesiones, puede necesitar atenci\u00f3n m\u00e9dica inmediata, hospitalizaci\u00f3n o citas de seguimiento con especialistas. Dependiendo de las lesiones espec\u00edficas que haya sufrido, podr\u00eda necesitar la intervenci\u00f3n de cirujanos, traumat\u00f3logos, neur\u00f3logos o especialistas en el tratamiento del dolor. Prep\u00e1rese para ser paciente: el proceso de curaci\u00f3n no se produce de la noche a la ma\u00f1ana.<\/p>\n<h3>El camino hacia la recuperaci\u00f3n<\/h3>\n<p>La recuperaci\u00f3n de un accidente de moto puede ser un camino largo y arduo. Pueden pasar d\u00edas, semanas o incluso meses hasta que te recuperes del todo, dependiendo de la gravedad de tus lesiones. Sea paciente consigo mismo a lo largo de este proceso.<\/p>\n<p>La recuperaci\u00f3n suele implicar una combinaci\u00f3n de fisioterapia, medicaci\u00f3n, apoyo emocional y, potencialmente, rehabilitaci\u00f3n profesional si sus lesiones le impiden volver a su trabajo anterior.<\/p>\n<h3>Consideraciones legales<\/h3>\n<p>Si otra parte fue responsable de causar el accidente, es posible que tenga que considerar la representaci\u00f3n legal. Un abogado puede ayudarle a obtener una indemnizaci\u00f3n por las facturas m\u00e9dicas, los salarios perdidos, los da\u00f1os sufridos por la motocicleta y otros gastos relacionados con el accidente. No dude en explorar sus opciones legales &#8211; recuerde, usted merece una compensaci\u00f3n justa por las dificultades f\u00edsicas, emocionales y financieras que ha soportado.<\/p>\n<h3>Repercusiones financieras<\/h3>\n<p>Los accidentes de moto pueden suponer una importante carga econ\u00f3mica. Prep\u00e1rese para las facturas m\u00e9dicas, los salarios perdidos por faltar al trabajo y las posibles reparaciones o sustituciones de la motocicleta. Considere la posibilidad de entablar un di\u00e1logo con su compa\u00f1\u00eda de seguros para entender su cobertura y explorar opciones adicionales si es necesario.<\/p>\n<h2>Tipos de lesiones causadas por accidentes de motocicleta<\/h2>\n<p>Los conductores de motocicletas son intr\u00ednsecamente m\u00e1s vulnerables que los ocupantes de veh\u00edculos cerrados debido a la falta de protecci\u00f3n circundante. Estas son algunas de las lesiones m\u00e1s comunes asociadas con los accidentes de motocicleta.<\/p>\n<h3>Erupci\u00f3n en la carretera<\/h3>\n<p>Se trata de un raspado doloroso de la piel que se produce cuando se desliza sobre el pavimento durante un accidente. La gravedad de la erupci\u00f3n puede variar desde abrasiones leves a heridas profundas que requieren injertos de piel.<\/p>\n<h3>Fracturas<\/h3>\n<p>La rotura de huesos es una consecuencia frecuente de los accidentes de moto, especialmente en piernas, brazos, costillas y clav\u00edcula. Dependiendo de la localizaci\u00f3n y gravedad de la fractura, el tratamiento puede consistir en escayola, cirug\u00eda o una combinaci\u00f3n de ambas.<\/p>\n<p><a href=\"https:\/\/www.apexosn.com\/wp-content\/uploads\/2024\/05\/shutterstock_1915335706-min.jpg\"><img fetchpriority=\"high\" decoding=\"async\" class=\"alignnone size-full wp-image-3345\" src=\"https:\/\/www.apexosn.com\/wp-content\/uploads\/2024\/05\/shutterstock_1915335706-min.jpg\" alt=\"Rock Hill Motorcycle Accident Injuries\" width=\"500\" height=\"334\" srcset=\"https:\/\/www.apexosn.com\/wp-content\/uploads\/2024\/05\/shutterstock_1915335706-min.jpg 500w, https:\/\/www.apexosn.com\/wp-content\/uploads\/2024\/05\/shutterstock_1915335706-min-300x200.jpg 300w\" sizes=\"(max-width: 500px) 100vw, 500px\" \/><\/a><\/p>\n<h3>Lesiones en la cabeza<\/h3>\n<p>Aunque los cascos reducen significativamente el riesgo y la gravedad de los traumatismos craneoencef\u00e1licos, no son infalibles. Los traumatismos craneoencef\u00e1licos pueden ser desde conmociones cerebrales leves hasta traumatismos potencialmente mortales. Incluso un traumatismo craneoencef\u00e1lico aparentemente leve puede tener consecuencias a largo plazo, por lo que es fundamental buscar atenci\u00f3n m\u00e9dica inmediatamente despu\u00e9s de un accidente, aunque no se experimenten s\u00edntomas inmediatos.<\/p>\n<h3>Lesiones medulares<\/h3>\n<p>Se trata de una de las lesiones m\u00e1s devastadoras que pueden producirse en un accidente de moto y que pueden llevar a la par\u00e1lisis. El diagn\u00f3stico precoz y la intervenci\u00f3n m\u00e9dica inmediata son esenciales para minimizar los da\u00f1os adicionales y maximizar la recuperaci\u00f3n potencial de una lesi\u00f3n de la m\u00e9dula espinal.<\/p>\n<h3>Lesiones de tejidos blandos<\/h3>\n<p>Las distensiones musculares, los esguinces y las roturas de ligamentos tambi\u00e9n son frecuentes en los accidentes de moto. Estas lesiones pueden causar dolor e incomodidad significativos, afectando a su movilidad y amplitud de movimiento. La fisioterapia desempe\u00f1a un papel crucial en el tratamiento y la rehabilitaci\u00f3n de las lesiones de tejidos blandos.<\/p>\n<h2>\u00bfQu\u00e9 debo tener en cuenta al buscar el mejor tratamiento tras un accidente de moto?<\/h2>\n<p>Elegir al profesional m\u00e9dico adecuado es vital para una recuperaci\u00f3n \u00f3ptima. He aqu\u00ed algunos factores clave que debe tener en cuenta al buscar un m\u00e9dico o terapeuta que le gu\u00ede en su viaje de curaci\u00f3n:<\/p>\n<h3>Experiencia<\/h3>\n<p>Busque un m\u00e9dico o terapeuta con un historial probado en el tratamiento de lesiones por accidentes de moto. Busque profesionales que tengan una amplia experiencia en el tratamiento de los tipos espec\u00edficos de lesiones que suelen asociarse a los accidentes de moto. Esto asegura que tienen un profundo conocimiento de los desaf\u00edos \u00fanicos que enfrentan las v\u00edctimas de accidentes de motocicleta y pueden adaptar los planes de tratamiento en consecuencia.<\/p>\n<h3>Especializaci\u00f3n<\/h3>\n<p>En funci\u00f3n de las lesiones espec\u00edficas que haya sufrido, considere la posibilidad de acudir a m\u00e9dicos especializados en \u00e1reas como la ortopedia para las fracturas \u00f3seas, la neurolog\u00eda para las lesiones cerebrales o el tratamiento del dolor cr\u00f3nico. Consultar con especialistas le permite beneficiarse de sus conocimientos especializados y le garantiza que recibir\u00e1 el tratamiento m\u00e1s eficaz disponible para sus necesidades espec\u00edficas.<\/p>\n<h3>Estilo de comunicaci\u00f3n<\/h3>\n<p>Busque un profesional m\u00e9dico que escuche atentamente sus preocupaciones, le explique las cosas con claridad en t\u00e9rminos que usted entienda y le haga participar activamente en el proceso de toma de decisiones. La comunicaci\u00f3n abierta es crucial para generar confianza y garantizar que usted se sienta c\u00f3modo haciendo preguntas y expresando sus preocupaciones a lo largo de su recuperaci\u00f3n.<\/p>\n<h3>Modales en la cama<\/h3>\n<p>Su proceso de recuperaci\u00f3n ser\u00e1 m\u00e1s llevadero con un m\u00e9dico emp\u00e1tico y comprensivo. Busque un profesional sanitario que demuestre compasi\u00f3n y reconozca los problemas f\u00edsicos y emocionales a los que se enfrenta. Un trato amable y alentador puede influir significativamente en su proceso de curaci\u00f3n.<\/p>\n<h3>Red<\/h3>\n<p>\u00bfDispone el m\u00e9dico de una red de especialistas a los que pueda remitirle en caso necesario? Esto puede ser especialmente importante si necesita consultar a especialistas de diversas \u00e1reas para recibir una atenci\u00f3n integral. Contar con una red de profesionales de confianza que trabajen juntos garantiza un enfoque fluido y coordinado de su recuperaci\u00f3n.<\/p>\n<p>Recuerde que usted es su propio defensor. No dude en hacer preguntas, pedir segundas opiniones si es necesario y participar activamente en su plan de tratamiento.<\/p>\n<h2>\u00bfPor qu\u00e9 elegirnos?<\/h2>\n<p><a href=\"https:\/\/www.apexosn.com\/wp-content\/uploads\/2024\/05\/shutterstock_390902179-min-1.jpg\"><img decoding=\"async\" class=\"alignnone size-full wp-image-3347\" src=\"https:\/\/www.apexosn.com\/wp-content\/uploads\/2024\/05\/shutterstock_390902179-min-1.jpg\" alt=\"Rock Hill Motorcycle Accident Treatment Team\" width=\"500\" height=\"334\" srcset=\"https:\/\/www.apexosn.com\/wp-content\/uploads\/2024\/05\/shutterstock_390902179-min-1.jpg 500w, https:\/\/www.apexosn.com\/wp-content\/uploads\/2024\/05\/shutterstock_390902179-min-1-300x200.jpg 300w\" sizes=\"(max-width: 500px) 100vw, 500px\" \/><\/a><\/p>\n<h3>Enfoque en lesiones por accidentes de motocicleta<\/h3>\n<p>Nos especializamos en el tratamiento de lesiones sufridas en accidentes de motocicleta. Nuestro equipo de m\u00e9dicos, fisioterapeutas y especialistas tienen una amplia experiencia en la comprensi\u00f3n de los desaf\u00edos \u00fanicos que enfrentan los motociclistas despu\u00e9s de un accidente. Este conocimiento especializado nos permite crear planes de tratamiento personalizados que abordan las necesidades espec\u00edficas de cada paciente.<\/p>\n<h3>Atenci\u00f3n integral<\/h3>\n<p>Ofrecemos una amplia gama de servicios bajo un mismo techo, eliminando la necesidad de navegar citas con varios proveedores en diferentes lugares. Esto incluye servicios in situ como ortopedia, fisioterapia, tratamiento del dolor y quiropr\u00e1ctica. Este enfoque racionalizado garantiza una comunicaci\u00f3n fluida y una atenci\u00f3n coordinada para una recuperaci\u00f3n m\u00e1s r\u00e1pida y eficaz.<\/p>\n<h3>\u00c9xito demostrado<\/h3>\n<p>Estamos orgullosos de nuestra alta tasa de \u00e9xito en ayudar a las v\u00edctimas de accidentes de motocicleta a lograr una recuperaci\u00f3n completa y funcional. Nuestro equipo utiliza las \u00faltimas t\u00e9cnicas y tecnolog\u00edas de tratamiento para maximizar la curaci\u00f3n y minimizar las complicaciones a largo plazo. Podemos proporcionar testimonios de pacientes satisfechos que se han recuperado con \u00e9xito de accidentes de motocicleta con nuestra ayuda.<\/p>\n<h3>Defensa y orientaci\u00f3n<\/h3>\n<p>No nos limitamos a tratar sus lesiones. Tambi\u00e9n podemos proporcionar orientaci\u00f3n y apoyo a lo largo del proceso legal si otra parte es responsable del accidente. Podemos ponerlo en contacto con profesionales legales experimentados que se especializan en casos de accidentes de motocicleta, asegurando que reciba una compensaci\u00f3n justa por sus facturas m\u00e9dicas, salarios perdidos y otros gastos relacionados con el accidente.<\/p>\n<h2>\u00a1Tome las riendas de su recuperaci\u00f3n hoy mismo!<\/h2>\n<p>Los accidentes de motocicleta pueden ser una experiencia que altera la vida. Las lesiones f\u00edsicas, el trauma emocional y las cargas financieras pueden hacer que se sienta abrumado e inseguro sobre el futuro. Sin embargo, con el conocimiento adecuado, el sistema de apoyo adecuado, y un compromiso con su recuperaci\u00f3n, puede recuperar el control y seguir adelante.<\/p>\n<p>Concierte una cita con un m\u00e9dico de Apex Orthopaedics, Spine &amp; Neurology llamando al <a href=\"tel:+17044123045\"><i class=\"fa fa-phone-alt\"><\/i>704-412-3045<\/a>. No espere a que los s\u00edntomas empeoren: busque atenci\u00f3n m\u00e9dica lo antes posible despu\u00e9s del accidente.<\/p>\n","protected":false},"excerpt":{"rendered":"<p>El rugido del motor, el viento en el pelo&#8230; conducir una motocicleta es una sensaci\u00f3n de libertad y euforia. Pero la alegr\u00eda del viaje puede verse ensombrecida por el impacto repentino de un accidente. Si has sufrido un accidente de moto, es probable que te sientas abrumado, confuso e incluso asustado. Pero respire hondo: no [&hellip;]<\/p>\n","protected":false},"author":6,"featured_media":0,"parent":2735,"menu_order":0,"comment_status":"closed","ping_status":"closed","template":"","meta":{"_acf_changed":false,"footnotes":""},"categories":[],"tags":[],"class_list":["post-5067","page","type-page","status-publish","hentry"],"acf":[],"_links":{"self":[{"href":"https:\/\/www.apexosn.com\/es\/wp-json\/wp\/v2\/pages\/5067","targetHints":{"allow":["GET"]}}],"collection":[{"href":"https:\/\/www.apexosn.com\/es\/wp-json\/wp\/v2\/pages"}],"about":[{"href":"https:\/\/www.apexosn.com\/es\/wp-json\/wp\/v2\/types\/page"}],"author":[{"embeddable":true,"href":"https:\/\/www.apexosn.com\/es\/wp-json\/wp\/v2\/users\/6"}],"replies":[{"embeddable":true,"href":"https:\/\/www.apexosn.com\/es\/wp-json\/wp\/v2\/comments?post=5067"}],"version-history":[{"count":2,"href":"https:\/\/www.apexosn.com\/es\/wp-json\/wp\/v2\/pages\/5067\/revisions"}],"predecessor-version":[{"id":5069,"href":"https:\/\/www.apexosn.com\/es\/wp-json\/wp\/v2\/pages\/5067\/revisions\/5069"}],"up":[{"embeddable":true,"href":"https:\/\/www.apexosn.com\/es\/wp-json\/wp\/v2\/pages\/2735"}],"wp:attachment":[{"href":"https:\/\/www.apexosn.com\/es\/wp-json\/wp\/v2\/media?parent=5067"}],"wp:term":[{"taxonomy":"category","embeddable":true,"href":"https:\/\/www.apexosn.com\/es\/wp-json\/wp\/v2\/categories?post=5067"},{"taxonomy":"post_tag","embeddable":true,"href":"https:\/\/www.apexosn.com\/es\/wp-json\/wp\/v2\/tags?post=5067"}],"curies":[{"name":"wp","href":"https:\/\/api.w.org\/{rel}","templated":true}]}}