{"id":5064,"date":"2024-05-14T10:58:21","date_gmt":"2024-05-14T15:58:21","guid":{"rendered":"https:\/\/www.apexosn.com\/rock-hill-sc\/clinica-medica-rock-hill\/"},"modified":"2024-05-27T00:56:00","modified_gmt":"2024-05-27T05:56:00","slug":"clinica-medica-rock-hill","status":"publish","type":"page","link":"https:\/\/www.apexosn.com\/es\/rock-hill-sc\/clinica-medica-rock-hill\/","title":{"rendered":"Cl\u00ednica M\u00e9dica Rock Hill"},"content":{"rendered":"<p>Las lesiones se producen de diversas formas y pueden causar dolor agudo y malestar. Puedes quemarte la mano en una sart\u00e9n caliente, golpearte el dedo del pie con un objeto duro, golpearte la cabeza con un objeto que cuelga bajo o lesionarte practicando alg\u00fan deporte. Todas estas lesiones requieren atenci\u00f3n m\u00e9dica.<\/p>\n<p>Las lesiones pueden ocurrirle a cualquiera y en cualquier lugar. Lo que marca la diferencia es la cl\u00ednica m\u00e9dica de Rock Hill que elija.<\/p>\n<p>Apex Orthopaedics Spine &amp; Neurology se asegura de que no sufra demasiado dolor por sus lesiones. Recibir\u00e1 atenci\u00f3n m\u00e9dica inmediata por parte de m\u00e9dicos que utilizan las \u00faltimas tecnolog\u00edas y t\u00e9cnicas. Queremos asegurarnos de que se recupere lo antes posible; eso s\u00f3lo es posible con la atenci\u00f3n adecuada.<\/p>\n\t\t<div data-elementor-type=\"section\" data-elementor-id=\"208\" class=\"elementor elementor-208\" data-elementor-post-type=\"elementor_library\">\n\t\t\t\t\t<section class=\"elementor-section elementor-top-section elementor-element elementor-element-485e576a elementor-section-boxed elementor-section-height-default elementor-section-height-default\" data-id=\"485e576a\" data-element_type=\"section\" data-e-type=\"section\">\n\t\t\t\t\t\t<div class=\"elementor-container elementor-column-gap-default\">\n\t\t\t\t\t<div class=\"elementor-column elementor-col-100 elementor-top-column elementor-element elementor-element-635c38c0\" data-id=\"635c38c0\" data-element_type=\"column\" data-e-type=\"column\">\n\t\t\t<div class=\"elementor-widget-wrap elementor-element-populated\">\n\t\t\t\t\t\t<div class=\"elementor-element elementor-element-3ba95c8a elementor-toc--minimized-on-tablet elementor-widget elementor-widget-table-of-contents\" data-id=\"3ba95c8a\" data-element_type=\"widget\" data-e-type=\"widget\" data-settings=\"{&quot;exclude_headings_by_selector&quot;:&quot;.toc-remove&quot;,&quot;headings_by_tags&quot;:[&quot;h2&quot;,&quot;h3&quot;],&quot;marker_view&quot;:&quot;numbers&quot;,&quot;no_headings_message&quot;:&quot;No se ha encontrado ning\\u00fan encabezado en esta p\\u00e1gina.&quot;,&quot;minimize_box&quot;:&quot;yes&quot;,&quot;minimized_on&quot;:&quot;tablet&quot;,&quot;hierarchical_view&quot;:&quot;yes&quot;,&quot;min_height&quot;:{&quot;unit&quot;:&quot;px&quot;,&quot;size&quot;:&quot;&quot;,&quot;sizes&quot;:[]},&quot;min_height_laptop&quot;:{&quot;unit&quot;:&quot;px&quot;,&quot;size&quot;:&quot;&quot;,&quot;sizes&quot;:[]},&quot;min_height_tablet&quot;:{&quot;unit&quot;:&quot;px&quot;,&quot;size&quot;:&quot;&quot;,&quot;sizes&quot;:[]},&quot;min_height_mobile&quot;:{&quot;unit&quot;:&quot;px&quot;,&quot;size&quot;:&quot;&quot;,&quot;sizes&quot;:[]}}\" data-widget_type=\"table-of-contents.default\">\n\t\t\t\t\t\t\t\t\t<div class=\"elementor-toc__header\">\n\t\t\t\t\t\t<div class=\"elementor-toc__header-title\">\n\t\t\t\tTable of Contents\t\t\t<\/div>\n\t\t\t\t\t\t\t\t\t\t<div class=\"elementor-toc__toggle-button elementor-toc__toggle-button--expand\" role=\"button\" tabindex=\"0\" aria-controls=\"elementor-toc__3ba95c8a\" aria-expanded=\"true\" aria-label=\"Abrir la tabla de contenidos\"><svg aria-hidden=\"true\" class=\"e-font-icon-svg e-fas-chevron-down\" viewBox=\"0 0 448 512\" xmlns=\"http:\/\/www.w3.org\/2000\/svg\"><path d=\"M207.029 381.476L12.686 187.132c-9.373-9.373-9.373-24.569 0-33.941l22.667-22.667c9.357-9.357 24.522-9.375 33.901-.04L224 284.505l154.745-154.021c9.379-9.335 24.544-9.317 33.901.04l22.667 22.667c9.373 9.373 9.373 24.569 0 33.941L240.971 381.476c-9.373 9.372-24.569 9.372-33.942 0z\"><\/path><\/svg><\/div>\n\t\t\t\t<div class=\"elementor-toc__toggle-button elementor-toc__toggle-button--collapse\" role=\"button\" tabindex=\"0\" aria-controls=\"elementor-toc__3ba95c8a\" aria-expanded=\"true\" aria-label=\"Cerrar la tabla de contenidos\"><svg aria-hidden=\"true\" class=\"e-font-icon-svg e-fas-chevron-up\" viewBox=\"0 0 448 512\" xmlns=\"http:\/\/www.w3.org\/2000\/svg\"><path d=\"M240.971 130.524l194.343 194.343c9.373 9.373 9.373 24.569 0 33.941l-22.667 22.667c-9.357 9.357-24.522 9.375-33.901.04L224 227.495 69.255 381.516c-9.379 9.335-24.544 9.317-33.901-.04l-22.667-22.667c-9.373-9.373-9.373-24.569 0-33.941L207.03 130.525c9.372-9.373 24.568-9.373 33.941-.001z\"><\/path><\/svg><\/div>\n\t\t\t\t\t<\/div>\n\t\t\t\t<div id=\"elementor-toc__3ba95c8a\" class=\"elementor-toc__body\">\n\t\t\t<div class=\"elementor-toc__spinner-container\">\n\t\t\t\t<svg class=\"elementor-toc__spinner eicon-animation-spin e-font-icon-svg e-eicon-loading\" aria-hidden=\"true\" viewBox=\"0 0 1000 1000\" xmlns=\"http:\/\/www.w3.org\/2000\/svg\"><path d=\"M500 975V858C696 858 858 696 858 500S696 142 500 142 142 304 142 500H25C25 237 238 25 500 25S975 237 975 500 763 975 500 975Z\"><\/path><\/svg>\t\t\t<\/div>\n\t\t<\/div>\n\t\t\t\t\t\t<\/div>\n\t\t\t\t\t<\/div>\n\t\t<\/div>\n\t\t\t\t\t<\/div>\n\t\t<\/section>\n\t\t\t\t<\/div>\n\t\t\n<h2>Atenci\u00f3n m\u00e9dica integral para lesiones<\/h2>\n<p>Lidiar con el dolor y las lesiones es lo m\u00e1s duro por lo que puede pasar cualquier persona. Realizar sus actividades cotidianas puede resultar m\u00e1s dif\u00edcil, si no imposible. Simples reflejos como estirarse, re\u00edrse o incluso movimientos ligeros provocan mucho dolor.<\/p>\n<p>La mayor\u00eda de estas lesiones se producen como consecuencia de un accidente de coche, lesiones laborales, lesiones deportivas y otros accidentes. Aunque una simple lesi\u00f3n puede cambiarle la vida, recibir la atenci\u00f3n m\u00e9dica adecuada puede ayudarle a iniciar el camino hacia la recuperaci\u00f3n.<\/p>\n<p>En Apex Orthopaedics Spine &amp; Neurology, nos enorgullecemos de ofrecer una atenci\u00f3n m\u00e9dica satisfactoria para todas las lesiones. Nuestros especialistas utilizan m\u00e9todos de tratamiento conservadores y no invasivos que han demostrado tener altas tasas de \u00e9xito.<\/p>\n<p>Ofrecemos los siguientes servicios en nuestra cl\u00ednica m\u00e9dica de Rock Hill.<\/p>\n<h3>Radiograf\u00edas y diagn\u00f3stico<\/h3>\n<p>Las radiograf\u00edas ofrecen a los m\u00e9dicos una imagen clara de su cuerpo y de la zona lesionada. Suelen hacerse para identificar huesos rotos y otras lesiones internas. La resonancia magn\u00e9tica (RM) proporciona im\u00e1genes detalladas de \u00f3rganos y tejidos. Las resonancias magn\u00e9ticas suelen utilizarse para detectar problemas en el cerebro y la m\u00e9dula espinal.<\/p>\n<p>Los m\u00e9dicos propondr\u00e1n las opciones de tratamiento adecuadas en funci\u00f3n de lo que vean en las radiograf\u00edas y las resonancias magn\u00e9ticas.<\/p>\n<h3>Tratamiento del dolor<\/h3>\n<p>El dolor puede interferir en sus actividades cotidianas y hacerle pasar por una gran agon\u00eda. Aunque el dolor nos avisa de problemas en nuestro cuerpo, el dolor cr\u00f3nico puede llegar a ser insoportable. Los especialistas en tratamiento del dolor ayudan a los pacientes a sentirse mejor y a mejorar su calidad de vida.<\/p>\n<p>Nuestras soluciones para el tratamiento del dolor pueden incluir medicaci\u00f3n, inyecciones, bloqueos nerviosos y procedimientos m\u00e9dicos m\u00ednimamente invasivos para los pacientes en funci\u00f3n de sus s\u00edntomas.<\/p>\n<p><a href=\"https:\/\/www.apexosn.com\/wp-content\/uploads\/2024\/05\/shutterstock_325869920-min.jpg\"><img fetchpriority=\"high\" decoding=\"async\" class=\"alignnone size-full wp-image-3331\" src=\"https:\/\/www.apexosn.com\/wp-content\/uploads\/2024\/05\/shutterstock_325869920-min.jpg\" alt=\"Road Sign With The Message of Pain Relief This Way\" width=\"500\" height=\"307\" srcset=\"https:\/\/www.apexosn.com\/wp-content\/uploads\/2024\/05\/shutterstock_325869920-min.jpg 500w, https:\/\/www.apexosn.com\/wp-content\/uploads\/2024\/05\/shutterstock_325869920-min-300x184.jpg 300w\" sizes=\"(max-width: 500px) 100vw, 500px\" \/><\/a><\/p>\n<h3>Atenci\u00f3n quiropr\u00e1ctica<\/h3>\n<p>Los accidentes y otras lesiones traum\u00e1ticas, como una ca\u00edda, pueden causar mucho dolor en la espalda y el cuello. La atenci\u00f3n quiropr\u00e1ctica tiene por objeto manipular o ajustar la columna vertebral para controlar el dolor y restablecer el movimiento. Los m\u00e9dicos utilizan una fuerza repentina y controlada para ayudar al cuerpo a curarse y mejorar su amplitud de movimiento.<\/p>\n<h3>Fisioterapia<\/h3>\n<p>La fisioterapia incluye movimientos, ejercicios y terapia manual destinados a ayudar a los afectados por lesiones a restablecer sus movimientos. El tratamiento ayuda a restablecer el movimiento, controlar el dolor y mejorar el estado de \u00e1nimo. Las opciones de tratamiento incluyen estiramientos musculares, masajes de tejidos blandos, manipulaciones articulares, etc.<\/p>\n<h3>Tratamiento de lesiones de espalda<\/h3>\n<p>El dolor de espalda provocado por diversas lesiones es la fuente de dolor de muchas personas, lo que les impide seguir adelante con su vida cotidiana. La espalda contiene varios huesos, m\u00fasculos y ligamentos susceptibles de sufrir lesiones. El dolor es consecuencia de accidentes, lesiones deportivas y movimientos repetitivos.<\/p>\n<p>Una de nuestras opciones de tratamiento para las lesiones de espalda es la fisioterapia, cuyo objetivo es mejorar la amplitud de movimiento. Incluye ejercicios que ense\u00f1an flexibilidad, fortalecen los m\u00fasculos y mejoran la postura. Los pacientes tambi\u00e9n reciben formaci\u00f3n sobre modificaciones del movimiento para reducir el dolor.<\/p>\n<h3>Tratamiento de las fracturas \u00f3seas<\/h3>\n<p>Las fracturas \u00f3seas se producen cuando un hueso del cuerpo sufre demasiada fuerza de la que puede soportar. Una fractura \u00f3sea puede causar dolor intenso, hinchaz\u00f3n, deformidad y p\u00e9rdida de funcionalidad en la zona afectada.<\/p>\n<p>Las fracturas pueden producirse en mu\u00f1ecas, piernas, caderas y tobillos. Las causas m\u00e1s comunes son los accidentes de tr\u00e1fico, las ca\u00eddas y las lesiones deportivas.<\/p>\n<p>El tratamiento de las fracturas \u00f3seas depende de la localizaci\u00f3n y gravedad de la lesi\u00f3n. Algunas fracturas finas se curan con simples cuidados domiciliarios y movilidad limitada. Muchos pacientes con fracturas \u00f3seas necesitan aparatos ortop\u00e9dicos, f\u00e9rulas o yesos, mientras que las fracturas graves pueden requerir cirug\u00eda ortop\u00e9dica.<\/p>\n<p><a href=\"https:\/\/www.apexosn.com\/wp-content\/uploads\/2024\/05\/shutterstock_495722575-min.jpg\"><img decoding=\"async\" class=\"alignnone size-full wp-image-3539\" src=\"https:\/\/www.apexosn.com\/wp-content\/uploads\/2024\/05\/shutterstock_495722575-min.jpg\" alt=\"Medical Clinic in Rock Hill, South Carolina\" width=\"500\" height=\"334\" srcset=\"https:\/\/www.apexosn.com\/wp-content\/uploads\/2024\/05\/shutterstock_495722575-min.jpg 500w, https:\/\/www.apexosn.com\/wp-content\/uploads\/2024\/05\/shutterstock_495722575-min-300x200.jpg 300w\" sizes=\"(max-width: 500px) 100vw, 500px\" \/><\/a><\/p>\n<h3>Tratamiento de lesiones craneales<\/h3>\n<p>El cerebro es un \u00f3rgano blando y sensible. Cualquier golpe en la cabeza puede hacer que el cerebro se mueva, golpeando el cr\u00e1neo y los huesos faciales. Esto puede causar inflamaci\u00f3n o hemorragia cerebral.<\/p>\n<p>El tipo m\u00e1s com\u00fan de lesi\u00f3n cerebral traum\u00e1tica es la conmoci\u00f3n cerebral. Una conmoci\u00f3n interfiere en el funcionamiento normal del cerebro y puede causar p\u00e9rdida de conciencia. Los s\u00edntomas m\u00e1s comunes son p\u00e9rdida de conciencia, dolor de cabeza, fatiga, confusi\u00f3n, mareos, problemas para dormir y visi\u00f3n borrosa.<\/p>\n<p>El tratamiento de un traumatismo craneoencef\u00e1lico comienza con un TAC, que ayuda a los m\u00e9dicos a determinar la causa exacta de los s\u00edntomas. Tambi\u00e9n puede utilizarse una resonancia magn\u00e9tica para el diagn\u00f3stico. Las opciones de tratamiento pueden incluir analg\u00e9sicos para aliviar los dolores de cabeza, observaci\u00f3n atenta y mucho reposo.<\/p>\n<h3>Tratamiento de las lesiones de cadera<\/h3>\n<p>El dolor de cadera puede ser consecuencia de un accidente de autom\u00f3vil o de una ca\u00edda. Al ser la articulaci\u00f3n m\u00e1s grande del cuerpo, la cadera es necesaria para soportar el peso, moverse y mantener el equilibrio. El dolor de cadera se produce cuando un paciente sufre una distensi\u00f3n muscular, una fractura de cadera, un desgarro o una luxaci\u00f3n.<\/p>\n<p>El tratamiento de una lesi\u00f3n de cadera comienza con el control del dolor para aliviar el dolor y otros s\u00edntomas. Los profesionales sanitarios tambi\u00e9n recomiendan fisioterapia para estirar y ejercitar los m\u00fasculos con el fin de aumentar la estabilidad. En casos graves, puede ser necesaria la cirug\u00eda de cadera para reparar una fractura.<\/p>\n<h3>Cuidado de las lesiones cervicales<\/h3>\n<p>El dolor de cuello puede ser consecuencia de una mala postura, un uso excesivo o una mala posici\u00f3n al dormir. Los casos m\u00e1s graves se producen cuando una persona sufre un accidente de coche que le provoca un latigazo cervical. Los m\u00fasculos, ligamentos y huesos del cuello pueden inflamarse o lesionarse, provocando rigidez y dolor.<\/p>\n<p>El dolor de cuello puede ser leve o intenso, dependiendo de la causa. Los s\u00edntomas incluyen rigidez de cuello, dolor de cabeza, entumecimiento y dolor agudo al moverse. El tratamiento consiste en una exploraci\u00f3n f\u00edsica para determinar el origen del dolor. Los casos graves pueden requerir una radiograf\u00eda o un TAC para determinar la localizaci\u00f3n exacta y el origen del dolor.<\/p>\n<h3>Cuidados de las lesiones de rodilla<\/h3>\n<p>La rodilla es una de las articulaciones m\u00e1s fuertes del cuerpo y soporta todo el peso corporal. Tambi\u00e9n permite que la pierna se doble y estire con facilidad. Una lesi\u00f3n de rodilla puede causar mucho dolor y limitar la movilidad.<\/p>\n<p>Las lesiones de rodilla se producen por da\u00f1os en los ligamentos, tendones, cart\u00edlagos y huesos de la zona. Como la rodilla soporta todo el peso del cuerpo, puede lesionarse al correr o saltar. Una lesi\u00f3n de rodilla es insoportable, y los pacientes pueden tener dificultades para caminar.<\/p>\n<p>El tratamiento de las lesiones de rodilla incluye protecci\u00f3n para evitar actividades, elevaci\u00f3n para colocarla en una posici\u00f3n c\u00f3moda y compresi\u00f3n para evitar la hinchaz\u00f3n. Los pacientes con lesiones graves de rodilla pueden necesitar fisioterapia y rehabilitaci\u00f3n.<\/p>\n<h3>Tratamiento m\u00ednimamente invasivo<\/h3>\n<p>Cuando busca tratamiento para sus lesiones en Apex Orthopaedics Spine &amp; Neurology, tiene la seguridad de que los m\u00e9dicos del hospital se preocupan por su salud y su recuperaci\u00f3n. Una de las t\u00e9cnicas utilizadas para garantizar que se recupere r\u00e1pidamente de sus lesiones es el tratamiento m\u00ednimamente invasivo.<\/p>\n<p>El tratamiento m\u00ednimamente invasivo minimiza el corte de piel y tejidos durante la cirug\u00eda. Mediante el uso de tecnolog\u00eda y t\u00e9cnicas avanzadas, los cirujanos se esfuerzan por causar menos traumatismos a los pacientes durante el tratamiento de las lesiones.<\/p>\n<p>Entre las ventajas de la cirug\u00eda ortop\u00e9dica m\u00ednimamente invasiva se incluyen:<\/p>\n<ul>\n<li>Menor traumatismo para el cuerpo<\/li>\n<li>Reducci\u00f3n del dolor y del riesgo de complicaciones<\/li>\n<li>Menor tiempo de recuperaci\u00f3n<\/li>\n<li>Menor riesgo de infecci\u00f3n<\/li>\n<li>Estancia hospitalaria breve<\/li>\n<li>Reducci\u00f3n de las cicatrices<\/li>\n<\/ul>\n<p>En Apex Orthopaedics Spine &amp; Neurology, siempre queremos lo mejor para nuestros pacientes e investigamos continuamente las \u00faltimas tecnolog\u00edas y t\u00e9cnicas. Queremos asegurarnos de que nuestros pacientes reciben la mejor atenci\u00f3n despu\u00e9s de una lesi\u00f3n, independientemente del tipo y la causa.<\/p>\n<p><a href=\"https:\/\/www.apexosn.com\/wp-content\/uploads\/2024\/05\/shutterstock_1789461236-min.jpg\"><img decoding=\"async\" class=\"alignnone size-full wp-image-3537\" src=\"https:\/\/www.apexosn.com\/wp-content\/uploads\/2024\/05\/shutterstock_1789461236-min.jpg\" alt=\"Cl\u00ednica M\u00e9dica Rock Hill\" width=\"500\" height=\"334\" srcset=\"https:\/\/www.apexosn.com\/wp-content\/uploads\/2024\/05\/shutterstock_1789461236-min.jpg 500w, https:\/\/www.apexosn.com\/wp-content\/uploads\/2024\/05\/shutterstock_1789461236-min-300x200.jpg 300w\" sizes=\"(max-width: 500px) 100vw, 500px\" \/><\/a><\/p>\n<h2>C\u00f3mo elegir la mejor cl\u00ednica m\u00e9dica de Rock Hill<\/h2>\n<p>Encontrar la mejor atenci\u00f3n m\u00e9dica despu\u00e9s de una lesi\u00f3n es el comienzo de su viaje hacia su camino de recuperaci\u00f3n. Apex Orthopaedics Spine &amp; Neurology se esfuerza por ofrecer atenci\u00f3n m\u00e9dica inmediata a cualquier persona lesionada en un accidente, deporte o ca\u00edda.<\/p>\n<p>Los especialistas de nuestra cl\u00ednica m\u00e9dica de Rock Hill utilizan las \u00faltimas tecnolog\u00edas y una atenci\u00f3n progresiva para tratar todas las lesiones, ya sea latigazo cervical, dolor de rodilla, dolor de espalda, traumatismo craneoencef\u00e1lico o rotura de ligamentos. Nuestro plan de tratamiento se adapta a las necesidades de cada persona para una r\u00e1pida recuperaci\u00f3n.<\/p>\n<p>Los pacientes que eligen nuestra cl\u00ednica m\u00e9dica de Rock Hill se benefician de lo siguiente.<\/p>\n<h3>Compromiso<\/h3>\n<p>Nos tomamos muy en serio el cuidado de nuestros pacientes y nos alegramos cuando pueden volver a sus actividades cotidianas. El compromiso y la dedicaci\u00f3n de nuestro equipo de m\u00e9dicos est\u00e1n orientados a proporcionar la mejor atenci\u00f3n y una recuperaci\u00f3n completa.<\/p>\n<h3>Accesibilidad<\/h3>\n<p>Los accidentes no conocen hora ni d\u00eda; simplemente ocurren. Cuando ocurre, necesita atenci\u00f3n m\u00e9dica inmediata, y encontrar asistencia no deber\u00eda ser un problema. Apex Orthopaedics Spine &amp; Neurology trabaja las 24 horas del d\u00eda, los 7 d\u00edas de la semana, para garantizar que nuestros pacientes no tarden demasiado tiempo sin ser atendidos.<\/p>\n<h3>Asequibilidad<\/h3>\n<p>Aunque el seguro pague sus honorarios, usted sigue necesitando una atenci\u00f3n asequible. Ofrecemos opciones de tratamiento asequibles para que todos los que necesiten nuestros cuidados puedan obtenerlos sin ning\u00fan contratiempo.<\/p>\n<h3>Profesionalidad<\/h3>\n<p>La profesionalidad es importante en cualquier centro m\u00e9dico. Nuestro personal se asegurar\u00e1 de que se sienta bienvenido ofreci\u00e9ndole el mejor servicio de atenci\u00f3n al cliente. Usted puede sentirse a gusto en nuestras instalaciones, sabiendo que los m\u00e9dicos est\u00e1n capacitados para ofrecer una atenci\u00f3n compasiva para asegurar que se recupere tanto f\u00edsica como mentalmente.<\/p>\n<h2>\u00a1Llame hoy mismo a Apex Orthopaedics Spine &amp; Neurology!<\/h2>\n<p>Independientemente de la gravedad del accidente, conseguir una recuperaci\u00f3n total debe ser siempre una prioridad. Una r\u00e1pida recuperaci\u00f3n s\u00f3lo puede ocurrir si usted recibe la mejor atenci\u00f3n m\u00e9dica tan pronto como sea posible. Conseguir un m\u00e9dico que entienda el impacto de sus lesiones tanto en la salud f\u00edsica como mental le ayudar\u00e1 a iniciar su viaje de recuperaci\u00f3n de una manera positiva.<\/p>\n<p>Apex Orthopaedics Spine &amp; Neurology ofrece tecnolog\u00eda y t\u00e9cnicas avanzadas para tratar todo tipo de lesiones. Nuestros m\u00e9todos de tratamiento m\u00e9dico se adaptan a las distintas lesiones y necesidades individuales. Si necesita tratamiento para lesiones tras un accidente, ll\u00e1menos al <a href=\"tel:+17042723880\"><i class=\"fa fa-phone-alt\"><\/i>704-272-3880<\/a> y nos pondremos manos a la obra de inmediato.<\/p>\n","protected":false},"excerpt":{"rendered":"<p>Las lesiones se producen de diversas formas y pueden causar dolor agudo y malestar. Puedes quemarte la mano en una sart\u00e9n caliente, golpearte el dedo del pie con un objeto duro, golpearte la cabeza con un objeto que cuelga bajo o lesionarte practicando alg\u00fan deporte. Todas estas lesiones requieren atenci\u00f3n m\u00e9dica. Las lesiones pueden ocurrirle [&hellip;]<\/p>\n","protected":false},"author":6,"featured_media":0,"parent":2735,"menu_order":0,"comment_status":"closed","ping_status":"closed","template":"","meta":{"_acf_changed":false,"footnotes":""},"categories":[],"tags":[],"class_list":["post-5064","page","type-page","status-publish","hentry"],"acf":[],"_links":{"self":[{"href":"https:\/\/www.apexosn.com\/es\/wp-json\/wp\/v2\/pages\/5064","targetHints":{"allow":["GET"]}}],"collection":[{"href":"https:\/\/www.apexosn.com\/es\/wp-json\/wp\/v2\/pages"}],"about":[{"href":"https:\/\/www.apexosn.com\/es\/wp-json\/wp\/v2\/types\/page"}],"author":[{"embeddable":true,"href":"https:\/\/www.apexosn.com\/es\/wp-json\/wp\/v2\/users\/6"}],"replies":[{"embeddable":true,"href":"https:\/\/www.apexosn.com\/es\/wp-json\/wp\/v2\/comments?post=5064"}],"version-history":[{"count":2,"href":"https:\/\/www.apexosn.com\/es\/wp-json\/wp\/v2\/pages\/5064\/revisions"}],"predecessor-version":[{"id":5066,"href":"https:\/\/www.apexosn.com\/es\/wp-json\/wp\/v2\/pages\/5064\/revisions\/5066"}],"up":[{"embeddable":true,"href":"https:\/\/www.apexosn.com\/es\/wp-json\/wp\/v2\/pages\/2735"}],"wp:attachment":[{"href":"https:\/\/www.apexosn.com\/es\/wp-json\/wp\/v2\/media?parent=5064"}],"wp:term":[{"taxonomy":"category","embeddable":true,"href":"https:\/\/www.apexosn.com\/es\/wp-json\/wp\/v2\/categories?post=5064"},{"taxonomy":"post_tag","embeddable":true,"href":"https:\/\/www.apexosn.com\/es\/wp-json\/wp\/v2\/tags?post=5064"}],"curies":[{"name":"wp","href":"https:\/\/api.w.org\/{rel}","templated":true}]}}