{"id":5061,"date":"2024-05-14T11:57:08","date_gmt":"2024-05-14T16:57:08","guid":{"rendered":"https:\/\/www.apexosn.com\/rock-hill-sc\/rock-hill-cuidado-quiropractico\/"},"modified":"2024-05-27T00:34:10","modified_gmt":"2024-05-27T05:34:10","slug":"rock-hill-cuidado-quiropractico","status":"publish","type":"page","link":"https:\/\/www.apexosn.com\/es\/rock-hill-sc\/rock-hill-cuidado-quiropractico\/","title":{"rendered":"Rock Hill Cuidado Quiropr\u00e1ctico"},"content":{"rendered":"<p>Vivir con dolor puede afectar significativamente su vida diaria y su bienestar general. En Apex Orthopaedics Spine &amp; Neurology en Rock Hill, entendemos los desaf\u00edos que presenta el dolor cr\u00f3nico. El cuidado quiropr\u00e1ctico es un enfoque seguro y eficaz para el manejo del dolor que se centra en la capacidad natural del cuerpo para curarse a s\u00ed mismo.<\/p>\n<p>\u00a1Programar una consulta hoy! Nuestros quiropr\u00e1cticos con experiencia en Rock Hill puede evaluar sus necesidades \u00fanicas y determinar si la atenci\u00f3n quiropr\u00e1ctica puede ayudarle a lograr el alivio del dolor a largo plazo y mejorar la movilidad. \u00a1Ll\u00e1menos al <a href=\"tel:+17044123045\"><i class=\"fa fa-phone-alt\"><\/i>704-412-3045<\/a> para empezar!<\/p>\n\t\t<div data-elementor-type=\"section\" data-elementor-id=\"208\" class=\"elementor elementor-208\" data-elementor-post-type=\"elementor_library\">\n\t\t\t\t\t<section class=\"elementor-section elementor-top-section elementor-element elementor-element-485e576a elementor-section-boxed elementor-section-height-default elementor-section-height-default\" data-id=\"485e576a\" data-element_type=\"section\" data-e-type=\"section\">\n\t\t\t\t\t\t<div class=\"elementor-container elementor-column-gap-default\">\n\t\t\t\t\t<div class=\"elementor-column elementor-col-100 elementor-top-column elementor-element elementor-element-635c38c0\" data-id=\"635c38c0\" data-element_type=\"column\" data-e-type=\"column\">\n\t\t\t<div class=\"elementor-widget-wrap elementor-element-populated\">\n\t\t\t\t\t\t<div class=\"elementor-element elementor-element-3ba95c8a elementor-toc--minimized-on-tablet elementor-widget elementor-widget-table-of-contents\" data-id=\"3ba95c8a\" data-element_type=\"widget\" data-e-type=\"widget\" data-settings=\"{&quot;exclude_headings_by_selector&quot;:&quot;.toc-remove&quot;,&quot;headings_by_tags&quot;:[&quot;h2&quot;,&quot;h3&quot;],&quot;marker_view&quot;:&quot;numbers&quot;,&quot;no_headings_message&quot;:&quot;No headings were found on this page.&quot;,&quot;minimize_box&quot;:&quot;yes&quot;,&quot;minimized_on&quot;:&quot;tablet&quot;,&quot;hierarchical_view&quot;:&quot;yes&quot;,&quot;min_height&quot;:{&quot;unit&quot;:&quot;px&quot;,&quot;size&quot;:&quot;&quot;,&quot;sizes&quot;:[]},&quot;min_height_laptop&quot;:{&quot;unit&quot;:&quot;px&quot;,&quot;size&quot;:&quot;&quot;,&quot;sizes&quot;:[]},&quot;min_height_tablet&quot;:{&quot;unit&quot;:&quot;px&quot;,&quot;size&quot;:&quot;&quot;,&quot;sizes&quot;:[]},&quot;min_height_mobile&quot;:{&quot;unit&quot;:&quot;px&quot;,&quot;size&quot;:&quot;&quot;,&quot;sizes&quot;:[]}}\" data-widget_type=\"table-of-contents.default\">\n\t\t\t\t\t\t\t\t\t<div class=\"elementor-toc__header\">\n\t\t\t\t\t\t<div class=\"elementor-toc__header-title\">\n\t\t\t\tTable of Contents\t\t\t<\/div>\n\t\t\t\t\t\t\t\t\t\t<div class=\"elementor-toc__toggle-button elementor-toc__toggle-button--expand\" role=\"button\" tabindex=\"0\" aria-controls=\"elementor-toc__3ba95c8a\" aria-expanded=\"true\" aria-label=\"Open table of contents\"><svg aria-hidden=\"true\" class=\"e-font-icon-svg e-fas-chevron-down\" viewBox=\"0 0 448 512\" xmlns=\"http:\/\/www.w3.org\/2000\/svg\"><path d=\"M207.029 381.476L12.686 187.132c-9.373-9.373-9.373-24.569 0-33.941l22.667-22.667c9.357-9.357 24.522-9.375 33.901-.04L224 284.505l154.745-154.021c9.379-9.335 24.544-9.317 33.901.04l22.667 22.667c9.373 9.373 9.373 24.569 0 33.941L240.971 381.476c-9.373 9.372-24.569 9.372-33.942 0z\"><\/path><\/svg><\/div>\n\t\t\t\t<div class=\"elementor-toc__toggle-button elementor-toc__toggle-button--collapse\" role=\"button\" tabindex=\"0\" aria-controls=\"elementor-toc__3ba95c8a\" aria-expanded=\"true\" aria-label=\"Close table of contents\"><svg aria-hidden=\"true\" class=\"e-font-icon-svg e-fas-chevron-up\" viewBox=\"0 0 448 512\" xmlns=\"http:\/\/www.w3.org\/2000\/svg\"><path d=\"M240.971 130.524l194.343 194.343c9.373 9.373 9.373 24.569 0 33.941l-22.667 22.667c-9.357 9.357-24.522 9.375-33.901.04L224 227.495 69.255 381.516c-9.379 9.335-24.544 9.317-33.901-.04l-22.667-22.667c-9.373-9.373-9.373-24.569 0-33.941L207.03 130.525c9.372-9.373 24.568-9.373 33.941-.001z\"><\/path><\/svg><\/div>\n\t\t\t\t\t<\/div>\n\t\t\t\t<div id=\"elementor-toc__3ba95c8a\" class=\"elementor-toc__body\">\n\t\t\t<div class=\"elementor-toc__spinner-container\">\n\t\t\t\t<svg class=\"elementor-toc__spinner eicon-animation-spin e-font-icon-svg e-eicon-loading\" aria-hidden=\"true\" viewBox=\"0 0 1000 1000\" xmlns=\"http:\/\/www.w3.org\/2000\/svg\"><path d=\"M500 975V858C696 858 858 696 858 500S696 142 500 142 142 304 142 500H25C25 237 238 25 500 25S975 237 975 500 763 975 500 975Z\"><\/path><\/svg>\t\t\t<\/div>\n\t\t<\/div>\n\t\t\t\t\t\t<\/div>\n\t\t\t\t\t<\/div>\n\t\t<\/div>\n\t\t\t\t\t<\/div>\n\t\t<\/section>\n\t\t\t\t<\/div>\n\t\t\n<h2>\u00bfQu\u00e9 hacen los quiropr\u00e1cticos?<\/h2>\n<p>Los quiropr\u00e1cticos son profesionales de atenci\u00f3n primaria especializados en el sistema musculoesquel\u00e9tico, la intrincada red de huesos, m\u00fasculos, articulaciones, ligamentos, tendones y tejidos conectivos que proporcionan al cuerpo estructura, estabilidad y movimiento. Adoptan un enfoque pr\u00e1ctico y no quir\u00fargico para diagnosticar y tratar una amplia gama de afecciones que afectan al sistema musculoesquel\u00e9tico, a menudo con especial atenci\u00f3n a la columna vertebral.<\/p>\n<p>Un principio b\u00e1sico de la atenci\u00f3n quiropr\u00e1ctica es la creencia de que los desajustes de la columna vertebral, denominados subluxaciones, pueden alterar el equilibrio y el funcionamiento naturales del organismo. Las subluxaciones pueden deberse a diversos factores, como malas posturas, lesiones, movimientos repetitivos e incluso el desgaste cotidiano. Se cree que estas desalineaciones pueden irritar los nervios, restringir la movilidad de las articulaciones y contribuir al dolor, la rigidez y otros problemas de salud.<\/p>\n<p>Los quiropr\u00e1cticos utilizan diversas t\u00e9cnicas para diagnosticar y tratar las subluxaciones. Una de las t\u00e9cnicas m\u00e1s comunes son los ajustes vertebrales, que implican manipulaciones espec\u00edficas y controladas de la columna vertebral con el objetivo de restaurar la alineaci\u00f3n y la funci\u00f3n adecuadas de las articulaciones. Los quiropr\u00e1cticos est\u00e1n altamente capacitados para realizar ajustes seguros y eficaces adaptados a sus necesidades espec\u00edficas.<\/p>\n<p>M\u00e1s all\u00e1 de los ajustes, los quiropr\u00e1cticos tambi\u00e9n pueden incorporar otras terapias en sus planes de tratamiento, como:<\/p>\n<ul>\n<li><strong>Terapia de tejidos blandos<\/strong>: T\u00e9cnicas como la masoterapia y la terapia de puntos gatillo pueden ayudar a relajar los m\u00fasculos, mejorar la circulaci\u00f3n y reducir el dolor.<\/li>\n<li><strong>Movilizaci\u00f3n de la columna vertebral<\/strong>: Los movimientos y estiramientos m\u00e1s suaves pueden mejorar la movilidad articular y la amplitud de movimiento.<\/li>\n<li><strong>Ejercicios terap\u00e9uticos<\/strong>: Los ejercicios espec\u00edficos prescritos por su quiropr\u00e1ctico pueden fortalecer los m\u00fasculos centrales, mejorar la postura y promover la salud de la columna vertebral a largo plazo.<\/li>\n<li><strong>Modificaciones del estilo de vida<\/strong>: Los quiropr\u00e1cticos pueden recomendar ajustes ergon\u00f3micos, correcciones posturales y otros cambios en el estilo de vida para apoyar su bienestar general y prevenir problemas futuros.<\/li>\n<\/ul>\n<p>Al abordar los desajustes y promover una funci\u00f3n musculoesquel\u00e9tica \u00f3ptima, la atenci\u00f3n quiropr\u00e1ctica puede ofrecer un enfoque natural y eficaz para el tratamiento del dolor, la mejora de la movilidad y el bienestar general.<\/p>\n<h2>\u00bfPor qu\u00e9 necesito cuidados quiropr\u00e1cticos?<\/h2>\n<p>El cuidado quiropr\u00e1ctico puede ser beneficioso por una variedad de razones. Aqu\u00ed hay algunas razones comunes por las que la gente busca atenci\u00f3n quiropr\u00e1ctica.<\/p>\n<h3>Tratamiento del dolor<\/h3>\n<p>El cuidado quiropr\u00e1ctico es un enfoque bien reconocido para la gesti\u00f3n del dolor en el cuello, la espalda y las articulaciones. Al abordar los desajustes y promover la movilidad, los ajustes quiropr\u00e1cticos pueden reducir el dolor y mejorar la funci\u00f3n. Esto es particularmente \u00fatil para afecciones como el dolor lumbar, los dolores de cabeza y la ci\u00e1tica.<\/p>\n<p><a href=\"https:\/\/www.apexosn.com\/wp-content\/uploads\/2024\/05\/shutterstock_769605700-min.jpg\"><img fetchpriority=\"high\" decoding=\"async\" class=\"alignnone wp-image-3264 size-full\" src=\"https:\/\/www.apexosn.com\/wp-content\/uploads\/2024\/05\/shutterstock_769605700-min.jpg\" alt=\"Chiropractic Care Rock Hill SC\" width=\"500\" height=\"334\" srcset=\"https:\/\/www.apexosn.com\/wp-content\/uploads\/2024\/05\/shutterstock_769605700-min.jpg 500w, https:\/\/www.apexosn.com\/wp-content\/uploads\/2024\/05\/shutterstock_769605700-min-300x200.jpg 300w\" sizes=\"(max-width: 500px) 100vw, 500px\" \/><\/a><\/p>\n<h3>Mejora de la amplitud de movimiento<\/h3>\n<p>La rigidez articular y la restricci\u00f3n de movimientos pueden afectar significativamente a sus actividades diarias. Los ajustes quiropr\u00e1cticos pueden ayudar a mejorar la movilidad articular y la amplitud de movimiento, permiti\u00e9ndole moverse con mayor libertad y comodidad.<\/p>\n<h3>Mejora del rendimiento deportivo<\/h3>\n<p>Atletas de todos los niveles pueden beneficiarse de la atenci\u00f3n quiropr\u00e1ctica. Los ajustes regulares pueden ayudar a mantener una funci\u00f3n \u00f3ptima de las articulaciones, mejorar la flexibilidad y reducir potencialmente el riesgo de lesiones deportivas.<\/p>\n<h3>Correcci\u00f3n Postural<\/h3>\n<p>Una mala postura puede provocar dolor e incomodidad. Los quiropr\u00e1cticos pueden evaluar su postura y recomendar ajustes y estiramientos para promover la alineaci\u00f3n adecuada de la columna vertebral y mejorar su postura general.<\/p>\n<h3>Alivio del dolor de cabeza<\/h3>\n<p>Los dolores de cabeza, incluidas las cefaleas tensionales y las migra\u00f1as, a menudo pueden estar relacionados con disfunciones del cuello y la columna vertebral. La atenci\u00f3n quiropr\u00e1ctica puede ayudar a aliviar los dolores de cabeza abordando estos problemas subyacentes.<\/p>\n<h3>Bienestar general<\/h3>\n<p>Muchas personas buscan atenci\u00f3n quiropr\u00e1ctica como un enfoque proactivo para mantener una buena salud. Los ajustes regulares pueden promover el bienestar general mejorando la funci\u00f3n del sistema nervioso y apoyando los mecanismos naturales de curaci\u00f3n del cuerpo.<\/p>\n<h2>\u00bfQu\u00e9 tipo de lesiones tratan los quiropr\u00e1cticos?<\/h2>\n<p>Los quiropr\u00e1cticos est\u00e1n cualificados para tratar una amplia gama de afecciones musculoesquel\u00e9ticas. Estas son algunas de las lesiones y afecciones m\u00e1s comunes que puede tratar la atenci\u00f3n quiropr\u00e1ctica.<\/p>\n<h3>Dolor de espalda<\/h3>\n<p>El dolor lumbar es un problema frecuente, y la atenci\u00f3n quiropr\u00e1ctica puede ser una herramienta valiosa en la gesti\u00f3n de la misma. Los quiropr\u00e1cticos pueden identificar y tratar los desajustes que contribuyen al dolor de espalda, ofreciendo alivio y promoviendo la curaci\u00f3n.<\/p>\n<h3>Dolor de cuello<\/h3>\n<p>El dolor de cuello puede tener varias causas, como una mala postura, lesiones y tensi\u00f3n muscular. Los ajustes quiropr\u00e1cticos pueden ayudar a mejorar la movilidad de la columna cervical, reducir la inflamaci\u00f3n y aliviar el dolor de cuello.<\/p>\n<h3>Dolores de cabeza<\/h3>\n<p>Como se ha mencionado anteriormente, la atenci\u00f3n quiropr\u00e1ctica puede ser beneficiosa para tratar los dolores de cabeza, en particular las cefaleas tensionales y las cefaleas cervicog\u00e9nicas (originadas en el cuello).<\/p>\n<h3>Dolor de la artritis<\/h3>\n<p>Aunque la atenci\u00f3n quiropr\u00e1ctica no puede curar la artritis, puede ayudar a controlar el dolor y mejorar la funci\u00f3n articular en personas con artritis. Al mejorar la movilidad y reducir la inflamaci\u00f3n, los ajustes quiropr\u00e1cticos pueden ofrecer un alivio significativo del dolor y mejorar la calidad de vida de las personas con artritis.<\/p>\n<h3>Latigazo cervical<\/h3>\n<p>El latigazo cervical, una lesi\u00f3n com\u00fan causada por movimientos bruscos del cuello, puede tratarse eficazmente con cuidados quiropr\u00e1cticos. Los ajustes pueden ayudar a restaurar la alineaci\u00f3n adecuada, reducir el dolor y la rigidez, y promover la curaci\u00f3n de los tejidos blandos.<\/p>\n<h3>Ci\u00e1tica<\/h3>\n<p>La ci\u00e1tica, dolor que se irradia por la pierna causado por nervios comprimidos en la parte baja de la espalda, puede responder bien al cuidado quiropr\u00e1ctico. Los ajustes quiropr\u00e1cticos pueden ayudar a mejorar la funci\u00f3n nerviosa y aliviar el dolor ci\u00e1tico.<\/p>\n<h3>Lesiones deportivas<\/h3>\n<p>Los deportistas pueden sufrir diversas lesiones, como esguinces, distensiones y disfunciones articulares. El cuidado quiropr\u00e1ctico puede ayudar a controlar el dolor, mejorar la movilidad y acelerar la curaci\u00f3n de las lesiones deportivas.<\/p>\n<p><a href=\"https:\/\/www.apexosn.com\/wp-content\/uploads\/2024\/05\/shutterstock_1818604649-min.jpg\"><img decoding=\"async\" class=\"alignnone size-full wp-image-3266\" src=\"https:\/\/www.apexosn.com\/wp-content\/uploads\/2024\/05\/shutterstock_1818604649-min.jpg\" alt=\"Rock Hill Chiropractor\" width=\"500\" height=\"334\" srcset=\"https:\/\/www.apexosn.com\/wp-content\/uploads\/2024\/05\/shutterstock_1818604649-min.jpg 500w, https:\/\/www.apexosn.com\/wp-content\/uploads\/2024\/05\/shutterstock_1818604649-min-300x200.jpg 300w\" sizes=\"(max-width: 500px) 100vw, 500px\" \/><\/a><\/p>\n<h2>C\u00f3mo elegir el mejor quiropr\u00e1ctico en Rock Hill<\/h2>\n<p>Con un n\u00famero creciente de quiropr\u00e1cticos, elegir el adecuado para usted es importante. Aqu\u00ed hay algunos factores a considerar.<\/p>\n<h3>Calificaciones y Experiencia<\/h3>\n<p>Busque un quiropr\u00e1ctico que tenga un t\u00edtulo de Doctor en Quiropr\u00e1ctica (D.C.) y est\u00e9 autorizado en su estado. La experiencia en el tratamiento de su afecci\u00f3n espec\u00edfica tambi\u00e9n puede ser beneficiosa.<\/p>\n<h3>Filosof\u00eda del tratamiento<\/h3>\n<p>Hable con el quiropr\u00e1ctico sobre su enfoque de la atenci\u00f3n y aseg\u00farese de que coincide con sus expectativas. Algunos quiropr\u00e1cticos utilizan una t\u00e9cnica de ajuste manual m\u00e1s tradicional, mientras que otros pueden incorporar terapias adicionales como masajes, fisioterapia y ejercicios de rehabilitaci\u00f3n.<\/p>\n<h3>Estilo de comunicaci\u00f3n<\/h3>\n<p>Es importante encontrar un quiropr\u00e1ctico con el que se sienta c\u00f3modo comunic\u00e1ndose. Elija a alguien que escuche activamente sus preocupaciones, le explique los procedimientos con claridad y responda a sus preguntas de forma exhaustiva.<\/p>\n<h3>Cobertura del seguro<\/h3>\n<p>Muchos planes de seguros cubren los cuidados quiropr\u00e1cticos. Consulte con su proveedor de seguros para entender su cobertura y determinar si se requiere una remisi\u00f3n.<\/p>\n<h3>Comodidad de la ubicaci\u00f3n y el horario<\/h3>\n<p>Tenga en cuenta la ubicaci\u00f3n de la consulta del quiropr\u00e1ctico y su horario de atenci\u00f3n para asegurarse de que se ajusta a su agenda y a sus necesidades de accesibilidad.<\/p>\n<h2>\u00a1Programar una consulta hoy!<\/h2>\n<p>Apex Orthopaedics Spine &amp; Neurology en Rock Hill ofrece atenci\u00f3n quiropr\u00e1ctica integral para ayudarle a alcanzar una salud \u00f3ptima y el bienestar. Nuestro equipo de quiropr\u00e1cticos con experiencia utiliza un enfoque centrado en el paciente, la adaptaci\u00f3n de los planes de tratamiento a sus necesidades y objetivos \u00fanicos.<\/p>\n<p>\u00a1No dejes que el dolor te detenga! Ll\u00e1menos al <a href=\"tel:+17044123045\"><i class=\"fa fa-phone-alt\"><\/i>704-412-3045<\/a> para programar una consulta con un quiropr\u00e1ctico Rock Hill y explorar c\u00f3mo la atenci\u00f3n quiropr\u00e1ctica puede ayudarle a recuperar el potencial natural de su cuerpo y vivir una vida activa y libre de dolor.<\/p>\n","protected":false},"excerpt":{"rendered":"<p>Vivir con dolor puede afectar significativamente su vida diaria y su bienestar general. En Apex Orthopaedics Spine &amp; Neurology en Rock Hill, entendemos los desaf\u00edos que presenta el dolor cr\u00f3nico. El cuidado quiropr\u00e1ctico es un enfoque seguro y eficaz para el manejo del dolor que se centra en la capacidad natural del cuerpo para curarse [&hellip;]<\/p>\n","protected":false},"author":6,"featured_media":0,"parent":2735,"menu_order":0,"comment_status":"closed","ping_status":"closed","template":"","meta":{"_acf_changed":false,"footnotes":""},"categories":[],"tags":[],"class_list":["post-5061","page","type-page","status-publish","hentry"],"acf":[],"_links":{"self":[{"href":"https:\/\/www.apexosn.com\/es\/wp-json\/wp\/v2\/pages\/5061","targetHints":{"allow":["GET"]}}],"collection":[{"href":"https:\/\/www.apexosn.com\/es\/wp-json\/wp\/v2\/pages"}],"about":[{"href":"https:\/\/www.apexosn.com\/es\/wp-json\/wp\/v2\/types\/page"}],"author":[{"embeddable":true,"href":"https:\/\/www.apexosn.com\/es\/wp-json\/wp\/v2\/users\/6"}],"replies":[{"embeddable":true,"href":"https:\/\/www.apexosn.com\/es\/wp-json\/wp\/v2\/comments?post=5061"}],"version-history":[{"count":2,"href":"https:\/\/www.apexosn.com\/es\/wp-json\/wp\/v2\/pages\/5061\/revisions"}],"predecessor-version":[{"id":5063,"href":"https:\/\/www.apexosn.com\/es\/wp-json\/wp\/v2\/pages\/5061\/revisions\/5063"}],"up":[{"embeddable":true,"href":"https:\/\/www.apexosn.com\/es\/wp-json\/wp\/v2\/pages\/2735"}],"wp:attachment":[{"href":"https:\/\/www.apexosn.com\/es\/wp-json\/wp\/v2\/media?parent=5061"}],"wp:term":[{"taxonomy":"category","embeddable":true,"href":"https:\/\/www.apexosn.com\/es\/wp-json\/wp\/v2\/categories?post=5061"},{"taxonomy":"post_tag","embeddable":true,"href":"https:\/\/www.apexosn.com\/es\/wp-json\/wp\/v2\/tags?post=5061"}],"curies":[{"name":"wp","href":"https:\/\/api.w.org\/{rel}","templated":true}]}}