{"id":5058,"date":"2024-05-14T11:42:12","date_gmt":"2024-05-14T16:42:12","guid":{"rendered":"https:\/\/www.apexosn.com\/rock-hill-sc\/rock-hill-tratamiento-de-accidentes-de-coche\/"},"modified":"2024-05-26T10:49:35","modified_gmt":"2024-05-26T15:49:35","slug":"rock-hill-tratamiento-de-accidentes-de-coche","status":"publish","type":"page","link":"https:\/\/www.apexosn.com\/es\/rock-hill-sc\/rock-hill-tratamiento-de-accidentes-de-coche\/","title":{"rendered":"Rock Hill Tratamiento de Accidentes de Coche"},"content":{"rendered":"<p>Estar involucrado en un accidente de coche puede ser muy abrumador. La agon\u00eda es inmediata, existe la preocupaci\u00f3n con respecto a los gastos m\u00e9dicos, y la incertidumbre general de lo que sigue puede ser paralizante. Las lesiones resultantes de accidentes de coche pueden dar lugar a una variedad de complicaciones y dolor. Descuidar incluso lesiones menores puede resultar en consecuencias duraderas que afectan significativamente el bienestar y la calidad de vida.<\/p>\n<p>Si usted ha sido v\u00edctima de un accidente de coche en Rock Hill, SC, la b\u00fasqueda de atenci\u00f3n m\u00e9dica es integral. Apex Orthopaedics Spine &amp; Neurology ofrece t\u00e9cnicas avanzadas de rehabilitaci\u00f3n y equipos de diagn\u00f3stico de \u00faltima generaci\u00f3n para el tratamiento de accidentes automovil\u00edsticos en Rock Hill, Carolina del Sur. Nuestro equipo de quiropr\u00e1cticos y m\u00e9dicos experimentados est\u00e1 a su disposici\u00f3n para atender sus necesidades. Reconocemos la urgencia de abordar el latigazo cervical, dolor de cuello, y otras lesiones que pueden resultar de accidentes automovil\u00edsticos.<\/p>\n<p>Nuestros tratamientos m\u00e9dicos integrales y la atenci\u00f3n quiropr\u00e1ctica son personalizados para cada paciente para aliviar el dolor y promover la recuperaci\u00f3n. Independientemente de si usted est\u00e1 tratando con dolor cr\u00f3nico o fractura de huesos, nuestra experiencia puede ayudar en su viaje de recuperaci\u00f3n. Reconocemos que el trato con las compa\u00f1\u00edas de seguros y la protecci\u00f3n de sus derechos legales puede ser problem\u00e1tico en momentos como estos, y nuestro equipo est\u00e1 preparado para ayudarle en cada etapa.<\/p>\n<p>Por favor, ll\u00e1menos al <a href=\"tel:+17044123045\"><i class=\"fa fa-phone-alt\"><\/i>704-412-3045<\/a> para concertar el tratamiento de accidente de coche en Apex Orthopaedics Spine &amp; Neurology. No permita que sus lesiones por accidente de coche a persistir sin recibir tratamiento.<\/p>\n\t\t<div data-elementor-type=\"section\" data-elementor-id=\"208\" class=\"elementor elementor-208\" data-elementor-post-type=\"elementor_library\">\n\t\t\t\t\t<section class=\"elementor-section elementor-top-section elementor-element elementor-element-485e576a elementor-section-boxed elementor-section-height-default elementor-section-height-default\" data-id=\"485e576a\" data-element_type=\"section\" data-e-type=\"section\">\n\t\t\t\t\t\t<div class=\"elementor-container elementor-column-gap-default\">\n\t\t\t\t\t<div class=\"elementor-column elementor-col-100 elementor-top-column elementor-element elementor-element-635c38c0\" data-id=\"635c38c0\" data-element_type=\"column\" data-e-type=\"column\">\n\t\t\t<div class=\"elementor-widget-wrap elementor-element-populated\">\n\t\t\t\t\t\t<div class=\"elementor-element elementor-element-3ba95c8a elementor-toc--minimized-on-tablet elementor-widget elementor-widget-table-of-contents\" data-id=\"3ba95c8a\" data-element_type=\"widget\" data-e-type=\"widget\" data-settings=\"{&quot;exclude_headings_by_selector&quot;:&quot;.toc-remove&quot;,&quot;headings_by_tags&quot;:[&quot;h2&quot;,&quot;h3&quot;],&quot;marker_view&quot;:&quot;numbers&quot;,&quot;no_headings_message&quot;:&quot;No headings were found on this page.&quot;,&quot;minimize_box&quot;:&quot;yes&quot;,&quot;minimized_on&quot;:&quot;tablet&quot;,&quot;hierarchical_view&quot;:&quot;yes&quot;,&quot;min_height&quot;:{&quot;unit&quot;:&quot;px&quot;,&quot;size&quot;:&quot;&quot;,&quot;sizes&quot;:[]},&quot;min_height_laptop&quot;:{&quot;unit&quot;:&quot;px&quot;,&quot;size&quot;:&quot;&quot;,&quot;sizes&quot;:[]},&quot;min_height_tablet&quot;:{&quot;unit&quot;:&quot;px&quot;,&quot;size&quot;:&quot;&quot;,&quot;sizes&quot;:[]},&quot;min_height_mobile&quot;:{&quot;unit&quot;:&quot;px&quot;,&quot;size&quot;:&quot;&quot;,&quot;sizes&quot;:[]}}\" data-widget_type=\"table-of-contents.default\">\n\t\t\t\t\t\t\t\t\t<div class=\"elementor-toc__header\">\n\t\t\t\t\t\t<div class=\"elementor-toc__header-title\">\n\t\t\t\tTable of Contents\t\t\t<\/div>\n\t\t\t\t\t\t\t\t\t\t<div class=\"elementor-toc__toggle-button elementor-toc__toggle-button--expand\" role=\"button\" tabindex=\"0\" aria-controls=\"elementor-toc__3ba95c8a\" aria-expanded=\"true\" aria-label=\"Open table of contents\"><svg aria-hidden=\"true\" class=\"e-font-icon-svg e-fas-chevron-down\" viewBox=\"0 0 448 512\" xmlns=\"http:\/\/www.w3.org\/2000\/svg\"><path d=\"M207.029 381.476L12.686 187.132c-9.373-9.373-9.373-24.569 0-33.941l22.667-22.667c9.357-9.357 24.522-9.375 33.901-.04L224 284.505l154.745-154.021c9.379-9.335 24.544-9.317 33.901.04l22.667 22.667c9.373 9.373 9.373 24.569 0 33.941L240.971 381.476c-9.373 9.372-24.569 9.372-33.942 0z\"><\/path><\/svg><\/div>\n\t\t\t\t<div class=\"elementor-toc__toggle-button elementor-toc__toggle-button--collapse\" role=\"button\" tabindex=\"0\" aria-controls=\"elementor-toc__3ba95c8a\" aria-expanded=\"true\" aria-label=\"Close table of contents\"><svg aria-hidden=\"true\" class=\"e-font-icon-svg e-fas-chevron-up\" viewBox=\"0 0 448 512\" xmlns=\"http:\/\/www.w3.org\/2000\/svg\"><path d=\"M240.971 130.524l194.343 194.343c9.373 9.373 9.373 24.569 0 33.941l-22.667 22.667c-9.357 9.357-24.522 9.375-33.901.04L224 227.495 69.255 381.516c-9.379 9.335-24.544 9.317-33.901-.04l-22.667-22.667c-9.373-9.373-9.373-24.569 0-33.941L207.03 130.525c9.372-9.373 24.568-9.373 33.941-.001z\"><\/path><\/svg><\/div>\n\t\t\t\t\t<\/div>\n\t\t\t\t<div id=\"elementor-toc__3ba95c8a\" class=\"elementor-toc__body\">\n\t\t\t<div class=\"elementor-toc__spinner-container\">\n\t\t\t\t<svg class=\"elementor-toc__spinner eicon-animation-spin e-font-icon-svg e-eicon-loading\" aria-hidden=\"true\" viewBox=\"0 0 1000 1000\" xmlns=\"http:\/\/www.w3.org\/2000\/svg\"><path d=\"M500 975V858C696 858 858 696 858 500S696 142 500 142 142 304 142 500H25C25 237 238 25 500 25S975 237 975 500 763 975 500 975Z\"><\/path><\/svg>\t\t\t<\/div>\n\t\t<\/div>\n\t\t\t\t\t\t<\/div>\n\t\t\t\t\t<\/div>\n\t\t<\/div>\n\t\t\t\t\t<\/div>\n\t\t<\/section>\n\t\t\t\t<\/div>\n\t\t\n<h2>\u00bfQu\u00e9 debo hacer despu\u00e9s de un accidente de coche en Rock Hill?<\/h2>\n<p>Despu\u00e9s de estar involucrado en un accidente de coche en Rock Hill, hay algunos pasos que puede tomar para mitigar los riesgos adicionales, desde financieros a f\u00edsicos. Esto es lo que debe hacer despu\u00e9s de un accidente de coche en Rock Hill, SC.<\/p>\n<h3>P\u00f3ngase en contacto con la polic\u00eda<\/h3>\n<p>Llame al 911 inmediatamente para informar del accidente. Un informe de la polic\u00eda puede ser muy valioso cuando se trata de su compa\u00f1\u00eda de seguros y otros automovilistas, incluso si la colisi\u00f3n parece ser menor.<\/p>\n<h3>Compruebe si hay otras personas implicadas (\u00a1no se vaya!)<\/h3>\n<p>Abandonar el lugar del accidente despu\u00e9s de una colisi\u00f3n es ilegal. Mientras espera a que lleguen las fuerzas de seguridad, aseg\u00farese de que todas las personas implicadas en el accidente se encuentran bien. No intente mover a nadie que est\u00e9 gravemente herido a menos que se trate de una emergencia extrema, ya que probablemente empeorar\u00eda su estado.<\/p>\n<h3>Intercambia informaci\u00f3n<\/h3>\n<p>Comparte tu informaci\u00f3n de contacto y los datos del seguro con todas las partes implicadas en la colisi\u00f3n. Obt\u00e9n tambi\u00e9n sus datos. Esta informaci\u00f3n ser\u00e1 fundamental a la hora de reclamar al seguro.<\/p>\n<h3>Documenta la escena<\/h3>\n<p>Utiliza tu tel\u00e9fono para grabar im\u00e1genes y v\u00eddeos de la escena del accidente, capturando detalles como la posici\u00f3n de los veh\u00edculos, las marcas de derrape y cualquier otro elemento pertinente. Las im\u00e1genes le ayudar\u00e1n a probar su caso y a consolidar su reclamaci\u00f3n.<\/p>\n<h3>Conserve las pruebas<\/h3>\n<p>Conserve todas las pruebas que puedan reforzar su caso. Esto incluye declaraciones de testigos, grabaciones de la c\u00e1mara del coche y cualquier otra informaci\u00f3n pertinente. Las facturas m\u00e9dicas y los registros deben mantenerse en el archivo, ya que ayudar\u00e1n a apoyar su reclamo.<\/p>\n<p><a href=\"https:\/\/www.apexosn.com\/wp-content\/uploads\/2024\/05\/shutterstock_1201292977-min.jpg\"><img fetchpriority=\"high\" decoding=\"async\" class=\"alignnone size-full wp-image-3306\" src=\"https:\/\/www.apexosn.com\/wp-content\/uploads\/2024\/05\/shutterstock_1201292977-min.jpg\" alt=\"Rock Hill Car Accident Injuries\" width=\"500\" height=\"334\" srcset=\"https:\/\/www.apexosn.com\/wp-content\/uploads\/2024\/05\/shutterstock_1201292977-min.jpg 500w, https:\/\/www.apexosn.com\/wp-content\/uploads\/2024\/05\/shutterstock_1201292977-min-300x200.jpg 300w\" sizes=\"(max-width: 500px) 100vw, 500px\" \/><\/a><\/p>\n<h3>Nunca admitas la culpa<\/h3>\n<p>Es natural querer disculparse tras un accidente, pero esto puede interpretarse como una admisi\u00f3n de culpa. Es aconsejable abstenerse de hacer declaraciones que puedan ser utilizadas en su contra hasta que se lleve a cabo una investigaci\u00f3n oficial.<\/p>\n<h3>Busque tratamiento m\u00e9dico<\/h3>\n<p>Consulte a un profesional m\u00e9dico para obtener un diagn\u00f3stico oficial y un plan de tratamiento, independientemente de lo leves que considere sus lesiones. Los s\u00edntomas leves pueden servir como se\u00f1ales tempranas de advertencia de afecciones subyacentes m\u00e1s graves.<\/p>\n<p>Si desea obtener tratamiento especializado por accidente automovil\u00edstico en Rock Hill, no dude en llamar hoy mismo a nuestras oficinas de Apex Orthopaedics Spine &amp; Neurology.<\/p>\n<h3>Consulte con un abogado de accidente de coche<\/h3>\n<p>Retener la experiencia legal de un abogado con experiencia para entender sus derechos. Un abogado de accidentes de coche le guiar\u00e1 a trav\u00e9s de las complejidades jur\u00eddicas que suelen seguir a un accidente.<\/p>\n<h2>Tipos de lesiones por accidente de tr\u00e1fico<\/h2>\n<p>Los accidentes de coche pueden provocar una variedad de lesiones, que pueden diferir en su grado de gravedad. Aqu\u00ed est\u00e1n los tipos comunes de lesiones que pueden resultar de un accidente de coche.<\/p>\n<ul>\n<li><strong>Latigazo cervical<\/strong>: Las lesiones por latigazo cervical pueden provocar graves molestias y dolor en el cuello. Se producen durante el impacto del accidente, cuando el cuello sufre un \u00ablatigazo\u00bb m\u00e1s all\u00e1 de su rango de movimiento.<\/li>\n<li><strong>Lesiones cervicales<\/strong>: Los accidentes de tr\u00e1fico pueden provocar diversas lesiones cervicales, como esguinces y distensiones. Las lesiones cervicales pueden causar movilidad reducida y dolor.<\/li>\n<li><strong>Lesiones de espalda<\/strong>: El impacto del accidente puede causar lesiones de espalda como estenosis espinal, esguinces lumbares y hernias discales que pueden requerir atenci\u00f3n m\u00e9dica.<\/li>\n<li><strong>Lesiones en la cabeza<\/strong>: Los traumatismos craneoencef\u00e1licos se encuentran entre los m\u00e1s graves y pueden ir desde conmociones cerebrales moderadas a traumatismos craneoencef\u00e1licos m\u00e1s graves.<\/li>\n<li><strong>Fracturas \u00f3seas<\/strong>: Las fracturas y roturas de huesos se producen por la fuerza del impacto del accidente de tr\u00e1fico y pueden requerir atenci\u00f3n m\u00e9dica inmediata.Lesiones de tejidos blandos: Estas lesiones suelen afectar a m\u00fasculos, ligamentos y tendones, lo que provoca una disminuci\u00f3n de la movilidad y dolor.<\/li>\n<li><strong>Lesiones medulares<\/strong>: Las lesiones medulares son devastadoras y suelen tener consecuencias duraderas. Esto incluye la par\u00e1lisis total o parcial.<\/li>\n<li><strong>Angustia psicol\u00f3gica<\/strong>: Las secuelas de los accidentes de tr\u00e1fico pueden provocar angustia psicol\u00f3gica y traumas.<\/li>\n<li><strong>Trastorno de estr\u00e9s postraum\u00e1tico<\/strong>: Algunas personas pueden tener dificultades para afrontar lo que sigue a un accidente y desarrollar un trastorno de estr\u00e9s postraum\u00e1tico (TEPT).<\/li>\n<\/ul>\n<h2>Tipos de tratamiento de accidentes de tr\u00e1fico<\/h2>\n<p>No deber\u00eda tener que soportar solo las lesiones derivadas del accidente. Nuestros m\u00e9dicos en Apex Orthopaedics Spine &amp; Neurology pueden ayudar a aliviar el dolor y facilitar su viaje de recuperaci\u00f3n. Ofrecemos una amplia selecci\u00f3n de planes de tratamiento personalizados a sus necesidades exactas.<\/p>\n<p>Estas son algunas de las opciones de tratamiento de accidentes de coche que ofrecemos.<\/p>\n<h3>Evaluaci\u00f3n m\u00e9dica y diagn\u00f3stico por imagen<\/h3>\n<p>Llevaremos a cabo una evaluaci\u00f3n m\u00e9dica completa, que normalmente se complementa con im\u00e1genes de diagn\u00f3stico como resonancias magn\u00e9ticas o radiograf\u00edas, con el fin de determinar el alcance y la gravedad de sus lesiones. Estas evaluaciones son integrales para la formulaci\u00f3n de un plan de tratamiento personalizado.<\/p>\n<p><a href=\"https:\/\/www.apexosn.com\/wp-content\/uploads\/2024\/05\/shutterstock_1694016703-min.jpg\"><img decoding=\"async\" class=\"alignnone size-full wp-image-3304\" src=\"https:\/\/www.apexosn.com\/wp-content\/uploads\/2024\/05\/shutterstock_1694016703-min.jpg\" alt=\"Rock Hill Tratamiento de Accidentes de Coche\" width=\"500\" height=\"334\" srcset=\"https:\/\/www.apexosn.com\/wp-content\/uploads\/2024\/05\/shutterstock_1694016703-min.jpg 500w, https:\/\/www.apexosn.com\/wp-content\/uploads\/2024\/05\/shutterstock_1694016703-min-300x200.jpg 300w\" sizes=\"(max-width: 500px) 100vw, 500px\" \/><\/a><\/p>\n<h3>Gesti\u00f3n de la medicaci\u00f3n<\/h3>\n<p>Normalmente, la principal preocupaci\u00f3n es aliviar el dolor. Administramos la medicaci\u00f3n m\u00e1s eficaz adaptada a su estado para aliviar el dolor y favorecer su recuperaci\u00f3n. La gesti\u00f3n de la medicaci\u00f3n tambi\u00e9n implica un seguimiento rutinario de la dosis para calibrarla seg\u00fan sea necesario.<\/p>\n<h3>Inyecciones<\/h3>\n<p>Para acelerar el alivio de afecciones como el dolor articular o los espasmos musculares intensos, podemos administrar inyecciones de corticosteroides. Las inyecciones se administran siguiendo estrictamente los protocolos m\u00e9dicos para garantizar la m\u00e1xima eficacia y seguridad.<\/p>\n<h3>Tratamiento quiropr\u00e1ctico<\/h3>\n<p>Para afecciones musculoesquel\u00e9ticas espec\u00edficas, la atenci\u00f3n quiropr\u00e1ctica puede ser extraordinariamente beneficiosa al realinear las v\u00e9rtebras y aliviar el dolor. Adem\u00e1s de proporcionar un alivio inmediato, esta t\u00e9cnica manual puede promover la salud de la columna vertebral a largo plazo.<\/p>\n<h3>Fisioterapia<\/h3>\n<p>La fisioterapia es esencial para una recuperaci\u00f3n sostenida, concentr\u00e1ndose en ejercicios que mejoren la movilidad y fortalezcan los m\u00fasculos para evitar la reaparici\u00f3n de lesiones.<\/p>\n<h3>Tratamiento con masajes<\/h3>\n<p>Cuando se integra con otros tratamientos, la terapia de masaje puede ayudar a disminuir la tensi\u00f3n muscular y mejorar la circulaci\u00f3n sangu\u00ednea, acelerando as\u00ed el proceso de curaci\u00f3n. Nuestros masajistas titulados han recibido formaci\u00f3n especializada en t\u00e9cnicas que favorecen la recuperaci\u00f3n de lesiones.<\/p>\n<h3>Cirug\u00eda ortop\u00e9dica<\/h3>\n<p>Las lesiones graves pueden requerir cirug\u00eda ortop\u00e9dica. Le asesoraremos durante todo el proceso, desde la selecci\u00f3n del cirujano hasta los cuidados postoperatorios. Colaboramos estrechamente con los equipos quir\u00fargicos para optimizar el proceso de recuperaci\u00f3n.<\/p>\n<p>P\u00f3ngase en contacto con nosotros para concertar una consulta para discutir el mejor plan de tratamiento para sus lesiones por accidente de coche en Rock Hill.<\/p>\n<h2>\u00a1Obtenga tratamiento especializado accidente de coche en Rock Hill hoy!<\/h2>\n<p>Al recibir atenci\u00f3n m\u00e9dica en Apex Orthopaedics Spine &amp; Neurology, puede salvaguardar su salud y garantizar que se cumplan sus intereses legales. Si ha sido v\u00edctima de un accidente de coche en Rock Hill, nuestro equipo m\u00e9dico especializado se asegurar\u00e1 de que reciba el mejor tratamiento que necesite, registrar\u00e1 sus lesiones y presentar\u00e1 las pruebas adecuadas que respalden su reclamaci\u00f3n por lesiones.<\/p>\n<p>\u00a1Ll\u00e1menos hoy al <a href=\"tel:+17044123045\"><i class=\"fa fa-phone-alt\"><\/i>704-412-3045<\/a> para programar una consulta!<\/p>\n","protected":false},"excerpt":{"rendered":"<p>Estar involucrado en un accidente de coche puede ser muy abrumador. La agon\u00eda es inmediata, existe la preocupaci\u00f3n con respecto a los gastos m\u00e9dicos, y la incertidumbre general de lo que sigue puede ser paralizante. Las lesiones resultantes de accidentes de coche pueden dar lugar a una variedad de complicaciones y dolor. Descuidar incluso lesiones [&hellip;]<\/p>\n","protected":false},"author":6,"featured_media":0,"parent":2735,"menu_order":0,"comment_status":"closed","ping_status":"closed","template":"","meta":{"_acf_changed":false,"footnotes":""},"categories":[],"tags":[],"class_list":["post-5058","page","type-page","status-publish","hentry"],"acf":[],"_links":{"self":[{"href":"https:\/\/www.apexosn.com\/es\/wp-json\/wp\/v2\/pages\/5058","targetHints":{"allow":["GET"]}}],"collection":[{"href":"https:\/\/www.apexosn.com\/es\/wp-json\/wp\/v2\/pages"}],"about":[{"href":"https:\/\/www.apexosn.com\/es\/wp-json\/wp\/v2\/types\/page"}],"author":[{"embeddable":true,"href":"https:\/\/www.apexosn.com\/es\/wp-json\/wp\/v2\/users\/6"}],"replies":[{"embeddable":true,"href":"https:\/\/www.apexosn.com\/es\/wp-json\/wp\/v2\/comments?post=5058"}],"version-history":[{"count":2,"href":"https:\/\/www.apexosn.com\/es\/wp-json\/wp\/v2\/pages\/5058\/revisions"}],"predecessor-version":[{"id":5060,"href":"https:\/\/www.apexosn.com\/es\/wp-json\/wp\/v2\/pages\/5058\/revisions\/5060"}],"up":[{"embeddable":true,"href":"https:\/\/www.apexosn.com\/es\/wp-json\/wp\/v2\/pages\/2735"}],"wp:attachment":[{"href":"https:\/\/www.apexosn.com\/es\/wp-json\/wp\/v2\/media?parent=5058"}],"wp:term":[{"taxonomy":"category","embeddable":true,"href":"https:\/\/www.apexosn.com\/es\/wp-json\/wp\/v2\/categories?post=5058"},{"taxonomy":"post_tag","embeddable":true,"href":"https:\/\/www.apexosn.com\/es\/wp-json\/wp\/v2\/tags?post=5058"}],"curies":[{"name":"wp","href":"https:\/\/api.w.org\/{rel}","templated":true}]}}