{"id":5055,"date":"2024-05-14T08:24:47","date_gmt":"2024-05-14T13:24:47","guid":{"rendered":"https:\/\/www.apexosn.com\/rock-hill-sc\/rock-hill-accidente-de-coche-doctor\/"},"modified":"2024-05-26T10:41:04","modified_gmt":"2024-05-26T15:41:04","slug":"rock-hill-accidente-de-coche-doctor","status":"publish","type":"page","link":"https:\/\/www.apexosn.com\/es\/rock-hill-sc\/rock-hill-accidente-de-coche-doctor\/","title":{"rendered":"Rock Hill Accidente de Coche Doctor"},"content":{"rendered":"<p>Si usted est\u00e1 en un accidente de coche, la atenci\u00f3n m\u00e9dica oportuna y adecuada puede hacer una gran diferencia en su recuperaci\u00f3n y cualquier demanda potencial. En Apex Orthopaedics Spine &amp; Neurology, nuestro equipo se especializa en brindar atenci\u00f3n integral a las v\u00edctimas de accidentes automovil\u00edsticos, asegur\u00e1ndose de que reciba el tratamiento que necesita para sanar. Nuestros expertos y experimentados m\u00e9dicos de Rock Hill accidente de coche le ayudar\u00e1 en cada paso del camino y asegurarse de obtener el apoyo que necesita para recuperarse.<\/p>\n<p>P\u00f3ngase en contacto con nosotros en <a href=\"tel:+17044123045\"><i class=\"fa fa-phone-alt\"><\/i>704-412-3045<\/a> hoy para reservar una cita con nuestros especialistas en tratamiento de lesiones por accidente de coche en Rock Hill.If usted est\u00e1 en un accidente de coche, la atenci\u00f3n m\u00e9dica oportuna y adecuada puede hacer una gran diferencia en su recuperaci\u00f3n y cualquier demanda potencial. En Apex Orthopaedics Spine &amp; Neurology, nuestro equipo se especializa en brindar atenci\u00f3n integral a las v\u00edctimas de accidentes automovil\u00edsticos, asegurando que usted reciba el tratamiento que necesita para sanar. Nuestros expertos y experimentados m\u00e9dicos de Rock Hill accidente de coche le ayudar\u00e1 en cada paso del camino y asegurarse de obtener el apoyo que necesita para recuperarse.<\/p>\n<p>P\u00f3ngase en contacto con nosotros en <a href=\"tel:+17044123045\"><i class=\"fa fa-phone-alt\"><\/i>704-412-3045<\/a> hoy para reservar una cita con nuestros especialistas en tratamiento de lesiones por accidente de coche en Rock Hill.<\/p>\n\t\t<div data-elementor-type=\"section\" data-elementor-id=\"208\" class=\"elementor elementor-208\" data-elementor-post-type=\"elementor_library\">\n\t\t\t\t\t<section class=\"elementor-section elementor-top-section elementor-element elementor-element-485e576a elementor-section-boxed elementor-section-height-default elementor-section-height-default\" data-id=\"485e576a\" data-element_type=\"section\" data-e-type=\"section\">\n\t\t\t\t\t\t<div class=\"elementor-container elementor-column-gap-default\">\n\t\t\t\t\t<div class=\"elementor-column elementor-col-100 elementor-top-column elementor-element elementor-element-635c38c0\" data-id=\"635c38c0\" data-element_type=\"column\" data-e-type=\"column\">\n\t\t\t<div class=\"elementor-widget-wrap elementor-element-populated\">\n\t\t\t\t\t\t<div class=\"elementor-element elementor-element-3ba95c8a elementor-toc--minimized-on-tablet elementor-widget elementor-widget-table-of-contents\" data-id=\"3ba95c8a\" data-element_type=\"widget\" data-e-type=\"widget\" data-settings=\"{&quot;exclude_headings_by_selector&quot;:&quot;.toc-remove&quot;,&quot;headings_by_tags&quot;:[&quot;h2&quot;,&quot;h3&quot;],&quot;marker_view&quot;:&quot;numbers&quot;,&quot;no_headings_message&quot;:&quot;No headings were found on this page.&quot;,&quot;minimize_box&quot;:&quot;yes&quot;,&quot;minimized_on&quot;:&quot;tablet&quot;,&quot;hierarchical_view&quot;:&quot;yes&quot;,&quot;min_height&quot;:{&quot;unit&quot;:&quot;px&quot;,&quot;size&quot;:&quot;&quot;,&quot;sizes&quot;:[]},&quot;min_height_laptop&quot;:{&quot;unit&quot;:&quot;px&quot;,&quot;size&quot;:&quot;&quot;,&quot;sizes&quot;:[]},&quot;min_height_tablet&quot;:{&quot;unit&quot;:&quot;px&quot;,&quot;size&quot;:&quot;&quot;,&quot;sizes&quot;:[]},&quot;min_height_mobile&quot;:{&quot;unit&quot;:&quot;px&quot;,&quot;size&quot;:&quot;&quot;,&quot;sizes&quot;:[]}}\" data-widget_type=\"table-of-contents.default\">\n\t\t\t\t\t\t\t\t\t<div class=\"elementor-toc__header\">\n\t\t\t\t\t\t<div class=\"elementor-toc__header-title\">\n\t\t\t\tTable of Contents\t\t\t<\/div>\n\t\t\t\t\t\t\t\t\t\t<div class=\"elementor-toc__toggle-button elementor-toc__toggle-button--expand\" role=\"button\" tabindex=\"0\" aria-controls=\"elementor-toc__3ba95c8a\" aria-expanded=\"true\" aria-label=\"Open table of contents\"><svg aria-hidden=\"true\" class=\"e-font-icon-svg e-fas-chevron-down\" viewBox=\"0 0 448 512\" xmlns=\"http:\/\/www.w3.org\/2000\/svg\"><path d=\"M207.029 381.476L12.686 187.132c-9.373-9.373-9.373-24.569 0-33.941l22.667-22.667c9.357-9.357 24.522-9.375 33.901-.04L224 284.505l154.745-154.021c9.379-9.335 24.544-9.317 33.901.04l22.667 22.667c9.373 9.373 9.373 24.569 0 33.941L240.971 381.476c-9.373 9.372-24.569 9.372-33.942 0z\"><\/path><\/svg><\/div>\n\t\t\t\t<div class=\"elementor-toc__toggle-button elementor-toc__toggle-button--collapse\" role=\"button\" tabindex=\"0\" aria-controls=\"elementor-toc__3ba95c8a\" aria-expanded=\"true\" aria-label=\"Close table of contents\"><svg aria-hidden=\"true\" class=\"e-font-icon-svg e-fas-chevron-up\" viewBox=\"0 0 448 512\" xmlns=\"http:\/\/www.w3.org\/2000\/svg\"><path d=\"M240.971 130.524l194.343 194.343c9.373 9.373 9.373 24.569 0 33.941l-22.667 22.667c-9.357 9.357-24.522 9.375-33.901.04L224 227.495 69.255 381.516c-9.379 9.335-24.544 9.317-33.901-.04l-22.667-22.667c-9.373-9.373-9.373-24.569 0-33.941L207.03 130.525c9.372-9.373 24.568-9.373 33.941-.001z\"><\/path><\/svg><\/div>\n\t\t\t\t\t<\/div>\n\t\t\t\t<div id=\"elementor-toc__3ba95c8a\" class=\"elementor-toc__body\">\n\t\t\t<div class=\"elementor-toc__spinner-container\">\n\t\t\t\t<svg class=\"elementor-toc__spinner eicon-animation-spin e-font-icon-svg e-eicon-loading\" aria-hidden=\"true\" viewBox=\"0 0 1000 1000\" xmlns=\"http:\/\/www.w3.org\/2000\/svg\"><path d=\"M500 975V858C696 858 858 696 858 500S696 142 500 142 142 304 142 500H25C25 237 238 25 500 25S975 237 975 500 763 975 500 975Z\"><\/path><\/svg>\t\t\t<\/div>\n\t\t<\/div>\n\t\t\t\t\t\t<\/div>\n\t\t\t\t\t<\/div>\n\t\t<\/div>\n\t\t\t\t\t<\/div>\n\t\t<\/section>\n\t\t\t\t<\/div>\n\t\t\n<h2>\u00bfCu\u00e1l es el procedimiento adecuado tras un accidente de tr\u00e1fico?<\/h2>\n<p>Despu\u00e9s de un accidente de coche, tomar medidas inmediatas es crucial para proteger su salud, bienestar y derechos legales. Estas son las cosas que debe hacer.<\/p>\n<h3>Compruebe si hay lesiones<\/h3>\n<p>Lo primero y m\u00e1s importante es evaluarse a s\u00ed mismo y a los dem\u00e1s implicados en el accidente en busca de lesiones. No ignore ni siquiera los s\u00edntomas m\u00e1s leves, como dolores o mareos. Busque atenci\u00f3n m\u00e9dica inmediatamente si es necesario.<\/p>\n<h3>P\u00f3ngase a salvo<\/h3>\n<p>Si es posible, traslada tu veh\u00edculo a un lugar seguro para evitar m\u00e1s accidentes o lesiones. Encienda las luces de emergencia y utilice conos o bengalas para alertar a los dem\u00e1s conductores.<\/p>\n<h3>P\u00f3ngase en contacto con los servicios de emergencia<\/h3>\n<p>Llame al 911 para informar del accidente y solicitar ayuda a la polic\u00eda y a los servicios m\u00e9dicos. Facilite informaci\u00f3n precisa sobre el lugar, el n\u00famero de veh\u00edculos implicados y las lesiones sufridas.<\/p>\n<h3>Intercambiar informaci\u00f3n<\/h3>\n<p>Intercambia informaci\u00f3n de contacto, del seguro y del veh\u00edculo con la otra parte implicada en el accidente. Incluya nombres, direcciones, n\u00fameros de tel\u00e9fono, n\u00fameros de carn\u00e9 de conducir, n\u00fameros de matr\u00edcula y datos de la p\u00f3liza de seguros.<\/p>\n<h3>Documente el lugar del accidente<\/h3>\n<p>Haz fotograf\u00edas del lugar del accidente, incluidos los da\u00f1os sufridos por el veh\u00edculo, las lesiones, el estado de la carretera y las se\u00f1ales de tr\u00e1fico. Recoge las declaraciones de los testigos y la informaci\u00f3n de contacto para futuras consultas.<\/p>\n<h3>Busque atenci\u00f3n m\u00e9dica<\/h3>\n<p>Aunque inicialmente te encuentres bien, es esencial que te sometas a una evaluaci\u00f3n m\u00e9dica exhaustiva lo antes posible. Algunas lesiones pueden no manifestar s\u00edntomas inmediatamente, y un tratamiento r\u00e1pido puede evitar complicaciones posteriores.<\/p>\n<p><a href=\"https:\/\/www.apexosn.com\/wp-content\/uploads\/2024\/05\/shutterstock_1967420284-min.jpg\"><img fetchpriority=\"high\" decoding=\"async\" class=\"alignnone size-full wp-image-3310\" src=\"https:\/\/www.apexosn.com\/wp-content\/uploads\/2024\/05\/shutterstock_1967420284-min.jpg\" alt=\"Car Accident Injury\" width=\"500\" height=\"299\" srcset=\"https:\/\/www.apexosn.com\/wp-content\/uploads\/2024\/05\/shutterstock_1967420284-min.jpg 500w, https:\/\/www.apexosn.com\/wp-content\/uploads\/2024\/05\/shutterstock_1967420284-min-300x179.jpg 300w\" sizes=\"(max-width: 500px) 100vw, 500px\" \/><\/a><\/p>\n<h3>Notificar el accidente<\/h3>\n<p>Notifique inmediatamente el accidente a su compa\u00f1\u00eda de seguros. Proporcione detalles precisos y evite admitir la culpa hasta que consulte a un abogado.<\/p>\n<h3>Siga los consejos del m\u00e9dico<\/h3>\n<p>Siga las instrucciones de su m\u00e9dico y acuda a todas las citas de seguimiento. Lleve un registro detallado de los tratamientos m\u00e9dicos, recetas y gastos relacionados con el accidente.<\/p>\n<h3>Consulte con un abogado<\/h3>\n<p>Considere la posibilidad de pedir consejo a un abogado cualificado en accidentes de tr\u00e1fico para conocer sus derechos y opciones para obtener una indemnizaci\u00f3n. Pueden ayudarle a tramitar las reclamaciones al seguro, negociar acuerdos o interponer una demanda si es necesario.<\/p>\n<h3>Docum\u00e9ntalo todo<\/h3>\n<p>Lleve un registro detallado de todas las comunicaciones, informes m\u00e9dicos, recibos y gastos relacionados con el accidente. Esta documentaci\u00f3n ser\u00e1 crucial para respaldar su reclamaci\u00f3n o demanda por lesiones personales.<\/p>\n<p>Despu\u00e9s de un accidente de coche, tomar medidas inmediatas es crucial para proteger su salud, bienestar y derechos legales. Buscar atenci\u00f3n m\u00e9dica inmediata es esencial para evaluar y tratar cualquier lesi\u00f3n sufrida durante el accidente. Adem\u00e1s, ponerse en contacto con un centro m\u00e9dico especializado como Apex Orthopaedics Spine &amp; Neurology puede proporcionarle atenci\u00f3n experta adaptada a las lesiones por accidente de coche.<\/p>\n<p>Nuestros m\u00e9dicos de accidentes de coche Rock Hill tienen el conocimiento y la experiencia para diagnosticar y tratar diversas condiciones resultantes de este tipo de incidentes, asegurando que reciba el tratamiento necesario para ayudar a su recuperaci\u00f3n. Al dar prioridad a su salud y la b\u00fasqueda de atenci\u00f3n m\u00e9dica especializada, puede tomar medidas proactivas hacia un proceso de rehabilitaci\u00f3n m\u00e1s suave y m\u00e1s eficaz despu\u00e9s de un accidente de coche.<\/p>\n<h2>\u00bfC\u00f3mo puedo sufrir lesiones en un accidente de tr\u00e1fico?<\/h2>\n<p>Las lesiones resultantes de accidentes de coche pueden variar ampliamente dependiendo de la naturaleza y gravedad del accidente. Aqu\u00ed hay cinco maneras comunes que usted puede hacerse da\u00f1o en un accidente de coche.<\/p>\n<h3>Latigazo cervical<\/h3>\n<p>El latigazo cervical es una de las lesiones m\u00e1s comunes en los accidentes de coche, especialmente en las colisiones traseras. Ocurre cuando la cabeza y el cuello son sacudidos con fuerza hacia atr\u00e1s y luego hacia adelante, forzando los tejidos blandos y los m\u00fasculos del cuello. Los s\u00edntomas pueden incluir dolor de cuello, rigidez, dolores de cabeza y mareos.<\/p>\n<h3>Objetos del interior<\/h3>\n<p>Durante una colisi\u00f3n, los ocupantes del veh\u00edculo pueden salir despedidos hacia delante, hacia atr\u00e1s o hacia los lados. Esto provoca el impacto con diversos objetos del interior, como el volante, el salpicadero o los paneles de las puertas. Puede provocar contusiones, fracturas y lesiones en los tejidos blandos.<\/p>\n<h3>Lesiones por cintur\u00f3n de seguridad y airbag<\/h3>\n<p>Aunque los cinturones de seguridad y los airbags est\u00e1n dise\u00f1ados para protegerle durante un accidente de tr\u00e1fico, tambi\u00e9n pueden causar lesiones en determinadas circunstancias. Las lesiones causadas por el cintur\u00f3n de seguridad pueden incluir contusiones, abrasiones o incluso da\u00f1os en los \u00f3rganos internos debido a la fuerza de la retenci\u00f3n. Los airbags que se despliegan a alta velocidad pueden causar abrasiones, quemaduras o incluso lesiones faciales y tor\u00e1cicas.<\/p>\n<h3>Cristales y escombros<\/h3>\n<p>La fuerza del impacto en un accidente de coche puede hacer que se rompan las lunas y vuelen escombros dentro del veh\u00edculo, provocando laceraciones, heridas punzantes y lesiones oculares. Los cristales rotos y los fragmentos de metal afilado pueden causarle graves da\u00f1os, especialmente si no est\u00e1n bien sujetos.<\/p>\n<h3>Lesiones cerebrales traum\u00e1ticas<\/h3>\n<p>Los traumatismos craneoencef\u00e1licos son un problema importante en los accidentes de tr\u00e1fico, sobre todo si se golpea la cabeza contra superficies duras o sufre una aceleraci\u00f3n o desaceleraci\u00f3n bruscas. Las lesiones cerebrales traum\u00e1ticas (LCT) pueden ir desde conmociones cerebrales leves a da\u00f1os cerebrales graves. Esto puede provocar trastornos cognitivos, f\u00edsicos y emocionales a largo plazo.<\/p>\n<p><a href=\"https:\/\/www.apexosn.com\/wp-content\/uploads\/2024\/05\/shutterstock_390902179-min.jpg\"><img decoding=\"async\" class=\"alignnone size-full wp-image-3312\" src=\"https:\/\/www.apexosn.com\/wp-content\/uploads\/2024\/05\/shutterstock_390902179-min.jpg\" alt=\"Rock Hill Accidente de Coche Doctor\" width=\"500\" height=\"334\" srcset=\"https:\/\/www.apexosn.com\/wp-content\/uploads\/2024\/05\/shutterstock_390902179-min.jpg 500w, https:\/\/www.apexosn.com\/wp-content\/uploads\/2024\/05\/shutterstock_390902179-min-300x200.jpg 300w\" sizes=\"(max-width: 500px) 100vw, 500px\" \/><\/a><\/p>\n<h2>\u00bfPor qu\u00e9 elegir a nuestros m\u00e9dicos de Rock Hill accidente de coche?<\/h2>\n<p>En Apex Orthopaedics Spine &amp; Neurology, entendemos los desaf\u00edos \u00fanicos y complejidades del tratamiento de lesiones por accidente de coche. Nuestro equipo m\u00e9dico especializado est\u00e1 equipado para hacer frente a los desaf\u00edos espec\u00edficos y complejidades en estos casos con cuidado, profesionalismo y compasi\u00f3n.<\/p>\n<p>Proporcionamos una atenci\u00f3n integral adaptada a las necesidades de cada individuo. Con un enfoque en la ortopedia, la columna vertebral, y la experiencia neurol\u00f3gica, nuestros m\u00e9dicos Rock Hill accidente de coche son expertos en el diagn\u00f3stico y tratamiento de lesiones ortop\u00e9dicas y neurol\u00f3gicas sufridas en accidentes de coche.<\/p>\n<p>Nuestro objetivo es simple: asegurar que los pacientes reciban la m\u00e1s alta calidad de la atenci\u00f3n para facilitar su recuperaci\u00f3n y mejorar su bienestar general.<\/p>\n<p>Esto es lo que nos diferencia de la competencia.<\/p>\n<h3>Atenci\u00f3n multidisciplinar integral<\/h3>\n<p>Nuestro equipo est\u00e1 formado por cirujanos ortop\u00e9dicos, neur\u00f3logos y especialistas de la columna vertebral certificados que colaboran para proporcionar una atenci\u00f3n integral a las v\u00edctimas de accidentes de coche. El enfoque multidisciplinar garantiza que se aborden todos los aspectos de su lesi\u00f3n, lo que conduce a resultados \u00f3ptimos de recuperaci\u00f3n.<\/p>\n<h3>Tecnolog\u00edas avanzadas de diagn\u00f3stico y tratamiento<\/h3>\n<p>Utilizamos las tecnolog\u00edas m\u00e1s avanzadas de diagn\u00f3stico por imagen y tratamiento para evaluar y tratar con precisi\u00f3n las lesiones causadas por accidentes de tr\u00e1fico. Desde resonancias magn\u00e9ticas hasta tomograf\u00edas computarizadas, empleamos los \u00faltimos avances de la ciencia m\u00e9dica para ofrecer una atenci\u00f3n superior a nuestros pacientes.<\/p>\n<h3>Planes de tratamiento personalizados<\/h3>\n<p>Entendemos que cada paciente y cada lesi\u00f3n son \u00fanicos, por lo que adaptamos nuestros planes de tratamiento para satisfacer sus necesidades espec\u00edficas y sus objetivos de recuperaci\u00f3n. Si usted requiere terapias conservadoras como la fisioterapia y la atenci\u00f3n quiropr\u00e1ctica o intervenciones m\u00e1s avanzadas como la cirug\u00eda ortop\u00e9dica m\u00ednimamente invasiva, desarrollamos planes personalizados para optimizar su recuperaci\u00f3n.<\/p>\n<h3>Referencias de expertos a los mejores abogados de accidentes de coche<\/h3>\n<p>Hemos establecido relaciones con algunos de los mejores abogados de accidentes de coche que pueden proporcionar orientaci\u00f3n legal y representaci\u00f3n si usted est\u00e1 llevando a cabo una reclamaci\u00f3n por lesiones personales o demanda. Nuestro equipo puede referirlo a profesionales legales de confianza que se especializan en casos de accidentes automovil\u00edsticos, asegurando que sus derechos legales est\u00e9n protegidos.<\/p>\n<h3>Opciones de tratamiento integral para las v\u00edctimas de accidentes de coche<\/h3>\n<p>Ofrecemos opciones de tratamiento integral si usted est\u00e1 lesionado en un accidente de coche. Estos incluyen los siguientes.<\/p>\n<ul>\n<li><strong>Terapia F\u00edsica<\/strong>: Nuestros fisioterapeutas licenciados dise\u00f1an programas de ejercicios personalizados para restaurar la fuerza, la flexibilidad y la movilidad despu\u00e9s de un accidente de coche.<\/li>\n<li><strong>Inyecciones epidurales de esteroides<\/strong>: Ofrecemos inyecciones epidurales de esteroides para aliviar el dolor y la inflamaci\u00f3n asociada con lesiones de la m\u00e9dula y la compresi\u00f3n del nervio.<\/li>\n<li><strong>Cirug\u00eda m\u00ednimamente invasiva de la columna vertebral<\/strong>: Para los pacientes con lesiones espinales graves o complejas, realizamos procedimientos quir\u00fargicos m\u00ednimamente invasivos para tratar hernias discales, fracturas espinales y otras afecciones.<\/li>\n<\/ul>\n<h2>Comience su viaje hacia la recuperaci\u00f3n con Apex Orthopaedics Spine &amp; Neurology<\/h2>\n<p>En Apex Orthopaedics Spine &amp; Neurology, entendemos el peaje f\u00edsico, emocional y financiero que un accidente de coche puede tener en su vida. Nuestros m\u00e9dicos de accidente de coche Rock Hill han dedicado sus carreras a proporcionar atenci\u00f3n compasiva y opciones de tratamiento eficaces para ayudarle a recuperarse de sus lesiones y recuperar su calidad de vida.<\/p>\n<p>Si usted ha sido lesionado en un accidente de coche, no espere para obtener la atenci\u00f3n que necesita. P\u00f3ngase en contacto con nosotros en l\u00ednea o ll\u00e1menos al <a href=\"tel:+17044123045\"><i class=\"fa fa-phone-alt\"><\/i>704-412-3045<\/a> para programar una cita hoy para una evaluaci\u00f3n completa y un plan de tratamiento personalizado. Su camino hacia la recuperaci\u00f3n comienza aqu\u00ed.<\/p>\n","protected":false},"excerpt":{"rendered":"<p>Si usted est\u00e1 en un accidente de coche, la atenci\u00f3n m\u00e9dica oportuna y adecuada puede hacer una gran diferencia en su recuperaci\u00f3n y cualquier demanda potencial. En Apex Orthopaedics Spine &amp; Neurology, nuestro equipo se especializa en brindar atenci\u00f3n integral a las v\u00edctimas de accidentes automovil\u00edsticos, asegur\u00e1ndose de que reciba el tratamiento que necesita para [&hellip;]<\/p>\n","protected":false},"author":6,"featured_media":8547,"parent":2735,"menu_order":0,"comment_status":"closed","ping_status":"closed","template":"","meta":{"_acf_changed":false,"footnotes":""},"categories":[],"tags":[],"class_list":["post-5055","page","type-page","status-publish","has-post-thumbnail","hentry"],"acf":[],"_links":{"self":[{"href":"https:\/\/www.apexosn.com\/es\/wp-json\/wp\/v2\/pages\/5055","targetHints":{"allow":["GET"]}}],"collection":[{"href":"https:\/\/www.apexosn.com\/es\/wp-json\/wp\/v2\/pages"}],"about":[{"href":"https:\/\/www.apexosn.com\/es\/wp-json\/wp\/v2\/types\/page"}],"author":[{"embeddable":true,"href":"https:\/\/www.apexosn.com\/es\/wp-json\/wp\/v2\/users\/6"}],"replies":[{"embeddable":true,"href":"https:\/\/www.apexosn.com\/es\/wp-json\/wp\/v2\/comments?post=5055"}],"version-history":[{"count":2,"href":"https:\/\/www.apexosn.com\/es\/wp-json\/wp\/v2\/pages\/5055\/revisions"}],"predecessor-version":[{"id":5057,"href":"https:\/\/www.apexosn.com\/es\/wp-json\/wp\/v2\/pages\/5055\/revisions\/5057"}],"up":[{"embeddable":true,"href":"https:\/\/www.apexosn.com\/es\/wp-json\/wp\/v2\/pages\/2735"}],"wp:featuredmedia":[{"embeddable":true,"href":"https:\/\/www.apexosn.com\/es\/wp-json\/wp\/v2\/media\/8547"}],"wp:attachment":[{"href":"https:\/\/www.apexosn.com\/es\/wp-json\/wp\/v2\/media?parent=5055"}],"wp:term":[{"taxonomy":"category","embeddable":true,"href":"https:\/\/www.apexosn.com\/es\/wp-json\/wp\/v2\/categories?post=5055"},{"taxonomy":"post_tag","embeddable":true,"href":"https:\/\/www.apexosn.com\/es\/wp-json\/wp\/v2\/tags?post=5055"}],"curies":[{"name":"wp","href":"https:\/\/api.w.org\/{rel}","templated":true}]}}