{"id":5047,"date":"2024-05-23T14:03:51","date_gmt":"2024-05-23T19:03:51","guid":{"rendered":"https:\/\/www.apexosn.com\/rock-hill-inyecciones-medicas\/"},"modified":"2024-05-26T10:25:53","modified_gmt":"2024-05-26T15:25:53","slug":"rock-hill-inyecciones-medicas","status":"publish","type":"page","link":"https:\/\/www.apexosn.com\/es\/rock-hill-sc\/rock-hill-inyecciones-medicas\/","title":{"rendered":"Rock Hill Inyecciones M\u00e9dicas"},"content":{"rendered":"<p>El dolor cr\u00f3nico puede ser implacable e impredecible. Algunos d\u00edas puede que te sientas mejor, pero otros, el dolor puede atacarte sin previo aviso. Vivir con tal incertidumbre puede ser extremadamente frustrante. Afortunadamente, las inyecciones m\u00e9dicas proporcionadas por Apex Orthopaedics Spine &amp; Neurology en Rock Hill ofrecen esperanza.<\/p>\n<p>Las inyecciones para el tratamiento del dolor ofrecen una soluci\u00f3n m\u00ednimamente invasiva que proporciona un alivio eficaz y duradero. Si usted est\u00e1 luchando contra el dolor cr\u00f3nico debido a diversas lesiones o condiciones, Apex Orthopaedics Spine &amp; Neurology est\u00e1 aqu\u00ed para proporcionar el alivio crucial que necesita. P\u00f3ngase en contacto con nosotros en <a href=\"tel:+17044123045\"><i class=\"fa fa-phone-alt\"><\/i>704-412-3045<\/a> hoy para hablar con uno de nuestros especialistas o programar una consulta.<\/p>\n<h2>\u00bfC\u00f3mo se utilizan las inyecciones m\u00e9dicas en el tratamiento del dolor?<\/h2>\n<p>Las inyecciones m\u00e9dicas para aliviar el dolor contienen diversos medicamentos. La mayor\u00eda incluyen un esteroide como la cortisona, un anest\u00e9sico local o una combinaci\u00f3n de ambos. Las inyecciones con esteroides suelen ofrecer un alivio prolongado del dolor y la inflamaci\u00f3n. Las inyecciones epidurales de esteroides se utilizan con frecuencia para aliviar el dolor lumbar, pero tambi\u00e9n pueden aplicarse en las regiones superior y cervical. La medicaci\u00f3n se introduce en el espacio epidural que rodea la m\u00e9dula espinal para proporcionar el alivio necesario.<\/p>\n<p>Otro tipo com\u00fan de inyecci\u00f3n para aliviar el dolor son los bloqueos nerviosos, que ayudan a aliviar el dolor agudo interrumpiendo las se\u00f1ales nerviosas que de otro modo se registrar\u00edan como dolor en el cerebro. Estas inyecciones suelen utilizarse para tratar el dolor relacionado con nervios inflamados y tambi\u00e9n pueden ayudar a identificar el origen de las molestias.<\/p>\n<p>El proceso de inyecci\u00f3n es r\u00e1pido y sencillo. Tras limpiar el lugar de la inyecci\u00f3n, un especialista m\u00e9dico administra un anest\u00e9sico local y utiliza una radiograf\u00eda y un tinte de prueba para localizar el punto exacto de administraci\u00f3n de la medicaci\u00f3n. A continuaci\u00f3n, el especialista inyecta el medicamento y cubre la zona con un peque\u00f1o vendaje. Los pacientes suelen experimentar un alivio del dolor poco despu\u00e9s de la inyecci\u00f3n, cuando el medicamento empieza a hacer efecto. El n\u00famero de inyecciones necesarias para un alivio prolongado var\u00eda de una persona a otra.<\/p>\n<h2>Afecciones y lesiones tratadas con inyecciones<\/h2>\n<p>Las inyecciones para el tratamiento del dolor pueden tratar casi cualquier afecci\u00f3n o lesi\u00f3n que cause dolor cr\u00f3nico. Entre las lesiones tratadas con m\u00e1s frecuencia se incluyen:<\/p>\n<ul>\n<li>Lesiones de espalda por movimientos repetitivos, levantar objetos pesados, accidentes deportivos, torsiones o ca\u00eddas<\/li>\n<li>V\u00e9rtebras dislocadas o fracturadas<\/li>\n<li>Esguinces cervicales o lumbares<\/li>\n<li>Latigazo cervical<\/li>\n<li>Hernias discales<\/li>\n<li>Distensi\u00f3n muscular<\/li>\n<li>Lesiones por accidente de tr\u00e1fico<\/li>\n<\/ul>\n<p>Estas inyecciones tambi\u00e9n pueden tratar diversas afecciones, entre las que se incluyen:<\/p>\n<p><strong>Artrosis<\/strong>: Causada por la degradaci\u00f3n del cart\u00edlago en los extremos de los huesos, la artrosis afecta principalmente a las articulaciones de la columna vertebral, las caderas, las rodillas y las manos, pero puede afectar a cualquier articulaci\u00f3n.<br \/>\n<strong>Radiculopat\u00eda<\/strong>: Esta dolorosa afecci\u00f3n se debe a la compresi\u00f3n de los nervios por cambios degenerativos, lesiones o inflamaci\u00f3n de los tejidos blandos.<br \/>\n<strong>Enfermedad discal degenerativa<\/strong>: El proceso natural de envejecimiento puede hacer que los discos vertebrales se debiliten y se sequen, provocando dolor de espalda cr\u00f3nico.<br \/>\n<strong>Estenosis espinal<\/strong>: Debido a espolones \u00f3seos, hernias discales o engrosamiento de los ligamentos, esta afecci\u00f3n estrecha el canal espinal, ejerciendo presi\u00f3n sobre los nervios.<\/p>\n<h2><a href=\"https:\/\/www.apexosn.com\/wp-content\/uploads\/2024\/05\/shutterstock_95481634.jpg\"><img fetchpriority=\"high\" decoding=\"async\" class=\"alignnone size-full wp-image-4807\" src=\"https:\/\/www.apexosn.com\/wp-content\/uploads\/2024\/05\/shutterstock_95481634.jpg\" alt=\"Medical Injections \" width=\"500\" height=\"334\" srcset=\"https:\/\/www.apexosn.com\/wp-content\/uploads\/2024\/05\/shutterstock_95481634.jpg 500w, https:\/\/www.apexosn.com\/wp-content\/uploads\/2024\/05\/shutterstock_95481634-300x200.jpg 300w\" sizes=\"(max-width: 500px) 100vw, 500px\" \/><\/a><\/h2>\n<h2>Inyecciones M\u00e9dicas Disponibles en Apex Orthopaedics Spine &amp; Neurology<\/h2>\n<h3>Inyecciones espinales<\/h3>\n<h4>Ablaci\u00f3n por radiofrecuencia (ARF)<\/h4>\n<p>La ARF se utiliza para tratar el dolor cr\u00f3nico en articulaciones artr\u00edticas, la zona lumbar y el cuello empleando calor para destruir tejido. Se env\u00edan ondas de radio a trav\u00e9s de una aguja colocada estrat\u00e9gicamente para calentar una parte del nervio afectado. La destrucci\u00f3n del nervio impide que env\u00ede se\u00f1ales de dolor al cerebro. La ARF suele considerarse cuando la fisioterapia y los analg\u00e9sicos no consiguen aliviar el dolor. Tambi\u00e9n se utiliza en pacientes que se han sometido con \u00e9xito a una inyecci\u00f3n de bloqueo nervioso, puesto que ya se ha identificado el nervio problem\u00e1tico.<\/p>\n<h4>Inyecciones de bloqueo de la rama medial cervical<\/h4>\n<p>Estas inyecciones tratan el dolor de la articulaci\u00f3n facetaria, que puede causar dolor referido en el hombro, dolores de cabeza relacionados con las articulaciones del cuello y dolor cervical. La inyecci\u00f3n administra un anest\u00e9sico local cerca de la articulaci\u00f3n en cuesti\u00f3n, cerca de los nervios de la rama medial, bloqueando las se\u00f1ales de dolor al cerebro. Este procedimiento puede ofrecer alivio a largo plazo y tambi\u00e9n puede predecir la eficacia de las ablaciones por radiofrecuencia en las ramas nerviosas afectadas.<\/p>\n<h4>Inyecciones epidurales cervicales<\/h4>\n<p>Las inyecciones epidurales cervicales, que suelen utilizarse para el alivio temporal del dolor de cuello cr\u00f3nico causado por la inflamaci\u00f3n o irritaci\u00f3n de las ra\u00edces nerviosas espinales, pueden tratar problemas derivados de la estenosis espinal, la enfermedad discal degenerativa, las hernias discales y la osteoartritis. Se inyecta un medicamento antiinflamatorio en el espacio epidural del cuello.<\/p>\n<h4>Inyecciones en la articulaci\u00f3n facetaria tor\u00e1cica<\/h4>\n<p>Estas inyecciones tratan el dolor relacionado con las articulaciones facetarias de la parte superior de la espalda (t\u00f3rax). Las articulaciones facetarias, situadas entre los huesos vertebrales a lo largo de la columna vertebral, pueden verse afectadas por la artritis, la tensi\u00f3n mec\u00e1nica y las lesiones, lo que provoca dolor cr\u00f3nico en el t\u00f3rax, la parte media de la espalda y, a veces, los brazos. Las inyecciones, que son una mezcla de anestesia local y corticosteroides, ayudan a aliviar el dolor de la articulaci\u00f3n facetaria en la zona media y alta de la espalda.<\/p>\n<h4>Inyecciones epidurales tor\u00e1cicas<\/h4>\n<p>Las inyecciones epidurales tor\u00e1cicas alivian temporalmente el dolor en la parte media y alta de la espalda. La medicaci\u00f3n se administra en el espacio epidural que rodea la m\u00e9dula espinal. Este procedimiento puede ayudar con el dolor causado por la estenosis espinal, irritaciones nerviosas en la columna vertebral, s\u00edndrome postquir\u00fargico de la columna tor\u00e1cica y hernia discal.<\/p>\n<h4>Inyecciones en la articulaci\u00f3n facetaria lumbar<\/h4>\n<p>Situadas en la parte baja de la espalda, las articulaciones lumbares facetarias permiten la rotaci\u00f3n de los huesos. La artritis y la artropat\u00eda facetaria pueden causar dolor en estas articulaciones. Las inyecciones en la articulaci\u00f3n facetaria lumbar, tambi\u00e9n conocidas como bloqueos de la articulaci\u00f3n facetaria lumbar, administran un medicamento adormecedor (anest\u00e9sico local) en la zona afectada. El n\u00famero de inyecciones necesarias depende del n\u00famero de articulaciones afectadas.<\/p>\n<h4>Inyecciones epidurales transforaminales lumbares<\/h4>\n<p>Para los pacientes que sufren dolor lumbar al agacharse, las inyecciones epidurales transforaminales lumbares pueden tratar la inflamaci\u00f3n dural o discal, sobre todo si el dolor se extiende por las piernas, lo que indica inflamaci\u00f3n de la ra\u00edz nerviosa. Este procedimiento consiste en inyectar esteroides en el espacio epidural de la zona lumbar, concretamente en el lado por el que el nervio sale de la columna vertebral, asegur\u00e1ndose de que est\u00e1 lo m\u00e1s cerca posible del foco de inflamaci\u00f3n.<\/p>\n<p><a href=\"https:\/\/www.apexosn.com\/wp-content\/uploads\/2024\/05\/shutterstock_1888004293.jpg\"><img decoding=\"async\" class=\"alignnone size-full wp-image-4809\" src=\"https:\/\/www.apexosn.com\/wp-content\/uploads\/2024\/05\/shutterstock_1888004293.jpg\" alt=\"medical injections in Rock Hill\" width=\"500\" height=\"334\" srcset=\"https:\/\/www.apexosn.com\/wp-content\/uploads\/2024\/05\/shutterstock_1888004293.jpg 500w, https:\/\/www.apexosn.com\/wp-content\/uploads\/2024\/05\/shutterstock_1888004293-300x200.jpg 300w\" sizes=\"(max-width: 500px) 100vw, 500px\" \/><\/a><\/p>\n<h4>Inyecciones en la articulaci\u00f3n sacroil\u00edaca<\/h4>\n<p>La articulaci\u00f3n sacroil\u00edaca conecta la pelvis a la columna vertebral con una articulaci\u00f3n a cada lado del cuerpo. El dolor en esta zona puede afectar a la cadera, las nalgas o la zona lumbar. Las inyecciones en la articulaci\u00f3n sacroil\u00edaca alivian el dolor administrando medicaci\u00f3n directamente en la articulaci\u00f3n, lo que tambi\u00e9n ayuda a diagnosticar la causa del dolor.<\/p>\n<h4>Inyecciones de plasma rico en plaquetas (PRP) en la columna vertebral<\/h4>\n<p>Estas inyecciones no se basan en la medicaci\u00f3n para aliviar el dolor. En su lugar, utilizan una dosis concentrada de plaquetas y plasma del paciente para reducir la inflamaci\u00f3n y acelerar la curaci\u00f3n. Las plaquetas se extraen del paciente y se inyectan en la secci\u00f3n afectada de la columna vertebral. Las inyecciones de PRP proporcionan resultados m\u00e1s duraderos y se consideran m\u00e1s seguras para un uso continuado, con menos efectos secundarios y riesgos que los esteroides.<\/p>\n<h3>Inyecciones articulares<\/h3>\n<h4>Inyecciones articulares de plasma rico en plaquetas (PRP)<\/h4>\n<p>Las inyecciones de PRP en las articulaciones utilizan la sangre del paciente para acelerar la cicatrizaci\u00f3n. La elevada concentraci\u00f3n de factores de crecimiento del plasma rico en plaquetas favorece la curaci\u00f3n y alivia el dolor. Los m\u00e9dicos centrifugan una muestra de sangre para extraer plasma rico en plaquetas, que luego se inyecta en la articulaci\u00f3n o el tend\u00f3n afectados. Las inyecciones de PRP pueden mostrar resultados en cuesti\u00f3n de semanas y son m\u00e1s seguras que los analg\u00e9sicos tradicionales, como los corticosteroides.<\/p>\n<h4>Inyecciones articulares de esteroides<\/h4>\n<p>Estas inyecciones son beneficiosas para quienes sufren dolor articular cr\u00f3nico debido a la inflamaci\u00f3n. Contienen un agente anest\u00e9sico y un corticosteroide que, cuando se inyectan directamente en la c\u00e1psula articular, pueden reducir significativamente la inflamaci\u00f3n y aliviar el dolor durante d\u00edas, meses o incluso a\u00f1os. Las inyecciones articulares de esteroides pueden tratar el dolor asociado a la degeneraci\u00f3n, las lesiones o la artritis en diversas articulaciones, como la rodilla, el hombro, la cadera, la articulaci\u00f3n sacroil\u00edaca y las articulaciones facetarias.<\/p>\n<h2>Consiga hoy mismo un alivio eficaz del dolor<\/h2>\n<p>El dolor cr\u00f3nico puede afectar significativamente a su calidad de vida. Si ha estado probando m\u00e9todos ineficaces para aliviar el dolor, considere la posibilidad de concertar una cita para recibir inyecciones m\u00e9dicas en Rock Hill. Llame al <a href=\"tel:+17044123045\"><i class=\"fa fa-phone-alt\"><\/i>704-412-3045<\/a> para hablar con especialistas dedicados a aliviar el dolor o para concertar una cita en Apex Orthopaedics Spine &amp; Neurology.<\/p>\n","protected":false},"excerpt":{"rendered":"<p>El dolor cr\u00f3nico puede ser implacable e impredecible. Algunos d\u00edas puede que te sientas mejor, pero otros, el dolor puede atacarte sin previo aviso. Vivir con tal incertidumbre puede ser extremadamente frustrante. Afortunadamente, las inyecciones m\u00e9dicas proporcionadas por Apex Orthopaedics Spine &amp; Neurology en Rock Hill ofrecen esperanza. Las inyecciones para el tratamiento del dolor [&hellip;]<\/p>\n","protected":false},"author":25,"featured_media":0,"parent":2735,"menu_order":0,"comment_status":"closed","ping_status":"closed","template":"","meta":{"_acf_changed":false,"footnotes":""},"categories":[],"tags":[],"class_list":["post-5047","page","type-page","status-publish","hentry"],"acf":[],"_links":{"self":[{"href":"https:\/\/www.apexosn.com\/es\/wp-json\/wp\/v2\/pages\/5047","targetHints":{"allow":["GET"]}}],"collection":[{"href":"https:\/\/www.apexosn.com\/es\/wp-json\/wp\/v2\/pages"}],"about":[{"href":"https:\/\/www.apexosn.com\/es\/wp-json\/wp\/v2\/types\/page"}],"author":[{"embeddable":true,"href":"https:\/\/www.apexosn.com\/es\/wp-json\/wp\/v2\/users\/25"}],"replies":[{"embeddable":true,"href":"https:\/\/www.apexosn.com\/es\/wp-json\/wp\/v2\/comments?post=5047"}],"version-history":[{"count":2,"href":"https:\/\/www.apexosn.com\/es\/wp-json\/wp\/v2\/pages\/5047\/revisions"}],"predecessor-version":[{"id":5049,"href":"https:\/\/www.apexosn.com\/es\/wp-json\/wp\/v2\/pages\/5047\/revisions\/5049"}],"up":[{"embeddable":true,"href":"https:\/\/www.apexosn.com\/es\/wp-json\/wp\/v2\/pages\/2735"}],"wp:attachment":[{"href":"https:\/\/www.apexosn.com\/es\/wp-json\/wp\/v2\/media?parent=5047"}],"wp:term":[{"taxonomy":"category","embeddable":true,"href":"https:\/\/www.apexosn.com\/es\/wp-json\/wp\/v2\/categories?post=5047"},{"taxonomy":"post_tag","embeddable":true,"href":"https:\/\/www.apexosn.com\/es\/wp-json\/wp\/v2\/tags?post=5047"}],"curies":[{"name":"wp","href":"https:\/\/api.w.org\/{rel}","templated":true}]}}