{"id":5038,"date":"2024-05-19T16:54:05","date_gmt":"2024-05-19T21:54:05","guid":{"rendered":"https:\/\/www.apexosn.com\/raleigh-nc\/raleigh-uber-tratamiento-de-accidentes\/"},"modified":"2024-05-26T07:31:04","modified_gmt":"2024-05-26T12:31:04","slug":"raleigh-uber-tratamiento-de-accidentes","status":"publish","type":"page","link":"https:\/\/www.apexosn.com\/es\/raleigh-nc\/raleigh-uber-tratamiento-de-accidentes\/","title":{"rendered":"Raleigh Uber Tratamiento de Accidentes"},"content":{"rendered":"<p>En Raleigh, los viajes en Uber se han convertido en una opci\u00f3n de transporte r\u00e1pida y c\u00f3moda. Sin embargo, el aumento del uso de servicios de viajes compartidos tambi\u00e9n ha llevado a un aumento en los accidentes automovil\u00edsticos que involucran estos veh\u00edculos. Si usted ha estado involucrado en un accidente de Uber en Raleigh, buscar tratamiento m\u00e9dico inmediato es cr\u00edtico.<\/p>\n<p>Los accidentes de Uber pueden causar lesiones significativas y tensi\u00f3n financiera. La atenci\u00f3n m\u00e9dica inmediata ayuda a prevenir mayores complicaciones, controla el dolor y documenta sus lesiones para posibles procedimientos legales. En Apex Orthopaedics Spine &amp; Neurology, nuestro experimentado equipo m\u00e9dico est\u00e1 bien equipado para tratar lesiones por accidentes de Uber. Nuestro objetivo es aliviar su dolor y guiarlo a trav\u00e9s de un proceso de recuperaci\u00f3n sin problemas.<\/p>\n<p>Si sufri\u00f3 lesiones en un accidente de Uber en Raleigh, ll\u00e1menos al <a href=\"tel:+17044123045\"><i class=\"fa fa-phone-alt\"><\/i>704-412-3045<\/a> para programar una cita.<\/p>\n\t\t<div data-elementor-type=\"section\" data-elementor-id=\"208\" class=\"elementor elementor-208\" data-elementor-post-type=\"elementor_library\">\n\t\t\t\t\t<section class=\"elementor-section elementor-top-section elementor-element elementor-element-485e576a elementor-section-boxed elementor-section-height-default elementor-section-height-default\" data-id=\"485e576a\" data-element_type=\"section\" data-e-type=\"section\">\n\t\t\t\t\t\t<div class=\"elementor-container elementor-column-gap-default\">\n\t\t\t\t\t<div class=\"elementor-column elementor-col-100 elementor-top-column elementor-element elementor-element-635c38c0\" data-id=\"635c38c0\" data-element_type=\"column\" data-e-type=\"column\">\n\t\t\t<div class=\"elementor-widget-wrap elementor-element-populated\">\n\t\t\t\t\t\t<div class=\"elementor-element elementor-element-3ba95c8a elementor-toc--minimized-on-tablet elementor-widget elementor-widget-table-of-contents\" data-id=\"3ba95c8a\" data-element_type=\"widget\" data-e-type=\"widget\" data-settings=\"{&quot;exclude_headings_by_selector&quot;:&quot;.toc-remove&quot;,&quot;headings_by_tags&quot;:[&quot;h2&quot;,&quot;h3&quot;],&quot;marker_view&quot;:&quot;numbers&quot;,&quot;no_headings_message&quot;:&quot;No headings were found on this page.&quot;,&quot;minimize_box&quot;:&quot;yes&quot;,&quot;minimized_on&quot;:&quot;tablet&quot;,&quot;hierarchical_view&quot;:&quot;yes&quot;,&quot;min_height&quot;:{&quot;unit&quot;:&quot;px&quot;,&quot;size&quot;:&quot;&quot;,&quot;sizes&quot;:[]},&quot;min_height_laptop&quot;:{&quot;unit&quot;:&quot;px&quot;,&quot;size&quot;:&quot;&quot;,&quot;sizes&quot;:[]},&quot;min_height_tablet&quot;:{&quot;unit&quot;:&quot;px&quot;,&quot;size&quot;:&quot;&quot;,&quot;sizes&quot;:[]},&quot;min_height_mobile&quot;:{&quot;unit&quot;:&quot;px&quot;,&quot;size&quot;:&quot;&quot;,&quot;sizes&quot;:[]}}\" data-widget_type=\"table-of-contents.default\">\n\t\t\t\t\t\t\t\t\t<div class=\"elementor-toc__header\">\n\t\t\t\t\t\t<div class=\"elementor-toc__header-title\">\n\t\t\t\tTable of Contents\t\t\t<\/div>\n\t\t\t\t\t\t\t\t\t\t<div class=\"elementor-toc__toggle-button elementor-toc__toggle-button--expand\" role=\"button\" tabindex=\"0\" aria-controls=\"elementor-toc__3ba95c8a\" aria-expanded=\"true\" aria-label=\"Open table of contents\"><svg aria-hidden=\"true\" class=\"e-font-icon-svg e-fas-chevron-down\" viewBox=\"0 0 448 512\" xmlns=\"http:\/\/www.w3.org\/2000\/svg\"><path d=\"M207.029 381.476L12.686 187.132c-9.373-9.373-9.373-24.569 0-33.941l22.667-22.667c9.357-9.357 24.522-9.375 33.901-.04L224 284.505l154.745-154.021c9.379-9.335 24.544-9.317 33.901.04l22.667 22.667c9.373 9.373 9.373 24.569 0 33.941L240.971 381.476c-9.373 9.372-24.569 9.372-33.942 0z\"><\/path><\/svg><\/div>\n\t\t\t\t<div class=\"elementor-toc__toggle-button elementor-toc__toggle-button--collapse\" role=\"button\" tabindex=\"0\" aria-controls=\"elementor-toc__3ba95c8a\" aria-expanded=\"true\" aria-label=\"Close table of contents\"><svg aria-hidden=\"true\" class=\"e-font-icon-svg e-fas-chevron-up\" viewBox=\"0 0 448 512\" xmlns=\"http:\/\/www.w3.org\/2000\/svg\"><path d=\"M240.971 130.524l194.343 194.343c9.373 9.373 9.373 24.569 0 33.941l-22.667 22.667c-9.357 9.357-24.522 9.375-33.901.04L224 227.495 69.255 381.516c-9.379 9.335-24.544 9.317-33.901-.04l-22.667-22.667c-9.373-9.373-9.373-24.569 0-33.941L207.03 130.525c9.372-9.373 24.568-9.373 33.941-.001z\"><\/path><\/svg><\/div>\n\t\t\t\t\t<\/div>\n\t\t\t\t<div id=\"elementor-toc__3ba95c8a\" class=\"elementor-toc__body\">\n\t\t\t<div class=\"elementor-toc__spinner-container\">\n\t\t\t\t<svg class=\"elementor-toc__spinner eicon-animation-spin e-font-icon-svg e-eicon-loading\" aria-hidden=\"true\" viewBox=\"0 0 1000 1000\" xmlns=\"http:\/\/www.w3.org\/2000\/svg\"><path d=\"M500 975V858C696 858 858 696 858 500S696 142 500 142 142 304 142 500H25C25 237 238 25 500 25S975 237 975 500 763 975 500 975Z\"><\/path><\/svg>\t\t\t<\/div>\n\t\t<\/div>\n\t\t\t\t\t\t<\/div>\n\t\t\t\t\t<\/div>\n\t\t<\/div>\n\t\t\t\t\t<\/div>\n\t\t<\/section>\n\t\t\t\t<\/div>\n\t\t\n<h2>Estad\u00edsticas de accidentes de Uber en Raleigh<\/h2>\n<p>Resultar lesionado en un accidente de Uber en Raleigh es, desafortunadamente, algo com\u00fan. En 2020, Carolina del Norte inform\u00f3 m\u00e1s de 247,214 accidentes automovil\u00edsticos, lo que result\u00f3 en m\u00e1s de 105,382 lesiones y 1,658 muertes. Las cifras exactas para los veh\u00edculos de viaje compartido no est\u00e1n disponibles, ya que las compa\u00f1\u00edas de viaje compartido no comparten p\u00fablicamente esta informaci\u00f3n.<\/p>\n<p>Investigadores de la Booth School of Business de la Universidad de Chicago descubrieron que los servicios de transporte compartido han incrementado los accidentes mortales en un 3%. Esto podr\u00eda deberse a que los conductores carecen a menudo de formaci\u00f3n adicional en seguridad y utilizan veh\u00edculos personales. Muchos conductores son relativamente inexpertos, y las empresas de viajes compartidos pueden no seleccionarlos con suficiente cuidado.<\/p>\n<h2>Pasos a seguir despu\u00e9s de un accidente de Uber en Raleigh<\/h2>\n<p>Estar involucrado en un accidente de coche es estresante. No saber qu\u00e9 hacer despu\u00e9s puede aumentar la confusi\u00f3n. He aqu\u00ed una gu\u00eda paso a paso sobre c\u00f3mo manejar un accidente de Uber en Raleigh para proteger su salud, derechos y finanzas.<\/p>\n<h3>Compruebe si hay lesiones<\/h3>\n<p>Mantenga la compostura. A menos que est\u00e9 gravemente herido, compruebe c\u00f3mo est\u00e1n los dem\u00e1s implicados. Algunos pueden necesitar primeros auxilios. Ayude a los que est\u00e9n en peligro inmediato si puede.<\/p>\n<h3>Pida ayuda<\/h3>\n<p>Despl\u00e1zate a un lugar seguro y llama a los servicios de emergencia. Si est\u00e1s gravemente herido, hazlo inmediatamente. La seguridad debe ser siempre su m\u00e1xima prioridad. Espere a recibir ayuda en una zona segura.<\/p>\n<h3>Documente la escena<\/h3>\n<p>Es esencial recoger pruebas. Haz fotos y v\u00eddeos del lugar del accidente. Le ser\u00e1n de gran ayuda si busca una compensaci\u00f3n econ\u00f3mica por los gastos m\u00e9dicos y otros da\u00f1os.<\/p>\n<h3>Busque asesoramiento legal<\/h3>\n<p>Consulte a un abogado especializado en lesiones personales. Proteger\u00e1 sus derechos, le aconsejar\u00e1 sobre los pasos a seguir y le guiar\u00e1 a trav\u00e9s del proceso legal. Su abogado tambi\u00e9n puede ayudarle a reunir pruebas y evaluar el alcance de sus da\u00f1os.<\/p>\n<h3>Acuda al m\u00e9dico<\/h3>\n<p>Busque atenci\u00f3n m\u00e9dica inmediata, aunque se sienta bien. La adrenalina y el shock pueden enmascarar las lesiones. Los profesionales m\u00e9dicos son expertos en diagnosticar problemas que pueden no presentar s\u00edntomas de inmediato.<\/p>\n<h3>Siga las recomendaciones m\u00e9dicas<\/h3>\n<p>Para una recuperaci\u00f3n completa, siga todas las recomendaciones m\u00e9dicas, incluidos los medicamentos, la fisioterapia y los posibles procedimientos quir\u00fargicos. Seguir las recomendaciones de su m\u00e9dico reduce el riesgo de complicaciones.<\/p>\n<p>Estos pasos son esenciales para salvaguardar sus derechos, facilitar su recuperaci\u00f3n y obtener la compensaci\u00f3n econ\u00f3mica que se merece. Apex Orthopaedics Spine &amp; Neurology est\u00e1 aqu\u00ed para ayudarle a recuperar su salud y proporcionarle el apoyo que necesita.<\/p>\n<p><a href=\"https:\/\/www.apexosn.com\/wp-content\/uploads\/2024\/05\/shutterstock_515156239-min.jpg\"><img fetchpriority=\"high\" decoding=\"async\" class=\"alignnone size-full wp-image-4391\" src=\"https:\/\/www.apexosn.com\/wp-content\/uploads\/2024\/05\/shutterstock_515156239-min.jpg\" alt=\"Raleigh Uber Accident Concept Image\" width=\"500\" height=\"334\" srcset=\"https:\/\/www.apexosn.com\/wp-content\/uploads\/2024\/05\/shutterstock_515156239-min.jpg 500w, https:\/\/www.apexosn.com\/wp-content\/uploads\/2024\/05\/shutterstock_515156239-min-300x200.jpg 300w\" sizes=\"(max-width: 500px) 100vw, 500px\" \/><\/a><\/p>\n<h2>Lesiones comunes por accidentes de Uber en Raleigh<\/h2>\n<p>Los accidentes de Uber pueden causar una serie de lesiones, de leves a graves, incluyendo traumas emocionales y psicol\u00f3gicos. Ignorar lesiones menores puede conducir a problemas a largo plazo. Consulte a un m\u00e9dico para diagnosticar y tratar estas condiciones.<\/p>\n<h3>Lesiones en la cabeza<\/h3>\n<p>Incluso los accidentes a baja velocidad pueden causar lesiones en la cabeza como conmociones cerebrales, laceraciones o lesiones cerebrales. La atenci\u00f3n m\u00e9dica inmediata es crucial.<\/p>\n<h3>Lesiones de espalda<\/h3>\n<p>Las colisiones de alto impacto o incluso moderadas pueden provocar lesiones en la espalda como estenosis espinal y fractura de v\u00e9rtebras. Estas lesiones pueden afectar a la movilidad y causar discapacidad a largo plazo.<\/p>\n<h3>Lesiones en las extremidades<\/h3>\n<p>Las lesiones en brazos y piernas son frecuentes en los accidentes de Uber. Van desde contusiones y cortes hasta esguinces, torceduras y huesos rotos. El tratamiento inmediato es esencial para una curaci\u00f3n adecuada.<\/p>\n<h3>Lesiones de tejidos blandos<\/h3>\n<p>Estas lesiones afectan a tendones, ligamentos y m\u00fasculos. Los s\u00edntomas son dolor, hinchaz\u00f3n y limitaci\u00f3n del movimiento. Algunos ejemplos son los esguinces, las distensiones y la bursitis.<\/p>\n<h2>\u00bfPor qu\u00e9 buscar atenci\u00f3n m\u00e9dica inmediata despu\u00e9s de un accidente de Uber en Raleigh?<\/h2>\n<p>La atenci\u00f3n m\u00e9dica oportuna ofrece varios beneficios, desde la prevenci\u00f3n de complicaciones hasta el fortalecimiento de su reclamo de seguro. He aqu\u00ed por qu\u00e9 buscar atenci\u00f3n m\u00e9dica de primera clase de inmediato es vital.<\/p>\n<h3>Prevenci\u00f3n de complicaciones adicionales<\/h3>\n<p>Las lesiones no tratadas pueden empeorar, dando lugar a graves problemas de salud y una recuperaci\u00f3n prolongada. Una intervenci\u00f3n m\u00e9dica temprana puede evitar que los problemas menores se agraven.<\/p>\n<h3>Detecci\u00f3n de lesiones tard\u00edas<\/h3>\n<p>Las lesiones como las conmociones cerebrales y el latigazo cervical pueden no mostrar s\u00edntomas inmediatamente. Una evaluaci\u00f3n m\u00e9dica temprana puede detectar estos problemas, permitiendo un tratamiento r\u00e1pido.<\/p>\n<h3>Refuerzo de su reclamaci\u00f3n al seguro<\/h3>\n<p>Los historiales m\u00e9dicos son cruciales a la hora de presentar una reclamaci\u00f3n. La documentaci\u00f3n detallada de sus lesiones fortalece su caso para la compensaci\u00f3n financiera.<\/p>\n<h3>Evitar el dolor a largo plazo<\/h3>\n<p>Las lesiones no tratadas pueden convertirse en enfermedades cr\u00f3nicas. Tratarlas a tiempo ayuda a prevenir el dolor y los problemas de salud a largo plazo.<\/p>\n<p><a href=\"https:\/\/www.apexosn.com\/wp-content\/uploads\/2024\/05\/shutterstock_158584802-min-3.jpg\"><img decoding=\"async\" class=\"alignnone size-full wp-image-4394\" src=\"https:\/\/www.apexosn.com\/wp-content\/uploads\/2024\/05\/shutterstock_158584802-min-3.jpg\" alt=\"Raleigh Uber Tratamiento de Accidentes\" width=\"500\" height=\"334\" srcset=\"https:\/\/www.apexosn.com\/wp-content\/uploads\/2024\/05\/shutterstock_158584802-min-3.jpg 500w, https:\/\/www.apexosn.com\/wp-content\/uploads\/2024\/05\/shutterstock_158584802-min-3-300x200.jpg 300w\" sizes=\"(max-width: 500px) 100vw, 500px\" \/><\/a><\/p>\n<h2>Qu\u00e9 esperar en Apex Orthopaedics Spine &amp; Neurology<\/h2>\n<p>Cuando visite nuestro centro de Raleigh, espere una atenci\u00f3n integral por parte de un equipo especializado en el tratamiento de lesiones relacionadas con el autom\u00f3vil. Esto es lo que ofrecemos.<\/p>\n<h3>Diagn\u00f3stico experto<\/h3>\n<p>Nuestros profesionales m\u00e9dicos realizan evaluaciones exhaustivas para identificar sus lesiones. Empleamos herramientas de diagn\u00f3stico avanzadas como radiograf\u00edas y resonancias magn\u00e9ticas para garantizar una evaluaci\u00f3n completa.<\/p>\n<h3>Planes de tratamiento personalizados<\/h3>\n<p>Creamos planes de tratamiento individualizados adaptados a sus lesiones espec\u00edficas. Estos pueden incluir medicamentos, fisioterapia o intervenciones quir\u00fargicas.<\/p>\n<h3>Apoyo continuo<\/h3>\n<p>Nuestro equipo proporciona apoyo continuo durante su recuperaci\u00f3n, garantizando que reciba la mejor atenci\u00f3n posible.<\/p>\n<h3>Atenci\u00f3n compasiva<\/h3>\n<p>Comprendemos el estr\u00e9s que supone enfrentarse a lesiones relacionadas con accidentes. Nuestro equipo est\u00e1 comprometido con su bienestar, ofreciendo una atenci\u00f3n compasiva en cada paso del camino.<\/p>\n<h2>Tipos de tratamientos que ofrecemos<\/h2>\n<p>Nuestra cl\u00ednica ofrece una amplia gama de tratamientos para hacer frente a diversas lesiones resultantes de accidentes de Uber. Esto es lo que podemos hacer por usted.<\/p>\n<h3>Medicamentos<\/h3>\n<p>Prescribimos analg\u00e9sicos, antiinflamatorios y relajantes musculares para controlar el dolor y la inflamaci\u00f3n de manera eficaz.<\/p>\n<h3>Fisioterapia<\/h3>\n<p>Nuestros fisioterapeutas dise\u00f1an programas de ejercicios personalizados para mejorar la fuerza, la flexibilidad y el rango de movimiento, ayud\u00e1ndole a recuperarse m\u00e1s r\u00e1pido.<\/p>\n<h3>Inyecciones<\/h3>\n<p>Las inyecciones de corticosteroides pueden reducir la inflamaci\u00f3n y aliviar el dolor en zonas espec\u00edficas.<\/p>\n<h3>Intervenciones quir\u00fargicas<\/h3>\n<p>Para lesiones graves como fracturas, nuestros cirujanos ortop\u00e9dicos realizan procedimientos para garantizar una curaci\u00f3n y recuperaci\u00f3n \u00f3ptimas.<\/p>\n<h2>Lesiones comunes en accidentes de coche que tratamos<\/h2>\n<p>Nuestros especialistas tratan una amplia gama de lesiones por accidentes de tr\u00e1fico. Estas son algunas de las m\u00e1s comunes.<\/p>\n<h3>Latigazo cervical<\/h3>\n<p>El latigazo cervical es una lesi\u00f3n en el cuello causada por un movimiento brusco, que provoca dolor y rigidez.<\/p>\n<p><a href=\"https:\/\/www.apexosn.com\/wp-content\/uploads\/2024\/05\/shutterstock_1967420284-min-1.jpg\"><img decoding=\"async\" class=\"alignnone size-full wp-image-4401\" src=\"https:\/\/www.apexosn.com\/wp-content\/uploads\/2024\/05\/shutterstock_1967420284-min-1.jpg\" alt=\"Whiplash\" width=\"500\" height=\"299\" srcset=\"https:\/\/www.apexosn.com\/wp-content\/uploads\/2024\/05\/shutterstock_1967420284-min-1.jpg 500w, https:\/\/www.apexosn.com\/wp-content\/uploads\/2024\/05\/shutterstock_1967420284-min-1-300x179.jpg 300w\" sizes=\"(max-width: 500px) 100vw, 500px\" \/><\/a><\/p>\n<h3>Lesiones de espalda y de m\u00e9dula espinal<\/h3>\n<p>Las lesiones de espalda van desde esguinces y distensiones hasta hernias discales y da\u00f1os en la m\u00e9dula espinal que causan par\u00e1lisis.<\/p>\n<h3>Lesiones de tejidos blandos<\/h3>\n<p>Las lesiones de tejidos blandos afectan a m\u00fasculos, ligamentos y tendones. Causan dolor e hinchaz\u00f3n.<\/p>\n<h3>Huesos rotos<\/h3>\n<p>Las fracturas suelen producirse en las costillas, las piernas, los brazos y los tobillos debido al impacto de una colisi\u00f3n.<\/p>\n<h3>Lesi\u00f3n cerebral traum\u00e1tica (LCT)<\/h3>\n<p>Una lesi\u00f3n cerebral traum\u00e1tica es una lesi\u00f3n grave causada por un golpe en la cabeza, que provoca s\u00edntomas como dolores de cabeza, mareos y p\u00e9rdida de memoria.<\/p>\n<h2>Cu\u00e1ndo buscar tratamiento m\u00e9dico<\/h2>\n<p>Ciertos s\u00edntomas justifican la atenci\u00f3n m\u00e9dica inmediata. Aqu\u00ed es cu\u00e1ndo consultar a un m\u00e9dico despu\u00e9s de un accidente de Uber Raleigh.<\/p>\n<h3>P\u00e9rdida de conciencia<\/h3>\n<p>Incluso una breve p\u00e9rdida de conciencia puede indicar una lesi\u00f3n en la cabeza.<\/p>\n<h3>Dolores de cabeza, mareos o confusi\u00f3n<\/h3>\n<p>Estos s\u00edntomas pueden sugerir una conmoci\u00f3n cerebral u otra afecci\u00f3n grave.<\/p>\n<h3>Dolor de Cuello o Espalda<\/h3>\n<p>El dolor en estas zonas puede indicar lesiones graves como latigazo cervical o da\u00f1os en la columna vertebral.<\/p>\n<h3>Entumecimiento u hormigueo<\/h3>\n<p>Estas sensaciones pueden indicar da\u00f1os en los nervios y requieren una r\u00e1pida evaluaci\u00f3n m\u00e9dica.<\/p>\n<h3>Lesiones visibles<\/h3>\n<p>Los cortes, las laceraciones o las fracturas \u00f3seas requieren atenci\u00f3n inmediata para evitar infecciones y facilitar una curaci\u00f3n adecuada.<\/p>\n<h3>Dificultad respiratoria<\/h3>\n<p>Las dificultades respiratorias pueden indicar lesiones internas que requieren atenci\u00f3n m\u00e9dica urgente.<\/p>\n<h3>Dolor persistente<\/h3>\n<p>Si el dolor aumenta o persiste durante varios d\u00edas, busca atenci\u00f3n m\u00e9dica para descartar lesiones ocultas.<\/p>\n<p><a href=\"https:\/\/www.apexosn.com\/wp-content\/uploads\/2024\/05\/shutterstock_1694016703-min-1.jpg\"><img loading=\"lazy\" decoding=\"async\" class=\"alignnone size-full wp-image-4408\" src=\"https:\/\/www.apexosn.com\/wp-content\/uploads\/2024\/05\/shutterstock_1694016703-min-1.jpg\" alt=\"Raleigh Uber Accident Doctor\" width=\"500\" height=\"334\" srcset=\"https:\/\/www.apexosn.com\/wp-content\/uploads\/2024\/05\/shutterstock_1694016703-min-1.jpg 500w, https:\/\/www.apexosn.com\/wp-content\/uploads\/2024\/05\/shutterstock_1694016703-min-1-300x200.jpg 300w\" sizes=\"(max-width: 500px) 100vw, 500px\" \/><\/a><\/p>\n<h2>C\u00f3mo puede ayudar Apex Orthopaedics Spine &amp; Neurology<\/h2>\n<p>Nuestros m\u00e9dicos de accidentes de coche Raleigh se dedican a su recuperaci\u00f3n. Esto es lo que puede esperar cuando nos elija.<\/p>\n<h3>Cuidado compasivo<\/h3>\n<p>Entendemos la carga f\u00edsica y emocional de un accidente de coche. Nuestro equipo le trata con respeto y compasi\u00f3n a lo largo de su viaje de recuperaci\u00f3n.<\/p>\n<h3>Servicios integrales<\/h3>\n<p>Ofrecemos una amplia gama de servicios m\u00e9dicos bajo un mismo techo, desde el diagn\u00f3stico hasta la planificaci\u00f3n del tratamiento y la fisioterapia.<\/p>\n<h3>Planes de tratamiento a medida<\/h3>\n<p>Ofrecemos planes de tratamiento dise\u00f1ados espec\u00edficamente para abordar sus necesidades y lesiones individuales.<\/p>\n<h3>Comunicaci\u00f3n clara<\/h3>\n<p>Nuestro equipo le explicar\u00e1 claramente su diagn\u00f3stico y opciones de tratamiento, trabajando estrechamente con usted durante todo el proceso de recuperaci\u00f3n.<\/p>\n<h3>Profesionales con experiencia<\/h3>\n<p>Nuestros m\u00e9dicos, fisioterapeutas y otros profesionales de la salud tienen una amplia experiencia en el tratamiento de lesiones por accidente de coche.<\/p>\n<h2>\u00a1Llame hoy mismo a Apex Orthopaedics Spine &amp; Neurology!<\/h2>\n<p>Estar involucrado en un accidente de Raleigh Uber es un evento que cambia la vida. El camino hacia la recuperaci\u00f3n puede ser dif\u00edcil, pero no tiene que enfrentarlo solo. En Apex Orthopaedics Spine &amp; Neurology, nuestros m\u00e9dicos, fisioterapeutas y otros profesionales de la salud est\u00e1n aqu\u00ed para ayudarle a sanar.<\/p>\n<p>Ofrecemos una atenci\u00f3n integral, planes de tratamiento personalizados y un equipo dedicado a garantizar su recuperaci\u00f3n. No espere para obtener la atenci\u00f3n m\u00e9dica que se merece. \u00a1Programar una cita con nuestros m\u00e9dicos de accidentes de coche Raleigh hoy! Ll\u00e1menos al <a href=\"tel:+17044123045\"><i class=\"fa fa-phone-alt\"><\/i>704-412-3045<\/a> para comenzar su viaje hacia la recuperaci\u00f3n.<\/p>\n","protected":false},"excerpt":{"rendered":"<p>En Raleigh, los viajes en Uber se han convertido en una opci\u00f3n de transporte r\u00e1pida y c\u00f3moda. Sin embargo, el aumento del uso de servicios de viajes compartidos tambi\u00e9n ha llevado a un aumento en los accidentes automovil\u00edsticos que involucran estos veh\u00edculos. Si usted ha estado involucrado en un accidente de Uber en Raleigh, buscar [&hellip;]<\/p>\n","protected":false},"author":25,"featured_media":0,"parent":2734,"menu_order":0,"comment_status":"closed","ping_status":"closed","template":"","meta":{"_acf_changed":false,"footnotes":""},"categories":[],"tags":[],"class_list":["post-5038","page","type-page","status-publish","hentry"],"acf":[],"_links":{"self":[{"href":"https:\/\/www.apexosn.com\/es\/wp-json\/wp\/v2\/pages\/5038","targetHints":{"allow":["GET"]}}],"collection":[{"href":"https:\/\/www.apexosn.com\/es\/wp-json\/wp\/v2\/pages"}],"about":[{"href":"https:\/\/www.apexosn.com\/es\/wp-json\/wp\/v2\/types\/page"}],"author":[{"embeddable":true,"href":"https:\/\/www.apexosn.com\/es\/wp-json\/wp\/v2\/users\/25"}],"replies":[{"embeddable":true,"href":"https:\/\/www.apexosn.com\/es\/wp-json\/wp\/v2\/comments?post=5038"}],"version-history":[{"count":2,"href":"https:\/\/www.apexosn.com\/es\/wp-json\/wp\/v2\/pages\/5038\/revisions"}],"predecessor-version":[{"id":5040,"href":"https:\/\/www.apexosn.com\/es\/wp-json\/wp\/v2\/pages\/5038\/revisions\/5040"}],"up":[{"embeddable":true,"href":"https:\/\/www.apexosn.com\/es\/wp-json\/wp\/v2\/pages\/2734"}],"wp:attachment":[{"href":"https:\/\/www.apexosn.com\/es\/wp-json\/wp\/v2\/media?parent=5038"}],"wp:term":[{"taxonomy":"category","embeddable":true,"href":"https:\/\/www.apexosn.com\/es\/wp-json\/wp\/v2\/categories?post=5038"},{"taxonomy":"post_tag","embeddable":true,"href":"https:\/\/www.apexosn.com\/es\/wp-json\/wp\/v2\/tags?post=5038"}],"curies":[{"name":"wp","href":"https:\/\/api.w.org\/{rel}","templated":true}]}}