{"id":5035,"date":"2024-05-19T16:52:37","date_gmt":"2024-05-19T21:52:37","guid":{"rendered":"https:\/\/www.apexosn.com\/raleigh-nc\/tratamiento-de-accidentes-de-camion-en-raleigh\/"},"modified":"2024-05-26T07:20:35","modified_gmt":"2024-05-26T12:20:35","slug":"tratamiento-de-accidentes-de-camion-en-raleigh","status":"publish","type":"page","link":"https:\/\/www.apexosn.com\/es\/raleigh-nc\/tratamiento-de-accidentes-de-camion-en-raleigh\/","title":{"rendered":"Tratamiento de accidentes de cami\u00f3n en Raleigh"},"content":{"rendered":"<p>Los accidentes de cami\u00f3n pueden causar da\u00f1os importantes y lesiones graves. Estos incidentes son considerablemente m\u00e1s peligrosos debido al gran tama\u00f1o y peso de los camiones comerciales. Los tipos m\u00e1s comunes son los veh\u00edculos de reparto y las cabezas tractoras.<\/p>\n<p>Muchos accidentes de camiones en Raleigh se deben a que los conductores no se percatan de los peligros de la carretera. A veces, los accidentes ocurren cuando un veh\u00edculo m\u00e1s peque\u00f1o sigue a un cami\u00f3n grande demasiado cerca, incapaz de reaccionar a los cambios repentinos de carril. Otras veces, el mal mantenimiento de los camiones y la sobrecarga por parte de las empresas contribuyen a estas colisiones.<\/p>\n<p>Las lesiones por accidentes de cami\u00f3n necesitan tratamiento especializado. Busque ayuda m\u00e9dica inmediata tras un accidente para evitar complicaciones. En Apex Orthopaedics Spine &amp; Neurology de Raleigh, contamos con profesionales experimentados capaces de tratar diversas lesiones derivadas de accidentes de cami\u00f3n.<\/p>\n<p>P\u00f3ngase en contacto con nosotros hoy en <a href=\"tel:+17044123045\"><i class=\"fa fa-phone-alt\"><\/i>704-412-3045<\/a>, y perm\u00edtanos ayudarle a iniciar su viaje de recuperaci\u00f3n.<\/p>\n\t\t<div data-elementor-type=\"section\" data-elementor-id=\"208\" class=\"elementor elementor-208\" data-elementor-post-type=\"elementor_library\">\n\t\t\t\t\t<section class=\"elementor-section elementor-top-section elementor-element elementor-element-485e576a elementor-section-boxed elementor-section-height-default elementor-section-height-default\" data-id=\"485e576a\" data-element_type=\"section\" data-e-type=\"section\">\n\t\t\t\t\t\t<div class=\"elementor-container elementor-column-gap-default\">\n\t\t\t\t\t<div class=\"elementor-column elementor-col-100 elementor-top-column elementor-element elementor-element-635c38c0\" data-id=\"635c38c0\" data-element_type=\"column\" data-e-type=\"column\">\n\t\t\t<div class=\"elementor-widget-wrap elementor-element-populated\">\n\t\t\t\t\t\t<div class=\"elementor-element elementor-element-3ba95c8a elementor-toc--minimized-on-tablet elementor-widget elementor-widget-table-of-contents\" data-id=\"3ba95c8a\" data-element_type=\"widget\" data-e-type=\"widget\" data-settings=\"{&quot;exclude_headings_by_selector&quot;:&quot;.toc-remove&quot;,&quot;headings_by_tags&quot;:[&quot;h2&quot;,&quot;h3&quot;],&quot;marker_view&quot;:&quot;numbers&quot;,&quot;no_headings_message&quot;:&quot;No headings were found on this page.&quot;,&quot;minimize_box&quot;:&quot;yes&quot;,&quot;minimized_on&quot;:&quot;tablet&quot;,&quot;hierarchical_view&quot;:&quot;yes&quot;,&quot;min_height&quot;:{&quot;unit&quot;:&quot;px&quot;,&quot;size&quot;:&quot;&quot;,&quot;sizes&quot;:[]},&quot;min_height_laptop&quot;:{&quot;unit&quot;:&quot;px&quot;,&quot;size&quot;:&quot;&quot;,&quot;sizes&quot;:[]},&quot;min_height_tablet&quot;:{&quot;unit&quot;:&quot;px&quot;,&quot;size&quot;:&quot;&quot;,&quot;sizes&quot;:[]},&quot;min_height_mobile&quot;:{&quot;unit&quot;:&quot;px&quot;,&quot;size&quot;:&quot;&quot;,&quot;sizes&quot;:[]}}\" data-widget_type=\"table-of-contents.default\">\n\t\t\t\t\t\t\t\t\t<div class=\"elementor-toc__header\">\n\t\t\t\t\t\t<div class=\"elementor-toc__header-title\">\n\t\t\t\tTable of Contents\t\t\t<\/div>\n\t\t\t\t\t\t\t\t\t\t<div class=\"elementor-toc__toggle-button elementor-toc__toggle-button--expand\" role=\"button\" tabindex=\"0\" aria-controls=\"elementor-toc__3ba95c8a\" aria-expanded=\"true\" aria-label=\"Open table of contents\"><svg aria-hidden=\"true\" class=\"e-font-icon-svg e-fas-chevron-down\" viewBox=\"0 0 448 512\" xmlns=\"http:\/\/www.w3.org\/2000\/svg\"><path d=\"M207.029 381.476L12.686 187.132c-9.373-9.373-9.373-24.569 0-33.941l22.667-22.667c9.357-9.357 24.522-9.375 33.901-.04L224 284.505l154.745-154.021c9.379-9.335 24.544-9.317 33.901.04l22.667 22.667c9.373 9.373 9.373 24.569 0 33.941L240.971 381.476c-9.373 9.372-24.569 9.372-33.942 0z\"><\/path><\/svg><\/div>\n\t\t\t\t<div class=\"elementor-toc__toggle-button elementor-toc__toggle-button--collapse\" role=\"button\" tabindex=\"0\" aria-controls=\"elementor-toc__3ba95c8a\" aria-expanded=\"true\" aria-label=\"Close table of contents\"><svg aria-hidden=\"true\" class=\"e-font-icon-svg e-fas-chevron-up\" viewBox=\"0 0 448 512\" xmlns=\"http:\/\/www.w3.org\/2000\/svg\"><path d=\"M240.971 130.524l194.343 194.343c9.373 9.373 9.373 24.569 0 33.941l-22.667 22.667c-9.357 9.357-24.522 9.375-33.901.04L224 227.495 69.255 381.516c-9.379 9.335-24.544 9.317-33.901-.04l-22.667-22.667c-9.373-9.373-9.373-24.569 0-33.941L207.03 130.525c9.372-9.373 24.568-9.373 33.941-.001z\"><\/path><\/svg><\/div>\n\t\t\t\t\t<\/div>\n\t\t\t\t<div id=\"elementor-toc__3ba95c8a\" class=\"elementor-toc__body\">\n\t\t\t<div class=\"elementor-toc__spinner-container\">\n\t\t\t\t<svg class=\"elementor-toc__spinner eicon-animation-spin e-font-icon-svg e-eicon-loading\" aria-hidden=\"true\" viewBox=\"0 0 1000 1000\" xmlns=\"http:\/\/www.w3.org\/2000\/svg\"><path d=\"M500 975V858C696 858 858 696 858 500S696 142 500 142 142 304 142 500H25C25 237 238 25 500 25S975 237 975 500 763 975 500 975Z\"><\/path><\/svg>\t\t\t<\/div>\n\t\t<\/div>\n\t\t\t\t\t\t<\/div>\n\t\t\t\t\t<\/div>\n\t\t<\/div>\n\t\t\t\t\t<\/div>\n\t\t<\/section>\n\t\t\t\t<\/div>\n\t\t\n<h2>Estad\u00edsticas de accidentes de camiones en Raleigh<\/h2>\n<p>Los conductores de camiones deben seguir las estrictas leyes de tr\u00e1fico relativas a los l\u00edmites de carga y las normas de velocidad. A pesar de estas normas, persisten comportamientos negligentes que provocan accidentes.<\/p>\n<p>Carolina del Norte reporta miles de accidentes de camiones anualmente, causando numerosas lesiones y muertes.<\/p>\n<ul>\n<li>M\u00e1s de 16.000 accidentes de camiones en 2021.<\/li>\n<li>M\u00e1s de 3.800 heridos y 150 v\u00edctimas mortales en 2021.<\/li>\n<li>Las muertes que involucran camiones aumentaron un 13% desde 2021.<\/li>\n<li>Casi el 50% de las lesiones mortales y graves involucran camiones grandes.<\/li>\n<li>Cada 16 minutos, una persona en los Estados Unidos muere debido a un accidente de cami\u00f3n, con m\u00e1s de 90,000 personas heridas anualmente.<\/li>\n<li>Los accidentes de tractor-remolque son tres veces m\u00e1s mortales que los accidentes de coche.<\/li>\n<\/ul>\n<p>Estas estad\u00edsticas muestran la gravedad de los accidentes de camiones en Raleigh, haciendo hincapi\u00e9 en la necesidad de soluciones eficaces.<\/p>\n<h2>Causas comunes de accidentes de semirremolques<\/h2>\n<p>Varios factores contribuyen a los accidentes de camiones en Raleigh. Mientras que muchos culpan a los conductores, la negligencia de las empresas tambi\u00e9n juega un papel. Aqu\u00ed est\u00e1n algunas causas comunes.<\/p>\n<h3>Conducci\u00f3n distra\u00edda<\/h3>\n<p>Los conductores de camiones a menudo se dedican a actividades como el uso de tel\u00e9fonos m\u00f3viles, comer o manejar la navegaci\u00f3n, lo que conduce a distracciones. Estas distracciones reducen su tiempo de reacci\u00f3n en caso de emergencia.<\/p>\n<h3>Condiciones meteorol\u00f3gicas adversas<\/h3>\n<p>Las condiciones meteorol\u00f3gicas adversas, como lluvias torrenciales, nieve, vientos fuertes o niebla, pueden afectar a la visibilidad del conductor y a su control sobre el veh\u00edculo, provocando accidentes. Las carreteras resbaladizas complican a\u00fan m\u00e1s el manejo, haciendo que los camiones sean m\u00e1s propensos a derrapar o volcar.<\/p>\n<h3>Mantenimiento deficiente<\/h3>\n<p>Descuidar el mantenimiento de los camiones pone en peligro la seguridad vial. Problemas como fallos de frenos, reventones de neum\u00e1ticos y problemas de direcci\u00f3n surgen cuando las empresas pasan por alto las inspecciones y revisiones peri\u00f3dicas.<\/p>\n<p><a href=\"https:\/\/www.apexosn.com\/wp-content\/uploads\/2024\/05\/shutterstock_1456160711-min.jpg\"><img fetchpriority=\"high\" decoding=\"async\" class=\"alignnone size-full wp-image-4277\" src=\"https:\/\/www.apexosn.com\/wp-content\/uploads\/2024\/05\/shutterstock_1456160711-min.jpg\" alt=\"Accidente de Cami\u00f3n en Raleigh\" width=\"500\" height=\"331\" srcset=\"https:\/\/www.apexosn.com\/wp-content\/uploads\/2024\/05\/shutterstock_1456160711-min.jpg 500w, https:\/\/www.apexosn.com\/wp-content\/uploads\/2024\/05\/shutterstock_1456160711-min-300x199.jpg 300w\" sizes=\"(max-width: 500px) 100vw, 500px\" \/><\/a><\/p>\n<h3>Accidentes por plegamiento<\/h3>\n<p>Los camiones con remolques enganchados pueden derrapar, haciendo que el remolque gire hacia fuera y forme un \u00e1ngulo de 90 grados. Esta situaci\u00f3n, conocida como jackknifing, puede obstruir varios carriles y provocar accidentes graves. Los factores que contribuyen a esta situaci\u00f3n son el exceso de velocidad, el mal estado de la carretera y el frenado incorrecto.<\/p>\n<h3>Conducir bajo los efectos del alcohol<\/h3>\n<p>Los conductores de camiones bajo los efectos del alcohol o las drogas plantean riesgos significativos en la carretera. El deterioro del juicio debido a la intoxicaci\u00f3n aumenta la probabilidad de accidentes.<\/p>\n<h3>Fatiga del conductor<\/h3>\n<p>Los largos trayectos con un descanso inadecuado debido a los apretados calendarios a menudo dejan a los conductores fatigados. Los conductores privados de sue\u00f1o pueden quedarse dormidos mientras conducen, provocando accidentes.<\/p>\n<h3>Sobrecarga y carga inadecuada<\/h3>\n<p>La sobrecarga supera la capacidad recomendada del cami\u00f3n, mientras que la carga inadecuada desequilibra la carga y provoca balanceos o inclinaciones. Ambos comportan riesgos importantes en la carretera.<\/p>\n<h3>Exceso de velocidad<\/h3>\n<p>Los conductores suelen acelerar para cumplir los plazos de entrega o cruzar las fronteras a tiempo. La velocidad excesiva reduce su tiempo de reacci\u00f3n, haciendo que los accidentes sean m\u00e1s probables.<\/p>\n<h2>Pasos a seguir despu\u00e9s de un accidente de cami\u00f3n en Raleigh<\/h2>\n<p>Las secuelas de un accidente de cami\u00f3n en Raleigh pueden ser abrumadoras. Conocer los pasos a seguir ayuda a salvaguardar sus derechos y su salud.<\/p>\n<h3>Reporte el Accidente<\/h3>\n<p>Llame a la polic\u00eda para documentar la escena del accidente. Un informe detallado ayuda a establecer la culpa y fortalece su reclamo de compensaci\u00f3n.<\/p>\n<h3>Busque atenci\u00f3n m\u00e9dica<\/h3>\n<p>La evaluaci\u00f3n m\u00e9dica inmediata es crucial, ya que algunas lesiones muestran s\u00edntomas tard\u00edos. Un informe de un profesional sanitario corrobora su reclamaci\u00f3n al seguro y verifica la gravedad de la lesi\u00f3n.<\/p>\n<h3>Recopile pruebas<\/h3>\n<p>Re\u00fana detalles sobre el accidente, incluidos relatos de testigos presenciales, fotograf\u00edas y v\u00eddeos. Documentar la secuencia de los hechos ayuda a determinar la responsabilidad.<\/p>\n<h3>Interact\u00fae con cautela con las compa\u00f1\u00edas de seguros<\/h3>\n<p>Las compa\u00f1\u00edas de seguros pueden dirigirse a usted para pedirle declaraciones o acuerdos. Evite compartir detalles espec\u00edficos sin consultar a su abogado. Publicar sobre el accidente p\u00fablicamente o en las redes sociales puede poner en peligro su reclamaci\u00f3n.<\/p>\n<h3>P\u00f3ngase en contacto con un abogado de accidentes de cami\u00f3n en Raleigh<\/h3>\n<p>Contrate a un abogado de lesiones personales especializado en accidentes de cami\u00f3n. Ellos se encargan de las negociaciones con las aseguradoras y re\u00fanen las pruebas esenciales, asegur\u00e1ndose de que sus derechos sean defendidos y representados eficazmente en los tribunales si es necesario.<\/p>\n<p><a href=\"https:\/\/www.apexosn.com\/wp-content\/uploads\/2024\/05\/shutterstock_2826279-min.jpg\"><img decoding=\"async\" class=\"alignnone size-full wp-image-4270\" src=\"https:\/\/www.apexosn.com\/wp-content\/uploads\/2024\/05\/shutterstock_2826279-min.jpg\" alt=\"Accidente de Cami\u00f3n en Raleigh\" width=\"500\" height=\"334\" srcset=\"https:\/\/www.apexosn.com\/wp-content\/uploads\/2024\/05\/shutterstock_2826279-min.jpg 500w, https:\/\/www.apexosn.com\/wp-content\/uploads\/2024\/05\/shutterstock_2826279-min-300x200.jpg 300w\" sizes=\"(max-width: 500px) 100vw, 500px\" \/><\/a><\/p>\n<h2>Tipos de lesiones causadas por accidentes de cami\u00f3n<\/h2>\n<p>Los accidentes de camiones suelen provocar lesiones graves debido a la masa de los veh\u00edculos. Estas son algunas lesiones comunes:<\/p>\n<h3>Latigazo cervical<\/h3>\n<p>El latigazo cervical se produce cuando el cuello experimenta un r\u00e1pido movimiento de vaiv\u00e9n, da\u00f1ando los m\u00fasculos, los ligamentos y el cerebro. Esta lesi\u00f3n puede provocar dolor cr\u00f3nico y malestar.<\/p>\n<h3>Lesiones cerebrales<\/h3>\n<p>Las lesiones cerebrales traum\u00e1ticas (LCT) se producen cuando la cabeza impacta contra una superficie dura. Los s\u00edntomas pueden manifestarse inmediatamente o m\u00e1s tarde, incluyendo dolores de cabeza, confusi\u00f3n, mareos y problemas de memoria.<\/p>\n<h3>Huesos rotos<\/h3>\n<p>Las fracturas pueden producirse en diversas partes del cuerpo, como brazos, piernas, costillas y hombros. El tratamiento abarca desde cuidados menores hasta intervenci\u00f3n quir\u00fargica y rehabilitaci\u00f3n en caso de fracturas graves.<\/p>\n<h3>Lesiones de tejidos blandos<\/h3>\n<p>Los da\u00f1os en m\u00fasculos, tendones y ligamentos pueden causar importantes problemas de movilidad. Un tratamiento r\u00e1pido es esencial para evitar complicaciones a largo plazo.<\/p>\n<h3>Traumatismos emocionales<\/h3>\n<p>Las lesiones psicol\u00f3gicas, como la ansiedad, el estr\u00e9s y la depresi\u00f3n, suelen acompa\u00f1ar a las lesiones f\u00edsicas. El apoyo emocional y la terapia desempe\u00f1an un papel crucial en la recuperaci\u00f3n.<\/p>\n<h2>Cuidado compasivo despu\u00e9s de un accidente de cami\u00f3n en Raleigh<\/h2>\n<p>Recuperarse de un accidente de cami\u00f3n a menudo requiere una amplia atenci\u00f3n y rehabilitaci\u00f3n. Afecciones como huesos rotos o amputaciones requieren volver a aprender movimientos b\u00e1sicos y adaptarse a cambios en el estilo de vida. El apoyo psicol\u00f3gico para el trauma emocional, como la ansiedad o el estr\u00e9s, es igualmente importante.<\/p>\n<p>Apex Orthopaedics Spine &amp; Neurology, situado en Raleigh, ofrece una atenci\u00f3n compasiva e integral adaptada a las necesidades de cada paciente. Nuestros servicios incluyen fisioterapia, tratamiento del dolor y cirug\u00edas ortop\u00e9dicas, garantizando un camino hacia la recuperaci\u00f3n.<\/p>\n<p>Tenemos profesionales experimentados capaces de manejar diversas lesiones resultantes de accidentes de camiones Raleigh. P\u00f3ngase en contacto con nosotros hoy en <a href=\"tel:+17044123045\"><i class=\"fa fa-phone-alt\"><\/i>704-412-3045<\/a>, y perm\u00edtanos ayudarle a iniciar su viaje de recuperaci\u00f3n.<\/p>\n","protected":false},"excerpt":{"rendered":"<p>Los accidentes de cami\u00f3n pueden causar da\u00f1os importantes y lesiones graves. Estos incidentes son considerablemente m\u00e1s peligrosos debido al gran tama\u00f1o y peso de los camiones comerciales. Los tipos m\u00e1s comunes son los veh\u00edculos de reparto y las cabezas tractoras. Muchos accidentes de camiones en Raleigh se deben a que los conductores no se percatan [&hellip;]<\/p>\n","protected":false},"author":25,"featured_media":0,"parent":2734,"menu_order":0,"comment_status":"closed","ping_status":"closed","template":"","meta":{"_acf_changed":false,"footnotes":""},"categories":[],"tags":[],"class_list":["post-5035","page","type-page","status-publish","hentry"],"acf":[],"_links":{"self":[{"href":"https:\/\/www.apexosn.com\/es\/wp-json\/wp\/v2\/pages\/5035","targetHints":{"allow":["GET"]}}],"collection":[{"href":"https:\/\/www.apexosn.com\/es\/wp-json\/wp\/v2\/pages"}],"about":[{"href":"https:\/\/www.apexosn.com\/es\/wp-json\/wp\/v2\/types\/page"}],"author":[{"embeddable":true,"href":"https:\/\/www.apexosn.com\/es\/wp-json\/wp\/v2\/users\/25"}],"replies":[{"embeddable":true,"href":"https:\/\/www.apexosn.com\/es\/wp-json\/wp\/v2\/comments?post=5035"}],"version-history":[{"count":2,"href":"https:\/\/www.apexosn.com\/es\/wp-json\/wp\/v2\/pages\/5035\/revisions"}],"predecessor-version":[{"id":5037,"href":"https:\/\/www.apexosn.com\/es\/wp-json\/wp\/v2\/pages\/5035\/revisions\/5037"}],"up":[{"embeddable":true,"href":"https:\/\/www.apexosn.com\/es\/wp-json\/wp\/v2\/pages\/2734"}],"wp:attachment":[{"href":"https:\/\/www.apexosn.com\/es\/wp-json\/wp\/v2\/media?parent=5035"}],"wp:term":[{"taxonomy":"category","embeddable":true,"href":"https:\/\/www.apexosn.com\/es\/wp-json\/wp\/v2\/categories?post=5035"},{"taxonomy":"post_tag","embeddable":true,"href":"https:\/\/www.apexosn.com\/es\/wp-json\/wp\/v2\/tags?post=5035"}],"curies":[{"name":"wp","href":"https:\/\/api.w.org\/{rel}","templated":true}]}}