{"id":5011,"date":"2024-05-17T15:05:28","date_gmt":"2024-05-17T20:05:28","guid":{"rendered":"https:\/\/www.apexosn.com\/raleigh-nc\/tratamiento-de-accidentes-de-motocicleta-en-raleigh\/"},"modified":"2024-05-26T02:11:20","modified_gmt":"2024-05-26T07:11:20","slug":"tratamiento-de-accidentes-de-motocicleta-en-raleigh","status":"publish","type":"page","link":"https:\/\/www.apexosn.com\/es\/raleigh-nc\/tratamiento-de-accidentes-de-motocicleta-en-raleigh\/","title":{"rendered":"Tratamiento de Accidentes de Motocicleta en Raleigh"},"content":{"rendered":"<p>Los accidentes de moto pueden cambiar tu vida en un instante. Las lesiones sufridas pueden ser graves y duraderas. Si usted ha estado involucrado en un accidente de motocicleta Raleigh, es fundamental para obtener el tratamiento m\u00e9dico adecuado para evitar da\u00f1os mayores y promover la recuperaci\u00f3n lo m\u00e1s r\u00e1pido posible.<\/p>\n<p>En los accidentes, la adrenalina puede enmascarar los s\u00edntomas de las lesiones. La evaluaci\u00f3n m\u00e9dica inmediata es crucial para descubrir cualquier da\u00f1o oculto. Esto puede influir significativamente en el progreso de su recuperaci\u00f3n y en la posibilidad de reclamar una indemnizaci\u00f3n por las lesiones sufridas.<\/p>\n<p>Apex Orthopaedics Spine &amp; Neurology en Raleigh ofrece atenci\u00f3n especializada para las v\u00edctimas de accidentes de motocicleta. Nuestro equipo de expertos ofrece evaluaciones exhaustivas y planes de tratamiento avanzados para ayudarle a recuperarse de sus lesiones.<\/p>\n<p>P\u00f3ngase en contacto con nosotros hoy en <a href=\"tel:+17044123045\"><i class=\"fa fa-phone-alt\"><\/i>704-412-3045<\/a> para programar una cita con uno de nuestros especialistas.<\/p>\n\t\t<div data-elementor-type=\"section\" data-elementor-id=\"208\" class=\"elementor elementor-208\" data-elementor-post-type=\"elementor_library\">\n\t\t\t\t\t<section class=\"elementor-section elementor-top-section elementor-element elementor-element-485e576a elementor-section-boxed elementor-section-height-default elementor-section-height-default\" data-id=\"485e576a\" data-element_type=\"section\" data-e-type=\"section\">\n\t\t\t\t\t\t<div class=\"elementor-container elementor-column-gap-default\">\n\t\t\t\t\t<div class=\"elementor-column elementor-col-100 elementor-top-column elementor-element elementor-element-635c38c0\" data-id=\"635c38c0\" data-element_type=\"column\" data-e-type=\"column\">\n\t\t\t<div class=\"elementor-widget-wrap elementor-element-populated\">\n\t\t\t\t\t\t<div class=\"elementor-element elementor-element-3ba95c8a elementor-toc--minimized-on-tablet elementor-widget elementor-widget-table-of-contents\" data-id=\"3ba95c8a\" data-element_type=\"widget\" data-e-type=\"widget\" data-settings=\"{&quot;exclude_headings_by_selector&quot;:&quot;.toc-remove&quot;,&quot;headings_by_tags&quot;:[&quot;h2&quot;,&quot;h3&quot;],&quot;marker_view&quot;:&quot;numbers&quot;,&quot;no_headings_message&quot;:&quot;No headings were found on this page.&quot;,&quot;minimize_box&quot;:&quot;yes&quot;,&quot;minimized_on&quot;:&quot;tablet&quot;,&quot;hierarchical_view&quot;:&quot;yes&quot;,&quot;min_height&quot;:{&quot;unit&quot;:&quot;px&quot;,&quot;size&quot;:&quot;&quot;,&quot;sizes&quot;:[]},&quot;min_height_laptop&quot;:{&quot;unit&quot;:&quot;px&quot;,&quot;size&quot;:&quot;&quot;,&quot;sizes&quot;:[]},&quot;min_height_tablet&quot;:{&quot;unit&quot;:&quot;px&quot;,&quot;size&quot;:&quot;&quot;,&quot;sizes&quot;:[]},&quot;min_height_mobile&quot;:{&quot;unit&quot;:&quot;px&quot;,&quot;size&quot;:&quot;&quot;,&quot;sizes&quot;:[]}}\" data-widget_type=\"table-of-contents.default\">\n\t\t\t\t\t\t\t\t\t<div class=\"elementor-toc__header\">\n\t\t\t\t\t\t<div class=\"elementor-toc__header-title\">\n\t\t\t\tTable of Contents\t\t\t<\/div>\n\t\t\t\t\t\t\t\t\t\t<div class=\"elementor-toc__toggle-button elementor-toc__toggle-button--expand\" role=\"button\" tabindex=\"0\" aria-controls=\"elementor-toc__3ba95c8a\" aria-expanded=\"true\" aria-label=\"Open table of contents\"><svg aria-hidden=\"true\" class=\"e-font-icon-svg e-fas-chevron-down\" viewBox=\"0 0 448 512\" xmlns=\"http:\/\/www.w3.org\/2000\/svg\"><path d=\"M207.029 381.476L12.686 187.132c-9.373-9.373-9.373-24.569 0-33.941l22.667-22.667c9.357-9.357 24.522-9.375 33.901-.04L224 284.505l154.745-154.021c9.379-9.335 24.544-9.317 33.901.04l22.667 22.667c9.373 9.373 9.373 24.569 0 33.941L240.971 381.476c-9.373 9.372-24.569 9.372-33.942 0z\"><\/path><\/svg><\/div>\n\t\t\t\t<div class=\"elementor-toc__toggle-button elementor-toc__toggle-button--collapse\" role=\"button\" tabindex=\"0\" aria-controls=\"elementor-toc__3ba95c8a\" aria-expanded=\"true\" aria-label=\"Close table of contents\"><svg aria-hidden=\"true\" class=\"e-font-icon-svg e-fas-chevron-up\" viewBox=\"0 0 448 512\" xmlns=\"http:\/\/www.w3.org\/2000\/svg\"><path d=\"M240.971 130.524l194.343 194.343c9.373 9.373 9.373 24.569 0 33.941l-22.667 22.667c-9.357 9.357-24.522 9.375-33.901.04L224 227.495 69.255 381.516c-9.379 9.335-24.544 9.317-33.901-.04l-22.667-22.667c-9.373-9.373-9.373-24.569 0-33.941L207.03 130.525c9.372-9.373 24.568-9.373 33.941-.001z\"><\/path><\/svg><\/div>\n\t\t\t\t\t<\/div>\n\t\t\t\t<div id=\"elementor-toc__3ba95c8a\" class=\"elementor-toc__body\">\n\t\t\t<div class=\"elementor-toc__spinner-container\">\n\t\t\t\t<svg class=\"elementor-toc__spinner eicon-animation-spin e-font-icon-svg e-eicon-loading\" aria-hidden=\"true\" viewBox=\"0 0 1000 1000\" xmlns=\"http:\/\/www.w3.org\/2000\/svg\"><path d=\"M500 975V858C696 858 858 696 858 500S696 142 500 142 142 304 142 500H25C25 237 238 25 500 25S975 237 975 500 763 975 500 975Z\"><\/path><\/svg>\t\t\t<\/div>\n\t\t<\/div>\n\t\t\t\t\t\t<\/div>\n\t\t\t\t\t<\/div>\n\t\t<\/div>\n\t\t\t\t\t<\/div>\n\t\t<\/section>\n\t\t\t\t<\/div>\n\t\t\n<h2>Datos de accidentes de motocicleta en Raleigh<\/h2>\n<p>Muchos residentes dependen de las motocicletas para el transporte diario en Raleigh. Debido a esto, la ciudad ve un buen n\u00famero de accidentes de motocicleta anualmente. Comprender estas estad\u00edsticas puede subrayar la importancia de nuestros servicios.<\/p>\n<ul>\n<li>2019: Raleigh registr\u00f3 varios accidentes de motocicleta, con resultado de v\u00edctimas mortales y numerosos heridos.<\/li>\n<li>2020: Surgieron patrones similares, con un aumento de los accidentes de motocicleta y las lesiones consiguientes, atribuidos principalmente al exceso de velocidad, la conducci\u00f3n bajo los efectos del alcohol y la conducci\u00f3n distra\u00edda.<\/li>\n<\/ul>\n<h2>Pasos a seguir tras un accidente de moto<\/h2>\n<p>Conocer los pasos a seguir tras un accidente de moto puede salvaguardar su salud, su econom\u00eda y sus derechos legales.<\/p>\n<h3>Llame a la polic\u00eda<\/h3>\n<p>En primer lugar, debes informar del accidente a la polic\u00eda. Ellos documentar\u00e1n la escena, lo que es vital para cualquier procedimiento legal o reclamaci\u00f3n al seguro.<\/p>\n<h3>Ponte a salvo<\/h3>\n<p>Mantente fuera de peligro. Despl\u00e1zate a un lugar m\u00e1s seguro hasta que lleguen los servicios de emergencia.<\/p>\n<h3>Busque atenci\u00f3n m\u00e9dica inmediata<\/h3>\n<p>Su seguridad es lo primero. Los t\u00e9cnicos m\u00e9dicos de urgencias pueden evaluar y estabilizar cualquier lesi\u00f3n. En el caso de lesiones ocultas, es aconsejable que acuda a un profesional m\u00e9dico aunque inicialmente se sienta bien.<\/p>\n<h3>Cumpla su plan de tratamiento<\/h3>\n<p>Sigue meticulosamente el tratamiento prescrito. As\u00ed te asegurar\u00e1s de que las lesiones se curan correctamente y se reducen las complicaciones a largo plazo.<\/p>\n<h2>Lesiones comunes en accidentes de moto<\/h2>\n<p>Las motocicletas carecen de elementos de seguridad incorporados, lo que hace que las lesiones sean especialmente graves. Los accidentes de moto pueden provocar diversas lesiones, algunas de las cuales pueden no ser evidentes de inmediato.<\/p>\n<h3>Huesos rotos<\/h3>\n<p>Los huesos rotos pueden alterar la vida. Las fracturas de brazos, piernas y costillas son frecuentes en los accidentes de moto. La recuperaci\u00f3n puede llevar meses. Puedes sufrir dolor cr\u00f3nico si no recibes el tratamiento adecuado. La atenci\u00f3n m\u00e9dica profesional es vital.<\/p>\n<h3>Lesiones de espalda y columna vertebral<\/h3>\n<p>Las lesiones de espalda pueden ir desde esguinces leves a casos graves como hernias discales. Las lesiones de espalda pueden provocar dolor cr\u00f3nico si no son tratadas por especialistas.<\/p>\n<p>Las lesiones de columna son comunes en los accidentes de moto y pueden causar par\u00e1lisis. Es importante buscar una evaluaci\u00f3n m\u00e9dica experta.<\/p>\n<p><a href=\"https:\/\/www.apexosn.com\/wp-content\/uploads\/2024\/05\/shutterstock_1810834537-min.jpg\"><img fetchpriority=\"high\" decoding=\"async\" class=\"alignnone size-full wp-image-4310\" src=\"https:\/\/www.apexosn.com\/wp-content\/uploads\/2024\/05\/shutterstock_1810834537-min.jpg\" alt=\"Accidente de motocicleta en Raleigh\" width=\"500\" height=\"334\" srcset=\"https:\/\/www.apexosn.com\/wp-content\/uploads\/2024\/05\/shutterstock_1810834537-min.jpg 500w, https:\/\/www.apexosn.com\/wp-content\/uploads\/2024\/05\/shutterstock_1810834537-min-300x200.jpg 300w\" sizes=\"(max-width: 500px) 100vw, 500px\" \/><\/a><\/p>\n<h3>Latigazo cervical<\/h3>\n<p>El latigazo cervical suele estar causado por movimientos bruscos y forzados del cuello. Los s\u00edntomas pueden tardar d\u00edas o semanas en manifestarse. El latigazo cervical puede provocar molestias a largo plazo si no se trata.<\/p>\n<h3>Dolores de cabeza y migra\u00f1as<\/h3>\n<p>Suelen ser consecuencia de traumatismos craneales o latigazos cervicales. Los profesionales m\u00e9dicos pueden identificar y tratar la causa.<\/p>\n<h3>Lesiones cerebrales traum\u00e1ticas (TBI)<\/h3>\n<p>Las lesiones cerebrales traum\u00e1ticas est\u00e1n causadas por golpes en la cabeza, que provocan s\u00edntomas como mareos, p\u00e9rdida de memoria y problemas cognitivos. Requieren una evaluaci\u00f3n m\u00e9dica inmediata y exhaustiva.<\/p>\n<h3>Laceraciones<\/h3>\n<p>Requieren tratamiento m\u00e9dico inmediato para evitar infecciones.<\/p>\n<h2>Selecci\u00f3n de atenci\u00f3n m\u00e9dica de calidad despu\u00e9s de un accidente<\/h2>\n<p>Es fundamental elegir profesionales m\u00e9dicos cualificados despu\u00e9s de un accidente de moto en Raleigh para garantizar una recuperaci\u00f3n oportuna y adecuada.<\/p>\n<h3>Experiencia<\/h3>\n<p>Busque profesionales m\u00e9dicos con a\u00f1os de experiencia en el tratamiento de lesiones por accidentes de motocicleta.<\/p>\n<h3>Reputaci\u00f3n<\/h3>\n<p>Consulte los comentarios en Internet y pida recomendaciones. Un m\u00e9dico con buena reputaci\u00f3n puede marcar una gran diferencia en su proceso de recuperaci\u00f3n.<\/p>\n<h3>Capacidad de comunicaci\u00f3n<\/h3>\n<p>Debe sentirse c\u00f3modo hablando de su salud con su m\u00e9dico. Las consultas iniciales pueden ayudar a determinarlo.<\/p>\n<h3>Recomendaciones<\/h3>\n<p>Su m\u00e9dico de cabecera puede recomendarle atenci\u00f3n especializada si es necesario.<\/p>\n<h3>Proximidad<\/h3>\n<p>Opte por profesionales locales para evitar largos desplazamientos para tratamientos continuos.<\/p>\n<p>P\u00f3ngase en contacto con Apex Orthopaedics Spine &amp; Neurology en Raleigh para recibir atenci\u00f3n m\u00e9dica de primer nivel. Marque <a href=\"tel:+17044123045\"><i class=\"fa fa-phone-alt\"><\/i>704-412-3045<\/a> ahora para concertar una cita.<\/p>\n<h2>Planes de tratamiento de accidentes de motocicleta en Raleigh<\/h2>\n<p>En Apex Orthopaedics Spine &amp; Neurology, creamos planes de tratamiento espec\u00edficos para abordar sus necesidades concretas despu\u00e9s de un accidente de motocicleta en Raleigh.<\/p>\n<h3>T\u00e9cnicas de diagn\u00f3stico<\/h3>\n<p>Empleamos m\u00e9todos de vanguardia como radiograf\u00edas y resonancias magn\u00e9ticas para diagnosticar sus lesiones con precisi\u00f3n.<\/p>\n<h3>Planes de tratamiento personalizados<\/h3>\n<p>Nuestros planes pueden incluir medicamentos, fisioterapia, inyecciones para controlar la inflamaci\u00f3n y, en casos graves, cirug\u00eda.<\/p>\n<h3>Atenci\u00f3n integral<\/h3>\n<p>Ofrecemos una amplia gama de servicios bajo un mismo techo, desde el diagn\u00f3stico hasta el tratamiento y la rehabilitaci\u00f3n.<\/p>\n<h3>Planes de tratamiento de accidentes de motocicleta en Raleigh<\/h3>\n<p>En Apex Orthopaedics Spine &amp; Neurology, creamos planes de tratamiento espec\u00edficos para abordar sus necesidades concretas despu\u00e9s de un accidente de motocicleta en Raleigh.<\/p>\n<h3>T\u00e9cnicas de diagn\u00f3stico<\/h3>\n<p>Empleamos m\u00e9todos de vanguardia como radiograf\u00edas y resonancias magn\u00e9ticas para diagnosticar sus lesiones con precisi\u00f3n.<\/p>\n<h3>Planes de tratamiento personalizados<\/h3>\n<p>Nuestros planes pueden incluir medicamentos, fisioterapia, inyecciones para controlar la inflamaci\u00f3n y, en casos graves, cirug\u00eda.<\/p>\n<h3>Atenci\u00f3n integral<\/h3>\n<p>Ofrecemos una amplia gama de servicios bajo un mismo techo, desde el diagn\u00f3stico hasta el tratamiento y la rehabilitaci\u00f3n.<\/p>\n<h3>Equipo experto de especialistas<\/h3>\n<p>Nuestro equipo incluye:<\/p>\n<ul>\n<li><strong>Cirujanos Ortop\u00e9dicos<\/strong>: Expertos en problemas musculoesquel\u00e9ticos.<\/li>\n<li><strong>Especialistas en tratamiento del dolor<\/strong>: Centrados en aliviar el dolor cr\u00f3nico.<\/li>\n<li><strong>Fisioterapeutas<\/strong>: Dise\u00f1an programas de ejercicio personalizados para mejorar la recuperaci\u00f3n.<\/li>\n<\/ul>\n<h2>Cu\u00e1ndo buscar tratamiento m\u00e9dico<\/h2>\n<p>Ciertos s\u00edntomas requieren atenci\u00f3n m\u00e9dica inmediata.<\/p>\n<ul>\n<li>La p\u00e9rdida de conocimiento indica un posible traumatismo craneoencef\u00e1lico.<\/li>\n<li>El dolor de cabeza persistente o los mareos son signos de una posible conmoci\u00f3n cerebral.<\/li>\n<li>El dolor de cuello o espalda sugiere una lesi\u00f3n grave.<\/li>\n<li>El entumecimiento u hormigueo puede indicar lesiones nerviosas.<\/li>\n<li>La dificultad para respirar puede ser un signo de lesiones internas.<\/li>\n<li>Las lesiones visibles, como cortes o huesos rotos, requieren atenci\u00f3n inmediata.<\/li>\n<li>El dolor continuo debe ser examinado por un m\u00e9dico.<\/li>\n<\/ul>\n<p>Si experimenta alguno de estos s\u00edntomas, p\u00f3ngase en contacto con Apex Orthopaedics Spine &amp; Neurology inmediatamente.<\/p>\n<h2>Comprometidos con su recuperaci\u00f3n<\/h2>\n<p>En Apex Orthopaedics Spine &amp; Neurology, entendemos el impacto a largo plazo de los accidentes de motocicleta. Nuestro equipo est\u00e1 dedicado a ayudarle a recuperarse completamente con planes de tratamiento compasivos, integrales y personalizados. Llame <a href=\"tel:+17044123045\"><i class=\"fa fa-phone-alt\"><\/i>704-412-3045<\/a> para programar su cita hoy.<\/p>\n","protected":false},"excerpt":{"rendered":"<p>Los accidentes de moto pueden cambiar tu vida en un instante. Las lesiones sufridas pueden ser graves y duraderas. Si usted ha estado involucrado en un accidente de motocicleta Raleigh, es fundamental para obtener el tratamiento m\u00e9dico adecuado para evitar da\u00f1os mayores y promover la recuperaci\u00f3n lo m\u00e1s r\u00e1pido posible. En los accidentes, la adrenalina [&hellip;]<\/p>\n","protected":false},"author":25,"featured_media":0,"parent":2734,"menu_order":0,"comment_status":"closed","ping_status":"closed","template":"","meta":{"_acf_changed":false,"footnotes":""},"categories":[],"tags":[],"class_list":["post-5011","page","type-page","status-publish","hentry"],"acf":[],"_links":{"self":[{"href":"https:\/\/www.apexosn.com\/es\/wp-json\/wp\/v2\/pages\/5011","targetHints":{"allow":["GET"]}}],"collection":[{"href":"https:\/\/www.apexosn.com\/es\/wp-json\/wp\/v2\/pages"}],"about":[{"href":"https:\/\/www.apexosn.com\/es\/wp-json\/wp\/v2\/types\/page"}],"author":[{"embeddable":true,"href":"https:\/\/www.apexosn.com\/es\/wp-json\/wp\/v2\/users\/25"}],"replies":[{"embeddable":true,"href":"https:\/\/www.apexosn.com\/es\/wp-json\/wp\/v2\/comments?post=5011"}],"version-history":[{"count":2,"href":"https:\/\/www.apexosn.com\/es\/wp-json\/wp\/v2\/pages\/5011\/revisions"}],"predecessor-version":[{"id":5013,"href":"https:\/\/www.apexosn.com\/es\/wp-json\/wp\/v2\/pages\/5011\/revisions\/5013"}],"up":[{"embeddable":true,"href":"https:\/\/www.apexosn.com\/es\/wp-json\/wp\/v2\/pages\/2734"}],"wp:attachment":[{"href":"https:\/\/www.apexosn.com\/es\/wp-json\/wp\/v2\/media?parent=5011"}],"wp:term":[{"taxonomy":"category","embeddable":true,"href":"https:\/\/www.apexosn.com\/es\/wp-json\/wp\/v2\/categories?post=5011"},{"taxonomy":"post_tag","embeddable":true,"href":"https:\/\/www.apexosn.com\/es\/wp-json\/wp\/v2\/tags?post=5011"}],"curies":[{"name":"wp","href":"https:\/\/api.w.org\/{rel}","templated":true}]}}