{"id":5005,"date":"2024-05-17T15:02:11","date_gmt":"2024-05-17T20:02:11","guid":{"rendered":"https:\/\/www.apexosn.com\/raleigh-nc\/clinica-medica-de-raleigh\/"},"modified":"2024-05-26T01:54:31","modified_gmt":"2024-05-26T06:54:31","slug":"clinica-medica-de-raleigh","status":"publish","type":"page","link":"https:\/\/www.apexosn.com\/es\/raleigh-nc\/clinica-medica-de-raleigh\/","title":{"rendered":"Cl\u00ednica m\u00e9dica de Raleigh"},"content":{"rendered":"<p>Ante una lesi\u00f3n, el impacto va m\u00e1s all\u00e1 del dolor f\u00edsico. El estr\u00e9s emocional y la alteraci\u00f3n de su vida diaria pueden hacerle sentir abrumado. En Apex Orthopaedics Spine &amp; Neurology de Raleigh, comprendemos perfectamente los retos que est\u00e1 experimentando. Nuestra cl\u00ednica m\u00e9dica de Raleigh ofrece una atenci\u00f3n integral por parte de un equipo de profesionales compasivos, garantizando que recupere tanto la salud como la tranquilidad.<\/p>\n<p>Ll\u00e1menos hoy mismo al <a href=\"tel:+17044123045\"><i class=\"fa fa-phone-alt\"><\/i>704-412-3045<\/a> para iniciar el camino hacia la recuperaci\u00f3n.<\/p>\n\t\t<div data-elementor-type=\"section\" data-elementor-id=\"208\" class=\"elementor elementor-208\" data-elementor-post-type=\"elementor_library\">\n\t\t\t\t\t<section class=\"elementor-section elementor-top-section elementor-element elementor-element-485e576a elementor-section-boxed elementor-section-height-default elementor-section-height-default\" data-id=\"485e576a\" data-element_type=\"section\" data-e-type=\"section\">\n\t\t\t\t\t\t<div class=\"elementor-container elementor-column-gap-default\">\n\t\t\t\t\t<div class=\"elementor-column elementor-col-100 elementor-top-column elementor-element elementor-element-635c38c0\" data-id=\"635c38c0\" data-element_type=\"column\" data-e-type=\"column\">\n\t\t\t<div class=\"elementor-widget-wrap elementor-element-populated\">\n\t\t\t\t\t\t<div class=\"elementor-element elementor-element-3ba95c8a elementor-toc--minimized-on-tablet elementor-widget elementor-widget-table-of-contents\" data-id=\"3ba95c8a\" data-element_type=\"widget\" data-e-type=\"widget\" data-settings=\"{&quot;exclude_headings_by_selector&quot;:&quot;.toc-remove&quot;,&quot;headings_by_tags&quot;:[&quot;h2&quot;,&quot;h3&quot;],&quot;marker_view&quot;:&quot;numbers&quot;,&quot;no_headings_message&quot;:&quot;No headings were found on this page.&quot;,&quot;minimize_box&quot;:&quot;yes&quot;,&quot;minimized_on&quot;:&quot;tablet&quot;,&quot;hierarchical_view&quot;:&quot;yes&quot;,&quot;min_height&quot;:{&quot;unit&quot;:&quot;px&quot;,&quot;size&quot;:&quot;&quot;,&quot;sizes&quot;:[]},&quot;min_height_laptop&quot;:{&quot;unit&quot;:&quot;px&quot;,&quot;size&quot;:&quot;&quot;,&quot;sizes&quot;:[]},&quot;min_height_tablet&quot;:{&quot;unit&quot;:&quot;px&quot;,&quot;size&quot;:&quot;&quot;,&quot;sizes&quot;:[]},&quot;min_height_mobile&quot;:{&quot;unit&quot;:&quot;px&quot;,&quot;size&quot;:&quot;&quot;,&quot;sizes&quot;:[]}}\" data-widget_type=\"table-of-contents.default\">\n\t\t\t\t\t\t\t\t\t<div class=\"elementor-toc__header\">\n\t\t\t\t\t\t<div class=\"elementor-toc__header-title\">\n\t\t\t\tTable of Contents\t\t\t<\/div>\n\t\t\t\t\t\t\t\t\t\t<div class=\"elementor-toc__toggle-button elementor-toc__toggle-button--expand\" role=\"button\" tabindex=\"0\" aria-controls=\"elementor-toc__3ba95c8a\" aria-expanded=\"true\" aria-label=\"Open table of contents\"><svg aria-hidden=\"true\" class=\"e-font-icon-svg e-fas-chevron-down\" viewBox=\"0 0 448 512\" xmlns=\"http:\/\/www.w3.org\/2000\/svg\"><path d=\"M207.029 381.476L12.686 187.132c-9.373-9.373-9.373-24.569 0-33.941l22.667-22.667c9.357-9.357 24.522-9.375 33.901-.04L224 284.505l154.745-154.021c9.379-9.335 24.544-9.317 33.901.04l22.667 22.667c9.373 9.373 9.373 24.569 0 33.941L240.971 381.476c-9.373 9.372-24.569 9.372-33.942 0z\"><\/path><\/svg><\/div>\n\t\t\t\t<div class=\"elementor-toc__toggle-button elementor-toc__toggle-button--collapse\" role=\"button\" tabindex=\"0\" aria-controls=\"elementor-toc__3ba95c8a\" aria-expanded=\"true\" aria-label=\"Close table of contents\"><svg aria-hidden=\"true\" class=\"e-font-icon-svg e-fas-chevron-up\" viewBox=\"0 0 448 512\" xmlns=\"http:\/\/www.w3.org\/2000\/svg\"><path d=\"M240.971 130.524l194.343 194.343c9.373 9.373 9.373 24.569 0 33.941l-22.667 22.667c-9.357 9.357-24.522 9.375-33.901.04L224 227.495 69.255 381.516c-9.379 9.335-24.544 9.317-33.901-.04l-22.667-22.667c-9.373-9.373-9.373-24.569 0-33.941L207.03 130.525c9.372-9.373 24.568-9.373 33.941-.001z\"><\/path><\/svg><\/div>\n\t\t\t\t\t<\/div>\n\t\t\t\t<div id=\"elementor-toc__3ba95c8a\" class=\"elementor-toc__body\">\n\t\t\t<div class=\"elementor-toc__spinner-container\">\n\t\t\t\t<svg class=\"elementor-toc__spinner eicon-animation-spin e-font-icon-svg e-eicon-loading\" aria-hidden=\"true\" viewBox=\"0 0 1000 1000\" xmlns=\"http:\/\/www.w3.org\/2000\/svg\"><path d=\"M500 975V858C696 858 858 696 858 500S696 142 500 142 142 304 142 500H25C25 237 238 25 500 25S975 237 975 500 763 975 500 975Z\"><\/path><\/svg>\t\t\t<\/div>\n\t\t<\/div>\n\t\t\t\t\t\t<\/div>\n\t\t\t\t\t<\/div>\n\t\t<\/div>\n\t\t\t\t\t<\/div>\n\t\t<\/section>\n\t\t\t\t<\/div>\n\t\t\n<h2>Planes de tratamiento integrales para todo tipo de lesiones<\/h2>\n<p>Las lesiones, ya sean repentinas o progresivas, pueden alterar su rutina y afectar a su bienestar. Nuestro equipo en Apex Orthopaedics Spine &amp; Neurology en Raleigh utiliza un enfoque de colaboraci\u00f3n para el tratamiento, combinando la experiencia en ortopedia, neurolog\u00eda y rehabilitaci\u00f3n para ofrecer una atenci\u00f3n multifac\u00e9tica adaptada a sus necesidades espec\u00edficas.<\/p>\n<p>Nuestros especialistas incluyen cirujanos ortop\u00e9dicos, neur\u00f3logos, expertos en el tratamiento del dolor, fisioterapeutas y terapeutas ocupacionales. Este esfuerzo colectivo nos ayuda a elaborar los planes de tratamiento m\u00e1s eficaces, abordando su dolencia de forma integral.<\/p>\n<h2>Enfoque hol\u00edstico de la gesti\u00f3n de lesiones<\/h2>\n<p>Cada lesi\u00f3n que tratamos es \u00fanica. En Apex OSN, tenemos en cuenta no s\u00f3lo su condici\u00f3n m\u00e9dica, sino tambi\u00e9n su estilo de vida y objetivos personales. Esto nos permite crear un plan de tratamiento que ofrece las opciones m\u00e1s avanzadas y eficaces disponibles. Nuestro objetivo es restaurar su calidad de vida reduciendo el dolor y mejorando la funcionalidad.<\/p>\n<p>Si est\u00e1 listo para dar los primeros pasos hacia la recuperaci\u00f3n, p\u00f3ngase en contacto con nosotros en el [tel\u00e9fono]. Estamos aqu\u00ed para ayudarle a recuperar su vida.<\/p>\n<h2>Experiencia en m\u00faltiples especialidades<\/h2>\n<p>Las lesiones pueden afectar a varios aspectos de su salud, lo que requiere un enfoque coordinado. En nuestra cl\u00ednica m\u00e9dica de Raleigh, ofrecemos tratamientos especializados en ortopedia, neurolog\u00eda, tratamiento del dolor y mucho m\u00e1s. Nuestro equipo integrado asegura que usted reciba un plan de atenci\u00f3n integral y sin fisuras.<\/p>\n<h3>Cuidados ortop\u00e9dicos<\/h3>\n<p>Los m\u00e9dicos ortop\u00e9dicos se especializan en el tratamiento de una amplia gama de afecciones, desde lesiones deportivas y artritis hasta fracturas y pr\u00f3tesis articulares. Aunque nuestro objetivo es utilizar tratamientos no quir\u00fargicos, nuestro equipo est\u00e1 capacitado para realizar cirug\u00eda ortop\u00e9dica cuando sea necesario.<\/p>\n<h3>Neurolog\u00eda<\/h3>\n<p>Si ha sufrido una lesi\u00f3n que afecta al cerebro, la columna vertebral o los nervios, un especialista en neurolog\u00eda puede proporcionarle la atenci\u00f3n especializada que necesita. Un neur\u00f3logo revisar\u00e1 sus s\u00edntomas y utilizar\u00e1 diagn\u00f3sticos de \u00faltima generaci\u00f3n para identificar cualquier da\u00f1o neurol\u00f3gico. A continuaci\u00f3n, nuestro equipo elaborar\u00e1 un plan de tratamiento personalizado.<\/p>\n<h3>Tratamiento del dolor<\/h3>\n<p>Nuestros m\u00e9dicos especializados en el tratamiento del dolor de Raleigh son especialistas altamente capacitados que comprenden los complejos mecanismos del dolor. Trabajan en colaboraci\u00f3n con los pacientes para desarrollar planes de tratamiento personalizados que aborden la causa subyacente del dolor y proporcionar alivio a largo plazo.<\/p>\n<h3>Fisioterapia<\/h3>\n<p>La fisioterapia se centra en restaurar la movilidad, mejorar la funci\u00f3n y controlar el dolor a trav\u00e9s del ejercicio, la terapia manual y la educaci\u00f3n. Si usted se est\u00e1 recuperando de un accidente o lidiar con el dolor cr\u00f3nico, nuestros fisioterapeutas certificados en Raleigh le puede ayudar.<\/p>\n<h3>Cuidado Quiropr\u00e1ctico<\/h3>\n<p>El cuidado quiropr\u00e1ctico ofrece numerosos beneficios como la reducci\u00f3n del dolor, la curaci\u00f3n acelerada, el movimiento restaurado, la mejora de la postura, y mucho m\u00e1s. Los quiropr\u00e1cticos utilizan manipulaciones y ajustes espec\u00edficos para ayudar a reducir el dolor y promover la curaci\u00f3n de las lesiones.<\/p>\n<p><a href=\"https:\/\/www.apexosn.com\/wp-content\/uploads\/2024\/05\/shutterstock_582888679-min-3.jpg\"><img fetchpriority=\"high\" decoding=\"async\" class=\"alignnone size-full wp-image-4478\" src=\"https:\/\/www.apexosn.com\/wp-content\/uploads\/2024\/05\/shutterstock_582888679-min-3.jpg\" alt=\"Cl\u00ednica m\u00e9dica de Raleigh\" width=\"500\" height=\"299\" srcset=\"https:\/\/www.apexosn.com\/wp-content\/uploads\/2024\/05\/shutterstock_582888679-min-3.jpg 500w, https:\/\/www.apexosn.com\/wp-content\/uploads\/2024\/05\/shutterstock_582888679-min-3-300x179.jpg 300w\" sizes=\"(max-width: 500px) 100vw, 500px\" \/><\/a><\/p>\n<h2>Tratamiento de las lesiones de espalda<\/h2>\n<p>El dolor de espalda afecta a muchas personas y provoca importantes limitaciones en las actividades diarias. Nuestros especialistas en el tratamiento de lesiones de espalda profundizan en su historial individual, realizan ex\u00e1menes exhaustivos y utilizan tecnolog\u00edas de imagen de vanguardia, como radiograf\u00edas y resonancias magn\u00e9ticas, para diagnosticar la causa ra\u00edz de su dolor.<\/p>\n<p>Tratamiento de las lesiones de espalda:<\/p>\n<ul>\n<li><strong>Tratamiento del dolor<\/strong>: Ofrecemos una amplia gama de opciones para aliviar el dolor, desde medicamentos hasta inyecciones, con el objetivo de conseguir un alivio r\u00e1pido y duradero.<\/li>\n<li><strong>Fisioterapia<\/strong>: Nuestros terapeutas dise\u00f1an ejercicios para fortalecer la espalda y mejorar la movilidad.<\/li>\n<li><strong>Procedimientos m\u00ednimamente invasivos<\/strong>: Cuando es necesario, exploramos opciones quir\u00fargicas centradas en la m\u00ednima invasi\u00f3n para garantizar una recuperaci\u00f3n m\u00e1s r\u00e1pida.<\/li>\n<\/ul>\n<h2>Tratamiento de las fracturas \u00f3seas<\/h2>\n<p>Romperse un hueso puede ser alarmante e incapacitante. Nuestra prioridad en Apex OSN es proporcionar un tratamiento inmediato y eficaz. Utilizamos t\u00e9cnicas de imagen avanzadas como radiograf\u00edas digitales y resonancias magn\u00e9ticas para un diagn\u00f3stico preciso.<\/p>\n<p>Nuestra cl\u00ednica m\u00e9dica de Raleigh utiliza los siguientes tratamientos para las fracturas \u00f3seas.<\/p>\n<ul>\n<li><strong>Inmovilizaci\u00f3n<\/strong>: Uso de yesos o f\u00e9rulas para estabilizar el hueso.<\/li>\n<li><strong>Cirug\u00eda<\/strong>: Para las fracturas graves, nuestros cirujanos emplean las t\u00e9cnicas m\u00e1s modernas para una reparaci\u00f3n eficaz.<\/li>\n<li><strong>Rehabilitaci\u00f3n<\/strong>: Despu\u00e9s del tratamiento, nuestro equipo de rehabilitaci\u00f3n ayuda a recuperar la fuerza y la flexibilidad.<\/li>\n<\/ul>\n<h2>Tratamiento de traumatismos craneales<\/h2>\n<p>Los traumatismos craneoencef\u00e1licos requieren una atenci\u00f3n r\u00e1pida y precisa. Nuestros neur\u00f3logos de Apex OSN tienen experiencia en el tratamiento de diversos traumatismos craneoencef\u00e1licos, incluidas las conmociones cerebrales y las lesiones cerebrales m\u00e1s graves.<\/p>\n<p>Utilizamos evaluaciones exhaustivas e im\u00e1genes avanzadas como radiograf\u00edas o resonancias magn\u00e9ticas para diagnosticar el alcance de la lesi\u00f3n. Nuestro enfoque del tratamiento es exhaustivo y centrado en el paciente.<\/p>\n<h2>Tratamiento de lesiones de cadera<\/h2>\n<p>El dolor de cadera puede reducir significativamente la movilidad y la calidad de vida. Nuestros especialistas ortop\u00e9dicos en Raleigh son competentes en el diagn\u00f3stico y tratamiento de una variedad de condiciones de la cadera.<\/p>\n<p>El tratamiento para una lesi\u00f3n de cadera puede incluir:<\/p>\n<ul>\n<li><strong>Medicaci\u00f3n e inyecciones<\/strong>: Controlar el dolor y la inflamaci\u00f3n de manera eficaz.<\/li>\n<li><strong>Fisioterapia<\/strong>: Centrado en ejercicios para mejorar la fuerza de la cadera y el rango de movimiento.<\/li>\n<li><strong>Cirug\u00eda ortop\u00e9dica<\/strong>: Para los casos que requieren cirug\u00eda, utilizamos t\u00e9cnicas dirigidas a minimizar el tiempo de recuperaci\u00f3n y maximizar la funcionalidad.<\/li>\n<\/ul>\n<h2>Tratamiento de lesiones de hombro<\/h2>\n<p>El dolor de hombro puede obstaculizar su capacidad para realizar las tareas cotidianas. Nuestros expertos ortop\u00e9dicos est\u00e1n capacitados para diagnosticar y tratar diversas afecciones del hombro, desde lesiones del manguito rotador hasta artritis.<\/p>\n<p>He aqu\u00ed una visi\u00f3n general del tratamiento de lesiones de hombro:<\/p>\n<ul>\n<li><strong>Diagn\u00f3stico<\/strong>: Ex\u00e1menes exhaustivos y de imagen para identificar el problema.<\/li>\n<li><strong>Tratamiento del dolor<\/strong>: Medicamentos e inyecciones para aliviar las molestias.<\/li>\n<li><strong>Fisioterapia<\/strong>: Planes de ejercicios personalizados para restablecer la funci\u00f3n del hombro.<\/li>\n<li><strong>T\u00e9cnicas avanzadas<\/strong>: Cuando es necesario, se dispone de opciones quir\u00fargicas, centradas en m\u00e9todos m\u00ednimamente invasivos.<\/li>\n<\/ul>\n<h2>Tratamiento del latigazo cervical<\/h2>\n<p>Latigazo cervical, a menudo como resultado de accidentes de coche, puede causar dolor de cuello y malestar significativo. Nuestro enfoque en Apex OSN implica una evaluaci\u00f3n exhaustiva para descartar otras lesiones y un plan de tratamiento personalizado para acelerar la recuperaci\u00f3n.<\/p>\n<p>Nuestra cl\u00ednica m\u00e9dica de Raleigh utiliza los siguientes m\u00e9todos de tratamiento para el latigazo cervical.<\/p>\n<ul>\n<li><strong>Medicaci\u00f3n e inyecciones<\/strong>: Para controlar el dolor y reducir la inflamaci\u00f3n.<\/li>\n<li><strong>Fisioterapia<\/strong>: Ejercicios suaves y estiramientos para restaurar la movilidad del cuello.<\/li>\n<li><strong>Cuidado Quiropr\u00e1ctico<\/strong>: Para restaurar la alineaci\u00f3n correcta de la columna vertebral y aliviar el dolor.<\/li>\n<\/ul>\n<h2>Cirug\u00eda Ortop\u00e9dica M\u00ednimamente Invasiva<\/h2>\n<p>La cirug\u00eda ortop\u00e9dica puede ser desalentador, pero nuestro enfoque es en t\u00e9cnicas m\u00ednimamente invasivas siempre que sea posible. Estos m\u00e9todos a menudo conducen a una recuperaci\u00f3n m\u00e1s r\u00e1pida, menos dolor y cicatrices m\u00e1s peque\u00f1as. Nuestra tasa de \u00e9xito con los tratamientos no quir\u00fargicos tambi\u00e9n asegura que usted tiene m\u00faltiples opciones para una atenci\u00f3n eficaz.<\/p>\n<p>Ventajas de los procedimientos m\u00ednimamente invasivos<\/p>\n<ul>\n<li><strong>Incisiones m\u00e1s peque\u00f1as<\/strong>: Menor riesgo de infecci\u00f3n y cicatrizaci\u00f3n m\u00e1s r\u00e1pida.<\/li>\n<li><strong>Menos dolor<\/strong>: Minimiza el trauma a los tejidos circundantes.<\/li>\n<li><strong>Procedimientos ambulatorios<\/strong>: Muchos pueden realizarse sin necesidad de hospitalizaci\u00f3n.<\/li>\n<li><strong>Recuperaci\u00f3n m\u00e1s r\u00e1pida<\/strong>: El menor da\u00f1o tisular favorece una curaci\u00f3n m\u00e1s r\u00e1pida.<\/li>\n<\/ul>\n<h2>\u00bfPor qu\u00e9 elegir Apex Orthopaedics Spine &amp; Neurology?<\/h2>\n<p>Encontrar la mejor atenci\u00f3n m\u00e9dica despu\u00e9s de una lesi\u00f3n es crucial. Estos son algunos de los beneficios de elegir Apex OS&amp;N en Raleigh.<\/p>\n<p><a href=\"https:\/\/www.apexosn.com\/wp-content\/uploads\/2020\/12\/Apex-Doctors.png\"><img decoding=\"async\" class=\"alignnone size-full wp-image-1816\" src=\"https:\/\/www.apexosn.com\/wp-content\/uploads\/2020\/12\/Apex-Doctors.png\" alt=\"apex doctors\" width=\"776\" height=\"374\" srcset=\"https:\/\/www.apexosn.com\/wp-content\/uploads\/2020\/12\/Apex-Doctors.png 776w, https:\/\/www.apexosn.com\/wp-content\/uploads\/2020\/12\/Apex-Doctors-300x145.png 300w, https:\/\/www.apexosn.com\/wp-content\/uploads\/2020\/12\/Apex-Doctors-768x370.png 768w\" sizes=\"(max-width: 776px) 100vw, 776px\" \/><\/a><\/p>\n<h3>Equipo experimentado y multiling\u00fce<\/h3>\n<p>Nuestro talentoso equipo combina lo mejor de la experiencia profesional y la atenci\u00f3n personal. Le garantizamos que trabajar\u00e1 con m\u00e9dicos y personal que son los mejores en su campo y que se esforzar\u00e1n por encontrar la mejor soluci\u00f3n para usted.<\/p>\n<p>Nuestro personal es biling\u00fce y, en algunos casos, \u00a1incluso multiling\u00fce!<\/p>\n<h3>Planes de tratamiento personalizados<\/h3>\n<p>Entendemos que el caso de cada paciente es \u00fanico. Estamos comprometidos a proporcionar una atenci\u00f3n individualizada basada en evaluaciones detalladas.<\/p>\n<h3>Cuidado compasivo<\/h3>\n<p>Las lesiones a menudo vienen con dolor f\u00edsico y trastornos emocionales. En Apex OSN en Raleigh, nuestra atenci\u00f3n integral va m\u00e1s all\u00e1 del tratamiento de los s\u00edntomas. Nuestro objetivo es capacitar a usted con el conocimiento y proporcionar un apoyo inquebrantable.<\/p>\n<h3>Tratamiento oportuno<\/h3>\n<p>La atenci\u00f3n m\u00e9dica oportuna es crucial para la recuperaci\u00f3n efectiva. Incluso las molestias menores pueden empeorar si se ignoran. En Apex OSN en Raleigh, ofrecemos atenci\u00f3n m\u00e9dica de expertos con un enfoque en la recuperaci\u00f3n inmediata y a largo plazo.<\/p>\n<p>Ofrecemos citas el mismo d\u00eda y al d\u00eda siguiente.<\/p>\n<h2>P\u00f3ngase en contacto con nuestra cl\u00ednica m\u00e9dica de Raleigh hoy mismo<\/h2>\n<p>El camino hacia la recuperaci\u00f3n de una lesi\u00f3n puede ser dif\u00edcil. En Apex Orthopaedics Spine &amp; Neurology, estamos comprometidos a proporcionar una atenci\u00f3n integral adaptada a sus necesidades \u00fanicas. Nuestro equipo multidisciplinar en Raleigh combina la tecnolog\u00eda avanzada con la atenci\u00f3n compasiva para garantizar los mejores resultados para nuestros pacientes.<\/p>\n<p>Ya se trate de una lesi\u00f3n de espalda, fractura \u00f3sea o latigazo cervical, nuestros planes de tratamiento personalizados y t\u00e9cnicas m\u00ednimamente invasivas est\u00e1n dise\u00f1ados para restaurar su calidad de vida. Act\u00fae hoy mismo programando una consulta con nuestro equipo de expertos. Su viaje hacia una mejor salud comienza aqu\u00ed.<\/p>\n<p>No deje que una lesi\u00f3n dicte su vida. P\u00f3ngase en contacto con nosotros hoy en <a href=\"tel:+17044123045\"><i class=\"fa fa-phone-alt\"><\/i>704-412-3045<\/a> y dar el primer paso hacia la atenci\u00f3n integral y compasiva. Nuestra cl\u00ednica m\u00e9dica de Raleigh est\u00e1 lista para ayudarle a recuperar el control sobre su salud.<\/p>\n","protected":false},"excerpt":{"rendered":"<p>Ante una lesi\u00f3n, el impacto va m\u00e1s all\u00e1 del dolor f\u00edsico. El estr\u00e9s emocional y la alteraci\u00f3n de su vida diaria pueden hacerle sentir abrumado. En Apex Orthopaedics Spine &amp; Neurology de Raleigh, comprendemos perfectamente los retos que est\u00e1 experimentando. Nuestra cl\u00ednica m\u00e9dica de Raleigh ofrece una atenci\u00f3n integral por parte de un equipo de [&hellip;]<\/p>\n","protected":false},"author":25,"featured_media":0,"parent":2734,"menu_order":0,"comment_status":"closed","ping_status":"closed","template":"","meta":{"_acf_changed":false,"footnotes":""},"categories":[],"tags":[],"class_list":["post-5005","page","type-page","status-publish","hentry"],"acf":[],"_links":{"self":[{"href":"https:\/\/www.apexosn.com\/es\/wp-json\/wp\/v2\/pages\/5005","targetHints":{"allow":["GET"]}}],"collection":[{"href":"https:\/\/www.apexosn.com\/es\/wp-json\/wp\/v2\/pages"}],"about":[{"href":"https:\/\/www.apexosn.com\/es\/wp-json\/wp\/v2\/types\/page"}],"author":[{"embeddable":true,"href":"https:\/\/www.apexosn.com\/es\/wp-json\/wp\/v2\/users\/25"}],"replies":[{"embeddable":true,"href":"https:\/\/www.apexosn.com\/es\/wp-json\/wp\/v2\/comments?post=5005"}],"version-history":[{"count":2,"href":"https:\/\/www.apexosn.com\/es\/wp-json\/wp\/v2\/pages\/5005\/revisions"}],"predecessor-version":[{"id":5007,"href":"https:\/\/www.apexosn.com\/es\/wp-json\/wp\/v2\/pages\/5005\/revisions\/5007"}],"up":[{"embeddable":true,"href":"https:\/\/www.apexosn.com\/es\/wp-json\/wp\/v2\/pages\/2734"}],"wp:attachment":[{"href":"https:\/\/www.apexosn.com\/es\/wp-json\/wp\/v2\/media?parent=5005"}],"wp:term":[{"taxonomy":"category","embeddable":true,"href":"https:\/\/www.apexosn.com\/es\/wp-json\/wp\/v2\/categories?post=5005"},{"taxonomy":"post_tag","embeddable":true,"href":"https:\/\/www.apexosn.com\/es\/wp-json\/wp\/v2\/tags?post=5005"}],"curies":[{"name":"wp","href":"https:\/\/api.w.org\/{rel}","templated":true}]}}