{"id":5002,"date":"2024-05-17T15:00:49","date_gmt":"2024-05-17T20:00:49","guid":{"rendered":"https:\/\/www.apexosn.com\/raleigh-nc\/atencion-quiropractica-en-raleigh\/"},"modified":"2024-05-26T01:45:15","modified_gmt":"2024-05-26T06:45:15","slug":"atencion-quiropractica-en-raleigh","status":"publish","type":"page","link":"https:\/\/www.apexosn.com\/es\/raleigh-nc\/atencion-quiropractica-en-raleigh\/","title":{"rendered":"Atenci\u00f3n quiropr\u00e1ctica en Raleigh"},"content":{"rendered":"<p>El cuidado quiropr\u00e1ctico ofrece numerosas ventajas, como la reducci\u00f3n del dolor, la aceleraci\u00f3n de la curaci\u00f3n, la recuperaci\u00f3n del movimiento, la mejora de la postura, el mejor funcionamiento de las articulaciones y la disminuci\u00f3n de la presi\u00f3n arterial. En comparaci\u00f3n con la gesti\u00f3n tradicional del dolor, el tratamiento quiropr\u00e1ctico es m\u00e1s seguro y m\u00e1s rentable.<\/p>\n<p>Si usted est\u00e1 tratando con dolor cr\u00f3nico o se han lesionado en Raleigh, los quiropr\u00e1cticos en Apex Orthopaedics columna vertebral y neurolog\u00eda puede identificar la causa ra\u00edz de su malestar, aliviar el dolor de forma natural, y tratar el problema subyacente. Nuestros quiropr\u00e1cticos en Raleigh est\u00e1n comprometidos a ayudarle a volver a su salud \u00f3ptima.<\/p>\n<p>P\u00f3ngase en contacto con nosotros ahora en <a href=\"tel:+17044123045\"><i class=\"fa fa-phone-alt\"><\/i>704-412-3045<\/a> para programar su cita y recibir atenci\u00f3n quiropr\u00e1ctica de primera categor\u00eda de nuestro equipo experimentado.<\/p>\n\t\t<div data-elementor-type=\"section\" data-elementor-id=\"208\" class=\"elementor elementor-208\" data-elementor-post-type=\"elementor_library\">\n\t\t\t\t\t<section class=\"elementor-section elementor-top-section elementor-element elementor-element-485e576a elementor-section-boxed elementor-section-height-default elementor-section-height-default\" data-id=\"485e576a\" data-element_type=\"section\" data-e-type=\"section\">\n\t\t\t\t\t\t<div class=\"elementor-container elementor-column-gap-default\">\n\t\t\t\t\t<div class=\"elementor-column elementor-col-100 elementor-top-column elementor-element elementor-element-635c38c0\" data-id=\"635c38c0\" data-element_type=\"column\" data-e-type=\"column\">\n\t\t\t<div class=\"elementor-widget-wrap elementor-element-populated\">\n\t\t\t\t\t\t<div class=\"elementor-element elementor-element-3ba95c8a elementor-toc--minimized-on-tablet elementor-widget elementor-widget-table-of-contents\" data-id=\"3ba95c8a\" data-element_type=\"widget\" data-e-type=\"widget\" data-settings=\"{&quot;exclude_headings_by_selector&quot;:&quot;.toc-remove&quot;,&quot;headings_by_tags&quot;:[&quot;h2&quot;,&quot;h3&quot;],&quot;marker_view&quot;:&quot;numbers&quot;,&quot;no_headings_message&quot;:&quot;No headings were found on this page.&quot;,&quot;minimize_box&quot;:&quot;yes&quot;,&quot;minimized_on&quot;:&quot;tablet&quot;,&quot;hierarchical_view&quot;:&quot;yes&quot;,&quot;min_height&quot;:{&quot;unit&quot;:&quot;px&quot;,&quot;size&quot;:&quot;&quot;,&quot;sizes&quot;:[]},&quot;min_height_laptop&quot;:{&quot;unit&quot;:&quot;px&quot;,&quot;size&quot;:&quot;&quot;,&quot;sizes&quot;:[]},&quot;min_height_tablet&quot;:{&quot;unit&quot;:&quot;px&quot;,&quot;size&quot;:&quot;&quot;,&quot;sizes&quot;:[]},&quot;min_height_mobile&quot;:{&quot;unit&quot;:&quot;px&quot;,&quot;size&quot;:&quot;&quot;,&quot;sizes&quot;:[]}}\" data-widget_type=\"table-of-contents.default\">\n\t\t\t\t\t\t\t\t\t<div class=\"elementor-toc__header\">\n\t\t\t\t\t\t<div class=\"elementor-toc__header-title\">\n\t\t\t\tTable of Contents\t\t\t<\/div>\n\t\t\t\t\t\t\t\t\t\t<div class=\"elementor-toc__toggle-button elementor-toc__toggle-button--expand\" role=\"button\" tabindex=\"0\" aria-controls=\"elementor-toc__3ba95c8a\" aria-expanded=\"true\" aria-label=\"Open table of contents\"><svg aria-hidden=\"true\" class=\"e-font-icon-svg e-fas-chevron-down\" viewBox=\"0 0 448 512\" xmlns=\"http:\/\/www.w3.org\/2000\/svg\"><path d=\"M207.029 381.476L12.686 187.132c-9.373-9.373-9.373-24.569 0-33.941l22.667-22.667c9.357-9.357 24.522-9.375 33.901-.04L224 284.505l154.745-154.021c9.379-9.335 24.544-9.317 33.901.04l22.667 22.667c9.373 9.373 9.373 24.569 0 33.941L240.971 381.476c-9.373 9.372-24.569 9.372-33.942 0z\"><\/path><\/svg><\/div>\n\t\t\t\t<div class=\"elementor-toc__toggle-button elementor-toc__toggle-button--collapse\" role=\"button\" tabindex=\"0\" aria-controls=\"elementor-toc__3ba95c8a\" aria-expanded=\"true\" aria-label=\"Close table of contents\"><svg aria-hidden=\"true\" class=\"e-font-icon-svg e-fas-chevron-up\" viewBox=\"0 0 448 512\" xmlns=\"http:\/\/www.w3.org\/2000\/svg\"><path d=\"M240.971 130.524l194.343 194.343c9.373 9.373 9.373 24.569 0 33.941l-22.667 22.667c-9.357 9.357-24.522 9.375-33.901.04L224 227.495 69.255 381.516c-9.379 9.335-24.544 9.317-33.901-.04l-22.667-22.667c-9.373-9.373-9.373-24.569 0-33.941L207.03 130.525c9.372-9.373 24.568-9.373 33.941-.001z\"><\/path><\/svg><\/div>\n\t\t\t\t\t<\/div>\n\t\t\t\t<div id=\"elementor-toc__3ba95c8a\" class=\"elementor-toc__body\">\n\t\t\t<div class=\"elementor-toc__spinner-container\">\n\t\t\t\t<svg class=\"elementor-toc__spinner eicon-animation-spin e-font-icon-svg e-eicon-loading\" aria-hidden=\"true\" viewBox=\"0 0 1000 1000\" xmlns=\"http:\/\/www.w3.org\/2000\/svg\"><path d=\"M500 975V858C696 858 858 696 858 500S696 142 500 142 142 304 142 500H25C25 237 238 25 500 25S975 237 975 500 763 975 500 975Z\"><\/path><\/svg>\t\t\t<\/div>\n\t\t<\/div>\n\t\t\t\t\t\t<\/div>\n\t\t\t\t\t<\/div>\n\t\t<\/div>\n\t\t\t\t\t<\/div>\n\t\t<\/section>\n\t\t\t\t<\/div>\n\t\t\n<h2>Por qu\u00e9 son esenciales los servicios quiropr\u00e1cticos<\/h2>\n<p>Los m\u00e9todos m\u00e9dicos tradicionales no siempre son necesarios. Los servicios quiropr\u00e1cticos, que utilizan manipulaciones y ajustes espec\u00edficos, pueden reducir el dolor y promover la curaci\u00f3n de lesiones como da\u00f1os en los tejidos blandos. Comprender la importancia de estos servicios puede guiarle hacia una mejor salud.<\/p>\n<h3>Alivio del dolor cr\u00f3nico<\/h3>\n<p>El dolor provocado por lesiones agudas puede afectar a las articulaciones y dificultar el sue\u00f1o. El tratamiento quiropr\u00e1ctico puede aliviar el dolor articular mediante masajes y ajustes de los tejidos, proporcionando una soluci\u00f3n natural y sin medicamentos.<\/p>\n<h3>Control del dolor de cabeza<\/h3>\n<p>Los dolores de cabeza, sobre todo los tensionales, pueden alterar su vida y provocar estr\u00e9s y fatiga. Los ajustes quiropr\u00e1cticos se centran en la tensi\u00f3n de los m\u00fasculos que rodean los hombros, el cuello y la cabeza, aliviando el dolor de cabeza.<\/p>\n<h3>Refuerzo del sistema inmunitario<\/h3>\n<p>El estr\u00e9s y la tensi\u00f3n pueden afectar negativamente a su sistema inmunol\u00f3gico, provocando tensi\u00f3n muscular y dolor. El cuidado quiropr\u00e1ctico puede reducir el estr\u00e9s y promover la relajaci\u00f3n, impulsando as\u00ed su funci\u00f3n inmune y mantenerlo m\u00e1s saludable.<\/p>\n<h3>Mejora de la postura<\/h3>\n<p>Una mala postura al estar sentado durante mucho tiempo puede provocar molestias. El tratamiento quiropr\u00e1ctico regular puede mejorar su postura y su salud en general, haciendo que las actividades cotidianas sean m\u00e1s c\u00f3modas.<\/p>\n<h3>Mejora de la amplitud de movimiento<\/h3>\n<p>Los servicios quiropr\u00e1cticos pueden ayudarle a recuperarse de lesiones y mejorar su amplitud de movimiento. Estos tratamientos aumentan la energ\u00eda, alivian la tensi\u00f3n muscular, reducen el estr\u00e9s oxidativo y disminuyen la inflamaci\u00f3n, lo que, a su vez, puede mejorar el rendimiento deportivo y la movilidad cotidiana.<\/p>\n<h2>C\u00f3mo ayuda el tratamiento quiropr\u00e1ctico a la recuperaci\u00f3n de lesiones<\/h2>\n<p>Las lesiones pueden alterar su vida diaria y su bienestar general. El cuidado quiropr\u00e1ctico es una de las formas m\u00e1s eficaces de acelerar el proceso de recuperaci\u00f3n.<\/p>\n<h3>Curaci\u00f3n r\u00e1pida de lesiones<\/h3>\n<p>Las lesiones antiguas pueden provocar calambres y tensi\u00f3n muscular, que pueden empeorar con el tiempo. El cuidado quiropr\u00e1ctico puede facilitar una recuperaci\u00f3n m\u00e1s r\u00e1pida al abordar la causa ra\u00edz de su dolor, previniendo nuevas lesiones.<\/p>\n<h3>Reducci\u00f3n de la dependencia de medicamentos para el dolor<\/h3>\n<p>El dolor cr\u00f3nico a menudo conduce al uso de analg\u00e9sicos. El tratamiento quiropr\u00e1ctico se centra en tratar la causa subyacente del dolor, reduciendo la necesidad de medicamentos y sus riesgos asociados.<\/p>\n<h3>Mejora de la estabilidad<\/h3>\n<p>Las lesiones como los esguinces pueden causar inestabilidad articular, aumentando el riesgo de volver a lesionarse. Los ajustes quiropr\u00e1cticos realinean las articulaciones y mejoran la estabilidad, ayudando a prevenir futuras lesiones.<\/p>\n<h3>Prevenci\u00f3n de lesiones<\/h3>\n<p>Las lesiones frecuentes pueden producirse en diversos entornos, desde el hogar hasta el trabajo. La atenci\u00f3n quiropr\u00e1ctica puede fortalecer las zonas m\u00e1s d\u00e9biles del cuerpo, proporcionando ejercicios espec\u00edficos para prevenir futuras lesiones.<\/p>\n<p><a href=\"https:\/\/www.apexosn.com\/wp-content\/uploads\/2024\/05\/shutterstock_347439827-min-1.jpg\"><img fetchpriority=\"high\" decoding=\"async\" class=\"alignnone size-full wp-image-4233\" src=\"https:\/\/www.apexosn.com\/wp-content\/uploads\/2024\/05\/shutterstock_347439827-min-1.jpg\" alt=\"Raleigh Chiropractor\" width=\"500\" height=\"334\" srcset=\"https:\/\/www.apexosn.com\/wp-content\/uploads\/2024\/05\/shutterstock_347439827-min-1.jpg 500w, https:\/\/www.apexosn.com\/wp-content\/uploads\/2024\/05\/shutterstock_347439827-min-1-300x200.jpg 300w\" sizes=\"(max-width: 500px) 100vw, 500px\" \/><\/a><\/p>\n<h2>Tipos de lesiones que requieren cuidados quiropr\u00e1cticos<\/h2>\n<p>La atenci\u00f3n quiropr\u00e1ctica puede tratar una variedad de lesiones, incluidas las que afectan a los nervios, la cabeza, el cuello, la espalda y las rodillas.<\/p>\n<h3>Da\u00f1os en los nervios<\/h3>\n<p>Los accidentes pueden causar lesiones importantes, como fracturas \u00f3seas o contusiones, que provocan da\u00f1os en los nervios. Los quiropr\u00e1cticos realizan manipulaciones de la columna vertebral para aliviar el dolor de m\u00fasculos, huesos y v\u00e9rtebras, ayudando a la recuperaci\u00f3n.<\/p>\n<h3>Lesiones de cabeza y cuello<\/h3>\n<p>Las lesiones de cabeza y cuello pueden desalinear la columna vertebral. Los quiropr\u00e1cticos utilizan la manipulaci\u00f3n vertebral, el masaje y la estimulaci\u00f3n el\u00e9ctrica para tratar eficazmente estas lesiones.<\/p>\n<h3>Lesiones de espalda<\/h3>\n<p>Las lesiones de espalda pueden producirse por accidentes de coche, movimientos torpes, malas posturas, levantamiento de objetos pesados o ca\u00eddas. Los quiropr\u00e1cticos no s\u00f3lo alivian el dolor, sino que tambi\u00e9n tratan la ra\u00edz del problema, favoreciendo la recuperaci\u00f3n y previniendo futuras lesiones.<\/p>\n<h3>Lesiones de rodilla<\/h3>\n<p>Las lesiones de rodilla, como luxaciones, fracturas y esguinces de ligamentos, pueden tratarse con cuidados quiropr\u00e1cticos que incluyan fisioterapia y manipulaci\u00f3n manual, junto con masajes y ultrasonidos para las distensiones musculares y los esguinces de ligamentos.<\/p>\n<h3>Lesiones de tejidos blandos<\/h3>\n<p>Las lesiones de tejidos blandos suelen deberse a da\u00f1os en m\u00fasculos, ligamentos y tendones. Estas lesiones pueden afectar gravemente a sus actividades diarias, el rendimiento, la movilidad y la flexibilidad. Si usted ha sufrido una lesi\u00f3n de tejidos blandos en Raleigh, la b\u00fasqueda de atenci\u00f3n quiropr\u00e1ctica de inmediato es crucial.<\/p>\n<p>\u00bfTiene curiosidad acerca de si su lesi\u00f3n necesita atenci\u00f3n quiropr\u00e1ctica? P\u00f3ngase en contacto con nuestros quiropr\u00e1cticos Raleigh en [tel\u00e9fono]. Nuestro equipo est\u00e1 listo para responder a todas las preguntas acerca de su lesi\u00f3n y le guiar\u00e1 hacia una recuperaci\u00f3n \u00f3ptima.<\/p>\n<h2>Tipos de ajustes quiropr\u00e1cticos<\/h2>\n<p>El tratamiento quiropr\u00e1ctico es vers\u00e1til y puede abordar una amplia gama de lesiones, desde lesiones de rodilla y cuello hasta esguinces. Los quiropr\u00e1cticos crean planes de tratamiento personalizados basados en su lesi\u00f3n espec\u00edfica.<\/p>\n<h3>Manipulaci\u00f3n de tejidos blandos<\/h3>\n<p>Este enfoque mejora la circulaci\u00f3n sangu\u00ednea, alivia la tensi\u00f3n muscular y favorece la recuperaci\u00f3n de lesiones mediante m\u00e9todos como la terapia de puntos gatillo, la liberaci\u00f3n miofascial y el masaje terap\u00e9utico.<\/p>\n<h3>Manipulaci\u00f3n de la columna vertebral<\/h3>\n<p>Los quiropr\u00e1cticos utilizan sus manos o equipos especializados para realinear las articulaciones, reducir la inflamaci\u00f3n, aliviar el dolor y mejorar la movilidad.<\/p>\n<h3>Masaje quiropr\u00e1ctico<\/h3>\n<p>Los masajes quiropr\u00e1cticos ayudan a reducir el dolor y mejorar la recuperaci\u00f3n aplicando presi\u00f3n en los tejidos blandos afectados, como m\u00fasculos y tendones.<\/p>\n<h2>Elegir el mejor cuidado quiropr\u00e1ctico<\/h2>\n<p>Optar por una atenci\u00f3n quiropr\u00e1ctica de alta calidad en Raleigh puede reducir el dolor, mejorar la curaci\u00f3n y prevenir futuras lesiones. El cuidado quiropr\u00e1ctico estimula el sistema inmunol\u00f3gico, mejora el rendimiento y alivia el dolor cr\u00f3nico.<\/p>\n<p>Si usted est\u00e1 luchando con el dolor cr\u00f3nico despu\u00e9s de un accidente en Raleigh, Apex Orthopaedics Spine &amp; Neurology ofrece una excelente atenci\u00f3n quiropr\u00e1ctica. Nuestro objetivo es ayudarle a sentirse lo mejor posible. Estamos dedicados a ofrecer el tratamiento que necesita para recuperarse por completo y permanecer libre de lesiones.<\/p>\n<p>Ll\u00e1menos hoy al <a href=\"tel:+17044123045\"><i class=\"fa fa-phone-alt\"><\/i>704-412-3045<\/a> para programar su cita y comenzar su viaje hacia la mejora de la salud y el bienestar.<\/p>\n<p><a href=\"https:\/\/www.apexosn.com\/wp-content\/uploads\/2024\/05\/shutterstock_2195563437-min.jpg\"><img decoding=\"async\" class=\"alignnone size-full wp-image-4231\" src=\"https:\/\/www.apexosn.com\/wp-content\/uploads\/2024\/05\/shutterstock_2195563437-min.jpg\" alt=\"Raleigh Chiropractic Care \" width=\"500\" height=\"325\" srcset=\"https:\/\/www.apexosn.com\/wp-content\/uploads\/2024\/05\/shutterstock_2195563437-min.jpg 500w, https:\/\/www.apexosn.com\/wp-content\/uploads\/2024\/05\/shutterstock_2195563437-min-300x195.jpg 300w\" sizes=\"(max-width: 500px) 100vw, 500px\" \/><\/a><\/p>\n<h2>Atenci\u00f3n personalizada en Apex OS&amp;N en Raleigh<\/h2>\n<p>Apex Orthopaedics Spine &amp; Neurology en Raleigh se centra en estrategias de tratamiento personalizadas adaptadas a las condiciones espec\u00edficas de cada paciente. Ofrecemos servicios integrales, utilizando tecnolog\u00eda avanzada y m\u00e9todos de tratamiento innovadores para garantizar resultados eficaces.<\/p>\n<h3>Servicios de imagen<\/h3>\n<p>Nuestro centro ofrece radiograf\u00edas digitales y resonancias magn\u00e9ticas, lo que permite un diagn\u00f3stico exhaustivo y planes de tratamiento a medida.<\/p>\n<h3>Citas el mismo d\u00eda<\/h3>\n<p>Entendemos la urgencia de las necesidades de atenci\u00f3n m\u00e9dica, es por eso que ofrecemos citas el mismo d\u00eda para hacer frente a sus preocupaciones con prontitud.<\/p>\n<h3>Procedimientos quir\u00fargicos avanzados<\/h3>\n<p>Nuestro centro de cirug\u00eda ortop\u00e9dica ambulatoria est\u00e1 equipado para realizar procedimientos quir\u00fargicos de vanguardia, lo que garantiza una experiencia de tratamiento fluida y eficaz.<\/p>\n<h3>Filosof\u00eda de la atenci\u00f3n<\/h3>\n<p>Apex Orthopaedics Spine &amp; Neurology combina la experiencia profesional con la atenci\u00f3n personalizada. Hacemos hincapi\u00e9 en la educaci\u00f3n del paciente y el compromiso, asegurando que las personas est\u00e1n informados y c\u00f3modos a lo largo de su viaje de tratamiento.<\/p>\n<h3>Educaci\u00f3n del paciente<\/h3>\n<p>Nuestro enfoque se centra en proporcionar a los pacientes conocimientos sobre sus enfermedades y tratamientos. Proporcionamos informaci\u00f3n detallada y apoyo para facilitar la toma de decisiones informadas.<\/p>\n<h3>Enfoque multidisciplinar<\/h3>\n<p>Nuestro equipo multidisciplinar colabora para crear los planes de tratamiento m\u00e1s eficaces adaptados a las necesidades de cada paciente, garantizando una atenci\u00f3n integral y cohesionada.<\/p>\n<h3>Compromiso con la comunidad<\/h3>\n<p>Estamos comprometidos a servir a la comunidad de Raleigh, proporcionando atenci\u00f3n m\u00e9dica accesible, y la promoci\u00f3n de la salud y el bienestar general.<\/p>\n<h2>Lograr una salud \u00f3ptima con el cuidado quiropr\u00e1ctico en Raleigh<\/h2>\n<p>El tratamiento quiropr\u00e1ctico es un m\u00e9todo seguro y eficaz para el tratamiento de una variedad de lesiones sin depender de medicamentos o cirug\u00eda. El cuidado quiropr\u00e1ctico continuo puede mejorar la postura y mantener la salud de la columna vertebral, ofreciendo numerosos beneficios.<\/p>\n<p>Si usted est\u00e1 en necesidad de atenci\u00f3n quiropr\u00e1ctica en Raleigh, no espere. P\u00f3ngase en contacto con Apex Orthopaedics Spine &amp; Neurology hoy. Nuestro equipo est\u00e1 listo para proporcionar la m\u00e1s alta calidad de la atenci\u00f3n para ayudarle a recuperarse y mantener una salud \u00f3ptima.<\/p>\n<p>Ll\u00e1menos al <a href=\"tel:+17044123045\"><i class=\"fa fa-phone-alt\"><\/i>704-412-3045<\/a> para programar su cita.<\/p>\n","protected":false},"excerpt":{"rendered":"<p>El cuidado quiropr\u00e1ctico ofrece numerosas ventajas, como la reducci\u00f3n del dolor, la aceleraci\u00f3n de la curaci\u00f3n, la recuperaci\u00f3n del movimiento, la mejora de la postura, el mejor funcionamiento de las articulaciones y la disminuci\u00f3n de la presi\u00f3n arterial. En comparaci\u00f3n con la gesti\u00f3n tradicional del dolor, el tratamiento quiropr\u00e1ctico es m\u00e1s seguro y m\u00e1s rentable. [&hellip;]<\/p>\n","protected":false},"author":25,"featured_media":0,"parent":2734,"menu_order":0,"comment_status":"closed","ping_status":"closed","template":"","meta":{"_acf_changed":false,"footnotes":""},"categories":[],"tags":[],"class_list":["post-5002","page","type-page","status-publish","hentry"],"acf":[],"_links":{"self":[{"href":"https:\/\/www.apexosn.com\/es\/wp-json\/wp\/v2\/pages\/5002","targetHints":{"allow":["GET"]}}],"collection":[{"href":"https:\/\/www.apexosn.com\/es\/wp-json\/wp\/v2\/pages"}],"about":[{"href":"https:\/\/www.apexosn.com\/es\/wp-json\/wp\/v2\/types\/page"}],"author":[{"embeddable":true,"href":"https:\/\/www.apexosn.com\/es\/wp-json\/wp\/v2\/users\/25"}],"replies":[{"embeddable":true,"href":"https:\/\/www.apexosn.com\/es\/wp-json\/wp\/v2\/comments?post=5002"}],"version-history":[{"count":2,"href":"https:\/\/www.apexosn.com\/es\/wp-json\/wp\/v2\/pages\/5002\/revisions"}],"predecessor-version":[{"id":5004,"href":"https:\/\/www.apexosn.com\/es\/wp-json\/wp\/v2\/pages\/5002\/revisions\/5004"}],"up":[{"embeddable":true,"href":"https:\/\/www.apexosn.com\/es\/wp-json\/wp\/v2\/pages\/2734"}],"wp:attachment":[{"href":"https:\/\/www.apexosn.com\/es\/wp-json\/wp\/v2\/media?parent=5002"}],"wp:term":[{"taxonomy":"category","embeddable":true,"href":"https:\/\/www.apexosn.com\/es\/wp-json\/wp\/v2\/categories?post=5002"},{"taxonomy":"post_tag","embeddable":true,"href":"https:\/\/www.apexosn.com\/es\/wp-json\/wp\/v2\/tags?post=5002"}],"curies":[{"name":"wp","href":"https:\/\/api.w.org\/{rel}","templated":true}]}}