{"id":4986,"date":"2024-05-21T09:52:07","date_gmt":"2024-05-21T14:52:07","guid":{"rendered":"https:\/\/www.apexosn.com\/lesion-lumbar\/"},"modified":"2024-05-25T12:16:20","modified_gmt":"2024-05-25T17:16:20","slug":"lesion-lumbar","status":"publish","type":"page","link":"https:\/\/www.apexosn.com\/es\/lesion-lumbar\/","title":{"rendered":"Lesi\u00f3n lumbar"},"content":{"rendered":"<p>Una lesi\u00f3n lumbar es una de las afecciones m\u00e1s frecuentes e incapacitantes, que afecta a innumerables personas cada a\u00f1o. Estas lesiones pueden deberse a diversas causas, como accidentes, t\u00e9cnicas de levantamiento inadecuadas, movimientos bruscos o riesgos laborales. Las consecuencias pueden afectar profundamente a la vida diaria de una persona.<\/p>\n<p>Reconocer las caracter\u00edsticas espec\u00edficas de estas lesiones y buscar asistencia m\u00e9dica experta son componentes vitales del proceso de curaci\u00f3n. Apex Orthopaedics Spine &amp; Neurology se dedica al diagn\u00f3stico y tratamiento de las lesiones lumbares, con el objetivo de devolver a los pacientes a sus actividades rutinarias de forma r\u00e1pida y segura.<\/p>\n\t\t<div data-elementor-type=\"section\" data-elementor-id=\"208\" class=\"elementor elementor-208\" data-elementor-post-type=\"elementor_library\">\n\t\t\t\t\t<section class=\"elementor-section elementor-top-section elementor-element elementor-element-485e576a elementor-section-boxed elementor-section-height-default elementor-section-height-default\" data-id=\"485e576a\" data-element_type=\"section\" data-e-type=\"section\">\n\t\t\t\t\t\t<div class=\"elementor-container elementor-column-gap-default\">\n\t\t\t\t\t<div class=\"elementor-column elementor-col-100 elementor-top-column elementor-element elementor-element-635c38c0\" data-id=\"635c38c0\" data-element_type=\"column\" data-e-type=\"column\">\n\t\t\t<div class=\"elementor-widget-wrap elementor-element-populated\">\n\t\t\t\t\t\t<div class=\"elementor-element elementor-element-3ba95c8a elementor-toc--minimized-on-tablet elementor-widget elementor-widget-table-of-contents\" data-id=\"3ba95c8a\" data-element_type=\"widget\" data-e-type=\"widget\" data-settings=\"{&quot;exclude_headings_by_selector&quot;:&quot;.toc-remove&quot;,&quot;headings_by_tags&quot;:[&quot;h2&quot;,&quot;h3&quot;],&quot;marker_view&quot;:&quot;numbers&quot;,&quot;no_headings_message&quot;:&quot;No se ha encontrado ning\\u00fan encabezado en esta p\\u00e1gina.&quot;,&quot;minimize_box&quot;:&quot;yes&quot;,&quot;minimized_on&quot;:&quot;tablet&quot;,&quot;hierarchical_view&quot;:&quot;yes&quot;,&quot;min_height&quot;:{&quot;unit&quot;:&quot;px&quot;,&quot;size&quot;:&quot;&quot;,&quot;sizes&quot;:[]},&quot;min_height_laptop&quot;:{&quot;unit&quot;:&quot;px&quot;,&quot;size&quot;:&quot;&quot;,&quot;sizes&quot;:[]},&quot;min_height_tablet&quot;:{&quot;unit&quot;:&quot;px&quot;,&quot;size&quot;:&quot;&quot;,&quot;sizes&quot;:[]},&quot;min_height_mobile&quot;:{&quot;unit&quot;:&quot;px&quot;,&quot;size&quot;:&quot;&quot;,&quot;sizes&quot;:[]}}\" data-widget_type=\"table-of-contents.default\">\n\t\t\t\t\t\t\t\t\t<div class=\"elementor-toc__header\">\n\t\t\t\t\t\t<div class=\"elementor-toc__header-title\">\n\t\t\t\tTable of Contents\t\t\t<\/div>\n\t\t\t\t\t\t\t\t\t\t<div class=\"elementor-toc__toggle-button elementor-toc__toggle-button--expand\" role=\"button\" tabindex=\"0\" aria-controls=\"elementor-toc__3ba95c8a\" aria-expanded=\"true\" aria-label=\"Abrir la tabla de contenidos\"><svg aria-hidden=\"true\" class=\"e-font-icon-svg e-fas-chevron-down\" viewBox=\"0 0 448 512\" xmlns=\"http:\/\/www.w3.org\/2000\/svg\"><path d=\"M207.029 381.476L12.686 187.132c-9.373-9.373-9.373-24.569 0-33.941l22.667-22.667c9.357-9.357 24.522-9.375 33.901-.04L224 284.505l154.745-154.021c9.379-9.335 24.544-9.317 33.901.04l22.667 22.667c9.373 9.373 9.373 24.569 0 33.941L240.971 381.476c-9.373 9.372-24.569 9.372-33.942 0z\"><\/path><\/svg><\/div>\n\t\t\t\t<div class=\"elementor-toc__toggle-button elementor-toc__toggle-button--collapse\" role=\"button\" tabindex=\"0\" aria-controls=\"elementor-toc__3ba95c8a\" aria-expanded=\"true\" aria-label=\"Cerrar la tabla de contenidos\"><svg aria-hidden=\"true\" class=\"e-font-icon-svg e-fas-chevron-up\" viewBox=\"0 0 448 512\" xmlns=\"http:\/\/www.w3.org\/2000\/svg\"><path d=\"M240.971 130.524l194.343 194.343c9.373 9.373 9.373 24.569 0 33.941l-22.667 22.667c-9.357 9.357-24.522 9.375-33.901.04L224 227.495 69.255 381.516c-9.379 9.335-24.544 9.317-33.901-.04l-22.667-22.667c-9.373-9.373-9.373-24.569 0-33.941L207.03 130.525c9.372-9.373 24.568-9.373 33.941-.001z\"><\/path><\/svg><\/div>\n\t\t\t\t\t<\/div>\n\t\t\t\t<div id=\"elementor-toc__3ba95c8a\" class=\"elementor-toc__body\">\n\t\t\t<div class=\"elementor-toc__spinner-container\">\n\t\t\t\t<svg class=\"elementor-toc__spinner eicon-animation-spin e-font-icon-svg e-eicon-loading\" aria-hidden=\"true\" viewBox=\"0 0 1000 1000\" xmlns=\"http:\/\/www.w3.org\/2000\/svg\"><path d=\"M500 975V858C696 858 858 696 858 500S696 142 500 142 142 304 142 500H25C25 237 238 25 500 25S975 237 975 500 763 975 500 975Z\"><\/path><\/svg>\t\t\t<\/div>\n\t\t<\/div>\n\t\t\t\t\t\t<\/div>\n\t\t\t\t\t<\/div>\n\t\t<\/div>\n\t\t\t\t\t<\/div>\n\t\t<\/section>\n\t\t\t\t<\/div>\n\t\t\n<h2>Comprender las lesiones lumbares<\/h2>\n<p>La parte baja de la espalda, o zona lumbar, est\u00e1 dise\u00f1ada de forma compleja con huesos, articulaciones, nervios, ligamentos y m\u00fasculos que proporcionan soporte, fuerza y flexibilidad. Sin embargo, la detallada estructura de esta zona tambi\u00e9n la hace susceptible a diversas lesiones. Entre las lesiones m\u00e1s comunes de la zona lumbar se encuentran las distensiones y los esguinces, las hernias discales, la compresi\u00f3n nerviosa y las fracturas.<\/p>\n<p>Estas afecciones pueden desencadenar s\u00edntomas que van desde una molestia leve hasta un dolor intenso e incapacitante, y pueden ir acompa\u00f1adas de rigidez, movilidad reducida y, en los casos m\u00e1s graves, dolor o entumecimiento que se extiende a las piernas. Apex Orthopaedics Spine &amp; Neurology se centra en tratar eficazmente estos problemas para mejorar el bienestar del paciente.<\/p>\n<h2>S\u00edntomas de una lesi\u00f3n lumbar<\/h2>\n<p>Los s\u00edntomas de una lesi\u00f3n lumbar pueden variar mucho en funci\u00f3n de su gravedad y tipo. Los posibles s\u00edntomas son<\/p>\n<ul>\n<li>Dolores o rigidez continuos a lo largo de la columna vertebral, desde la base del cuello hasta el coxis.<\/li>\n<li>Dolor agudo y localizado en el cuello, la parte superior o inferior de la espalda, sobre todo despu\u00e9s de levantar objetos pesados o realizar actividades extenuantes.<\/li>\n<li>Dolor lumbar continuo al permanecer sentado o de pie durante per\u00edodos prolongados.<\/li>\n<li>Dolor que se extiende desde la zona lumbar hasta las nalgas, desciende por los muslos y se extiende hasta las pantorrillas y los dedos de los pies.<\/li>\n<li>Dificultad para mantenerse erguido sin experimentar dolor o espasmos musculares en la zona lumbar.<\/li>\n<\/ul>\n<p>Apex Orthopaedics Spine &amp; Neurology es experta en diagnosticar estos signos y proporcionar los cuidados necesarios para aliviar dichas molestias.<\/p>\n<p><a href=\"https:\/\/www.apexosn.com\/wp-content\/uploads\/2024\/05\/shutterstock_607977332.jpg\"><img fetchpriority=\"high\" decoding=\"async\" class=\"alignnone size-full wp-image-4444\" src=\"https:\/\/www.apexosn.com\/wp-content\/uploads\/2024\/05\/shutterstock_607977332.jpg\" alt=\"low back injury in North Carolina\" width=\"500\" height=\"293\" srcset=\"https:\/\/www.apexosn.com\/wp-content\/uploads\/2024\/05\/shutterstock_607977332.jpg 500w, https:\/\/www.apexosn.com\/wp-content\/uploads\/2024\/05\/shutterstock_607977332-300x176.jpg 300w\" sizes=\"(max-width: 500px) 100vw, 500px\" \/><\/a><\/p>\n<h2>Identificaci\u00f3n de lesiones lumbares<\/h2>\n<p>En Apex Orthopaedics Spine &amp; Neurology, el proceso de tratamiento de una lesi\u00f3n lumbar comienza con una evaluaci\u00f3n diagn\u00f3stica exhaustiva. Esto incluye ex\u00e1menes f\u00edsicos, la revisi\u00f3n de la historia cl\u00ednica del paciente, y la realizaci\u00f3n de pruebas de imagen como radiograf\u00edas, resonancias magn\u00e9ticas o tomograf\u00edas computarizadas.<\/p>\n<p>Estas herramientas diagn\u00f3sticas son cruciales para determinar la naturaleza exacta de la lesi\u00f3n y desarrollar un plan de tratamiento personalizado que se ajuste a las necesidades espec\u00edficas del paciente.<\/p>\n<h3>Enfoques para tratar las lesiones lumbares<\/h3>\n<p>Las opciones de tratamiento de las lesiones lumbares en Apex Orthopaedics Spine &amp; Neurology var\u00edan en funci\u00f3n de la gravedad de la lesi\u00f3n y del estado general de salud del paciente. \u00c9stos son algunos de los tratamientos t\u00edpicos que pueden ser recomendados.<\/p>\n<h3>Fisioterapia<\/h3>\n<p>A menudo la piedra angular de la recuperaci\u00f3n de lesiones de espalda baja, la fisioterapia ayuda a fortalecer los m\u00fasculos alrededor de la columna vertebral, aumentar la flexibilidad y aliviar la presi\u00f3n del nervio. Los programas de ejercicios personalizados aumentan la fuerza y la resistencia muscular, facilitando una reincorporaci\u00f3n m\u00e1s r\u00e1pida y segura a las actividades cotidianas.<\/p>\n<h3>Medicamentos<\/h3>\n<p>Para controlar el dolor y la inflamaci\u00f3n, pueden recetarse medicamentos como antiinflamatorios no esteroideos (AINE) o analg\u00e9sicos m\u00e1s potentes. Los relajantes musculares o las inyecciones de corticoesteroides tambi\u00e9n son opciones para reducir los espasmos musculares y la inflamaci\u00f3n.<\/p>\n<h3>Cuidados quiropr\u00e1cticos<\/h3>\n<p>Los ajustes y manipulaciones quiropr\u00e1cticos pueden aliviar el dolor garantizando una alineaci\u00f3n adecuada de la estructura musculoesquel\u00e9tica del cuerpo, especialmente de la columna vertebral.<\/p>\n<h3>Cirug\u00eda<\/h3>\n<p>Para casos graves en los que los tratamientos no quir\u00fargicos no son eficaces, como una compresi\u00f3n nerviosa importante o una hernia discal, puede ser necesaria la cirug\u00eda. Apex Orthopaedics Spine &amp; Neurology ofrece una variedad de opciones quir\u00fargicas, incluyendo cirug\u00edas m\u00ednimamente invasivas de la columna vertebral, que generalmente conducen a tiempos de recuperaci\u00f3n m\u00e1s r\u00e1pidos y menos dolor postoperatorio.<\/p>\n<h3>Modificaciones del estilo de vida<\/h3>\n<p>Educar a los pacientes sobre la mec\u00e1nica corporal y la postura adecuadas, as\u00ed como el control del peso y los ajustes ergon\u00f3micos en el lugar de trabajo, son esenciales para controlar y prevenir el dolor lumbar.<\/p>\n<h2>C\u00f3mo puede ayudarle Apex Orthopaedics Spine &amp; Neurology con su lesi\u00f3n lumbar<\/h2>\n<p>Apex Orthopaedics Spine &amp; Neurology destaca en el tratamiento de las lesiones lumbares mediante un enfoque multidisciplinar adaptado a las necesidades \u00fanicas de cada paciente. Nuestro equipo est\u00e1 formado por cirujanos ortop\u00e9dicos, especialistas en el tratamiento del dolor, fisioterapeutas y quiropr\u00e1cticos, que colaboran para ofrecer una atenci\u00f3n integral. Nos centramos en el tratamiento integral del paciente, abordando tanto los s\u00edntomas f\u00edsicos como los factores del estilo de vida que pueden contribuir a los problemas de espalda.<\/p>\n<p>Desde su consulta inicial hasta su rehabilitaci\u00f3n, Apex Orthopaedics Spine &amp; Neurology se compromete a proporcionar el m\u00e1s alto nivel de atenci\u00f3n. Con nuestras instalaciones de \u00faltima generaci\u00f3n, la ayuda es f\u00e1cilmente accesible. Nuestra prioridad no es s\u00f3lo aliviar sus s\u00edntomas, sino tambi\u00e9n proporcionarle las herramientas y los conocimientos necesarios para mantener una espalda sana y sin dolor mucho despu\u00e9s de su tratamiento con nosotros.<\/p>\n<p>Si sufre una lesi\u00f3n lumbar, considere a Apex Orthopaedics Spine &amp; Neurology su socio de confianza para volver a llevar una vida activa y plena. Conf\u00ede en nosotros para resolver sus problemas de espalda y guiarle por el camino de la recuperaci\u00f3n, ll\u00e1menos hoy mismo al <a href=\"tel:+17044123045\"><i class=\"fa fa-phone-alt\"><\/i>704-412-3045<\/a>.<\/p>\n","protected":false},"excerpt":{"rendered":"<p>Una lesi\u00f3n lumbar es una de las afecciones m\u00e1s frecuentes e incapacitantes, que afecta a innumerables personas cada a\u00f1o. Estas lesiones pueden deberse a diversas causas, como accidentes, t\u00e9cnicas de levantamiento inadecuadas, movimientos bruscos o riesgos laborales. Las consecuencias pueden afectar profundamente a la vida diaria de una persona. Reconocer las caracter\u00edsticas espec\u00edficas de estas [&hellip;]<\/p>\n","protected":false},"author":25,"featured_media":0,"parent":0,"menu_order":0,"comment_status":"closed","ping_status":"closed","template":"","meta":{"_acf_changed":false,"footnotes":""},"categories":[],"tags":[],"class_list":["post-4986","page","type-page","status-publish","hentry"],"acf":[],"_links":{"self":[{"href":"https:\/\/www.apexosn.com\/es\/wp-json\/wp\/v2\/pages\/4986","targetHints":{"allow":["GET"]}}],"collection":[{"href":"https:\/\/www.apexosn.com\/es\/wp-json\/wp\/v2\/pages"}],"about":[{"href":"https:\/\/www.apexosn.com\/es\/wp-json\/wp\/v2\/types\/page"}],"author":[{"embeddable":true,"href":"https:\/\/www.apexosn.com\/es\/wp-json\/wp\/v2\/users\/25"}],"replies":[{"embeddable":true,"href":"https:\/\/www.apexosn.com\/es\/wp-json\/wp\/v2\/comments?post=4986"}],"version-history":[{"count":2,"href":"https:\/\/www.apexosn.com\/es\/wp-json\/wp\/v2\/pages\/4986\/revisions"}],"predecessor-version":[{"id":4988,"href":"https:\/\/www.apexosn.com\/es\/wp-json\/wp\/v2\/pages\/4986\/revisions\/4988"}],"wp:attachment":[{"href":"https:\/\/www.apexosn.com\/es\/wp-json\/wp\/v2\/media?parent=4986"}],"wp:term":[{"taxonomy":"category","embeddable":true,"href":"https:\/\/www.apexosn.com\/es\/wp-json\/wp\/v2\/categories?post=4986"},{"taxonomy":"post_tag","embeddable":true,"href":"https:\/\/www.apexosn.com\/es\/wp-json\/wp\/v2\/tags?post=4986"}],"curies":[{"name":"wp","href":"https:\/\/api.w.org\/{rel}","templated":true}]}}