{"id":4973,"date":"2024-05-19T18:01:43","date_gmt":"2024-05-19T23:01:43","guid":{"rendered":"https:\/\/www.apexosn.com\/high-point-nc\/rayos-x-de-high-point\/"},"modified":"2024-05-25T10:43:29","modified_gmt":"2024-05-25T15:43:29","slug":"rayos-x-de-high-point","status":"publish","type":"page","link":"https:\/\/www.apexosn.com\/es\/high-point-nc\/rayos-x-de-high-point\/","title":{"rendered":"Rayos X de High Point"},"content":{"rendered":"<p><img fetchpriority=\"high\" decoding=\"async\" class=\"alignnone wp-image-4379 size-full\" src=\"https:\/\/www.apexosn.com\/wp-content\/uploads\/2024\/05\/shutterstock_1940483347.webp\" alt=\"Patient receiving an X-ray at High Point clinic for detailed bone imaging.\" width=\"500\" height=\"334\" srcset=\"https:\/\/www.apexosn.com\/wp-content\/uploads\/2024\/05\/shutterstock_1940483347.webp 500w, https:\/\/www.apexosn.com\/wp-content\/uploads\/2024\/05\/shutterstock_1940483347-300x200.webp 300w\" sizes=\"(max-width: 500px) 100vw, 500px\" \/><\/p>\n<p>Las radiograf\u00edas son una herramienta de diagn\u00f3stico esencial para los profesionales sanitarios. Esta t\u00e9cnica de imagen segura e indolora visualiza r\u00e1pida y eficazmente los huesos y ciertos tejidos blandos dentro de su cuerpo. En Apex Orthopaedics Spine &amp; Neurology en High Point, utilizamos tecnolog\u00eda de rayos X de vanguardia para proporcionar diagn\u00f3sticos r\u00e1pidos y precisos para una amplia gama de condiciones musculoesquel\u00e9ticas.<\/p>\n<p>Aprenda c\u00f3mo los rayos X pueden ayudar a diagnosticar su condici\u00f3n y acelerar su recuperaci\u00f3n. Ll\u00e1menos al <a href=\"tel:+17044123045\"><i class=\"fa fa-phone-alt\"><\/i>704-412-3045<\/a> para empezar.<\/p>\n<h2>\u00bfQu\u00e9 es una radiograf\u00eda?<\/h2>\n<p>Una radiograf\u00eda es un tipo de radiaci\u00f3n electromagn\u00e9tica que se utiliza para crear im\u00e1genes de las estructuras internas del cuerpo. Los tejidos m\u00e1s densos, como los huesos, absorben m\u00e1s rayos X y aparecen en blanco en la imagen resultante. Los tejidos menos densos, como los m\u00fasculos y la grasa, absorben menos rayos X y aparecen en gris. El aire aparece negro en las radiograf\u00edas porque absorbe muy pocos rayos X.<\/p>\n<p>Las radiograf\u00edas son un procedimiento r\u00e1pido e indoloro que s\u00f3lo requiere unos minutos. Son una valiosa herramienta de diagn\u00f3stico por varias razones:<\/p>\n<ul>\n<li><strong>Seguridad<\/strong>: En comparaci\u00f3n con otras t\u00e9cnicas de imagen como el TAC, las radiograf\u00edas implican una dosis de radiaci\u00f3n significativamente menor.<\/li>\n<li><strong>Rapidez<\/strong>: Las radiograf\u00edas proporcionan im\u00e1genes r\u00e1pidas y eficaces, por lo que son ideales para situaciones urgentes que requieren un diagn\u00f3stico r\u00e1pido.<\/li>\n<li><strong>Rentabilidad<\/strong>: Los rayos X son una opci\u00f3n de diagn\u00f3stico por imagen relativamente econ\u00f3mica en comparaci\u00f3n con otros m\u00e9todos.<\/li>\n<li><strong>Versatilidad<\/strong>: Los rayos X permiten obtener im\u00e1genes de diversas partes del cuerpo, como los huesos, las articulaciones, el t\u00f3rax y el abdomen.<\/li>\n<\/ul>\n<h2>\u00bfQu\u00e9 puede diagnosticar una radiograf\u00eda?<\/h2>\n<p>Las radiograf\u00edas se utilizan sobre todo para diagnosticar y evaluar enfermedades que afectan a huesos y articulaciones. He aqu\u00ed algunos ejemplos concretos:<\/p>\n<h3>Fracturas<\/h3>\n<p>Las radiograf\u00edas son la mejor opci\u00f3n para diagnosticar fracturas. Proporcionan im\u00e1genes claras y detalladas de los huesos, revelando la localizaci\u00f3n exacta de la fractura, su tipo y gravedad. Esta informaci\u00f3n es crucial para formular un plan de tratamiento eficaz para una recuperaci\u00f3n r\u00e1pida y \u00f3ptima.<\/p>\n<h3>Problemas articulares<\/h3>\n<p>Las radiograf\u00edas pueden revelar signos de enfermedades articulares degenerativas como la artrosis, identificando el estrechamiento del espacio articular y los espolones \u00f3seos. Tambi\u00e9n pueden diagnosticar luxaciones y desalineaciones.<\/p>\n<h3>Infecciones \u00f3seas<\/h3>\n<p>Aunque no son definitivas para diagnosticar infecciones, las radiograf\u00edas pueden ofrecer pistas valiosas, como zonas de p\u00e9rdida \u00f3sea o inflamaci\u00f3n. Estos indicios, combinados con otras pruebas, pueden ayudar a identificar infecciones \u00f3seas.<\/p>\n<h3>Osteoporosis<\/h3>\n<p>Las radiograf\u00edas pueden proporcionar informaci\u00f3n sobre la densidad \u00f3sea, aunque no son definitivas para diagnosticar osteoporosis. Comparando las radiograf\u00edas a lo largo del tiempo, los profesionales sanitarios pueden controlar los patrones de p\u00e9rdida \u00f3sea.<\/p>\n<h3>Seguimiento de la progresi\u00f3n de la artritis<\/h3>\n<p>Para los enfermos de artritis, las radiograf\u00edas peri\u00f3dicas son una valiosa herramienta para controlar la progresi\u00f3n de la enfermedad. Al comparar las im\u00e1genes a lo largo del tiempo, los m\u00e9dicos pueden evaluar los cambios en el espacio articular y la alineaci\u00f3n, lo que ayuda a adaptar los planes de tratamiento y evaluar las estrategias de gesti\u00f3n.<\/p>\n<h3>Extracci\u00f3n de objetos extra\u00f1os<\/h3>\n<p>En casos de ingesti\u00f3n accidental o heridas punzantes, las radiograf\u00edas ayudan a localizar objetos extra\u00f1os dentro del cuerpo. Las im\u00e1genes n\u00edtidas de las estructuras \u00f3seas permiten extraer estos objetos de forma segura y eficaz.<\/p>\n<h3>Radiograf\u00edas de t\u00f3rax<\/h3>\n<p>Adem\u00e1s de obtener im\u00e1genes de los huesos, las radiograf\u00edas de t\u00f3rax pueden revelar anomal\u00edas pulmonares como la neumon\u00eda o enfermedades pulmonares como el enfisema. Tambi\u00e9n eval\u00faan el tama\u00f1o y la forma del coraz\u00f3n, lo que puede indicar insuficiencia card\u00edaca o agrandamiento.<\/p>\n<p><img decoding=\"async\" class=\"alignnone wp-image-4352 size-full\" src=\"https:\/\/www.apexosn.com\/wp-content\/uploads\/2024\/05\/shutterstock_2196171547.webp\" alt=\"Doctor in High Point analyzing X-ray images to plan patient treatment\" width=\"500\" height=\"334\" srcset=\"https:\/\/www.apexosn.com\/wp-content\/uploads\/2024\/05\/shutterstock_2196171547.webp 500w, https:\/\/www.apexosn.com\/wp-content\/uploads\/2024\/05\/shutterstock_2196171547-300x200.webp 300w\" sizes=\"(max-width: 500px) 100vw, 500px\" \/><\/p>\n<h2>Preparaci\u00f3n para la radiograf\u00eda<\/h2>\n<p>La preparaci\u00f3n para una radiograf\u00eda es m\u00ednima. Esto es lo que puede esperar:<\/p>\n<h3>Consulta<\/h3>\n<p>Su m\u00e9dico le explicar\u00e1 el procedimiento radiogr\u00e1fico y responder\u00e1 a todas sus preguntas.<\/p>\n<h3>Informe a su m\u00e9dico<\/h3>\n<p>Informe a su m\u00e9dico sobre cualquier enfermedad, medicaci\u00f3n y si est\u00e1 embarazada. El embarazo es una precauci\u00f3n para las radiograf\u00edas debido a la sensibilidad de los fetos en desarrollo a la radiaci\u00f3n. En el caso de las mujeres embarazadas, puede considerarse la posibilidad de tomar im\u00e1genes alternativas.<\/p>\n<h3>Retirada de objetos met\u00e1licos<\/h3>\n<p>Es posible que tenga que quitarse objetos met\u00e1licos o joyas que puedan interferir en la imagen radiogr\u00e1fica.<\/p>\n<h3>Ropa<\/h3>\n<p>Es posible que se le pida que se ponga una bata o que se desnude para exponer la zona que se va a radiografiar.<\/p>\n<h2>Proceso radiogr\u00e1fico<\/h2>\n<p>Una radiograf\u00eda es un procedimiento sencillo.<\/p>\n<h3>Colocaci\u00f3n<\/h3>\n<p>Un t\u00e9cnico radi\u00f3logo le colocar\u00e1 en una mesa o soporte de rayos X, dependiendo de la zona que se vaya a examinar. Es posible que tenga que mantener una posici\u00f3n espec\u00edfica o la respiraci\u00f3n brevemente para minimizar la borrosidad de la imagen.<\/p>\n<h3>M\u00e1quina de rayos X<\/h3>\n<p>El aparato de rayos X dirige una breve r\u00e1faga de rayos X hacia la zona del cuerpo que se desea examinar. No sentir\u00e1 los rayos X.<\/p>\n<h3>Captura de im\u00e1genes<\/h3>\n<p>Una placa especial o un detector de pel\u00edcula situado detr\u00e1s de usted capta la imagen radiogr\u00e1fica. Los sistemas de rayos X digitales permiten la visualizaci\u00f3n inmediata en una pantalla de ordenador.<\/p>\n<h2>Elija Apex Orthopaedics Spine &amp; Neurology para las radiograf\u00edas en High Point<\/h2>\n<p>Los rayos X son una t\u00e9cnica de imagen segura, r\u00e1pida y rentable vital para el diagn\u00f3stico de diversas condiciones \u00f3seas y articulares y ciertas anomal\u00edas internas. En Apex Orthopaedics Spine &amp; Neurology en High Point, nuestros tecn\u00f3logos radiol\u00f3gicos experimentados utilizan tecnolog\u00eda avanzada de rayos X para garantizar im\u00e1genes de alta calidad con una exposici\u00f3n m\u00ednima a la radiaci\u00f3n.<\/p>\n<p>Si usted est\u00e1 experimentando dolor en los huesos, una fractura sospecha, u otros problemas en las articulaciones, una radiograf\u00eda puede ser muy valiosa para su m\u00e9dico para llegar a un diagn\u00f3stico preciso. El diagn\u00f3stico precoz es crucial para un tratamiento r\u00e1pido y una recuperaci\u00f3n m\u00e1s suave.<\/p>\n<h2>Programe hoy mismo una consulta con Apex Orthopaedics Spine &amp; Neurology<\/h2>\n<p>Nuestro equipo puede discutir sus necesidades espec\u00edficas y determinar si una radiograf\u00eda es la herramienta de diagn\u00f3stico adecuado para usted. Ll\u00e1menos al [tel\u00e9fono] para iniciar su camino hacia una salud \u00f3ptima.<\/p>\n<h2>Servicios integrales para sus necesidades de salud<\/h2>\n<p>En Apex Orthopaedics Spine &amp; Neurology, nos enorgullecemos de ofrecer un enfoque multidisciplinar para la atenci\u00f3n al paciente. Nuestros servicios se extienden m\u00e1s all\u00e1 de la imagen, proporcionando una experiencia de salud integral a nuestros pacientes.<\/p>\n<h3>Tecnolog\u00edas de imagen avanzadas<\/h3>\n<p>Para complementar nuestros servicios de rayos X, utilizamos las tecnolog\u00edas de imagen m\u00e1s avanzadas, como la resonancia magn\u00e9tica y la tomograf\u00eda computarizada. Estos m\u00e9todos avanzados permiten realizar an\u00e1lisis a\u00fan m\u00e1s detallados de afecciones complejas.<\/p>\n<h3>Centro de cirug\u00eda ambulatoria<\/h3>\n<p>Para las afecciones que requieren intervenci\u00f3n quir\u00fargica, nuestro centro de cirug\u00eda ambulatoria ofrece unas instalaciones de \u00faltima generaci\u00f3n donde se realizan procedimientos de vanguardia. Nuestro experimentado equipo quir\u00fargico est\u00e1 especializado en cirug\u00edas ortop\u00e9dicas y de columna.<\/p>\n<h3>Planes de tratamiento personalizados<\/h3>\n<p>Cada paciente recibe un plan de tratamiento altamente individualizado. Nuestros expertos tienen en cuenta su historial m\u00e9dico \u00fanico, su estado de salud actual y su afecci\u00f3n espec\u00edfica para desarrollar un plan de atenci\u00f3n personalizado.<\/p>\n<h3>Educaci\u00f3n del paciente<\/h3>\n<p>Abogamos por la educaci\u00f3n y el compromiso del paciente. Comprender su enfermedad, las opciones de tratamiento y el pron\u00f3stico es esencial para una asistencia sanitaria cooperativa y satisfactoria. Proporcionamos informaci\u00f3n exhaustiva y fomentamos la participaci\u00f3n activa en su plan de tratamiento.<\/p>\n<h3>Equipo de expertos<\/h3>\n<p>Nuestro equipo est\u00e1 formado por profesionales altamente cualificados, como cirujanos ortop\u00e9dicos, neur\u00f3logos, radi\u00f3logos y fisioterapeutas. Nuestra experiencia combinada garantiza una atenci\u00f3n integral para diversas afecciones.<\/p>\n<h3>Citas r\u00e1pidas<\/h3>\n<p>Comprendiendo la urgencia de la atenci\u00f3n m\u00e9dica, ofrecemos citas para el mismo d\u00eda para problemas urgentes, asegurando que reciba atenci\u00f3n y cuidados a tiempo.<\/p>\n<p><img decoding=\"async\" class=\"alignnone wp-image-4204 size-full\" src=\"https:\/\/www.apexosn.com\/wp-content\/uploads\/2024\/05\/shutterstock_495722575-min-1.jpg\" alt=\"Medical professional in High Point reviewing X-ray results with a patient for diagnosis.\" width=\"500\" height=\"334\" srcset=\"https:\/\/www.apexosn.com\/wp-content\/uploads\/2024\/05\/shutterstock_495722575-min-1.jpg 500w, https:\/\/www.apexosn.com\/wp-content\/uploads\/2024\/05\/shutterstock_495722575-min-1-300x200.jpg 300w\" sizes=\"(max-width: 500px) 100vw, 500px\" \/><\/p>\n<h2>\u00bfPor qu\u00e9 elegir Apex Orthopaedics Spine &amp; Neurology en High Point?<\/h2>\n<h3>Profesionales con experiencia<\/h3>\n<p>Nuestro equipo est\u00e1 formado por expertos con amplia experiencia en sus respectivos campos, asegurando que usted reciba una atenci\u00f3n de alta calidad.<\/p>\n<h3>Tecnolog\u00eda de vanguardia<\/h3>\n<p>Aprovechamos la \u00faltima tecnolog\u00eda m\u00e9dica para proporcionar diagn\u00f3sticos y tratamientos precisos y eficientes.<\/p>\n<h3>Enfoque hol\u00edstico<\/h3>\n<p>Damos prioridad a un enfoque integral de su salud, abordando no s\u00f3lo la preocupaci\u00f3n inmediata, sino tambi\u00e9n su bienestar general.<\/p>\n<h3>Atenci\u00f3n centrada en el paciente<\/h3>\n<p>Nuestra filosof\u00eda se centra en combinar la experiencia profesional con la atenci\u00f3n personal. Nos esforzamos para que se sienta c\u00f3modo y bien informado en cada paso del camino.<\/p>\n<h3>Ubicaci\u00f3n conveniente<\/h3>\n<p>Situado en High Point, nuestro centro es de f\u00e1cil acceso, por lo que es conveniente para los residentes locales para recibir atenci\u00f3n de alta calidad sin largos tiempos de viaje.<\/p>\n<h3>Atenci\u00f3n integral bajo un mismo techo<\/h3>\n<p>Desde la consulta inicial y el diagn\u00f3stico por imagen hasta la planificaci\u00f3n del tratamiento y las intervenciones quir\u00fargicas, todos los servicios est\u00e1n disponibles en nuestras instalaciones. Este enfoque integral agiliza su proceso de atenci\u00f3n y proporciona continuidad en su tratamiento.<\/p>\n<h2>Afecciones comunes tratadas con rayos X<\/h2>\n<h3>Lesiones deportivas<\/h3>\n<p>Las lesiones relacionadas con el deporte suelen implicar fracturas, esguinces y luxaciones. Las radiograf\u00edas desempe\u00f1an un papel crucial en el diagn\u00f3stico y tratamiento de estas lesiones.<\/p>\n<h3>Lesiones laborales<\/h3>\n<p>Las lesiones laborales pueden ir desde esguinces leves hasta fracturas graves. Las radiograf\u00edas ayudan a evaluar la gravedad y a planificar las intervenciones adecuadas.<\/p>\n<h3>Dolor cr\u00f3nico<\/h3>\n<p>En el caso de los pacientes con dolor cr\u00f3nico, las radiograf\u00edas pueden revelar problemas subyacentes como la degeneraci\u00f3n articular o la desalineaci\u00f3n \u00f3sea, lo que ayuda a aplicar estrategias de tratamiento eficaces.<\/p>\n<h3>Atenci\u00f3n pedi\u00e1trica<\/h3>\n<p>Los ni\u00f1os pueden necesitar radiograf\u00edas por diversos motivos, como fracturas \u00f3seas y problemas de desarrollo. Garantizamos un entorno adecuado para los ni\u00f1os para que el proceso sea lo m\u00e1s c\u00f3modo posible.<\/p>\n<h3>Atenci\u00f3n a personas mayores<\/h3>\n<p>Los adultos mayores a menudo se enfrentan a problemas como la osteoporosis y la artritis. Las radiograf\u00edas peri\u00f3dicas ayudan a controlar estas enfermedades y a tratarlas eficazmente.<\/p>\n<h3>Situaciones de emergencia<\/h3>\n<p>En situaciones de emergencia, como accidentes o dolor intenso repentino, las radiograf\u00edas inmediatas pueden proporcionar informaci\u00f3n cr\u00edtica para tomar decisiones m\u00e9dicas urgentes.<\/p>\n<h2>C\u00f3mo prepararse para una radiograf\u00eda<\/h2>\n<h3>Qu\u00e9 esperar<\/h3>\n<p>Saber qu\u00e9 esperar durante su cita de rayos X puede aliviar la ansiedad y garantizar un proceso sin problemas. Nuestro personal le guiar\u00e1 en cada paso, desde la llegada hasta la toma de im\u00e1genes.<\/p>\n<h3>Durante el procedimiento<\/h3>\n<p>El t\u00e9cnico radi\u00f3logo le colocar\u00e1 en la posici\u00f3n correcta y le dar\u00e1 instrucciones para maximizar la claridad y calidad de la imagen. No sentir\u00e1 ninguna molestia durante la exposici\u00f3n a los rayos X.<\/p>\n<h3>Despu\u00e9s del procedimiento<\/h3>\n<p>Una vez capturadas las im\u00e1genes, nuestros radi\u00f3logos las analizar\u00e1n r\u00e1pidamente para proporcionar un diagn\u00f3stico r\u00e1pido. Su m\u00e9dico le comentar\u00e1 los resultados y los siguientes pasos de su plan de tratamiento.<\/p>\n<h2>Atenci\u00f3n avanzada m\u00e1s all\u00e1 de las radiograf\u00edas<\/h2>\n<p>En Apex Orthopaedics Spine &amp; Neurology, nuestro compromiso con su salud va m\u00e1s all\u00e1 del diagn\u00f3stico por imagen. Ofrecemos planes de atenci\u00f3n integral que pueden incluir fisioterapia, intervenciones quir\u00fargicas u otros tratamientos avanzados basados en sus necesidades espec\u00edficas.<\/p>\n<h3>Fisioterapia<\/h3>\n<p>Para muchas afecciones musculoesquel\u00e9ticas, la fisioterapia es una parte integral del proceso de recuperaci\u00f3n. Nuestros fisioterapeutas cualificados dise\u00f1an programas individualizados para ayudarle en su rehabilitaci\u00f3n.<\/p>\n<h3>Tratamiento del dolor<\/h3>\n<p>Las estrategias eficaces de tratamiento del dolor son cruciales para mejorar la calidad de vida. Nuestros especialistas en tratamiento del dolor desarrollan planes integrales que pueden incluir medicamentos, modalidades f\u00edsicas y otras terapias.<\/p>\n<h3>Cuidados de seguimiento<\/h3>\n<p>Las citas peri\u00f3dicas de seguimiento garantizan que su recuperaci\u00f3n progresa seg\u00fan lo previsto. Los ajustes de su plan de tratamiento se basan en estas evaluaciones para garantizar unos resultados \u00f3ptimos.<\/p>\n<h2>Contacte con nosotros<\/h2>\n<p>Para servicios de rayos X de alta calidad y atenci\u00f3n integral ortop\u00e9dica, columna vertebral y neurolog\u00eda en High Point, p\u00f3ngase en contacto con Apex Orthopaedics Spine &amp; Neurology. Nuestro equipo dedicado est\u00e1 aqu\u00ed para apoyar su viaje de la salud en cada paso.<\/p>\n<h3>Haga una cita<\/h3>\n<p>Ll\u00e1menos al <a href=\"tel:+17044123045\"><i class=\"fa fa-phone-alt\"><\/i>704-412-3045<\/a> para programar su consulta y dar el primer paso hacia una mejor salud.<\/p>\n<h3>Vis\u00edtenos<\/h3>\n<p>Nuestras instalaciones convenientemente situadas en High Point est\u00e1n dise\u00f1adas para proporcionar un entorno acogedor y c\u00f3modo para todos los pacientes.<\/p>\n<h3>Recursos en l\u00ednea<\/h3>\n<p>Visite nuestro sitio web para obtener recursos adicionales, testimonios de pacientes e informaci\u00f3n detallada sobre nuestros servicios. Nuestro portal en l\u00ednea tambi\u00e9n le permite reservar citas y comunicarse con nuestro equipo de atenci\u00f3n m\u00e9dica.<\/p>\n<h2>Descubra los servicios expertos de rayos X de Apex Orthopaedics Spine &amp; Neurology en High Point<\/h2>\n<p><img loading=\"lazy\" decoding=\"async\" class=\"alignnone wp-image-1816 size-full\" src=\"https:\/\/www.apexosn.com\/wp-content\/uploads\/2020\/12\/Apex-Doctors.png\" alt=\"High Point X-Ray Services providing high-resolution imaging for accurate diagnosis.\" width=\"776\" height=\"374\" srcset=\"https:\/\/www.apexosn.com\/wp-content\/uploads\/2020\/12\/Apex-Doctors.png 776w, https:\/\/www.apexosn.com\/wp-content\/uploads\/2020\/12\/Apex-Doctors-300x145.png 300w, https:\/\/www.apexosn.com\/wp-content\/uploads\/2020\/12\/Apex-Doctors-768x370.png 768w\" sizes=\"(max-width: 776px) 100vw, 776px\" \/><\/p>\n<p>Elegir Apex Orthopaedics Spine &amp; Neurology para sus necesidades radiol\u00f3gicas y ortop\u00e9dicas significa optar por la excelencia en la atenci\u00f3n m\u00e9dica. Nuestro equipo de expertos, nuestra avanzada tecnolog\u00eda y nuestro enfoque integral le garantizan la mejor atenci\u00f3n posible adaptada a sus necesidades.<\/p>\n<p>No retrase su diagn\u00f3stico y tratamiento. P\u00f3ngase en contacto con nosotros hoy mismo para conocer nuestros servicios e iniciar su viaje hacia una salud \u00f3ptima. Llame al <a href=\"tel:+17044123045\"><i class=\"fa fa-phone-alt\"><\/i>704-412-3045<\/a> para reservar su consulta.<\/p>\n","protected":false},"excerpt":{"rendered":"<p>Las radiograf\u00edas son una herramienta de diagn\u00f3stico esencial para los profesionales sanitarios. Esta t\u00e9cnica de imagen segura e indolora visualiza r\u00e1pida y eficazmente los huesos y ciertos tejidos blandos dentro de su cuerpo. En Apex Orthopaedics Spine &amp; Neurology en High Point, utilizamos tecnolog\u00eda de rayos X de vanguardia para proporcionar diagn\u00f3sticos r\u00e1pidos y precisos [&hellip;]<\/p>\n","protected":false},"author":25,"featured_media":0,"parent":2733,"menu_order":0,"comment_status":"closed","ping_status":"closed","template":"","meta":{"_acf_changed":false,"footnotes":""},"categories":[],"tags":[],"class_list":["post-4973","page","type-page","status-publish","hentry"],"acf":[],"_links":{"self":[{"href":"https:\/\/www.apexosn.com\/es\/wp-json\/wp\/v2\/pages\/4973","targetHints":{"allow":["GET"]}}],"collection":[{"href":"https:\/\/www.apexosn.com\/es\/wp-json\/wp\/v2\/pages"}],"about":[{"href":"https:\/\/www.apexosn.com\/es\/wp-json\/wp\/v2\/types\/page"}],"author":[{"embeddable":true,"href":"https:\/\/www.apexosn.com\/es\/wp-json\/wp\/v2\/users\/25"}],"replies":[{"embeddable":true,"href":"https:\/\/www.apexosn.com\/es\/wp-json\/wp\/v2\/comments?post=4973"}],"version-history":[{"count":2,"href":"https:\/\/www.apexosn.com\/es\/wp-json\/wp\/v2\/pages\/4973\/revisions"}],"predecessor-version":[{"id":4975,"href":"https:\/\/www.apexosn.com\/es\/wp-json\/wp\/v2\/pages\/4973\/revisions\/4975"}],"up":[{"embeddable":true,"href":"https:\/\/www.apexosn.com\/es\/wp-json\/wp\/v2\/pages\/2733"}],"wp:attachment":[{"href":"https:\/\/www.apexosn.com\/es\/wp-json\/wp\/v2\/media?parent=4973"}],"wp:term":[{"taxonomy":"category","embeddable":true,"href":"https:\/\/www.apexosn.com\/es\/wp-json\/wp\/v2\/categories?post=4973"},{"taxonomy":"post_tag","embeddable":true,"href":"https:\/\/www.apexosn.com\/es\/wp-json\/wp\/v2\/tags?post=4973"}],"curies":[{"name":"wp","href":"https:\/\/api.w.org\/{rel}","templated":true}]}}