{"id":4967,"date":"2024-05-19T17:53:20","date_gmt":"2024-05-19T22:53:20","guid":{"rendered":"https:\/\/www.apexosn.com\/high-point-nc\/high-point-uber-tratamiento-de-accidentes\/"},"modified":"2024-05-25T10:20:56","modified_gmt":"2024-05-25T15:20:56","slug":"high-point-uber-tratamiento-de-accidentes","status":"publish","type":"page","link":"https:\/\/www.apexosn.com\/es\/high-point-nc\/high-point-uber-tratamiento-de-accidentes\/","title":{"rendered":"High Point Uber Tratamiento de Accidentes"},"content":{"rendered":"<p>Sufrir un accidente con un Uber puede ser una experiencia angustiosa. Si usted ha sido herido en un accidente de este tipo en High Point, la atenci\u00f3n m\u00e9dica inmediata es cr\u00edtica. En Apex Orthopaedics Spine &amp; Neurology, proporcionamos tratamiento especializado para lesiones por accidentes de Uber, asegur\u00e1ndonos de que su camino hacia la recuperaci\u00f3n sea lo m\u00e1s r\u00e1pido y eficaz posible.<\/p>\n<h2>Medidas inmediatas tras un accidente con Uber<\/h2>\n<p><img fetchpriority=\"high\" decoding=\"async\" class=\"alignnone wp-image-3407 size-full\" src=\"https:\/\/www.apexosn.com\/wp-content\/uploads\/2024\/05\/shutterstock_519241105-min.jpg\" alt=\"Uber Accident\" width=\"500\" height=\"334\" srcset=\"https:\/\/www.apexosn.com\/wp-content\/uploads\/2024\/05\/shutterstock_519241105-min.jpg 500w, https:\/\/www.apexosn.com\/wp-content\/uploads\/2024\/05\/shutterstock_519241105-min-300x200.jpg 300w\" sizes=\"(max-width: 500px) 100vw, 500px\" \/><\/p>\n<p>Los momentos posteriores a un accidente de Uber pueden ser ca\u00f3ticos. Saber qu\u00e9 hacer puede tener un impacto significativo en su salud y su situaci\u00f3n legal.<\/p>\n<h3>Compruebe si hay heridos<\/h3>\n<p>Mantenga la calma y eval\u00fae si usted o alguien m\u00e1s est\u00e1 lesionado. La intervenci\u00f3n temprana puede ser crucial, as\u00ed que no pase por alto ni siquiera las molestias menores.<\/p>\n<h3>Pide ayuda<\/h3>\n<p>Llama a los servicios de emergencia para informar del accidente y solicitar asistencia m\u00e9dica inmediata si es necesario.<\/p>\n<h3>Documente la escena<\/h3>\n<p>Tome fotograf\u00edas y v\u00eddeos del lugar del accidente, incluyendo la posici\u00f3n de los veh\u00edculos y los da\u00f1os visibles. Esta documentaci\u00f3n puede ser valiosa para las reclamaciones al seguro y a efectos legales.<\/p>\n<h3>Busque asesoramiento jur\u00eddico<\/h3>\n<p>Consulte con un abogado especializado en accidentes de tr\u00e1fico para salvaguardar sus derechos y navegar por el panorama legal.<\/p>\n<h3>Programe una cita m\u00e9dica<\/h3>\n<p>P\u00f3ngase en contacto con Apex Orthopaedics Spine &amp; Neurology para una evaluaci\u00f3n m\u00e9dica. Es importante recibir una evaluaci\u00f3n completa para identificar cualquier lesi\u00f3n oculta o retardada.<\/p>\n<h2>Lesiones comunes en accidentes de Uber<\/h2>\n<p>Los accidentes en los que se ven implicados veh\u00edculos Uber pueden provocar diversas lesiones, que van de leves a graves. He aqu\u00ed algunas de las m\u00e1s comunes:<\/p>\n<ul>\n<li><strong>Lesiones en la cabeza<\/strong>: Las lesiones en la cabeza, como las conmociones cerebrales y las lesiones cerebrales, son frecuentes en los accidentes automovil\u00edsticos. Incluso si los s\u00edntomas no son inmediatos, busque una evaluaci\u00f3n m\u00e9dica con prontitud.<\/li>\n<li><strong>Lesiones de espalda<\/strong>: Las lesiones de espalda, incluyendo hernias discales y fracturas, pueden ser el resultado de movimientos bruscos. Estas lesiones pueden provocar dolor cr\u00f3nico si no se tratan.<\/li>\n<li><strong>Lesiones en las extremidades<\/strong>: Los accidentes pueden causar fracturas, esguinces y otras lesiones en brazos y piernas. La atenci\u00f3n m\u00e9dica inmediata puede ayudar a una recuperaci\u00f3n m\u00e1s r\u00e1pida.<\/li>\n<li><strong>Lesiones de tejidos blandos<\/strong>: Los tendones, ligamentos y m\u00fasculos suelen resultar da\u00f1ados en los accidentes. Las lesiones de tejidos blandos pueden provocar problemas a largo plazo si no se tratan adecuadamente.<\/li>\n<\/ul>\n<h2>Ventajas de la atenci\u00f3n m\u00e9dica inmediata<\/h2>\n<p><img decoding=\"async\" class=\"alignnone wp-image-3463 size-full\" src=\"https:\/\/www.apexosn.com\/wp-content\/uploads\/2024\/05\/shutterstock_339529865-min.jpg\" alt=\"Workplace Accident Doctor\" width=\"500\" height=\"351\" srcset=\"https:\/\/www.apexosn.com\/wp-content\/uploads\/2024\/05\/shutterstock_339529865-min.jpg 500w, https:\/\/www.apexosn.com\/wp-content\/uploads\/2024\/05\/shutterstock_339529865-min-300x211.jpg 300w\" sizes=\"(max-width: 500px) 100vw, 500px\" \/><\/p>\n<p>La atenci\u00f3n m\u00e9dica oportuna despu\u00e9s de un accidente de Uber tiene numerosos beneficios:<\/p>\n<h3>Prevenir complicaciones posteriores<\/h3>\n<p>El tratamiento oportuno puede detener la progresi\u00f3n de las lesiones, reduciendo el riesgo de afecciones cr\u00f3nicas.<\/p>\n<h3>Detectar lesiones tard\u00edas<\/h3>\n<p>Las evaluaciones m\u00e9dicas tempranas pueden identificar lesiones que pueden no presentar s\u00edntomas inmediatos, como hemorragias internas o latigazo cervical.<\/p>\n<h3>Refuerce su reclamaci\u00f3n al seguro<\/h3>\n<p>Los historiales m\u00e9dicos documentados sirven como prueba para las reclamaciones de seguros, apoyando su necesidad de compensaci\u00f3n.<\/p>\n<h3>Evite dolores a largo plazo<\/h3>\n<p>Una intervenci\u00f3n temprana minimiza el riesgo de dolor e incapacidad a largo plazo, garantizando una mejor calidad de vida tras el accidente.<\/p>\n<h2>Qu\u00e9 esperar de nuestros servicios<\/h2>\n<p>En Apex Orthopaedics Spine &amp; Neurology, ofrecemos una atenci\u00f3n integral adaptada a sus necesidades espec\u00edficas. Esto es lo que puede esperar:<\/p>\n<p><strong>Evaluaci\u00f3n exhaustiva<\/strong>: Nuestro equipo lleva a cabo evaluaciones detalladas, incluyendo ex\u00e1menes f\u00edsicos y pruebas de imagen, para identificar todas las lesiones potenciales.<\/p>\n<p><strong>Planes de tratamiento personalizados<\/strong>: Dise\u00f1amos planes de tratamiento espec\u00edficos para las condiciones de cada paciente, incluyendo medicaci\u00f3n, fisioterapia e intervenciones quir\u00fargicas si es necesario.<\/p>\n<p><strong>Documentaci\u00f3n m\u00e9dica<\/strong>: Mantenemos registros m\u00e9dicos precisos que pueden ser utilizados para fines legales y de seguros.<\/p>\n<p><strong>Apoyo durante la recuperaci\u00f3n<\/strong>: Desde el tratamiento inicial hasta las citas de seguimiento, nos comprometemos a apoyarle durante todo el proceso de recuperaci\u00f3n.<\/p>\n<p><strong>Tecnolog\u00eda avanzada<\/strong>: Nuestras instalaciones incorporan tecnolog\u00eda de vanguardia para proporcionar el m\u00e1s alto nivel de atenci\u00f3n, incluyendo radiograf\u00edas digitales y resonancias magn\u00e9ticas.<\/p>\n<h2>Apoyo legal y financiero<\/h2>\n<p>Adem\u00e1s de la atenci\u00f3n m\u00e9dica, tenga en cuenta estos pasos para proteger sus intereses financieros y legales:<\/p>\n<p><strong>Consulte con un abogado<\/strong>: Un experto legal puede ayudarle a conocer sus derechos y a reclamar una indemnizaci\u00f3n por gastos m\u00e9dicos, salarios perdidos y otros da\u00f1os.<\/p>\n<p><strong>Presente una reclamaci\u00f3n al seguro<\/strong>: Notifique el accidente a su compa\u00f1\u00eda de seguros y facilite toda la documentaci\u00f3n necesaria, incluidos los historiales m\u00e9dicos de nuestro centro.<\/p>\n<p><strong>Mantenga registros detallados<\/strong>: Mantenga un registro personal de citas m\u00e9dicas, tratamientos y cualquier gasto relacionado. Esto puede ser \u00fatil durante los procedimientos legales y reclamaciones de seguros.<\/p>\n<h2>Tipos de tratamientos que ofrecemos<\/h2>\n<p>Nuestra cl\u00ednica ofrece una serie de tratamientos para tratar las diversas lesiones derivadas de los accidentes de Uber:<\/p>\n<h3>Manejo de Medicamentos<\/h3>\n<p>Se prescriben analg\u00e9sicos y antiinflamatorios para controlar el dolor y reducir la inflamaci\u00f3n.<\/p>\n<h3>Fisioterapia<\/h3>\n<p>Programas de ejercicios personalizados dise\u00f1ados para mejorar la fuerza, la flexibilidad y la amplitud de movimiento.<\/p>\n<h3>Inyecciones<\/h3>\n<p>Inyecciones de corticosteroides dirigidas a zonas espec\u00edficas para reducir el dolor y la inflamaci\u00f3n.<\/p>\n<h3>Intervenciones quir\u00fargicas<\/h3>\n<p>En casos graves, se realizan intervenciones quir\u00fargicas para reparar fracturas, da\u00f1os articulares y otras lesiones graves.<\/p>\n<h3>Programas de rehabilitaci\u00f3n<\/h3>\n<p>Rehabilitaci\u00f3n integral para restablecer la funci\u00f3n y la movilidad mediante programas adaptados a las necesidades espec\u00edficas de cada paciente.<\/p>\n<h2>Medidas preventivas tras un accidente<\/h2>\n<p>Prevenir nuevas lesiones y garantizar una r\u00e1pida recuperaci\u00f3n implica varios pasos:<\/p>\n<h3>Cumpla los planes de tratamiento<\/h3>\n<p>Siga atentamente las recomendaciones de su m\u00e9dico, incluidos los horarios de medicaci\u00f3n y las rutinas de fisioterapia.<\/p>\n<h3>Controles peri\u00f3dicos<\/h3>\n<p>Las revisiones peri\u00f3dicas con el m\u00e9dico garantizan que la recuperaci\u00f3n progresa seg\u00fan lo previsto y permiten ajustar el tratamiento si es necesario.<\/p>\n<h3>Ajustes del estilo de vida<\/h3>\n<p>Incorpore opciones de estilo de vida m\u00e1s saludables, como una dieta equilibrada y ejercicio adecuado, para favorecer la recuperaci\u00f3n general.<\/p>\n<h2>Por qu\u00e9 elegir Apex Orthopaedics Spine &amp; Neurology<\/h2>\n<p>La elecci\u00f3n del proveedor de atenci\u00f3n m\u00e9dica adecuado es vital para la recuperaci\u00f3n de un accidente de Uber. He aqu\u00ed por qu\u00e9 deber\u00eda elegirnos:<\/p>\n<h3>Profesionales con experiencia<\/h3>\n<p>Nuestro equipo est\u00e1 formado por especialistas con amplia experiencia en el tratamiento de lesiones relacionadas con accidentes.<\/p>\n<h3>Atenci\u00f3n integral<\/h3>\n<p>Ofrecemos una gama completa de servicios, desde el diagn\u00f3stico hasta la rehabilitaci\u00f3n, asegurando que todos los aspectos de su recuperaci\u00f3n est\u00e9n cubiertos.<\/p>\n<h3>Enfoque centrado en el paciente<\/h3>\n<p>Damos prioridad a su comodidad y bienestar, empleando un enfoque centrado en el paciente en todos nuestros tratamientos.<\/p>\n<h3>Instalaciones avanzadas<\/h3>\n<p>Nuestra cl\u00ednica est\u00e1 equipada con la \u00faltima tecnolog\u00eda m\u00e9dica para ofrecer diagn\u00f3sticos precisos y tratamientos eficaces.<\/p>\n<h3>Apoyo dedicado<\/h3>\n<p>Desde el momento en que se ponga en contacto con nosotros, recibir\u00e1 un apoyo especializado que le guiar\u00e1 a lo largo de su tratamiento y recuperaci\u00f3n.<\/p>\n<h2>Testimonios<\/h2>\n<p>Muchos pacientes han encontrado alivio y recuperaci\u00f3n gracias a nuestros servicios. Esto es lo que algunos de ellos tienen que decir:<\/p>\n<p>\u00abTuve un accidente con un Uber y sufr\u00ed varias lesiones. Apex Orthopaedics Spine &amp; Neurology me proporcion\u00f3 una atenci\u00f3n excepcional y ahora estoy totalmente recuperada.\u00bb &#8211; Jane D.<\/p>\n<p>\u00abEl personal de Apex es atento y profesional. Me ayudaron en cada paso de mi recuperaci\u00f3n despu\u00e9s de un accidente de Uber.\u00bb &#8211; Michael S.<br \/>\n\u00abRecomiendo encarecidamente Apex Orthopaedics Spine &amp; Neurology para cualquier persona involucrada en un accidente automovil\u00edstico. Su enfoque integral hizo toda la diferencia en mi recuperaci\u00f3n.\u00bb &#8211; Sarah L.<\/p>\n<h2>Concierte una cita hoy mismo<\/h2>\n<p><img decoding=\"async\" class=\"alignnone wp-image-1816\" src=\"https:\/\/www.apexosn.com\/wp-content\/uploads\/2020\/12\/Apex-Doctors.png\" alt=\"high point apex doctors\" width=\"500\" height=\"241\" srcset=\"https:\/\/www.apexosn.com\/wp-content\/uploads\/2020\/12\/Apex-Doctors.png 776w, https:\/\/www.apexosn.com\/wp-content\/uploads\/2020\/12\/Apex-Doctors-300x145.png 300w, https:\/\/www.apexosn.com\/wp-content\/uploads\/2020\/12\/Apex-Doctors-768x370.png 768w\" sizes=\"(max-width: 500px) 100vw, 500px\" \/><\/p>\n<p>No espere para buscar la atenci\u00f3n m\u00e9dica que necesita. P\u00f3ngase en contacto con Apex Orthopaedics Spine &amp; Neurology para programar una consulta y comenzar su viaje hacia la recuperaci\u00f3n. Nuestro equipo est\u00e1 preparado para proporcionarle la atenci\u00f3n y el apoyo que necesita.<br \/>\nLl\u00e1menos al <a href=\"tel:+17044123045\"><i class=\"fa fa-phone-alt\"><\/i>704-412-3045<\/a> para reservar una cita.<\/p>\n<p>Los accidentes de Uber pueden provocar lesiones graves que requieren atenci\u00f3n m\u00e9dica inmediata y completa. En Apex Orthopaedics Spine &amp; Neurology, ofrecemos tratamiento especializado y apoyo para ayudarle a recuperarse eficazmente. Desde evaluaciones exhaustivas hasta planes de tratamiento avanzados y orientaci\u00f3n legal, estamos comprometidos con su recuperaci\u00f3n total.<\/p>\n","protected":false},"excerpt":{"rendered":"<p>Sufrir un accidente con un Uber puede ser una experiencia angustiosa. Si usted ha sido herido en un accidente de este tipo en High Point, la atenci\u00f3n m\u00e9dica inmediata es cr\u00edtica. En Apex Orthopaedics Spine &amp; Neurology, proporcionamos tratamiento especializado para lesiones por accidentes de Uber, asegur\u00e1ndonos de que su camino hacia la recuperaci\u00f3n sea [&hellip;]<\/p>\n","protected":false},"author":25,"featured_media":0,"parent":2733,"menu_order":0,"comment_status":"closed","ping_status":"closed","template":"","meta":{"_acf_changed":false,"footnotes":""},"categories":[],"tags":[],"class_list":["post-4967","page","type-page","status-publish","hentry"],"acf":[],"_links":{"self":[{"href":"https:\/\/www.apexosn.com\/es\/wp-json\/wp\/v2\/pages\/4967","targetHints":{"allow":["GET"]}}],"collection":[{"href":"https:\/\/www.apexosn.com\/es\/wp-json\/wp\/v2\/pages"}],"about":[{"href":"https:\/\/www.apexosn.com\/es\/wp-json\/wp\/v2\/types\/page"}],"author":[{"embeddable":true,"href":"https:\/\/www.apexosn.com\/es\/wp-json\/wp\/v2\/users\/25"}],"replies":[{"embeddable":true,"href":"https:\/\/www.apexosn.com\/es\/wp-json\/wp\/v2\/comments?post=4967"}],"version-history":[{"count":2,"href":"https:\/\/www.apexosn.com\/es\/wp-json\/wp\/v2\/pages\/4967\/revisions"}],"predecessor-version":[{"id":4969,"href":"https:\/\/www.apexosn.com\/es\/wp-json\/wp\/v2\/pages\/4967\/revisions\/4969"}],"up":[{"embeddable":true,"href":"https:\/\/www.apexosn.com\/es\/wp-json\/wp\/v2\/pages\/2733"}],"wp:attachment":[{"href":"https:\/\/www.apexosn.com\/es\/wp-json\/wp\/v2\/media?parent=4967"}],"wp:term":[{"taxonomy":"category","embeddable":true,"href":"https:\/\/www.apexosn.com\/es\/wp-json\/wp\/v2\/categories?post=4967"},{"taxonomy":"post_tag","embeddable":true,"href":"https:\/\/www.apexosn.com\/es\/wp-json\/wp\/v2\/tags?post=4967"}],"curies":[{"name":"wp","href":"https:\/\/api.w.org\/{rel}","templated":true}]}}