{"id":4955,"date":"2024-05-19T17:39:43","date_gmt":"2024-05-19T22:39:43","guid":{"rendered":"https:\/\/www.apexosn.com\/high-point-nc\/tratamiento-de-accidentes-de-peatones-en-high-point\/"},"modified":"2024-05-25T08:35:03","modified_gmt":"2024-05-25T13:35:03","slug":"tratamiento-de-accidentes-de-peatones-en-high-point","status":"publish","type":"page","link":"https:\/\/www.apexosn.com\/es\/high-point-nc\/tratamiento-de-accidentes-de-peatones-en-high-point\/","title":{"rendered":"Tratamiento de accidentes de peatones en High Point"},"content":{"rendered":"<p>Estar involucrado en un accidente peatonal puede ser una experiencia aterradora y abrumadora. En una zona bulliciosa como High Point, con su creciente poblaci\u00f3n y el tr\u00e1fico pesado, los accidentes de peatones por desgracia ocurren con demasiada frecuencia. Si usted ha sido golpeado por un veh\u00edculo mientras caminaba, la b\u00fasqueda de atenci\u00f3n m\u00e9dica inmediata es crucial, independientemente de la gravedad de sus lesiones.<\/p>\n<p>En Apex Orthopaedics Spine &amp; Neurology, nuestro equipo especializado de profesionales sanitarios est\u00e1 aqu\u00ed para ayudarle a recuperarse de un accidente de peat\u00f3n y a volver a ponerse en pie. P\u00f3ngase en contacto con nosotros hoy mismo para programar una consulta. Comprendemos el coste f\u00edsico y emocional de este tipo de accidentes y nos comprometemos a proporcionarle una atenci\u00f3n compasiva e integral para guiarle a lo largo del proceso de curaci\u00f3n. Ll\u00e1menos al <a href=\"tel:+17044123045\"><i class=\"fa fa-phone-alt\"><\/i>704-412-3045<\/a> para obtener m\u00e1s informaci\u00f3n.<\/p>\n\t\t<div data-elementor-type=\"section\" data-elementor-id=\"208\" class=\"elementor elementor-208\" data-elementor-post-type=\"elementor_library\">\n\t\t\t\t\t<section class=\"elementor-section elementor-top-section elementor-element elementor-element-485e576a elementor-section-boxed elementor-section-height-default elementor-section-height-default\" data-id=\"485e576a\" data-element_type=\"section\" data-e-type=\"section\">\n\t\t\t\t\t\t<div class=\"elementor-container elementor-column-gap-default\">\n\t\t\t\t\t<div class=\"elementor-column elementor-col-100 elementor-top-column elementor-element elementor-element-635c38c0\" data-id=\"635c38c0\" data-element_type=\"column\" data-e-type=\"column\">\n\t\t\t<div class=\"elementor-widget-wrap elementor-element-populated\">\n\t\t\t\t\t\t<div class=\"elementor-element elementor-element-3ba95c8a elementor-toc--minimized-on-tablet elementor-widget elementor-widget-table-of-contents\" data-id=\"3ba95c8a\" data-element_type=\"widget\" data-e-type=\"widget\" data-settings=\"{&quot;exclude_headings_by_selector&quot;:&quot;.toc-remove&quot;,&quot;headings_by_tags&quot;:[&quot;h2&quot;,&quot;h3&quot;],&quot;marker_view&quot;:&quot;numbers&quot;,&quot;no_headings_message&quot;:&quot;No headings were found on this page.&quot;,&quot;minimize_box&quot;:&quot;yes&quot;,&quot;minimized_on&quot;:&quot;tablet&quot;,&quot;hierarchical_view&quot;:&quot;yes&quot;,&quot;min_height&quot;:{&quot;unit&quot;:&quot;px&quot;,&quot;size&quot;:&quot;&quot;,&quot;sizes&quot;:[]},&quot;min_height_laptop&quot;:{&quot;unit&quot;:&quot;px&quot;,&quot;size&quot;:&quot;&quot;,&quot;sizes&quot;:[]},&quot;min_height_tablet&quot;:{&quot;unit&quot;:&quot;px&quot;,&quot;size&quot;:&quot;&quot;,&quot;sizes&quot;:[]},&quot;min_height_mobile&quot;:{&quot;unit&quot;:&quot;px&quot;,&quot;size&quot;:&quot;&quot;,&quot;sizes&quot;:[]}}\" data-widget_type=\"table-of-contents.default\">\n\t\t\t\t\t\t\t\t\t<div class=\"elementor-toc__header\">\n\t\t\t\t\t\t<div class=\"elementor-toc__header-title\">\n\t\t\t\tTable of Contents\t\t\t<\/div>\n\t\t\t\t\t\t\t\t\t\t<div class=\"elementor-toc__toggle-button elementor-toc__toggle-button--expand\" role=\"button\" tabindex=\"0\" aria-controls=\"elementor-toc__3ba95c8a\" aria-expanded=\"true\" aria-label=\"Open table of contents\"><svg aria-hidden=\"true\" class=\"e-font-icon-svg e-fas-chevron-down\" viewBox=\"0 0 448 512\" xmlns=\"http:\/\/www.w3.org\/2000\/svg\"><path d=\"M207.029 381.476L12.686 187.132c-9.373-9.373-9.373-24.569 0-33.941l22.667-22.667c9.357-9.357 24.522-9.375 33.901-.04L224 284.505l154.745-154.021c9.379-9.335 24.544-9.317 33.901.04l22.667 22.667c9.373 9.373 9.373 24.569 0 33.941L240.971 381.476c-9.373 9.372-24.569 9.372-33.942 0z\"><\/path><\/svg><\/div>\n\t\t\t\t<div class=\"elementor-toc__toggle-button elementor-toc__toggle-button--collapse\" role=\"button\" tabindex=\"0\" aria-controls=\"elementor-toc__3ba95c8a\" aria-expanded=\"true\" aria-label=\"Close table of contents\"><svg aria-hidden=\"true\" class=\"e-font-icon-svg e-fas-chevron-up\" viewBox=\"0 0 448 512\" xmlns=\"http:\/\/www.w3.org\/2000\/svg\"><path d=\"M240.971 130.524l194.343 194.343c9.373 9.373 9.373 24.569 0 33.941l-22.667 22.667c-9.357 9.357-24.522 9.375-33.901.04L224 227.495 69.255 381.516c-9.379 9.335-24.544 9.317-33.901-.04l-22.667-22.667c-9.373-9.373-9.373-24.569 0-33.941L207.03 130.525c9.372-9.373 24.568-9.373 33.941-.001z\"><\/path><\/svg><\/div>\n\t\t\t\t\t<\/div>\n\t\t\t\t<div id=\"elementor-toc__3ba95c8a\" class=\"elementor-toc__body\">\n\t\t\t<div class=\"elementor-toc__spinner-container\">\n\t\t\t\t<svg class=\"elementor-toc__spinner eicon-animation-spin e-font-icon-svg e-eicon-loading\" aria-hidden=\"true\" viewBox=\"0 0 1000 1000\" xmlns=\"http:\/\/www.w3.org\/2000\/svg\"><path d=\"M500 975V858C696 858 858 696 858 500S696 142 500 142 142 304 142 500H25C25 237 238 25 500 25S975 237 975 500 763 975 500 975Z\"><\/path><\/svg>\t\t\t<\/div>\n\t\t<\/div>\n\t\t\t\t\t\t<\/div>\n\t\t\t\t\t<\/div>\n\t\t<\/div>\n\t\t\t\t\t<\/div>\n\t\t<\/section>\n\t\t\t\t<\/div>\n\t\t\n<h2>Estad\u00edsticas de accidentes de peatones en High Point<\/h2>\n<p>Los datos procedentes de diversas fuentes ponen de manifiesto serias preocupaciones sobre la seguridad de los peatones en High Point. En los \u00faltimos a\u00f1os, los accidentes y las muertes de peatones han sido problemas importantes. Los informes muestran que High Point tiene una preocupante tasa de accidentes peatonales, lo que supone un riesgo para la comunidad.<\/p>\n<p>Las tendencias nacionales tambi\u00e9n indican un aumento de los accidentes mortales de peatones, con estimaciones que sugieren un aumento de las muertes. Estas estad\u00edsticas subrayan la necesidad de una mayor concienciaci\u00f3n sobre la seguridad de los peatones y destacan la importancia de que todos los usuarios de la v\u00eda p\u00fablica -conductores, ciclistas y peatones- compartan la responsabilidad de mantener seguras nuestras calles.<\/p>\n<h2>Pasos a seguir si se ve implicado en un accidente de peat\u00f3n<\/h2>\n<p>Las consecuencias inmediatas de un accidente de peat\u00f3n pueden ser confusas y estresantes. Tomar estas medidas puede ayudarle a proteger su salud y sus derechos legales:<\/p>\n<h3>Busque atenci\u00f3n m\u00e9dica inmediata<\/h3>\n<p>Este es el paso m\u00e1s importante. Aunque te encuentres bien, la adrenalina puede enmascarar lesiones como hemorragias internas o traumatismos craneoencef\u00e1licos. Llame al 911 o acuda al servicio de urgencias m\u00e1s cercano para que le hagan una evaluaci\u00f3n m\u00e9dica completa. Informe al personal m\u00e9dico que usted estuvo implicado en un accidente peatonal y describa cualquier dolor o malestar.<\/p>\n<p>En Apex Orthopaedics Spine &amp; Neurology, damos prioridad a la importancia de una r\u00e1pida atenci\u00f3n m\u00e9dica tras un accidente de peat\u00f3n. Nuestros profesionales sanitarios cualificados est\u00e1n equipados para diagnosticar y tratar una serie de lesiones, desde esguinces leves hasta fracturas complejas y problemas neurol\u00f3gicos.<\/p>\n<h3>P\u00f3ngase en contacto con la polic\u00eda y presente un parte de accidente<\/h3>\n<p>Denunciar el accidente a la polic\u00eda es crucial. La polic\u00eda documentar\u00e1 el lugar del accidente, incluidas las condiciones meteorol\u00f3gicas, las se\u00f1ales de tr\u00e1fico y las declaraciones de los testigos. Este informe sirve como prueba vital para el seguro y para posibles reclamaciones legales. Sea objetivo y objetivo al describir los hechos.<\/p>\n<h3>Re\u00fana informaci\u00f3n y documente el lugar de los hechos<\/h3>\n<p>Si puedes hacerlo sin peligro, recopila toda la informaci\u00f3n posible sobre el accidente. Intercambia datos de contacto y del seguro con el conductor, incluyendo su nombre, n\u00famero de matr\u00edcula, datos del veh\u00edculo e informaci\u00f3n del seguro. Anota la marca, el modelo y el color del veh\u00edculo. Si hay testigos, intenta obtener su informaci\u00f3n de contacto.<\/p>\n<p>Haz fotos del lugar de los hechos, captando los da\u00f1os del veh\u00edculo, las marcas de derrape, las se\u00f1ales de tr\u00e1fico y tus lesiones. Esta documentaci\u00f3n visual puede ser muy valiosa m\u00e1s adelante.<\/p>\n<h3>Consulte a un abogado especializado en accidentes de peatones<\/h3>\n<p>Considere la posibilidad de buscar asesoramiento legal de un abogado con experiencia en casos de accidentes de peatones. Un abogado puede asesorarle sobre sus derechos legales, gestionar el proceso de reclamaci\u00f3n al seguro y reclamar una indemnizaci\u00f3n por gastos m\u00e9dicos, p\u00e9rdida de salarios y dolor y sufrimiento. Aseg\u00farese de que se siente c\u00f3modo con el enfoque y el estilo de comunicaci\u00f3n del abogado.<\/p>\n<h3>Lleve un registro detallado<\/h3>\n<p>A lo largo de su recuperaci\u00f3n, lleve un registro de todas las facturas m\u00e9dicas, los gastos relacionados con el accidente (medicaci\u00f3n, transporte, equipo m\u00e9dico) y las comunicaciones con las compa\u00f1\u00edas de seguros o los representantes legales. Organice estos documentos para poder consultarlos f\u00e1cilmente. Los registros detallados son cruciales a la hora de tratar con el seguro y posibles reclamaciones legales.<\/p>\n<p><a href=\"https:\/\/www.apexosn.com\/wp-content\/uploads\/2024\/05\/shutterstock_2178948137.jpg\"><img fetchpriority=\"high\" decoding=\"async\" class=\"alignnone size-full wp-image-4217\" src=\"https:\/\/www.apexosn.com\/wp-content\/uploads\/2024\/05\/shutterstock_2178948137.jpg\" alt=\"accidente de peat\u00f3n\" width=\"500\" height=\"334\" srcset=\"https:\/\/www.apexosn.com\/wp-content\/uploads\/2024\/05\/shutterstock_2178948137.jpg 500w, https:\/\/www.apexosn.com\/wp-content\/uploads\/2024\/05\/shutterstock_2178948137-300x200.jpg 300w\" sizes=\"(max-width: 500px) 100vw, 500px\" \/><\/a><\/p>\n<h2>Lesiones comunes en accidentes de peatones<\/h2>\n<p>La fuerza de un accidente de peat\u00f3n puede variar significativamente en funci\u00f3n de la velocidad del veh\u00edculo, el punto de impacto y la posici\u00f3n del peat\u00f3n. Estos factores conducen a diversas lesiones potenciales que afectan a diferentes partes del cuerpo.<\/p>\n<h3>Lesiones de tejidos blandos<\/h3>\n<p>Las lesiones de tejidos blandos son frecuentes en los accidentes de peatones, a menudo como consecuencia de ca\u00eddas o impactos. Estas lesiones incluyen esguinces (estiramiento excesivo o desgarro de ligamentos), distensiones (desgarros musculares) y contusiones (hematomas). Su gravedad puede variar desde molestias leves hasta dolor importante y movilidad limitada. El tratamiento suele consistir en reposo, hielo, compresi\u00f3n, elevaci\u00f3n (RICE), analg\u00e9sicos y fisioterapia.<\/p>\n<h3>Fracturas \u00f3seas<\/h3>\n<p>Las fracturas se producen con frecuencia debido al impacto de un veh\u00edculo, sobre todo en brazos, piernas, costillas, pelvis y huesos faciales. La gravedad var\u00eda desde fisuras leves, tratadas con una escayola o f\u00e9rula, hasta fracturas complicadas que requieren cirug\u00eda para realinear los fragmentos \u00f3seos. El tiempo de recuperaci\u00f3n depende del hueso y de la gravedad de la fractura.<\/p>\n<h3>Lesiones en la cabeza<\/h3>\n<p>Las lesiones en la cabeza son una de las principales preocupaciones en los accidentes de peatones, especialmente cuando la cabeza golpea una superficie dura o el veh\u00edculo. Estas lesiones van desde conmociones cerebrales leves a lesiones cerebrales graves, que provocan s\u00edntomas como dolores de cabeza, mareos, n\u00e1useas y dificultades de concentraci\u00f3n. El diagn\u00f3stico y tratamiento precoces son cruciales para minimizar los efectos a largo plazo.<\/p>\n<h3>Lesiones de columna<\/h3>\n<p>La columna vertebral puede sufrir da\u00f1os importantes en un accidente de peat\u00f3n, lo que puede provocar una par\u00e1lisis parcial o total. La gravedad depende de la localizaci\u00f3n y el alcance de la lesi\u00f3n. Las lesiones de la columna vertebral requieren una amplia atenci\u00f3n m\u00e9dica, rehabilitaci\u00f3n y apoyo continuo para las personas afectadas.<\/p>\n<h3>Lesiones internas<\/h3>\n<p>Los accidentes de peatones pueden causar lesiones internas, como hemorragias abdominales o da\u00f1os en \u00f3rganos internos como el bazo o el h\u00edgado. Los s\u00edntomas pueden desarrollarse gradualmente, incluyendo dolor abdominal intenso, mareos o dificultad para respirar. Una r\u00e1pida evaluaci\u00f3n m\u00e9dica es esencial para diagnosticar y tratar las lesiones internas.<\/p>\n<h3>Trauma psicol\u00f3gico<\/h3>\n<p>El impacto emocional de un accidente de peat\u00f3n puede ser profundo. Las v\u00edctimas pueden sufrir trastorno de estr\u00e9s postraum\u00e1tico (TEPT), ansiedad o depresi\u00f3n, que se manifiestan en forma de recuerdos, pesadillas o miedo intenso. Buscar ayuda profesional de un terapeuta o consejero es crucial para afrontar estos retos.<\/p>\n<p><a href=\"https:\/\/www.apexosn.com\/wp-content\/uploads\/2024\/05\/shutterstock_2094108817.jpg\"><img decoding=\"async\" class=\"alignnone size-full wp-image-4219\" src=\"https:\/\/www.apexosn.com\/wp-content\/uploads\/2024\/05\/shutterstock_2094108817.jpg\" alt=\"head injury \" width=\"500\" height=\"334\" srcset=\"https:\/\/www.apexosn.com\/wp-content\/uploads\/2024\/05\/shutterstock_2094108817.jpg 500w, https:\/\/www.apexosn.com\/wp-content\/uploads\/2024\/05\/shutterstock_2094108817-300x200.jpg 300w\" sizes=\"(max-width: 500px) 100vw, 500px\" \/><\/a><\/p>\n<h2>C\u00f3mo recuperarse de un accidente de peat\u00f3n<\/h2>\n<p>Los accidentes de peatones pueden cambiar la vida. Las lesiones f\u00edsicas y emocionales tardan en curarse. En Apex Orthopaedics Spine &amp; Neurology, entendemos sus retos y estamos aqu\u00ed para apoyar su recuperaci\u00f3n.<\/p>\n<h3>Tratamiento del dolor<\/h3>\n<p>Empleamos varias estrategias de tratamiento del dolor, incluyendo medicaci\u00f3n, fisioterapia e inyecciones, para reducir el dolor y promover la curaci\u00f3n.<\/p>\n<h3>Fisioterapia<\/h3>\n<p>Nuestros especialistas en rehabilitaci\u00f3n crean programas de fisioterapia personalizados para mejorar la movilidad, la fuerza y la funcionalidad.<\/p>\n<h3>Cuidados neurol\u00f3gicos<\/h3>\n<p>Para las lesiones que afectan al sistema nervioso, ofrecemos atenci\u00f3n especializada de neur\u00f3logos para tratar los d\u00e9ficits neurol\u00f3gicos.<\/p>\n<h3>Servicios de salud mental<\/h3>\n<p>Reconociendo la importancia de la salud mental, le ponemos en contacto con terapeutas cualificados para abordar los retos emocionales tras el accidente.<\/p>\n<h2>P\u00f3ngase en contacto con Apex Orthopaedics Spine &amp; Neurology<\/h2>\n<p>No dude en buscar atenci\u00f3n m\u00e9dica si se ha lesionado en un accidente con un peat\u00f3n. Llame a Apex Orthopaedics Spine &amp; Neurology al <a href=\"tel:+17044123045\"><i class=\"fa fa-phone-alt\"><\/i>704-412-3045<\/a> para programar una consulta. Estamos comprometidos a ayudarle a recuperarse y vivir una vida plena y activa. Naveguemos juntos por el camino de la recuperaci\u00f3n.<\/p>\n","protected":false},"excerpt":{"rendered":"<p>Estar involucrado en un accidente peatonal puede ser una experiencia aterradora y abrumadora. En una zona bulliciosa como High Point, con su creciente poblaci\u00f3n y el tr\u00e1fico pesado, los accidentes de peatones por desgracia ocurren con demasiada frecuencia. Si usted ha sido golpeado por un veh\u00edculo mientras caminaba, la b\u00fasqueda de atenci\u00f3n m\u00e9dica inmediata es [&hellip;]<\/p>\n","protected":false},"author":25,"featured_media":0,"parent":2733,"menu_order":0,"comment_status":"closed","ping_status":"closed","template":"","meta":{"_acf_changed":false,"footnotes":""},"categories":[],"tags":[],"class_list":["post-4955","page","type-page","status-publish","hentry"],"acf":[],"_links":{"self":[{"href":"https:\/\/www.apexosn.com\/es\/wp-json\/wp\/v2\/pages\/4955","targetHints":{"allow":["GET"]}}],"collection":[{"href":"https:\/\/www.apexosn.com\/es\/wp-json\/wp\/v2\/pages"}],"about":[{"href":"https:\/\/www.apexosn.com\/es\/wp-json\/wp\/v2\/types\/page"}],"author":[{"embeddable":true,"href":"https:\/\/www.apexosn.com\/es\/wp-json\/wp\/v2\/users\/25"}],"replies":[{"embeddable":true,"href":"https:\/\/www.apexosn.com\/es\/wp-json\/wp\/v2\/comments?post=4955"}],"version-history":[{"count":2,"href":"https:\/\/www.apexosn.com\/es\/wp-json\/wp\/v2\/pages\/4955\/revisions"}],"predecessor-version":[{"id":4957,"href":"https:\/\/www.apexosn.com\/es\/wp-json\/wp\/v2\/pages\/4955\/revisions\/4957"}],"up":[{"embeddable":true,"href":"https:\/\/www.apexosn.com\/es\/wp-json\/wp\/v2\/pages\/2733"}],"wp:attachment":[{"href":"https:\/\/www.apexosn.com\/es\/wp-json\/wp\/v2\/media?parent=4955"}],"wp:term":[{"taxonomy":"category","embeddable":true,"href":"https:\/\/www.apexosn.com\/es\/wp-json\/wp\/v2\/categories?post=4955"},{"taxonomy":"post_tag","embeddable":true,"href":"https:\/\/www.apexosn.com\/es\/wp-json\/wp\/v2\/tags?post=4955"}],"curies":[{"name":"wp","href":"https:\/\/api.w.org\/{rel}","templated":true}]}}