{"id":4937,"date":"2024-05-23T14:28:09","date_gmt":"2024-05-23T19:28:09","guid":{"rendered":"https:\/\/www.apexosn.com\/high-point-nc\/inyecciones-medicas-high-point\/"},"modified":"2024-05-25T06:22:22","modified_gmt":"2024-05-25T11:22:22","slug":"inyecciones-medicas-high-point","status":"publish","type":"page","link":"https:\/\/www.apexosn.com\/es\/high-point-nc\/inyecciones-medicas-high-point\/","title":{"rendered":"Inyecciones M\u00e9dicas High Point"},"content":{"rendered":"<p>El dolor cr\u00f3nico es implacable e impredecible.<\/p>\n<p>Puede que tenga d\u00edas buenos, pero el dolor suele reaparecer sin previo aviso. Vivir con la incertidumbre de cu\u00e1ndo volver\u00e1 el dolor puede ser incre\u00edblemente frustrante. Afortunadamente, con las inyecciones m\u00e9dicas de High Point de Apex Orthopaedics Spine &amp; Neurology, el alivio est\u00e1 a su alcance.<\/p>\n<p>Las inyecciones para el tratamiento del dolor ofrecen una soluci\u00f3n m\u00ednimamente invasiva que proporciona un alivio eficaz y duradero del dolor. Si usted sufre de dolor cr\u00f3nico debido a diversas lesiones o condiciones, Apex Orthopaedics Spine &amp; Neurology puede ayudarle a alcanzar el alivio que necesita. Llame al <a href=\"tel:+17044123045\"><i class=\"fa fa-phone-alt\"><\/i>704-412-3045<\/a> hoy mismo para hablar con uno de nuestros especialistas o reservar una consulta.<\/p>\n<h2>\u00bfC\u00f3mo se utilizan las inyecciones m\u00e9dicas en el tratamiento del dolor?<\/h2>\n<p>Las inyecciones para aliviar el dolor contienen distintos medicamentos. La mayor\u00eda contienen un esteroide como la cortisona, un anest\u00e9sico local o una combinaci\u00f3n de ambos. Las inyecciones con esteroides suelen utilizarse para aliviar el dolor y la inflamaci\u00f3n a largo plazo. Las inyecciones epidurales de esteroides suelen utilizarse para aliviar el dolor lumbar. Tambi\u00e9n pueden ayudar con el dolor de cuello y espalda superior introduciendo la medicaci\u00f3n en el espacio epidural alrededor de la m\u00e9dula espinal para proporcionar el alivio necesario.<\/p>\n<p>Otro tipo com\u00fan de inyecci\u00f3n para aliviar el dolor es el bloqueo nervioso. Estas inyecciones se utilizan para tratar el dolor agudo interrumpiendo las se\u00f1ales nerviosas que, de otro modo, se registrar\u00edan como dolor al llegar al cerebro. Los bloqueos nerviosos se utilizan normalmente para controlar el dolor de los nervios inflamados, pero tambi\u00e9n pueden ayudar a identificar el origen del malestar.<\/p>\n<p>Estas inyecciones suelen administrarse mediante un procedimiento r\u00e1pido y sencillo. Tras limpiar el lugar de la inyecci\u00f3n, un profesional m\u00e9dico administra un anest\u00e9sico local y utiliza una radiograf\u00eda y un tinte de prueba para se\u00f1alar el lugar exacto de la medicaci\u00f3n. A continuaci\u00f3n, el especialista inyecta el medicamento y cubre la zona con un peque\u00f1o vendaje.<\/p>\n<p>Por lo general, el dolor disminuye poco despu\u00e9s de la inyecci\u00f3n. El n\u00famero de inyecciones necesarias para un alivio duradero var\u00eda de un paciente a otro.<\/p>\n<h2>Afecciones y lesiones tratadas con inyecciones<\/h2>\n<p>Las inyecciones para el control del dolor pueden tratar una amplia gama de afecciones y lesiones que causan dolor cr\u00f3nico. Entre las lesiones m\u00e1s comunes que pueden tratarse con este m\u00e9todo se incluyen las siguientes<\/p>\n<ul>\n<li>Lesiones de espalda: Resultantes de movimientos repetitivos, levantar objetos pesados, accidentes deportivos, torsiones o ca\u00eddas.<\/li>\n<li>Dislocaci\u00f3n o fractura de v\u00e9rtebras<\/li>\n<li>Esguinces cervicales o lumbares<\/li>\n<li>Latigazo cervical<\/li>\n<li>Hernia discal<\/li>\n<li>Distensi\u00f3n muscular<\/li>\n<li>Lesiones por accidente de tr\u00e1fico<\/li>\n<\/ul>\n<p>Adem\u00e1s, las inyecciones tambi\u00e9n pueden utilizarse para tratar afecciones como:<\/p>\n<ul>\n<li><strong>Osteoartritis<\/strong>: Esta afecci\u00f3n se produce cuando el cart\u00edlago que rodea los huesos se desgasta con el tiempo, afectando principalmente a las articulaciones de la columna vertebral, las caderas, las rodillas y las manos.<\/li>\n<li><strong>Radiculopat\u00eda<\/strong>: Pinzamiento doloroso de los nervios causado por lesiones, cambios degenerativos o inflamaci\u00f3n.<\/li>\n<li><strong>Discos degenerativos<\/strong>: Los cambios relacionados con la edad hacen que los discos vertebrales se debiliten y se sequen, provocando dolor de espalda.<\/li>\n<li><strong>Estenosis espinal<\/strong>: El estrechamiento del canal espinal ejerce presi\u00f3n sobre los nervios, causada por espolones \u00f3seos, hernias discales y ligamentos engrosados.<\/li>\n<\/ul>\n<h2><a href=\"https:\/\/www.apexosn.com\/wp-content\/uploads\/2024\/05\/shutterstock_1706174737.jpg\"><img fetchpriority=\"high\" decoding=\"async\" class=\"alignnone size-full wp-image-4815\" src=\"https:\/\/www.apexosn.com\/wp-content\/uploads\/2024\/05\/shutterstock_1706174737.jpg\" alt=\"Medical injections in Rock Hill\" width=\"500\" height=\"334\" srcset=\"https:\/\/www.apexosn.com\/wp-content\/uploads\/2024\/05\/shutterstock_1706174737.jpg 500w, https:\/\/www.apexosn.com\/wp-content\/uploads\/2024\/05\/shutterstock_1706174737-300x200.jpg 300w\" sizes=\"(max-width: 500px) 100vw, 500px\" \/><\/a><\/h2>\n<h2>Inyecciones M\u00e9dicas Disponibles en Apex Orthopaedics Spine &amp; Neurology<\/h2>\n<h3>Inyecciones espinales<\/h3>\n<h4>Ablaci\u00f3n por radiofrecuencia (ARF)<\/h4>\n<p>RFA se utiliza para controlar el dolor cr\u00f3nico en las articulaciones artr\u00edticas, la espalda baja, y el cuello. Este proceso se basa en el calor para destruir el tejido mediante el env\u00edo de ondas de radio a trav\u00e9s de una aguja para calentar una parte del nervio afectado. La destrucci\u00f3n del nervio impide que las se\u00f1ales de dolor lleguen al cerebro. La ARF es beneficiosa para los pacientes cuyo dolor no ha respondido a otros tratamientos o para los que se han sometido con \u00e9xito a una inyecci\u00f3n de bloqueo nervioso, una vez identificado el nervio problem\u00e1tico.<\/p>\n<h4>Inyecciones de bloqueo de la rama medial cervical<\/h4>\n<p>Estas inyecciones tratan el dolor de la articulaci\u00f3n facetaria que puede provocar dolor de hombro, dolores de cabeza relacionados con las articulaciones del cuello y dolor de cuello. Se administra un anest\u00e9sico local cerca de los nervios de la rama medial para bloquear las se\u00f1ales de dolor al cerebro. Este procedimiento puede proporcionar alivio a largo plazo y predecir el \u00e9xito de otros tratamientos como las ablaciones por radiofrecuencia.<\/p>\n<h4>Inyecciones epidurales cervicales<\/h4>\n<p>Estas inyecciones ofrecen un alivio temporal del dolor cervical cr\u00f3nico provocado por la inflamaci\u00f3n e irritaci\u00f3n de las ra\u00edces nerviosas espinales. Entre las causas se incluyen la estenosis espinal cervical, la enfermedad degenerativa discal, las hernias discales y la artrosis. El procedimiento consiste en inyectar antiinflamatorios en el espacio epidural del cuello.<\/p>\n<h4>Inyecciones en la articulaci\u00f3n facetaria tor\u00e1cica<\/h4>\n<p>Las articulaciones facetarias son peque\u00f1as articulaciones entre los huesos vertebrales a lo largo de la columna vertebral, incluida la parte superior de la espalda (t\u00f3rax). La artritis, la tensi\u00f3n mec\u00e1nica y las lesiones pueden afectar a estas articulaciones, provocando dolor cr\u00f3nico en el t\u00f3rax, la parte media de la espalda y, a veces, los brazos. Las inyecciones en la articulaci\u00f3n facetaria tor\u00e1cica alivian el dolor introduciendo una mezcla de anestesia local y corticosteroides.<\/p>\n<h4>Inyecciones epidurales tor\u00e1cicas<\/h4>\n<p>Estas inyecciones proporcionan un alivio temporal que permite a los pacientes realizar fisioterapia y, en algunos casos, evitar la cirug\u00eda. La medicaci\u00f3n trata el dolor en la regi\u00f3n tor\u00e1cica (parte media a superior) de la espalda administr\u00e1ndose en el espacio epidural. Este procedimiento ayuda a tratar el dolor asociado a la estenosis espinal, el s\u00edndrome postquir\u00fargico de la columna tor\u00e1cica y la hernia discal que causa dolor de brazo y espalda.<\/p>\n<h4>Inyecciones en la articulaci\u00f3n facetaria lumbar<\/h4>\n<p>Las articulaciones facetarias lumbares permiten la rotaci\u00f3n en la parte baja de la espalda. La artritis y la artropat\u00eda facetaria son causas t\u00edpicas de dolor en estas articulaciones. Estas inyecciones, tambi\u00e9n llamadas bloqueos de la articulaci\u00f3n facetaria lumbar, consisten en administrar un medicamento anest\u00e9sico en las peque\u00f1as articulaciones afectadas cerca de los huesos vertebrales pr\u00f3ximos a la columna vertebral. El n\u00famero de inyecciones necesarias var\u00eda en funci\u00f3n de las articulaciones afectadas.<\/p>\n<h4>Inyecciones epidurales transforaminales lumbares<\/h4>\n<p>El dolor lumbar agravado por la flexi\u00f3n podr\u00eda indicar una inflamaci\u00f3n del disco dural o lumbar. Si el dolor se extiende a las piernas, podr\u00eda apuntar a ra\u00edces nerviosas inflamadas.<br \/>\nEste procedimiento consiste en inyectar corticoides en el espacio epidural de la zona lumbar. La inyecci\u00f3n se realiza en el lado por el que el nervio sale de la columna vertebral para administrar la medicaci\u00f3n cerca de la inflamaci\u00f3n.<\/p>\n<h4>Inyecciones en la articulaci\u00f3n sacroil\u00edaca<\/h4>\n<p>La articulaci\u00f3n sacroil\u00edaca une la pelvis a la columna vertebral. Hay dos articulaciones sacroil\u00edacas, una a cada lado. El dolor de estas articulaciones puede afectar a la cadera, las nalgas o la zona lumbar.<br \/>\nEsta inyecci\u00f3n alivia el dolor administrando medicaci\u00f3n directamente en la articulaci\u00f3n y tambi\u00e9n puede ayudar a diagnosticar el origen del dolor de espalda.<\/p>\n<h4>Inyecciones de plasma rico en plaquetas (PRP) en la columna vertebral<\/h4>\n<p>A diferencia de los otros procedimientos, las inyecciones de PRP no utilizan medicaci\u00f3n convencional. En su lugar, introducen una dosis concentrada de plaquetas y plasma para reducir la inflamaci\u00f3n y mejorar la curaci\u00f3n. Las plaquetas se extraen de la propia sangre del paciente, lo que hace que las inyecciones de PRP sean m\u00e1s seguras para un uso continuado, con menos efectos secundarios y riesgos que los esteroides.<\/p>\n<p><a href=\"https:\/\/www.apexosn.com\/wp-content\/uploads\/2024\/05\/shutterstock_2113565183.jpg\"><img decoding=\"async\" class=\"alignnone size-full wp-image-4817\" src=\"https:\/\/www.apexosn.com\/wp-content\/uploads\/2024\/05\/shutterstock_2113565183.jpg\" alt=\"Medical Injections\" width=\"500\" height=\"334\" srcset=\"https:\/\/www.apexosn.com\/wp-content\/uploads\/2024\/05\/shutterstock_2113565183.jpg 500w, https:\/\/www.apexosn.com\/wp-content\/uploads\/2024\/05\/shutterstock_2113565183-300x200.jpg 300w\" sizes=\"(max-width: 500px) 100vw, 500px\" \/><\/a><\/p>\n<h3>Inyecciones articulares<\/h3>\n<h4>Inyecciones articulares de plasma rico en plaquetas (PRP)<\/h4>\n<p>Estas inyecciones utilizan la sangre del paciente para acelerar la curaci\u00f3n de las articulaciones afectadas mediante la administraci\u00f3n de una mayor concentraci\u00f3n de factores de crecimiento en plasma rico en plaquetas. Los m\u00e9dicos obtienen plasma rico en plaquetas a partir de una muestra de sangre del paciente mediante una centrifugadora y luego lo inyectan en el tend\u00f3n o la articulaci\u00f3n lesionados. Este procedimiento ayuda a la cicatrizaci\u00f3n y alivia el dolor de las lesiones articulares, con resultados que suelen verse en unas semanas. Estas inyecciones se consideran m\u00e1s seguras que los corticosteroides.<\/p>\n<h4>Inyecciones articulares de esteroides<\/h4>\n<p>Si experimenta dolor articular cr\u00f3nico debido a una inflamaci\u00f3n, una inyecci\u00f3n de esteroides podr\u00eda beneficiarle. Estas inyecciones contienen un agente anest\u00e9sico y un corticosteroide. Cuando se inyectan directamente en la zona afectada, reducen la inflamaci\u00f3n y alivian el dolor durante d\u00edas, meses o incluso a\u00f1os. Los tipos de dolor articular que se tratan con estas inyecciones son la degeneraci\u00f3n, las lesiones y la artritis. Los puntos de inyecci\u00f3n habituales son la rodilla, el hombro, la cadera, la articulaci\u00f3n sacroil\u00edaca y las articulaciones facetarias.<\/p>\n<h2>Experimente hoy mismo un alivio eficaz del dolor<\/h2>\n<p>El dolor cr\u00f3nico puede afectar gravemente a su calidad de vida. Si est\u00e1 cansado de los m\u00e9todos ineficaces de alivio del dolor, considere las inyecciones m\u00e9dicas de High Point. Llame al <a href=\"tel:+17044123045\"><i class=\"fa fa-phone-alt\"><\/i>704-412-3045<\/a> para hablar con nuestros expertos en alivio del dolor o concierte una cita en Apex Orthopaedics Spine &amp; Neurology. Todas las frases anteriores se han redactado para garantizar que aporten valor, sin palabrer\u00eda. Cada frase es concisa, pr\u00e1ctica y se centra en informar al lector sobre las capacidades de Apex Orthopaedics Spine &amp; Neurology para tratar eficazmente el dolor mediante inyecciones m\u00e9dicas.<\/p>\n","protected":false},"excerpt":{"rendered":"<p>El dolor cr\u00f3nico es implacable e impredecible. Puede que tenga d\u00edas buenos, pero el dolor suele reaparecer sin previo aviso. Vivir con la incertidumbre de cu\u00e1ndo volver\u00e1 el dolor puede ser incre\u00edblemente frustrante. Afortunadamente, con las inyecciones m\u00e9dicas de High Point de Apex Orthopaedics Spine &amp; Neurology, el alivio est\u00e1 a su alcance. Las inyecciones [&hellip;]<\/p>\n","protected":false},"author":25,"featured_media":0,"parent":2733,"menu_order":0,"comment_status":"closed","ping_status":"closed","template":"","meta":{"_acf_changed":false,"footnotes":""},"categories":[],"tags":[],"class_list":["post-4937","page","type-page","status-publish","hentry"],"acf":[],"_links":{"self":[{"href":"https:\/\/www.apexosn.com\/es\/wp-json\/wp\/v2\/pages\/4937","targetHints":{"allow":["GET"]}}],"collection":[{"href":"https:\/\/www.apexosn.com\/es\/wp-json\/wp\/v2\/pages"}],"about":[{"href":"https:\/\/www.apexosn.com\/es\/wp-json\/wp\/v2\/types\/page"}],"author":[{"embeddable":true,"href":"https:\/\/www.apexosn.com\/es\/wp-json\/wp\/v2\/users\/25"}],"replies":[{"embeddable":true,"href":"https:\/\/www.apexosn.com\/es\/wp-json\/wp\/v2\/comments?post=4937"}],"version-history":[{"count":2,"href":"https:\/\/www.apexosn.com\/es\/wp-json\/wp\/v2\/pages\/4937\/revisions"}],"predecessor-version":[{"id":4939,"href":"https:\/\/www.apexosn.com\/es\/wp-json\/wp\/v2\/pages\/4937\/revisions\/4939"}],"up":[{"embeddable":true,"href":"https:\/\/www.apexosn.com\/es\/wp-json\/wp\/v2\/pages\/2733"}],"wp:attachment":[{"href":"https:\/\/www.apexosn.com\/es\/wp-json\/wp\/v2\/media?parent=4937"}],"wp:term":[{"taxonomy":"category","embeddable":true,"href":"https:\/\/www.apexosn.com\/es\/wp-json\/wp\/v2\/categories?post=4937"},{"taxonomy":"post_tag","embeddable":true,"href":"https:\/\/www.apexosn.com\/es\/wp-json\/wp\/v2\/tags?post=4937"}],"curies":[{"name":"wp","href":"https:\/\/api.w.org\/{rel}","templated":true}]}}