{"id":4934,"date":"2024-05-19T17:22:58","date_gmt":"2024-05-19T22:22:58","guid":{"rendered":"https:\/\/www.apexosn.com\/high-point-nc\/clinica-medica-de-high-point\/"},"modified":"2024-05-25T06:14:09","modified_gmt":"2024-05-25T11:14:09","slug":"clinica-medica-de-high-point","status":"publish","type":"page","link":"https:\/\/www.apexosn.com\/es\/high-point-nc\/clinica-medica-de-high-point\/","title":{"rendered":"Cl\u00ednica M\u00e9dica de High Point"},"content":{"rendered":"<p>Enfrentarse a una lesi\u00f3n es duro, ya sea repentina, relacionada con el deporte o simplemente porque el cuerpo protesta. El dolor y las restricciones pueden afectar profundamente a su vida. En la cl\u00ednica m\u00e9dica Apex Orthopaedics Spine &amp; Neurology, comprendemos sus dificultades. Hemos ayudado a muchas personas que se enfrentan a problemas similares, as\u00ed que sabemos lo dif\u00edcil que puede ser.<\/p>\n<p>Lo que nos distingue es nuestro enfoque colaborativo. Nuestros especialistas -cirujanos ortop\u00e9dicos, neur\u00f3logos, expertos en el tratamiento del dolor, fisioterapeutas, terapeutas ocupacionales y profesionales de la salud mental- trabajan juntos para abordar todos los aspectos de su recuperaci\u00f3n. Nuestro objetivo no es \u00fanicamente tratar su problema inmediato, sino tambi\u00e9n proporcionarle estrategias de salud a largo plazo. Estamos aqu\u00ed para ayudarle a recuperar su vida.<\/p>\n<p>Elaboramos planes individualizados para cada paciente, teniendo en cuenta sus objetivos personales, estilo de vida y valores junto con los tratamientos y terapias actuales. \u00bfListo para reducir el dolor y hacer m\u00e1s de lo que te gusta? P\u00f3ngase en contacto con nosotros en el <a href=\"tel:+17044123045\"><i class=\"fa fa-phone-alt\"><\/i>704-412-3045<\/a>. Estamos aqu\u00ed para guiarle.<\/p>\n\t\t<div data-elementor-type=\"section\" data-elementor-id=\"208\" class=\"elementor elementor-208\" data-elementor-post-type=\"elementor_library\">\n\t\t\t\t\t<section class=\"elementor-section elementor-top-section elementor-element elementor-element-485e576a elementor-section-boxed elementor-section-height-default elementor-section-height-default\" data-id=\"485e576a\" data-element_type=\"section\" data-e-type=\"section\">\n\t\t\t\t\t\t<div class=\"elementor-container elementor-column-gap-default\">\n\t\t\t\t\t<div class=\"elementor-column elementor-col-100 elementor-top-column elementor-element elementor-element-635c38c0\" data-id=\"635c38c0\" data-element_type=\"column\" data-e-type=\"column\">\n\t\t\t<div class=\"elementor-widget-wrap elementor-element-populated\">\n\t\t\t\t\t\t<div class=\"elementor-element elementor-element-3ba95c8a elementor-toc--minimized-on-tablet elementor-widget elementor-widget-table-of-contents\" data-id=\"3ba95c8a\" data-element_type=\"widget\" data-e-type=\"widget\" data-settings=\"{&quot;exclude_headings_by_selector&quot;:&quot;.toc-remove&quot;,&quot;headings_by_tags&quot;:[&quot;h2&quot;,&quot;h3&quot;],&quot;marker_view&quot;:&quot;numbers&quot;,&quot;no_headings_message&quot;:&quot;No headings were found on this page.&quot;,&quot;minimize_box&quot;:&quot;yes&quot;,&quot;minimized_on&quot;:&quot;tablet&quot;,&quot;hierarchical_view&quot;:&quot;yes&quot;,&quot;min_height&quot;:{&quot;unit&quot;:&quot;px&quot;,&quot;size&quot;:&quot;&quot;,&quot;sizes&quot;:[]},&quot;min_height_laptop&quot;:{&quot;unit&quot;:&quot;px&quot;,&quot;size&quot;:&quot;&quot;,&quot;sizes&quot;:[]},&quot;min_height_tablet&quot;:{&quot;unit&quot;:&quot;px&quot;,&quot;size&quot;:&quot;&quot;,&quot;sizes&quot;:[]},&quot;min_height_mobile&quot;:{&quot;unit&quot;:&quot;px&quot;,&quot;size&quot;:&quot;&quot;,&quot;sizes&quot;:[]}}\" data-widget_type=\"table-of-contents.default\">\n\t\t\t\t\t\t\t\t\t<div class=\"elementor-toc__header\">\n\t\t\t\t\t\t<div class=\"elementor-toc__header-title\">\n\t\t\t\tTable of Contents\t\t\t<\/div>\n\t\t\t\t\t\t\t\t\t\t<div class=\"elementor-toc__toggle-button elementor-toc__toggle-button--expand\" role=\"button\" tabindex=\"0\" aria-controls=\"elementor-toc__3ba95c8a\" aria-expanded=\"true\" aria-label=\"Open table of contents\"><svg aria-hidden=\"true\" class=\"e-font-icon-svg e-fas-chevron-down\" viewBox=\"0 0 448 512\" xmlns=\"http:\/\/www.w3.org\/2000\/svg\"><path d=\"M207.029 381.476L12.686 187.132c-9.373-9.373-9.373-24.569 0-33.941l22.667-22.667c9.357-9.357 24.522-9.375 33.901-.04L224 284.505l154.745-154.021c9.379-9.335 24.544-9.317 33.901.04l22.667 22.667c9.373 9.373 9.373 24.569 0 33.941L240.971 381.476c-9.373 9.372-24.569 9.372-33.942 0z\"><\/path><\/svg><\/div>\n\t\t\t\t<div class=\"elementor-toc__toggle-button elementor-toc__toggle-button--collapse\" role=\"button\" tabindex=\"0\" aria-controls=\"elementor-toc__3ba95c8a\" aria-expanded=\"true\" aria-label=\"Close table of contents\"><svg aria-hidden=\"true\" class=\"e-font-icon-svg e-fas-chevron-up\" viewBox=\"0 0 448 512\" xmlns=\"http:\/\/www.w3.org\/2000\/svg\"><path d=\"M240.971 130.524l194.343 194.343c9.373 9.373 9.373 24.569 0 33.941l-22.667 22.667c-9.357 9.357-24.522 9.375-33.901.04L224 227.495 69.255 381.516c-9.379 9.335-24.544 9.317-33.901-.04l-22.667-22.667c-9.373-9.373-9.373-24.569 0-33.941L207.03 130.525c9.372-9.373 24.568-9.373 33.941-.001z\"><\/path><\/svg><\/div>\n\t\t\t\t\t<\/div>\n\t\t\t\t<div id=\"elementor-toc__3ba95c8a\" class=\"elementor-toc__body\">\n\t\t\t<div class=\"elementor-toc__spinner-container\">\n\t\t\t\t<svg class=\"elementor-toc__spinner eicon-animation-spin e-font-icon-svg e-eicon-loading\" aria-hidden=\"true\" viewBox=\"0 0 1000 1000\" xmlns=\"http:\/\/www.w3.org\/2000\/svg\"><path d=\"M500 975V858C696 858 858 696 858 500S696 142 500 142 142 304 142 500H25C25 237 238 25 500 25S975 237 975 500 763 975 500 975Z\"><\/path><\/svg>\t\t\t<\/div>\n\t\t<\/div>\n\t\t\t\t\t\t<\/div>\n\t\t\t\t\t<\/div>\n\t\t<\/div>\n\t\t\t\t\t<\/div>\n\t\t<\/section>\n\t\t\t\t<\/div>\n\t\t\n<h2>Tratamiento integral<\/h2>\n<p>Las lesiones son duras. Le deprimen, afectan a su mentalidad y complican la vida. En High Point Medical Clinic by Apex Orthopaedics Spine &amp; Neurology, nuestro enfoque va m\u00e1s all\u00e1 de arreglar huesos rotos o aliviar dolores. Reconocemos que las lesiones alteran toda su vida -desde su estado de \u00e1nimo hasta sus actividades diarias- y nuestra misi\u00f3n es ayudarle a recuperar su sentido de s\u00ed mismo. Nuestro equipo integrado trabaja como una unidad bien coordinada.<\/p>\n<p>Cirujanos ortop\u00e9dicos, neur\u00f3logos, especialistas en dolor, terapeutas y otros profesionales colaboran para desarrollar un plan personalizado para usted. Queremos algo m\u00e1s que sus datos m\u00e9dicos; queremos entender sus retos, aspiraciones y sue\u00f1os futuros. Todos estos factores conforman nuestro enfoque de su recuperaci\u00f3n.<\/p>\n<p>Si usted ha estado luchando contra el dolor cr\u00f3nico durante a\u00f1os o recientemente sufri\u00f3 una lesi\u00f3n aguda, el equipo de Apex est\u00e1 listo para escuchar. Combinando tecnolog\u00eda avanzada y tratamientos probados con empat\u00eda y apoyo, nuestro objetivo es ayudarle a volver a vivir su vida plenamente.<\/p>\n<h3>Tratamiento de las lesiones de espalda<\/h3>\n<p>El dolor de espalda persistente puede ser debilitante. Interfiere con las actividades diarias, como levantar a su hijo o disfrutar de una carrera. Cuando es el momento de buscar ayuda, nuestro equipo en Apex se pone personal acerca de su dolor de espalda. Cada caso es \u00fanico, y lo tratamos de esa manera.<\/p>\n<p>Vamos a discutir su historia, realizar un examen a fondo, y puede utilizar t\u00e9cnicas de imagen como rayos X o resonancia magn\u00e9tica para diagnosticar su condici\u00f3n. Esto nos ayuda a identificar la causa ra\u00edz de su dolor con precisi\u00f3n. A continuaci\u00f3n, creamos un plan personalizado para usted. Esto podr\u00eda implicar t\u00e9cnicas de alivio del dolor como los medicamentos disponibles en nuestra cl\u00ednica, inyecciones o procedimientos m\u00ednimamente invasivos. Nuestro objetivo es aliviar su dolor r\u00e1pidamente.<\/p>\n<p>La fisioterapia suele formar parte del plan de recuperaci\u00f3n. Nuestros expertos terapeutas le guiar\u00e1n a trav\u00e9s de ejercicios y estiramientos para fortalecer la espalda y mejorar la movilidad. Si las medidas no invasivas fallan, podr\u00edamos considerar opciones quir\u00fargicas, favoreciendo siempre los m\u00e9todos menos invasivos para una recuperaci\u00f3n m\u00e1s r\u00e1pida.<\/p>\n<h3>Tratamiento de fracturas \u00f3seas<\/h3>\n<p>Un hueso roto requiere atenci\u00f3n urgente. Comprendiendo el estr\u00e9s y la ansiedad que conlleva, actuamos con rapidez para iniciar su recuperaci\u00f3n.<br \/>\nEn primer lugar, utilizaremos t\u00e9cnicas de imagen avanzadas, como radiograf\u00edas y resonancias magn\u00e9ticas, para evaluar los da\u00f1os y determinar el tratamiento adecuado. Tanto si se trata de una fractura sencilla como de algo m\u00e1s complejo, estamos preparados.<\/p>\n<p>El tratamiento puede consistir en inmovilizar el hueso con una escayola o una f\u00e9rula. En las fracturas m\u00e1s graves puede ser necesaria la cirug\u00eda. Nuestros cirujanos son muy expertos y utilizan las \u00faltimas t\u00e9cnicas para minimizar las cicatrices y acelerar la recuperaci\u00f3n.<br \/>\nTras el tratamiento, nuestro equipo de rehabilitaci\u00f3n le ayuda a recuperar la fuerza, la flexibilidad y la amplitud de movimiento, garantizando la plena reincorporaci\u00f3n a sus actividades cotidianas.<\/p>\n<h3>Tratamiento de las lesiones craneales<\/h3>\n<p>Los traumatismos craneoencef\u00e1licos son alarmantes y requieren atenci\u00f3n inmediata. Tanto si se trata de una conmoci\u00f3n cerebral leve como de una lesi\u00f3n cerebral grave, nuestros neur\u00f3logos y neurocirujanos tienen experiencia en el tratamiento de todos los niveles de gravedad.<\/p>\n<p>Comenzamos con una evaluaci\u00f3n exhaustiva, que a menudo incluye im\u00e1genes avanzadas para obtener una comprensi\u00f3n detallada de la lesi\u00f3n. Esto nos permite determinar la gravedad y desarrollar un plan de tratamiento personalizado.<\/p>\n<p>El tratamiento puede incluir medicamentos para controlar el dolor y la inflamaci\u00f3n. En el caso de lesiones m\u00e1s graves, nuestros neurocirujanos est\u00e1n capacitados para realizar intervenciones complejas, como la reparaci\u00f3n de discos da\u00f1ados. Tambi\u00e9n ofrecemos soluciones innovadoras para el tratamiento del dolor, como inyecciones epidurales, para facilitar su recuperaci\u00f3n.<\/p>\n<h3>Tratamiento de lesiones de cadera<\/h3>\n<p>Las lesiones de cadera pueden alterar significativamente la vida diaria, dificultando tareas como caminar o dormir. En Apex, nuestros especialistas ortop\u00e9dicos entienden las complejidades de la articulaci\u00f3n de la cadera y la forma de tratar sus lesiones con eficacia.<\/p>\n<p>Vamos a evaluar su condici\u00f3n a fondo para identificar la causa ra\u00edz de su dolor. El tratamiento puede incluir medicamentos disponibles en nuestra cl\u00ednica, inyecciones o fisioterapia para fortalecer la cadera y mejorar la movilidad.<\/p>\n<p>Para afecciones como la artritis o la tendinitis, podemos sugerir procedimientos m\u00ednimamente invasivos. Si la cirug\u00eda es necesaria, nuestros cirujanos expertos utilizan t\u00e9cnicas avanzadas para garantizar una cicatrizaci\u00f3n m\u00ednima y una r\u00e1pida recuperaci\u00f3n, para que pueda volver a ponerse en pie lo antes posible.<\/p>\n<p><a href=\"https:\/\/www.apexosn.com\/wp-content\/uploads\/2024\/05\/shutterstock_2423980949.jpg\"><img fetchpriority=\"high\" decoding=\"async\" class=\"alignnone size-full wp-image-4274\" src=\"https:\/\/www.apexosn.com\/wp-content\/uploads\/2024\/05\/shutterstock_2423980949.jpg\" alt=\"Shoulder injury at High Point medical clinic\" width=\"500\" height=\"282\" srcset=\"https:\/\/www.apexosn.com\/wp-content\/uploads\/2024\/05\/shutterstock_2423980949.jpg 500w, https:\/\/www.apexosn.com\/wp-content\/uploads\/2024\/05\/shutterstock_2423980949-300x169.jpg 300w\" sizes=\"(max-width: 500px) 100vw, 500px\" \/><\/a><\/p>\n<h3>Tratamiento de lesiones de hombro<\/h3>\n<p>El dolor de hombro puede limitar gravemente sus actividades, ya sea por una lesi\u00f3n antigua, una ca\u00edda reciente o el desgaste diario. Nuestros expertos ortop\u00e9dicos est\u00e1n bien versados en el tratamiento de problemas de hombro como desgarros del manguito rotador, hombro congelado, y la artritis. Vamos a empezar con un examen a fondo, posiblemente incluyendo rayos X o una resonancia magn\u00e9tica, para diagnosticar el problema con precisi\u00f3n. A continuaci\u00f3n, vamos a desarrollar un plan de tratamiento personalizado adaptado a su condici\u00f3n.<\/p>\n<p>Las opciones de tratamiento del dolor incluyen medicaci\u00f3n de nuestro dispensario interno e inyecciones. Nuestros fisioterapeutas trabajar\u00e1n con usted para fortalecer los m\u00fasculos del hombro, mejorar la amplitud de movimiento y restaurar la funcionalidad. Para casos espec\u00edficos, podemos utilizar inyecciones de PRP para acelerar la curaci\u00f3n y reducir la inflamaci\u00f3n. Cirug\u00eda, si es necesario, es manejado por nuestros cirujanos expertos utilizando las \u00faltimas t\u00e9cnicas, asegurando una r\u00e1pida recuperaci\u00f3n y volver a su estilo de vida activo.<\/p>\n<h3>Tratamiento del latigazo cervical<\/h3>\n<p>El latigazo cervical provocado por un accidente de coche o un impacto repentino puede causar molestias importantes. No es algo para ignorar. En Apex OSN, entendemos la gravedad del latigazo cervical y sus posibles efectos a largo plazo.<br \/>\nComenzamos con una evaluaci\u00f3n exhaustiva, revisando su historial m\u00e9dico para descartar lesiones adicionales. Bas\u00e1ndonos en la gravedad de su latigazo cervical, desarrollamos un plan de recuperaci\u00f3n.<\/p>\n<p>Nuestras opciones de tratamiento incluyen analg\u00e9sicos, inyecciones para reducir la inflamaci\u00f3n y fisioterapia para restablecer el movimiento del cuello y los hombros mediante ejercicios espec\u00edficos.<br \/>\nNuestro objetivo es aliviar su dolor y ayudarle a recuperar la funci\u00f3n completa, proporcionando la atenci\u00f3n y el apoyo que necesita para volver a la vida normal.<\/p>\n<h3>Tratamiento de lesiones m\u00ednimamente invasivo<\/h3>\n<p>Damos prioridad a las t\u00e9cnicas m\u00ednimamente invasivas para tratar sus lesiones. Estos m\u00e9todos ofrecen numerosas ventajas sobre la cirug\u00eda abierta tradicional, entre ellas<\/p>\n<p><strong>Incisiones m\u00e1s peque\u00f1as<\/strong>: Lo que resulta en menos cicatrices, un menor riesgo de infecci\u00f3n, y un retorno m\u00e1s r\u00e1pido a las actividades diarias.<br \/>\n<strong>Menos dolor<\/strong>: Estos procedimientos suelen causar menos trauma a los tejidos circundantes, lo que conduce a menos molestias durante la recuperaci\u00f3n.<br \/>\n<strong>Estancias hospitalarias m\u00e1s cortas<\/strong>: Muchos procedimientos m\u00ednimamente invasivos son ambulatorios, lo que le permite recuperarse en casa.<br \/>\n<strong>Recuperaci\u00f3n m\u00e1s r\u00e1pida<\/strong>: Con menos da\u00f1o tisular, su cuerpo se recupera m\u00e1s r\u00e1pidamente, lo que le permite reanudar sus actividades normales antes.<\/p>\n<p>Nuestros cirujanos dominan una amplia variedad de t\u00e9cnicas m\u00ednimamente invasivas. Nos dedicamos a ofrecer los tratamientos m\u00e1s avanzados y eficaces minimizando el impacto en su cuerpo y su vida.<\/p>\n<p><a href=\"https:\/\/www.apexosn.com\/wp-content\/uploads\/2024\/05\/shutterstock_2219183715.jpg\"><img decoding=\"async\" class=\"alignnone size-full wp-image-4272\" src=\"https:\/\/www.apexosn.com\/wp-content\/uploads\/2024\/05\/shutterstock_2219183715.jpg\" alt=\"Medical Clinic \" width=\"500\" height=\"240\" srcset=\"https:\/\/www.apexosn.com\/wp-content\/uploads\/2024\/05\/shutterstock_2219183715.jpg 500w, https:\/\/www.apexosn.com\/wp-content\/uploads\/2024\/05\/shutterstock_2219183715-300x144.jpg 300w\" sizes=\"(max-width: 500px) 100vw, 500px\" \/><\/a><\/p>\n<h2>En busca de una cl\u00ednica m\u00e9dica en High Point tras una lesi\u00f3n<\/h2>\n<p>Una lesi\u00f3n puede cambiar su vida, provocando dolor f\u00edsico, estr\u00e9s emocional e incertidumbre. Apex Orthopaedics Spine &amp; Neurology ha ayudado a muchas personas en High Point a volver a su vida normal a trav\u00e9s de una atenci\u00f3n integral que aborda la curaci\u00f3n f\u00edsica y emocional. Proporcionamos educaci\u00f3n y apoyo, equip\u00e1ndolo con los recursos para tomar decisiones de salud informadas.<\/p>\n<p>Cuando nos elige, puede esperar una atenci\u00f3n minuciosa a sus preocupaciones, respuestas claras a sus preguntas y un plan de tratamiento personalizado que se adapte a sus necesidades espec\u00edficas.Reconocemos que la recuperaci\u00f3n implica algo m\u00e1s que la curaci\u00f3n f\u00edsica. Abordamos los aspectos emocionales y psicol\u00f3gicos de las lesiones, ofreciendo el apoyo necesario para hacer frente al estr\u00e9s, la ansiedad y otros desaf\u00edos.<\/p>\n<h2>Programe una consulta con High Point Medical Clinic<\/h2>\n<p>Enfrentarse a una lesi\u00f3n puede ser abrumador. Ignorar el dolor o las molestias, por leves que parezcan, puede conducir a problemas graves. En Apex Orthopaedics Spine &amp; Neurology, proporcionamos atenci\u00f3n de primer nivel en nuestra cl\u00ednica m\u00e9dica de High Point. Programe su cita hoy llamando al [tel\u00e9fono]. Estamos aqu\u00ed para ayudarle en su camino hacia la recuperaci\u00f3n.<\/p>\n<p>Mediante la combinaci\u00f3n de tecnolog\u00eda de vanguardia, atenci\u00f3n personalizada y un enfoque multidisciplinario, nos esforzamos por ayudarle a alcanzar una salud \u00f3ptima y recuperar su vida. No deje que una lesi\u00f3n le frene. P\u00f3ngase en contacto con nuestro equipo de High Point Medical Clinic y d\u00e9 el primer paso hacia una vida m\u00e1s sana y activa.<\/p>\n","protected":false},"excerpt":{"rendered":"<p>Enfrentarse a una lesi\u00f3n es duro, ya sea repentina, relacionada con el deporte o simplemente porque el cuerpo protesta. El dolor y las restricciones pueden afectar profundamente a su vida. En la cl\u00ednica m\u00e9dica Apex Orthopaedics Spine &amp; Neurology, comprendemos sus dificultades. Hemos ayudado a muchas personas que se enfrentan a problemas similares, as\u00ed que [&hellip;]<\/p>\n","protected":false},"author":25,"featured_media":0,"parent":2733,"menu_order":0,"comment_status":"closed","ping_status":"closed","template":"","meta":{"_acf_changed":false,"footnotes":""},"categories":[],"tags":[],"class_list":["post-4934","page","type-page","status-publish","hentry"],"acf":[],"_links":{"self":[{"href":"https:\/\/www.apexosn.com\/es\/wp-json\/wp\/v2\/pages\/4934","targetHints":{"allow":["GET"]}}],"collection":[{"href":"https:\/\/www.apexosn.com\/es\/wp-json\/wp\/v2\/pages"}],"about":[{"href":"https:\/\/www.apexosn.com\/es\/wp-json\/wp\/v2\/types\/page"}],"author":[{"embeddable":true,"href":"https:\/\/www.apexosn.com\/es\/wp-json\/wp\/v2\/users\/25"}],"replies":[{"embeddable":true,"href":"https:\/\/www.apexosn.com\/es\/wp-json\/wp\/v2\/comments?post=4934"}],"version-history":[{"count":2,"href":"https:\/\/www.apexosn.com\/es\/wp-json\/wp\/v2\/pages\/4934\/revisions"}],"predecessor-version":[{"id":4936,"href":"https:\/\/www.apexosn.com\/es\/wp-json\/wp\/v2\/pages\/4934\/revisions\/4936"}],"up":[{"embeddable":true,"href":"https:\/\/www.apexosn.com\/es\/wp-json\/wp\/v2\/pages\/2733"}],"wp:attachment":[{"href":"https:\/\/www.apexosn.com\/es\/wp-json\/wp\/v2\/media?parent=4934"}],"wp:term":[{"taxonomy":"category","embeddable":true,"href":"https:\/\/www.apexosn.com\/es\/wp-json\/wp\/v2\/categories?post=4934"},{"taxonomy":"post_tag","embeddable":true,"href":"https:\/\/www.apexosn.com\/es\/wp-json\/wp\/v2\/tags?post=4934"}],"curies":[{"name":"wp","href":"https:\/\/api.w.org\/{rel}","templated":true}]}}