{"id":4931,"date":"2024-05-19T17:20:58","date_gmt":"2024-05-19T22:20:58","guid":{"rendered":"https:\/\/www.apexosn.com\/high-point-nc\/tratamiento-quiropractico-high-point\/"},"modified":"2024-05-25T06:05:12","modified_gmt":"2024-05-25T11:05:12","slug":"tratamiento-quiropractico-high-point","status":"publish","type":"page","link":"https:\/\/www.apexosn.com\/es\/high-point-nc\/tratamiento-quiropractico-high-point\/","title":{"rendered":"Tratamiento Quiropr\u00e1ctico High Point"},"content":{"rendered":"<p>Las lesiones de tejidos blandos suelen afectar a m\u00fasculos, ligamentos y tendones. Tales lesiones pueden afectar significativamente sus actividades diarias, la movilidad y el rendimiento general. Si usted est\u00e1 tratando con lesiones de tejidos blandos en High Point, la b\u00fasqueda de atenci\u00f3n quiropr\u00e1ctica inmediata es esencial.<\/p>\n<p>El tratamiento quiropr\u00e1ctico ofrece numerosos beneficios como la reducci\u00f3n del dolor, la curaci\u00f3n acelerada, el movimiento restaurado, la mejora de la postura, la mejora de la funci\u00f3n articular y la regulaci\u00f3n de la presi\u00f3n arterial. En comparaci\u00f3n con los m\u00e9todos tradicionales de tratamiento del dolor, la atenci\u00f3n quiropr\u00e1ctica es m\u00e1s segura y m\u00e1s rentable.<\/p>\n<p>Si usted sufre de dolor cr\u00f3nico o lesi\u00f3n en High Point, los quiropr\u00e1cticos en Apex Orthopaedics Spine &amp; Neurology puede identificar la fuente de su dolor, aliviar de forma natural, y abordar la causa ra\u00edz. Nuestros quiropr\u00e1cticos High Point est\u00e1n aqu\u00ed para ayudarle a volver a su mejor yo.<\/p>\n<p>P\u00f3ngase en contacto con nosotros en <a href=\"tel:+17044123045\"><i class=\"fa fa-phone-alt\"><\/i>704-412-3045<\/a> para el tratamiento quiropr\u00e1ctico de primera categor\u00eda de nuestros quiropr\u00e1cticos competentes y experimentados.<\/p>\n\t\t<div data-elementor-type=\"section\" data-elementor-id=\"208\" class=\"elementor elementor-208\" data-elementor-post-type=\"elementor_library\">\n\t\t\t\t\t<section class=\"elementor-section elementor-top-section elementor-element elementor-element-485e576a elementor-section-boxed elementor-section-height-default elementor-section-height-default\" data-id=\"485e576a\" data-element_type=\"section\" data-e-type=\"section\">\n\t\t\t\t\t\t<div class=\"elementor-container elementor-column-gap-default\">\n\t\t\t\t\t<div class=\"elementor-column elementor-col-100 elementor-top-column elementor-element elementor-element-635c38c0\" data-id=\"635c38c0\" data-element_type=\"column\" data-e-type=\"column\">\n\t\t\t<div class=\"elementor-widget-wrap elementor-element-populated\">\n\t\t\t\t\t\t<div class=\"elementor-element elementor-element-3ba95c8a elementor-toc--minimized-on-tablet elementor-widget elementor-widget-table-of-contents\" data-id=\"3ba95c8a\" data-element_type=\"widget\" data-e-type=\"widget\" data-settings=\"{&quot;exclude_headings_by_selector&quot;:&quot;.toc-remove&quot;,&quot;headings_by_tags&quot;:[&quot;h2&quot;,&quot;h3&quot;],&quot;marker_view&quot;:&quot;numbers&quot;,&quot;no_headings_message&quot;:&quot;No headings were found on this page.&quot;,&quot;minimize_box&quot;:&quot;yes&quot;,&quot;minimized_on&quot;:&quot;tablet&quot;,&quot;hierarchical_view&quot;:&quot;yes&quot;,&quot;min_height&quot;:{&quot;unit&quot;:&quot;px&quot;,&quot;size&quot;:&quot;&quot;,&quot;sizes&quot;:[]},&quot;min_height_laptop&quot;:{&quot;unit&quot;:&quot;px&quot;,&quot;size&quot;:&quot;&quot;,&quot;sizes&quot;:[]},&quot;min_height_tablet&quot;:{&quot;unit&quot;:&quot;px&quot;,&quot;size&quot;:&quot;&quot;,&quot;sizes&quot;:[]},&quot;min_height_mobile&quot;:{&quot;unit&quot;:&quot;px&quot;,&quot;size&quot;:&quot;&quot;,&quot;sizes&quot;:[]}}\" data-widget_type=\"table-of-contents.default\">\n\t\t\t\t\t\t\t\t\t<div class=\"elementor-toc__header\">\n\t\t\t\t\t\t<div class=\"elementor-toc__header-title\">\n\t\t\t\tTable of Contents\t\t\t<\/div>\n\t\t\t\t\t\t\t\t\t\t<div class=\"elementor-toc__toggle-button elementor-toc__toggle-button--expand\" role=\"button\" tabindex=\"0\" aria-controls=\"elementor-toc__3ba95c8a\" aria-expanded=\"true\" aria-label=\"Open table of contents\"><svg aria-hidden=\"true\" class=\"e-font-icon-svg e-fas-chevron-down\" viewBox=\"0 0 448 512\" xmlns=\"http:\/\/www.w3.org\/2000\/svg\"><path d=\"M207.029 381.476L12.686 187.132c-9.373-9.373-9.373-24.569 0-33.941l22.667-22.667c9.357-9.357 24.522-9.375 33.901-.04L224 284.505l154.745-154.021c9.379-9.335 24.544-9.317 33.901.04l22.667 22.667c9.373 9.373 9.373 24.569 0 33.941L240.971 381.476c-9.373 9.372-24.569 9.372-33.942 0z\"><\/path><\/svg><\/div>\n\t\t\t\t<div class=\"elementor-toc__toggle-button elementor-toc__toggle-button--collapse\" role=\"button\" tabindex=\"0\" aria-controls=\"elementor-toc__3ba95c8a\" aria-expanded=\"true\" aria-label=\"Close table of contents\"><svg aria-hidden=\"true\" class=\"e-font-icon-svg e-fas-chevron-up\" viewBox=\"0 0 448 512\" xmlns=\"http:\/\/www.w3.org\/2000\/svg\"><path d=\"M240.971 130.524l194.343 194.343c9.373 9.373 9.373 24.569 0 33.941l-22.667 22.667c-9.357 9.357-24.522 9.375-33.901.04L224 227.495 69.255 381.516c-9.379 9.335-24.544 9.317-33.901-.04l-22.667-22.667c-9.373-9.373-9.373-24.569 0-33.941L207.03 130.525c9.372-9.373 24.568-9.373 33.941-.001z\"><\/path><\/svg><\/div>\n\t\t\t\t\t<\/div>\n\t\t\t\t<div id=\"elementor-toc__3ba95c8a\" class=\"elementor-toc__body\">\n\t\t\t<div class=\"elementor-toc__spinner-container\">\n\t\t\t\t<svg class=\"elementor-toc__spinner eicon-animation-spin e-font-icon-svg e-eicon-loading\" aria-hidden=\"true\" viewBox=\"0 0 1000 1000\" xmlns=\"http:\/\/www.w3.org\/2000\/svg\"><path d=\"M500 975V858C696 858 858 696 858 500S696 142 500 142 142 304 142 500H25C25 237 238 25 500 25S975 237 975 500 763 975 500 975Z\"><\/path><\/svg>\t\t\t<\/div>\n\t\t<\/div>\n\t\t\t\t\t\t<\/div>\n\t\t\t\t\t<\/div>\n\t\t<\/div>\n\t\t\t\t\t<\/div>\n\t\t<\/section>\n\t\t\t\t<\/div>\n\t\t\n<h2>La importancia de los servicios quiropr\u00e1cticos<\/h2>\n<p>No es necesario confiar \u00fanicamente en los m\u00e9todos m\u00e9dicos convencionales. La atenci\u00f3n quiropr\u00e1ctica emplea ajustes y manipulaciones espec\u00edficos para reducir el dolor y ayudar a la recuperaci\u00f3n de lesiones, como las lesiones de tejidos blandos. He aqu\u00ed por qu\u00e9 los servicios quiropr\u00e1cticos son cruciales:<\/p>\n<h3>Alivio del dolor cr\u00f3nico<\/h3>\n<p>Las lesiones agudas a menudo conducen a dolor en las articulaciones. El dolor de cuello cr\u00f3nico no s\u00f3lo es inc\u00f3modo, sino tambi\u00e9n molesto. Puede dificultar el sue\u00f1o. El tratamiento quiropr\u00e1ctico alivia el dolor articular mediante masajes y ajustes de los tejidos.<\/p>\n<h3>Control del dolor de cabeza<\/h3>\n<p>Los dolores de cabeza, especialmente los tensionales, pueden alterar gravemente su vida. Pueden provocar depresi\u00f3n, estr\u00e9s, ira y fatiga. Estos dolores de cabeza a menudo se derivan de la tensi\u00f3n de la actividad diaria. Los ajustes quiropr\u00e1cticos pueden liberar la tensi\u00f3n en los m\u00fasculos de los hombros, el cuello y la cabeza, proporcionando alivio del dolor de cabeza.<\/p>\n<h3>Refuerzo del sistema inmunitario<\/h3>\n<p>El sistema inmunol\u00f3gico es vital para proteger su cuerpo. El estr\u00e9s y la tensi\u00f3n pueden comprometerlo, provocando m\u00fasculos tensos y dolor muscular cr\u00f3nico. La atenci\u00f3n quiropr\u00e1ctica puede reducir el estr\u00e9s, promover la relajaci\u00f3n y reforzar el sistema inmunitario.<\/p>\n<h3>Mejorar la postura<\/h3>\n<p>La postura es una preocupaci\u00f3n com\u00fan. Estar mucho tiempo sentado en un escritorio puede causar mala postura y malestar. Un tratamiento quiropr\u00e1ctico regular puede corregir una mala postura y mejorar la salud en general.<\/p>\n<h3>Mejora de la amplitud de movimiento<\/h3>\n<p>Los servicios quiropr\u00e1cticos ayudan a recuperar lesiones y a mejorar la amplitud de movimiento. El cuidado regular aumenta los niveles de energ\u00eda, alivia la tensi\u00f3n muscular, reduce el estr\u00e9s oxidativo y disminuye la inflamaci\u00f3n, aumentando el rendimiento deportivo.<\/p>\n<p><a href=\"https:\/\/www.apexosn.com\/wp-content\/uploads\/2024\/05\/shutterstock_1537703249.jpg\"><img fetchpriority=\"high\" decoding=\"async\" class=\"alignnone size-full wp-image-4261\" src=\"https:\/\/www.apexosn.com\/wp-content\/uploads\/2024\/05\/shutterstock_1537703249.jpg\" alt=\"Chiropractic services in High Point, NC\" width=\"500\" height=\"334\" srcset=\"https:\/\/www.apexosn.com\/wp-content\/uploads\/2024\/05\/shutterstock_1537703249.jpg 500w, https:\/\/www.apexosn.com\/wp-content\/uploads\/2024\/05\/shutterstock_1537703249-300x200.jpg 300w\" sizes=\"(max-width: 500px) 100vw, 500px\" \/><\/a><\/p>\n<h2>C\u00f3mo ayuda el tratamiento quiropr\u00e1ctico en la recuperaci\u00f3n de lesiones<\/h2>\n<p>Las lesiones pueden alterar su vida diaria y su bienestar general, y la recuperaci\u00f3n total puede ser un proceso prolongado. El tratamiento quiropr\u00e1ctico es un m\u00e9todo probado para acelerar la recuperaci\u00f3n de las lesiones. He aqu\u00ed c\u00f3mo:<\/p>\n<h3>R\u00e1pida recuperaci\u00f3n de lesiones<\/h3>\n<p>Recuperarse de lesiones antiguas puede llevar tiempo. Las lesiones pueden causar calambres y tensi\u00f3n muscular y pueden empeorar con el tiempo. El cuidado quiropr\u00e1ctico puede acelerar el proceso de recuperaci\u00f3n.<\/p>\n<h3>Reducci\u00f3n de la dependencia de los analg\u00e9sicos<\/h3>\n<p>El dolor cr\u00f3nico a menudo conduce al uso de analg\u00e9sicos. Sin embargo, la dependencia de los analg\u00e9sicos no es deseable. Es preferible tratar la ra\u00edz del dolor. Una vez identificada, los quiropr\u00e1cticos utilizan ajustes para aliviar el dolor y tratar su causa subyacente.<\/p>\n<h3>Mejora de la estabilidad<\/h3>\n<p>Lesiones como los esguinces pueden provocar inestabilidad articular, afectando a la estabilidad general. Los ajustes y realineamientos quiropr\u00e1cticos pueden mejorar la estabilidad y prevenir nuevas lesiones, reduciendo el riesgo de lesiones futuras.<\/p>\n<h3>Prevenci\u00f3n de futuras lesiones<\/h3>\n<p>Las lesiones pueden ocurrir en cualquier lugar: en casa, en la escuela, en el trabajo o en la calle. Si eres propenso a las lesiones, es esencial fortalecer las partes m\u00e1s d\u00e9biles de tu cuerpo. Los quiropr\u00e1cticos pueden identificar estas zonas d\u00e9biles y recomendar ejercicios para fortalecerlas, previniendo futuras lesiones.<\/p>\n<h2>Tipos de lesiones que se benefician del cuidado quiropr\u00e1ctico<\/h2>\n<p>El cuidado quiropr\u00e1ctico es conocido por tratar varios tipos de lesiones. He aqu\u00ed algunas lesiones que pueden beneficiarse del tratamiento quiropr\u00e1ctico:<\/p>\n<h3>Da\u00f1o Nervioso<\/h3>\n<p>Los accidentes pueden provocar lesiones graves como huesos rotos, laceraciones y contusiones, que pueden causar da\u00f1os en los nervios. Los nervios da\u00f1ados provocan dolor, debilidad muscular y entumecimiento. Las manipulaciones quiropr\u00e1cticas de la columna vertebral pueden reducir el dolor de m\u00fasculos, huesos y v\u00e9rtebras.<\/p>\n<h3>Lesiones de cabeza y cuello<\/h3>\n<p>Los traumatismos de cabeza y cuello provocados por accidentes pueden desalinear la columna vertebral. Los quiropr\u00e1cticos utilizan la manipulaci\u00f3n vertebral, el masaje o la estimulaci\u00f3n el\u00e9ctrica para tratar las lesiones de cabeza y cuello.<\/p>\n<h3>Lesiones de espalda<\/h3>\n<p>Las lesiones de espalda pueden producirse por accidentes de coche, movimientos torpes, malas posturas, levantar objetos pesados, ca\u00eddas y otras causas. La atenci\u00f3n quiropr\u00e1ctica no s\u00f3lo trata el dolor de espalda, sino tambi\u00e9n su causa, favoreciendo la recuperaci\u00f3n y previniendo futuras lesiones.<\/p>\n<h3>Lesiones de rodilla<\/h3>\n<p>Las lesiones de rodilla pueden incluir luxaciones, fracturas y esguinces. Los quiropr\u00e1cticos utilizan la fisioterapia, la manipulaci\u00f3n manual, el masaje y la terapia con ultrasonidos para tratar las distensiones musculares y los esguinces de ligamentos.<\/p>\n<p>\u00bfQuiere saber si su lesi\u00f3n necesita atenci\u00f3n quiropr\u00e1ctica? Llame a nuestros quiropr\u00e1cticos de High Point al [tel\u00e9fono]. Nuestro equipo responder\u00e1 a todas sus preguntas sobre su lesi\u00f3n.<\/p>\n<p><a href=\"https:\/\/www.apexosn.com\/wp-content\/uploads\/2024\/05\/shutterstock_2195563437.jpg\"><img decoding=\"async\" class=\"alignnone wp-image-4263 size-full\" src=\"https:\/\/www.apexosn.com\/wp-content\/uploads\/2024\/05\/shutterstock_2195563437.jpg\" alt=\"Chiropractic treatment High Point, NC\" width=\"500\" height=\"325\" srcset=\"https:\/\/www.apexosn.com\/wp-content\/uploads\/2024\/05\/shutterstock_2195563437.jpg 500w, https:\/\/www.apexosn.com\/wp-content\/uploads\/2024\/05\/shutterstock_2195563437-300x195.jpg 300w\" sizes=\"(max-width: 500px) 100vw, 500px\" \/><\/a><\/p>\n<h2>T\u00e9cnicas de ajuste quiropr\u00e1ctico<\/h2>\n<p>El tratamiento quiropr\u00e1ctico es vers\u00e1til y aborda una amplia gama de lesiones. \u00c9stas son las principales t\u00e9cnicas de ajuste utilizadas en la atenci\u00f3n quiropr\u00e1ctica:<\/p>\n<h3>Manipulaci\u00f3n de tejidos blandos<\/h3>\n<p>Los quiropr\u00e1cticos utilizan la manipulaci\u00f3n de los tejidos blandos para mejorar la circulaci\u00f3n sangu\u00ednea, aliviar la tensi\u00f3n muscular y favorecer la recuperaci\u00f3n de las lesiones. T\u00e9cnicas como la terapia de puntos gatillo, la liberaci\u00f3n miofascial y la terapia de masaje ayudan a reducir el dolor y restaurar la flexibilidad, ayudando a la curaci\u00f3n del tejido.<\/p>\n<h3>Manipulaci\u00f3n vertebral<\/h3>\n<p>La manipulaci\u00f3n vertebral consiste en realinear las articulaciones del cuerpo utilizando las manos o equipos. Una alineaci\u00f3n adecuada reduce la inflamaci\u00f3n, alivia el dolor y mejora la movilidad.<\/p>\n<h3>Masaje quiropr\u00e1ctico<\/h3>\n<p>Los masajes quiropr\u00e1cticos reducen el dolor y aceleran la recuperaci\u00f3n. Los quiropr\u00e1cticos amasan, manipulan y aplican presi\u00f3n en los tejidos blandos, como m\u00fasculos y tendones, para favorecer la curaci\u00f3n.<\/p>\n<h2>Elecci\u00f3n del tratamiento quiropr\u00e1ctico en High Point<\/h2>\n<p>El tratamiento quiropr\u00e1ctico es un m\u00e9todo seguro y eficaz para el tratamiento de una amplia gama de lesiones sin medicamentos o cirug\u00eda. El cuidado quiropr\u00e1ctico continuo puede corregir la postura y mantener la salud de la columna vertebral.<\/p>\n<p>Seleccionar el mejor tratamiento quiropr\u00e1ctico en High Point puede reducir significativamente el dolor, acelerar la curaci\u00f3n y prevenir futuras lesiones. El tratamiento quiropr\u00e1ctico refuerza el sistema inmunol\u00f3gico, mejora el rendimiento y mitiga el dolor cr\u00f3nico.<\/p>\n<p>Si usted est\u00e1 experimentando dolor cr\u00f3nico despu\u00e9s de un accidente en High Point, Apex Orthopaedics Spine &amp; Neurology ofrece atenci\u00f3n quiropr\u00e1ctica excepcional. Estamos dedicados a ayudarle a sentirse lo mejor posible.<\/p>\n<p>Ll\u00e1menos hoy al <a href=\"tel:+17044123045\"><i class=\"fa fa-phone-alt\"><\/i>704-412-3045<\/a> para programar una cita.<\/p>\n","protected":false},"excerpt":{"rendered":"<p>Las lesiones de tejidos blandos suelen afectar a m\u00fasculos, ligamentos y tendones. Tales lesiones pueden afectar significativamente sus actividades diarias, la movilidad y el rendimiento general. Si usted est\u00e1 tratando con lesiones de tejidos blandos en High Point, la b\u00fasqueda de atenci\u00f3n quiropr\u00e1ctica inmediata es esencial. El tratamiento quiropr\u00e1ctico ofrece numerosos beneficios como la reducci\u00f3n [&hellip;]<\/p>\n","protected":false},"author":25,"featured_media":0,"parent":2733,"menu_order":0,"comment_status":"closed","ping_status":"closed","template":"","meta":{"_acf_changed":false,"footnotes":""},"categories":[],"tags":[],"class_list":["post-4931","page","type-page","status-publish","hentry"],"acf":[],"_links":{"self":[{"href":"https:\/\/www.apexosn.com\/es\/wp-json\/wp\/v2\/pages\/4931","targetHints":{"allow":["GET"]}}],"collection":[{"href":"https:\/\/www.apexosn.com\/es\/wp-json\/wp\/v2\/pages"}],"about":[{"href":"https:\/\/www.apexosn.com\/es\/wp-json\/wp\/v2\/types\/page"}],"author":[{"embeddable":true,"href":"https:\/\/www.apexosn.com\/es\/wp-json\/wp\/v2\/users\/25"}],"replies":[{"embeddable":true,"href":"https:\/\/www.apexosn.com\/es\/wp-json\/wp\/v2\/comments?post=4931"}],"version-history":[{"count":2,"href":"https:\/\/www.apexosn.com\/es\/wp-json\/wp\/v2\/pages\/4931\/revisions"}],"predecessor-version":[{"id":4933,"href":"https:\/\/www.apexosn.com\/es\/wp-json\/wp\/v2\/pages\/4931\/revisions\/4933"}],"up":[{"embeddable":true,"href":"https:\/\/www.apexosn.com\/es\/wp-json\/wp\/v2\/pages\/2733"}],"wp:attachment":[{"href":"https:\/\/www.apexosn.com\/es\/wp-json\/wp\/v2\/media?parent=4931"}],"wp:term":[{"taxonomy":"category","embeddable":true,"href":"https:\/\/www.apexosn.com\/es\/wp-json\/wp\/v2\/categories?post=4931"},{"taxonomy":"post_tag","embeddable":true,"href":"https:\/\/www.apexosn.com\/es\/wp-json\/wp\/v2\/tags?post=4931"}],"curies":[{"name":"wp","href":"https:\/\/api.w.org\/{rel}","templated":true}]}}