{"id":4928,"date":"2024-05-19T17:20:00","date_gmt":"2024-05-19T22:20:00","guid":{"rendered":"https:\/\/www.apexosn.com\/high-point-nc\/tratamiento-de-accidentes-de-coche-en-high-point\/"},"modified":"2024-05-25T05:59:41","modified_gmt":"2024-05-25T10:59:41","slug":"tratamiento-de-accidentes-de-coche-en-high-point","status":"publish","type":"page","link":"https:\/\/www.apexosn.com\/es\/high-point-nc\/tratamiento-de-accidentes-de-coche-en-high-point\/","title":{"rendered":"Tratamiento de accidentes de coche en High Point"},"content":{"rendered":"<p>Estar implicado en un accidente de coche puede ser una experiencia aterradora y desorientadora. Inmediatamente despu\u00e9s del incidente, puede sentirse conmocionado, confundido e inconsciente del alcance de sus lesiones. La adrenalina puede enmascarar el dolor, por lo que es esencial buscar atenci\u00f3n m\u00e9dica de un m\u00e9dico de accidentes de coche High Point con prontitud, incluso si inicialmente se siente bien.<\/p>\n<p>En Apex Orthopaedics Spine &amp; Neurology, nuestro dedicado equipo de profesionales m\u00e9dicos experimentados se compromete a proporcionar una atenci\u00f3n integral a las v\u00edctimas de accidentes automovil\u00edsticos en High Point, Carolina del Norte. Entendemos los impactos f\u00edsicos, emocionales y financieros de un accidente, y estamos aqu\u00ed para ayudarle a recuperar su salud y tranquilidad. Ll\u00e1menos al <a href=\"tel:+17044123045\"><i class=\"fa fa-phone-alt\"><\/i>704-412-3045<\/a> para reservar una consulta con un m\u00e9dico de accidente de coche.<\/p>\n\t\t<div data-elementor-type=\"section\" data-elementor-id=\"208\" class=\"elementor elementor-208\" data-elementor-post-type=\"elementor_library\">\n\t\t\t\t\t<section class=\"elementor-section elementor-top-section elementor-element elementor-element-485e576a elementor-section-boxed elementor-section-height-default elementor-section-height-default\" data-id=\"485e576a\" data-element_type=\"section\" data-e-type=\"section\">\n\t\t\t\t\t\t<div class=\"elementor-container elementor-column-gap-default\">\n\t\t\t\t\t<div class=\"elementor-column elementor-col-100 elementor-top-column elementor-element elementor-element-635c38c0\" data-id=\"635c38c0\" data-element_type=\"column\" data-e-type=\"column\">\n\t\t\t<div class=\"elementor-widget-wrap elementor-element-populated\">\n\t\t\t\t\t\t<div class=\"elementor-element elementor-element-3ba95c8a elementor-toc--minimized-on-tablet elementor-widget elementor-widget-table-of-contents\" data-id=\"3ba95c8a\" data-element_type=\"widget\" data-e-type=\"widget\" data-settings=\"{&quot;exclude_headings_by_selector&quot;:&quot;.toc-remove&quot;,&quot;headings_by_tags&quot;:[&quot;h2&quot;,&quot;h3&quot;],&quot;marker_view&quot;:&quot;numbers&quot;,&quot;no_headings_message&quot;:&quot;No headings were found on this page.&quot;,&quot;minimize_box&quot;:&quot;yes&quot;,&quot;minimized_on&quot;:&quot;tablet&quot;,&quot;hierarchical_view&quot;:&quot;yes&quot;,&quot;min_height&quot;:{&quot;unit&quot;:&quot;px&quot;,&quot;size&quot;:&quot;&quot;,&quot;sizes&quot;:[]},&quot;min_height_laptop&quot;:{&quot;unit&quot;:&quot;px&quot;,&quot;size&quot;:&quot;&quot;,&quot;sizes&quot;:[]},&quot;min_height_tablet&quot;:{&quot;unit&quot;:&quot;px&quot;,&quot;size&quot;:&quot;&quot;,&quot;sizes&quot;:[]},&quot;min_height_mobile&quot;:{&quot;unit&quot;:&quot;px&quot;,&quot;size&quot;:&quot;&quot;,&quot;sizes&quot;:[]}}\" data-widget_type=\"table-of-contents.default\">\n\t\t\t\t\t\t\t\t\t<div class=\"elementor-toc__header\">\n\t\t\t\t\t\t<div class=\"elementor-toc__header-title\">\n\t\t\t\tTable of Contents\t\t\t<\/div>\n\t\t\t\t\t\t\t\t\t\t<div class=\"elementor-toc__toggle-button elementor-toc__toggle-button--expand\" role=\"button\" tabindex=\"0\" aria-controls=\"elementor-toc__3ba95c8a\" aria-expanded=\"true\" aria-label=\"Open table of contents\"><svg aria-hidden=\"true\" class=\"e-font-icon-svg e-fas-chevron-down\" viewBox=\"0 0 448 512\" xmlns=\"http:\/\/www.w3.org\/2000\/svg\"><path d=\"M207.029 381.476L12.686 187.132c-9.373-9.373-9.373-24.569 0-33.941l22.667-22.667c9.357-9.357 24.522-9.375 33.901-.04L224 284.505l154.745-154.021c9.379-9.335 24.544-9.317 33.901.04l22.667 22.667c9.373 9.373 9.373 24.569 0 33.941L240.971 381.476c-9.373 9.372-24.569 9.372-33.942 0z\"><\/path><\/svg><\/div>\n\t\t\t\t<div class=\"elementor-toc__toggle-button elementor-toc__toggle-button--collapse\" role=\"button\" tabindex=\"0\" aria-controls=\"elementor-toc__3ba95c8a\" aria-expanded=\"true\" aria-label=\"Close table of contents\"><svg aria-hidden=\"true\" class=\"e-font-icon-svg e-fas-chevron-up\" viewBox=\"0 0 448 512\" xmlns=\"http:\/\/www.w3.org\/2000\/svg\"><path d=\"M240.971 130.524l194.343 194.343c9.373 9.373 9.373 24.569 0 33.941l-22.667 22.667c-9.357 9.357-24.522 9.375-33.901.04L224 227.495 69.255 381.516c-9.379 9.335-24.544 9.317-33.901-.04l-22.667-22.667c-9.373-9.373-9.373-24.569 0-33.941L207.03 130.525c9.372-9.373 24.568-9.373 33.941-.001z\"><\/path><\/svg><\/div>\n\t\t\t\t\t<\/div>\n\t\t\t\t<div id=\"elementor-toc__3ba95c8a\" class=\"elementor-toc__body\">\n\t\t\t<div class=\"elementor-toc__spinner-container\">\n\t\t\t\t<svg class=\"elementor-toc__spinner eicon-animation-spin e-font-icon-svg e-eicon-loading\" aria-hidden=\"true\" viewBox=\"0 0 1000 1000\" xmlns=\"http:\/\/www.w3.org\/2000\/svg\"><path d=\"M500 975V858C696 858 858 696 858 500S696 142 500 142 142 304 142 500H25C25 237 238 25 500 25S975 237 975 500 763 975 500 975Z\"><\/path><\/svg>\t\t\t<\/div>\n\t\t<\/div>\n\t\t\t\t\t\t<\/div>\n\t\t\t\t\t<\/div>\n\t\t<\/div>\n\t\t\t\t\t<\/div>\n\t\t<\/section>\n\t\t\t\t<\/div>\n\t\t\n<h2>\u00bfPor qu\u00e9 buscar atenci\u00f3n m\u00e9dica tras un accidente de tr\u00e1fico?<\/h2>\n<p>Un accidente de coche, aunque sea leve, puede causar lesiones graves. La fuerza de una colisi\u00f3n puede provocar da\u00f1os ocultos en m\u00fasculos, ligamentos y huesos. Los s\u00edntomas pueden no aparecer inmediatamente. Obtener atenci\u00f3n m\u00e9dica con prontitud puede evitar que su condici\u00f3n empeore y ayudar a una recuperaci\u00f3n completa.<\/p>\n<p>Una evaluaci\u00f3n completa por un m\u00e9dico de accidentes de coche en High Point es crucial por varias razones:<\/p>\n<h3>Diagn\u00f3stico y tratamiento<\/h3>\n<p>Un m\u00e9dico puede identificar las lesiones y crear un plan de tratamiento personalizado para ayudar a su recuperaci\u00f3n.<\/p>\n<h3>Documentaci\u00f3n M\u00e9dica<\/h3>\n<p>Los registros m\u00e9dicos de sus lesiones son esenciales si necesita presentar una reclamaci\u00f3n al seguro.<\/p>\n<h3>Mejor recuperaci\u00f3n<\/h3>\n<p>Una intervenci\u00f3n temprana puede mejorar sus posibilidades de recuperaci\u00f3n y minimizar el riesgo de complicaciones a largo plazo.<\/p>\n<h2>Beneficios del tratamiento m\u00e9dico tras un accidente de coche<\/h2>\n<p>Tras un accidente de coche, la subida de adrenalina y el shock inicial pueden enmascarar el alcance de sus lesiones. La b\u00fasqueda de atenci\u00f3n m\u00e9dica de un m\u00e9dico de accidentes de coche High Point tan pronto como sea posible asegura que usted reciba la atenci\u00f3n necesaria y ofrece numerosos beneficios m\u00e1s all\u00e1 del alivio inmediato del dolor.<\/p>\n<h3>Diagn\u00f3stico y tratamiento adecuados<\/h3>\n<p>Una evaluaci\u00f3n m\u00e9dica completa por un m\u00e9dico cualificado es esencial para identificar lesiones ocultas. Los accidentes de tr\u00e1fico suelen provocar diversas lesiones en los tejidos blandos, como el latigazo cervical, que pueden no mostrar s\u00edntomas inmediatos. Las lesiones internas, como da\u00f1os en \u00f3rganos o hemorragias, tambi\u00e9n pueden estar presentes sin signos evidentes.<\/p>\n<p>Un m\u00e9dico puede realizar un examen exhaustivo que incluya radiograf\u00edas, resonancias magn\u00e9ticas u otras pruebas de imagen para diagnosticar los problemas subyacentes. La detecci\u00f3n precoz y el tratamiento adecuado son cruciales para una curaci\u00f3n \u00f3ptima y la prevenci\u00f3n de complicaciones.<\/p>\n<h3>Creaci\u00f3n de un historial m\u00e9dico detallado<\/h3>\n<p>Un historial m\u00e9dico detallado de su m\u00e9dico sirve como documentaci\u00f3n esencial si necesita presentar una demanda por lesiones personales. Este historial documentar\u00e1 cronol\u00f3gicamente la fecha del accidente, la naturaleza de sus lesiones, el tratamiento que recibi\u00f3 y el progreso de su recuperaci\u00f3n. Esta documentaci\u00f3n relaciona sus lesiones con el accidente y refuerza sus argumentos para reclamar una indemnizaci\u00f3n por facturas m\u00e9dicas, salarios perdidos y otros da\u00f1os.<\/p>\n<h3>Optimizar su recuperaci\u00f3n y minimizar los problemas a largo plazo<\/h3>\n<p>La intervenci\u00f3n m\u00e9dica temprana es crucial para maximizar el potencial de recuperaci\u00f3n. Un m\u00e9dico puede crear un plan de tratamiento personalizado adaptado a sus lesiones espec\u00edficas. Este plan puede incluir medicaci\u00f3n para el dolor, fisioterapia, ejercicios de rehabilitaci\u00f3n u otras modalidades para promover la curaci\u00f3n y restaurar la funci\u00f3n. Una pronta atenci\u00f3n m\u00e9dica puede acortar el tiempo de recuperaci\u00f3n, reducir el dolor y las molestias y disminuir el riesgo de dolor cr\u00f3nico o complicaciones a largo plazo, como artritis o debilidad muscular.<\/p>\n<h3>Protecci\u00f3n de sus derechos legales<\/h3>\n<p>Los casos de accidentes de tr\u00e1fico pueden implicar disputas legales sobre la culpa y la indemnizaci\u00f3n. Disponer de un historial m\u00e9dico documentado de sus lesiones refuerza su posici\u00f3n jur\u00eddica. Esta documentaci\u00f3n proporciona pruebas claras del impacto del accidente en su salud, lo que puede ser fundamental si su caso llega a los tribunales.<\/p>\n<h3>Tranquilidad y menos estr\u00e9s<\/h3>\n<p>Un accidente de coche puede ser una experiencia muy estresante. La incertidumbre acerca de sus lesiones y las posibles cargas financieras se suma a la tensi\u00f3n emocional. Buscar atenci\u00f3n m\u00e9dica proporciona tranquilidad al garantizar un diagn\u00f3stico adecuado y un plan de tratamiento claro. Saber que est\u00e1 dando los pasos necesarios hacia la recuperaci\u00f3n puede reducir el estr\u00e9s y ayudarle a centrarse en la curaci\u00f3n.<\/p>\n<p><a href=\"https:\/\/www.apexosn.com\/wp-content\/uploads\/2024\/05\/shutterstock_1274598226.jpg\"><img fetchpriority=\"high\" decoding=\"async\" class=\"alignnone size-full wp-image-4241\" src=\"https:\/\/www.apexosn.com\/wp-content\/uploads\/2024\/05\/shutterstock_1274598226.jpg\" alt=\"Car Accident Treatment High Point, NC\" width=\"500\" height=\"334\" srcset=\"https:\/\/www.apexosn.com\/wp-content\/uploads\/2024\/05\/shutterstock_1274598226.jpg 500w, https:\/\/www.apexosn.com\/wp-content\/uploads\/2024\/05\/shutterstock_1274598226-300x200.jpg 300w\" sizes=\"(max-width: 500px) 100vw, 500px\" \/><\/a><\/p>\n<h2>C\u00f3mo personalizamos los planes de tratamiento para cada paciente<\/h2>\n<p>En Apex Orthopaedics Spine &amp; Neurology, sabemos que no hay dos accidentes de coche iguales, y tampoco lo son las lesiones que causan. Es por eso que adaptar los planes de tratamiento para hacer frente a sus necesidades y lesiones espec\u00edficas.<\/p>\n<p>Nuestro equipo realiza una evaluaci\u00f3n completa, incluyendo un examen f\u00edsico, una revisi\u00f3n de su historial m\u00e9dico, y las pruebas de imagen necesarias. Sobre la base de esta evaluaci\u00f3n, desarrollamos un plan de tratamiento que puede incluir:<\/p>\n<p><strong>Medicaci\u00f3n<\/strong>: Analg\u00e9sicos, antiinflamatorios y relajantes musculares para controlar el dolor y la inflamaci\u00f3n.<br \/>\n<strong>Fisioterapia<\/strong>: Un programa de ejercicios personalizado para mejorar la fuerza, la flexibilidad, la amplitud de movimiento y el equilibrio.<br \/>\n<strong>Inyecciones<\/strong>: Inyecciones de corticosteroides para reducir la inflamaci\u00f3n y el dolor en zonas espec\u00edficas.<br \/>\n<strong>Cirug\u00eda<\/strong>: En algunos casos, puede ser necesaria la cirug\u00eda ortop\u00e9dica para reparar fracturas u otras lesiones graves.<\/p>\n<h2>Especialistas en accidentes de coche<\/h2>\n<p>Nuestro equipo de m\u00e9dicos de accidentes de coche en High Point incluye:<\/p>\n<p><strong>Cirujanos Ortop\u00e9dicos<\/strong>: Expertos en diagnosticar, tratar y prevenir lesiones y trastornos musculoesquel\u00e9ticos.<br \/>\n<strong>Especialistas en tratamiento del dolor<\/strong>: M\u00e9dicos centrados en el alivio del dolor cr\u00f3nico.<br \/>\n<strong>Fisioterapeutas<\/strong>: Profesionales sanitarios licenciados que crean y supervisan programas de ejercicio personalizados para mejorar el movimiento y la funci\u00f3n.<\/p>\n<p>Trabajamos en equipo para garantizar que reciba la atenci\u00f3n m\u00e1s completa y eficaz posible.<\/p>\n<h2>Tipos de lesiones por accidente de tr\u00e1fico<\/h2>\n<p>Los accidentes de coche pueden causar una serie de lesiones, desde contusiones leves a condiciones que alteran la vida. Estas son algunas de las lesiones comunes de accidentes de coche que tratamos:<\/p>\n<h3>Latigazo cervical<\/h3>\n<p>Esta lesi\u00f3n de los tejidos blandos del cuello se produce cuando la cabeza se sacude hacia delante y hacia atr\u00e1s r\u00e1pidamente. Los s\u00edntomas incluyen dolor de cuello, rigidez, dolores de cabeza y mareos.<\/p>\n<h3>Lesiones de espalda y columna vertebral<\/h3>\n<p>Los accidentes de tr\u00e1fico pueden causar diversas lesiones en la espalda y la m\u00e9dula espinal, desde esguinces y distensiones hasta hernias discales e incluso par\u00e1lisis.<\/p>\n<h3>Lesiones de tejidos blandos<\/h3>\n<p>Afectan a m\u00fasculos, ligamentos y tendones, causando dolor, hinchaz\u00f3n y hematomas.<\/p>\n<h3>Huesos rotos<\/h3>\n<p>El impacto de un accidente de coche puede romper f\u00e1cilmente los huesos, especialmente en las costillas, piernas, brazos y tobillos.<\/p>\n<h3>Lesi\u00f3n cerebral traum\u00e1tica (LCT)<\/h3>\n<p>Un golpe en la cabeza durante un accidente de coche puede causar un TBI, que va desde conmociones cerebrales leves a da\u00f1os cerebrales graves. Los s\u00edntomas var\u00edan, pero pueden incluir dolores de cabeza, mareos, p\u00e9rdida de memoria y dificultad para concentrarse.<\/p>\n<h2>\u00bfCu\u00e1ndo debe buscar tratamiento m\u00e9dico?<\/h2>\n<p>No espere a buscar atenci\u00f3n m\u00e9dica despu\u00e9s de un accidente de tr\u00e1fico. La evaluaci\u00f3n m\u00e9dica inmediata es crucial en las siguientes situaciones:<\/p>\n<p><strong>P\u00e9rdida del conocimient<\/strong>o: Incluso una breve inconsciencia puede indicar una lesi\u00f3n en la cabeza y requiere atenci\u00f3n inmediata.<br \/>\n<strong>Dolores de cabeza, mareos o confusi\u00f3n<\/strong>: Estos s\u00edntomas pueden sugerir una conmoci\u00f3n cerebral u otra lesi\u00f3n en la cabeza.<br \/>\n<strong>Dolor de cuello o espalda<\/strong>: El dolor en el cuello o la espalda podr\u00eda indicar una lesi\u00f3n grave, como un latigazo cervical o una lesi\u00f3n de la m\u00e9dula espinal.<br \/>\n<strong>Entumecimiento u hormigueo<\/strong>: Estas sensaciones pueden indicar da\u00f1os en los nervios y deben ser evaluadas por un m\u00e9dico.<br \/>\n<strong>Lesiones visibles<\/strong>: Los cortes, laceraciones o fracturas \u00f3seas requieren atenci\u00f3n m\u00e9dica para prevenir infecciones y garantizar una curaci\u00f3n adecuada.<br \/>\n<strong>Dificultad para respirar<\/strong>: La dificultad para respirar podr\u00eda indicar lesiones internas y requiere atenci\u00f3n m\u00e9dica inmediata.<br \/>\n<strong>Dolor persistente<\/strong>: Si el dolor empeora o persiste durante varios d\u00edas, acude al m\u00e9dico para descartar lesiones subyacentes.<\/p>\n<h2><a href=\"https:\/\/www.apexosn.com\/wp-content\/uploads\/2024\/05\/shutterstock_2274283157.jpg\"><img decoding=\"async\" class=\"alignnone size-full wp-image-4243\" src=\"https:\/\/www.apexosn.com\/wp-content\/uploads\/2024\/05\/shutterstock_2274283157.jpg\" alt=\"Accidente de tr\u00e1fico \" width=\"500\" height=\"334\" srcset=\"https:\/\/www.apexosn.com\/wp-content\/uploads\/2024\/05\/shutterstock_2274283157.jpg 500w, https:\/\/www.apexosn.com\/wp-content\/uploads\/2024\/05\/shutterstock_2274283157-300x200.jpg 300w\" sizes=\"(max-width: 500px) 100vw, 500px\" \/><\/a><\/h2>\n<h2>Lo que nuestro equipo puede hacer para ayudar<\/h2>\n<p>En Apex Orthopaedics Spine &amp; Neurology, nuestros m\u00e9dicos especializados en accidentes automovil\u00edsticos de High Point se dedican a ayudarle a recuperarse de sus lesiones. Esto es lo que puede esperar cuando nos elige:<\/p>\n<h3>Cuidado compasivo<\/h3>\n<p>Entendemos el estr\u00e9s f\u00edsico y emocional de un accidente de coche. Nuestro equipo le trata con respeto y compasi\u00f3n a lo largo de su recuperaci\u00f3n.<\/p>\n<h3>Atenci\u00f3n integral<\/h3>\n<p>Ofrecemos una amplia gama de servicios bajo un mismo techo, desde el diagn\u00f3stico y la planificaci\u00f3n del tratamiento a la terapia f\u00edsica y el manejo del dolor.<\/p>\n<h3>Planes de tratamiento personalizados<\/h3>\n<p>Adaptamos los planes de tratamiento para hacer frente a sus necesidades y lesiones espec\u00edficas.<\/p>\n<h3>Comunicaci\u00f3n clara<\/h3>\n<p>Le explicamos claramente su diagn\u00f3stico y las opciones de tratamiento y colaboramos estrechamente con usted durante todo el proceso de recuperaci\u00f3n.<\/p>\n<h3>Equipo experimentado<\/h3>\n<p>Nuestros m\u00e9dicos, fisioterapeutas y otros profesionales de la salud tienen una amplia experiencia en el tratamiento de lesiones por accidente de coche.<\/p>\n<h2>Pasos inmediatos tras un accidente de coche en High Point<\/h2>\n<p>La comprensi\u00f3n de los pasos a seguir inmediatamente despu\u00e9s de un accidente de coche puede afectar significativamente su salud y su posici\u00f3n legal. He aqu\u00ed un desglose de las acciones que debe tomar:<\/p>\n<h3>Seguridad Primero<\/h3>\n<p>Mueva su veh\u00edculo a un lugar seguro si es posible. Compruebe si usted y los pasajeros tienen lesiones y llame al 911 si alguien requiere atenci\u00f3n m\u00e9dica.<\/p>\n<h3>P\u00f3ngase en contacto con las fuerzas de seguridad<\/h3>\n<p>La polic\u00eda evaluar\u00e1 la situaci\u00f3n, recabar\u00e1 informaci\u00f3n y presentar\u00e1 un parte de accidente. Obtenga una copia y anote el nombre y el n\u00famero de placa del agente para futuras consultas.<\/p>\n<h3>Busque atenci\u00f3n m\u00e9dica<\/h3>\n<p>Aunque te encuentres bien, es posible que las lesiones no se manifiesten inmediatamente. Una evaluaci\u00f3n m\u00e9dica completa puede identificar lesiones ocultas y ofrecer cuidados preventivos contra complicaciones.<\/p>\n<h3>Documente el lugar del accidente<\/h3>\n<p>Tome fotograf\u00edas del lugar del accidente, de los da\u00f1os del veh\u00edculo y de las lesiones visibles. Estas pruebas son cruciales para las reclamaciones al seguro y las posibles acciones legales.<\/p>\n<h3>Informe a su compa\u00f1\u00eda de seguros<\/h3>\n<p>Notifique el accidente a su compa\u00f1\u00eda de seguros lo antes posible. Proporcione detalles precisos del incidente y prep\u00e1rese para un proceso de reclamaci\u00f3n potencialmente largo.<\/p>\n<h3>Consulte a un abogado de lesiones personales<\/h3>\n<p>Si sufre lesiones importantes o da\u00f1os materiales, consulte a un abogado experto en lesiones personales. Ellos pueden ayudarle a navegar por las complejidades legales y proteger sus derechos.<\/p>\n<h2>\u00a1Llame a nuestros m\u00e9dicos de accidentes de coche High Point hoy!<\/h2>\n<p>Estar involucrado en un accidente de coche puede ser una experiencia que altera la vida. El camino hacia la recuperaci\u00f3n puede ser largo y dif\u00edcil, pero usted no tiene que pasar por ello solo. En Apex Orthopaedics Spine &amp; Neurology, nuestros m\u00e9dicos de accidentes de coche de High Point est\u00e1n aqu\u00ed para ayudarle a sanar. Ofrecemos una atenci\u00f3n integral, planes de tratamiento personalizados y un equipo de profesionales experimentados dedicados a su recuperaci\u00f3n.<\/p>\n<p>No espere a recibir la atenci\u00f3n m\u00e9dica que se merece. Programe hoy mismo una cita con un m\u00e9dico especialista en accidentes de tr\u00e1fico de High Point. Ll\u00e1menos al <a href=\"tel:+17044123045\"><i class=\"fa fa-phone-alt\"><\/i>704-412-3045<\/a> para comenzar su camino hacia la recuperaci\u00f3n.<\/p>\n","protected":false},"excerpt":{"rendered":"<p>Estar implicado en un accidente de coche puede ser una experiencia aterradora y desorientadora. Inmediatamente despu\u00e9s del incidente, puede sentirse conmocionado, confundido e inconsciente del alcance de sus lesiones. La adrenalina puede enmascarar el dolor, por lo que es esencial buscar atenci\u00f3n m\u00e9dica de un m\u00e9dico de accidentes de coche High Point con prontitud, incluso [&hellip;]<\/p>\n","protected":false},"author":25,"featured_media":0,"parent":2733,"menu_order":0,"comment_status":"closed","ping_status":"closed","template":"","meta":{"_acf_changed":false,"footnotes":""},"categories":[],"tags":[],"class_list":["post-4928","page","type-page","status-publish","hentry"],"acf":[],"_links":{"self":[{"href":"https:\/\/www.apexosn.com\/es\/wp-json\/wp\/v2\/pages\/4928","targetHints":{"allow":["GET"]}}],"collection":[{"href":"https:\/\/www.apexosn.com\/es\/wp-json\/wp\/v2\/pages"}],"about":[{"href":"https:\/\/www.apexosn.com\/es\/wp-json\/wp\/v2\/types\/page"}],"author":[{"embeddable":true,"href":"https:\/\/www.apexosn.com\/es\/wp-json\/wp\/v2\/users\/25"}],"replies":[{"embeddable":true,"href":"https:\/\/www.apexosn.com\/es\/wp-json\/wp\/v2\/comments?post=4928"}],"version-history":[{"count":2,"href":"https:\/\/www.apexosn.com\/es\/wp-json\/wp\/v2\/pages\/4928\/revisions"}],"predecessor-version":[{"id":4930,"href":"https:\/\/www.apexosn.com\/es\/wp-json\/wp\/v2\/pages\/4928\/revisions\/4930"}],"up":[{"embeddable":true,"href":"https:\/\/www.apexosn.com\/es\/wp-json\/wp\/v2\/pages\/2733"}],"wp:attachment":[{"href":"https:\/\/www.apexosn.com\/es\/wp-json\/wp\/v2\/media?parent=4928"}],"wp:term":[{"taxonomy":"category","embeddable":true,"href":"https:\/\/www.apexosn.com\/es\/wp-json\/wp\/v2\/categories?post=4928"},{"taxonomy":"post_tag","embeddable":true,"href":"https:\/\/www.apexosn.com\/es\/wp-json\/wp\/v2\/tags?post=4928"}],"curies":[{"name":"wp","href":"https:\/\/api.w.org\/{rel}","templated":true}]}}