{"id":4917,"date":"2024-05-21T10:57:44","date_gmt":"2024-05-21T15:57:44","guid":{"rendered":"https:\/\/www.apexosn.com\/lesion-en-la-mano\/"},"modified":"2024-05-25T05:27:56","modified_gmt":"2024-05-25T10:27:56","slug":"lesion-en-la-mano","status":"publish","type":"page","link":"https:\/\/www.apexosn.com\/es\/lesion-en-la-mano\/","title":{"rendered":"Lesi\u00f3n en la mano"},"content":{"rendered":"<p>Las lesiones en las manos son alarmantemente frecuentes en los accidentes de tr\u00e1fico, ya que el instinto natural de prepararse para el impacto puede provocar traumatismos importantes en las manos y las mu\u00f1ecas. La mano es una estructura compleja compuesta por huesos, ligamentos, tendones y nervios, todos ellos susceptibles de sufrir da\u00f1os durante las colisiones. La atenci\u00f3n y el tratamiento adecuados son fundamentales para restaurar la funci\u00f3n y prevenir la discapacidad a largo plazo. Apex Orthopaedics Spine &amp; Neurology est\u00e1 especializada en este tipo de lesiones y ofrece atenci\u00f3n especializada y opciones de tratamiento avanzadas para garantizar una recuperaci\u00f3n \u00f3ptima.<\/p>\n\t\t<div data-elementor-type=\"section\" data-elementor-id=\"208\" class=\"elementor elementor-208\" data-elementor-post-type=\"elementor_library\">\n\t\t\t\t\t<section class=\"elementor-section elementor-top-section elementor-element elementor-element-485e576a elementor-section-boxed elementor-section-height-default elementor-section-height-default\" data-id=\"485e576a\" data-element_type=\"section\" data-e-type=\"section\">\n\t\t\t\t\t\t<div class=\"elementor-container elementor-column-gap-default\">\n\t\t\t\t\t<div class=\"elementor-column elementor-col-100 elementor-top-column elementor-element elementor-element-635c38c0\" data-id=\"635c38c0\" data-element_type=\"column\" data-e-type=\"column\">\n\t\t\t<div class=\"elementor-widget-wrap elementor-element-populated\">\n\t\t\t\t\t\t<div class=\"elementor-element elementor-element-3ba95c8a elementor-toc--minimized-on-tablet elementor-widget elementor-widget-table-of-contents\" data-id=\"3ba95c8a\" data-element_type=\"widget\" data-e-type=\"widget\" data-settings=\"{&quot;exclude_headings_by_selector&quot;:&quot;.toc-remove&quot;,&quot;headings_by_tags&quot;:[&quot;h2&quot;,&quot;h3&quot;],&quot;marker_view&quot;:&quot;numbers&quot;,&quot;no_headings_message&quot;:&quot;No headings were found on this page.&quot;,&quot;minimize_box&quot;:&quot;yes&quot;,&quot;minimized_on&quot;:&quot;tablet&quot;,&quot;hierarchical_view&quot;:&quot;yes&quot;,&quot;min_height&quot;:{&quot;unit&quot;:&quot;px&quot;,&quot;size&quot;:&quot;&quot;,&quot;sizes&quot;:[]},&quot;min_height_laptop&quot;:{&quot;unit&quot;:&quot;px&quot;,&quot;size&quot;:&quot;&quot;,&quot;sizes&quot;:[]},&quot;min_height_tablet&quot;:{&quot;unit&quot;:&quot;px&quot;,&quot;size&quot;:&quot;&quot;,&quot;sizes&quot;:[]},&quot;min_height_mobile&quot;:{&quot;unit&quot;:&quot;px&quot;,&quot;size&quot;:&quot;&quot;,&quot;sizes&quot;:[]}}\" data-widget_type=\"table-of-contents.default\">\n\t\t\t\t\t\t\t\t\t<div class=\"elementor-toc__header\">\n\t\t\t\t\t\t<div class=\"elementor-toc__header-title\">\n\t\t\t\tTable of Contents\t\t\t<\/div>\n\t\t\t\t\t\t\t\t\t\t<div class=\"elementor-toc__toggle-button elementor-toc__toggle-button--expand\" role=\"button\" tabindex=\"0\" aria-controls=\"elementor-toc__3ba95c8a\" aria-expanded=\"true\" aria-label=\"Open table of contents\"><svg aria-hidden=\"true\" class=\"e-font-icon-svg e-fas-chevron-down\" viewBox=\"0 0 448 512\" xmlns=\"http:\/\/www.w3.org\/2000\/svg\"><path d=\"M207.029 381.476L12.686 187.132c-9.373-9.373-9.373-24.569 0-33.941l22.667-22.667c9.357-9.357 24.522-9.375 33.901-.04L224 284.505l154.745-154.021c9.379-9.335 24.544-9.317 33.901.04l22.667 22.667c9.373 9.373 9.373 24.569 0 33.941L240.971 381.476c-9.373 9.372-24.569 9.372-33.942 0z\"><\/path><\/svg><\/div>\n\t\t\t\t<div class=\"elementor-toc__toggle-button elementor-toc__toggle-button--collapse\" role=\"button\" tabindex=\"0\" aria-controls=\"elementor-toc__3ba95c8a\" aria-expanded=\"true\" aria-label=\"Close table of contents\"><svg aria-hidden=\"true\" class=\"e-font-icon-svg e-fas-chevron-up\" viewBox=\"0 0 448 512\" xmlns=\"http:\/\/www.w3.org\/2000\/svg\"><path d=\"M240.971 130.524l194.343 194.343c9.373 9.373 9.373 24.569 0 33.941l-22.667 22.667c-9.357 9.357-24.522 9.375-33.901.04L224 227.495 69.255 381.516c-9.379 9.335-24.544 9.317-33.901-.04l-22.667-22.667c-9.373-9.373-9.373-24.569 0-33.941L207.03 130.525c9.372-9.373 24.568-9.373 33.941-.001z\"><\/path><\/svg><\/div>\n\t\t\t\t\t<\/div>\n\t\t\t\t<div id=\"elementor-toc__3ba95c8a\" class=\"elementor-toc__body\">\n\t\t\t<div class=\"elementor-toc__spinner-container\">\n\t\t\t\t<svg class=\"elementor-toc__spinner eicon-animation-spin e-font-icon-svg e-eicon-loading\" aria-hidden=\"true\" viewBox=\"0 0 1000 1000\" xmlns=\"http:\/\/www.w3.org\/2000\/svg\"><path d=\"M500 975V858C696 858 858 696 858 500S696 142 500 142 142 304 142 500H25C25 237 238 25 500 25S975 237 975 500 763 975 500 975Z\"><\/path><\/svg>\t\t\t<\/div>\n\t\t<\/div>\n\t\t\t\t\t\t<\/div>\n\t\t\t\t\t<\/div>\n\t\t<\/div>\n\t\t\t\t\t<\/div>\n\t\t<\/section>\n\t\t\t\t<\/div>\n\t\t\n<h2>Tipos de lesiones en las manos por accidentes de tr\u00e1fico<\/h2>\n<p>Los accidentes de coche pueden causar diversas lesiones en las manos, entre ellas:<\/p>\n<ul>\n<li><strong>Fracturas<\/strong>: Los huesos de la mano pueden romperse o hacerse a\u00f1icos. Las fracturas m\u00e1s comunes afectan a las falanges (huesos de los dedos) y a los metacarpianos (huesos de la palma de la mano).<\/li>\n<li><strong>Dislocaciones<\/strong>: Las articulaciones de la mano, especialmente los nudillos, pueden desalinearse.<\/li>\n<li><strong>Laceraciones<\/strong>: Los traumatismos cortantes o contusos pueden provocar cortes o desgarros en la piel y los tejidos subyacentes.<\/li>\n<li><strong>Lesiones de tendones<\/strong>: Los tendones, que conectan los m\u00fasculos a los huesos, pueden estirarse, desgarrarse o seccionarse.<\/li>\n<li><strong>Da\u00f1os en los nervios<\/strong>: Los nervios de la mano pueden comprimirse o cortarse, provocando dolor, entumecimiento o debilidad.<\/li>\n<\/ul>\n<h2>Lesiones comunes en la mano por accidentes automovil\u00edsticos<\/h2>\n<p>Los accidentes automovil\u00edsticos con frecuencia resultan en una variedad de lesiones en las manos, incluyendo:<\/p>\n<ul>\n<li><strong>Fracturas<\/strong>: Los huesos de la mano, como las falanges (huesos de los dedos) y los metacarpianos (huesos de la palma), pueden romperse o hacerse a\u00f1icos.<\/li>\n<li><strong>Dislocaciones<\/strong>: Las articulaciones de la mano, especialmente los nudillos, pueden salirse de su alineaci\u00f3n normal.<\/li>\n<li><strong>Laceraciones<\/strong>: Los traumatismos cortantes o contusos durante un accidente pueden provocar cortes o desgarros en la piel y los tejidos subyacentes.<\/li>\n<li><strong>Lesiones de tendones<\/strong>: Los tendones, que conectan los m\u00fasculos a los huesos, pueden estirarse, desgarrarse o seccionarse por completo.<\/li>\n<li><strong>Da\u00f1os en los nervios<\/strong>: Los nervios dentro de la mano pueden ser comprimidos o cortados, causando dolor, entumecimiento o debilidad.<\/li>\n<\/ul>\n<p>En Apex Orthopaedics Spine &amp; Neurology, estamos equipados para diagnosticar y tratar eficazmente este tipo de lesiones, ayudando a los pacientes a recuperar la funci\u00f3n y minimizar los efectos a largo plazo.<\/p>\n<p><a href=\"https:\/\/www.apexosn.com\/wp-content\/uploads\/2024\/05\/shutterstock_1704906196.jpg\"><img fetchpriority=\"high\" decoding=\"async\" class=\"alignnone size-full wp-image-4482\" src=\"https:\/\/www.apexosn.com\/wp-content\/uploads\/2024\/05\/shutterstock_1704906196.jpg\" alt=\"Hand Injury in North Carolina\" width=\"500\" height=\"334\" srcset=\"https:\/\/www.apexosn.com\/wp-content\/uploads\/2024\/05\/shutterstock_1704906196.jpg 500w, https:\/\/www.apexosn.com\/wp-content\/uploads\/2024\/05\/shutterstock_1704906196-300x200.jpg 300w\" sizes=\"(max-width: 500px) 100vw, 500px\" \/><\/a><\/p>\n<h2>S\u00edntomas de las lesiones en las manos por accidentes de tr\u00e1fico<\/h2>\n<p>Los s\u00edntomas de las lesiones en las manos var\u00edan en funci\u00f3n del tipo y la gravedad de la lesi\u00f3n, pero suelen incluir:<\/p>\n<ul>\n<li>Dolor intenso e hinchaz\u00f3n<\/li>\n<li>Disminuci\u00f3n de la amplitud de movimiento<\/li>\n<li>Moratones o enrojecimiento<\/li>\n<li>Deformidad de la estructura de la mano<\/li>\n<li>Entumecimiento u hormigueo, que indican posibles da\u00f1os nerviosos<\/li>\n<li>Dificultad para realizar tareas que requieran destreza con la mano y los dedos<\/li>\n<\/ul>\n<p>En Apex Orthopaedics Spine &amp; Neurology, evaluamos estos s\u00edntomas para ofrecer un tratamiento espec\u00edfico que ayude a los pacientes a recuperar la plena funcionalidad y el confort.<\/p>\n<h2>Diagn\u00f3stico eficaz de las lesiones de mano<\/h2>\n<p>En Apex Orthopaedics Spine &amp; Neurology, el proceso de diagn\u00f3stico de una lesi\u00f3n en la mano comienza con un examen f\u00edsico completo y una revisi\u00f3n detallada de la historia del paciente para comprender plenamente la mec\u00e1nica de la lesi\u00f3n. Las pruebas de imagen, como las radiograf\u00edas, se utilizan habitualmente para evaluar las lesiones \u00f3seas. Para una evaluaci\u00f3n m\u00e1s detallada de los da\u00f1os en los tejidos blandos, como las lesiones tendinosas o nerviosas, puede ser necesario realizar un TAC o una resonancia magn\u00e9tica.<\/p>\n<h2>Tratamiento eficaz de las lesiones de mano<\/h2>\n<p>El enfoque del tratamiento de las lesiones de la mano en Apex Orthopaedics Spine &amp; Neurology var\u00eda en funci\u00f3n de las caracter\u00edsticas espec\u00edficas de la lesi\u00f3n. Ofrecemos una amplia gama de tratamientos quir\u00fargicos y no quir\u00fargicos:<\/p>\n<h3>Tratamientos Conservadores:<\/h3>\n<p><strong>Inmovilizaci\u00f3n<\/strong>: Se pueden utilizar f\u00e9rulas o yesos para estabilizar la mano y evitar lesiones mayores durante el proceso de curaci\u00f3n.<br \/>\n<strong>Medicaci\u00f3n<\/strong>: Los analg\u00e9sicos y antiinflamatorios pueden controlar eficazmente el dolor y reducir la hinchaz\u00f3n.<br \/>\n<strong>Fisioterapia<\/strong>: La fisioterapia es crucial para restablecer la funcionalidad y consiste en ejercicios para mejorar la amplitud de movimiento, la fuerza y la destreza.<\/p>\n<h3>Tratamientos intervencionistas:<\/h3>\n<p><strong>Inyecciones de corticosteroides<\/strong>: Estas inyecciones pueden ayudar a reducir la inflamaci\u00f3n en casos de tendinitis grave o inflamaci\u00f3n articular.<\/p>\n<h3>Opciones quir\u00fargicas:<\/h3>\n<p><strong>Reparaci\u00f3n de fracturas<\/strong>: La cirug\u00eda puede ser necesaria para realinear y estabilizar los huesos fracturados utilizando clavos, tornillos o placas.<br \/>\n<strong>Reparaci\u00f3n de tendones<\/strong>: Los tendones seccionados o gravemente da\u00f1ados pueden requerir una reinserci\u00f3n quir\u00fargica para restablecer la funci\u00f3n de la mano.<br \/>\n<strong>Reparaci\u00f3n de nervios<\/strong>: En casos de lesiones nerviosas, puede ser necesaria la microcirug\u00eda para restablecer las funciones sensoriales y motoras.<br \/>\n<strong>Cirug\u00eda reconstructiva<\/strong>: Despu\u00e9s de traumatismos graves, la cirug\u00eda reconstructiva puede ser esencial para reconstruir la mano.<\/p>\n<p>En Apex Orthopaedics Spine &amp; Neurology, adaptamos los planes de tratamiento para satisfacer las necesidades \u00fanicas de cada paciente, garantizando una atenci\u00f3n integral y unos resultados \u00f3ptimos.<\/p>\n<h2>Rehabilitaci\u00f3n y recuperaci\u00f3n de las lesiones de mano<\/h2>\n<p>La rehabilitaci\u00f3n es una parte vital del tratamiento de las lesiones de mano. En Apex Orthopaedics Spine &amp; Neurology, creamos programas de rehabilitaci\u00f3n personalizados adaptados a las necesidades \u00fanicas de cada paciente. La terapia inicial tiene como objetivo reducir la hinchaz\u00f3n y prevenir la rigidez. A medida que progresa la curaci\u00f3n, se introducen gradualmente ejercicios dise\u00f1ados para mejorar la flexibilidad, la fuerza y la coordinaci\u00f3n.<\/p>\n<h2>Atenci\u00f3n experta para lesiones de la mano<\/h2>\n<p>En Apex Orthopaedics Spine &amp; Neurology, nuestro equipo de experimentados especialistas ortop\u00e9dicos, cirujanos y terapeutas de rehabilitaci\u00f3n se dedica a tratar las lesiones de la mano provocadas por accidentes de tr\u00e1fico. Equipado con instalaciones de \u00faltima generaci\u00f3n y un enfoque hol\u00edstico, ofrecemos planes de atenci\u00f3n personalizada adaptados a las necesidades de cada paciente para garantizar una recuperaci\u00f3n r\u00e1pida y eficaz.<\/p>\n<p>Si ha sufrido una lesi\u00f3n en la mano en un accidente de coche, Apex Orthopaedics Spine &amp; Neurology es su socio en la recuperaci\u00f3n. Desde herramientas de diagn\u00f3stico avanzadas hasta tratamientos quir\u00fargicos y no quir\u00fargicos expertos, junto con servicios integrales de rehabilitaci\u00f3n, nos comprometemos a restaurar la funci\u00f3n de su mano y a ayudarle a recuperar su vida normal. Conf\u00ede en nosotros para recibir la atenci\u00f3n de alta calidad necesaria para curar su lesi\u00f3n en la mano y lograr una salud \u00f3ptima.<\/p>\n","protected":false},"excerpt":{"rendered":"<p>Las lesiones en las manos son alarmantemente frecuentes en los accidentes de tr\u00e1fico, ya que el instinto natural de prepararse para el impacto puede provocar traumatismos importantes en las manos y las mu\u00f1ecas. La mano es una estructura compleja compuesta por huesos, ligamentos, tendones y nervios, todos ellos susceptibles de sufrir da\u00f1os durante las colisiones. [&hellip;]<\/p>\n","protected":false},"author":25,"featured_media":0,"parent":0,"menu_order":0,"comment_status":"closed","ping_status":"closed","template":"","meta":{"_acf_changed":false,"footnotes":""},"categories":[],"tags":[],"class_list":["post-4917","page","type-page","status-publish","hentry"],"acf":[],"_links":{"self":[{"href":"https:\/\/www.apexosn.com\/es\/wp-json\/wp\/v2\/pages\/4917","targetHints":{"allow":["GET"]}}],"collection":[{"href":"https:\/\/www.apexosn.com\/es\/wp-json\/wp\/v2\/pages"}],"about":[{"href":"https:\/\/www.apexosn.com\/es\/wp-json\/wp\/v2\/types\/page"}],"author":[{"embeddable":true,"href":"https:\/\/www.apexosn.com\/es\/wp-json\/wp\/v2\/users\/25"}],"replies":[{"embeddable":true,"href":"https:\/\/www.apexosn.com\/es\/wp-json\/wp\/v2\/comments?post=4917"}],"version-history":[{"count":2,"href":"https:\/\/www.apexosn.com\/es\/wp-json\/wp\/v2\/pages\/4917\/revisions"}],"predecessor-version":[{"id":4919,"href":"https:\/\/www.apexosn.com\/es\/wp-json\/wp\/v2\/pages\/4917\/revisions\/4919"}],"wp:attachment":[{"href":"https:\/\/www.apexosn.com\/es\/wp-json\/wp\/v2\/media?parent=4917"}],"wp:term":[{"taxonomy":"category","embeddable":true,"href":"https:\/\/www.apexosn.com\/es\/wp-json\/wp\/v2\/categories?post=4917"},{"taxonomy":"post_tag","embeddable":true,"href":"https:\/\/www.apexosn.com\/es\/wp-json\/wp\/v2\/tags?post=4917"}],"curies":[{"name":"wp","href":"https:\/\/api.w.org\/{rel}","templated":true}]}}