{"id":4909,"date":"2024-05-21T10:14:31","date_gmt":"2024-05-21T15:14:31","guid":{"rendered":"https:\/\/www.apexosn.com\/lesion-de-codo\/"},"modified":"2024-05-25T05:12:35","modified_gmt":"2024-05-25T10:12:35","slug":"lesion-de-codo","status":"publish","type":"page","link":"https:\/\/www.apexosn.com\/es\/lesion-de-codo\/","title":{"rendered":"Lesi\u00f3n de codo"},"content":{"rendered":"<p>Una lesi\u00f3n de codo suele ser consecuencia de ca\u00eddas, percances deportivos o impactos directos, lo que las convierte en un problema frecuente. El codo, una articulaci\u00f3n compleja, conecta los huesos del antebrazo (radio y c\u00fabito) con el hueso de la parte superior del brazo (h\u00famero), facilitando los movimientos de flexi\u00f3n y rotaci\u00f3n.<\/p>\n<p>Los da\u00f1os en esta articulaci\u00f3n vital pueden mermar considerablemente la capacidad de realizar actividades cotidianas, desde acciones b\u00e1sicas como levantar objetos hasta tareas m\u00e1s complejas que requieren girar o doblar el brazo. Apex Orthopaedics Spine &amp; Neurology se especializa en el diagn\u00f3stico y tratamiento de este tipo de lesiones para ayudar a restaurar la funci\u00f3n y aliviar el malestar.<\/p>\n\t\t<div data-elementor-type=\"section\" data-elementor-id=\"208\" class=\"elementor elementor-208\" data-elementor-post-type=\"elementor_library\">\n\t\t\t\t\t<section class=\"elementor-section elementor-top-section elementor-element elementor-element-485e576a elementor-section-boxed elementor-section-height-default elementor-section-height-default\" data-id=\"485e576a\" data-element_type=\"section\" data-e-type=\"section\">\n\t\t\t\t\t\t<div class=\"elementor-container elementor-column-gap-default\">\n\t\t\t\t\t<div class=\"elementor-column elementor-col-100 elementor-top-column elementor-element elementor-element-635c38c0\" data-id=\"635c38c0\" data-element_type=\"column\" data-e-type=\"column\">\n\t\t\t<div class=\"elementor-widget-wrap elementor-element-populated\">\n\t\t\t\t\t\t<div class=\"elementor-element elementor-element-3ba95c8a elementor-toc--minimized-on-tablet elementor-widget elementor-widget-table-of-contents\" data-id=\"3ba95c8a\" data-element_type=\"widget\" data-e-type=\"widget\" data-settings=\"{&quot;exclude_headings_by_selector&quot;:&quot;.toc-remove&quot;,&quot;headings_by_tags&quot;:[&quot;h2&quot;,&quot;h3&quot;],&quot;marker_view&quot;:&quot;numbers&quot;,&quot;no_headings_message&quot;:&quot;No se ha encontrado ning\\u00fan encabezado en esta p\\u00e1gina.&quot;,&quot;minimize_box&quot;:&quot;yes&quot;,&quot;minimized_on&quot;:&quot;tablet&quot;,&quot;hierarchical_view&quot;:&quot;yes&quot;,&quot;min_height&quot;:{&quot;unit&quot;:&quot;px&quot;,&quot;size&quot;:&quot;&quot;,&quot;sizes&quot;:[]},&quot;min_height_laptop&quot;:{&quot;unit&quot;:&quot;px&quot;,&quot;size&quot;:&quot;&quot;,&quot;sizes&quot;:[]},&quot;min_height_tablet&quot;:{&quot;unit&quot;:&quot;px&quot;,&quot;size&quot;:&quot;&quot;,&quot;sizes&quot;:[]},&quot;min_height_mobile&quot;:{&quot;unit&quot;:&quot;px&quot;,&quot;size&quot;:&quot;&quot;,&quot;sizes&quot;:[]}}\" data-widget_type=\"table-of-contents.default\">\n\t\t\t\t\t\t\t\t\t<div class=\"elementor-toc__header\">\n\t\t\t\t\t\t<div class=\"elementor-toc__header-title\">\n\t\t\t\tTable of Contents\t\t\t<\/div>\n\t\t\t\t\t\t\t\t\t\t<div class=\"elementor-toc__toggle-button elementor-toc__toggle-button--expand\" role=\"button\" tabindex=\"0\" aria-controls=\"elementor-toc__3ba95c8a\" aria-expanded=\"true\" aria-label=\"Abrir la tabla de contenidos\"><svg aria-hidden=\"true\" class=\"e-font-icon-svg e-fas-chevron-down\" viewBox=\"0 0 448 512\" xmlns=\"http:\/\/www.w3.org\/2000\/svg\"><path d=\"M207.029 381.476L12.686 187.132c-9.373-9.373-9.373-24.569 0-33.941l22.667-22.667c9.357-9.357 24.522-9.375 33.901-.04L224 284.505l154.745-154.021c9.379-9.335 24.544-9.317 33.901.04l22.667 22.667c9.373 9.373 9.373 24.569 0 33.941L240.971 381.476c-9.373 9.372-24.569 9.372-33.942 0z\"><\/path><\/svg><\/div>\n\t\t\t\t<div class=\"elementor-toc__toggle-button elementor-toc__toggle-button--collapse\" role=\"button\" tabindex=\"0\" aria-controls=\"elementor-toc__3ba95c8a\" aria-expanded=\"true\" aria-label=\"Cerrar la tabla de contenidos\"><svg aria-hidden=\"true\" class=\"e-font-icon-svg e-fas-chevron-up\" viewBox=\"0 0 448 512\" xmlns=\"http:\/\/www.w3.org\/2000\/svg\"><path d=\"M240.971 130.524l194.343 194.343c9.373 9.373 9.373 24.569 0 33.941l-22.667 22.667c-9.357 9.357-24.522 9.375-33.901.04L224 227.495 69.255 381.516c-9.379 9.335-24.544 9.317-33.901-.04l-22.667-22.667c-9.373-9.373-9.373-24.569 0-33.941L207.03 130.525c9.372-9.373 24.568-9.373 33.941-.001z\"><\/path><\/svg><\/div>\n\t\t\t\t\t<\/div>\n\t\t\t\t<div id=\"elementor-toc__3ba95c8a\" class=\"elementor-toc__body\">\n\t\t\t<div class=\"elementor-toc__spinner-container\">\n\t\t\t\t<svg class=\"elementor-toc__spinner eicon-animation-spin e-font-icon-svg e-eicon-loading\" aria-hidden=\"true\" viewBox=\"0 0 1000 1000\" xmlns=\"http:\/\/www.w3.org\/2000\/svg\"><path d=\"M500 975V858C696 858 858 696 858 500S696 142 500 142 142 304 142 500H25C25 237 238 25 500 25S975 237 975 500 763 975 500 975Z\"><\/path><\/svg>\t\t\t<\/div>\n\t\t<\/div>\n\t\t\t\t\t\t<\/div>\n\t\t\t\t\t<\/div>\n\t\t<\/div>\n\t\t\t\t\t<\/div>\n\t\t<\/section>\n\t\t\t\t<\/div>\n\t\t\n<h2>Tipos comunes de lesiones de codo<\/h2>\n<p>Las lesiones de codo suelen ser consecuencia de accidentes y su gravedad puede variar considerablemente:<\/p>\n<p><strong>Fracturas<\/strong>: Se producen cuando uno o m\u00e1s huesos de la articulaci\u00f3n del codo se rompen. Las fracturas pueden ir desde peque\u00f1as fisuras hasta casos m\u00e1s graves en los que el hueso se rompe o se desplaza.<\/p>\n<p><strong>Dislocaciones<\/strong>: Este tipo de lesi\u00f3n se produce cuando los huesos del codo se ven forzados a salir de su alineaci\u00f3n habitual, provocando generalmente un dolor intenso y una p\u00e9rdida de movilidad de la articulaci\u00f3n.<\/p>\n<p><strong>Esguinces y distensiones<\/strong>: Estas lesiones afectan a los ligamentos (esguinces) que unen los huesos o a los m\u00fasculos (distensiones) que rodean el codo, comprometiendo la estabilidad y funcionalidad de la articulaci\u00f3n.<\/p>\n<p><strong>Tendinitis<\/strong>: Esta afecci\u00f3n surge por el uso excesivo o la lesi\u00f3n de los tendones del codo, lo que provoca dolor y sensibilidad alrededor de la articulaci\u00f3n.<\/p>\n<p><strong>Bursitis<\/strong>: Se caracteriza por la inflamaci\u00f3n de la bursa, peque\u00f1os sacos llenos de l\u00edquido que amortiguan la articulaci\u00f3n del codo, normalmente debido a la presi\u00f3n repetida o a un traumatismo.<\/p>\n<p>En Apex Orthopaedics Spine &amp; Neurology, estamos especializados en el diagn\u00f3stico y tratamiento de estos diversos tipos de lesiones de codo para ayudar a los pacientes a recuperar su funci\u00f3n normal y su comodidad.<\/p>\n<h2>S\u00edntomas de una lesi\u00f3n de codo<\/h2>\n<p>Los s\u00edntomas de las lesiones de codo pueden variar en funci\u00f3n del tipo y la gravedad de la lesi\u00f3n, pero suelen incluir:<\/p>\n<ul>\n<li>Dolor y sensibilidad en la zona del codo<\/li>\n<li>Hinchaz\u00f3n y hematomas<\/li>\n<li>Dificultades para flexionar o extender el brazo<\/li>\n<li>Deformidad o desplazamiento visibles en el codo<\/li>\n<li>Sensaci\u00f3n de inestabilidad en el codo<\/li>\n<li>Debilidad o dificultad para transportar objetos<\/li>\n<\/ul>\n<p>En Apex Orthopaedics Spine &amp; Neurology, evaluamos estos s\u00edntomas para proporcionar un diagn\u00f3stico preciso y un plan de tratamiento eficaz, ayudando a los pacientes a recuperar la funci\u00f3n del codo y reducir las molestias.<\/p>\n<p><a href=\"https:\/\/www.apexosn.com\/wp-content\/uploads\/2024\/05\/shutterstock_350675540.jpg\"><img fetchpriority=\"high\" decoding=\"async\" class=\"alignnone size-full wp-image-4458\" src=\"https:\/\/www.apexosn.com\/wp-content\/uploads\/2024\/05\/shutterstock_350675540.jpg\" alt=\"Elbow injury in North Carolina\" width=\"500\" height=\"334\" srcset=\"https:\/\/www.apexosn.com\/wp-content\/uploads\/2024\/05\/shutterstock_350675540.jpg 500w, https:\/\/www.apexosn.com\/wp-content\/uploads\/2024\/05\/shutterstock_350675540-300x200.jpg 300w\" sizes=\"(max-width: 500px) 100vw, 500px\" \/><\/a><\/p>\n<h2>Proceso de diagn\u00f3stico de una lesi\u00f3n de codo<\/h2>\n<p>En Apex Orthopaedics Spine &amp; Neurology, el diagn\u00f3stico de una lesi\u00f3n de codo comienza con un examen f\u00edsico detallado y una revisi\u00f3n del historial m\u00e9dico del paciente. Esta evaluaci\u00f3n inicial suele ir seguida de pruebas de imagen, como radiograf\u00edas, resonancias magn\u00e9ticas o tomograf\u00edas computarizadas, que ayudan a determinar el alcance total de la lesi\u00f3n y orientan la formulaci\u00f3n de una estrategia de tratamiento eficaz.<\/p>\n<h2>Enfoques de tratamiento de las lesiones de codo<\/h2>\n<p>El tratamiento de las lesiones de codo en Apex Orthopaedics Spine &amp; Neurology var\u00eda en funci\u00f3n del tipo y la gravedad de la lesi\u00f3n. Ofrecemos una amplia gama de opciones de tratamiento:<\/p>\n<h3>Tratamientos conservadores:<\/h3>\n<p><strong>Medicaci\u00f3n<\/strong>: Utilizados para aliviar el dolor y reducir la inflamaci\u00f3n.<br \/>\n<strong>Fisioterapia<\/strong>: Ejercicios personalizados para restaurar la funci\u00f3n, mejorar la fuerza y disminuir el dolor.<br \/>\n<strong>F\u00e9rula o entablillado<\/strong>: La inmovilizaci\u00f3n ayuda al proceso de curaci\u00f3n y evita da\u00f1os mayores.<\/p>\n<h3>Tratamientos intervencionistas:<\/h3>\n<p><strong>Inyecciones de corticosteroides<\/strong>: A menudo se administran para disminuir la inflamaci\u00f3n en casos graves de tendinitis o bursitis.<br \/>\n<strong>Inyecciones de plasma rico en plaquetas (PRP)<\/strong>: Aprovecha las plaquetas del propio paciente para favorecer una curaci\u00f3n m\u00e1s r\u00e1pida de tendones, ligamentos, m\u00fasculos y articulaciones lesionados.<\/p>\n<h3>Opciones quir\u00fargicas:<\/h3>\n<p><strong>Reparaci\u00f3n de fracturas<\/strong>: La cirug\u00eda puede ser necesaria para realinear y estabilizar los huesos rotos.<br \/>\n<strong>Reparaci\u00f3n de tendones<\/strong>: Necesaria para desgarros en los tendones que rodean el codo.<br \/>\n<strong>Sustituci\u00f3n articular<\/strong>: Considerada en casos graves, especialmente para pacientes de edad avanzada con grandes da\u00f1os articulares.<\/p>\n<p>Nuestro objetivo es proporcionar una atenci\u00f3n eficaz e individualizada para garantizar la mejor recuperaci\u00f3n y funcionalidad posibles de nuestros pacientes.<\/p>\n<h2>Rehabilitaci\u00f3n y recuperaci\u00f3n de lesiones de codo<\/h2>\n<p>La recuperaci\u00f3n de una lesi\u00f3n de codo puede variar de un paciente a otro; sin embargo, con un plan de tratamiento adecuado, muchas personas pueden recuperar la plena funcionalidad. La rehabilitaci\u00f3n es un aspecto fundamental del proceso de recuperaci\u00f3n en Apex Orthopaedics Spine &amp; Neurology. Por lo general, comienza con ejercicios de movimiento suave para mejorar la flexibilidad y progresa gradualmente a los ejercicios de entrenamiento de fuerza para fortalecer los m\u00fasculos que rodean el codo, lo que garantiza una recuperaci\u00f3n completa y eficaz.<\/p>\n<h2>Atenci\u00f3n experta para lesiones de codo en Apex Orthopaedics Spine &amp; Neurology<\/h2>\n<p>Apex Orthopaedics Spine &amp; Neurology es l\u00edder en el tratamiento de lesiones musculoesquel\u00e9ticas, incluidas las que afectan al codo. Nuestro equipo multidisciplinar, compuesto por cirujanos ortop\u00e9dicos, especialistas en el tratamiento del dolor y fisioterapeutas, colabora estrechamente para crear planes de atenci\u00f3n personalizados adaptados a las necesidades espec\u00edficas de cada paciente.<\/p>\n<p>Desde su consulta inicial, le proporcionamos una atenci\u00f3n integral que abarca el diagn\u00f3stico por imagen m\u00e1s avanzado, tratamientos quir\u00fargicos y no quir\u00fargicos de vanguardia y programas de rehabilitaci\u00f3n a medida. Nuestro objetivo no es s\u00f3lo aliviar sus s\u00edntomas, sino restablecer la plena funcionalidad y prevenir nuevas lesiones.<\/p>\n<p>Si sufre una lesi\u00f3n de codo, Apex Orthopaedics Spine &amp; Neurology est\u00e1 preparado para ayudarle. Nuestro equipo dedicado se compromete a ofrecer el m\u00e1s alto nivel de atenci\u00f3n, desde la primera evaluaci\u00f3n a trav\u00e9s de su recuperaci\u00f3n completa. Conf\u00ede en nosotros para recuperar una salud \u00f3ptima con tratamientos avanzados y un enfoque centrado en el paciente. Elija Apex Orthopaedics Spine &amp; Neurology para recibir atenci\u00f3n experta y apoyo para recuperar su estilo de vida activo. Ll\u00e1menos hoy al <a href=\"tel:+17044123045\"><i class=\"fa fa-phone-alt\"><\/i>704-412-3045<\/a> para programar su cita.<\/p>\n","protected":false},"excerpt":{"rendered":"<p>Una lesi\u00f3n de codo suele ser consecuencia de ca\u00eddas, percances deportivos o impactos directos, lo que las convierte en un problema frecuente. El codo, una articulaci\u00f3n compleja, conecta los huesos del antebrazo (radio y c\u00fabito) con el hueso de la parte superior del brazo (h\u00famero), facilitando los movimientos de flexi\u00f3n y rotaci\u00f3n. Los da\u00f1os en [&hellip;]<\/p>\n","protected":false},"author":25,"featured_media":0,"parent":0,"menu_order":0,"comment_status":"closed","ping_status":"closed","template":"","meta":{"_acf_changed":false,"footnotes":""},"categories":[],"tags":[],"class_list":["post-4909","page","type-page","status-publish","hentry"],"acf":[],"_links":{"self":[{"href":"https:\/\/www.apexosn.com\/es\/wp-json\/wp\/v2\/pages\/4909","targetHints":{"allow":["GET"]}}],"collection":[{"href":"https:\/\/www.apexosn.com\/es\/wp-json\/wp\/v2\/pages"}],"about":[{"href":"https:\/\/www.apexosn.com\/es\/wp-json\/wp\/v2\/types\/page"}],"author":[{"embeddable":true,"href":"https:\/\/www.apexosn.com\/es\/wp-json\/wp\/v2\/users\/25"}],"replies":[{"embeddable":true,"href":"https:\/\/www.apexosn.com\/es\/wp-json\/wp\/v2\/comments?post=4909"}],"version-history":[{"count":2,"href":"https:\/\/www.apexosn.com\/es\/wp-json\/wp\/v2\/pages\/4909\/revisions"}],"predecessor-version":[{"id":4911,"href":"https:\/\/www.apexosn.com\/es\/wp-json\/wp\/v2\/pages\/4909\/revisions\/4911"}],"wp:attachment":[{"href":"https:\/\/www.apexosn.com\/es\/wp-json\/wp\/v2\/media?parent=4909"}],"wp:term":[{"taxonomy":"category","embeddable":true,"href":"https:\/\/www.apexosn.com\/es\/wp-json\/wp\/v2\/categories?post=4909"},{"taxonomy":"post_tag","embeddable":true,"href":"https:\/\/www.apexosn.com\/es\/wp-json\/wp\/v2\/tags?post=4909"}],"curies":[{"name":"wp","href":"https:\/\/api.w.org\/{rel}","templated":true}]}}