{"id":4902,"date":"2024-05-14T09:30:44","date_gmt":"2024-05-14T14:30:44","guid":{"rendered":"https:\/\/www.apexosn.com\/charlotte-nc\/rayos-x-en-charlotte\/"},"modified":"2024-05-25T05:06:03","modified_gmt":"2024-05-25T10:06:03","slug":"rayos-x-en-charlotte","status":"publish","type":"page","link":"https:\/\/www.apexosn.com\/es\/charlotte-nc\/rayos-x-en-charlotte\/","title":{"rendered":"Rayos X en Charlotte"},"content":{"rendered":"<p>Las radiograf\u00edas son una herramienta fundamental en el arsenal diagn\u00f3stico de los profesionales sanitarios. Esta t\u00e9cnica de imagen segura e indolora ofrece una manera r\u00e1pida y eficaz de visualizar los huesos y ciertos tejidos blandos dentro de su cuerpo. En Apex Orthopaedics Spine &amp; Neurology en Charlotte, utilizamos la tecnolog\u00eda de rayos X m\u00e1s avanzada para proporcionar diagn\u00f3sticos r\u00e1pidos y precisos para una amplia gama de afecciones musculoesquel\u00e9ticas.<\/p>\n<p>Programe una consulta hoy mismo. Obtenga m\u00e1s informaci\u00f3n acerca de c\u00f3mo los rayos X pueden ayudar a diagnosticar su condici\u00f3n y acelerar su camino hacia la recuperaci\u00f3n. Ll\u00e1menos al <a href=\"tel:+17044123045\"><i class=\"fa fa-phone-alt\"><\/i>704-412-3045<\/a> para empezar.<\/p>\n\t\t<div data-elementor-type=\"section\" data-elementor-id=\"208\" class=\"elementor elementor-208\" data-elementor-post-type=\"elementor_library\">\n\t\t\t\t\t<section class=\"elementor-section elementor-top-section elementor-element elementor-element-485e576a elementor-section-boxed elementor-section-height-default elementor-section-height-default\" data-id=\"485e576a\" data-element_type=\"section\" data-e-type=\"section\">\n\t\t\t\t\t\t<div class=\"elementor-container elementor-column-gap-default\">\n\t\t\t\t\t<div class=\"elementor-column elementor-col-100 elementor-top-column elementor-element elementor-element-635c38c0\" data-id=\"635c38c0\" data-element_type=\"column\" data-e-type=\"column\">\n\t\t\t<div class=\"elementor-widget-wrap elementor-element-populated\">\n\t\t\t\t\t\t<div class=\"elementor-element elementor-element-3ba95c8a elementor-toc--minimized-on-tablet elementor-widget elementor-widget-table-of-contents\" data-id=\"3ba95c8a\" data-element_type=\"widget\" data-e-type=\"widget\" data-settings=\"{&quot;exclude_headings_by_selector&quot;:&quot;.toc-remove&quot;,&quot;headings_by_tags&quot;:[&quot;h2&quot;,&quot;h3&quot;],&quot;marker_view&quot;:&quot;numbers&quot;,&quot;no_headings_message&quot;:&quot;No se ha encontrado ning\\u00fan encabezado en esta p\\u00e1gina.&quot;,&quot;minimize_box&quot;:&quot;yes&quot;,&quot;minimized_on&quot;:&quot;tablet&quot;,&quot;hierarchical_view&quot;:&quot;yes&quot;,&quot;min_height&quot;:{&quot;unit&quot;:&quot;px&quot;,&quot;size&quot;:&quot;&quot;,&quot;sizes&quot;:[]},&quot;min_height_laptop&quot;:{&quot;unit&quot;:&quot;px&quot;,&quot;size&quot;:&quot;&quot;,&quot;sizes&quot;:[]},&quot;min_height_tablet&quot;:{&quot;unit&quot;:&quot;px&quot;,&quot;size&quot;:&quot;&quot;,&quot;sizes&quot;:[]},&quot;min_height_mobile&quot;:{&quot;unit&quot;:&quot;px&quot;,&quot;size&quot;:&quot;&quot;,&quot;sizes&quot;:[]}}\" data-widget_type=\"table-of-contents.default\">\n\t\t\t\t\t\t\t\t\t<div class=\"elementor-toc__header\">\n\t\t\t\t\t\t<div class=\"elementor-toc__header-title\">\n\t\t\t\tTable of Contents\t\t\t<\/div>\n\t\t\t\t\t\t\t\t\t\t<div class=\"elementor-toc__toggle-button elementor-toc__toggle-button--expand\" role=\"button\" tabindex=\"0\" aria-controls=\"elementor-toc__3ba95c8a\" aria-expanded=\"true\" aria-label=\"Abrir la tabla de contenidos\"><svg aria-hidden=\"true\" class=\"e-font-icon-svg e-fas-chevron-down\" viewBox=\"0 0 448 512\" xmlns=\"http:\/\/www.w3.org\/2000\/svg\"><path d=\"M207.029 381.476L12.686 187.132c-9.373-9.373-9.373-24.569 0-33.941l22.667-22.667c9.357-9.357 24.522-9.375 33.901-.04L224 284.505l154.745-154.021c9.379-9.335 24.544-9.317 33.901.04l22.667 22.667c9.373 9.373 9.373 24.569 0 33.941L240.971 381.476c-9.373 9.372-24.569 9.372-33.942 0z\"><\/path><\/svg><\/div>\n\t\t\t\t<div class=\"elementor-toc__toggle-button elementor-toc__toggle-button--collapse\" role=\"button\" tabindex=\"0\" aria-controls=\"elementor-toc__3ba95c8a\" aria-expanded=\"true\" aria-label=\"Cerrar la tabla de contenidos\"><svg aria-hidden=\"true\" class=\"e-font-icon-svg e-fas-chevron-up\" viewBox=\"0 0 448 512\" xmlns=\"http:\/\/www.w3.org\/2000\/svg\"><path d=\"M240.971 130.524l194.343 194.343c9.373 9.373 9.373 24.569 0 33.941l-22.667 22.667c-9.357 9.357-24.522 9.375-33.901.04L224 227.495 69.255 381.516c-9.379 9.335-24.544 9.317-33.901-.04l-22.667-22.667c-9.373-9.373-9.373-24.569 0-33.941L207.03 130.525c9.372-9.373 24.568-9.373 33.941-.001z\"><\/path><\/svg><\/div>\n\t\t\t\t\t<\/div>\n\t\t\t\t<div id=\"elementor-toc__3ba95c8a\" class=\"elementor-toc__body\">\n\t\t\t<div class=\"elementor-toc__spinner-container\">\n\t\t\t\t<svg class=\"elementor-toc__spinner eicon-animation-spin e-font-icon-svg e-eicon-loading\" aria-hidden=\"true\" viewBox=\"0 0 1000 1000\" xmlns=\"http:\/\/www.w3.org\/2000\/svg\"><path d=\"M500 975V858C696 858 858 696 858 500S696 142 500 142 142 304 142 500H25C25 237 238 25 500 25S975 237 975 500 763 975 500 975Z\"><\/path><\/svg>\t\t\t<\/div>\n\t\t<\/div>\n\t\t\t\t\t\t<\/div>\n\t\t\t\t\t<\/div>\n\t\t<\/div>\n\t\t\t\t\t<\/div>\n\t\t<\/section>\n\t\t\t\t<\/div>\n\t\t\n<h2>\u00bfQu\u00e9 es una radiograf\u00eda?<\/h2>\n<p>Una radiograf\u00eda es un tipo de radiaci\u00f3n electromagn\u00e9tica que se utiliza para crear im\u00e1genes de las estructuras internas del cuerpo. Los tejidos m\u00e1s densos, como los huesos, absorben m\u00e1s rayos X y aparecen blancos en la imagen resultante. Los tejidos menos densos, como los m\u00fasculos y la grasa, absorben menos rayos X y aparecen en gris. El aire aparece negro en las radiograf\u00edas porque absorbe muy pocos rayos X.<\/p>\n<p>Las radiograf\u00edas son un procedimiento indoloro y r\u00e1pido, que s\u00f3lo requiere unos minutos. Son una valiosa herramienta de diagn\u00f3stico por varias razones.<\/p>\n<p><strong>Seguridad<\/strong>: En comparaci\u00f3n con otras t\u00e9cnicas de diagn\u00f3stico por imagen como el TAC, las radiograf\u00edas implican una dosis de radiaci\u00f3n significativamente menor.<br \/>\n<strong>Rapidez<\/strong>: Las radiograf\u00edas son una forma r\u00e1pida y eficaz de obtener im\u00e1genes, por lo que son ideales para situaciones de atenci\u00f3n urgente o cuando se necesita un diagn\u00f3stico r\u00e1pido.<br \/>\n<strong>Rentabilidad<\/strong>: Los rayos X son una modalidad de obtenci\u00f3n de im\u00e1genes relativamente econ\u00f3mica en comparaci\u00f3n con otras opciones.<br \/>\n<strong>Versatilidad<\/strong>: Los rayos X pueden utilizarse para obtener im\u00e1genes de diversas partes del cuerpo, como huesos, articulaciones, t\u00f3rax y abdomen.<\/p>\n<h2>\u00bfQu\u00e9 puede diagnosticar una radiograf\u00eda?<\/h2>\n<p>Las radiograf\u00edas se utilizan sobre todo para diagnosticar y evaluar enfermedades que afectan a huesos y articulaciones. He aqu\u00ed algunos ejemplos concretos.<\/p>\n<h3>Fracturas<\/h3>\n<p>Cuando se trata de diagnosticar fracturas, las radiograf\u00edas reinan. Proporcionan una imagen clara y detallada del hueso, revelando la localizaci\u00f3n exacta de la rotura, su tipo (l\u00ednea de fractura) e incluso la gravedad (desplazamiento de los fragmentos \u00f3seos). Esta informaci\u00f3n es crucial para determinar el plan de tratamiento m\u00e1s adecuado para una recuperaci\u00f3n r\u00e1pida y \u00f3ptima.<\/p>\n<h3>Problemas articulares<\/h3>\n<p>Las radiograf\u00edas act\u00faan como detectives de sus articulaciones. Pueden revelar signos de enfermedades articulares degenerativas como la artrosis, en la que se hace evidente el estrechamiento del espacio articular y la presencia de espolones \u00f3seos. Las radiograf\u00edas tambi\u00e9n pueden ayudar a diagnosticar luxaciones, en las que los huesos se salen de su posici\u00f3n normal, y desalineaciones, como angulaciones \u00f3seas anormales.<\/p>\n<h3>Infecciones \u00f3seas<\/h3>\n<p>Las infecciones \u00f3seas pueden ser un problema grave. Las radiograf\u00edas, aunque no son una herramienta diagn\u00f3stica definitiva de las infecciones, pueden ofrecer pistas valiosas. Pueden revelar zonas de p\u00e9rdida \u00f3sea o inflamaci\u00f3n, lo que puede ser indicativo de una infecci\u00f3n subyacente. Junto con otras pruebas diagn\u00f3sticas, las radiograf\u00edas pueden desempe\u00f1ar un papel de apoyo en la identificaci\u00f3n de infecciones \u00f3seas.<\/p>\n<h3>Osteoporosis<\/h3>\n<p>La osteoporosis, una enfermedad caracterizada por la p\u00e9rdida progresiva de masa \u00f3sea, puede ser dif\u00edcil de diagnosticar en sus primeras fases. Aunque no es una herramienta de diagn\u00f3stico definitiva, las radiograf\u00edas pueden proporcionar una visi\u00f3n de la densidad \u00f3sea. Comparando las radiograf\u00edas a lo largo del tiempo, los profesionales sanitarios pueden controlar los patrones de p\u00e9rdida \u00f3sea y evaluar el riesgo potencial de osteoporosis.<\/p>\n<h3>Seguimiento de la progresi\u00f3n de la artritis<\/h3>\n<p>Para las personas diagnosticadas de artritis, las radiograf\u00edas seriadas, tomadas peri\u00f3dicamente a lo largo del tiempo, se convierten en una valiosa herramienta para controlar la progresi\u00f3n de la enfermedad. Al comparar las radiograf\u00edas, los profesionales sanitarios pueden evaluar el estrechamiento del espacio articular, la formaci\u00f3n de espolones \u00f3seos y cualquier cambio en la alineaci\u00f3n de las articulaciones. Esta informaci\u00f3n ayuda a adaptar los planes de tratamiento y a controlar la eficacia de las estrategias de tratamiento.<\/p>\n<h3>Extracci\u00f3n de objetos extra\u00f1os<\/h3>\n<p>En casos de ingesti\u00f3n accidental de objetos extra\u00f1os o de heridas punzantes, las radiograf\u00edas son fundamentales para localizar la posici\u00f3n exacta del objeto dentro del cuerpo. La claridad de las estructuras \u00f3seas en una radiograf\u00eda permite a los profesionales sanitarios determinar la ubicaci\u00f3n del objeto extra\u00f1o, lo que facilita su extracci\u00f3n segura y eficaz.<\/p>\n<h3>Radiograf\u00edas de t\u00f3rax<\/h3>\n<p>Aunque se utilizan principalmente para obtener im\u00e1genes de los huesos, las radiograf\u00edas de t\u00f3rax ofrecen una valiosa funci\u00f3n secundaria: echar un vistazo a la cavidad tor\u00e1cica. Pueden revelar anomal\u00edas en los pulmones, como la neumon\u00eda (cuando hay acumulaci\u00f3n de l\u00edquido), o ciertas enfermedades pulmonares como el enfisema (que muestra bolsas de aire en el tejido pulmonar).<\/p>\n<p>Las radiograf\u00edas de t\u00f3rax tambi\u00e9n pueden utilizarse para evaluar el tama\u00f1o y la forma del coraz\u00f3n, lo que puede indicar insuficiencia card\u00edaca o agrandamiento.<\/p>\n<p><img fetchpriority=\"high\" decoding=\"async\" class=\"aligncenter size-large wp-image-4790\" src=\"https:\/\/www.apexosn.com\/wp-content\/uploads\/2024\/05\/X-Ray-410x1024.png\" alt=\"What can an x-ray diagnose\" width=\"410\" height=\"1024\" srcset=\"https:\/\/www.apexosn.com\/wp-content\/uploads\/2024\/05\/X-Ray-410x1024.png 410w, https:\/\/www.apexosn.com\/wp-content\/uploads\/2024\/05\/X-Ray-120x300.png 120w, https:\/\/www.apexosn.com\/wp-content\/uploads\/2024\/05\/X-Ray-768x1920.png 768w, https:\/\/www.apexosn.com\/wp-content\/uploads\/2024\/05\/X-Ray.png 800w\" sizes=\"(max-width: 410px) 100vw, 410px\" \/><\/p>\n<h2>Preparaci\u00f3n para la radiograf\u00eda<\/h2>\n<p>En la mayor\u00eda de los casos, la preparaci\u00f3n para una radiograf\u00eda es m\u00ednima. Esto es lo que puede esperar.<\/p>\n<h3>Consulta<\/h3>\n<p>Su m\u00e9dico hablar\u00e1 con usted sobre la radiograf\u00eda, le explicar\u00e1 el procedimiento y responder\u00e1 a cualquier pregunta que pueda tener.<\/p>\n<h3>Informe a su m\u00e9dico<\/h3>\n<p>Informe a su m\u00e9dico de cualquier enfermedad que padezca, de los medicamentos que est\u00e9 tomando y de si est\u00e1 embarazada. El embarazo es una precauci\u00f3n para las radiograf\u00edas, ya que los fetos en desarrollo son m\u00e1s sensibles a la radiaci\u00f3n. En algunos casos, puede ser preferible utilizar t\u00e9cnicas de imagen alternativas para las mujeres embarazadas.<\/p>\n<h3>Retirada de objetos met\u00e1licos<\/h3>\n<p>Es posible que le pidan que se quite cualquier objeto met\u00e1lico o joya que pueda interferir en la imagen radiogr\u00e1fica.<\/p>\n<h3>Ropa<\/h3>\n<p>Es posible que se le pida que se ponga una bata o que se desnude en la zona que se va a radiografiar.<\/p>\n<h2>Proceso radiogr\u00e1fico<\/h2>\n<p>Una radiograf\u00eda es un procedimiento sencillo y directo.<\/p>\n<h3>Colocaci\u00f3n<\/h3>\n<p>Un t\u00e9cnico radi\u00f3logo le colocar\u00e1 en una mesa o soporte de rayos X, dependiendo de la zona que se vaya a examinar. Para determinadas radiograf\u00edas, es posible que deba mantener una posici\u00f3n espec\u00edfica o contener la respiraci\u00f3n brevemente para minimizar la borrosidad de la imagen.<\/p>\n<h3>M\u00e1quina de rayos X<\/h3>\n<p>La m\u00e1quina de rayos X dirigir\u00e1 una breve r\u00e1faga de rayos X hacia la zona de su cuerpo que se desea examinar. No sentir\u00e1 los rayos X.<\/p>\n<h3>Captura de im\u00e1genes<\/h3>\n<p>Una placa especial o un detector de pel\u00edcula situado detr\u00e1s de usted capta la imagen radiogr\u00e1fica. En la actualidad se utilizan ampliamente los sistemas de rayos X digitales, que permiten la visualizaci\u00f3n inmediata de la imagen en una pantalla de ordenador.<\/p>\n<p><a href=\"https:\/\/www.apexosn.com\/wp-content\/uploads\/2024\/05\/shutterstock_1090459352-min.jpg\"><img decoding=\"async\" class=\"alignnone size-full wp-image-3681\" src=\"https:\/\/www.apexosn.com\/wp-content\/uploads\/2024\/05\/shutterstock_1090459352-min.jpg\" alt=\"Rayos X en Charlotte\" width=\"500\" height=\"334\" srcset=\"https:\/\/www.apexosn.com\/wp-content\/uploads\/2024\/05\/shutterstock_1090459352-min.jpg 500w, https:\/\/www.apexosn.com\/wp-content\/uploads\/2024\/05\/shutterstock_1090459352-min-300x200.jpg 300w\" sizes=\"(max-width: 500px) 100vw, 500px\" \/><\/a><\/p>\n<h2>Elija Apex Orthopedics para las radiograf\u00edas en Charlotte<\/h2>\n<p>Los rayos X son una t\u00e9cnica de imagen segura, r\u00e1pida y rentable que desempe\u00f1a un papel vital en el diagn\u00f3stico de diversas afecciones \u00f3seas y articulares, as\u00ed como de ciertas anomal\u00edas internas. En Apex Orthopaedics Spine &amp; Neurology en Charlotte, nuestro equipo de tecn\u00f3logos radiol\u00f3gicos experimentados utiliza tecnolog\u00eda avanzada de rayos X para garantizar im\u00e1genes de alta calidad con una exposici\u00f3n m\u00ednima a la radiaci\u00f3n.<\/p>\n<p>Si experimenta dolor \u00f3seo, sospecha de una fractura u otros problemas articulares, una radiograf\u00eda puede ser una herramienta valiosa para ayudar a su m\u00e9dico a llegar a un diagn\u00f3stico preciso. El diagn\u00f3stico precoz es crucial para un tratamiento r\u00e1pido y una recuperaci\u00f3n m\u00e1s suave.<\/p>\n<p>Programe una consulta con Apex Orthopaedics Spine &amp; Neurology hoy mismo. Nuestro equipo puede discutir sus necesidades espec\u00edficas y determinar si una radiograf\u00eda es la herramienta de diagn\u00f3stico adecuado para usted. Ll\u00e1menos al <a href=\"tel:+17044123045\"><i class=\"fa fa-phone-alt\"><\/i>704-412-3045<\/a> para comenzar su camino hacia una salud \u00f3ptima.<\/p>\n","protected":false},"excerpt":{"rendered":"<p>Las radiograf\u00edas son una herramienta fundamental en el arsenal diagn\u00f3stico de los profesionales sanitarios. Esta t\u00e9cnica de imagen segura e indolora ofrece una manera r\u00e1pida y eficaz de visualizar los huesos y ciertos tejidos blandos dentro de su cuerpo. En Apex Orthopaedics Spine &amp; Neurology en Charlotte, utilizamos la tecnolog\u00eda de rayos X m\u00e1s avanzada [&hellip;]<\/p>\n","protected":false},"author":25,"featured_media":0,"parent":2732,"menu_order":0,"comment_status":"closed","ping_status":"closed","template":"","meta":{"_acf_changed":false,"footnotes":""},"categories":[],"tags":[],"class_list":["post-4902","page","type-page","status-publish","hentry"],"acf":[],"_links":{"self":[{"href":"https:\/\/www.apexosn.com\/es\/wp-json\/wp\/v2\/pages\/4902","targetHints":{"allow":["GET"]}}],"collection":[{"href":"https:\/\/www.apexosn.com\/es\/wp-json\/wp\/v2\/pages"}],"about":[{"href":"https:\/\/www.apexosn.com\/es\/wp-json\/wp\/v2\/types\/page"}],"author":[{"embeddable":true,"href":"https:\/\/www.apexosn.com\/es\/wp-json\/wp\/v2\/users\/25"}],"replies":[{"embeddable":true,"href":"https:\/\/www.apexosn.com\/es\/wp-json\/wp\/v2\/comments?post=4902"}],"version-history":[{"count":2,"href":"https:\/\/www.apexosn.com\/es\/wp-json\/wp\/v2\/pages\/4902\/revisions"}],"predecessor-version":[{"id":4904,"href":"https:\/\/www.apexosn.com\/es\/wp-json\/wp\/v2\/pages\/4902\/revisions\/4904"}],"up":[{"embeddable":true,"href":"https:\/\/www.apexosn.com\/es\/wp-json\/wp\/v2\/pages\/2732"}],"wp:attachment":[{"href":"https:\/\/www.apexosn.com\/es\/wp-json\/wp\/v2\/media?parent=4902"}],"wp:term":[{"taxonomy":"category","embeddable":true,"href":"https:\/\/www.apexosn.com\/es\/wp-json\/wp\/v2\/categories?post=4902"},{"taxonomy":"post_tag","embeddable":true,"href":"https:\/\/www.apexosn.com\/es\/wp-json\/wp\/v2\/tags?post=4902"}],"curies":[{"name":"wp","href":"https:\/\/api.w.org\/{rel}","templated":true}]}}