{"id":4895,"date":"2024-05-14T09:29:38","date_gmt":"2024-05-14T14:29:38","guid":{"rendered":"https:\/\/www.apexosn.com\/charlotte-nc\/tratamiento-de-accidentes-laborales-en-charlotte\/"},"modified":"2024-05-25T03:36:13","modified_gmt":"2024-05-25T08:36:13","slug":"tratamiento-de-accidentes-laborales-en-charlotte","status":"publish","type":"page","link":"https:\/\/www.apexosn.com\/es\/charlotte-nc\/tratamiento-de-accidentes-laborales-en-charlotte\/","title":{"rendered":"Tratamiento de accidentes laborales en Charlotte"},"content":{"rendered":"<p>Un accidente laboral en Charlotte puede provocar lesiones f\u00edsicas, desde peque\u00f1os cortes hasta lesiones graves. Por lo tanto, puede tener un impacto duradero en su bienestar f\u00edsico y emocional. Si se ha producido en su lugar de trabajo, debe visitar a un m\u00e9dico lo antes posible para evitar futuras lesiones.<\/p>\n<p>Es en su mejor inter\u00e9s para buscar atenci\u00f3n m\u00e9dica despu\u00e9s de un accidente de trabajo en Charlotte. Obtener el mejor tratamiento es bueno para su salud y recuperaci\u00f3n. Tambi\u00e9n puede ayudar a maximizar sus beneficios de compensaci\u00f3n de trabajadores. Su m\u00e9dico se asegurar\u00e1 de que entiende qu\u00e9 tipo de lesi\u00f3n ha sufrido y crear\u00e1 un plan de tratamiento para usted.<\/p>\n<p>\u00bfBusca los mejores profesionales sanitarios para tratar sus lesiones laborales en Charlotte, NC? En Apex Orthopaedics Spine &amp; Neurology, tenemos la experiencia y los conocimientos necesarios para diagnosticar y tratar afecciones y lesiones. Ofrecemos planes de tratamiento personalizados. Nos aseguraremos de que reciba el mejor tratamiento.<\/p>\n<p>P\u00f3ngase en contacto con nosotros hoy en <a href=\"tel:+17044123045\"><i class=\"fa fa-phone-alt\"><\/i>704-412-3045<\/a> para programar una cita con nuestros profesionales de la salud con conocimientos.<\/p>\n\t\t<div data-elementor-type=\"section\" data-elementor-id=\"208\" class=\"elementor elementor-208\" data-elementor-post-type=\"elementor_library\">\n\t\t\t\t\t<section class=\"elementor-section elementor-top-section elementor-element elementor-element-485e576a elementor-section-boxed elementor-section-height-default elementor-section-height-default\" data-id=\"485e576a\" data-element_type=\"section\" data-e-type=\"section\">\n\t\t\t\t\t\t<div class=\"elementor-container elementor-column-gap-default\">\n\t\t\t\t\t<div class=\"elementor-column elementor-col-100 elementor-top-column elementor-element elementor-element-635c38c0\" data-id=\"635c38c0\" data-element_type=\"column\" data-e-type=\"column\">\n\t\t\t<div class=\"elementor-widget-wrap elementor-element-populated\">\n\t\t\t\t\t\t<div class=\"elementor-element elementor-element-3ba95c8a elementor-toc--minimized-on-tablet elementor-widget elementor-widget-table-of-contents\" data-id=\"3ba95c8a\" data-element_type=\"widget\" data-e-type=\"widget\" data-settings=\"{&quot;exclude_headings_by_selector&quot;:&quot;.toc-remove&quot;,&quot;headings_by_tags&quot;:[&quot;h2&quot;,&quot;h3&quot;],&quot;marker_view&quot;:&quot;numbers&quot;,&quot;no_headings_message&quot;:&quot;No headings were found on this page.&quot;,&quot;minimize_box&quot;:&quot;yes&quot;,&quot;minimized_on&quot;:&quot;tablet&quot;,&quot;hierarchical_view&quot;:&quot;yes&quot;,&quot;min_height&quot;:{&quot;unit&quot;:&quot;px&quot;,&quot;size&quot;:&quot;&quot;,&quot;sizes&quot;:[]},&quot;min_height_laptop&quot;:{&quot;unit&quot;:&quot;px&quot;,&quot;size&quot;:&quot;&quot;,&quot;sizes&quot;:[]},&quot;min_height_tablet&quot;:{&quot;unit&quot;:&quot;px&quot;,&quot;size&quot;:&quot;&quot;,&quot;sizes&quot;:[]},&quot;min_height_mobile&quot;:{&quot;unit&quot;:&quot;px&quot;,&quot;size&quot;:&quot;&quot;,&quot;sizes&quot;:[]}}\" data-widget_type=\"table-of-contents.default\">\n\t\t\t\t\t\t\t\t\t<div class=\"elementor-toc__header\">\n\t\t\t\t\t\t<div class=\"elementor-toc__header-title\">\n\t\t\t\tTable of Contents\t\t\t<\/div>\n\t\t\t\t\t\t\t\t\t\t<div class=\"elementor-toc__toggle-button elementor-toc__toggle-button--expand\" role=\"button\" tabindex=\"0\" aria-controls=\"elementor-toc__3ba95c8a\" aria-expanded=\"true\" aria-label=\"Open table of contents\"><svg aria-hidden=\"true\" class=\"e-font-icon-svg e-fas-chevron-down\" viewBox=\"0 0 448 512\" xmlns=\"http:\/\/www.w3.org\/2000\/svg\"><path d=\"M207.029 381.476L12.686 187.132c-9.373-9.373-9.373-24.569 0-33.941l22.667-22.667c9.357-9.357 24.522-9.375 33.901-.04L224 284.505l154.745-154.021c9.379-9.335 24.544-9.317 33.901.04l22.667 22.667c9.373 9.373 9.373 24.569 0 33.941L240.971 381.476c-9.373 9.372-24.569 9.372-33.942 0z\"><\/path><\/svg><\/div>\n\t\t\t\t<div class=\"elementor-toc__toggle-button elementor-toc__toggle-button--collapse\" role=\"button\" tabindex=\"0\" aria-controls=\"elementor-toc__3ba95c8a\" aria-expanded=\"true\" aria-label=\"Close table of contents\"><svg aria-hidden=\"true\" class=\"e-font-icon-svg e-fas-chevron-up\" viewBox=\"0 0 448 512\" xmlns=\"http:\/\/www.w3.org\/2000\/svg\"><path d=\"M240.971 130.524l194.343 194.343c9.373 9.373 9.373 24.569 0 33.941l-22.667 22.667c-9.357 9.357-24.522 9.375-33.901.04L224 227.495 69.255 381.516c-9.379 9.335-24.544 9.317-33.901-.04l-22.667-22.667c-9.373-9.373-9.373-24.569 0-33.941L207.03 130.525c9.372-9.373 24.568-9.373 33.941-.001z\"><\/path><\/svg><\/div>\n\t\t\t\t\t<\/div>\n\t\t\t\t<div id=\"elementor-toc__3ba95c8a\" class=\"elementor-toc__body\">\n\t\t\t<div class=\"elementor-toc__spinner-container\">\n\t\t\t\t<svg class=\"elementor-toc__spinner eicon-animation-spin e-font-icon-svg e-eicon-loading\" aria-hidden=\"true\" viewBox=\"0 0 1000 1000\" xmlns=\"http:\/\/www.w3.org\/2000\/svg\"><path d=\"M500 975V858C696 858 858 696 858 500S696 142 500 142 142 304 142 500H25C25 237 238 25 500 25S975 237 975 500 763 975 500 975Z\"><\/path><\/svg>\t\t\t<\/div>\n\t\t<\/div>\n\t\t\t\t\t\t<\/div>\n\t\t\t\t\t<\/div>\n\t\t<\/div>\n\t\t\t\t\t<\/div>\n\t\t<\/section>\n\t\t\t\t<\/div>\n\t\t\n<h2>Estad\u00edsticas de accidentes laborales en Charlotte<\/h2>\n<p>Seg\u00fan la Oficina de Estad\u00edsticas Laborales de los Estados Unidos, hubo 183 muertes laborales en 2017 en todo el estado de Carolina del Norte. Esto significa que hubo un aumento en el n\u00famero de muertes relacionadas con el trabajo desde 2009 hasta 2018. Sin embargo, el n\u00famero fue menor en 2017. Y el n\u00famero fue m\u00e1s bajo en 2017.<\/p>\n<h2>Cu\u00e1les son los tipos comunes de accidentes laborales?<\/h2>\n<p>Un accidente laboral es un suceso imprevisto en el lugar de trabajo que provoca lesiones f\u00edsicas, enfermedades o incluso la muerte. El accidente se produce cuando un empleado est\u00e1 realizando sus tareas laborales habituales. Es fundamental conocer los distintos tipos de accidentes laborales.<\/p>\n<h3>Accidentes por resbalones y ca\u00eddas<\/h3>\n<p>Son frecuentes en la mayor\u00eda de los lugares de trabajo. La mala iluminaci\u00f3n, los suelos mojados, los obst\u00e1culos e incluso las superficies irregulares pueden provocar accidentes por resbalones y ca\u00eddas en un lugar de trabajo. Por ejemplo, se puede resbalar y caer en un suelo mojado. Estos accidentes pueden provocar lesiones graves, como fracturas y traumatismos craneoencef\u00e1licos.<\/p>\n<h3>Accidentes con equipos<\/h3>\n<p>Los equipos, como herramientas y maquinaria, pueden provocar accidentes. Los empleados deben estar debidamente formados para manejar cualquier equipo en el lugar de trabajo. Si carecen de la formaci\u00f3n adecuada, pueden lesionarse f\u00e1cilmente. Por ejemplo, si un empleado queda atrapado en una m\u00e1quina, puede perder una extremidad.<\/p>\n<h3>Incendios y explosiones<\/h3>\n<p>Puede producirse un incendio o una explosi\u00f3n en el lugar de trabajo. Un incendio o una explosi\u00f3n pueden causar lesiones a los empleados. Un equipo defectuoso y la manipulaci\u00f3n inadecuada de materiales inflamables son las principales causas de incendios y explosiones. Por desgracia, estos accidentes pueden causar quemaduras y lesiones cerebrales.<\/p>\n<h3>Accidentes de veh\u00edculos<\/h3>\n<p>Algunos empleados conducen veh\u00edculos de empresa. Seg\u00fan la ley, los empresarios son responsables del mantenimiento de sus veh\u00edculos. Sin embargo, algunos empleadores no mantienen sus veh\u00edculos. Los accidentes de veh\u00edculos pueden causar lesiones graves, incluyendo fracturas de huesos, lesiones cerebrales traum\u00e1ticas, lesiones de la m\u00e9dula espinal, y m\u00e1s.<\/p>\n<p><a href=\"https:\/\/www.apexosn.com\/wp-content\/uploads\/2024\/05\/shutterstock_2159663323-min-1.jpg\"><img fetchpriority=\"high\" decoding=\"async\" class=\"alignnone size-full wp-image-3712\" src=\"https:\/\/www.apexosn.com\/wp-content\/uploads\/2024\/05\/shutterstock_2159663323-min-1.jpg\" alt=\"Charlotte Workplace Accident\" width=\"500\" height=\"334\" srcset=\"https:\/\/www.apexosn.com\/wp-content\/uploads\/2024\/05\/shutterstock_2159663323-min-1.jpg 500w, https:\/\/www.apexosn.com\/wp-content\/uploads\/2024\/05\/shutterstock_2159663323-min-1-300x200.jpg 300w\" sizes=\"(max-width: 500px) 100vw, 500px\" \/><\/a><\/p>\n<h2>Formas de lesionarse en un accidente laboral<\/h2>\n<p>Un accidente laboral puede ocurrir debido a condiciones de trabajo peligrosas, mal funcionamiento del equipo, error humano, falta de formaci\u00f3n adecuada y negligencia. Estos accidentes pueden ocurrir en cualquier lugar de trabajo, incluyendo obras de construcci\u00f3n, f\u00e1bricas, oficinas y muchos m\u00e1s.<\/p>\n<p>Estas son las formas de lesionarse en un accidente laboral en Charlotte.<\/p>\n<h3>Falta de formaci\u00f3n<\/h3>\n<p>Algunos empleados no reciben la formaci\u00f3n adecuada. Estos empleados son m\u00e1s propensos a cometer errores. Por lo tanto, es crucial que los empresarios se aseguren de que sus empleados reciben la formaci\u00f3n adecuada. Pueden ofrecer programas de formaci\u00f3n exhaustivos a sus empleados.<\/p>\n<h3>Equipos de seguridad inadecuados<\/h3>\n<p>Comprar equipos de seguridad es caro. Por eso algunos empleados son menos propensos a adquirirlos. Si, por ejemplo, los trabajadores trabajan en los sectores de la fabricaci\u00f3n y la construcci\u00f3n, deben disponer de equipos de protecci\u00f3n. El equipo de protecci\u00f3n puede ayudar a evitar lesiones.<\/p>\n<h3>Mantenimiento deficiente<\/h3>\n<p>Algunos empresarios, sin embargo, pueden descuidar el mantenimiento de sus equipos y maquinaria. Por ejemplo, unas escaleras en mal estado, suelos resbaladizos, cableado defectuoso y equipos defectuosos pueden causar accidentes laborales. Por otra parte, la limpieza y el mantenimiento regulares pueden ayudar a prevenir accidentes laborales.<\/p>\n<h3>Fatiga y estr\u00e9s<\/h3>\n<p>Por desgracia, algunos empleados trabajan m\u00e1s horas. De hecho, algunos tienen dos empleos. La fatiga puede afectar al tiempo de reacci\u00f3n y a la concentraci\u00f3n de estos empleados. Incluso pueden dormir mientras trabajan. Los empleados necesitan tomarse descansos y los empresarios deben favorecer el equilibrio entre la vida laboral y personal.<\/p>\n<h3>Mala comunicaci\u00f3n<\/h3>\n<p>En el lugar de trabajo puede haber mala comunicaci\u00f3n. Por ejemplo, la falta de comunicaci\u00f3n sobre cambios repentinos y procedimientos de seguridad puede dar lugar a malentendidos en el lugar de trabajo. Los empresarios deben celebrar reuniones peri\u00f3dicas sobre seguridad para evitar la falta de comunicaci\u00f3n en el lugar de trabajo.<\/p>\n<h3>Error humano<\/h3>\n<p>Los accidentes laborales pueden deberse a errores humanos. Los seres humanos son propensos a cometer errores. Si, por ejemplo, un empleado est\u00e1 distra\u00eddo, puede provocar un accidente. La creaci\u00f3n de una cultura adecuada, la formaci\u00f3n continua, la formaci\u00f3n de los empleados y la formaci\u00f3n en prevenci\u00f3n de errores humanos pueden ayudar a prevenir los errores humanos.<\/p>\n<h3>Sustancias peligrosas<\/h3>\n<p>La exposici\u00f3n a sustancias peligrosas, como materiales radiactivos, gases o productos qu\u00edmicos, puede causar da\u00f1os a los empleados. Los empresarios deben manipular, almacenar y eliminar adecuadamente las sustancias peligrosas. De hecho, deben educar a sus trabajadores sobre los peligros potenciales de estas sustancias.<\/p>\n<p><img decoding=\"async\" class=\"aligncenter size-large wp-image-4886\" src=\"https:\/\/www.apexosn.com\/wp-content\/uploads\/2024\/05\/Workplace-Accident-410x1024.png\" alt=\"Ways to get injured in a workplace accident\" width=\"410\" height=\"1024\" srcset=\"https:\/\/www.apexosn.com\/wp-content\/uploads\/2024\/05\/Workplace-Accident-410x1024.png 410w, https:\/\/www.apexosn.com\/wp-content\/uploads\/2024\/05\/Workplace-Accident-120x300.png 120w, https:\/\/www.apexosn.com\/wp-content\/uploads\/2024\/05\/Workplace-Accident-768x1920.png 768w, https:\/\/www.apexosn.com\/wp-content\/uploads\/2024\/05\/Workplace-Accident.png 800w\" sizes=\"(max-width: 410px) 100vw, 410px\" \/><\/p>\n<p>Estas son algunas de las formas en que los empleados pueden lesionarse en un accidente laboral. No basta con invertir en equipos de protecci\u00f3n. Los empresarios deben educar a sus empleados, fomentar los descansos y proporcionar una formaci\u00f3n exhaustiva. Los empleados, por su parte, deben cumplir los protocolos de seguridad y llevar equipo de protecci\u00f3n.<\/p>\n<h2>D\u00f3nde acudir para que le diagnostiquen un accidente laboral<\/h2>\n<p>Si ha sufrido lesiones en un accidente laboral en Charlotte, debe acudir al m\u00e9dico. Un m\u00e9dico puede ayudarle a mejorar y recuperarse de su lesi\u00f3n. Sin embargo, es probable que no sepa c\u00f3mo elegir un buen m\u00e9dico. Su empleador o la compa\u00f1\u00eda de seguros de su empleador pueden ayudarle a seleccionar un m\u00e9dico.<\/p>\n<p>Los empleadores seleccionan al m\u00e9dico tratante en nombre del empleado lesionado seg\u00fan la ley de Carolina del Norte. Por lo tanto, usted tendr\u00e1 que elegir entre los m\u00e9dicos seleccionados por el empleador para las lesiones relacionadas con el trabajo. Si quiere cambiar de m\u00e9dico, tendr\u00e1 que obtener la aprobaci\u00f3n de la Comisi\u00f3n Industrial de Carolina del Norte.<\/p>\n<p>Su empresa tiene derecho a proporcionarle y dirigir su tratamiento m\u00e9dico. Afortunadamente, usted todav\u00eda puede ser elegible para elegir su propio m\u00e9dico despu\u00e9s de un accidente de trabajo en Charlotte. Aqu\u00ed est\u00e1n las situaciones que usted puede tener que elegir a su propio doctor:<\/p>\n<ul>\n<li>La empresa no dispone de un m\u00e9dico de guardia.<\/li>\n<li>Su empresario no le da las instrucciones adecuadas para que acuda al m\u00e9dico de la empresa.<\/li>\n<li>Su empresario no le facilita informaci\u00f3n sobre el m\u00e9dico de guardia o incluso ignora su parte de lesiones.<\/li>\n<li>No es apropiado ver al m\u00e9dico del lugar debido a la gravedad de su lesi\u00f3n en el lugar de trabajo.<\/li>\n<li>Usted ha obtenido permiso de la Comisi\u00f3n<\/li>\n<li>Comisi\u00f3n Industrial de Carolina del Norte para buscar su propio m\u00e9dico.<\/li>\n<\/ul>\n<p><a href=\"https:\/\/www.apexosn.com\/wp-content\/uploads\/2024\/05\/shutterstock_339529865-min-2.jpg\"><img decoding=\"async\" class=\"alignnone size-full wp-image-3715\" src=\"https:\/\/www.apexosn.com\/wp-content\/uploads\/2024\/05\/shutterstock_339529865-min-2.jpg\" alt=\"Charlotte Workplace Accident Doctor\" width=\"500\" height=\"351\" srcset=\"https:\/\/www.apexosn.com\/wp-content\/uploads\/2024\/05\/shutterstock_339529865-min-2.jpg 500w, https:\/\/www.apexosn.com\/wp-content\/uploads\/2024\/05\/shutterstock_339529865-min-2-300x211.jpg 300w\" sizes=\"(max-width: 500px) 100vw, 500px\" \/><\/a><\/p>\n<p>Si tiene libertad para elegir su propio m\u00e9dico, debe actuar con la debida diligencia. Usted quiere recibir el mejor tratamiento. Por tanto, debe asegurarse de que elige al mejor m\u00e9dico para tratar sus lesiones laborales. Si elige al m\u00e9dico equivocado, sus lesiones pueden tardar m\u00e1s en curarse o incluso empeorar.<\/p>\n<p>As\u00ed pues, el mejor lugar al que acudir para obtener un diagn\u00f3stico tras un accidente laboral es a un m\u00e9dico acreditado, con experiencia y altamente cualificado. Un m\u00e9dico cualificado diagnosticar\u00e1 correctamente su lesi\u00f3n y le proporcionar\u00e1 un plan de tratamiento adecuado. Si sigue el tratamiento, se recuperar\u00e1 m\u00e1s r\u00e1pidamente.<\/p>\n<h2>C\u00f3mo elegir al mejor m\u00e9dico para accidentes laborales en Charlotte<\/h2>\n<p>\u00bfC\u00f3mo elegir el mejor m\u00e9dico? Estos son los aspectos que debe tener en cuenta.<\/p>\n<h3>Reputaci\u00f3n<\/h3>\n<p>Debe comprobar la reputaci\u00f3n del m\u00e9dico. Se necesita tiempo y mucho esfuerzo para construir una buena reputaci\u00f3n. Los m\u00e9dicos construyen su reputaci\u00f3n prestando los mejores servicios. Han tratado diferentes tipos de lesiones. De hecho, ofrecen el mejor apoyo a sus pacientes y familiares.<\/p>\n<h3>Experiencia<\/h3>\n<p>Los m\u00e9dicos con experiencia pueden manejar cualquier situaci\u00f3n. Est\u00e1n muy bien formados. Por eso pueden diagnosticar f\u00e1cilmente su lesi\u00f3n. Pueden reconocer una lesi\u00f3n casi de inmediato. Un m\u00e9dico altamente capacitado te har\u00e1 sentir visto y reconocido como humano.<\/p>\n<h3>Ayuda<\/h3>\n<p>Los mejores m\u00e9dicos de accidentes laborales de Charlotte proporcionan al paciente una atenci\u00f3n de la m\u00e1xima calidad posible. Est\u00e1n dispuestos a responder a sus preguntas. De hecho, ofrecen una consulta inicial. Tendr\u00e1 la oportunidad de conocer al m\u00e9dico. Si tienen buenas habilidades de comunicaci\u00f3n, usted se sentir\u00e1 c\u00f3modo hablando con ellos.<\/p>\n<h2>\u00bfC\u00f3mo puede ayudar Apex Orthopaedics Spine &amp; Neurology?<\/h2>\n<p>Un accidente laboral puede ser abrumador y estresante. Y si ha sufrido lesiones graves, puede permanecer de baja laboral durante varios d\u00edas o semanas. Sin embargo, puede llevar varias semanas o incluso meses recuperarse de algunas lesiones, como huesos rotos, lesiones en la cabeza, fracturas y muchas m\u00e1s.<\/p>\n<p>Le recomendamos encarecidamente que solicite atenci\u00f3n m\u00e9dica a m\u00e9dicos acreditados y altamente cualificados. Tienen un alto porcentaje de \u00e9xito en el tratamiento de pacientes con lesiones relacionadas con el trabajo. Pueden ayudarle a recuperarse r\u00e1pidamente. As\u00ed, no pasar\u00e1 m\u00e1s tiempo de baja laboral.<\/p>\n<p>Si usted est\u00e1 tratando con una lesi\u00f3n en el lugar de trabajo en Charlotte, NC, Apex Orthopaedics Spine &amp; Neurology est\u00e1 aqu\u00ed para ayudar. Tenemos el conocimiento y la experiencia para manejar las lesiones en el lugar de trabajo. Nuestro equipo evaluar\u00e1 su lesi\u00f3n y le ayudar\u00e1 a entender cu\u00e1nto tiempo tardar\u00e1 en recuperarse.<\/p>\n<p>Si se ha lesionado en un accidente laboral en Charlotte, perm\u00edtanos ayudarle a recuperar la salud. No dude en ponerse en contacto con nosotros. Puede llamar al <a href=\"tel:+17044123045\"><i class=\"fa fa-phone-alt\"><\/i>704-412-3045<\/a> para concertar una cita.<\/p>\n","protected":false},"excerpt":{"rendered":"<p>Un accidente laboral en Charlotte puede provocar lesiones f\u00edsicas, desde peque\u00f1os cortes hasta lesiones graves. Por lo tanto, puede tener un impacto duradero en su bienestar f\u00edsico y emocional. Si se ha producido en su lugar de trabajo, debe visitar a un m\u00e9dico lo antes posible para evitar futuras lesiones. Es en su mejor inter\u00e9s [&hellip;]<\/p>\n","protected":false},"author":25,"featured_media":0,"parent":2732,"menu_order":0,"comment_status":"closed","ping_status":"closed","template":"","meta":{"_acf_changed":false,"footnotes":""},"categories":[],"tags":[],"class_list":["post-4895","page","type-page","status-publish","hentry"],"acf":[],"_links":{"self":[{"href":"https:\/\/www.apexosn.com\/es\/wp-json\/wp\/v2\/pages\/4895","targetHints":{"allow":["GET"]}}],"collection":[{"href":"https:\/\/www.apexosn.com\/es\/wp-json\/wp\/v2\/pages"}],"about":[{"href":"https:\/\/www.apexosn.com\/es\/wp-json\/wp\/v2\/types\/page"}],"author":[{"embeddable":true,"href":"https:\/\/www.apexosn.com\/es\/wp-json\/wp\/v2\/users\/25"}],"replies":[{"embeddable":true,"href":"https:\/\/www.apexosn.com\/es\/wp-json\/wp\/v2\/comments?post=4895"}],"version-history":[{"count":2,"href":"https:\/\/www.apexosn.com\/es\/wp-json\/wp\/v2\/pages\/4895\/revisions"}],"predecessor-version":[{"id":4897,"href":"https:\/\/www.apexosn.com\/es\/wp-json\/wp\/v2\/pages\/4895\/revisions\/4897"}],"up":[{"embeddable":true,"href":"https:\/\/www.apexosn.com\/es\/wp-json\/wp\/v2\/pages\/2732"}],"wp:attachment":[{"href":"https:\/\/www.apexosn.com\/es\/wp-json\/wp\/v2\/media?parent=4895"}],"wp:term":[{"taxonomy":"category","embeddable":true,"href":"https:\/\/www.apexosn.com\/es\/wp-json\/wp\/v2\/categories?post=4895"},{"taxonomy":"post_tag","embeddable":true,"href":"https:\/\/www.apexosn.com\/es\/wp-json\/wp\/v2\/tags?post=4895"}],"curies":[{"name":"wp","href":"https:\/\/api.w.org\/{rel}","templated":true}]}}