{"id":4892,"date":"2024-05-14T09:28:27","date_gmt":"2024-05-14T14:28:27","guid":{"rendered":"https:\/\/www.apexosn.com\/charlotte-nc\/charlotte-uber-tratamiento-de-accidentes\/"},"modified":"2024-05-25T03:29:11","modified_gmt":"2024-05-25T08:29:11","slug":"charlotte-uber-tratamiento-de-accidentes","status":"publish","type":"page","link":"https:\/\/www.apexosn.com\/es\/charlotte-nc\/charlotte-uber-tratamiento-de-accidentes\/","title":{"rendered":"Charlotte Uber Tratamiento de accidentes"},"content":{"rendered":"<p>Uber puede llevarte a tu destino m\u00e1s r\u00e1pido y m\u00e1s barato. Por eso ha aumentado el n\u00famero de veh\u00edculos compartidos en la carretera. Esto, sin embargo, ha llevado a un aumento en los accidentes automovil\u00edsticos que involucran veh\u00edculos Uber. Por lo tanto, si usted ha estado involucrado en un accidente de Uber en Charlotte, debe buscar tratamiento inmediatamente.<\/p>\n<p>Los accidentes de Uber pueden causar lesiones graves y muertes. Es por eso que pueden tener efectos duraderos, tanto f\u00edsica como financieramente. Buscar la mejor atenci\u00f3n despu\u00e9s de una lesi\u00f3n puede ayudar a prevenir mayores complicaciones, reducir su dolor, cuidar su salud y documentar sus lesiones y tratamiento.<\/p>\n<p>En Apex Orthopaedics Spine &amp; Neurology, nuestro equipo de profesionales m\u00e9dicos tiene los conocimientos, la pericia y la experiencia para tratar a cualquier persona que haya sufrido lesiones en un accidente de Uber. Estamos listos para cuidar de usted y todas sus preocupaciones m\u00e9dicas. Y le ayudaremos a evitar el dolor a largo plazo.<\/p>\n<p>Si usted fue herido en un accidente de Uber en Charlotte, NC, p\u00f3ngase en contacto con nosotros hoy en [tel\u00e9fono] para programar una cita.<\/p>\n\t\t<div data-elementor-type=\"section\" data-elementor-id=\"208\" class=\"elementor elementor-208\" data-elementor-post-type=\"elementor_library\">\n\t\t\t\t\t<section class=\"elementor-section elementor-top-section elementor-element elementor-element-485e576a elementor-section-boxed elementor-section-height-default elementor-section-height-default\" data-id=\"485e576a\" data-element_type=\"section\" data-e-type=\"section\">\n\t\t\t\t\t\t<div class=\"elementor-container elementor-column-gap-default\">\n\t\t\t\t\t<div class=\"elementor-column elementor-col-100 elementor-top-column elementor-element elementor-element-635c38c0\" data-id=\"635c38c0\" data-element_type=\"column\" data-e-type=\"column\">\n\t\t\t<div class=\"elementor-widget-wrap elementor-element-populated\">\n\t\t\t\t\t\t<div class=\"elementor-element elementor-element-3ba95c8a elementor-toc--minimized-on-tablet elementor-widget elementor-widget-table-of-contents\" data-id=\"3ba95c8a\" data-element_type=\"widget\" data-e-type=\"widget\" data-settings=\"{&quot;exclude_headings_by_selector&quot;:&quot;.toc-remove&quot;,&quot;headings_by_tags&quot;:[&quot;h2&quot;,&quot;h3&quot;],&quot;marker_view&quot;:&quot;numbers&quot;,&quot;no_headings_message&quot;:&quot;No headings were found on this page.&quot;,&quot;minimize_box&quot;:&quot;yes&quot;,&quot;minimized_on&quot;:&quot;tablet&quot;,&quot;hierarchical_view&quot;:&quot;yes&quot;,&quot;min_height&quot;:{&quot;unit&quot;:&quot;px&quot;,&quot;size&quot;:&quot;&quot;,&quot;sizes&quot;:[]},&quot;min_height_laptop&quot;:{&quot;unit&quot;:&quot;px&quot;,&quot;size&quot;:&quot;&quot;,&quot;sizes&quot;:[]},&quot;min_height_tablet&quot;:{&quot;unit&quot;:&quot;px&quot;,&quot;size&quot;:&quot;&quot;,&quot;sizes&quot;:[]},&quot;min_height_mobile&quot;:{&quot;unit&quot;:&quot;px&quot;,&quot;size&quot;:&quot;&quot;,&quot;sizes&quot;:[]}}\" data-widget_type=\"table-of-contents.default\">\n\t\t\t\t\t\t\t\t\t<div class=\"elementor-toc__header\">\n\t\t\t\t\t\t<div class=\"elementor-toc__header-title\">\n\t\t\t\tTable of Contents\t\t\t<\/div>\n\t\t\t\t\t\t\t\t\t\t<div class=\"elementor-toc__toggle-button elementor-toc__toggle-button--expand\" role=\"button\" tabindex=\"0\" aria-controls=\"elementor-toc__3ba95c8a\" aria-expanded=\"true\" aria-label=\"Open table of contents\"><svg aria-hidden=\"true\" class=\"e-font-icon-svg e-fas-chevron-down\" viewBox=\"0 0 448 512\" xmlns=\"http:\/\/www.w3.org\/2000\/svg\"><path d=\"M207.029 381.476L12.686 187.132c-9.373-9.373-9.373-24.569 0-33.941l22.667-22.667c9.357-9.357 24.522-9.375 33.901-.04L224 284.505l154.745-154.021c9.379-9.335 24.544-9.317 33.901.04l22.667 22.667c9.373 9.373 9.373 24.569 0 33.941L240.971 381.476c-9.373 9.372-24.569 9.372-33.942 0z\"><\/path><\/svg><\/div>\n\t\t\t\t<div class=\"elementor-toc__toggle-button elementor-toc__toggle-button--collapse\" role=\"button\" tabindex=\"0\" aria-controls=\"elementor-toc__3ba95c8a\" aria-expanded=\"true\" aria-label=\"Close table of contents\"><svg aria-hidden=\"true\" class=\"e-font-icon-svg e-fas-chevron-up\" viewBox=\"0 0 448 512\" xmlns=\"http:\/\/www.w3.org\/2000\/svg\"><path d=\"M240.971 130.524l194.343 194.343c9.373 9.373 9.373 24.569 0 33.941l-22.667 22.667c-9.357 9.357-24.522 9.375-33.901.04L224 227.495 69.255 381.516c-9.379 9.335-24.544 9.317-33.901-.04l-22.667-22.667c-9.373-9.373-9.373-24.569 0-33.941L207.03 130.525c9.372-9.373 24.568-9.373 33.941-.001z\"><\/path><\/svg><\/div>\n\t\t\t\t\t<\/div>\n\t\t\t\t<div id=\"elementor-toc__3ba95c8a\" class=\"elementor-toc__body\">\n\t\t\t<div class=\"elementor-toc__spinner-container\">\n\t\t\t\t<svg class=\"elementor-toc__spinner eicon-animation-spin e-font-icon-svg e-eicon-loading\" aria-hidden=\"true\" viewBox=\"0 0 1000 1000\" xmlns=\"http:\/\/www.w3.org\/2000\/svg\"><path d=\"M500 975V858C696 858 858 696 858 500S696 142 500 142 142 304 142 500H25C25 237 238 25 500 25S975 237 975 500 763 975 500 975Z\"><\/path><\/svg>\t\t\t<\/div>\n\t\t<\/div>\n\t\t\t\t\t\t<\/div>\n\t\t\t\t\t<\/div>\n\t\t<\/div>\n\t\t\t\t\t<\/div>\n\t\t<\/section>\n\t\t\t\t<\/div>\n\t\t\n<h2>Estad\u00edsticas de accidentes de Uber en Charlotte<\/h2>\n<p>Si ha sufrido lesiones en un accidente relacionado con un veh\u00edculo Uber recientemente, no est\u00e1 solo. En 2020, hubo m\u00e1s de 247,214 accidentes automovil\u00edsticos solo en Carolina del Norte. Estos accidentes, sin embargo, resultaron en m\u00e1s de 105,382 lesiones y, desafortunadamente, m\u00e1s de 1,658 muertes.<\/p>\n<p>Sin embargo, el estado no hace un seguimiento de los accidentes en los que est\u00e1n implicados veh\u00edculos de transporte compartido. No puede hacer un seguimiento de estos accidentes porque las empresas de transporte compartido no comparten la informaci\u00f3n con el p\u00fablico ni con el gobierno. Seg\u00fan la Booth School of Business de la Universidad de Chicago, los servicios de transporte compartido han provocado un aumento del 3% de los accidentes mortales.<\/p>\n<p>El aumento se debe a que los conductores de los servicios de transporte compartido no reciben formaci\u00f3n adicional sobre seguridad vial. Utilizan sobre todo sus coches personales para recoger y dejar pasajeros. De hecho, muchos conductores no tienen experiencia. Y es posible que los servicios de transporte compartido no seleccionen cuidadosamente a sus conductores.<\/p>\n<h2>Qu\u00e9 hacer tras un accidente con Uber o Lyft<\/h2>\n<p>El momento despu\u00e9s de un accidente de coche puede ser estresante. Y es dif\u00edcil saber qu\u00e9 hacer despu\u00e9s de un accidente de Uber. Si usted ha sido lesionado en un accidente de Uber o Lyft, usted necesita tomar algunas acciones para proteger su salud, sus derechos y sus finanzas.<\/p>\n<p>Recuerde, si usted no toma algunas de estas acciones, usted puede lesiones pueden empeorar. Aqu\u00ed est\u00e1n las acciones que debe tomar despu\u00e9s de estar involucrado en un accidente de Uber Charlotte.<\/p>\n<h3>Compruebe si alguien est\u00e1 herido<\/h3>\n<p>Usted necesita mantener la calma despu\u00e9s de un accidente de coche. No salga del coche y abandonar la escena del accidente inmediatamente. Si usted no fue gravemente herido, debe comprobar si alguien est\u00e1 herido. Algunas de las v\u00edctimas pueden necesitar primeros auxilios. Por cierto, puede que tengas que ayudar a algunas de las v\u00edctimas y sacarlas del peligro.<\/p>\n<h3>Pida ayuda<\/h3>\n<p>Ahora puedes trasladarte a un lugar seguro y pedir ayuda. Sin embargo, si ha sufrido heridas graves, debe pedir ayuda inmediatamente. Si a\u00fan puedes moverte, debes ir a una zona segura. Recuerde que la seguridad es lo primero. Espere a recibir ayuda en una zona segura. No d\u00e9 por sentado que otra persona pedir\u00e1 ayuda.<\/p>\n<h3>Docum\u00e9ntelo todo<\/h3>\n<p>Es crucial documentar todo despu\u00e9s de un accidente de Uber. Usted gastar\u00e1 dinero en atenci\u00f3n m\u00e9dica. Usted probablemente no tiene la culpa porque era un pasajero. Por lo tanto, puede tener derecho a solicitar una compensaci\u00f3n econ\u00f3mica por las lesiones que sufri\u00f3 en el accidente. Debes hacer fotos y v\u00eddeos del lugar del accidente.<\/p>\n<h3>Busque asesoramiento jur\u00eddico<\/h3>\n<p>Consulte con un abogado titulado y de confianza. Un abogado puede ayudarle a proteger sus derechos, decirle qu\u00e9 hacer a continuaci\u00f3n y guiarle a lo largo de todo el proceso legal. Su abogado tambi\u00e9n puede ayudarle a reunir pruebas y determinar el alcance total de sus da\u00f1os.<\/p>\n<h3>Concierte una cita con un m\u00e9dico<\/h3>\n<p>Es importante buscar atenci\u00f3n m\u00e9dica despu\u00e9s de un accidente de Uber o Lyft. Los m\u00e9dicos tienen las habilidades y la experiencia para manejar cualquier situaci\u00f3n. Si no est\u00e1 experimentando ning\u00fan s\u00edntoma, a\u00fan debe buscar tratamiento m\u00e9dico. \u00bfPor qu\u00e9? Es posible que no desarrolle s\u00edntomas inmediatamente debido a la adrenalina y el shock.<\/p>\n<h3>Siga las recomendaciones del m\u00e9dico<\/h3>\n<p>Usted quiere recuperarse completamente de sus lesiones. Por lo tanto, deber\u00e1 seguir los cuidados recomendados, que incluyen medicaci\u00f3n, fisioterapia e incluso cirug\u00eda. Si puede seguir las recomendaciones de su m\u00e9dico, recibir\u00e1 el tratamiento adecuado y reducir\u00e1 los riesgos de complicaciones.<\/p>\n<p>Estas son las acciones que debe tomar despu\u00e9s de un accidente de Uber o Lyft. Estas acciones pueden ayudar a proteger sus derechos, facilitar su recuperaci\u00f3n y asegurar la compensaci\u00f3n financiera que se merece. En Apex Orthopaedics Spine &amp; Neurology, podemos ayudarle a proteger su salud, recuperar su fuerza y proporcionarle el apoyo que necesita.<\/p>\n<p><a href=\"https:\/\/www.apexosn.com\/wp-content\/uploads\/2024\/05\/shutterstock_1158247045-min-1.jpg\"><img fetchpriority=\"high\" decoding=\"async\" class=\"alignnone size-full wp-image-3706\" src=\"https:\/\/www.apexosn.com\/wp-content\/uploads\/2024\/05\/shutterstock_1158247045-min-1.jpg\" alt=\"Charlotte Uber Accident Concept. Driver Using Rideshare App.\" width=\"500\" height=\"333\" srcset=\"https:\/\/www.apexosn.com\/wp-content\/uploads\/2024\/05\/shutterstock_1158247045-min-1.jpg 500w, https:\/\/www.apexosn.com\/wp-content\/uploads\/2024\/05\/shutterstock_1158247045-min-1-300x200.jpg 300w\" sizes=\"(max-width: 500px) 100vw, 500px\" \/><\/a><\/p>\n<h2>Lesiones comunes en accidentes de Uber<\/h2>\n<p>Los accidentes de Uber o Lyft pueden causar lesiones de leves a graves, incluyendo lesiones penetrantes y de impacto. Adem\u00e1s, pueden causar lesiones emocionales y psicol\u00f3gicas. No ignore las lesiones leves. \u00bfPor qu\u00e9? Pueden empeorar con el tiempo. Necesitar\u00e1 ver a un m\u00e9dico despu\u00e9s de uno de estos accidentes.<\/p>\n<p>Estas son las lesiones que puede sufrir en un accidente de Uber en Charlotte.<\/p>\n<h3>Lesiones en la cabeza<\/h3>\n<p>Usted puede sufrir lesiones en la cabeza en un accidente de Uber. Estas lesiones pueden ser leves o graves. El cambio repentino de direcci\u00f3n, por ejemplo, puede causar lesiones cerebrales, laceraciones, distensiones musculares en el cuello, contusiones o conmociones cerebrales. Si sospechas que has sufrido una lesi\u00f3n en la cabeza, busca tratamiento inmediatamente.<\/p>\n<h3>Lesiones de espalda<\/h3>\n<p>Puedes sufrir lesiones de espalda en una colisi\u00f3n a baja o alta velocidad. El movimiento brusco hacia delante y hacia atr\u00e1s puede causar lesiones en la espalda, como latigazo cervical y estenosis espinal. Los huesos de la columna pueden fracturarse debido a la fuerza contundente. Las lesiones de espalda pueden afectar a la movilidad y provocar incapacidad a largo plazo.<\/p>\n<h3>Lesiones en las extremidades<\/h3>\n<p>Los accidentes de Uber y Lift pueden provocar lesiones en las extremidades, como contusiones, cortes, torceduras, esguinces e incluso fracturas de huesos. Si, por ejemplo, sus piernas o brazos son arrojados contra la puerta, puede sufrir lesiones en sus extremidades. Los huesos rotos necesitar\u00e1n atenci\u00f3n m\u00e9dica inmediata. Y puede llevar semanas recuperarse de estas lesiones.<\/p>\n<h3>Lesiones de tejidos blandos<\/h3>\n<p>Las lesiones de tejidos blandos son lesiones que afectan a tendones, ligamentos o m\u00fasculos. Una colisi\u00f3n por alcance, por ejemplo, puede causar lesiones en los tejidos blandos, como pinzamiento del hombro, distensiones, bursitis, contusiones y esguinces. Las lesiones de tejidos blandos pueden provocar hinchaz\u00f3n, problemas articulares, lesiones nerviosas, dolor e incluso rigidez en la zona lesionada.<\/p>\n<p><img decoding=\"async\" class=\"aligncenter size-large wp-image-4883\" src=\"https:\/\/www.apexosn.com\/wp-content\/uploads\/2024\/05\/Uber-Accident-410x1024.png\" alt=\"Common uber accident injuries\" width=\"410\" height=\"1024\" srcset=\"https:\/\/www.apexosn.com\/wp-content\/uploads\/2024\/05\/Uber-Accident-410x1024.png 410w, https:\/\/www.apexosn.com\/wp-content\/uploads\/2024\/05\/Uber-Accident-120x300.png 120w, https:\/\/www.apexosn.com\/wp-content\/uploads\/2024\/05\/Uber-Accident-768x1920.png 768w, https:\/\/www.apexosn.com\/wp-content\/uploads\/2024\/05\/Uber-Accident.png 800w\" sizes=\"(max-width: 410px) 100vw, 410px\" \/><\/p>\n<h2>Beneficios de buscar la mejor atenci\u00f3n despu\u00e9s de un accidente de Uber en Charlotte<\/h2>\n<p>Los accidentes de Uber y Lyft pueden provocar lesiones graves. Y la experiencia puede ser abrumadora y devastadora. Es posible que tenga que lidiar con el dolor por el resto de su vida. Recuperarse de sus lesiones puede tomar semanas, meses o incluso a\u00f1os y costar miles de d\u00f3lares en facturas m\u00e9dicas.<\/p>\n<p>Si desea recuperarse m\u00e1s r\u00e1pidamente, debe buscar la mejor atenci\u00f3n despu\u00e9s de un accidente. Los siguientes son los beneficios de buscar la mejor atenci\u00f3n despu\u00e9s de un accidente de Uber en Charlotte, NC.<\/p>\n<h3>Prevenir Complicaciones Adicionales<\/h3>\n<p>Sus lesiones pueden empeorar. Peque\u00f1os problemas pueden convertirse en graves problemas de salud m\u00e9dica. Si sus lesiones empeoran, tardar\u00e1 m\u00e1s tiempo en recuperarse y gastar\u00e1 m\u00e1s dinero en facturas m\u00e9dicas. Por lo tanto, buscar la mejor atenci\u00f3n puede ayudar a evitar que sus lesiones empeoren.<\/p>\n<h3>Detectar y Tratar Lesiones Retrasadas<\/h3>\n<p>Los accidentes de Uber y Lyft pueden causar lesiones, como problemas en las articulaciones, conmociones cerebrales y latigazo cervical. Sin embargo, estas lesiones no se presentan inmediatamente. Por lo tanto, sus s\u00edntomas se retrasar\u00e1n despu\u00e9s de su accidente. Por lo tanto, buscar atenci\u00f3n m\u00e9dica puede ayudar a detectar y detectar lesiones retardadas.<\/p>\n<h3>Refuerce su reclamaci\u00f3n al seguro<\/h3>\n<p>Usted puede gastar miles de d\u00f3lares en facturas m\u00e9dicas. En Charlotte, NC, usted puede ser elegible para buscar compensaci\u00f3n financiera por sus lesiones. Es por eso que usted necesita documentar sus lesiones. Un m\u00e9dico puede ayudar a documentar sus lesiones. Teniendo m\u00e9dico puede ayudar a fortalecer su reclamo de seguro.<\/p>\n<h3>Evite el dolor a largo plazo<\/h3>\n<p>Si no se trata, sus lesiones pueden llegar a ser graves con el tiempo. Si usted no busca atenci\u00f3n m\u00e9dica despu\u00e9s de su accidente, su lesi\u00f3n puede convertirse en una condici\u00f3n cr\u00f3nica. Buscar la mejor atenci\u00f3n despu\u00e9s de su accidente de Uber en Charlotte puede ayudar a evitar el desarrollo de dolor a largo plazo.<\/p>\n<p><a href=\"https:\/\/www.apexosn.com\/wp-content\/uploads\/2024\/05\/shutterstock_582888679-min.jpg\"><img decoding=\"async\" class=\"alignnone size-full wp-image-3689\" src=\"https:\/\/www.apexosn.com\/wp-content\/uploads\/2024\/05\/shutterstock_582888679-min.jpg\" alt=\"Team of Doctors Are Smiling\" width=\"500\" height=\"299\" srcset=\"https:\/\/www.apexosn.com\/wp-content\/uploads\/2024\/05\/shutterstock_582888679-min.jpg 500w, https:\/\/www.apexosn.com\/wp-content\/uploads\/2024\/05\/shutterstock_582888679-min-300x179.jpg 300w\" sizes=\"(max-width: 500px) 100vw, 500px\" \/><\/a><\/p>\n<h2>P\u00f3ngase en contacto con Apex Orthopaedics Spine &amp; Neurology para tratar sus lesiones<\/h2>\n<p>Los accidentes de Uber y Lyft pueden causar lesiones que amenazan la vida. Usted puede verse obligado a pasar tiempo fuera del trabajo mientras se recupera de sus lesiones. Desafortunadamente, algunas personas han perdido a sus seres queridos debido a estas lesiones. Si usted puede buscar tratamiento de m\u00e9dicos y profesionales m\u00e9dicos calificados, puede prevenir los peores resultados m\u00e9dicos.<\/p>\n<p>Los profesionales m\u00e9dicos tienen la experiencia y la formaci\u00f3n necesarias para ayudar a sus pacientes a evitar complicaciones a largo plazo. Su m\u00e9dico diagnosticar\u00e1 y tratar\u00e1 sus lesiones. Es posible que note mejor\u00edas en pocos d\u00edas o semanas. Su m\u00e9dico le indicar\u00e1 los planes de tratamiento y las expectativas.<\/p>\n<p>Si usted o un ser querido ha resultado herido en un accidente de Uber en Charlotte, nuestro equipo de profesionales de la salud en Apex Orthopaedics Spine &amp; Neurology est\u00e1 listo para ayudarle. Nos especializamos en el tratamiento de lesiones por accidentes automovil\u00edsticos. Tenemos la experiencia y los conocimientos para tratar diferentes tipos de lesiones.<\/p>\n<p>Ll\u00e1menos hoy al <a href=\"tel:+17044123045\"><i class=\"fa fa-phone-alt\"><\/i>704-412-3045<\/a> para obtener ayuda para comenzar su plan de tratamiento.<\/p>\n","protected":false},"excerpt":{"rendered":"<p>Uber puede llevarte a tu destino m\u00e1s r\u00e1pido y m\u00e1s barato. Por eso ha aumentado el n\u00famero de veh\u00edculos compartidos en la carretera. Esto, sin embargo, ha llevado a un aumento en los accidentes automovil\u00edsticos que involucran veh\u00edculos Uber. Por lo tanto, si usted ha estado involucrado en un accidente de Uber en Charlotte, debe [&hellip;]<\/p>\n","protected":false},"author":25,"featured_media":0,"parent":2732,"menu_order":0,"comment_status":"closed","ping_status":"closed","template":"","meta":{"_acf_changed":false,"footnotes":""},"categories":[],"tags":[],"class_list":["post-4892","page","type-page","status-publish","hentry"],"acf":[],"_links":{"self":[{"href":"https:\/\/www.apexosn.com\/es\/wp-json\/wp\/v2\/pages\/4892","targetHints":{"allow":["GET"]}}],"collection":[{"href":"https:\/\/www.apexosn.com\/es\/wp-json\/wp\/v2\/pages"}],"about":[{"href":"https:\/\/www.apexosn.com\/es\/wp-json\/wp\/v2\/types\/page"}],"author":[{"embeddable":true,"href":"https:\/\/www.apexosn.com\/es\/wp-json\/wp\/v2\/users\/25"}],"replies":[{"embeddable":true,"href":"https:\/\/www.apexosn.com\/es\/wp-json\/wp\/v2\/comments?post=4892"}],"version-history":[{"count":2,"href":"https:\/\/www.apexosn.com\/es\/wp-json\/wp\/v2\/pages\/4892\/revisions"}],"predecessor-version":[{"id":4894,"href":"https:\/\/www.apexosn.com\/es\/wp-json\/wp\/v2\/pages\/4892\/revisions\/4894"}],"up":[{"embeddable":true,"href":"https:\/\/www.apexosn.com\/es\/wp-json\/wp\/v2\/pages\/2732"}],"wp:attachment":[{"href":"https:\/\/www.apexosn.com\/es\/wp-json\/wp\/v2\/media?parent=4892"}],"wp:term":[{"taxonomy":"category","embeddable":true,"href":"https:\/\/www.apexosn.com\/es\/wp-json\/wp\/v2\/categories?post=4892"},{"taxonomy":"post_tag","embeddable":true,"href":"https:\/\/www.apexosn.com\/es\/wp-json\/wp\/v2\/tags?post=4892"}],"curies":[{"name":"wp","href":"https:\/\/api.w.org\/{rel}","templated":true}]}}