{"id":4864,"date":"2024-05-14T09:42:13","date_gmt":"2024-05-14T14:42:13","guid":{"rendered":"https:\/\/www.apexosn.com\/charlotte-nc\/charlotte-medico-de-lesiones-personales\/"},"modified":"2024-05-24T07:05:35","modified_gmt":"2024-05-24T12:05:35","slug":"charlotte-medico-de-lesiones-personales","status":"publish","type":"page","link":"https:\/\/www.apexosn.com\/es\/charlotte-nc\/charlotte-medico-de-lesiones-personales\/","title":{"rendered":"Charlotte M\u00e9dico de Lesiones Personales"},"content":{"rendered":"<p>\u00bfHa sufrido un accidente que le ha dejado con dolor f\u00edsico y sin saber a qui\u00e9n acudir? Pues bien, nuestros m\u00e9dicos de lesiones personales de Charlotte est\u00e1n aqu\u00ed para ayudarle. Se trata de profesionales m\u00e9dicos especializados en el tratamiento de lesiones causadas por accidentes, como accidentes de tr\u00e1fico, resbalones y ca\u00eddas o incidentes en el lugar de trabajo. Su experiencia radica en el diagn\u00f3stico y tratamiento de una amplia gama de lesiones, gui\u00e1ndole a trav\u00e9s del proceso de recuperaci\u00f3n, y, potencialmente, el apoyo a las reclamaciones legales.<\/p>\n<p>Una lesi\u00f3n nunca debe tomarse a la ligera, ya que puede afectar a su capacidad para trabajar, pagar facturas e incluso llevar un estilo de vida normal. Como tal, es imperativo buscar atenci\u00f3n m\u00e9dica tan pronto como sea posible. Si reside en Charlotte, no dude en buscar ayuda en Apex Orthopaedics Spine &amp; Neurology llamando al <a href=\"tel:+17042723880\"><i class=\"fa fa-phone-alt\"><\/i>704-272-3880<\/a>.<\/p>\n\t\t<div data-elementor-type=\"section\" data-elementor-id=\"208\" class=\"elementor elementor-208\" data-elementor-post-type=\"elementor_library\">\n\t\t\t\t\t<section class=\"elementor-section elementor-top-section elementor-element elementor-element-485e576a elementor-section-boxed elementor-section-height-default elementor-section-height-default\" data-id=\"485e576a\" data-element_type=\"section\" data-e-type=\"section\">\n\t\t\t\t\t\t<div class=\"elementor-container elementor-column-gap-default\">\n\t\t\t\t\t<div class=\"elementor-column elementor-col-100 elementor-top-column elementor-element elementor-element-635c38c0\" data-id=\"635c38c0\" data-element_type=\"column\" data-e-type=\"column\">\n\t\t\t<div class=\"elementor-widget-wrap elementor-element-populated\">\n\t\t\t\t\t\t<div class=\"elementor-element elementor-element-3ba95c8a elementor-toc--minimized-on-tablet elementor-widget elementor-widget-table-of-contents\" data-id=\"3ba95c8a\" data-element_type=\"widget\" data-e-type=\"widget\" data-settings=\"{&quot;exclude_headings_by_selector&quot;:&quot;.toc-remove&quot;,&quot;headings_by_tags&quot;:[&quot;h2&quot;,&quot;h3&quot;],&quot;marker_view&quot;:&quot;numbers&quot;,&quot;no_headings_message&quot;:&quot;No headings were found on this page.&quot;,&quot;minimize_box&quot;:&quot;yes&quot;,&quot;minimized_on&quot;:&quot;tablet&quot;,&quot;hierarchical_view&quot;:&quot;yes&quot;,&quot;min_height&quot;:{&quot;unit&quot;:&quot;px&quot;,&quot;size&quot;:&quot;&quot;,&quot;sizes&quot;:[]},&quot;min_height_laptop&quot;:{&quot;unit&quot;:&quot;px&quot;,&quot;size&quot;:&quot;&quot;,&quot;sizes&quot;:[]},&quot;min_height_tablet&quot;:{&quot;unit&quot;:&quot;px&quot;,&quot;size&quot;:&quot;&quot;,&quot;sizes&quot;:[]},&quot;min_height_mobile&quot;:{&quot;unit&quot;:&quot;px&quot;,&quot;size&quot;:&quot;&quot;,&quot;sizes&quot;:[]}}\" data-widget_type=\"table-of-contents.default\">\n\t\t\t\t\t\t\t\t\t<div class=\"elementor-toc__header\">\n\t\t\t\t\t\t<div class=\"elementor-toc__header-title\">\n\t\t\t\tTable of Contents\t\t\t<\/div>\n\t\t\t\t\t\t\t\t\t\t<div class=\"elementor-toc__toggle-button elementor-toc__toggle-button--expand\" role=\"button\" tabindex=\"0\" aria-controls=\"elementor-toc__3ba95c8a\" aria-expanded=\"true\" aria-label=\"Open table of contents\"><svg aria-hidden=\"true\" class=\"e-font-icon-svg e-fas-chevron-down\" viewBox=\"0 0 448 512\" xmlns=\"http:\/\/www.w3.org\/2000\/svg\"><path d=\"M207.029 381.476L12.686 187.132c-9.373-9.373-9.373-24.569 0-33.941l22.667-22.667c9.357-9.357 24.522-9.375 33.901-.04L224 284.505l154.745-154.021c9.379-9.335 24.544-9.317 33.901.04l22.667 22.667c9.373 9.373 9.373 24.569 0 33.941L240.971 381.476c-9.373 9.372-24.569 9.372-33.942 0z\"><\/path><\/svg><\/div>\n\t\t\t\t<div class=\"elementor-toc__toggle-button elementor-toc__toggle-button--collapse\" role=\"button\" tabindex=\"0\" aria-controls=\"elementor-toc__3ba95c8a\" aria-expanded=\"true\" aria-label=\"Close table of contents\"><svg aria-hidden=\"true\" class=\"e-font-icon-svg e-fas-chevron-up\" viewBox=\"0 0 448 512\" xmlns=\"http:\/\/www.w3.org\/2000\/svg\"><path d=\"M240.971 130.524l194.343 194.343c9.373 9.373 9.373 24.569 0 33.941l-22.667 22.667c-9.357 9.357-24.522 9.375-33.901.04L224 227.495 69.255 381.516c-9.379 9.335-24.544 9.317-33.901-.04l-22.667-22.667c-9.373-9.373-9.373-24.569 0-33.941L207.03 130.525c9.372-9.373 24.568-9.373 33.941-.001z\"><\/path><\/svg><\/div>\n\t\t\t\t\t<\/div>\n\t\t\t\t<div id=\"elementor-toc__3ba95c8a\" class=\"elementor-toc__body\">\n\t\t\t<div class=\"elementor-toc__spinner-container\">\n\t\t\t\t<svg class=\"elementor-toc__spinner eicon-animation-spin e-font-icon-svg e-eicon-loading\" aria-hidden=\"true\" viewBox=\"0 0 1000 1000\" xmlns=\"http:\/\/www.w3.org\/2000\/svg\"><path d=\"M500 975V858C696 858 858 696 858 500S696 142 500 142 142 304 142 500H25C25 237 238 25 500 25S975 237 975 500 763 975 500 975Z\"><\/path><\/svg>\t\t\t<\/div>\n\t\t<\/div>\n\t\t\t\t\t\t<\/div>\n\t\t\t\t\t<\/div>\n\t\t<\/div>\n\t\t\t\t\t<\/div>\n\t\t<\/section>\n\t\t\t\t<\/div>\n\t\t\n<h2>\u00bfQu\u00e9 es un m\u00e9dico de lesiones personales?<\/h2>\n<p>M\u00e9dico de lesiones personales es un t\u00e9rmino para los profesionales m\u00e9dicos que se especializan en el tratamiento de lesiones causadas por accidentes. Los m\u00e9dicos de urgencias suelen ser el primer punto de contacto despu\u00e9s de un accidente, proporcionando estabilizaci\u00f3n y evaluaci\u00f3n inmediatas.<\/p>\n<p>Despu\u00e9s de esto, nuestros m\u00e9dicos de lesiones personales Charlotte ayudar con su rehabilitaci\u00f3n y recuperaci\u00f3n. Tenemos una variedad de especialistas en nuestro equipo en Apex Orthopaedics Spine &amp; Neurology, incluyendo:<\/p>\n<ul>\n<li><strong>Ortopedistas<\/strong>: Son especialistas en fracturas \u00f3seas, desgarros de ligamentos y otras lesiones musculoesquel\u00e9ticas.<\/li>\n<li><strong>Neur\u00f3logos<\/strong>: Se centran en diagnosticar y tratar lesiones del sistema nervioso, como traumatismos craneoencef\u00e1licos o lesiones nerviosas.<\/li>\n<li><strong>Especialistas en tratamiento del dolor<\/strong>: Son expertos en el tratamiento del dolor cr\u00f3nico que puede surgir tras un accidente.<\/li>\n<li><strong>Fisioterapeutas<\/strong>: Dise\u00f1an programas de ejercicios terap\u00e9uticos para ayudarle a recuperar la fuerza, la flexibilidad y la funcionalidad.<\/li>\n<li><strong>Quiropr\u00e1cticos<\/strong>: Utilizan ajustes de la columna vertebral y manipulaciones de los tejidos blandos para aliviar el dolor y restablecer la alineaci\u00f3n de la columna vertebral.<\/li>\n<\/ul>\n<p><img fetchpriority=\"high\" decoding=\"async\" class=\"aligncenter size-large wp-image-4784\" src=\"https:\/\/www.apexosn.com\/wp-content\/uploads\/2024\/05\/Personal-Injury-Doctor-410x1024.png\" alt=\"What is a personal injury doctor\" width=\"410\" height=\"1024\" srcset=\"https:\/\/www.apexosn.com\/wp-content\/uploads\/2024\/05\/Personal-Injury-Doctor-410x1024.png 410w, https:\/\/www.apexosn.com\/wp-content\/uploads\/2024\/05\/Personal-Injury-Doctor-120x300.png 120w, https:\/\/www.apexosn.com\/wp-content\/uploads\/2024\/05\/Personal-Injury-Doctor-768x1920.png 768w, https:\/\/www.apexosn.com\/wp-content\/uploads\/2024\/05\/Personal-Injury-Doctor.png 800w\" sizes=\"(max-width: 410px) 100vw, 410px\" \/><\/p>\n<h2>\u00bfQu\u00e9 hace un m\u00e9dico de lesiones personales en Charlotte?<\/h2>\n<p>El trabajo de un m\u00e9dico de lesiones personales Charlotte menudo implica el diagn\u00f3stico de una amplia gama de lesiones y el desarrollo de los planes de tratamiento adecuados, que pueden implicar la medicaci\u00f3n, terapia f\u00edsica, cirug\u00eda, o una combinaci\u00f3n de enfoques.<\/p>\n<p>Tambi\u00e9n tienen la tarea de documentar las lesiones, incluyendo su gravedad, el pron\u00f3stico y el curso esperado del tratamiento. Estos registros pueden ser pruebas cruciales si usted decide presentar una demanda judicial.<\/p>\n<p><a href=\"https:\/\/www.apexosn.com\/wp-content\/uploads\/2024\/05\/shutterstock_1999056566-min-1.jpg\"><img decoding=\"async\" class=\"alignnone size-full wp-image-3721\" src=\"https:\/\/www.apexosn.com\/wp-content\/uploads\/2024\/05\/shutterstock_1999056566-min-1.jpg\" alt=\"Charlotte M\u00e9dico de Lesiones Personales\" width=\"500\" height=\"334\" srcset=\"https:\/\/www.apexosn.com\/wp-content\/uploads\/2024\/05\/shutterstock_1999056566-min-1.jpg 500w, https:\/\/www.apexosn.com\/wp-content\/uploads\/2024\/05\/shutterstock_1999056566-min-1-300x200.jpg 300w\" sizes=\"(max-width: 500px) 100vw, 500px\" \/><\/a><\/p>\n<h2>Pasos esenciales tras sufrir una lesi\u00f3n<\/h2>\n<p>Lo que haga despu\u00e9s de un accidente en el que haya resultado lesionado es importante tanto para sus posibilidades de curarse m\u00e1s r\u00e1pidamente como de ser indemnizado. Dicho esto, aseg\u00farese de hacer lo siguiente.<\/p>\n<h3>Busque atenci\u00f3n m\u00e9dica y conserve el historial<\/h3>\n<p>Huelga decir que debe buscar atenci\u00f3n m\u00e9dica inmediata tras sufrir una lesi\u00f3n. Esto se aplica incluso si se siente bien, ya que algunos s\u00edntomas pueden tardar d\u00edas o incluso semanas en manifestarse.<\/p>\n<p>Su m\u00e9dico realizar\u00e1 un diagn\u00f3stico exhaustivo, le prescribir\u00e1 el tratamiento adecuado y conservar\u00e1 los registros pertinentes para uso futuro. Aseg\u00farese de guardar una copia de todos los registros del tratamiento, ya que le ayudar\u00e1n a demostrar cu\u00e1nto merece en concepto de indemnizaci\u00f3n.<\/p>\n<h3>Haga fotos y grabe v\u00eddeos del lugar de los hechos<\/h3>\n<p>Si es posible, haga fotos y grabe v\u00eddeos de sus lesiones, da\u00f1os y de todo el accidente. Esto le servir\u00e1 como prueba concreta del accidente.<\/p>\n<h3>Recoge los nombres y datos de contacto de los testigos<\/h3>\n<p>Si alguien vio el incidente, recopila sus nombres y datos de contacto. Los testigos le ayudar\u00e1n a consolidar su reclamaci\u00f3n, sobre todo si va a juicio.<\/p>\n<h3>Notificar el accidente<\/h3>\n<p>Tambi\u00e9n es importante que informes del accidente a las partes pertinentes. Por ejemplo, si se trata de un accidente de coche, informe a la polic\u00eda. Si se trata de una lesi\u00f3n laboral, informe a su jefe. Aseg\u00farese tambi\u00e9n de obtener una copia del informe del accidente.<\/p>\n<h3>No admitas la culpa<\/h3>\n<p>Incluso si cree que puede ser parcialmente responsable del accidente, evite admitir la culpa o disculparse ante la otra parte. La responsabilidad o culpa de las demandas por lesiones personales se determina despu\u00e9s de una investigaci\u00f3n exhaustiva, y usted ciertamente no quiere poner en peligro sus posibilidades de compensaci\u00f3n.<\/p>\n<h3>Llame a un abogado de lesiones personales de Charlotte<\/h3>\n<p>Por \u00faltimo, usted querr\u00e1 consultar a un abogado de lesiones personales inmediatamente. Usted no quiere escatimar en este paso, ya que ayuda a determinar si usted tiene un caso v\u00e1lido y c\u00f3mo ir sobre ella.<\/p>\n<h2>Los diferentes tipos de lesiones personales<\/h2>\n<p>Nuestros profesionales experimentados est\u00e1n listos para hacer frente a casi cualquier forma de caso de lesiones personales. Tenemos una reputaci\u00f3n sin igual por trabajar duro para conseguir a nuestros pacientes el tratamiento que se merecen. He aqu\u00ed un vistazo m\u00e1s de cerca a los diferentes tipos de lesiones personales que manejamos.<\/p>\n<h3>Lesiones por accidentes automovil\u00edsticos<\/h3>\n<p>Los accidentes automovil\u00edsticos son una ocurrencia frecuente en Charlotte y constituyen una parte significativa de las lesiones que nuestro equipo maneja. Desde accidentes menores hasta accidentes graves, los accidentes automovil\u00edsticos pueden causar todo tipo de lesiones que van desde leves a graves.<\/p>\n<p>Algunos, como el latigazo cervical, no se manifiestan al instante, por lo que es importante acudir al m\u00e9dico tras un accidente de tr\u00e1fico.<\/p>\n<p><a href=\"https:\/\/www.apexosn.com\/wp-content\/uploads\/2024\/05\/shutterstock_1967420284-min.jpg\"><img decoding=\"async\" class=\"alignnone size-full wp-image-3310\" src=\"https:\/\/www.apexosn.com\/wp-content\/uploads\/2024\/05\/shutterstock_1967420284-min.jpg\" alt=\"Car Accident Injury\" width=\"500\" height=\"299\" srcset=\"https:\/\/www.apexosn.com\/wp-content\/uploads\/2024\/05\/shutterstock_1967420284-min.jpg 500w, https:\/\/www.apexosn.com\/wp-content\/uploads\/2024\/05\/shutterstock_1967420284-min-300x179.jpg 300w\" sizes=\"(max-width: 500px) 100vw, 500px\" \/><\/a><\/p>\n<h3>Lesiones por resbalones y ca\u00eddas<\/h3>\n<p>Los incidentes de resbalones y ca\u00eddas son algunos de los casos m\u00e1s comunes de lesiones personales. Estos accidentes pueden ocurrir en cualquier lugar, pero a menudo ocurren en locales comerciales. Por ejemplo, usted podr\u00eda estar de compras en su tienda local de comestibles y resbalar en una fruta aplastada, o podr\u00eda caer y lesionarse el tobillo en el estacionamiento de un centro comercial.<\/p>\n<p>Los accidentes por resbalones y ca\u00eddas suelen estar causados por agua o hielo, as\u00ed como por suelos que requieren mantenimiento o reparaci\u00f3n. Aunque las lesiones resultantes de un resbal\u00f3n y ca\u00edda no siempre son graves, pueden causar dolor y molestias significativas.<\/p>\n<h3>Lesiones catastr\u00f3ficas<\/h3>\n<p>Las lesiones catastr\u00f3ficas, como los da\u00f1os graves en el cerebro, la columna vertebral o el cr\u00e1neo, pueden tener un profundo impacto en todos los aspectos de su vida. Estas lesiones a menudo son causadas por un traumatismo grave, como un accidente de coche o una ca\u00edda, y con frecuencia resultan en discapacidad permanente, par\u00e1lisis o incluso la muerte.<\/p>\n<p>Adem\u00e1s de someterse a m\u00faltiples cirug\u00edas, las personas que sufren lesiones catastr\u00f3ficas a menudo requieren terapia f\u00edsica a largo plazo. Nuestro equipo tiene la experiencia para manejar estas situaciones complejas y utilizar\u00e1 nuestros recursos para asegurar el mejor resultado.<\/p>\n<h3>Agresi\u00f3n y lesiones<\/h3>\n<p>Asalto y agresi\u00f3n se refieren al acto ilegal de tocar a otra persona, que van desde altercados f\u00edsicos a incidentes de ira de carretera. Estas ofensas pueden resultar en una amplia gama de lesiones, incluyendo huesos rotos, contusiones y da\u00f1os internos. Si usted es v\u00edctima de asalto y agresi\u00f3n, usted debe buscar la ayuda de un m\u00e9dico con experiencia tan pronto como sea posible.<\/p>\n<h3>Mordeduras de perro<\/h3>\n<p>Los casos de mordeduras de perro son, por desgracia, demasiado comunes en Charlotte, un lugar donde muchas personas tienen a estos peludos compa\u00f1eros como mascotas. Aunque los perros suelen ser amistosos y cari\u00f1osos, su comportamiento puede ser impredecible, y cualquiera puede ser v\u00edctima de un ataque de perro. Incluso un perro normalmente d\u00f3cil puede volverse agresivo en un instante.<\/p>\n<p>Las mordeduras de perro pueden provocar diversas lesiones, como laceraciones, heridas punzantes, fracturas, lesiones por aplastamiento e incluso traumas emocionales. Por eso, cuando le muerdan, no dude en buscar atenci\u00f3n m\u00e9dica.<\/p>\n<h3>Responsabilidad por productos defectuosos<\/h3>\n<p>Los fabricantes tienen la obligaci\u00f3n legal de garantizar que sus productos sean seguros para los consumidores. Sin embargo, algunos productos resultan ser defectuosos y causan lesiones. Algunas de las m\u00e1s comunes son quemaduras por fallos el\u00e9ctricos, pinchazos por componentes afilados, fracturas por el desplome de un producto e incluso laceraciones por bordes afilados o piezas rotas.<\/p>\n<h3>Lesiones laborales<\/h3>\n<p>Los empleados tambi\u00e9n pueden lesionarse mientras est\u00e1n de servicio, especialmente los que trabajan en sectores de riesgo como la miner\u00eda y la construcci\u00f3n. Las lesiones laborales pueden deberse a ca\u00eddas de objetos, sobreesfuerzos, esfuerzos repetitivos, exposici\u00f3n a materiales peligrosos, fallos el\u00e9ctricos y aver\u00edas de la maquinaria. Pueden ser desde torceduras leves hasta traumatismos craneoencef\u00e1licos graves e incluso amputaciones.<\/p>\n<h3>Negligencia m\u00e9dica<\/h3>\n<p>Aunque los m\u00e9dicos reciben una amplia formaci\u00f3n, son propensos a cometer errores que causan m\u00e1s lesiones de las inicialmente sufridas. Los casos de negligencia m\u00e9dica son graves y a menudo implican diagn\u00f3sticos err\u00f3neos, falta de diagn\u00f3stico, prescripci\u00f3n de medicamentos equivocados, errores quir\u00fargicos y falta de cuidados postoperatorios adecuados.<\/p>\n<p>Si su m\u00e9dico es culpable de alguna de estas cosas, es posible que tenga que presentar una demanda contra \u00e9l. Nuestros abogados especializados en negligencias m\u00e9dicas tienen experiencia en este tipo de casos y pueden ayudarle a recibir la justicia y la indemnizaci\u00f3n que se merece.<\/p>\n<p><a href=\"https:\/\/www.apexosn.com\/wp-content\/uploads\/2024\/05\/shutterstock_1149639419-min-1.jpg\"><img loading=\"lazy\" decoding=\"async\" class=\"alignnone size-full wp-image-3723\" src=\"https:\/\/www.apexosn.com\/wp-content\/uploads\/2024\/05\/shutterstock_1149639419-min-1.jpg\" alt=\"Charlotte Personal Injury Treatment\" width=\"500\" height=\"344\" srcset=\"https:\/\/www.apexosn.com\/wp-content\/uploads\/2024\/05\/shutterstock_1149639419-min-1.jpg 500w, https:\/\/www.apexosn.com\/wp-content\/uploads\/2024\/05\/shutterstock_1149639419-min-1-300x206.jpg 300w\" sizes=\"(max-width: 500px) 100vw, 500px\" \/><\/a><\/p>\n<h2>Proceso de tratamiento de lesiones personales<\/h2>\n<p>El camino hacia la recuperaci\u00f3n comienza con una evaluaci\u00f3n inicial exhaustiva. El m\u00e9dico realizar\u00e1 un historial detallado del paciente, que incluir\u00e1 la naturaleza del accidente y cualquier enfermedad preexistente. A continuaci\u00f3n se realiza un examen f\u00edsico completo, centrado en las zonas lesionadas.<\/p>\n<p>Pueden ser necesarias pruebas de imagen como radiograf\u00edas, tomograf\u00edas computarizadas o resonancias magn\u00e9ticas para evaluar las lesiones internas y orientar las decisiones de tratamiento. El tratamiento del dolor tambi\u00e9n es importante, y el m\u00e9dico analizar\u00e1 opciones como medicaci\u00f3n, fisioterapia o terapias alternativas para controlar las molestias.<\/p>\n<p>Es importante tener en cuenta que los planes de tratamiento se adaptan a la lesi\u00f3n concreta. La medicaci\u00f3n puede consistir en analg\u00e9sicos, relajantes musculares o antiinflamatorios. Los programas de fisioterapia o rehabilitaci\u00f3n est\u00e1n dise\u00f1ados para devolver la movilidad, la fuerza y la funcionalidad a la zona lesionada.<\/p>\n<p>En algunos casos, puede ser necesaria la cirug\u00eda para reparar fracturas, tratar lesiones nerviosas o aliviar el dolor persistente. Independientemente del enfoque, su m\u00e9dico de lesiones personales Charlotte seguir\u00e1 de cerca su progreso, ajustando el plan de tratamiento seg\u00fan sea necesario para asegurar una recuperaci\u00f3n sin problemas.<\/p>\n<h2>\u00a1Llame a los mejores m\u00e9dicos de lesiones personales de Charlotte!<\/h2>\n<p>Los casos de lesiones que resultan de accidentes o de los actos descuidados de otra parte nunca deben dejarse desatendidos. Algunas lesiones pueden ser tan graves que es posible que nunca pueda volver a llevar una vida normal. Por lo tanto, no dude en buscar atenci\u00f3n m\u00e9dica adecuada.<\/p>\n<p>Nuestro equipo de Apex Orthopaedics Spine &amp; Neurology evaluar\u00e1 su lesi\u00f3n y elaborar\u00e1 el plan de tratamiento que mejor se adapte a usted. \u00a1P\u00f3ngase en contacto con nuestros m\u00e9dicos de lesiones personales Charlotte llamando a nuestra oficina en <a href=\"tel:+17042723880\"><i class=\"fa fa-phone-alt\"><\/i>704-272-3880<\/a> hoy!<\/p>\n","protected":false},"excerpt":{"rendered":"<p>\u00bfHa sufrido un accidente que le ha dejado con dolor f\u00edsico y sin saber a qui\u00e9n acudir? Pues bien, nuestros m\u00e9dicos de lesiones personales de Charlotte est\u00e1n aqu\u00ed para ayudarle. Se trata de profesionales m\u00e9dicos especializados en el tratamiento de lesiones causadas por accidentes, como accidentes de tr\u00e1fico, resbalones y ca\u00eddas o incidentes en el [&hellip;]<\/p>\n","protected":false},"author":25,"featured_media":0,"parent":2732,"menu_order":0,"comment_status":"closed","ping_status":"closed","template":"","meta":{"_acf_changed":false,"footnotes":""},"categories":[],"tags":[],"class_list":["post-4864","page","type-page","status-publish","hentry"],"acf":[],"_links":{"self":[{"href":"https:\/\/www.apexosn.com\/es\/wp-json\/wp\/v2\/pages\/4864","targetHints":{"allow":["GET"]}}],"collection":[{"href":"https:\/\/www.apexosn.com\/es\/wp-json\/wp\/v2\/pages"}],"about":[{"href":"https:\/\/www.apexosn.com\/es\/wp-json\/wp\/v2\/types\/page"}],"author":[{"embeddable":true,"href":"https:\/\/www.apexosn.com\/es\/wp-json\/wp\/v2\/users\/25"}],"replies":[{"embeddable":true,"href":"https:\/\/www.apexosn.com\/es\/wp-json\/wp\/v2\/comments?post=4864"}],"version-history":[{"count":2,"href":"https:\/\/www.apexosn.com\/es\/wp-json\/wp\/v2\/pages\/4864\/revisions"}],"predecessor-version":[{"id":4865,"href":"https:\/\/www.apexosn.com\/es\/wp-json\/wp\/v2\/pages\/4864\/revisions\/4865"}],"up":[{"embeddable":true,"href":"https:\/\/www.apexosn.com\/es\/wp-json\/wp\/v2\/pages\/2732"}],"wp:attachment":[{"href":"https:\/\/www.apexosn.com\/es\/wp-json\/wp\/v2\/media?parent=4864"}],"wp:term":[{"taxonomy":"category","embeddable":true,"href":"https:\/\/www.apexosn.com\/es\/wp-json\/wp\/v2\/categories?post=4864"},{"taxonomy":"post_tag","embeddable":true,"href":"https:\/\/www.apexosn.com\/es\/wp-json\/wp\/v2\/tags?post=4864"}],"curies":[{"name":"wp","href":"https:\/\/api.w.org\/{rel}","templated":true}]}}