{"id":4845,"date":"2024-05-23T12:04:53","date_gmt":"2024-05-23T17:04:53","guid":{"rendered":"https:\/\/www.apexosn.com\/charlotte-nc\/charlotte-medical-injections\/"},"modified":"2024-05-24T06:16:08","modified_gmt":"2024-05-24T11:16:08","slug":"inyecciones-medicas-en-charlotte","status":"publish","type":"page","link":"https:\/\/www.apexosn.com\/es\/charlotte-nc\/inyecciones-medicas-en-charlotte\/","title":{"rendered":"Inyecciones m\u00e9dicas en Charlotte"},"content":{"rendered":"<p>El dolor cr\u00f3nico es implacable e impredecible. Puede que tengas d\u00edas buenos, pero cuando el dolor ataca, no hay se\u00f1ales de que vaya a mejorar. Vivir con la incertidumbre de cu\u00e1ndo resurgir\u00e1 el dolor puede ser extremadamente frustrante. Afortunadamente, Apex Orthopaedics Spine &amp; Neurology de Charlotte proporciona inyecciones m\u00e9dicas que ofrecen una soluci\u00f3n.<\/p>\n<p>Las inyecciones para el tratamiento del dolor son procedimientos m\u00ednimamente invasivos que proporcionan un alivio eficaz y duradero. Si usted sufre de dolor cr\u00f3nico debido a diversas lesiones o condiciones, nuestros especialistas en Apex Orthopaedics Spine &amp; Neurology en Charlotte est\u00e1n aqu\u00ed para ayudar. Llame al <a href=\"tel:+17044123045\"><i class=\"fa fa-phone-alt\"><\/i>704-412-3045<\/a> para consultar con uno de nuestros expertos o reservar una cita hoy mismo.<\/p>\n<h2>\u00bfC\u00f3mo se utilizan las inyecciones m\u00e9dicas en el tratamiento del dolor?<\/h2>\n<p>Las inyecciones para aliviar el dolor incluyen varios tipos de medicamentos. La mayor\u00eda de las inyecciones consisten en un esteroide como la cortisona, un anest\u00e9sico local o una combinaci\u00f3n de ambos.<\/p>\n<h2>Informaci\u00f3n sobre las inyecciones de esteroides<\/h2>\n<p>Las inyecciones que contienen esteroides se utilizan principalmente para el alivio a largo plazo del dolor y la inflamaci\u00f3n. Normalmente, las inyecciones epidurales de esteroides se utilizan para aliviar el dolor lumbar, as\u00ed como las molestias en el cuello y la parte superior de la espalda. Estas inyecciones administran la medicaci\u00f3n en el espacio epidural que rodea la m\u00e9dula espinal, proporcionando un alivio significativo del dolor.<\/p>\n<h3>Bloqueos nerviosos<\/h3>\n<p>Las inyecciones de bloqueo nervioso son otra variante. Su objetivo es aliviar el dolor agudo interrumpiendo las se\u00f1ales nerviosas que se env\u00edan al cerebro. Aunque generalmente se utilizan para tratar el dolor asociado a nervios inflamados, tambi\u00e9n pueden ayudar a identificar la fuente exacta del malestar.<\/p>\n<h3>Procedimiento de inyecci\u00f3n<\/h3>\n<p>Las inyecciones se administran mediante un proceso sencillo. En primer lugar, se limpia la zona objetivo y se aplica un anest\u00e9sico local. Mediante rayos X y un tinte de prueba, se identifica el lugar preciso para la administraci\u00f3n de la medicaci\u00f3n. Por \u00faltimo, el especialista inyecta la medicaci\u00f3n y cubre la zona con un peque\u00f1o vendaje. Los pacientes suelen notar una reducci\u00f3n del dolor a medida que la medicaci\u00f3n hace efecto. El n\u00famero de inyecciones necesarias para un alivio a largo plazo var\u00eda de un paciente a otro.<\/p>\n<h2>Afecciones tratadas con inyecciones<\/h2>\n<p>Las inyecciones para el tratamiento del dolor son eficaces para tratar diversas lesiones y afecciones que causan dolor cr\u00f3nico. Algunos ejemplos notables son:<\/p>\n<h3>Lesiones comunes:<\/h3>\n<ul>\n<li>Lesiones de espalda: Resultantes de movimientos repetitivos, levantar objetos pesados, accidentes deportivos, torsiones o ca\u00eddas.<\/li>\n<li>Dislocaci\u00f3n o fractura de v\u00e9rtebras<\/li>\n<li>Esguinces cervicales o lumbares<\/li>\n<li>Latigazo cervical<\/li>\n<li>Hernia discal<\/li>\n<li>Distensi\u00f3n muscular<\/li>\n<li>Lesiones por Accidente de Coche<\/li>\n<\/ul>\n<h3>Enfermedades comunes:<\/h3>\n<p><strong>Osteoartritis<\/strong>: Con el tiempo, el cart\u00edlago que amortigua los huesos se deteriora, dando lugar a la artrosis. Esto afecta com\u00fanmente a las articulaciones de la columna vertebral, las caderas, las rodillas y las manos, pero puede ocurrir en casi cualquier articulaci\u00f3n.<br \/>\n<strong>Radiculopat\u00eda<\/strong>: Causada por nervios pinzados como consecuencia de cambios degenerativos, lesiones o inflamaci\u00f3n de tejidos blandos.<br \/>\n<strong>Discos degenerativos<\/strong>: La degeneraci\u00f3n de los discos intervertebrales relacionada con la edad puede causar un dolor de espalda importante.<br \/>\n<strong>Estenosis espinal<\/strong>: Afecciones como los espolones \u00f3seos, las hernias discales o el engrosamiento de los ligamentos pueden estrechar el canal espinal y ejercer presi\u00f3n sobre los nervios circundantes.<\/p>\n<p><a href=\"https:\/\/www.apexosn.com\/wp-content\/uploads\/2024\/05\/shutterstock_1715368357.jpg\"><img fetchpriority=\"high\" decoding=\"async\" class=\"alignnone size-full wp-image-4797\" src=\"https:\/\/www.apexosn.com\/wp-content\/uploads\/2024\/05\/shutterstock_1715368357.jpg\" alt=\"Medical injections in Charlotte\" width=\"500\" height=\"334\" srcset=\"https:\/\/www.apexosn.com\/wp-content\/uploads\/2024\/05\/shutterstock_1715368357.jpg 500w, https:\/\/www.apexosn.com\/wp-content\/uploads\/2024\/05\/shutterstock_1715368357-300x200.jpg 300w\" sizes=\"(max-width: 500px) 100vw, 500px\" \/><\/a><\/p>\n<h2>Inyecciones M\u00e9dicas Disponibles en Apex Orthopaedics Spine &amp; Neurology<\/h2>\n<h3>Inyecciones espinales<\/h3>\n<h4>Ablaci\u00f3n por radiofrecuencia (RFA)<\/h4>\n<p>RFA utiliza calor para destruir el tejido y controlar el dolor cr\u00f3nico en las articulaciones artr\u00edticas, la espalda baja y el cuello. Se transmiten ondas de radio a trav\u00e9s de una aguja para calentar parte del nervio afectado, impidiendo que env\u00ede se\u00f1ales de dolor al cerebro. Puede ser eficaz en personas que no han respondido a tratamientos como la fisioterapia o los analg\u00e9sicos.<\/p>\n<h4>Inyecciones de bloqueo de la rama medial cervical<\/h4>\n<p>Estas inyecciones tratan el dolor de la articulaci\u00f3n facetaria que puede causar dolor referido en el hombro, dolores de cabeza relacionados con las articulaciones del cuello y dolor cervical. El procedimiento consiste en inyectar un anest\u00e9sico local fuera de la articulaci\u00f3n facetaria, cerca de los nervios de la rama medial, para bloquear las se\u00f1ales de dolor. Tambi\u00e9n pueden predecir la eficacia de las ablaciones por radiofrecuencia.<\/p>\n<h4>Inyecciones epidurales cervicales<\/h4>\n<p>Se utilizan para el alivio temporal del dolor cr\u00f3nico de cuello causado por la inflamaci\u00f3n e irritaci\u00f3n de la ra\u00edz nerviosa espinal. Afecciones como la estenosis espinal cervical, la enfermedad degenerativa discal, las hernias discales y la artrosis causan estos problemas. Se inyecta medicaci\u00f3n antiinflamatoria en el espacio epidural del cuello para proporcionar alivio.<\/p>\n<h4>Inyecciones en la articulaci\u00f3n facetaria tor\u00e1cica<\/h4>\n<p>Las articulaciones facetarias entre los huesos vertebrales de la parte superior de la espalda pueden sufrir artritis, tensi\u00f3n mec\u00e1nica y lesiones. Estas inyecciones alivian el dolor en las regiones media y superior de la espalda, incluidos el pecho y los brazos. El procedimiento consiste en inyectar una mezcla de anestesia local y corticosteroides en las articulaciones facetarias.<\/p>\n<h4>Inyecciones epidurales tor\u00e1cicas<\/h4>\n<p>Estas inyecciones tratan el dolor en la parte media y alta de la espalda, proporcionando un alivio temporal para facilitar la fisioterapia o eliminar la necesidad de cirug\u00eda. La medicaci\u00f3n se administra en el espacio epidural que rodea la columna vertebral para tratar la estenosis espinal, las lesiones, el s\u00edndrome postquir\u00fargico de la columna tor\u00e1cica y la hernia discal que causa dolor en los brazos y la espalda.<\/p>\n<p>&nbsp;<\/p>\n<h4>Inyecciones en la articulaci\u00f3n facetaria lumbar<\/h4>\n<p>Situadas en la parte baja de la espalda, las articulaciones lumbares pueden ser una fuente de dolor debido a la artritis o artropat\u00eda facetaria. Estas inyecciones consisten en introducir un anest\u00e9sico local en las articulaciones afectadas cerca de la columna vertebral. El n\u00famero de inyecciones necesarias depende del n\u00famero de articulaciones afectadas.<\/p>\n<h4>Inyecciones epidurales transforaminales lumbares<\/h4>\n<p>La inflamaci\u00f3n del disco dural o lumbar puede causar dolor en la parte baja de la espalda, especialmente al agacharse. Si el dolor se extiende a las piernas, puede indicar la presencia de ra\u00edces nerviosas inflamadas. Este procedimiento inyecta esteroides en el espacio epidural de la zona lumbar, centr\u00e1ndose en el origen de la inflamaci\u00f3n.<\/p>\n<h4>Inyecciones en la articulaci\u00f3n sacroil\u00edaca<\/h4>\n<p>Las articulaciones sacroil\u00edacas conectan la pelvis con la columna vertebral, una a cada lado del cuerpo. El dolor de cadera, gl\u00fateo o lumbar puede tener su origen en estas articulaciones. Este procedimiento alivia el dolor inyectando medicaci\u00f3n directamente en la articulaci\u00f3n; tambi\u00e9n es \u00fatil para diagnosticar las fuentes del dolor de espalda.<\/p>\n<h4>Inyecciones de plasma rico en plaquetas (PRP) en la columna vertebral<\/h4>\n<p>Las inyecciones de PRP difieren de las dem\u00e1s en que no utilizan medicaci\u00f3n para aliviar el dolor. En su lugar, administran una dosis concentrada de plaquetas y plasma de la sangre del paciente para reducir la inflamaci\u00f3n y acelerar la curaci\u00f3n. Estas inyecciones proporcionan resultados duraderos y tienen menos efectos secundarios que los esteroides.<\/p>\n<h3>Inyecciones articulares<\/h3>\n<h4>Inyecciones articulares de plasma rico en plaquetas (PRP)<\/h4>\n<p>Las inyecciones de PRP utilizan la sangre del paciente para acelerar la curaci\u00f3n de las articulaciones afectadas. Las altas concentraciones de factores de crecimiento del plasma contribuyen a este proceso. Una centrifugadora extrae plasma rico en plaquetas de la sangre del paciente, que luego se inyecta en la articulaci\u00f3n lesionada. Esto puede ayudar a curar lesiones articulares, con resultados visibles en unas semanas. Las inyecciones de PRP se consideran m\u00e1s seguras que los analg\u00e9sicos de uso com\u00fan, como los corticosteroides.<\/p>\n<h4>Inyecciones articulares de esteroides<\/h4>\n<p>Las inyecciones de esteroides pueden beneficiar a las personas con dolor articular cr\u00f3nico debido a la inflamaci\u00f3n. Estas inyecciones contienen un agente anest\u00e9sico y un corticosteroide, que se administran directamente en la c\u00e1psula articular afectada. Reducen significativamente la inflamaci\u00f3n y alivian el dolor durante d\u00edas, meses o incluso a\u00f1os. Las zonas de inyecci\u00f3n incluyen la rodilla, el hombro, la cadera, la articulaci\u00f3n sacroil\u00edaca y las articulaciones facetarias.<\/p>\n<h2>\u00a1Alivio eficaz del dolor hoy mismo!<\/h2>\n<p>El dolor cr\u00f3nico puede afectar dr\u00e1sticamente a su calidad de vida. Si otros m\u00e9todos de alivio del dolor no han funcionado, considere las inyecciones m\u00e9dicas en Apex Orthopaedics Spine &amp; Neurology en Charlotte. Marque <a href=\"tel:+17044123045\"><i class=\"fa fa-phone-alt\"><\/i>704-412-3045<\/a> para hablar con uno de nuestros especialistas en alivio del dolor o para programar una cita. Comience hoy mismo su viaje hacia una vida sin dolor.<\/p>\n","protected":false},"excerpt":{"rendered":"<p>El dolor cr\u00f3nico es implacable e impredecible. Puede que tengas d\u00edas buenos, pero cuando el dolor ataca, no hay se\u00f1ales de que vaya a mejorar. Vivir con la incertidumbre de cu\u00e1ndo resurgir\u00e1 el dolor puede ser extremadamente frustrante. Afortunadamente, Apex Orthopaedics Spine &amp; Neurology de Charlotte proporciona inyecciones m\u00e9dicas que ofrecen una soluci\u00f3n. Las inyecciones [&hellip;]<\/p>\n","protected":false},"author":25,"featured_media":0,"parent":2732,"menu_order":0,"comment_status":"closed","ping_status":"closed","template":"","meta":{"_acf_changed":false,"footnotes":""},"categories":[],"tags":[],"class_list":["post-4845","page","type-page","status-publish","hentry"],"acf":[],"_links":{"self":[{"href":"https:\/\/www.apexosn.com\/es\/wp-json\/wp\/v2\/pages\/4845","targetHints":{"allow":["GET"]}}],"collection":[{"href":"https:\/\/www.apexosn.com\/es\/wp-json\/wp\/v2\/pages"}],"about":[{"href":"https:\/\/www.apexosn.com\/es\/wp-json\/wp\/v2\/types\/page"}],"author":[{"embeddable":true,"href":"https:\/\/www.apexosn.com\/es\/wp-json\/wp\/v2\/users\/25"}],"replies":[{"embeddable":true,"href":"https:\/\/www.apexosn.com\/es\/wp-json\/wp\/v2\/comments?post=4845"}],"version-history":[{"count":3,"href":"https:\/\/www.apexosn.com\/es\/wp-json\/wp\/v2\/pages\/4845\/revisions"}],"predecessor-version":[{"id":4848,"href":"https:\/\/www.apexosn.com\/es\/wp-json\/wp\/v2\/pages\/4845\/revisions\/4848"}],"up":[{"embeddable":true,"href":"https:\/\/www.apexosn.com\/es\/wp-json\/wp\/v2\/pages\/2732"}],"wp:attachment":[{"href":"https:\/\/www.apexosn.com\/es\/wp-json\/wp\/v2\/media?parent=4845"}],"wp:term":[{"taxonomy":"category","embeddable":true,"href":"https:\/\/www.apexosn.com\/es\/wp-json\/wp\/v2\/categories?post=4845"},{"taxonomy":"post_tag","embeddable":true,"href":"https:\/\/www.apexosn.com\/es\/wp-json\/wp\/v2\/tags?post=4845"}],"curies":[{"name":"wp","href":"https:\/\/api.w.org\/{rel}","templated":true}]}}