{"id":4839,"date":"2024-05-14T09:18:38","date_gmt":"2024-05-14T14:18:38","guid":{"rendered":"https:\/\/www.apexosn.com\/charlotte-nc\/tratamiento-quiropractico-en-charlotte\/"},"modified":"2024-05-24T05:40:12","modified_gmt":"2024-05-24T10:40:12","slug":"tratamiento-quiropractico-en-charlotte","status":"publish","type":"page","link":"https:\/\/www.apexosn.com\/es\/charlotte-nc\/tratamiento-quiropractico-en-charlotte\/","title":{"rendered":"Tratamiento quiropr\u00e1ctico en Charlotte"},"content":{"rendered":"<p>Las lesiones de tejidos blandos est\u00e1n causadas principalmente por da\u00f1os en m\u00fasculos, ligamentos y tendones. Por lo tanto, pueden afectar a su rendimiento, sus actividades diarias, su movilidad e incluso su flexibilidad. Si, por desgracia, usted ha sufrido de lesiones de tejidos blandos en Charlotte, usted necesita buscar atenci\u00f3n quiropr\u00e1ctica inmediatamente.<\/p>\n<p>La b\u00fasqueda de tratamiento quiropr\u00e1ctico puede reducir el dolor, acelerar la curaci\u00f3n de las lesiones, mejorar o restaurar el movimiento, mejorar la postura, mejorar la funci\u00f3n articular y reducir la presi\u00f3n arterial. De hecho, la atenci\u00f3n quiropr\u00e1ctica es m\u00e1s segura y m\u00e1s barata que el tratamiento tradicional del dolor.<\/p>\n<p>Si usted est\u00e1 sufriendo de dolor cr\u00f3nico o se han lesionado en Charlotte, los quiropr\u00e1cticos en Apex Orthopaedics columna vertebral y neurolog\u00eda puede identificar la causa ra\u00edz de su dolor, aliviar el dolor de forma natural, y tratar la causa subyacente de su dolor. Nuestros quiropr\u00e1cticos Charlotte ayudar\u00e1 a recuperar su antiguo yo.<\/p>\n<p>P\u00f3ngase en contacto con nosotros hoy en <a href=\"tel:+17044123045\"><i class=\"fa fa-phone-alt\"><\/i>704-412-3045<\/a> para recibir el mejor tratamiento quiropr\u00e1ctico de nuestros quiropr\u00e1cticos altamente capacitados y experimentados.<\/p>\n\t\t<div data-elementor-type=\"section\" data-elementor-id=\"208\" class=\"elementor elementor-208\" data-elementor-post-type=\"elementor_library\">\n\t\t\t\t\t<section class=\"elementor-section elementor-top-section elementor-element elementor-element-485e576a elementor-section-boxed elementor-section-height-default elementor-section-height-default\" data-id=\"485e576a\" data-element_type=\"section\" data-e-type=\"section\">\n\t\t\t\t\t\t<div class=\"elementor-container elementor-column-gap-default\">\n\t\t\t\t\t<div class=\"elementor-column elementor-col-100 elementor-top-column elementor-element elementor-element-635c38c0\" data-id=\"635c38c0\" data-element_type=\"column\" data-e-type=\"column\">\n\t\t\t<div class=\"elementor-widget-wrap elementor-element-populated\">\n\t\t\t\t\t\t<div class=\"elementor-element elementor-element-3ba95c8a elementor-toc--minimized-on-tablet elementor-widget elementor-widget-table-of-contents\" data-id=\"3ba95c8a\" data-element_type=\"widget\" data-e-type=\"widget\" data-settings=\"{&quot;exclude_headings_by_selector&quot;:&quot;.toc-remove&quot;,&quot;headings_by_tags&quot;:[&quot;h2&quot;,&quot;h3&quot;],&quot;marker_view&quot;:&quot;numbers&quot;,&quot;no_headings_message&quot;:&quot;No headings were found on this page.&quot;,&quot;minimize_box&quot;:&quot;yes&quot;,&quot;minimized_on&quot;:&quot;tablet&quot;,&quot;hierarchical_view&quot;:&quot;yes&quot;,&quot;min_height&quot;:{&quot;unit&quot;:&quot;px&quot;,&quot;size&quot;:&quot;&quot;,&quot;sizes&quot;:[]},&quot;min_height_laptop&quot;:{&quot;unit&quot;:&quot;px&quot;,&quot;size&quot;:&quot;&quot;,&quot;sizes&quot;:[]},&quot;min_height_tablet&quot;:{&quot;unit&quot;:&quot;px&quot;,&quot;size&quot;:&quot;&quot;,&quot;sizes&quot;:[]},&quot;min_height_mobile&quot;:{&quot;unit&quot;:&quot;px&quot;,&quot;size&quot;:&quot;&quot;,&quot;sizes&quot;:[]}}\" data-widget_type=\"table-of-contents.default\">\n\t\t\t\t\t\t\t\t\t<div class=\"elementor-toc__header\">\n\t\t\t\t\t\t<div class=\"elementor-toc__header-title\">\n\t\t\t\tTable of Contents\t\t\t<\/div>\n\t\t\t\t\t\t\t\t\t\t<div class=\"elementor-toc__toggle-button elementor-toc__toggle-button--expand\" role=\"button\" tabindex=\"0\" aria-controls=\"elementor-toc__3ba95c8a\" aria-expanded=\"true\" aria-label=\"Open table of contents\"><svg aria-hidden=\"true\" class=\"e-font-icon-svg e-fas-chevron-down\" viewBox=\"0 0 448 512\" xmlns=\"http:\/\/www.w3.org\/2000\/svg\"><path d=\"M207.029 381.476L12.686 187.132c-9.373-9.373-9.373-24.569 0-33.941l22.667-22.667c9.357-9.357 24.522-9.375 33.901-.04L224 284.505l154.745-154.021c9.379-9.335 24.544-9.317 33.901.04l22.667 22.667c9.373 9.373 9.373 24.569 0 33.941L240.971 381.476c-9.373 9.372-24.569 9.372-33.942 0z\"><\/path><\/svg><\/div>\n\t\t\t\t<div class=\"elementor-toc__toggle-button elementor-toc__toggle-button--collapse\" role=\"button\" tabindex=\"0\" aria-controls=\"elementor-toc__3ba95c8a\" aria-expanded=\"true\" aria-label=\"Close table of contents\"><svg aria-hidden=\"true\" class=\"e-font-icon-svg e-fas-chevron-up\" viewBox=\"0 0 448 512\" xmlns=\"http:\/\/www.w3.org\/2000\/svg\"><path d=\"M240.971 130.524l194.343 194.343c9.373 9.373 9.373 24.569 0 33.941l-22.667 22.667c-9.357 9.357-24.522 9.375-33.901.04L224 227.495 69.255 381.516c-9.379 9.335-24.544 9.317-33.901-.04l-22.667-22.667c-9.373-9.373-9.373-24.569 0-33.941L207.03 130.525c9.372-9.373 24.568-9.373 33.941-.001z\"><\/path><\/svg><\/div>\n\t\t\t\t\t<\/div>\n\t\t\t\t<div id=\"elementor-toc__3ba95c8a\" class=\"elementor-toc__body\">\n\t\t\t<div class=\"elementor-toc__spinner-container\">\n\t\t\t\t<svg class=\"elementor-toc__spinner eicon-animation-spin e-font-icon-svg e-eicon-loading\" aria-hidden=\"true\" viewBox=\"0 0 1000 1000\" xmlns=\"http:\/\/www.w3.org\/2000\/svg\"><path d=\"M500 975V858C696 858 858 696 858 500S696 142 500 142 142 304 142 500H25C25 237 238 25 500 25S975 237 975 500 763 975 500 975Z\"><\/path><\/svg>\t\t\t<\/div>\n\t\t<\/div>\n\t\t\t\t\t\t<\/div>\n\t\t\t\t\t<\/div>\n\t\t<\/div>\n\t\t\t\t\t<\/div>\n\t\t<\/section>\n\t\t\t\t<\/div>\n\t\t\n<h2>\u00bfPor qu\u00e9 son importantes los servicios quiropr\u00e1cticos?<\/h2>\n<p>Ya no tiene que confiar en los m\u00e9todos m\u00e9dicos convencionales. \u00bfPor qu\u00e9? Los servicios quiropr\u00e1cticos utilizan manipulaciones y ajustes espec\u00edficos para reducir su dolor y ayudarle a curarse de sus lesiones, como las lesiones de tejidos blandos. Siga leyendo para conocer la importancia de los servicios quiropr\u00e1cticos.<\/p>\n<h3>Alivio del dolor cr\u00f3nico<\/h3>\n<p>Las lesiones agudas pueden causar dolor en las articulaciones. El dolor agudo o cr\u00f3nico, especialmente en el cuello, no s\u00f3lo es inc\u00f3modo. Tambi\u00e9n es inc\u00f3modo. Y le resultar\u00e1 dif\u00edcil dormir debido a su dolor cr\u00f3nico. El tratamiento quiropr\u00e1ctico puede, por tanto, ayudar a aliviar el dolor articular mediante masajes y ajustes de los tejidos.<\/p>\n<h3>Controlar los dolores de cabeza<\/h3>\n<p>Los dolores de cabeza, especialmente los tensionales, pueden afectar negativamente a muchos aspectos importantes de su vida. Por eso pueden provocar depresi\u00f3n, mayores niveles de estr\u00e9s, ira y fatiga. Sus dolores de cabeza pueden deberse a la tensi\u00f3n de las actividades diarias.<\/p>\n<p>Su quiropr\u00e1ctico utilizar\u00e1 ajustes quiropr\u00e1cticos para liberar la tensi\u00f3n en los m\u00fasculos que rodean los hombros, el cuello y la cabeza. Si consigue aliviar la tensi\u00f3n, sus dolores de cabeza desaparecer\u00e1n.<\/p>\n<h3>Refuerce su sistema inmunitario<\/h3>\n<p>El sistema inmunitario protege al organismo de cualquier da\u00f1o. En pocas palabras, te mantiene sano y seguro. Por desgracia, el estr\u00e9s y la tensi\u00f3n pueden afectar negativamente al sistema inmunitario. De hecho, el estr\u00e9s cr\u00f3nico puede provocar tensi\u00f3n muscular y dolor muscular. Por lo tanto, la atenci\u00f3n quiropr\u00e1ctica puede ayudar a reducir el estr\u00e9s y promover la relajaci\u00f3n para estimular su sistema inmunol\u00f3gico.<\/p>\n<h3>Mejore su postura<\/h3>\n<p>Probablemente te preocupa tu postura. Y puede que desees ajustarla. Si, por ejemplo, permanece sentado en su escritorio durante largos periodos, es posible que tenga una mala postura y experimente dolor o molestias. Un tratamiento quiropr\u00e1ctico regular puede mejorar su postura e incluso su salud en general.<\/p>\n<h3>Mejore su amplitud de movimiento<\/h3>\n<p>Los servicios quiropr\u00e1cticos pueden ayudarle a recuperarse de una lesi\u00f3n y mejorar su amplitud de movimiento. \u00bfC\u00f3mo? El cuidado quiropr\u00e1ctico regular puede aumentar sus niveles de energ\u00eda, aliviar la tensi\u00f3n muscular, disminuir el estr\u00e9s oxidativo y reducir la inflamaci\u00f3n. De hecho, mejorar su amplitud de movimiento puede mejorar su rendimiento deportivo.<\/p>\n<p><a href=\"https:\/\/www.apexosn.com\/wp-content\/uploads\/2024\/05\/shutterstock_769605700-min-1.jpg\"><img fetchpriority=\"high\" decoding=\"async\" class=\"alignnone size-full wp-image-3581\" src=\"https:\/\/www.apexosn.com\/wp-content\/uploads\/2024\/05\/shutterstock_769605700-min-1.jpg\" alt=\"Charlotte Chiropractor\" width=\"500\" height=\"334\" srcset=\"https:\/\/www.apexosn.com\/wp-content\/uploads\/2024\/05\/shutterstock_769605700-min-1.jpg 500w, https:\/\/www.apexosn.com\/wp-content\/uploads\/2024\/05\/shutterstock_769605700-min-1-300x200.jpg 300w\" sizes=\"(max-width: 500px) 100vw, 500px\" \/><\/a><\/p>\n<h2>\u00bfC\u00f3mo puede ayudar el tratamiento quiropr\u00e1ctico a las lesiones?<\/h2>\n<p>Las lesiones pueden afectar a su vida diaria y a su bienestar general. Y puede llevar tiempo recuperarse completamente de algunas lesiones. Afortunadamente, una de las mejores formas de recuperarse r\u00e1pidamente de una lesi\u00f3n es mediante el tratamiento quiropr\u00e1ctico. He aqu\u00ed c\u00f3mo el cuidado quiropr\u00e1ctico puede ayudarle con su lesi\u00f3n.<\/p>\n<h3>C\u00farese r\u00e1pidamente de sus lesiones<\/h3>\n<p>Puede llevar tiempo recuperarse de una lesi\u00f3n antigua. Y su lesi\u00f3n puede provocar calambres en los m\u00fasculos y tensi\u00f3n. Adem\u00e1s, su antigua lesi\u00f3n puede empeorar y desarrollar m\u00e1s lesiones. Afortunadamente, puede utilizar los cuidados quiropr\u00e1cticos para recuperarse r\u00e1pidamente de sus lesiones.<\/p>\n<h3>Deje de tomar analg\u00e9sicos<\/h3>\n<p>Si sufre dolor cr\u00f3nico, probablemente tome analg\u00e9sicos. Sin embargo, no quiere volverse dependiente de sus medicamentos. Es mucho mejor tratar la causa subyacente de su dolor. Una vez que su quiropr\u00e1ctico identifica la causa subyacente, puede utilizar los ajustes quiropr\u00e1cticos para reducir su dolor y tratar la causa subyacente.<\/p>\n<h3>Mejore su estabilidad<\/h3>\n<p>Algunas lesiones, como los esguinces, pueden provocar inestabilidad articular. Por eso pueden afectar a su estabilidad. Es necesario tratar estas lesiones para evitar que vuelvan a producirse. Su quiropr\u00e1ctico realizar\u00e1 ajustes y realineamientos articulares para mejorar su estabilidad. El tratamiento quiropr\u00e1ctico puede reducir el riesgo de futuras lesiones.<\/p>\n<h3>Prevenir futuras lesiones<\/h3>\n<p>Es f\u00e1cil lesionarse en casa, en el colegio, en la calle y en el trabajo. Por desgracia, puedes ser propenso a las lesiones. Por lo tanto, necesitar\u00e1 fortalecer las zonas m\u00e1s d\u00e9biles de su cuerpo. Su quiropr\u00e1ctico identificar\u00e1 las zonas d\u00e9biles y le recomendar\u00e1 los mejores ejercicios para fortalecerlas. Esto le ayudar\u00e1 a prevenir futuras lesiones.<\/p>\n<h2>\u00bfQu\u00e9 tipo de lesiones requieren cuidados quiropr\u00e1cticos?<\/h2>\n<p>Probablemente haya o\u00eddo hablar del cuidado quiropr\u00e1ctico. Sin embargo, es posible que no conozca los tipos de lesiones que necesitan atenci\u00f3n quiropr\u00e1ctica. El cuidado quiropr\u00e1ctico puede tratar lesiones tales como da\u00f1os en los nervios, lesiones de cabeza y cuello, lesiones de espalda y lesiones de rodilla.<\/p>\n<h3>Da\u00f1os en los nervios<\/h3>\n<p>Los accidentes pueden causar lesiones graves, incluyendo huesos rotos, laceraciones y contusiones. Todas estas lesiones pueden provocar da\u00f1os en los nervios. Cuando se da\u00f1a un nervio, puede causar dolor, debilidad muscular y entumecimiento. Por ello, los quiropr\u00e1cticos realizan manipulaciones vertebrales para reducir el dolor de m\u00fasculos, huesos y v\u00e9rtebras.<\/p>\n<h3>Lesiones de cabeza y cuello<\/h3>\n<p>En un accidente se puede sufrir un traumatismo craneal y cervical. Las lesiones de cabeza y cuello pueden provocar una desalineaci\u00f3n de la columna vertebral. Un quiropr\u00e1ctico puede utilizar la manipulaci\u00f3n vertebral, el masaje o la estimulaci\u00f3n el\u00e9ctrica para ayudar a tratar las lesiones de cabeza y cuello.<\/p>\n<p><a href=\"https:\/\/www.apexosn.com\/wp-content\/uploads\/2024\/05\/shutterstock_347439827-min.jpg\"><img decoding=\"async\" class=\"alignnone wp-image-3583 size-full\" src=\"https:\/\/www.apexosn.com\/wp-content\/uploads\/2024\/05\/shutterstock_347439827-min.jpg\" alt=\"Tratamiento quiropr\u00e1ctico en Charlotte\" width=\"500\" height=\"334\" srcset=\"https:\/\/www.apexosn.com\/wp-content\/uploads\/2024\/05\/shutterstock_347439827-min.jpg 500w, https:\/\/www.apexosn.com\/wp-content\/uploads\/2024\/05\/shutterstock_347439827-min-300x200.jpg 300w\" sizes=\"(max-width: 500px) 100vw, 500px\" \/><\/a><\/p>\n<h3>Lesiones de espalda<\/h3>\n<p>Las lesiones de espalda pueden producirse por diversas causas, como accidentes de coche, movimientos torpes, malas posturas, levantar objetos pesados, ca\u00eddas y muchas m\u00e1s. Los quiropr\u00e1cticos no se limitan a reducir el dolor de espalda. Tambi\u00e9n tratan la ra\u00edz del dolor de espalda. \u00bfPor qu\u00e9? Abordar la causa de ra\u00edz puede ayudar a promover la recuperaci\u00f3n y prevenir futuras lesiones.<\/p>\n<h3>Lesiones de rodilla<\/h3>\n<p>Las rodillas pueden sufrir diferentes lesiones, como luxaciones, fracturas y esguinces de ligamentos. Los quiropr\u00e1cticos pueden utilizar la fisioterapia y la manipulaci\u00f3n manual para tratar las lesiones de rodilla. Adem\u00e1s, pueden utilizar masajes y terapia de ultrasonidos para tratar distensiones musculares y esguinces de ligamentos.<\/p>\n<p>\u00bfQuiere saber si su lesi\u00f3n necesita atenci\u00f3n quiropr\u00e1ctica? Hable con nuestros quiropr\u00e1cticos de Charlotte marcando [tel\u00e9fono]. Nuestro equipo responder\u00e1 a todas las preguntas que pueda tener sobre su lesi\u00f3n.<\/p>\n<p><img decoding=\"async\" class=\"aligncenter size-large wp-image-4775\" src=\"https:\/\/www.apexosn.com\/wp-content\/uploads\/2024\/05\/chiropractic-410x1024.png\" alt=\"what type of injuries need chiropractic care\" width=\"410\" height=\"1024\" srcset=\"https:\/\/www.apexosn.com\/wp-content\/uploads\/2024\/05\/chiropractic-410x1024.png 410w, https:\/\/www.apexosn.com\/wp-content\/uploads\/2024\/05\/chiropractic-120x300.png 120w, https:\/\/www.apexosn.com\/wp-content\/uploads\/2024\/05\/chiropractic-768x1920.png 768w, https:\/\/www.apexosn.com\/wp-content\/uploads\/2024\/05\/chiropractic.png 800w\" sizes=\"(max-width: 410px) 100vw, 410px\" \/><\/p>\n<h2>Categor\u00edas de ajustes quiropr\u00e1cticos<\/h2>\n<p>El tratamiento quiropr\u00e1ctico es un enfoque vers\u00e1til para tratar una amplia gama de lesiones. Por eso, los quiropr\u00e1cticos pueden utilizarlo para tratar lesiones de rodilla, lesiones de cuello, esguinces y muchas m\u00e1s. Su quiropr\u00e1ctico, por lo tanto, crear\u00e1 un plan de tratamiento basado en su lesi\u00f3n.<\/p>\n<p>He aqu\u00ed las categor\u00edas de ajuste quiropr\u00e1ctico.<\/p>\n<h3>Manipulaci\u00f3n de tejidos blandos<\/h3>\n<p>Los quiropr\u00e1cticos utilizan la manipulaci\u00f3n de los tejidos blandos para mejorar la circulaci\u00f3n sangu\u00ednea, aliviar la tensi\u00f3n muscular y favorecer la recuperaci\u00f3n de las lesiones. Pueden utilizar la terapia de puntos gatillo, la liberaci\u00f3n miofascial, y la terapia de masaje para ayudar a reducir el dolor y restaurar la flexibilidad. Estos m\u00e9todos mejoran la curaci\u00f3n de los tejidos.<\/p>\n<h3>Manipulaci\u00f3n vertebral<\/h3>\n<p>Los quiropr\u00e1cticos utilizan la manipulaci\u00f3n vertebral para realinear las articulaciones del cuerpo. Suelen utilizar equipos o sus manos para realinear la articulaci\u00f3n afectada. Si pueden restaurar la alineaci\u00f3n adecuada, pueden reducir la inflamaci\u00f3n, aliviar el dolor y mejorar la movilidad.<\/p>\n<h3>Masaje quiropr\u00e1ctico<\/h3>\n<p>Los masajes quiropr\u00e1cticos ayudan a reducir el dolor y mejoran el proceso de recuperaci\u00f3n. \u00bfC\u00f3mo? Los quiropr\u00e1cticos amasan, manipulan y aplican presi\u00f3n en los tejidos blandos del cuerpo. Utilizan sobre todo las manos para ejercer presi\u00f3n sobre los tejidos blandos afectados, incluidos m\u00fasculos y tendones.<\/p>\n<h2>\u00bfQuiere proteger su cuerpo con el tratamiento quiropr\u00e1ctico en Charlotte?<\/h2>\n<p>El tratamiento quiropr\u00e1ctico es un tratamiento eficaz y seguro para una amplia gama de lesiones sin el uso de medicamentos y cirug\u00eda. De hecho, la atenci\u00f3n quiropr\u00e1ctica en curso puede ayudar a mejorar su postura y mantener su columna vertebral sana.<\/p>\n<p>Si usted puede elegir el mejor tratamiento quiropr\u00e1ctico en Charlotte, que reducir\u00e1 su dolor, mejorar su viaje de curaci\u00f3n, e incluso prevenir futuras lesiones. El tratamiento quiropr\u00e1ctico puede ayudar a impulsar su inmunol\u00f3gico, mejorar su rendimiento, y reducir su dolor cr\u00f3nico.<\/p>\n<p>Si usted est\u00e1 tratando con dolor cr\u00f3nico despu\u00e9s de un accidente en Charlotte, Apex Orthopaedics Spine &amp; Neurology ofrece el mejor tratamiento quiropr\u00e1ctico. Podemos ayudarle a volver a sentirse lo mejor posible. Estamos comprometidos a proporcionar el mejor tratamiento que necesita para recuperarse por completo y prevenir futuras lesiones.<\/p>\n<p>Ll\u00e1menos hoy al <a href=\"tel:+17044123045\"><i class=\"fa fa-phone-alt\"><\/i>704-412-3045<\/a> para programar una cita.<\/p>\n","protected":false},"excerpt":{"rendered":"<p>Las lesiones de tejidos blandos est\u00e1n causadas principalmente por da\u00f1os en m\u00fasculos, ligamentos y tendones. Por lo tanto, pueden afectar a su rendimiento, sus actividades diarias, su movilidad e incluso su flexibilidad. Si, por desgracia, usted ha sufrido de lesiones de tejidos blandos en Charlotte, usted necesita buscar atenci\u00f3n quiropr\u00e1ctica inmediatamente. La b\u00fasqueda de tratamiento [&hellip;]<\/p>\n","protected":false},"author":25,"featured_media":0,"parent":2732,"menu_order":0,"comment_status":"closed","ping_status":"closed","template":"","meta":{"_acf_changed":false,"footnotes":""},"categories":[],"tags":[],"class_list":["post-4839","page","type-page","status-publish","hentry"],"acf":[],"_links":{"self":[{"href":"https:\/\/www.apexosn.com\/es\/wp-json\/wp\/v2\/pages\/4839","targetHints":{"allow":["GET"]}}],"collection":[{"href":"https:\/\/www.apexosn.com\/es\/wp-json\/wp\/v2\/pages"}],"about":[{"href":"https:\/\/www.apexosn.com\/es\/wp-json\/wp\/v2\/types\/page"}],"author":[{"embeddable":true,"href":"https:\/\/www.apexosn.com\/es\/wp-json\/wp\/v2\/users\/25"}],"replies":[{"embeddable":true,"href":"https:\/\/www.apexosn.com\/es\/wp-json\/wp\/v2\/comments?post=4839"}],"version-history":[{"count":2,"href":"https:\/\/www.apexosn.com\/es\/wp-json\/wp\/v2\/pages\/4839\/revisions"}],"predecessor-version":[{"id":4841,"href":"https:\/\/www.apexosn.com\/es\/wp-json\/wp\/v2\/pages\/4839\/revisions\/4841"}],"up":[{"embeddable":true,"href":"https:\/\/www.apexosn.com\/es\/wp-json\/wp\/v2\/pages\/2732"}],"wp:attachment":[{"href":"https:\/\/www.apexosn.com\/es\/wp-json\/wp\/v2\/media?parent=4839"}],"wp:term":[{"taxonomy":"category","embeddable":true,"href":"https:\/\/www.apexosn.com\/es\/wp-json\/wp\/v2\/categories?post=4839"},{"taxonomy":"post_tag","embeddable":true,"href":"https:\/\/www.apexosn.com\/es\/wp-json\/wp\/v2\/tags?post=4839"}],"curies":[{"name":"wp","href":"https:\/\/api.w.org\/{rel}","templated":true}]}}