{"id":4835,"date":"2024-05-14T09:17:45","date_gmt":"2024-05-14T14:17:45","guid":{"rendered":"https:\/\/www.apexosn.com\/charlotte-nc\/charlotte-tratamiento-de-accidentes-de-coche\/"},"modified":"2024-05-24T05:30:37","modified_gmt":"2024-05-24T10:30:37","slug":"charlotte-tratamiento-de-accidentes-de-coche","status":"publish","type":"page","link":"https:\/\/www.apexosn.com\/es\/charlotte-nc\/charlotte-tratamiento-de-accidentes-de-coche\/","title":{"rendered":"Charlotte Tratamiento de Accidentes de Coche"},"content":{"rendered":"<p>Un accidente de coche convierte tu mundo en un caos. El chirrido de los neum\u00e1ticos, el impacto y, a continuaci\u00f3n, la desagradable constataci\u00f3n de que est\u00e1s herido. El camino a seguir es incierto y lleno de preguntas sobre la atenci\u00f3n m\u00e9dica, la recuperaci\u00f3n y c\u00f3mo recuperar su vida. En Apex Orthopaedics Spine &amp; Neurology, entendemos este trastorno. Estamos aqu\u00ed para guiarle a trav\u00e9s de la tormenta, ofreci\u00e9ndole no s\u00f3lo una atenci\u00f3n m\u00e9dica experta, sino tambi\u00e9n un enfoque compasivo e integral de la curaci\u00f3n.<\/p>\n<p>Sus lesiones son \u00fanicas, al igual que su proceso de recuperaci\u00f3n. Por eso ofrecemos un equipo multidisciplinar de especialistas que trabajan juntos para atender sus necesidades espec\u00edficas. Desde cirujanos ortop\u00e9dicos y expertos en el tratamiento del dolor hasta neur\u00f3logos y terapeutas, le ofrecemos una gama completa de cuidados dise\u00f1ados para que pueda volver a ponerse en pie y retomar su vida.<\/p>\n<p>No se puede negar que las secuelas de un accidente de coche pueden ser abrumadoras. Perm\u00edtanos asumir esa carga. Llame al <a href=\"tel:+17044123045\"><i class=\"fa fa-phone-alt\"><\/i>704-412-3045<\/a> para programar una cita y descubrir c\u00f3mo Apex puede ayudarle a recuperar su salud y bienestar. Su recuperaci\u00f3n es nuestra prioridad.<\/p>\n\t\t<div data-elementor-type=\"section\" data-elementor-id=\"208\" class=\"elementor elementor-208\" data-elementor-post-type=\"elementor_library\">\n\t\t\t\t\t<section class=\"elementor-section elementor-top-section elementor-element elementor-element-485e576a elementor-section-boxed elementor-section-height-default elementor-section-height-default\" data-id=\"485e576a\" data-element_type=\"section\" data-e-type=\"section\">\n\t\t\t\t\t\t<div class=\"elementor-container elementor-column-gap-default\">\n\t\t\t\t\t<div class=\"elementor-column elementor-col-100 elementor-top-column elementor-element elementor-element-635c38c0\" data-id=\"635c38c0\" data-element_type=\"column\" data-e-type=\"column\">\n\t\t\t<div class=\"elementor-widget-wrap elementor-element-populated\">\n\t\t\t\t\t\t<div class=\"elementor-element elementor-element-3ba95c8a elementor-toc--minimized-on-tablet elementor-widget elementor-widget-table-of-contents\" data-id=\"3ba95c8a\" data-element_type=\"widget\" data-e-type=\"widget\" data-settings=\"{&quot;exclude_headings_by_selector&quot;:&quot;.toc-remove&quot;,&quot;headings_by_tags&quot;:[&quot;h2&quot;,&quot;h3&quot;],&quot;marker_view&quot;:&quot;numbers&quot;,&quot;no_headings_message&quot;:&quot;No headings were found on this page.&quot;,&quot;minimize_box&quot;:&quot;yes&quot;,&quot;minimized_on&quot;:&quot;tablet&quot;,&quot;hierarchical_view&quot;:&quot;yes&quot;,&quot;min_height&quot;:{&quot;unit&quot;:&quot;px&quot;,&quot;size&quot;:&quot;&quot;,&quot;sizes&quot;:[]},&quot;min_height_laptop&quot;:{&quot;unit&quot;:&quot;px&quot;,&quot;size&quot;:&quot;&quot;,&quot;sizes&quot;:[]},&quot;min_height_tablet&quot;:{&quot;unit&quot;:&quot;px&quot;,&quot;size&quot;:&quot;&quot;,&quot;sizes&quot;:[]},&quot;min_height_mobile&quot;:{&quot;unit&quot;:&quot;px&quot;,&quot;size&quot;:&quot;&quot;,&quot;sizes&quot;:[]}}\" data-widget_type=\"table-of-contents.default\">\n\t\t\t\t\t\t\t\t\t<div class=\"elementor-toc__header\">\n\t\t\t\t\t\t<div class=\"elementor-toc__header-title\">\n\t\t\t\tTable of Contents\t\t\t<\/div>\n\t\t\t\t\t\t\t\t\t\t<div class=\"elementor-toc__toggle-button elementor-toc__toggle-button--expand\" role=\"button\" tabindex=\"0\" aria-controls=\"elementor-toc__3ba95c8a\" aria-expanded=\"true\" aria-label=\"Open table of contents\"><svg aria-hidden=\"true\" class=\"e-font-icon-svg e-fas-chevron-down\" viewBox=\"0 0 448 512\" xmlns=\"http:\/\/www.w3.org\/2000\/svg\"><path d=\"M207.029 381.476L12.686 187.132c-9.373-9.373-9.373-24.569 0-33.941l22.667-22.667c9.357-9.357 24.522-9.375 33.901-.04L224 284.505l154.745-154.021c9.379-9.335 24.544-9.317 33.901.04l22.667 22.667c9.373 9.373 9.373 24.569 0 33.941L240.971 381.476c-9.373 9.372-24.569 9.372-33.942 0z\"><\/path><\/svg><\/div>\n\t\t\t\t<div class=\"elementor-toc__toggle-button elementor-toc__toggle-button--collapse\" role=\"button\" tabindex=\"0\" aria-controls=\"elementor-toc__3ba95c8a\" aria-expanded=\"true\" aria-label=\"Close table of contents\"><svg aria-hidden=\"true\" class=\"e-font-icon-svg e-fas-chevron-up\" viewBox=\"0 0 448 512\" xmlns=\"http:\/\/www.w3.org\/2000\/svg\"><path d=\"M240.971 130.524l194.343 194.343c9.373 9.373 9.373 24.569 0 33.941l-22.667 22.667c-9.357 9.357-24.522 9.375-33.901.04L224 227.495 69.255 381.516c-9.379 9.335-24.544 9.317-33.901-.04l-22.667-22.667c-9.373-9.373-9.373-24.569 0-33.941L207.03 130.525c9.372-9.373 24.568-9.373 33.941-.001z\"><\/path><\/svg><\/div>\n\t\t\t\t\t<\/div>\n\t\t\t\t<div id=\"elementor-toc__3ba95c8a\" class=\"elementor-toc__body\">\n\t\t\t<div class=\"elementor-toc__spinner-container\">\n\t\t\t\t<svg class=\"elementor-toc__spinner eicon-animation-spin e-font-icon-svg e-eicon-loading\" aria-hidden=\"true\" viewBox=\"0 0 1000 1000\" xmlns=\"http:\/\/www.w3.org\/2000\/svg\"><path d=\"M500 975V858C696 858 858 696 858 500S696 142 500 142 142 304 142 500H25C25 237 238 25 500 25S975 237 975 500 763 975 500 975Z\"><\/path><\/svg>\t\t\t<\/div>\n\t\t<\/div>\n\t\t\t\t\t\t<\/div>\n\t\t\t\t\t<\/div>\n\t\t<\/div>\n\t\t\t\t\t<\/div>\n\t\t<\/section>\n\t\t\t\t<\/div>\n\t\t\n<h2>Estad\u00edsticas de accidentes de coche en Charlotte<\/h2>\n<p>Los coches son pr\u00e1cticamente una extensi\u00f3n de nosotros mismos, y en una ciudad como Charlotte, es f\u00e1cil olvidar los riesgos inherentes de la carretera abierta. Por desgracia, las cifras dicen otra cosa. Seg\u00fan los \u00faltimos datos de NC Vision Zero, Charlotte tiene una media de 82 accidentes de tr\u00e1fico al d\u00eda.<\/p>\n<p>Lo alarmante es que el 59% de los fallecidos en estos accidentes de tr\u00e1fico murieron por no llevar puesto el cintur\u00f3n de seguridad. Aunque no todos los accidentes provocan lesiones graves, es innegable el impacto acumulativo en el resto de la comunidad.<\/p>\n<p>Detr\u00e1s de cada estad\u00edstica hay una persona cuya vida se ha visto inesperadamente alterada. Latigazo cervical, dolor de espalda y conmociones cerebrales son s\u00f3lo algunas de las lesiones comunes que pueden surgir incluso de colisiones aparentemente menores.<\/p>\n<p>Apex Orthopaedics Spine &amp; Neurology entiende que un accidente de coche es algo m\u00e1s que una estad\u00edstica. Es un evento que altera la vida que requiere atenci\u00f3n especializada y un enfoque compasivo. Nuestro equipo est\u00e1 aqu\u00ed para proporcionar apoyo integral para cada etapa de su recuperaci\u00f3n, asegurando que vuelva a vivir su vida al m\u00e1ximo.<\/p>\n<p><a href=\"https:\/\/www.apexosn.com\/wp-content\/uploads\/2024\/05\/shutterstock_519241105-min-1.jpg\"><img fetchpriority=\"high\" decoding=\"async\" class=\"alignnone size-full wp-image-3574\" src=\"https:\/\/www.apexosn.com\/wp-content\/uploads\/2024\/05\/shutterstock_519241105-min-1.jpg\" alt=\"Accidente de tr\u00e1fico\" width=\"500\" height=\"334\" srcset=\"https:\/\/www.apexosn.com\/wp-content\/uploads\/2024\/05\/shutterstock_519241105-min-1.jpg 500w, https:\/\/www.apexosn.com\/wp-content\/uploads\/2024\/05\/shutterstock_519241105-min-1-300x200.jpg 300w\" sizes=\"(max-width: 500px) 100vw, 500px\" \/><\/a><\/p>\n<h2>\u00bfQu\u00e9 puedo esperar despu\u00e9s de sufrir un accidente de coche en Charlotte?<\/h2>\n<p>No hay nada m\u00e1s frustrante que lidiar con las secuelas de un accidente de coche en Charlotte. M\u00e1s all\u00e1 del shock inicial y la adrenalina, usted se enfrentar\u00e1 a una serie de pasos que pueden afectar significativamente su recuperaci\u00f3n y bienestar. He aqu\u00ed un desglose de lo que normalmente puede esperar despu\u00e9s de estar involucrado en un accidente de coche en la Ciudad Reina.<\/p>\n<h3>Secuelas inmediatas<\/h3>\n<p>Lo que haga inmediatamente despu\u00e9s de una colisi\u00f3n es crucial para su seguridad y bienestar. Si puede, mueva su veh\u00edculo a un lugar seguro, lejos del tr\u00e1fico directo. Compruebe si usted y los pasajeros tienen lesiones y llame al 911 inmediatamente si alguien requiere atenci\u00f3n m\u00e9dica. Deja que te eval\u00fae un profesional m\u00e9dico aunque te encuentres bien, ya que algunas lesiones pueden no manifestar s\u00edntomas de inmediato.<\/p>\n<h3>Informe policial<\/h3>\n<p>Las fuerzas del orden llegar\u00e1n al lugar de los hechos para evaluar la situaci\u00f3n, recabar informaci\u00f3n de los implicados y presentar un informe oficial del accidente. Este informe desempe\u00f1a un papel fundamental a la hora de presentar reclamaciones al seguro y posibles acciones legales. Aseg\u00farate de obtener una copia para tus archivos y anota el nombre y el n\u00famero de placa del agente.<\/p>\n<h3>Evaluaci\u00f3n m\u00e9dica<\/h3>\n<p>Aunque sus lesiones parezcan leves, siempre es aconsejable buscar atenci\u00f3n m\u00e9dica inmediata. Un examen exhaustivo puede identificar problemas ocultos como conmociones cerebrales, hemorragias internas o da\u00f1os en los tejidos blandos. Un diagn\u00f3stico y tratamiento tempranos pueden influir significativamente en su recuperaci\u00f3n y evitar complicaciones a largo plazo.<\/p>\n<h3>Reclamaciones al seguro<\/h3>\n<p>Debes notificar el accidente a tu compa\u00f1\u00eda de seguros tan pronto como puedas. La compa\u00f1\u00eda de seguros le preguntar\u00e1 por los detalles del incidente, sus lesiones y el tratamiento m\u00e9dico recibido. Lo mejor es estar preparado y esperar un largo proceso de reclamaci\u00f3n que puede implicar investigaciones, negociaciones y documentaci\u00f3n de sus p\u00e9rdidas.<\/p>\n<h3>Consideraciones legales<\/h3>\n<p>Hay casos en los que un accidente de coche provoca lesiones importantes o da\u00f1os materiales. En otros casos, la culpa tambi\u00e9n puede ser discutida. Cuando se encuentre en cualquiera de estas situaciones, se recomienda consultar con un abogado experto en lesiones personales. Ellos pueden ayudarle a entender sus derechos legales, proteger sus intereses, y obtener una indemnizaci\u00f3n por gastos m\u00e9dicos, salarios perdidos, dolor y sufrimiento, y otros da\u00f1os.<\/p>\n<h3>Recuperaci\u00f3n<\/h3>\n<p>Recuperarse de un accidente de tr\u00e1fico est\u00e1 lleno de retos, dependiendo de la naturaleza y gravedad de sus lesiones. Es posible que tenga que someterse a fisioterapia, cuidados quiropr\u00e1cticos, tratamiento del dolor, cirug\u00eda u otros tratamientos. Es esencial que siga las recomendaciones de su m\u00e9dico y acuda a todas las citas programadas para garantizar una curaci\u00f3n \u00f3ptima.<\/p>\n<h3>Impacto emocional<\/h3>\n<p>Adem\u00e1s de sufrir lesiones f\u00edsicas, un accidente de tr\u00e1fico puede dejar secuelas emocionales. Los sentimientos de ansiedad, miedo o estr\u00e9s postraum\u00e1tico no son infrecuentes. No dude en buscar el apoyo de amigos, familiares o un profesional de la salud mental si est\u00e1 luchando para hacer frente a las secuelas emocionales del accidente.<\/p>\n<h2>Tipos de lesiones por accidente de tr\u00e1fico<\/h2>\n<p>Los accidentes de coche, por desgracia, son indiscriminados. Algunas de las lesiones comunes en accidentes de coche son f\u00e1cilmente aparentes, mientras que otras tienden a esconderse bajo la superficie. Por eso es importante entender los tipos comunes de lesiones, ya que puede apuntar en la direcci\u00f3n correcta y ayudarle a recuperarse en el menor tiempo posible.<\/p>\n<h3>Latigazo cervical<\/h3>\n<p>El latigazo cervical es la m\u00e1s notoria de las lesiones por accidente de coche, a menudo asociada a colisiones por alcance. Se trata de una lesi\u00f3n cervical causada por un movimiento brusco de la cabeza hacia delante y hacia atr\u00e1s, como el chasquido de un l\u00e1tigo. En muchos casos, el dolor puede no ser inmediato, pero puede convertirse en una molestia cr\u00f3nica si no se trata.<\/p>\n<h3><a style=\"font-size: 16px;\" href=\"https:\/\/www.apexosn.com\/wp-content\/uploads\/2024\/05\/shutterstock_1426522832-min.jpg\"><img decoding=\"async\" class=\"alignnone size-full wp-image-3563\" src=\"https:\/\/www.apexosn.com\/wp-content\/uploads\/2024\/05\/shutterstock_1426522832-min.jpg\" alt=\"Charlotte Car Accident\" width=\"500\" height=\"334\" srcset=\"https:\/\/www.apexosn.com\/wp-content\/uploads\/2024\/05\/shutterstock_1426522832-min.jpg 500w, https:\/\/www.apexosn.com\/wp-content\/uploads\/2024\/05\/shutterstock_1426522832-min-300x200.jpg 300w\" sizes=\"(max-width: 500px) 100vw, 500px\" \/><\/a><\/h3>\n<h3>Lesiones de tejidos blandos<\/h3>\n<p>Los m\u00fasculos, tendones y ligamentos son susceptibles de sufrir da\u00f1os en un accidente de tr\u00e1fico. Esguinces, distensiones y contusiones (moretones) son comunes, a menudo resulta en dolor, hinchaz\u00f3n y movilidad limitada.<\/p>\n<h3>Lesiones de espalda y columna vertebral<\/h3>\n<p>El impacto de un accidente puede causar estragos en la columna vertebral, provocando hernias discales, fracturas vertebrales o incluso lesiones m\u00e1s graves de la m\u00e9dula espinal. Estas lesiones pueden provocar dolor de espalda cr\u00f3nico, entumecimiento, hormigueo e incluso par\u00e1lisis.<\/p>\n<h3>Lesiones en la cabeza<\/h3>\n<p>Desde peque\u00f1as conmociones cerebrales hasta lesiones cerebrales traum\u00e1ticas, los traumatismos craneoencef\u00e1licos son un grave problema en los accidentes de tr\u00e1fico. Incluso un golpe aparentemente leve puede tener consecuencias duraderas, afectando a la memoria, la funci\u00f3n cognitiva y el bienestar emocional.<\/p>\n<h3>Huesos rotos<\/h3>\n<p>La fuerza de una colisi\u00f3n puede fracturar f\u00e1cilmente los huesos, sobre todo en brazos, piernas, costillas y pelvis. Estas lesiones suelen requerir inmovilizaci\u00f3n, escayola o incluso cirug\u00eda para su correcta curaci\u00f3n.<\/p>\n<h3>Lesiones internas<\/h3>\n<p>No todas las lesiones son visibles. Pueden producirse hemorragias internas, da\u00f1os en \u00f3rganos o hematomas internos sin signos externos evidentes. Es crucial buscar atenci\u00f3n m\u00e9dica despu\u00e9s de cualquier accidente para descartar estas complicaciones potencialmente mortales.<\/p>\n<p>Tenga en cuenta que esto es s\u00f3lo una instant\u00e1nea de las posibles lesiones a las que podr\u00eda enfrentarse. Cada accidente es distinto y su experiencia individual variar\u00e1. No dude en buscar consejo m\u00e9dico profesional si experimenta cualquier dolor o molestia despu\u00e9s de un accidente de coche.<\/p>\n<h2>El mejor lugar para buscar atenci\u00f3n despu\u00e9s de un accidente de coche<\/h2>\n<p>Cuando se trata de su salud despu\u00e9s de un accidente de coche, la elecci\u00f3n del proveedor de atenci\u00f3n adecuada puede hacer toda la diferencia en su recuperaci\u00f3n. Aunque su primer instinto puede ser acudir a un m\u00e9dico generalista o a una cl\u00ednica de atenci\u00f3n urgente, la b\u00fasqueda de atenci\u00f3n especializada suele ser el camino m\u00e1s eficaz hacia la curaci\u00f3n.<\/p>\n<p><a href=\"https:\/\/www.apexosn.com\/wp-content\/uploads\/2024\/05\/shutterstock_390902179-min-2.jpg\"><img decoding=\"async\" class=\"alignnone size-full wp-image-3572\" src=\"https:\/\/www.apexosn.com\/wp-content\/uploads\/2024\/05\/shutterstock_390902179-min-2.jpg\" alt=\"Charlotte Tratamiento de Accidentes de Coche\" width=\"500\" height=\"334\" srcset=\"https:\/\/www.apexosn.com\/wp-content\/uploads\/2024\/05\/shutterstock_390902179-min-2.jpg 500w, https:\/\/www.apexosn.com\/wp-content\/uploads\/2024\/05\/shutterstock_390902179-min-2-300x200.jpg 300w\" sizes=\"(max-width: 500px) 100vw, 500px\" \/><\/a><\/p>\n<h2>\u00bfPor qu\u00e9 elegir Apex Orthopaedics Spine &amp; Neurology?<\/h2>\n<p>Apex Orthopaedics Spine &amp; Neurology se enorgullece de ofrecer un enfoque integral, centrado en el paciente para la atenci\u00f3n de accidentes de coche. Nuestro equipo de especialistas se compromete a guiarle a trav\u00e9s de cada etapa de su recuperaci\u00f3n, desde el diagn\u00f3stico inicial hasta la rehabilitaci\u00f3n y m\u00e1s all\u00e1. Nuestro objetivo final es hacer que su proceso de recuperaci\u00f3n sea lo m\u00e1s suave y libre de estr\u00e9s posible.<\/p>\n<h3>Experiencia integral<\/h3>\n<p>Apex Orthopaedics Spine &amp; Neurology cuenta con un equipo de especialistas (cirujanos ortop\u00e9dicos, neur\u00f3logos, expertos en el tratamiento del dolor y fisioterapeutas) que conocen los matices de las lesiones por accidente de tr\u00e1fico. Podemos diagnosticar y tratar una amplia gama de afecciones, desde latigazos cervicales y conmociones cerebrales hasta lesiones complejas de la columna vertebral.<\/p>\n<h3>Atenci\u00f3n coordinada<\/h3>\n<p>En lugar de ser rebotado entre diferentes m\u00e9dicos y especialistas, una cl\u00ednica dedicada accidente de coche ofrece una atenci\u00f3n racionalizada y coordinada bajo un mismo techo. Esto garantiza que todos los aspectos de su recuperaci\u00f3n se traten de forma eficiente y eficaz.<\/p>\n<h3>Experiencia<\/h3>\n<p>Los especialistas en lesiones por accidentes de tr\u00e1fico tienen una amplia experiencia en el tratamiento de este tipo espec\u00edfico de afecciones. Entendemos las implicaciones a largo plazo de las lesiones aparentemente menores y podemos adaptar los planes de tratamiento para maximizar su recuperaci\u00f3n.<\/p>\n<h3>Enfoque en la rehabilitaci\u00f3n<\/h3>\n<p>Tenemos programas integrales de rehabilitaci\u00f3n dise\u00f1ados para restaurar la funci\u00f3n, reducir el dolor y mejorar su calidad de vida en general. Esto puede incluir fisioterapia, atenci\u00f3n quiropr\u00e1ctica, terapia de masaje y otras modalidades.<\/p>\n<h2>Llame al mejor centro de tratamiento de accidentes automovil\u00edsticos de Charlotte<\/h2>\n<p>Los accidentes de coche son una desafortunada realidad de la vida en Charlotte. Lo que sigue es a menudo desorientador, doloroso y abrumador. Pero con Apex Orthopaedics Spine &amp; Neurology a su lado, puede contar con un socio de confianza que se compromete a ayudarle a recuperarse por completo.<\/p>\n<p>Desde el momento en que entre por nuestras puertas, se encontrar\u00e1 con compasi\u00f3n, experiencia y un enfoque integral de su atenci\u00f3n. Nuestro equipo de especialistas evaluar\u00e1 sus lesiones, desarrollar\u00e1 un plan de tratamiento personalizado y le guiar\u00e1 en cada paso del proceso de curaci\u00f3n. Tambi\u00e9n estamos aqu\u00ed para hacer frente a los desaf\u00edos emocionales y log\u00edsticos que a menudo acompa\u00f1an a los accidentes de coche.<\/p>\n<p>Recuperarse de un accidente de coche en Charlotte todo comienza con un solo paso. Tome el primer paso hacia la recuperaci\u00f3n de su salud y bienestar. Llame <a href=\"tel:+17044123045\"><i class=\"fa fa-phone-alt\"><\/i>704-412-3045<\/a> hoy para programar una consulta con nuestro equipo.<\/p>\n","protected":false},"excerpt":{"rendered":"<p>Un accidente de coche convierte tu mundo en un caos. El chirrido de los neum\u00e1ticos, el impacto y, a continuaci\u00f3n, la desagradable constataci\u00f3n de que est\u00e1s herido. El camino a seguir es incierto y lleno de preguntas sobre la atenci\u00f3n m\u00e9dica, la recuperaci\u00f3n y c\u00f3mo recuperar su vida. En Apex Orthopaedics Spine &amp; Neurology, entendemos [&hellip;]<\/p>\n","protected":false},"author":25,"featured_media":0,"parent":2732,"menu_order":0,"comment_status":"closed","ping_status":"closed","template":"","meta":{"_acf_changed":false,"footnotes":""},"categories":[],"tags":[],"class_list":["post-4835","page","type-page","status-publish","hentry"],"acf":[],"_links":{"self":[{"href":"https:\/\/www.apexosn.com\/es\/wp-json\/wp\/v2\/pages\/4835","targetHints":{"allow":["GET"]}}],"collection":[{"href":"https:\/\/www.apexosn.com\/es\/wp-json\/wp\/v2\/pages"}],"about":[{"href":"https:\/\/www.apexosn.com\/es\/wp-json\/wp\/v2\/types\/page"}],"author":[{"embeddable":true,"href":"https:\/\/www.apexosn.com\/es\/wp-json\/wp\/v2\/users\/25"}],"replies":[{"embeddable":true,"href":"https:\/\/www.apexosn.com\/es\/wp-json\/wp\/v2\/comments?post=4835"}],"version-history":[{"count":2,"href":"https:\/\/www.apexosn.com\/es\/wp-json\/wp\/v2\/pages\/4835\/revisions"}],"predecessor-version":[{"id":4837,"href":"https:\/\/www.apexosn.com\/es\/wp-json\/wp\/v2\/pages\/4835\/revisions\/4837"}],"up":[{"embeddable":true,"href":"https:\/\/www.apexosn.com\/es\/wp-json\/wp\/v2\/pages\/2732"}],"wp:attachment":[{"href":"https:\/\/www.apexosn.com\/es\/wp-json\/wp\/v2\/media?parent=4835"}],"wp:term":[{"taxonomy":"category","embeddable":true,"href":"https:\/\/www.apexosn.com\/es\/wp-json\/wp\/v2\/categories?post=4835"},{"taxonomy":"post_tag","embeddable":true,"href":"https:\/\/www.apexosn.com\/es\/wp-json\/wp\/v2\/tags?post=4835"}],"curies":[{"name":"wp","href":"https:\/\/api.w.org\/{rel}","templated":true}]}}