{"id":4821,"date":"2024-05-21T11:20:03","date_gmt":"2024-05-21T16:20:03","guid":{"rendered":"https:\/\/www.apexosn.com\/lesion-de-tobillo\/"},"modified":"2024-07-24T13:45:08","modified_gmt":"2024-07-24T18:45:08","slug":"lesion-de-tobillo","status":"publish","type":"page","link":"https:\/\/www.apexosn.com\/es\/lesion-de-tobillo\/","title":{"rendered":"Lesi\u00f3n de tobillo"},"content":{"rendered":"<p>Las lesiones de tobillo son frecuentes en los accidentes de autom\u00f3vil, a menudo derivadas del impacto brusco y en\u00e9rgico que puede provocar que el pie se tuerza o gire de forma antinatural. El tobillo, una articulaci\u00f3n compleja donde se unen la tibia, el peron\u00e9 y el astr\u00e1galo, desempe\u00f1a un papel vital en la movilidad y la estabilidad.<\/p>\n<p>Las lesiones pueden variar desde esguinces leves hasta fracturas graves, cada una de las cuales requiere un diagn\u00f3stico y un tratamiento precisos para una recuperaci\u00f3n completa. En <a href=\"\/\">Apex Orthopaedics Spine &amp; Neurology<\/a>, estamos especializados en el tratamiento de este tipo de lesiones, proporcionando atenci\u00f3n avanzada y servicios de rehabilitaci\u00f3n para ayudar a los pacientes a recuperar la fuerza y la movilidad.<\/p>\n<p>Ll\u00e1menos hoy mismo al wpcodeself <a href=\"tel:+17044123045\"><i class=\"fa fa-phone-alt\"><\/i>704-412-3045<\/a><\/p>\n\t\t<div data-elementor-type=\"section\" data-elementor-id=\"208\" class=\"elementor elementor-208\" data-elementor-post-type=\"elementor_library\">\n\t\t\t\t\t<section class=\"elementor-section elementor-top-section elementor-element elementor-element-485e576a elementor-section-boxed elementor-section-height-default elementor-section-height-default\" data-id=\"485e576a\" data-element_type=\"section\" data-e-type=\"section\">\n\t\t\t\t\t\t<div class=\"elementor-container elementor-column-gap-default\">\n\t\t\t\t\t<div class=\"elementor-column elementor-col-100 elementor-top-column elementor-element elementor-element-635c38c0\" data-id=\"635c38c0\" data-element_type=\"column\" data-e-type=\"column\">\n\t\t\t<div class=\"elementor-widget-wrap elementor-element-populated\">\n\t\t\t\t\t\t<div class=\"elementor-element elementor-element-3ba95c8a elementor-toc--minimized-on-tablet elementor-widget elementor-widget-table-of-contents\" data-id=\"3ba95c8a\" data-element_type=\"widget\" data-e-type=\"widget\" data-settings=\"{&quot;exclude_headings_by_selector&quot;:&quot;.toc-remove&quot;,&quot;headings_by_tags&quot;:[&quot;h2&quot;,&quot;h3&quot;],&quot;marker_view&quot;:&quot;numbers&quot;,&quot;no_headings_message&quot;:&quot;No headings were found on this page.&quot;,&quot;minimize_box&quot;:&quot;yes&quot;,&quot;minimized_on&quot;:&quot;tablet&quot;,&quot;hierarchical_view&quot;:&quot;yes&quot;,&quot;min_height&quot;:{&quot;unit&quot;:&quot;px&quot;,&quot;size&quot;:&quot;&quot;,&quot;sizes&quot;:[]},&quot;min_height_laptop&quot;:{&quot;unit&quot;:&quot;px&quot;,&quot;size&quot;:&quot;&quot;,&quot;sizes&quot;:[]},&quot;min_height_tablet&quot;:{&quot;unit&quot;:&quot;px&quot;,&quot;size&quot;:&quot;&quot;,&quot;sizes&quot;:[]},&quot;min_height_mobile&quot;:{&quot;unit&quot;:&quot;px&quot;,&quot;size&quot;:&quot;&quot;,&quot;sizes&quot;:[]}}\" data-widget_type=\"table-of-contents.default\">\n\t\t\t\t\t\t\t\t\t<div class=\"elementor-toc__header\">\n\t\t\t\t\t\t<div class=\"elementor-toc__header-title\">\n\t\t\t\tTable of Contents\t\t\t<\/div>\n\t\t\t\t\t\t\t\t\t\t<div class=\"elementor-toc__toggle-button elementor-toc__toggle-button--expand\" role=\"button\" tabindex=\"0\" aria-controls=\"elementor-toc__3ba95c8a\" aria-expanded=\"true\" aria-label=\"Open table of contents\"><svg aria-hidden=\"true\" class=\"e-font-icon-svg e-fas-chevron-down\" viewBox=\"0 0 448 512\" xmlns=\"http:\/\/www.w3.org\/2000\/svg\"><path d=\"M207.029 381.476L12.686 187.132c-9.373-9.373-9.373-24.569 0-33.941l22.667-22.667c9.357-9.357 24.522-9.375 33.901-.04L224 284.505l154.745-154.021c9.379-9.335 24.544-9.317 33.901.04l22.667 22.667c9.373 9.373 9.373 24.569 0 33.941L240.971 381.476c-9.373 9.372-24.569 9.372-33.942 0z\"><\/path><\/svg><\/div>\n\t\t\t\t<div class=\"elementor-toc__toggle-button elementor-toc__toggle-button--collapse\" role=\"button\" tabindex=\"0\" aria-controls=\"elementor-toc__3ba95c8a\" aria-expanded=\"true\" aria-label=\"Close table of contents\"><svg aria-hidden=\"true\" class=\"e-font-icon-svg e-fas-chevron-up\" viewBox=\"0 0 448 512\" xmlns=\"http:\/\/www.w3.org\/2000\/svg\"><path d=\"M240.971 130.524l194.343 194.343c9.373 9.373 9.373 24.569 0 33.941l-22.667 22.667c-9.357 9.357-24.522 9.375-33.901.04L224 227.495 69.255 381.516c-9.379 9.335-24.544 9.317-33.901-.04l-22.667-22.667c-9.373-9.373-9.373-24.569 0-33.941L207.03 130.525c9.372-9.373 24.568-9.373 33.941-.001z\"><\/path><\/svg><\/div>\n\t\t\t\t\t<\/div>\n\t\t\t\t<div id=\"elementor-toc__3ba95c8a\" class=\"elementor-toc__body\">\n\t\t\t<div class=\"elementor-toc__spinner-container\">\n\t\t\t\t<svg class=\"elementor-toc__spinner eicon-animation-spin e-font-icon-svg e-eicon-loading\" aria-hidden=\"true\" viewBox=\"0 0 1000 1000\" xmlns=\"http:\/\/www.w3.org\/2000\/svg\"><path d=\"M500 975V858C696 858 858 696 858 500S696 142 500 142 142 304 142 500H25C25 237 238 25 500 25S975 237 975 500 763 975 500 975Z\"><\/path><\/svg>\t\t\t<\/div>\n\t\t<\/div>\n\t\t\t\t\t\t<\/div>\n\t\t\t\t\t<\/div>\n\t\t<\/div>\n\t\t\t\t\t<\/div>\n\t\t<\/section>\n\t\t\t\t<\/div>\n\t\t\n<h2>Lesiones comunes de tobillo por accidentes de coche<\/h2>\n<p>Las lesiones de tobillo derivadas de accidentes de coche pueden presentarse de varias formas, entre ellas:<\/p>\n<p><strong>Esguinces<\/strong>: Ocurren cuando los ligamentos que sostienen el tobillo se estiran m\u00e1s all\u00e1 de su rango normal o se desgarran.<br \/>\n<strong>Fracturas<\/strong>: Implican roturas en uno o m\u00e1s de los huesos del tobillo, desde fracturas simples que requieren un tratamiento m\u00ednimo hasta fracturas complejas que requieren intervenci\u00f3n quir\u00fargica.<br \/>\n<strong>Luxaciones<\/strong>: Se producen cuando los huesos de la articulaci\u00f3n del tobillo son forzados fuera de su posici\u00f3n normal, causando a menudo da\u00f1os en los ligamentos y tejidos blandos circundantes.<br \/>\n<strong>Lesiones tendinosas<\/strong>: Los tendones alrededor del tobillo pueden estirarse, desgarrarse o romperse durante un accidente.<\/p>\n<p>En Apex Orthopaedics Spine &amp; Neurology, nos especializamos en el diagn\u00f3stico y tratamiento de este tipo de lesiones de tobillo con precisi\u00f3n y cuidado.<\/p>\n<h2>Signos de lesiones de tobillo<\/h2>\n<p>Los s\u00edntomas de una lesi\u00f3n de tobillo var\u00edan dependiendo de la gravedad y el tipo, pero por lo general incluyen:<\/p>\n<ul>\n<li>Dolor agudo e intenso<\/li>\n<li>Hinchaz\u00f3n y hematomas<\/li>\n<li>Incapacidad para soportar peso sobre el pie afectado<\/li>\n<li>Deformidad visible en la zona del tobillo (en casos graves)<\/li>\n<li>Rango de movimiento limitado<\/li>\n<li>Inestabilidad en el tobillo<\/li>\n<\/ul>\n<p>En Apex Orthopaedics Spine &amp; Neurology, damos prioridad a un diagn\u00f3stico preciso y a planes de tratamiento personalizados para abordar estos s\u00edntomas de forma eficaz.<\/p>\n<p><a href=\"https:\/\/www.apexosn.com\/wp-content\/uploads\/2024\/05\/shutterstock_1161628789.jpg\"><img fetchpriority=\"high\" decoding=\"async\" class=\"alignnone size-full wp-image-4487\" src=\"https:\/\/www.apexosn.com\/wp-content\/uploads\/2024\/05\/shutterstock_1161628789.jpg\" alt=\"Ankle Injury in North Carolina\" width=\"500\" height=\"334\" srcset=\"https:\/\/www.apexosn.com\/wp-content\/uploads\/2024\/05\/shutterstock_1161628789.jpg 500w, https:\/\/www.apexosn.com\/wp-content\/uploads\/2024\/05\/shutterstock_1161628789-300x200.jpg 300w\" sizes=\"(max-width: 500px) 100vw, 500px\" \/><\/a><\/p>\n<h2>Diagn\u00f3stico de las lesiones de tobillo<\/h2>\n<p>En Apex Orthopaedics Spine &amp; Neurology, nuestro enfoque diagn\u00f3stico de las lesiones de tobillo implica un examen exhaustivo de la zona afectada, combinado con una revisi\u00f3n del historial m\u00e9dico del paciente y de las circunstancias que rodearon la lesi\u00f3n.<\/p>\n<p>Utilizamos t\u00e9cnicas de diagn\u00f3stico por imagen como radiograf\u00edas, tomograf\u00edas computarizadas o resonancias magn\u00e9ticas para evaluar el alcance de la lesi\u00f3n e identificar con precisi\u00f3n cualquier fractura, da\u00f1o en los ligamentos u otros problemas internos. Este enfoque integral garantiza un diagn\u00f3stico preciso y gu\u00eda el desarrollo de un plan de tratamiento eficaz adaptado a las necesidades de cada paciente.<\/p>\n<h2>Tratamiento de las lesiones de tobillo<\/h2>\n<p>En Apex Orthopaedics Spine &amp; Neurology, ofrecemos una amplia gama de tratamientos personalizados para tratar las lesiones de tobillo en funci\u00f3n de su tipo y gravedad.<\/p>\n<h3>Tratamientos conservadores<\/h3>\n<p>M\u00e9todo RICE: Reposo, Hielo, Compresi\u00f3n y Elevaci\u00f3n son los pasos iniciales para esguinces y torceduras menores para aliviar la hinchaz\u00f3n y el dolor.<br \/>\nMedicaci\u00f3n: Los analg\u00e9sicos y antiinflamatorios de venta libre ayudan a controlar el dolor y reducir la inflamaci\u00f3n.<br \/>\nFisioterapia: Crucial para la recuperaci\u00f3n, la fisioterapia mejora la fuerza muscular, la flexibilidad y la estabilidad del tobillo.<\/p>\n<h3>Tratamientos intervencionistas<\/h3>\n<p>Inyecciones de corticosteroides: Se administran para aliviar la inflamaci\u00f3n grave y el dolor en casos de da\u00f1os importantes en los tejidos blandos.<\/p>\n<h3>Opciones quir\u00fargicas<\/h3>\n<p><strong>Reparaci\u00f3n de fracturas<\/strong>: Puede ser necesaria una intervenci\u00f3n quir\u00fargica para realinear los huesos fracturados y fijarlos con tornillos, placas o clavos.<br \/>\n<strong>Reparaci\u00f3n de ligamentos<\/strong>: Las roturas graves de ligamentos pueden requerir cirug\u00eda ortop\u00e9dica para restaurar y reforzar estos estabilizadores vitales de la articulaci\u00f3n del tobillo.<br \/>\n<strong>Cirug\u00eda reconstructiva<\/strong>: Las lesiones complejas que afectan a m\u00faltiples componentes del tobillo pueden requerir cirug\u00eda reconstructiva para restaurar la funci\u00f3n.<\/p>\n<p>En Apex Orthopaedics Spine &amp; Neurology, adaptamos nuestros planes de tratamiento a las necesidades \u00fanicas de cada paciente, garantizando una recuperaci\u00f3n \u00f3ptima y el restablecimiento de la funcionalidad del tobillo.<\/p>\n<h2>Rehabilitaci\u00f3n de lesiones de tobillo<\/h2>\n<p>En Apex Orthopaedics Spine &amp; Neurology, comprendemos la importancia de la rehabilitaci\u00f3n en la recuperaci\u00f3n de una lesi\u00f3n de tobillo.<\/p>\n<p>Una rehabilitaci\u00f3n eficaz es fundamental para recuperar la plena funcionalidad despu\u00e9s de una lesi\u00f3n de tobillo. Damos prioridad a los programas de rehabilitaci\u00f3n personalizados adaptados a las necesidades de cada paciente. Al principio, nos centramos en actividades que alivien el dolor y la inflamaci\u00f3n. A medida que avanza la recuperaci\u00f3n, nuestro programa integra ejercicios destinados a restablecer la amplitud de movimiento, aumentar la fuerza y, en \u00faltima instancia, facilitar las actividades de soporte de peso completo.<\/p>\n<h2>Atenci\u00f3n experta para lesiones de tobillo<\/h2>\n<p>En Apex Orthopaedics Spine &amp; Neurology estamos aqu\u00ed para ayudarle a recuperarse de las lesiones de tobillo con nuestros servicios integrales.<\/p>\n<p>Equipados con modernas instalaciones y dotados de un equipo de especialistas ortop\u00e9dicos, incluidos cirujanos y fisioterapeutas especializados en el cuidado del pie y el tobillo, nos dedicamos a ofrecer planes de tratamiento personalizados. Utilizando los \u00faltimos conocimientos m\u00e9dicos y la tecnolog\u00eda m\u00e1s avanzada, nuestro objetivo es garantizar que cada paciente pueda reanudar sus actividades diarias sin dolor ni limitaciones.<\/p>\n<p>Una lesi\u00f3n de tobillo como resultado de un accidente de coche puede ser angustiante, pero con la atenci\u00f3n adecuada, la curaci\u00f3n es alcanzable. En Apex Orthopaedics Spine &amp; Neurology, estamos comprometidos a guiar a nuestros pacientes a trav\u00e9s de su viaje de recuperaci\u00f3n. Con opciones de tratamiento de vanguardia y planes de rehabilitaci\u00f3n personalizados, conf\u00ede en nosotros para ayudarle a recuperar la movilidad y recuperar un estilo de vida activo despu\u00e9s de una lesi\u00f3n de tobillo.<\/p>\n<p>Ll\u00e1menos hoy mismo al <a href=\"tel:+17044123045\"><i class=\"fa fa-phone-alt\"><\/i>704-412-3045<\/a><\/p>\n","protected":false},"excerpt":{"rendered":"<p>Las lesiones de tobillo son frecuentes en los accidentes de autom\u00f3vil, a menudo derivadas del impacto brusco y en\u00e9rgico que puede provocar que el pie se tuerza o gire de forma antinatural. El tobillo, una articulaci\u00f3n compleja donde se unen la tibia, el peron\u00e9 y el astr\u00e1galo, desempe\u00f1a un papel vital en la movilidad y [&hellip;]<\/p>\n","protected":false},"author":25,"featured_media":0,"parent":0,"menu_order":0,"comment_status":"closed","ping_status":"closed","template":"","meta":{"_acf_changed":false,"footnotes":""},"categories":[],"tags":[],"class_list":["post-4821","page","type-page","status-publish","hentry"],"acf":[],"_links":{"self":[{"href":"https:\/\/www.apexosn.com\/es\/wp-json\/wp\/v2\/pages\/4821","targetHints":{"allow":["GET"]}}],"collection":[{"href":"https:\/\/www.apexosn.com\/es\/wp-json\/wp\/v2\/pages"}],"about":[{"href":"https:\/\/www.apexosn.com\/es\/wp-json\/wp\/v2\/types\/page"}],"author":[{"embeddable":true,"href":"https:\/\/www.apexosn.com\/es\/wp-json\/wp\/v2\/users\/25"}],"replies":[{"embeddable":true,"href":"https:\/\/www.apexosn.com\/es\/wp-json\/wp\/v2\/comments?post=4821"}],"version-history":[{"count":3,"href":"https:\/\/www.apexosn.com\/es\/wp-json\/wp\/v2\/pages\/4821\/revisions"}],"predecessor-version":[{"id":5712,"href":"https:\/\/www.apexosn.com\/es\/wp-json\/wp\/v2\/pages\/4821\/revisions\/5712"}],"wp:attachment":[{"href":"https:\/\/www.apexosn.com\/es\/wp-json\/wp\/v2\/media?parent=4821"}],"wp:term":[{"taxonomy":"category","embeddable":true,"href":"https:\/\/www.apexosn.com\/es\/wp-json\/wp\/v2\/categories?post=4821"},{"taxonomy":"post_tag","embeddable":true,"href":"https:\/\/www.apexosn.com\/es\/wp-json\/wp\/v2\/tags?post=4821"}],"curies":[{"name":"wp","href":"https:\/\/api.w.org\/{rel}","templated":true}]}}