{"id":2814,"date":"2024-05-09T08:04:37","date_gmt":"2024-05-09T13:04:37","guid":{"rendered":"https:\/\/www.apexosn.com\/rock-hill-sc\/tratamiento-del-dolor\/"},"modified":"2024-05-27T01:28:56","modified_gmt":"2024-05-27T06:28:56","slug":"tratamiento-del-dolor","status":"publish","type":"page","link":"https:\/\/www.apexosn.com\/es\/rock-hill-sc\/tratamiento-del-dolor\/","title":{"rendered":"Tratamiento del dolor en Rock Hill"},"content":{"rendered":"<p>El dolor es de muchos tipos diferentes y diferentes t\u00e9cnicas de manejo del dolor son necesarios para hacer frente a cada tipo. Si usted est\u00e1 luchando con el dolor cr\u00f3nico, nuestros expertos en manejo del dolor Rock Hill en Apex Orthopaedics Spine &amp; Neurology pueden crear planes de tratamiento personalizados que mejor se adapten a su malestar. Ll\u00e1menos hoy al <a href=\"tel:+17044123045\"><i class=\"fa fa-phone-alt\"><\/i>704-412-3045<\/a> para programar su consulta.<\/p>\n\t\t<div data-elementor-type=\"section\" data-elementor-id=\"208\" class=\"elementor elementor-208\" data-elementor-post-type=\"elementor_library\">\n\t\t\t\t\t<section class=\"elementor-section elementor-top-section elementor-element elementor-element-485e576a elementor-section-boxed elementor-section-height-default elementor-section-height-default\" data-id=\"485e576a\" data-element_type=\"section\" data-e-type=\"section\">\n\t\t\t\t\t\t<div class=\"elementor-container elementor-column-gap-default\">\n\t\t\t\t\t<div class=\"elementor-column elementor-col-100 elementor-top-column elementor-element elementor-element-635c38c0\" data-id=\"635c38c0\" data-element_type=\"column\" data-e-type=\"column\">\n\t\t\t<div class=\"elementor-widget-wrap elementor-element-populated\">\n\t\t\t\t\t\t<div class=\"elementor-element elementor-element-3ba95c8a elementor-toc--minimized-on-tablet elementor-widget elementor-widget-table-of-contents\" data-id=\"3ba95c8a\" data-element_type=\"widget\" data-e-type=\"widget\" data-settings=\"{&quot;exclude_headings_by_selector&quot;:&quot;.toc-remove&quot;,&quot;headings_by_tags&quot;:[&quot;h2&quot;,&quot;h3&quot;],&quot;marker_view&quot;:&quot;numbers&quot;,&quot;no_headings_message&quot;:&quot;No headings were found on this page.&quot;,&quot;minimize_box&quot;:&quot;yes&quot;,&quot;minimized_on&quot;:&quot;tablet&quot;,&quot;hierarchical_view&quot;:&quot;yes&quot;,&quot;min_height&quot;:{&quot;unit&quot;:&quot;px&quot;,&quot;size&quot;:&quot;&quot;,&quot;sizes&quot;:[]},&quot;min_height_laptop&quot;:{&quot;unit&quot;:&quot;px&quot;,&quot;size&quot;:&quot;&quot;,&quot;sizes&quot;:[]},&quot;min_height_tablet&quot;:{&quot;unit&quot;:&quot;px&quot;,&quot;size&quot;:&quot;&quot;,&quot;sizes&quot;:[]},&quot;min_height_mobile&quot;:{&quot;unit&quot;:&quot;px&quot;,&quot;size&quot;:&quot;&quot;,&quot;sizes&quot;:[]}}\" data-widget_type=\"table-of-contents.default\">\n\t\t\t\t\t\t\t\t\t<div class=\"elementor-toc__header\">\n\t\t\t\t\t\t<div class=\"elementor-toc__header-title\">\n\t\t\t\tTable of Contents\t\t\t<\/div>\n\t\t\t\t\t\t\t\t\t\t<div class=\"elementor-toc__toggle-button elementor-toc__toggle-button--expand\" role=\"button\" tabindex=\"0\" aria-controls=\"elementor-toc__3ba95c8a\" aria-expanded=\"true\" aria-label=\"Open table of contents\"><svg aria-hidden=\"true\" class=\"e-font-icon-svg e-fas-chevron-down\" viewBox=\"0 0 448 512\" xmlns=\"http:\/\/www.w3.org\/2000\/svg\"><path d=\"M207.029 381.476L12.686 187.132c-9.373-9.373-9.373-24.569 0-33.941l22.667-22.667c9.357-9.357 24.522-9.375 33.901-.04L224 284.505l154.745-154.021c9.379-9.335 24.544-9.317 33.901.04l22.667 22.667c9.373 9.373 9.373 24.569 0 33.941L240.971 381.476c-9.373 9.372-24.569 9.372-33.942 0z\"><\/path><\/svg><\/div>\n\t\t\t\t<div class=\"elementor-toc__toggle-button elementor-toc__toggle-button--collapse\" role=\"button\" tabindex=\"0\" aria-controls=\"elementor-toc__3ba95c8a\" aria-expanded=\"true\" aria-label=\"Close table of contents\"><svg aria-hidden=\"true\" class=\"e-font-icon-svg e-fas-chevron-up\" viewBox=\"0 0 448 512\" xmlns=\"http:\/\/www.w3.org\/2000\/svg\"><path d=\"M240.971 130.524l194.343 194.343c9.373 9.373 9.373 24.569 0 33.941l-22.667 22.667c-9.357 9.357-24.522 9.375-33.901.04L224 227.495 69.255 381.516c-9.379 9.335-24.544 9.317-33.901-.04l-22.667-22.667c-9.373-9.373-9.373-24.569 0-33.941L207.03 130.525c9.372-9.373 24.568-9.373 33.941-.001z\"><\/path><\/svg><\/div>\n\t\t\t\t\t<\/div>\n\t\t\t\t<div id=\"elementor-toc__3ba95c8a\" class=\"elementor-toc__body\">\n\t\t\t<div class=\"elementor-toc__spinner-container\">\n\t\t\t\t<svg class=\"elementor-toc__spinner eicon-animation-spin e-font-icon-svg e-eicon-loading\" aria-hidden=\"true\" viewBox=\"0 0 1000 1000\" xmlns=\"http:\/\/www.w3.org\/2000\/svg\"><path d=\"M500 975V858C696 858 858 696 858 500S696 142 500 142 142 304 142 500H25C25 237 238 25 500 25S975 237 975 500 763 975 500 975Z\"><\/path><\/svg>\t\t\t<\/div>\n\t\t<\/div>\n\t\t\t\t\t\t<\/div>\n\t\t\t\t\t<\/div>\n\t\t<\/div>\n\t\t\t\t\t<\/div>\n\t\t<\/section>\n\t\t\t\t<\/div>\n\t\t\n<h2>\u00bfQu\u00e9 es el tratamiento del dolor?<\/h2>\n<p>El tratamiento del dolor es el proceso de diagnosticar, tratar y controlar el dolor cr\u00f3nico para que los pacientes puedan llevar una vida m\u00e1s c\u00f3moda y satisfactoria. Con un buen plan de tratamiento del dolor, puede recuperar el control de su vida y mejorar su bienestar general.<\/p>\n<h3>Caracter\u00edsticas del tratamiento del dolor<\/h3>\n<p>El tratamiento del dolor suele implicar una amplia gama de estrategias para aliviar o reducir el dolor, mejorar la calidad de vida y aumentar la funcionalidad de las personas que luchan contra el dolor cr\u00f3nico o agudo. He aqu\u00ed algunas caracter\u00edsticas clave del tratamiento del dolor.<\/p>\n<h3>Enfoque multidisciplinar<\/h3>\n<p>El tratamiento adecuado del dolor suele implicar a un equipo multidisciplinar formado por m\u00e9dicos, farmac\u00e9uticos, psic\u00f3logos, fisioterapeutas y enfermeras, que trabajan juntos para abordar los distintos aspectos del dolor.<\/p>\n<h3>Planes de tratamiento personalizados<\/h3>\n<p>El dolor suele ser complejo y subjetivo, por eso es tan importante que los planes de tratamiento se adapten a las necesidades espec\u00edficas del paciente, teniendo en cuenta factores como la intensidad del dolor, los antecedentes m\u00e9dicos, las enfermedades subyacentes, etc.<\/p>\n<h3>Integraci\u00f3n de enfoques<\/h3>\n<p>El tratamiento puede incluir una combinaci\u00f3n de intervenciones farmacol\u00f3gicas (medicamentos) y no farmacol\u00f3gicas (por ejemplo, fisioterapia, t\u00e9cnicas de relajaci\u00f3n, acupuntura, etc.) para abordar diferentes aspectos del dolor.<\/p>\n<h3>\u00c9nfasis en la calidad de vida y la funcionalidad<\/h3>\n<p>El objetivo final del tratamiento del dolor no es s\u00f3lo aliviarlo, sino tambi\u00e9n mejorar la movilidad, la funcionalidad y la calidad de vida general del paciente. Esto suele implicar el establecimiento de objetivos realistas.<\/p>\n<h3>Capacitaci\u00f3n y educaci\u00f3n<\/h3>\n<p>Los pacientes que luchan contra el dolor cr\u00f3nico reciben formaci\u00f3n sobre su enfermedad, las opciones de tratamiento disponibles y las t\u00e9cnicas de autocuidado, lo que les permite participar activamente en su tratamiento y tomar decisiones informadas.<\/p>\n<p>Los profesionales sanitarios que incorporan a su pr\u00e1ctica estas caracter\u00edsticas del tratamiento del dolor est\u00e1n mejor capacitados para ofrecer un tratamiento integral y eficaz del dolor que responda a las necesidades de cada paciente y promueva unos resultados y una calidad de vida \u00f3ptimos.<\/p>\n<p><a href=\"https:\/\/www.apexosn.com\/wp-content\/uploads\/2024\/05\/shutterstock_205649992-min.jpg\"><img fetchpriority=\"high\" decoding=\"async\" class=\"alignnone size-full wp-image-3329\" src=\"https:\/\/www.apexosn.com\/wp-content\/uploads\/2024\/05\/shutterstock_205649992-min.jpg\" alt=\"Tratamiento del dolor en Rock Hill\" width=\"500\" height=\"333\" srcset=\"https:\/\/www.apexosn.com\/wp-content\/uploads\/2024\/05\/shutterstock_205649992-min.jpg 500w, https:\/\/www.apexosn.com\/wp-content\/uploads\/2024\/05\/shutterstock_205649992-min-300x200.jpg 300w\" sizes=\"(max-width: 500px) 100vw, 500px\" \/><\/a><\/p>\n<h2>\u00bfPor qu\u00e9 es importante el tratamiento del dolor?<\/h2>\n<p>Vivir con dolor cr\u00f3nico puede ser debilitante y afectar a la salud mental, las relaciones y las actividades cotidianas. Por este motivo, contar con una estrategia adecuada para el tratamiento del dolor es fundamental para su salud y felicidad a largo plazo.<\/p>\n<p>Un tratamiento adecuado del dolor puede ayudar:<\/p>\n<h3>Eliminar el estr\u00e9s<\/h3>\n<p>Si tiene dolor, es probable que sus niveles de estr\u00e9s sean altos. Su tensi\u00f3n arterial aumentar\u00e1 y su cuerpo entrar\u00e1 en un estado de angustia. Afortunadamente, es posible aliviar este estr\u00e9s y frustraci\u00f3n con el plan de tratamiento del dolor adecuado.<\/p>\n<h3>Mejore su calidad de vida<\/h3>\n<p>El tratamiento adecuado del dolor es fundamental para tener una buena calidad de vida. Controlar el dolor ayuda a reducir la tensi\u00f3n arterial, el estr\u00e9s y la frecuencia cardiaca, y afecta positivamente a la curaci\u00f3n. El control del dolor proporciona alivio de la angustia emocional y la ansiedad, da capacidad para desempe\u00f1ar diversas funciones y mejora el bienestar.<\/p>\n<h3>Reduce la dependencia de la medicaci\u00f3n<\/h3>\n<p>Un plan de tratamiento del dolor correctamente ejecutado puede ayudar a reducir significativamente la dependencia de la medicaci\u00f3n. Los pacientes pueden reducir su dependencia de la medicaci\u00f3n utilizando m\u00faltiples t\u00e9cnicas como cambios en el estilo de vida, mindfulness y fisioterapia.<\/p>\n<h3>Mantener la independencia<\/h3>\n<p>El dolor cr\u00f3nico tiene a menudo la consecuencia no deseada de mermar la autosuficiencia y la independencia, lo que lleva a una mayor dependencia de los dem\u00e1s para las actividades cotidianas. Afortunadamente, las personas pueden mantener su independencia y autonom\u00eda mediante un tratamiento eficaz del dolor.<\/p>\n<h3>Prevenir complicaciones<\/h3>\n<p>Si el dolor cr\u00f3nico se deja sin tratar durante demasiado tiempo, puede dar lugar a una amplia gama de complicaciones, como trastornos del sue\u00f1o, ansiedad, depresi\u00f3n, disminuci\u00f3n de la funci\u00f3n inmunitaria y de la movilidad. Un tratamiento adecuado del dolor puede ayudar a mitigar o prevenir dichas medicaciones.<\/p>\n<h2>Tipos de tratamiento del dolor<\/h2>\n<p>Los m\u00e9todos de tratamiento del dolor son de varios tipos, todos ellos dirigidos a satisfacer sus necesidades. Los m\u00e9todos pueden clasificarse en 4 grupos principales.<\/p>\n<h3>Tratamiento del dolor cr\u00f3nico<\/h3>\n<p>Hace hincapi\u00e9 en una estrategia multidisciplinar que combina diferentes opciones de tratamiento, estrategias de autogesti\u00f3n y recursos de apoyo adaptados a sus necesidades espec\u00edficas.<\/p>\n<h3>Tratamiento tradicional del dolor<\/h3>\n<p>Suele incluir medicamentos como AINE, opi\u00e1ceos, anticonvulsivos y antidepresivos, as\u00ed como fisioterapia y, a veces, incluso cirug\u00eda cuando es necesario.<\/p>\n<h3>Tratamiento intervencionista del dolor<\/h3>\n<p>Consiste en utilizar procedimientos m\u00ednimamente invasivos como la estimulaci\u00f3n de la m\u00e9dula espinal, la ablaci\u00f3n por radiofrecuencia, las inyecciones epidurales de esteroides, los bloqueos nerviosos y la estimulaci\u00f3n de los nervios perif\u00e9ricos para aliviar el dolor.<\/p>\n<h3>Tratamiento alternativo del dolor<\/h3>\n<p>Se centra en terapias no farmacol\u00f3gicas como la quiropr\u00e1ctica, el yoga, la masoterapia y la acupuntura, as\u00ed como en t\u00e9cnicas cuerpo-mente como la biorretroalimentaci\u00f3n y la meditaci\u00f3n.<\/p>\n<p>El primer paso para encontrar la opci\u00f3n m\u00e1s eficaz para su situaci\u00f3n es conocer los distintos tipos de tratamiento del dolor. Si colabora estrechamente con los especialistas en tratamiento del dolor de Apex Orthopaedics Spine &amp; Neurology, podr\u00e1 crear un plan personalizado que responda a sus necesidades espec\u00edficas.<\/p>\n<h2><a style=\"font-size: 16px;\" href=\"https:\/\/www.apexosn.com\/wp-content\/uploads\/2024\/05\/shutterstock_325869920-min.jpg\"><img decoding=\"async\" class=\"alignnone size-full wp-image-3331\" src=\"https:\/\/www.apexosn.com\/wp-content\/uploads\/2024\/05\/shutterstock_325869920-min.jpg\" alt=\"Road Sign With The Message of Pain Relief This Way\" width=\"500\" height=\"307\" srcset=\"https:\/\/www.apexosn.com\/wp-content\/uploads\/2024\/05\/shutterstock_325869920-min.jpg 500w, https:\/\/www.apexosn.com\/wp-content\/uploads\/2024\/05\/shutterstock_325869920-min-300x184.jpg 300w\" sizes=\"(max-width: 500px) 100vw, 500px\" \/><\/a><\/h2>\n<h2>C\u00f3mo elegir el mejor m\u00e9dico para el tratamiento del dolor<\/h2>\n<p>Puede ser un proceso tedioso y dif\u00edcil de encontrar el m\u00e9dico adecuado para el tratamiento del dolor en Rock Hill, SC. La raz\u00f3n de esto es que usted tiene que considerar m\u00e1s que la escuela de medicina que asistieron. Estas son algunas de las cualidades esenciales que debe buscar:<\/p>\n<h3>Experiencia en el manejo del dolor<\/h3>\n<p>Un m\u00e9dico que tiene experiencia en el tratamiento del dolor, especialmente su condici\u00f3n m\u00e9dica espec\u00edfica, es probable que tenga una mejor comprensi\u00f3n de su viaje que uno que no est\u00e1 familiarizado con el dolor cr\u00f3nico. Contar con un m\u00e9dico con experiencia en el trato con pacientes que luchan con su enfermedad espec\u00edfica es fundamental para el \u00e9xito del tratamiento del dolor a largo plazo.<\/p>\n<h3>Excelentes habilidades de comunicaci\u00f3n<\/h3>\n<p>No basta con que el m\u00e9dico sepa mucho sobre el dolor. Un buen especialista en el tratamiento del dolor tambi\u00e9n debe saber c\u00f3mo hablar de \u00e9l. C\u00f3mo explicarlo de forma que usted lo entienda. Son capaces de convertir la complicada jerga m\u00e9dica en palabras corrientes. Pueden abordar tus preocupaciones, responder a tus preguntas y asegurarse de que est\u00e1is de acuerdo.<\/p>\n<h3>Saber escuchar<\/h3>\n<p>La \u00fanica forma de que un m\u00e9dico especialista en el tratamiento del dolor ofrezca un tratamiento individualizado eficaz para su dolencia es que est\u00e9 dispuesto a escuchar a los pacientes con dolor cr\u00f3nico. Sin duda, su m\u00e9dico especialista en el tratamiento del dolor debe estar dispuesto a:<\/p>\n<ul>\n<li>Validar sus preocupaciones como paciente<\/li>\n<li>Aprender m\u00e1s sobre su problema espec\u00edfico<\/li>\n<li>Dise\u00f1ar un plan de tratamiento eficaz<\/li>\n<li>Probar tratamientos nuevos y avanzados.<\/li>\n<li>Empat\u00eda<\/li>\n<\/ul>\n<p>Siempre es frustrante tener que tratar con un m\u00e9dico que no entiende c\u00f3mo se siente uno. Un buen m\u00e9dico especialista en el tratamiento del dolor debe ser capaz de empatizar con su dolencia. Debe saber que est\u00e1s sufriendo y estar ah\u00ed para ayudarte. Su empat\u00eda es claramente evidente a trav\u00e9s del ambiente cl\u00ednico, haci\u00e9ndote sentir comprendido.<\/p>\n<h3>Inter\u00e9s por los avances m\u00e9dicos<\/h3>\n<p>Los avances tecnol\u00f3gicos est\u00e1n transformando el mundo del tratamiento del dolor, aportando nuevos avances que tratan a los pacientes de forma m\u00e1s eficaz y eficiente. Para no perderse los \u00faltimos avances en el tratamiento del dolor, busque un m\u00e9dico que muestre inter\u00e9s por dichos avances. Es m\u00e1s probable que le sugiera nuevos ensayos y tratamientos que le ayuden a controlar mejor su dolencia.<\/p>\n<h3>\u00bfNecesita un tratamiento eficaz del dolor en Rock Hill, SC? \u00a1Ll\u00e1menos hoy!<\/h3>\n<p>El dolor cr\u00f3nico puede arruinar su vida, interfiriendo con su capacidad para dormir, trabajar y disfrutar de tiempo con su familia y amigos. Cuando el dolor cr\u00f3nico amenaza con perturbar su calidad de vida y no mejora con medicamentos est\u00e1ndar de venta libre como el ibuprofeno o la aspirina, Apex Orthopaedics Spine &amp; Neurology est\u00e1 aqu\u00ed para ayudar.<\/p>\n<p>En Apex Orthopaedics Spine &amp; Neurology, entendemos c\u00f3mo el dolor puede afectar a todos los aspectos de su vida. Al hacer uso de las \u00faltimas modalidades para tratar estas condiciones dolorosas, nos esforzamos por reducir significativamente el sufrimiento y restaurar la calidad de vida que se merece.<\/p>\n<p>Si usted est\u00e1 luchando con el dolor cr\u00f3nico en Rock Hill, SC, ll\u00e1menos hoy al <a href=\"tel:+17044123045\"><i class=\"fa fa-phone-alt\"><\/i>704-412-3045<\/a> para conectarse con un especialista en manejo del dolor.<\/p>\n","protected":false},"excerpt":{"rendered":"<p>El dolor es de muchos tipos diferentes y diferentes t\u00e9cnicas de manejo del dolor son necesarios para hacer frente a cada tipo. Si usted est\u00e1 luchando con el dolor cr\u00f3nico, nuestros expertos en manejo del dolor Rock Hill en Apex Orthopaedics Spine &amp; Neurology pueden crear planes de tratamiento personalizados que mejor se adapten a [&hellip;]<\/p>\n","protected":false},"author":36,"featured_media":0,"parent":2735,"menu_order":0,"comment_status":"closed","ping_status":"closed","template":"","meta":{"_acf_changed":false,"footnotes":""},"categories":[],"tags":[],"class_list":["post-2814","page","type-page","status-publish","hentry"],"acf":[],"_links":{"self":[{"href":"https:\/\/www.apexosn.com\/es\/wp-json\/wp\/v2\/pages\/2814","targetHints":{"allow":["GET"]}}],"collection":[{"href":"https:\/\/www.apexosn.com\/es\/wp-json\/wp\/v2\/pages"}],"about":[{"href":"https:\/\/www.apexosn.com\/es\/wp-json\/wp\/v2\/types\/page"}],"author":[{"embeddable":true,"href":"https:\/\/www.apexosn.com\/es\/wp-json\/wp\/v2\/users\/36"}],"replies":[{"embeddable":true,"href":"https:\/\/www.apexosn.com\/es\/wp-json\/wp\/v2\/comments?post=2814"}],"version-history":[{"count":3,"href":"https:\/\/www.apexosn.com\/es\/wp-json\/wp\/v2\/pages\/2814\/revisions"}],"predecessor-version":[{"id":5078,"href":"https:\/\/www.apexosn.com\/es\/wp-json\/wp\/v2\/pages\/2814\/revisions\/5078"}],"up":[{"embeddable":true,"href":"https:\/\/www.apexosn.com\/es\/wp-json\/wp\/v2\/pages\/2735"}],"wp:attachment":[{"href":"https:\/\/www.apexosn.com\/es\/wp-json\/wp\/v2\/media?parent=2814"}],"wp:term":[{"taxonomy":"category","embeddable":true,"href":"https:\/\/www.apexosn.com\/es\/wp-json\/wp\/v2\/categories?post=2814"},{"taxonomy":"post_tag","embeddable":true,"href":"https:\/\/www.apexosn.com\/es\/wp-json\/wp\/v2\/tags?post=2814"}],"curies":[{"name":"wp","href":"https:\/\/api.w.org\/{rel}","templated":true}]}}