{"id":2813,"date":"2024-05-09T08:04:14","date_gmt":"2024-05-09T13:04:14","guid":{"rendered":"https:\/\/www.apexosn.com\/rock-hill-sc\/cirugia-ortopedica\/"},"modified":"2024-05-26T10:34:30","modified_gmt":"2024-05-26T15:34:30","slug":"cirugia-ortopedica","status":"publish","type":"page","link":"https:\/\/www.apexosn.com\/es\/rock-hill-sc\/cirugia-ortopedica\/","title":{"rendered":"Cirugia Ortop\u00e9dica en Rock Hill"},"content":{"rendered":"<p>Imagine despertarse sin ese dolor familiar, moverse libremente sin pens\u00e1rselo dos veces y realizar actividades que antes cre\u00eda fuera de su alcance. En Apex Orthopedics Spine &amp; Neurology, no s\u00f3lo tratamos su dolor, sino que le ayudamos a reescribir su historia.<\/p>\n<p>No somos una consulta m\u00e9dica m\u00e1s. Somos un equipo de dedicados expertos en cirug\u00eda ortop\u00e9dica que le ven como una persona completa, no s\u00f3lo una lista de s\u00edntomas. Escucharemos sus preocupaciones, comprenderemos sus objetivos y crearemos un camino personalizado para que vuelva a vivir la vida a su manera.<\/p>\n<p>Si usted ha sido marginado por una lesi\u00f3n deportiva, luchando con la carga de dolor cr\u00f3nico, o simplemente buscando mantener un estilo de vida saludable y activo, nuestras puertas est\u00e1n abiertas. Ll\u00e1menos al <a href=\"tel:+17044123045\"><i class=\"fa fa-phone-alt\"><\/i>704-412-3045<\/a> y comencemos juntos este viaje. Tu pr\u00f3ximo cap\u00edtulo comienza con una simple conversaci\u00f3n, y podr\u00eda ser el m\u00e1s transformador de todos.<\/p>\n\t\t<div data-elementor-type=\"section\" data-elementor-id=\"208\" class=\"elementor elementor-208\" data-elementor-post-type=\"elementor_library\">\n\t\t\t\t\t<section class=\"elementor-section elementor-top-section elementor-element elementor-element-485e576a elementor-section-boxed elementor-section-height-default elementor-section-height-default\" data-id=\"485e576a\" data-element_type=\"section\" data-e-type=\"section\">\n\t\t\t\t\t\t<div class=\"elementor-container elementor-column-gap-default\">\n\t\t\t\t\t<div class=\"elementor-column elementor-col-100 elementor-top-column elementor-element elementor-element-635c38c0\" data-id=\"635c38c0\" data-element_type=\"column\" data-e-type=\"column\">\n\t\t\t<div class=\"elementor-widget-wrap elementor-element-populated\">\n\t\t\t\t\t\t<div class=\"elementor-element elementor-element-3ba95c8a elementor-toc--minimized-on-tablet elementor-widget elementor-widget-table-of-contents\" data-id=\"3ba95c8a\" data-element_type=\"widget\" data-e-type=\"widget\" data-settings=\"{&quot;exclude_headings_by_selector&quot;:&quot;.toc-remove&quot;,&quot;headings_by_tags&quot;:[&quot;h2&quot;,&quot;h3&quot;],&quot;marker_view&quot;:&quot;numbers&quot;,&quot;no_headings_message&quot;:&quot;No headings were found on this page.&quot;,&quot;minimize_box&quot;:&quot;yes&quot;,&quot;minimized_on&quot;:&quot;tablet&quot;,&quot;hierarchical_view&quot;:&quot;yes&quot;,&quot;min_height&quot;:{&quot;unit&quot;:&quot;px&quot;,&quot;size&quot;:&quot;&quot;,&quot;sizes&quot;:[]},&quot;min_height_laptop&quot;:{&quot;unit&quot;:&quot;px&quot;,&quot;size&quot;:&quot;&quot;,&quot;sizes&quot;:[]},&quot;min_height_tablet&quot;:{&quot;unit&quot;:&quot;px&quot;,&quot;size&quot;:&quot;&quot;,&quot;sizes&quot;:[]},&quot;min_height_mobile&quot;:{&quot;unit&quot;:&quot;px&quot;,&quot;size&quot;:&quot;&quot;,&quot;sizes&quot;:[]}}\" data-widget_type=\"table-of-contents.default\">\n\t\t\t\t\t\t\t\t\t<div class=\"elementor-toc__header\">\n\t\t\t\t\t\t<div class=\"elementor-toc__header-title\">\n\t\t\t\tTable of Contents\t\t\t<\/div>\n\t\t\t\t\t\t\t\t\t\t<div class=\"elementor-toc__toggle-button elementor-toc__toggle-button--expand\" role=\"button\" tabindex=\"0\" aria-controls=\"elementor-toc__3ba95c8a\" aria-expanded=\"true\" aria-label=\"Open table of contents\"><svg aria-hidden=\"true\" class=\"e-font-icon-svg e-fas-chevron-down\" viewBox=\"0 0 448 512\" xmlns=\"http:\/\/www.w3.org\/2000\/svg\"><path d=\"M207.029 381.476L12.686 187.132c-9.373-9.373-9.373-24.569 0-33.941l22.667-22.667c9.357-9.357 24.522-9.375 33.901-.04L224 284.505l154.745-154.021c9.379-9.335 24.544-9.317 33.901.04l22.667 22.667c9.373 9.373 9.373 24.569 0 33.941L240.971 381.476c-9.373 9.372-24.569 9.372-33.942 0z\"><\/path><\/svg><\/div>\n\t\t\t\t<div class=\"elementor-toc__toggle-button elementor-toc__toggle-button--collapse\" role=\"button\" tabindex=\"0\" aria-controls=\"elementor-toc__3ba95c8a\" aria-expanded=\"true\" aria-label=\"Close table of contents\"><svg aria-hidden=\"true\" class=\"e-font-icon-svg e-fas-chevron-up\" viewBox=\"0 0 448 512\" xmlns=\"http:\/\/www.w3.org\/2000\/svg\"><path d=\"M240.971 130.524l194.343 194.343c9.373 9.373 9.373 24.569 0 33.941l-22.667 22.667c-9.357 9.357-24.522 9.375-33.901.04L224 227.495 69.255 381.516c-9.379 9.335-24.544 9.317-33.901-.04l-22.667-22.667c-9.373-9.373-9.373-24.569 0-33.941L207.03 130.525c9.372-9.373 24.568-9.373 33.941-.001z\"><\/path><\/svg><\/div>\n\t\t\t\t\t<\/div>\n\t\t\t\t<div id=\"elementor-toc__3ba95c8a\" class=\"elementor-toc__body\">\n\t\t\t<div class=\"elementor-toc__spinner-container\">\n\t\t\t\t<svg class=\"elementor-toc__spinner eicon-animation-spin e-font-icon-svg e-eicon-loading\" aria-hidden=\"true\" viewBox=\"0 0 1000 1000\" xmlns=\"http:\/\/www.w3.org\/2000\/svg\"><path d=\"M500 975V858C696 858 858 696 858 500S696 142 500 142 142 304 142 500H25C25 237 238 25 500 25S975 237 975 500 763 975 500 975Z\"><\/path><\/svg>\t\t\t<\/div>\n\t\t<\/div>\n\t\t\t\t\t\t<\/div>\n\t\t\t\t\t<\/div>\n\t\t<\/div>\n\t\t\t\t\t<\/div>\n\t\t<\/section>\n\t\t\t\t<\/div>\n\t\t\n<h2>\u00bfQu\u00e9 hacen los m\u00e9dicos ortop\u00e9dicos?<\/h2>\n<p>\u00bfTe has preguntado alguna vez qu\u00e9 ocurre entre bastidores cuando visitas a un traumat\u00f3logo? La ortopedia es mucho m\u00e1s que radiograf\u00edas y vendajes. Piense en nosotros como los ingenieros de su sistema musculoesquel\u00e9tico, la intrincada red de huesos, articulaciones, m\u00fasculos, ligamentos y tendones que le mantienen en movimiento.<\/p>\n<p>Diagnosticamos y tratamos una amplia gama de afecciones, desde lesiones deportivas y fracturas hasta enfermedades degenerativas como la artritis. La prevenci\u00f3n de problemas futuros tambi\u00e9n constituye una parte clave de nuestra pr\u00e1ctica, ayud\u00e1ndole a desarrollar fuerza y flexibilidad para salvaguardar la mec\u00e1nica de su cuerpo a largo plazo.<\/p>\n<p>Tambi\u00e9n puede contar con nosotros para optimizar su rendimiento. No importa si eres un guerrero de fin de semana o un atleta profesional. Utilizamos las \u00faltimas t\u00e9cnicas y tecnolog\u00edas para ayudarle a recuperarse m\u00e1s r\u00e1pido, moverse mejor y alcanzar su mejor marca personal.<\/p>\n<p><a href=\"https:\/\/www.apexosn.com\/wp-content\/uploads\/2024\/05\/shutterstock_207938626-min.jpg\"><img fetchpriority=\"high\" decoding=\"async\" class=\"alignnone size-full wp-image-3298\" src=\"https:\/\/www.apexosn.com\/wp-content\/uploads\/2024\/05\/shutterstock_207938626-min.jpg\" alt=\"Rock Hill Orthopedic Doctor\" width=\"500\" height=\"334\" srcset=\"https:\/\/www.apexosn.com\/wp-content\/uploads\/2024\/05\/shutterstock_207938626-min.jpg 500w, https:\/\/www.apexosn.com\/wp-content\/uploads\/2024\/05\/shutterstock_207938626-min-300x200.jpg 300w\" sizes=\"(max-width: 500px) 100vw, 500px\" \/><\/a><\/p>\n<h2>Tipos de tratamiento ortop\u00e9dico<\/h2>\n<p>La ortopedia es un campo muy amplio y nosotros disponemos de todo un conjunto de herramientas. No nos basamos en soluciones estereotipadas. Nos tomamos el tiempo para averiguar lo que est\u00e1 pasando con usted, ya que esto nos permite elegir el tratamiento que va a funcionar mejor para su situaci\u00f3n espec\u00edfica.<\/p>\n<h3>Soluciones no quir\u00fargicas<\/h3>\n<p>A veces, la mejor manera de volver a la pista es empezar por lo b\u00e1sico. Podemos recomendar fisioterapia para fortalecer los m\u00fasculos y que se muevan con m\u00e1s libertad, medicamentos para aliviar el dolor y la inflamaci\u00f3n, o tal vez algunas inyecciones para tratar directamente los puntos problem\u00e1ticos.<\/p>\n<p>Esto es a menudo lo primero que recomendamos a los pacientes para minimizar el impacto en su vida diaria.<\/p>\n<h3>Procedimientos m\u00ednimamente invasivos<\/h3>\n<p>Si la cirug\u00eda parece el camino a seguir, por lo general comienzan con opciones m\u00ednimamente invasivas. Estos son m\u00e1s f\u00e1ciles en su cuerpo, con cortes m\u00e1s peque\u00f1os, menos molestias, y una recuperaci\u00f3n m\u00e1s r\u00e1pida que la cirug\u00eda tradicional.<\/p>\n<p>Nuestro equipo realiza una gran variedad de t\u00e9cnicas m\u00ednimamente invasivas dependiendo de su condici\u00f3n. Siempre vamos a explorar todas las opciones de tratamiento conservador antes de considerar la cirug\u00eda ortop\u00e9dica. Su bienestar y comodidad son nuestras principales prioridades.<\/p>\n<h3>Cirug\u00eda ortop\u00e9dica avanzada<\/h3>\n<p>Para problemas m\u00e1s complicados o lesiones graves, nuestros cirujanos son de primera categor\u00eda. Est\u00e1n entrenados en las \u00faltimas t\u00e9cnicas de cirug\u00eda ortop\u00e9dica y pueden manejar todo, desde reemplazos de articulaciones a cirug\u00edas de columna e incluso reconstrucciones intrincadas. Pero pase lo que pase, el objetivo es siempre el mismo: ayudarle a volver a hacer las cosas que le gustan.<\/p>\n<h3>Apoyo continuo<\/h3>\n<p>Nuestros cuidados no terminan cuando usted sale por la puerta. Estamos a su lado en todo momento, ofreci\u00e9ndole programas de postratamiento y rehabilitaci\u00f3n para asegurarnos de que se cura correctamente y vuelve a su rutina normal lo mejor posible. No pararemos hasta que est\u00e9 libre de lesiones y dolor.<\/p>\n<p>Sea cual sea su diagn\u00f3stico, sepa que estamos a su lado. Le guiaremos a lo largo de todo el proceso, asegur\u00e1ndonos de que dispone de toda la informaci\u00f3n y el apoyo que necesita no s\u00f3lo para salir adelante, sino para prosperar de verdad.<\/p>\n<h2>C\u00f3mo elegir el mejor m\u00e9dico ortop\u00e9dico en Rock Hill<\/h2>\n<p>La elecci\u00f3n del m\u00e9dico ortop\u00e9dico adecuado en Rock Hill va mucho m\u00e1s all\u00e1 de una simple comparaci\u00f3n de credenciales. Usted est\u00e1 confiando a este m\u00e9dico con su salud m\u00fasculo-esquel\u00e9tica, su capacidad para moverse libremente, y en \u00faltima instancia, su calidad de vida. Es l\u00f3gico que dedique el tiempo suficiente a encontrar un m\u00e9dico que no s\u00f3lo entienda su enfermedad, sino que tambi\u00e9n conecte con usted a nivel personal.<\/p>\n<p>He aqu\u00ed un desglose de lo que debe buscar.<\/p>\n<h3>Experiencia<\/h3>\n<p>Seguro que todos los m\u00e9dicos han pasado por a\u00f1os de formaci\u00f3n, pero \u00bftienen experiencia espec\u00edfica en lo que le preocupa? Si tienes un problema de rodilla, querr\u00e1s a alguien que haya trabajado en todo tipo de problemas de rodilla, sobre todo del tipo que te preocupa a ti.<\/p>\n<p>Pregunte por su especializaci\u00f3n, averig\u00fce si ha publicado alg\u00fan trabajo de investigaci\u00f3n o si ha dado clases a otros m\u00e9dicos, y compruebe si est\u00e1 al d\u00eda de los \u00faltimos tratamientos y tecnolog\u00edas.<\/p>\n<h3>Experiencia<\/h3>\n<p>Usted quiere un m\u00e9dico que lo haya visto todo, lo haya hecho todo y tenga un historial de \u00e9xitos. No hay nada malo en preguntarle por el n\u00famero de pacientes que ha tratado con su enfermedad y los resultados obtenidos. Al fin y al cabo, es su salud la que est\u00e1 en juego, as\u00ed que no dude en preguntar y preste mucha atenci\u00f3n a la respuesta del m\u00e9dico.<\/p>\n<p><a href=\"https:\/\/www.apexosn.com\/wp-content\/uploads\/2024\/05\/shutterstock_1757597987-min.jpg\"><img decoding=\"async\" class=\"alignnone size-full wp-image-3296\" src=\"https:\/\/www.apexosn.com\/wp-content\/uploads\/2024\/05\/shutterstock_1757597987-min.jpg\" alt=\"Orthopedic Surgery in Rock Hill SC\" width=\"500\" height=\"339\" srcset=\"https:\/\/www.apexosn.com\/wp-content\/uploads\/2024\/05\/shutterstock_1757597987-min.jpg 500w, https:\/\/www.apexosn.com\/wp-content\/uploads\/2024\/05\/shutterstock_1757597987-min-300x203.jpg 300w\" sizes=\"(max-width: 500px) 100vw, 500px\" \/><\/a><\/p>\n<h3>Estilo de comunicaci\u00f3n<\/h3>\n<p>Algunos m\u00e9dicos hablan de una forma que te hace girar la cabeza, mientras que otros simplemente te har\u00e1n sentir que eres un paciente m\u00e1s. Lo que usted quiere es alguien lo bastante paciente como para explicarle las cosas de un modo que usted pueda entender f\u00e1cilmente.<\/p>\n<p>Prepare algunas preguntas de antemano y observe c\u00f3mo comunica el m\u00e9dico las respuestas. Esto puede darle una idea de hasta qu\u00e9 punto el m\u00e9dico se preocupa realmente por usted y por su enfermedad.<\/p>\n<h3>Conexi\u00f3n personal<\/h3>\n<p>Este es un aspecto intangible, pero es uno de los m\u00e1s importantes de la lista. \u00bfSiente que puede ser sincero con el m\u00e9dico? \u00bfLe hace sentir c\u00f3modo haciendo preguntas, incluso las \u00abtontas\u00bb? \u00bfLe dedica tiempo a conocerle como persona? Una conexi\u00f3n personal con su m\u00e9dico le ayudar\u00e1 mucho a recuperarse por completo.<\/p>\n<h3>Recomendaciones<\/h3>\n<p>Por supuesto, no olvides investigar por tu cuenta. Eche un vistazo a los comentarios y vea lo que dicen otras personas sobre sus experiencias. Pregunte a sus amigos, familiares, compa\u00f1eros de trabajo&#8230; a cualquiera que pueda tener un buen traumat\u00f3logo en el bolsillo.<\/p>\n<p>Su m\u00e9dico de cabecera tambi\u00e9n puede ser una fuente autorizada de informaci\u00f3n. A menudo saben qu\u00e9 especialistas en cirug\u00eda ortop\u00e9dica se puede confiar, los que van m\u00e1s all\u00e1 para sus pacientes.<\/p>\n<p>Y si usted necesita un m\u00e9dico ortop\u00e9dico Rock Hill fiable que marque todas las casillas correctas, Apex Orthopedics Spine &amp; Neurology est\u00e1 aqu\u00ed para usted. Estamos orgullosos de ser el tipo de pr\u00e1ctica en la que se sentir\u00e1 escuchado, comprendido y atendido.<\/p>\n<h2>\u00bfEst\u00e1 considerando la cirug\u00eda ortop\u00e9dica en Rock Hill? \u00a1Ll\u00e1menos!<\/h2>\n<p>Entendemos lo debilitante que puede ser cuando su cuerpo no est\u00e1 funcionando de la manera que deber\u00eda. Si usted est\u00e1 tratando con los efectos persistentes de una lesi\u00f3n deportiva, dolor de espalda persistente que no va a dejar, o simplemente los dolores y molestias que vienen con la edad, estamos aqu\u00ed para ayudar. En Apex Orthopedics Spine &amp; Neurology, nos dedicamos a ayudarle a recuperar su movilidad y redescubrir la alegr\u00eda del movimiento.<\/p>\n<p>Nuestro equipo de especialistas tiene una amplia experiencia en el diagn\u00f3stico y tratamiento de una amplia gama de condiciones ortop\u00e9dicas. Nos tomamos el tiempo para escuchar su historia \u00fanica, entender sus objetivos espec\u00edficos, y desarrollar un plan de tratamiento personalizado dise\u00f1ado para hacer frente a sus necesidades individuales.<\/p>\n<p>Si usted est\u00e1 listo para decir adi\u00f3s al dolor y abrazar un estilo de vida m\u00e1s activo, le animamos a ponerse en contacto con nosotros en <a href=\"tel:+17044123045\"><i class=\"fa fa-phone-alt\"><\/i>704-412-3045<\/a>. Vamos a tener una conversaci\u00f3n acerca de c\u00f3mo podemos trabajar juntos para mejorar su calidad de vida y ayudarle a volver a las actividades que usted aprecia.<\/p>\n","protected":false},"excerpt":{"rendered":"<p>Imagine despertarse sin ese dolor familiar, moverse libremente sin pens\u00e1rselo dos veces y realizar actividades que antes cre\u00eda fuera de su alcance. En Apex Orthopedics Spine &amp; Neurology, no s\u00f3lo tratamos su dolor, sino que le ayudamos a reescribir su historia. No somos una consulta m\u00e9dica m\u00e1s. Somos un equipo de dedicados expertos en cirug\u00eda [&hellip;]<\/p>\n","protected":false},"author":36,"featured_media":0,"parent":2735,"menu_order":0,"comment_status":"closed","ping_status":"closed","template":"","meta":{"_acf_changed":false,"footnotes":""},"categories":[],"tags":[],"class_list":["post-2813","page","type-page","status-publish","hentry"],"acf":[],"_links":{"self":[{"href":"https:\/\/www.apexosn.com\/es\/wp-json\/wp\/v2\/pages\/2813","targetHints":{"allow":["GET"]}}],"collection":[{"href":"https:\/\/www.apexosn.com\/es\/wp-json\/wp\/v2\/pages"}],"about":[{"href":"https:\/\/www.apexosn.com\/es\/wp-json\/wp\/v2\/types\/page"}],"author":[{"embeddable":true,"href":"https:\/\/www.apexosn.com\/es\/wp-json\/wp\/v2\/users\/36"}],"replies":[{"embeddable":true,"href":"https:\/\/www.apexosn.com\/es\/wp-json\/wp\/v2\/comments?post=2813"}],"version-history":[{"count":3,"href":"https:\/\/www.apexosn.com\/es\/wp-json\/wp\/v2\/pages\/2813\/revisions"}],"predecessor-version":[{"id":5054,"href":"https:\/\/www.apexosn.com\/es\/wp-json\/wp\/v2\/pages\/2813\/revisions\/5054"}],"up":[{"embeddable":true,"href":"https:\/\/www.apexosn.com\/es\/wp-json\/wp\/v2\/pages\/2735"}],"wp:attachment":[{"href":"https:\/\/www.apexosn.com\/es\/wp-json\/wp\/v2\/media?parent=2813"}],"wp:term":[{"taxonomy":"category","embeddable":true,"href":"https:\/\/www.apexosn.com\/es\/wp-json\/wp\/v2\/categories?post=2813"},{"taxonomy":"post_tag","embeddable":true,"href":"https:\/\/www.apexosn.com\/es\/wp-json\/wp\/v2\/tags?post=2813"}],"curies":[{"name":"wp","href":"https:\/\/api.w.org\/{rel}","templated":true}]}}