{"id":2812,"date":"2024-05-09T08:05:09","date_gmt":"2024-05-09T13:05:09","guid":{"rendered":"https:\/\/www.apexosn.com\/rock-hill-sc\/neurology\/"},"modified":"2024-05-27T01:19:47","modified_gmt":"2024-05-27T06:19:47","slug":"neurologia","status":"publish","type":"page","link":"https:\/\/www.apexosn.com\/es\/rock-hill-sc\/neurologia\/","title":{"rendered":"Rock Hill Neurolog\u00eda"},"content":{"rendered":"<p>Las lesiones neurol\u00f3gicas son algunas de las m\u00e1s devastadoras para los pacientes y sus familias. Las afecciones neurol\u00f3gicas pueden ser el resultado de un acontecimiento traum\u00e1tico, como un accidente de coche, o estar relacionadas con afecciones degenerativas. El tratamiento requiere un especialista en neurolog\u00eda conocido como neur\u00f3logo.<\/p>\n<p>Puede tomar alg\u00fan tiempo y esfuerzo para encontrar el neur\u00f3logo adecuado, pero es un paso importante en la gesti\u00f3n de las condiciones neurol\u00f3gicas y la mejor atenci\u00f3n posible. Los mejores neur\u00f3logos en Rock Hill, SC se pueden encontrar en Apex Orthopaedics Spine &amp; Neurology.<\/p>\n<p>\u00a1Ll\u00e1menos hoy al <a href=\"tel:+17044123045\"><i class=\"fa fa-phone-alt\"><\/i>704-412-3045<\/a> para programar una cita si usted est\u00e1 luchando con una condici\u00f3n neurol\u00f3gica!<\/p>\n\t\t<div data-elementor-type=\"section\" data-elementor-id=\"208\" class=\"elementor elementor-208\" data-elementor-post-type=\"elementor_library\">\n\t\t\t\t\t<section class=\"elementor-section elementor-top-section elementor-element elementor-element-485e576a elementor-section-boxed elementor-section-height-default elementor-section-height-default\" data-id=\"485e576a\" data-element_type=\"section\" data-e-type=\"section\">\n\t\t\t\t\t\t<div class=\"elementor-container elementor-column-gap-default\">\n\t\t\t\t\t<div class=\"elementor-column elementor-col-100 elementor-top-column elementor-element elementor-element-635c38c0\" data-id=\"635c38c0\" data-element_type=\"column\" data-e-type=\"column\">\n\t\t\t<div class=\"elementor-widget-wrap elementor-element-populated\">\n\t\t\t\t\t\t<div class=\"elementor-element elementor-element-3ba95c8a elementor-toc--minimized-on-tablet elementor-widget elementor-widget-table-of-contents\" data-id=\"3ba95c8a\" data-element_type=\"widget\" data-e-type=\"widget\" data-settings=\"{&quot;exclude_headings_by_selector&quot;:&quot;.toc-remove&quot;,&quot;headings_by_tags&quot;:[&quot;h2&quot;,&quot;h3&quot;],&quot;marker_view&quot;:&quot;numbers&quot;,&quot;no_headings_message&quot;:&quot;No headings were found on this page.&quot;,&quot;minimize_box&quot;:&quot;yes&quot;,&quot;minimized_on&quot;:&quot;tablet&quot;,&quot;hierarchical_view&quot;:&quot;yes&quot;,&quot;min_height&quot;:{&quot;unit&quot;:&quot;px&quot;,&quot;size&quot;:&quot;&quot;,&quot;sizes&quot;:[]},&quot;min_height_laptop&quot;:{&quot;unit&quot;:&quot;px&quot;,&quot;size&quot;:&quot;&quot;,&quot;sizes&quot;:[]},&quot;min_height_tablet&quot;:{&quot;unit&quot;:&quot;px&quot;,&quot;size&quot;:&quot;&quot;,&quot;sizes&quot;:[]},&quot;min_height_mobile&quot;:{&quot;unit&quot;:&quot;px&quot;,&quot;size&quot;:&quot;&quot;,&quot;sizes&quot;:[]}}\" data-widget_type=\"table-of-contents.default\">\n\t\t\t\t\t\t\t\t\t<div class=\"elementor-toc__header\">\n\t\t\t\t\t\t<div class=\"elementor-toc__header-title\">\n\t\t\t\tTable of Contents\t\t\t<\/div>\n\t\t\t\t\t\t\t\t\t\t<div class=\"elementor-toc__toggle-button elementor-toc__toggle-button--expand\" role=\"button\" tabindex=\"0\" aria-controls=\"elementor-toc__3ba95c8a\" aria-expanded=\"true\" aria-label=\"Open table of contents\"><svg aria-hidden=\"true\" class=\"e-font-icon-svg e-fas-chevron-down\" viewBox=\"0 0 448 512\" xmlns=\"http:\/\/www.w3.org\/2000\/svg\"><path d=\"M207.029 381.476L12.686 187.132c-9.373-9.373-9.373-24.569 0-33.941l22.667-22.667c9.357-9.357 24.522-9.375 33.901-.04L224 284.505l154.745-154.021c9.379-9.335 24.544-9.317 33.901.04l22.667 22.667c9.373 9.373 9.373 24.569 0 33.941L240.971 381.476c-9.373 9.372-24.569 9.372-33.942 0z\"><\/path><\/svg><\/div>\n\t\t\t\t<div class=\"elementor-toc__toggle-button elementor-toc__toggle-button--collapse\" role=\"button\" tabindex=\"0\" aria-controls=\"elementor-toc__3ba95c8a\" aria-expanded=\"true\" aria-label=\"Close table of contents\"><svg aria-hidden=\"true\" class=\"e-font-icon-svg e-fas-chevron-up\" viewBox=\"0 0 448 512\" xmlns=\"http:\/\/www.w3.org\/2000\/svg\"><path d=\"M240.971 130.524l194.343 194.343c9.373 9.373 9.373 24.569 0 33.941l-22.667 22.667c-9.357 9.357-24.522 9.375-33.901.04L224 227.495 69.255 381.516c-9.379 9.335-24.544 9.317-33.901-.04l-22.667-22.667c-9.373-9.373-9.373-24.569 0-33.941L207.03 130.525c9.372-9.373 24.568-9.373 33.941-.001z\"><\/path><\/svg><\/div>\n\t\t\t\t\t<\/div>\n\t\t\t\t<div id=\"elementor-toc__3ba95c8a\" class=\"elementor-toc__body\">\n\t\t\t<div class=\"elementor-toc__spinner-container\">\n\t\t\t\t<svg class=\"elementor-toc__spinner eicon-animation-spin e-font-icon-svg e-eicon-loading\" aria-hidden=\"true\" viewBox=\"0 0 1000 1000\" xmlns=\"http:\/\/www.w3.org\/2000\/svg\"><path d=\"M500 975V858C696 858 858 696 858 500S696 142 500 142 142 304 142 500H25C25 237 238 25 500 25S975 237 975 500 763 975 500 975Z\"><\/path><\/svg>\t\t\t<\/div>\n\t\t<\/div>\n\t\t\t\t\t\t<\/div>\n\t\t\t\t\t<\/div>\n\t\t<\/div>\n\t\t\t\t\t<\/div>\n\t\t<\/section>\n\t\t\t\t<\/div>\n\t\t\n<h2>\u00bfQu\u00e9 es la neurolog\u00eda?<\/h2>\n<p>La neurolog\u00eda es una rama de la medicina que se ocupa de los trastornos del sistema nervioso, que incluye el cerebro, los nervios, la m\u00e9dula espinal y los m\u00fasculos. Los neur\u00f3logos son m\u00e9dicos especializados en el diagn\u00f3stico, tratamiento y control de las enfermedades que afectan al sistema nervioso.<\/p>\n<h2>\u00bfC\u00f3mo s\u00e9 si tengo una lesi\u00f3n neurol\u00f3gica?<\/h2>\n<p>Las lesiones neurol\u00f3gicas, tambi\u00e9n denominadas neurotraumatismos, son las que afectan espec\u00edficamente al cerebro y al sistema nervioso central. Incluyen lesiones medulares, traumatismos craneoencef\u00e1licos (TCE) y otras lesiones que afectan a estructuras nerviosas delicadas. Las lesiones pueden producirse como resultado de fuerzas externas aplicadas a la cabeza o al cuerpo que causan da\u00f1os en la m\u00e9dula espinal o el cerebro.<\/p>\n<p>La importancia de las lesiones neurol\u00f3gicas radica en el papel fundamental que desempe\u00f1a el cerebro en el control de los procesos cognitivos, las funciones corporales y el bienestar emocional. Cualquier da\u00f1o o perturbaci\u00f3n del cerebro y los \u00f3rganos relacionados puede provocar una amplia gama de deficiencias f\u00edsicas y neurol\u00f3gicas que incluyen alteraciones sensoriales, disfunci\u00f3n cognitiva, cambios emocionales y d\u00e9ficits motores.<\/p>\n<p>El alcance total del problema puede no comprenderse completamente inmediatamente despu\u00e9s de la lesi\u00f3n neurol\u00f3gica, pero puede revelarse con una evaluaci\u00f3n m\u00e9dica completa y pruebas diagn\u00f3sticas. El diagn\u00f3stico implica la evaluaci\u00f3n de los s\u00edntomas neurol\u00f3gicos y pruebas de diagn\u00f3stico por imagen, como una resonancia magn\u00e9tica (RM) o una tomograf\u00eda computarizada (TC).<\/p>\n<p><a href=\"https:\/\/www.apexosn.com\/wp-content\/uploads\/2024\/05\/shutterstock_1930897430-min.jpg\"><img fetchpriority=\"high\" decoding=\"async\" class=\"alignnone size-full wp-image-3277\" src=\"https:\/\/www.apexosn.com\/wp-content\/uploads\/2024\/05\/shutterstock_1930897430-min.jpg\" alt=\"Rock Hill Neurolog\u00eda\" width=\"500\" height=\"386\" srcset=\"https:\/\/www.apexosn.com\/wp-content\/uploads\/2024\/05\/shutterstock_1930897430-min.jpg 500w, https:\/\/www.apexosn.com\/wp-content\/uploads\/2024\/05\/shutterstock_1930897430-min-300x232.jpg 300w\" sizes=\"(max-width: 500px) 100vw, 500px\" \/><\/a><\/p>\n<p>Para determinar si tiene una lesi\u00f3n neurol\u00f3gica y si requiere una intervenci\u00f3n m\u00e1s profesional, debe comprobar si presenta los siguientes signos y s\u00edntomas:<\/p>\n<ul>\n<li>Dificultad para hablar<\/li>\n<li>Dificultad para dormir<\/li>\n<li>Dificultad para concentrarse<\/li>\n<li>N\u00e1useas y v\u00f3mitos<\/li>\n<li>Cambios en la audici\u00f3n<\/li>\n<li>Mareos<\/li>\n<li>Convulsiones<\/li>\n<li>Dolor de cabeza<\/li>\n<li>Confusi\u00f3n<\/li>\n<li>P\u00e9rdida de memoria<\/li>\n<li>Dolor de cabeza<\/li>\n<li>Cambios en la visi\u00f3n<\/li>\n<li>P\u00e9rdida del equilibrio<\/li>\n<li>P\u00e9rdida del conocimiento<\/li>\n<li>Cambios en el estado de \u00e1nimo, problemas de comportamiento y emocionales (depresi\u00f3n, ansiedad, tristeza e ira).<\/li>\n<\/ul>\n<p>Si sufre una lesi\u00f3n neurol\u00f3gica, es probable que se interrumpan las v\u00edas nerviosas responsables de controlar la fuerza, el tono y el movimiento de los m\u00fasculos. Como consecuencia, puede experimentar s\u00edntomas como los siguientes:<\/p>\n<ul>\n<li>Dificultad para respirar<\/li>\n<li>Dificultad para tragar<\/li>\n<li>Dificultad para caminar<\/li>\n<li>Espasmos musculares<\/li>\n<li>P\u00e9rdida muscular<\/li>\n<li>Debilidad muscular<\/li>\n<li>Espasticidad<\/li>\n<li>Movimientos torpes<\/li>\n<li>Par\u00e1lisis (normalmente indicativa de una lesi\u00f3n en la columna vertebral).<\/li>\n<\/ul>\n<p>Si usted o un ser querido experimenta los signos y s\u00edntomas anteriores de lesiones neurol\u00f3gicas, debe acudir inmediatamente a un centro de tratamiento. Corre el riesgo de sufrir da\u00f1os permanentes si no busca ayuda m\u00e9dica a tiempo. Los problemas neurol\u00f3gicos a\u00fan pueden tratarse, vis\u00edtenos en Apex Orthopaedics Spine &amp; Neurology hoy mismo.<\/p>\n<h2>Formas de tratar una lesi\u00f3n neurol\u00f3gica<\/h2>\n<p>El tratamiento de las lesiones neurol\u00f3gicas suele ser complejo y el resultado puede depender de varios factores diferentes, que incluyen la edad del paciente, su estado de salud, la gravedad de la lesi\u00f3n, as\u00ed como el futuro de los nuevos avances en los tratamientos cerebrales y nerviosos.<\/p>\n<p>Las lesiones neurol\u00f3gicas suelen ser permanentes, incluidas muchas lesiones medulares, cerebrales y nerviosas. El tratamiento suele centrarse en la terapia para ayudar a la persona a vivir con la lesi\u00f3n y aumentar su independencia en la vida cotidiana.<\/p>\n<p>\u00c9stas son las opciones de tratamiento m\u00e1s comunes.<\/p>\n<h3>Fisioterapia<\/h3>\n<p>La fisioterapia tiene como objetivo ayudar y tratar a los pacientes con una lesi\u00f3n neurol\u00f3gica que contribuye al dolor o a la p\u00e9rdida de equilibrio, amplitud de movimiento, fuerza o coordinaci\u00f3n. El objetivo principal de la fisioterapia es restaurar y mantener la capacidad de la persona para moverse y realizar tareas f\u00edsicas.<\/p>\n<h3>Terapia ocupacional<\/h3>\n<p>La terapia ocupacional se utiliza para evaluar en qu\u00e9 medida los pacientes son capaces de realizar diversas tareas cotidianas como ba\u00f1arse, vestirse, comer, etc. Su objetivo principal es ayudar a capacitar a los pacientes para que recuperen su estado normal de independencia, la productividad requerida, as\u00ed como la satisfacci\u00f3n deseada.<\/p>\n<h3>Logopedia<\/h3>\n<p>En ocasiones, las lesiones neurol\u00f3gicas pueden provocar en los pacientes problemas con el habla y el pensamiento. La logopedia ayuda a las personas con problemas de comunicaci\u00f3n y degluci\u00f3n debidos a una lesi\u00f3n neurol\u00f3gica, incluidos los problemas del lenguaje, el habla y la comunicaci\u00f3n cognitiva.<\/p>\n<h3>Asesoramiento en salud mental<\/h3>\n<p>El asesoramiento en salud mental se utiliza para abordar problemas cognitivos y\/o conductuales relacionados con una lesi\u00f3n neurol\u00f3gica. Tambi\u00e9n se utiliza para ayudar a los pacientes que necesitan ayuda para adaptarse a los cambios en sus niveles de capacidad. La terapia cognitiva, las t\u00e9cnicas de reducci\u00f3n del estr\u00e9s y otros tratamientos pueden utilizarse junto con el asesoramiento en salud mental.<\/p>\n<h3>Tratamiento del dolor<\/h3>\n<p>Los pacientes que sufren dolor cr\u00f3nico por una lesi\u00f3n neurol\u00f3gica pueden encontrar especialmente beneficiosos los tratamientos del dolor neurol\u00f3gico. Los tratamientos est\u00e1n dirigidos a mitigar el dolor no mediante la intervenci\u00f3n en el lugar de la lesi\u00f3n, sino donde realmente se experimenta en las v\u00edas neuronales, as\u00ed como en los centros de procesamiento del cerebro y la columna vertebral.<\/p>\n<p><a href=\"https:\/\/www.apexosn.com\/wp-content\/uploads\/2024\/05\/shutterstock_570241147-min.jpg\"><img decoding=\"async\" class=\"alignnone wp-image-3279 size-full\" src=\"https:\/\/www.apexosn.com\/wp-content\/uploads\/2024\/05\/shutterstock_570241147-min.jpg\" alt=\"Neurologist in Rock Hill SC\" width=\"500\" height=\"333\" srcset=\"https:\/\/www.apexosn.com\/wp-content\/uploads\/2024\/05\/shutterstock_570241147-min.jpg 500w, https:\/\/www.apexosn.com\/wp-content\/uploads\/2024\/05\/shutterstock_570241147-min-300x200.jpg 300w\" sizes=\"(max-width: 500px) 100vw, 500px\" \/><\/a><\/p>\n<h2>Qu\u00e9 buscar al elegir un especialista en neurolog\u00eda<\/h2>\n<p>Encontrar al especialista adecuado es fundamental, sobre todo cuando se trata de problemas neurol\u00f3gicos. Tanto si padece convulsiones, dolores de cabeza cr\u00f3nicos u otros s\u00edntomas motores o nerviosos, encontrar al mejor neur\u00f3logo es esencial para recibir la atenci\u00f3n y el tratamiento adecuados.<\/p>\n<p>Si busca un neur\u00f3logo, aqu\u00ed tiene algunos consejos que le ayudar\u00e1n a elegirlo.<\/p>\n<h3>Obtenga referencias<\/h3>\n<p>Lo primero que debe hacer es revisar las referencias proporcionadas por su m\u00e9dico de cabecera. Si no tiene m\u00e9dico de cabecera, pida recomendaciones a familiares, amigos y otros profesionales sanitarios. T\u00f3mese su tiempo para investigar las credenciales y la experiencia de cada m\u00e9dico de su lista.<\/p>\n<h3>Credenciales<\/h3>\n<p>Busque un neur\u00f3logo titulado en el campo de la neurolog\u00eda. Los m\u00e9dicos deben proporcionar informaci\u00f3n sobre su formaci\u00f3n y experiencia en el campo de la neurolog\u00eda. Busque neur\u00f3logos polifac\u00e9ticos que perfeccionen continuamente su oficio a trav\u00e9s de la formaci\u00f3n continuada.<\/p>\n<p>No olvide consultar a la junta estatal de licencias para averiguar si se ha presentado alguna reclamaci\u00f3n o queja contra el m\u00e9dico.<\/p>\n<h3>Experiencia<\/h3>\n<p>La experiencia del m\u00e9dico es importante cuando usted o un ser querido se enfrentan a una enfermedad neurol\u00f3gica grave. Cuanto mayor sea la experiencia de un neur\u00f3logo en el tratamiento de una enfermedad concreta, mayores ser\u00e1n sus posibilidades de mejorar. Pregunte al neur\u00f3logo por su experiencia y por el n\u00famero de pacientes que ha tratado con \u00e9xito.<\/p>\n<h3>Consulte las opiniones de los pacientes<\/h3>\n<p>Leer los comentarios de otros pacientes puede ofrecer informaci\u00f3n valiosa sobre la pr\u00e1ctica del neur\u00f3logo. Los sitios web como Google Reviews, Vitals y Healthgrades suelen contener opiniones de pacientes que pueden ayudarle a evaluar la capacidad de comunicaci\u00f3n del m\u00e9dico, el personal de la consulta y la satisfacci\u00f3n general del paciente. Si bien una sola queja puede no ser motivo de preocupaci\u00f3n, m\u00faltiples quejas pueden indicar un problema real.<\/p>\n<h3>Seguros<\/h3>\n<p>Una de las consideraciones m\u00e1s importantes a la hora de elegir un neur\u00f3logo es la aceptaci\u00f3n del seguro. Consulte a su compa\u00f1\u00eda de seguros para conocer su cobertura y determinar si es necesaria una derivaci\u00f3n.<\/p>\n<h2>\u00a1P\u00f3ngase en contacto con nuestros principales expertos en neurolog\u00eda Rock Hill hoy!<\/h2>\n<p>Si tiene s\u00edntomas de un problema neurol\u00f3gico, no se permita sufrir y experimentar m\u00e1s dolor. Perm\u00edtanos ayudarle. Como uno de los principales centros neurol\u00f3gicos en Rock Hill, podemos diagnosticar y tratar de la manera correcta hoy.<\/p>\n<p>Apex Orthopaedics Spine &amp; Neurology cuenta con un equipo de \u00e9lite de especialistas en neurolog\u00eda que ofrecen diagn\u00f3stico de problemas neurol\u00f3gicos, tratamiento y control del dolor en Rock Hill y muchas otras zonas de Carolina del Sur. Ll\u00e1menos hoy al <a href=\"tel:+17044123045\"><i class=\"fa fa-phone-alt\"><\/i>704-412-3045<\/a> para reservar una cita.<\/p>\n","protected":false},"excerpt":{"rendered":"<p>Las lesiones neurol\u00f3gicas son algunas de las m\u00e1s devastadoras para los pacientes y sus familias. Las afecciones neurol\u00f3gicas pueden ser el resultado de un acontecimiento traum\u00e1tico, como un accidente de coche, o estar relacionadas con afecciones degenerativas. El tratamiento requiere un especialista en neurolog\u00eda conocido como neur\u00f3logo. Puede tomar alg\u00fan tiempo y esfuerzo para encontrar [&hellip;]<\/p>\n","protected":false},"author":36,"featured_media":0,"parent":2735,"menu_order":0,"comment_status":"closed","ping_status":"closed","template":"","meta":{"_acf_changed":false,"footnotes":""},"categories":[],"tags":[],"class_list":["post-2812","page","type-page","status-publish","hentry"],"acf":[],"_links":{"self":[{"href":"https:\/\/www.apexosn.com\/es\/wp-json\/wp\/v2\/pages\/2812","targetHints":{"allow":["GET"]}}],"collection":[{"href":"https:\/\/www.apexosn.com\/es\/wp-json\/wp\/v2\/pages"}],"about":[{"href":"https:\/\/www.apexosn.com\/es\/wp-json\/wp\/v2\/types\/page"}],"author":[{"embeddable":true,"href":"https:\/\/www.apexosn.com\/es\/wp-json\/wp\/v2\/users\/36"}],"replies":[{"embeddable":true,"href":"https:\/\/www.apexosn.com\/es\/wp-json\/wp\/v2\/comments?post=2812"}],"version-history":[{"count":5,"href":"https:\/\/www.apexosn.com\/es\/wp-json\/wp\/v2\/pages\/2812\/revisions"}],"predecessor-version":[{"id":5075,"href":"https:\/\/www.apexosn.com\/es\/wp-json\/wp\/v2\/pages\/2812\/revisions\/5075"}],"up":[{"embeddable":true,"href":"https:\/\/www.apexosn.com\/es\/wp-json\/wp\/v2\/pages\/2735"}],"wp:attachment":[{"href":"https:\/\/www.apexosn.com\/es\/wp-json\/wp\/v2\/media?parent=2812"}],"wp:term":[{"taxonomy":"category","embeddable":true,"href":"https:\/\/www.apexosn.com\/es\/wp-json\/wp\/v2\/categories?post=2812"},{"taxonomy":"post_tag","embeddable":true,"href":"https:\/\/www.apexosn.com\/es\/wp-json\/wp\/v2\/tags?post=2812"}],"curies":[{"name":"wp","href":"https:\/\/api.w.org\/{rel}","templated":true}]}}