{"id":2801,"date":"2024-05-09T07:59:19","date_gmt":"2024-05-09T12:59:19","guid":{"rendered":"https:\/\/www.apexosn.com\/raleigh-nc\/pain-management\/"},"modified":"2024-05-26T02:49:04","modified_gmt":"2024-05-26T07:49:04","slug":"tratamiento-del-dolor","status":"publish","type":"page","link":"https:\/\/www.apexosn.com\/es\/raleigh-nc\/tratamiento-del-dolor\/","title":{"rendered":"Tratamiento del dolor en Raleigh"},"content":{"rendered":"<p>El dolor cr\u00f3nico puede ser un adversario implacable, que le roba la alegr\u00eda y limita su capacidad de disfrutar de la vida. Puede tener muchas causas, como accidentes de tr\u00e1fico, lesiones laborales o afecciones m\u00e9dicas, y afectar a sus actividades diarias, su sue\u00f1o y su bienestar general. Si el dolor cr\u00f3nico est\u00e1 afectando a su vida, usted no est\u00e1 solo.<\/p>\n<p>En Apex Orthopaedics columna vertebral y neurolog\u00eda, nuestros especialistas en manejo del dolor Raleigh y los m\u00e9dicos de accidentes de coche se han comprometido a ayudar a encontrar alivio y tomar el control de su vida. Entendemos la frustraci\u00f3n y las limitaciones que causa el dolor cr\u00f3nico, por lo que ofrecemos un enfoque integral para el tratamiento del dolor. Utilizando t\u00e9cnicas avanzadas y una atenci\u00f3n compasiva, le ayudaremos a retomar las actividades que le gustan.<\/p>\n<p>No permita que el dolor cr\u00f3nico controle su vida. Programe una consulta con un m\u00e9dico de control del dolor Raleigh hoy. Ll\u00e1menos al <a href=\"tel:+17044123045\"><i class=\"fa fa-phone-alt\"><\/i>704-412-3045<\/a> para obtener m\u00e1s informaci\u00f3n sobre nuestros programas personalizados de manejo del dolor y dar el primer paso hacia una vida libre de dolor.<\/p>\n\t\t<div data-elementor-type=\"section\" data-elementor-id=\"208\" class=\"elementor elementor-208\" data-elementor-post-type=\"elementor_library\">\n\t\t\t\t\t<section class=\"elementor-section elementor-top-section elementor-element elementor-element-485e576a elementor-section-boxed elementor-section-height-default elementor-section-height-default\" data-id=\"485e576a\" data-element_type=\"section\" data-e-type=\"section\">\n\t\t\t\t\t\t<div class=\"elementor-container elementor-column-gap-default\">\n\t\t\t\t\t<div class=\"elementor-column elementor-col-100 elementor-top-column elementor-element elementor-element-635c38c0\" data-id=\"635c38c0\" data-element_type=\"column\" data-e-type=\"column\">\n\t\t\t<div class=\"elementor-widget-wrap elementor-element-populated\">\n\t\t\t\t\t\t<div class=\"elementor-element elementor-element-3ba95c8a elementor-toc--minimized-on-tablet elementor-widget elementor-widget-table-of-contents\" data-id=\"3ba95c8a\" data-element_type=\"widget\" data-e-type=\"widget\" data-settings=\"{&quot;exclude_headings_by_selector&quot;:&quot;.toc-remove&quot;,&quot;headings_by_tags&quot;:[&quot;h2&quot;,&quot;h3&quot;],&quot;marker_view&quot;:&quot;numbers&quot;,&quot;no_headings_message&quot;:&quot;No headings were found on this page.&quot;,&quot;minimize_box&quot;:&quot;yes&quot;,&quot;minimized_on&quot;:&quot;tablet&quot;,&quot;hierarchical_view&quot;:&quot;yes&quot;,&quot;min_height&quot;:{&quot;unit&quot;:&quot;px&quot;,&quot;size&quot;:&quot;&quot;,&quot;sizes&quot;:[]},&quot;min_height_laptop&quot;:{&quot;unit&quot;:&quot;px&quot;,&quot;size&quot;:&quot;&quot;,&quot;sizes&quot;:[]},&quot;min_height_tablet&quot;:{&quot;unit&quot;:&quot;px&quot;,&quot;size&quot;:&quot;&quot;,&quot;sizes&quot;:[]},&quot;min_height_mobile&quot;:{&quot;unit&quot;:&quot;px&quot;,&quot;size&quot;:&quot;&quot;,&quot;sizes&quot;:[]}}\" data-widget_type=\"table-of-contents.default\">\n\t\t\t\t\t\t\t\t\t<div class=\"elementor-toc__header\">\n\t\t\t\t\t\t<div class=\"elementor-toc__header-title\">\n\t\t\t\tTable of Contents\t\t\t<\/div>\n\t\t\t\t\t\t\t\t\t\t<div class=\"elementor-toc__toggle-button elementor-toc__toggle-button--expand\" role=\"button\" tabindex=\"0\" aria-controls=\"elementor-toc__3ba95c8a\" aria-expanded=\"true\" aria-label=\"Open table of contents\"><svg aria-hidden=\"true\" class=\"e-font-icon-svg e-fas-chevron-down\" viewBox=\"0 0 448 512\" xmlns=\"http:\/\/www.w3.org\/2000\/svg\"><path d=\"M207.029 381.476L12.686 187.132c-9.373-9.373-9.373-24.569 0-33.941l22.667-22.667c9.357-9.357 24.522-9.375 33.901-.04L224 284.505l154.745-154.021c9.379-9.335 24.544-9.317 33.901.04l22.667 22.667c9.373 9.373 9.373 24.569 0 33.941L240.971 381.476c-9.373 9.372-24.569 9.372-33.942 0z\"><\/path><\/svg><\/div>\n\t\t\t\t<div class=\"elementor-toc__toggle-button elementor-toc__toggle-button--collapse\" role=\"button\" tabindex=\"0\" aria-controls=\"elementor-toc__3ba95c8a\" aria-expanded=\"true\" aria-label=\"Close table of contents\"><svg aria-hidden=\"true\" class=\"e-font-icon-svg e-fas-chevron-up\" viewBox=\"0 0 448 512\" xmlns=\"http:\/\/www.w3.org\/2000\/svg\"><path d=\"M240.971 130.524l194.343 194.343c9.373 9.373 9.373 24.569 0 33.941l-22.667 22.667c-9.357 9.357-24.522 9.375-33.901.04L224 227.495 69.255 381.516c-9.379 9.335-24.544 9.317-33.901-.04l-22.667-22.667c-9.373-9.373-9.373-24.569 0-33.941L207.03 130.525c9.372-9.373 24.568-9.373 33.941-.001z\"><\/path><\/svg><\/div>\n\t\t\t\t\t<\/div>\n\t\t\t\t<div id=\"elementor-toc__3ba95c8a\" class=\"elementor-toc__body\">\n\t\t\t<div class=\"elementor-toc__spinner-container\">\n\t\t\t\t<svg class=\"elementor-toc__spinner eicon-animation-spin e-font-icon-svg e-eicon-loading\" aria-hidden=\"true\" viewBox=\"0 0 1000 1000\" xmlns=\"http:\/\/www.w3.org\/2000\/svg\"><path d=\"M500 975V858C696 858 858 696 858 500S696 142 500 142 142 304 142 500H25C25 237 238 25 500 25S975 237 975 500 763 975 500 975Z\"><\/path><\/svg>\t\t\t<\/div>\n\t\t<\/div>\n\t\t\t\t\t\t<\/div>\n\t\t\t\t\t<\/div>\n\t\t<\/div>\n\t\t\t\t\t<\/div>\n\t\t<\/section>\n\t\t\t\t<\/div>\n\t\t\n<h2>\u00bfQu\u00e9 es el tratamiento del dolor?<\/h2>\n<p>El tratamiento del dolor es una especialidad m\u00e9dica centrada en el diagn\u00f3stico y tratamiento del dolor cr\u00f3nico. Los m\u00e9dicos especializados en el tratamiento del dolor de Raleigh, tambi\u00e9n conocidos como m\u00e9dicos especialistas en medicina del dolor, son especialistas altamente cualificados que comprenden los complejos mecanismos del dolor. Trabajan en colaboraci\u00f3n con los pacientes para desarrollar planes de tratamiento personalizados que aborden la causa subyacente del dolor y proporcionar alivio a largo plazo.<\/p>\n<h2>\u00bfPor qu\u00e9 es necesario el tratamiento del dolor?<\/h2>\n<p>El dolor cr\u00f3nico es m\u00e1s que una molestia f\u00edsica; altera todos los aspectos de su vida. El impacto del dolor cr\u00f3nico va mucho m\u00e1s all\u00e1 de los s\u00edntomas f\u00edsicos.<\/p>\n<p>He aqu\u00ed por qu\u00e9 la b\u00fasqueda de la gesti\u00f3n profesional del dolor de Apex Orthopaedics Spine &amp; Neurology en Raleigh es vital para recuperar su bienestar.<\/p>\n<h3>Recupere su calidad de vida<\/h3>\n<p>Imagine que las actividades cotidianas le parecen tareas, que subir escaleras se convierte en una tarea desalentadora o que levantarse de la cama es una batalla. El dolor cr\u00f3nico puede privarle de las sencillas alegr\u00edas de la vida. Un tratamiento eficaz del dolor ayuda a romper este ciclo, permiti\u00e9ndole participar en las actividades que le gustan, pasar tiempo de calidad con sus seres queridos y redescubrir los placeres sencillos de la vida.<\/p>\n<h3>Liberarse de la dependencia de la medicaci\u00f3n<\/h3>\n<p>Muchas personas con dolor cr\u00f3nico recurren a los analg\u00e9sicos para aliviarse. Aunque estos medicamentos pueden ofrecer un alivio temporal, conllevan efectos secundarios como n\u00e1useas, estre\u00f1imiento y somnolencia, lo que disminuye su calidad de vida. Con el tiempo, los medicamentos pueden perder su eficacia, lo que lleva a aumentar las dosis y disminuir los beneficios.<\/p>\n<p>Raleigh m\u00e9dicos de manejo del dolor explorar una gama de opciones de tratamiento no opioides, lo que le permite controlar su dolor sin depender \u00fanicamente de la medicaci\u00f3n.<\/p>\n<h3>Restauraci\u00f3n de la movilidad y la independencia<\/h3>\n<p>El dolor cr\u00f3nico a menudo conduce a la rigidez, el movimiento restringido, y el miedo a la actividad f\u00edsica. Esto puede afectar significativamente a las tareas cotidianas, desde vestirse hasta llevar la compra. El objetivo del tratamiento del dolor es restablecer la movilidad y la funcionalidad, no s\u00f3lo aliviar el dolor.<\/p>\n<p>Mediante fisioterapia, inyecciones espec\u00edficas y otros tratamientos, nuestros especialistas en el tratamiento del dolor de Raleigh pueden ayudarle a recuperar la amplitud de movimiento, mejorar la flexibilidad y recuperar su independencia.<\/p>\n<h3>Proteger su bienestar mental<\/h3>\n<p>El dolor cr\u00f3nico es implacable y puede hacer mella en su salud mental. El dolor cr\u00f3nico suele ir acompa\u00f1ado de ansiedad, depresi\u00f3n y sentimientos de aislamiento. El tratamiento del dolor trata los s\u00edntomas f\u00edsicos y ayuda a mejorar el bienestar emocional.<\/p>\n<p>La reducci\u00f3n del dolor y el restablecimiento de las funciones pueden mejorar significativamente su estado de \u00e1nimo, reducir el estr\u00e9s y aumentar su sensaci\u00f3n general de control sobre su vida.<\/p>\n<h3>Intervenci\u00f3n precoz en afecciones subyacentes<\/h3>\n<p>El dolor cr\u00f3nico puede ser a veces un signo de una enfermedad subyacente, como una hernia discal, estenosis espinal o artritis. Los m\u00e9dicos especialistas en el tratamiento del dolor tienen la experiencia necesaria para tratar el dolor e identificar su causa. El diagn\u00f3stico y tratamiento precoces de las afecciones subyacentes pueden evitar complicaciones futuras.<\/p>\n<p><a href=\"https:\/\/www.apexosn.com\/wp-content\/uploads\/2024\/05\/shutterstock_105334781-min-1.jpg\"><img fetchpriority=\"high\" decoding=\"async\" class=\"alignnone size-full wp-image-4184\" src=\"https:\/\/www.apexosn.com\/wp-content\/uploads\/2024\/05\/shutterstock_105334781-min-1.jpg\" alt=\"Raleigh Pain Management Doctor\" width=\"500\" height=\"353\" srcset=\"https:\/\/www.apexosn.com\/wp-content\/uploads\/2024\/05\/shutterstock_105334781-min-1.jpg 500w, https:\/\/www.apexosn.com\/wp-content\/uploads\/2024\/05\/shutterstock_105334781-min-1-300x212.jpg 300w\" sizes=\"(max-width: 500px) 100vw, 500px\" \/><\/a><\/p>\n<h2>Opciones para el tratamiento del dolor<\/h2>\n<p>El dolor cr\u00f3nico puede ser complejo, a menudo requieren un enfoque multifac\u00e9tico. En Apex Orthopaedics Spine &amp; Neurology, nuestros m\u00e9dicos especializados en el tratamiento del dolor de Raleigh comprenden esta complejidad. Es por eso que ofrecemos una variedad de opciones avanzadas de manejo del dolor, cada uno dise\u00f1ado para hacer frente a la naturaleza \u00fanica de su dolor.<\/p>\n<h3>Gesti\u00f3n de la medicaci\u00f3n<\/h3>\n<p>Aunque hacemos hincapi\u00e9 en el tratamiento del dolor sin opi\u00e1ceos, entendemos que la medicaci\u00f3n puede ser importante en determinadas situaciones. Nuestros m\u00e9dicos especialistas en el tratamiento del dolor son expertos en la gesti\u00f3n de la medicaci\u00f3n y pueden recetar medicamentos para controlar los brotes de dolor agudo, especialmente durante las fases iniciales del tratamiento. Tambi\u00e9n podemos utilizar medicamentos para tratar tipos espec\u00edficos de dolor, como el dolor nervioso o la inflamaci\u00f3n.<\/p>\n<p>La gesti\u00f3n de la medicaci\u00f3n es personalizada; nuestros m\u00e9dicos desarrollar\u00e1n un r\u00e9gimen de medicaci\u00f3n que priorice su seguridad y minimice la dependencia del uso a largo plazo.<\/p>\n<h3>Inyecciones<\/h3>\n<p>Las inyecciones para el tratamiento del dolor ofrecen un enfoque m\u00ednimamente invasivo, administrando la medicaci\u00f3n directamente en la fuente del dolor. Este enfoque minimiza los efectos secundarios y proporciona un alivio localizado.<\/p>\n<h3>Inyecciones en la articulaci\u00f3n facetaria<\/h3>\n<p>Las inyecciones en las articulaciones facetarias administran corticoesteroides y anest\u00e9sicos en las articulaciones facetarias de la columna vertebral, que pueden inflamarse y contribuir al dolor de espalda.<\/p>\n<h3>Bloqueos nerviosos<\/h3>\n<p>Los bloqueos nerviosos consisten en inyectar un anest\u00e9sico o esteroide cerca de un nervio espec\u00edfico para interrumpir las se\u00f1ales de dolor que viajan al cerebro. Este m\u00e9todo puede ser \u00fatil para tratar dolores neurop\u00e1ticos como la ci\u00e1tica.<\/p>\n<h3>Inyecciones en puntos gatillo<\/h3>\n<p>Los puntos gatillo son nudos tensos en los m\u00fasculos que pueden causar dolor y dolor referido en otras zonas. Las inyecciones en puntos gatillo consisten en inyectar una peque\u00f1a cantidad de anest\u00e9sico o soluci\u00f3n salina en el punto gatillo, lo que alivia el dolor y la tensi\u00f3n muscular.<\/p>\n<h4>Fisioterapia<\/h4>\n<p>La fisioterapia es la piedra angular del tratamiento del dolor. Nuestros fisioterapeutas experimentados dise\u00f1an programas de ejercicios personalizados para mejorar la fuerza, la flexibilidad, la postura y el equilibrio. Estos ejercicios estabilizar las articulaciones, mejorar la fuerza de la base, y reducir el dolor mediante la promoci\u00f3n de una mejor mec\u00e1nica corporal. La fisioterapia tambi\u00e9n ayuda a prevenir futuras lesiones y reagudizaciones del dolor.<\/p>\n<h4>Procedimientos m\u00ednimamente invasivos<\/h4>\n<p>En algunos casos de dolor cr\u00f3nico, los procedimientos m\u00ednimamente invasivos ofrecen un alivio del dolor a largo plazo. Estos procedimientos, que se llevan a cabo mediante sofisticadas t\u00e9cnicas de diagn\u00f3stico por imagen y herramientas especializadas, reducen al m\u00ednimo las incisiones y el tiempo de recuperaci\u00f3n.<\/p>\n<h4>Estimulaci\u00f3n de la m\u00e9dula espinal (EME)<\/h4>\n<p>La estimulaci\u00f3n medular consiste en implantar un peque\u00f1o dispositivo cerca de la m\u00e9dula espinal que emite suaves impulsos el\u00e9ctricos para interrumpir las se\u00f1ales de dolor. Un estimulador medular puede tratar el dolor cr\u00f3nico de brazos, piernas, espalda y abdomen.<\/p>\n<h4>Ablaci\u00f3n por radiofrecuencia (ARF)<\/h4>\n<p>La ARF utiliza ondas de radiofrecuencia para calentar y desactivar nervios espec\u00edficos que transmiten el dolor. La ablaci\u00f3n por radiofrecuencia controla eficazmente el dolor causado por afecciones como el s\u00edndrome de la articulaci\u00f3n facetaria o la disfunci\u00f3n de la articulaci\u00f3n sacroil\u00edaca.<\/p>\n<h3>Terapia cuerpo-mente<\/h3>\n<p>El dolor cr\u00f3nico suele afectar al bienestar emocional. Las terapias mente-cuerpo, como la terapia cognitivo-conductual (TCC) y la biorretroalimentaci\u00f3n, proporcionan herramientas para controlar el estr\u00e9s, la ansiedad y los pensamientos negativos que exacerban el dolor.<\/p>\n<p>La TCC ayuda a desarrollar mecanismos de afrontamiento y a cambiar los patrones de pensamiento negativos que contribuyen a la percepci\u00f3n del dolor. La biorretroalimentaci\u00f3n ense\u00f1a a tomar conciencia de las respuestas corporales al dolor y ofrece t\u00e9cnicas para gestionarlas, fomentando la relajaci\u00f3n y el alivio del dolor.<\/p>\n<p>Al ofrecer esta gama de opciones avanzadas de tratamiento del dolor, Apex Orthopaedics Spine &amp; Neurology le permite tomar el control de su dolor y vivir una vida plena.<\/p>\n<p><a href=\"https:\/\/www.apexosn.com\/wp-content\/uploads\/2024\/05\/shutterstock_325869920-min.jpg\"><img decoding=\"async\" class=\"alignnone size-full wp-image-3331\" src=\"https:\/\/www.apexosn.com\/wp-content\/uploads\/2024\/05\/shutterstock_325869920-min.jpg\" alt=\"Road Sign With The Message of Pain Relief This Way\" width=\"500\" height=\"307\" srcset=\"https:\/\/www.apexosn.com\/wp-content\/uploads\/2024\/05\/shutterstock_325869920-min.jpg 500w, https:\/\/www.apexosn.com\/wp-content\/uploads\/2024\/05\/shutterstock_325869920-min-300x184.jpg 300w\" sizes=\"(max-width: 500px) 100vw, 500px\" \/><\/a><\/p>\n<h2>\u00bfPor qu\u00e9 elegir Apex Orthopaedics Spine &amp; Neurology en Raleigh?<\/h2>\n<p>La elecci\u00f3n del proveedor adecuado para el tratamiento del dolor puede ser un reto, pero aqu\u00ed hay varias razones por las que Apex Orthopaedics Spine &amp; Neurology se destaca.<\/p>\n<h3>Experiencia en m\u00faltiples disciplinas<\/h3>\n<p>Nuestro equipo incluye expertos en ortopedia, columna vertebral y neurolog\u00eda. Esta amplia gama de conocimientos garantiza una atenci\u00f3n integral para diversas condiciones.<\/p>\n<h3>Planes de tratamiento personalizados<\/h3>\n<p>Desarrollamos planes de tratamiento personalizados basados en evaluaciones exhaustivas, garantizando que cada paciente reciba la atenci\u00f3n que necesita.<\/p>\n<h3>Enfoque hol\u00edstico<\/h3>\n<p>Nuestro enfoque hol\u00edstico aborda tanto el dolor f\u00edsico como el bienestar emocional. Este modelo de atenci\u00f3n integral marca una diferencia significativa a la hora de lograr un alivio a largo plazo.<\/p>\n<h3>Instalaciones de vanguardia<\/h3>\n<p>Nuestra pr\u00e1ctica utiliza la \u00faltima tecnolog\u00eda y m\u00e9todos de tratamiento avanzados, que le proporciona la mejor atenci\u00f3n posible.<\/p>\n<h3>Compromiso con la educaci\u00f3n del paciente<\/h3>\n<p>Damos prioridad a la educaci\u00f3n del paciente, asegur\u00e1ndonos de que est\u00e9 bien informado sobre su enfermedad y las opciones de tratamiento.<\/p>\n<h3>Atenci\u00f3n compasiva<\/h3>\n<p>Nuestro equipo se dedica a tratarle con la m\u00e1xima compasi\u00f3n y respeto, haciendo de su comodidad y bienestar nuestra m\u00e1xima prioridad.<\/p>\n<h2>Llame hoy mismo a nuestros m\u00e9dicos especialistas en el tratamiento del dolor de Raleigh.<\/h2>\n<p>Si el dolor cr\u00f3nico afecta su calidad de vida, no espere para buscar ayuda. P\u00f3ngase en contacto con Apex Orthopaedics Spine &amp; Neurology en Raleigh hoy para programar una consulta con uno de nuestros m\u00e9dicos experimentados en el tratamiento del dolor.<\/p>\n<p>Ll\u00e1menos al <a href=\"tel:+17044123045\"><i class=\"fa fa-phone-alt\"><\/i>704-412-3045<\/a> para comenzar su viaje hacia la gesti\u00f3n eficaz del dolor y una mejor calidad de vida.<\/p>\n","protected":false},"excerpt":{"rendered":"<p>El dolor cr\u00f3nico puede ser un adversario implacable, que le roba la alegr\u00eda y limita su capacidad de disfrutar de la vida. Puede tener muchas causas, como accidentes de tr\u00e1fico, lesiones laborales o afecciones m\u00e9dicas, y afectar a sus actividades diarias, su sue\u00f1o y su bienestar general. Si el dolor cr\u00f3nico est\u00e1 afectando a su [&hellip;]<\/p>\n","protected":false},"author":36,"featured_media":0,"parent":2734,"menu_order":0,"comment_status":"closed","ping_status":"closed","template":"","meta":{"_acf_changed":false,"footnotes":""},"categories":[],"tags":[],"class_list":["post-2801","page","type-page","status-publish","hentry"],"acf":[],"_links":{"self":[{"href":"https:\/\/www.apexosn.com\/es\/wp-json\/wp\/v2\/pages\/2801","targetHints":{"allow":["GET"]}}],"collection":[{"href":"https:\/\/www.apexosn.com\/es\/wp-json\/wp\/v2\/pages"}],"about":[{"href":"https:\/\/www.apexosn.com\/es\/wp-json\/wp\/v2\/types\/page"}],"author":[{"embeddable":true,"href":"https:\/\/www.apexosn.com\/es\/wp-json\/wp\/v2\/users\/36"}],"replies":[{"embeddable":true,"href":"https:\/\/www.apexosn.com\/es\/wp-json\/wp\/v2\/comments?post=2801"}],"version-history":[{"count":5,"href":"https:\/\/www.apexosn.com\/es\/wp-json\/wp\/v2\/pages\/2801\/revisions"}],"predecessor-version":[{"id":5025,"href":"https:\/\/www.apexosn.com\/es\/wp-json\/wp\/v2\/pages\/2801\/revisions\/5025"}],"up":[{"embeddable":true,"href":"https:\/\/www.apexosn.com\/es\/wp-json\/wp\/v2\/pages\/2734"}],"wp:attachment":[{"href":"https:\/\/www.apexosn.com\/es\/wp-json\/wp\/v2\/media?parent=2801"}],"wp:term":[{"taxonomy":"category","embeddable":true,"href":"https:\/\/www.apexosn.com\/es\/wp-json\/wp\/v2\/categories?post=2801"},{"taxonomy":"post_tag","embeddable":true,"href":"https:\/\/www.apexosn.com\/es\/wp-json\/wp\/v2\/tags?post=2801"}],"curies":[{"name":"wp","href":"https:\/\/api.w.org\/{rel}","templated":true}]}}