{"id":2800,"date":"2024-05-09T07:58:39","date_gmt":"2024-05-09T12:58:39","guid":{"rendered":"https:\/\/www.apexosn.com\/raleigh-nc\/cirugia-ortopedica\/"},"modified":"2024-05-26T02:39:03","modified_gmt":"2024-05-26T07:39:03","slug":"cirugia-ortopedica","status":"publish","type":"page","link":"https:\/\/www.apexosn.com\/es\/raleigh-nc\/cirugia-ortopedica\/","title":{"rendered":"Cirug\u00eda ortop\u00e9dica en Raleigh"},"content":{"rendered":"<p>Nuestro cuerpo es extraordinario, nos permite andar, correr, jugar y vivir activamente. Esta haza\u00f1a es posible gracias a nuestro sistema musculoesquel\u00e9tico, una red de huesos, m\u00fasculos, ligamentos, tendones y articulaciones. Sin embargo, como cualquier sistema complejo, es propenso al desgaste y a las lesiones.<\/p>\n<p>La atenci\u00f3n ortop\u00e9dica se centra en diagnosticar, tratar y prevenir los trastornos del sistema musculoesquel\u00e9tico. Para aquellos en Raleigh, los cirujanos ortop\u00e9dicos en Apex Orthopaedics Spine &amp; Neurology est\u00e1n aqu\u00ed para ayudar.<\/p>\n<p>Para la terapia f\u00edsica, manejo del dolor, y la cirug\u00eda ortop\u00e9dica en Raleigh, p\u00f3ngase en contacto con nosotros en <a href=\"tel:+17044123045\"><i class=\"fa fa-phone-alt\"><\/i>704-412-3045<\/a> para programar una cita.<\/p>\n\t\t<div data-elementor-type=\"section\" data-elementor-id=\"208\" class=\"elementor elementor-208\" data-elementor-post-type=\"elementor_library\">\n\t\t\t\t\t<section class=\"elementor-section elementor-top-section elementor-element elementor-element-485e576a elementor-section-boxed elementor-section-height-default elementor-section-height-default\" data-id=\"485e576a\" data-element_type=\"section\" data-e-type=\"section\">\n\t\t\t\t\t\t<div class=\"elementor-container elementor-column-gap-default\">\n\t\t\t\t\t<div class=\"elementor-column elementor-col-100 elementor-top-column elementor-element elementor-element-635c38c0\" data-id=\"635c38c0\" data-element_type=\"column\" data-e-type=\"column\">\n\t\t\t<div class=\"elementor-widget-wrap elementor-element-populated\">\n\t\t\t\t\t\t<div class=\"elementor-element elementor-element-3ba95c8a elementor-toc--minimized-on-tablet elementor-widget elementor-widget-table-of-contents\" data-id=\"3ba95c8a\" data-element_type=\"widget\" data-e-type=\"widget\" data-settings=\"{&quot;exclude_headings_by_selector&quot;:&quot;.toc-remove&quot;,&quot;headings_by_tags&quot;:[&quot;h2&quot;,&quot;h3&quot;],&quot;marker_view&quot;:&quot;numbers&quot;,&quot;no_headings_message&quot;:&quot;No headings were found on this page.&quot;,&quot;minimize_box&quot;:&quot;yes&quot;,&quot;minimized_on&quot;:&quot;tablet&quot;,&quot;hierarchical_view&quot;:&quot;yes&quot;,&quot;min_height&quot;:{&quot;unit&quot;:&quot;px&quot;,&quot;size&quot;:&quot;&quot;,&quot;sizes&quot;:[]},&quot;min_height_laptop&quot;:{&quot;unit&quot;:&quot;px&quot;,&quot;size&quot;:&quot;&quot;,&quot;sizes&quot;:[]},&quot;min_height_tablet&quot;:{&quot;unit&quot;:&quot;px&quot;,&quot;size&quot;:&quot;&quot;,&quot;sizes&quot;:[]},&quot;min_height_mobile&quot;:{&quot;unit&quot;:&quot;px&quot;,&quot;size&quot;:&quot;&quot;,&quot;sizes&quot;:[]}}\" data-widget_type=\"table-of-contents.default\">\n\t\t\t\t\t\t\t\t\t<div class=\"elementor-toc__header\">\n\t\t\t\t\t\t<div class=\"elementor-toc__header-title\">\n\t\t\t\tTable of Contents\t\t\t<\/div>\n\t\t\t\t\t\t\t\t\t\t<div class=\"elementor-toc__toggle-button elementor-toc__toggle-button--expand\" role=\"button\" tabindex=\"0\" aria-controls=\"elementor-toc__3ba95c8a\" aria-expanded=\"true\" aria-label=\"Open table of contents\"><svg aria-hidden=\"true\" class=\"e-font-icon-svg e-fas-chevron-down\" viewBox=\"0 0 448 512\" xmlns=\"http:\/\/www.w3.org\/2000\/svg\"><path d=\"M207.029 381.476L12.686 187.132c-9.373-9.373-9.373-24.569 0-33.941l22.667-22.667c9.357-9.357 24.522-9.375 33.901-.04L224 284.505l154.745-154.021c9.379-9.335 24.544-9.317 33.901.04l22.667 22.667c9.373 9.373 9.373 24.569 0 33.941L240.971 381.476c-9.373 9.372-24.569 9.372-33.942 0z\"><\/path><\/svg><\/div>\n\t\t\t\t<div class=\"elementor-toc__toggle-button elementor-toc__toggle-button--collapse\" role=\"button\" tabindex=\"0\" aria-controls=\"elementor-toc__3ba95c8a\" aria-expanded=\"true\" aria-label=\"Close table of contents\"><svg aria-hidden=\"true\" class=\"e-font-icon-svg e-fas-chevron-up\" viewBox=\"0 0 448 512\" xmlns=\"http:\/\/www.w3.org\/2000\/svg\"><path d=\"M240.971 130.524l194.343 194.343c9.373 9.373 9.373 24.569 0 33.941l-22.667 22.667c-9.357 9.357-24.522 9.375-33.901.04L224 227.495 69.255 381.516c-9.379 9.335-24.544 9.317-33.901-.04l-22.667-22.667c-9.373-9.373-9.373-24.569 0-33.941L207.03 130.525c9.372-9.373 24.568-9.373 33.941-.001z\"><\/path><\/svg><\/div>\n\t\t\t\t\t<\/div>\n\t\t\t\t<div id=\"elementor-toc__3ba95c8a\" class=\"elementor-toc__body\">\n\t\t\t<div class=\"elementor-toc__spinner-container\">\n\t\t\t\t<svg class=\"elementor-toc__spinner eicon-animation-spin e-font-icon-svg e-eicon-loading\" aria-hidden=\"true\" viewBox=\"0 0 1000 1000\" xmlns=\"http:\/\/www.w3.org\/2000\/svg\"><path d=\"M500 975V858C696 858 858 696 858 500S696 142 500 142 142 304 142 500H25C25 237 238 25 500 25S975 237 975 500 763 975 500 975Z\"><\/path><\/svg>\t\t\t<\/div>\n\t\t<\/div>\n\t\t\t\t\t\t<\/div>\n\t\t\t\t\t<\/div>\n\t\t<\/div>\n\t\t\t\t\t<\/div>\n\t\t<\/section>\n\t\t\t\t<\/div>\n\t\t\n<h2>\u00bfQu\u00e9 es la atenci\u00f3n ortop\u00e9dica?<\/h2>\n<p>La atenci\u00f3n ortop\u00e9dica se centra en la prevenci\u00f3n, el diagn\u00f3stico y el tratamiento de los trastornos musculoesquel\u00e9ticos. Este sistema incluye huesos, articulaciones, m\u00fasculos, ligamentos, tendones y nervios.<\/p>\n<p>Los m\u00e9dicos ortop\u00e9dicos se especializan en el tratamiento de una amplia gama de afecciones, que van desde las lesiones deportivas y la artritis hasta las fracturas y las pr\u00f3tesis articulares. Poseen los conocimientos necesarios para diagnosticar y tratar estos diversos problemas.<\/p>\n<h2>Razones comunes para el tratamiento ortop\u00e9dico<\/h2>\n<p>Dada la complejidad y el uso constante de nuestro sistema musculoesquel\u00e9tico, \u00e9ste puede sufrir diversas afecciones. \u00c9stas son algunas de las razones m\u00e1s comunes para buscar atenci\u00f3n ortop\u00e9dica:<\/p>\n<h3>Lesiones<\/h3>\n<p>Las ca\u00eddas, los accidentes y las actividades deportivas pueden provocar fracturas, esguinces, distensiones, luxaciones y lesiones de tejidos blandos como la tendinitis. Un m\u00e9dico ortop\u00e9dico puede determinar el alcance de estas lesiones y desarrollar un plan de tratamiento adecuado.<\/p>\n<h3>Dolores de espalda y cuello<\/h3>\n<p>El dolor de espalda y cuello puede deberse a malas posturas, esfuerzos repetitivos y lesiones. Los m\u00e9dicos ortop\u00e9dicos pueden identificar la causa subyacente y proponer opciones de tratamiento, como fisioterapia o inyecciones en la columna vertebral. En casos graves, como hernias discales, puede ser necesaria la cirug\u00eda ortop\u00e9dica.<\/p>\n<h3>Artritis<\/h3>\n<p>La artritis es la inflamaci\u00f3n y degeneraci\u00f3n de las articulaciones. Los tipos m\u00e1s comunes son la artrosis y la artritis reumatoide. Los m\u00e9dicos ortop\u00e9dicos tratan la artritis con medicamentos, inyecciones, fisioterapia y, a veces, cirug\u00eda de sustituci\u00f3n articular.<\/p>\n<h3>Lesiones deportivas<\/h3>\n<p>Los deportistas son propensos a sufrir lesiones como esguinces, distensiones, tendinitis, roturas de ligamentos y fracturas. Los m\u00e9dicos ortop\u00e9dicos especializados en medicina deportiva ayudan a diagnosticar, tratar y prevenir estas lesiones por diversos medios, entre ellos recomendando ejercicios de fortalecimiento.<\/p>\n<h3>Fracturas \u00f3seas<\/h3>\n<p>Las fracturas \u00f3seas pueden deberse a accidentes, ca\u00eddas o determinadas afecciones m\u00e9dicas. Los traumat\u00f3logos diagnostican las fracturas, eval\u00faan su gravedad y deciden el mejor tratamiento, que puede incluir escayola, entablillado o cirug\u00eda.<\/p>\n<h3>Sustituci\u00f3n de articulaciones<\/h3>\n<p>La artritis grave o las lesiones pueden da\u00f1ar las articulaciones sin posibilidad de reparaci\u00f3n, lo que provoca un dolor importante y una movilidad limitada. Los cirujanos ortop\u00e9dicos realizan operaciones de sustituci\u00f3n articular para restaurar la funci\u00f3n y aliviar el dolor.<\/p>\n<h3>Problemas de pie y tobillo<\/h3>\n<p>Problemas como la fascitis plantar, los juanetes, los dedos en martillo, los esguinces de tobillo y la tendinitis de Aquiles afectan a la movilidad. Los m\u00e9dicos ortop\u00e9dicos diagnostican y tratan estas afecciones con fisioterapia, aparatos ortop\u00e9dicos personalizados o cirug\u00eda si es necesario.<\/p>\n<h3>Afecciones cong\u00e9nitas<\/h3>\n<p>Algunas personas nacen con anomal\u00edas musculoesquel\u00e9ticas como el pie zambo o la displasia de cadera. Los ortopedistas pedi\u00e1tricos trabajan con otros especialistas para diagnosticar y tratar estas afecciones con opciones que van desde el uso de aparatos ortop\u00e9dicos hasta la cirug\u00eda ortop\u00e9dica.<\/p>\n<h3>Tumores musculoesquel\u00e9ticos<\/h3>\n<p>Aunque poco frecuentes, los tumores pueden desarrollarse en huesos, tejidos blandos o cart\u00edlagos. Los onc\u00f3logos ortop\u00e9dicos colaboran con otros especialistas para diagnosticar y tratar estos tumores mediante cirug\u00eda, radioterapia y quimioterapia.<\/p>\n<p><a href=\"https:\/\/www.apexosn.com\/wp-content\/uploads\/2024\/05\/shutterstock_495722575-min-1.jpg\"><img fetchpriority=\"high\" decoding=\"async\" class=\"alignnone size-full wp-image-4204\" src=\"https:\/\/www.apexosn.com\/wp-content\/uploads\/2024\/05\/shutterstock_495722575-min-1.jpg\" alt=\"Raleigh Orthopedic Doctor\" width=\"500\" height=\"334\" srcset=\"https:\/\/www.apexosn.com\/wp-content\/uploads\/2024\/05\/shutterstock_495722575-min-1.jpg 500w, https:\/\/www.apexosn.com\/wp-content\/uploads\/2024\/05\/shutterstock_495722575-min-1-300x200.jpg 300w\" sizes=\"(max-width: 500px) 100vw, 500px\" \/><\/a><\/p>\n<h2>\u00bfCu\u00e1ndo debe consultar a un m\u00e9dico ortop\u00e9dico de Raleigh?<\/h2>\n<p>Si usted experimenta los siguientes s\u00edntomas, es crucial buscar atenci\u00f3n ortop\u00e9dica:<\/p>\n<h3>Rango limitado de movimiento<\/h3>\n<p>Dificultad para mover las articulaciones, como levantar el brazo o doblar la rodilla, puede indicar un problema que requiere atenci\u00f3n ortop\u00e9dica.<\/p>\n<h3>Inestabilidad al ponerse de pie o caminar<\/h3>\n<p>Si se siente inestable o tiene problemas de equilibrio, un m\u00e9dico ortop\u00e9dico puede evaluar y tratar el problema.<\/p>\n<h3>Lesiones persistentes de tejidos blandos<\/h3>\n<p>Si el dolor o la hinchaz\u00f3n de un esguince o distensi\u00f3n no mejora en un par de d\u00edas, consulta a un traumat\u00f3logo para descartar lesiones graves.<\/p>\n<h3>Dolor cr\u00f3nico<\/h3>\n<p>Un dolor persistente que dure tres meses o m\u00e1s podr\u00eda indicar una afecci\u00f3n subyacente que un traumat\u00f3logo puede diagnosticar y tratar.<\/p>\n<h2>Tipos de tratamiento ortop\u00e9dico<\/h2>\n<p>Los m\u00e9dicos ortop\u00e9dicos tienen una amplia gama de opciones de tratamiento, incluyendo:<\/p>\n<h3>Medicamentos<\/h3>\n<p>Los m\u00e9dicos pueden recomendar varios medicamentos para aliviar el dolor y la inflamaci\u00f3n, tales como:<\/p>\n<ul>\n<li>Analg\u00e9sicos de venta libre como ibuprofeno o paracetamol<\/li>\n<li>Inyecciones de corticosteroides para aliviar el dolor de forma selectiva<\/li>\n<li>Relajantes musculares para aliviar los espasmos y la rigidez<\/li>\n<li>F\u00e1rmacos antirreum\u00e1ticos modificadores de la enfermedad (FAME) para afecciones autoinmunitarias como la artritis reumatoide.<\/li>\n<\/ul>\n<h3>Fisioterapia<\/h3>\n<p>La fisioterapia es una parte clave de la atenci\u00f3n ortop\u00e9dica. Un fisioterapeuta crea un programa de ejercicios personalizado para mejorar la fuerza, la flexibilidad, la amplitud de movimiento y el equilibrio, esenciales para la rehabilitaci\u00f3n y el tratamiento de enfermedades cr\u00f3nicas.<\/p>\n<h3>Aparatos ortop\u00e9dicos y f\u00e9rulas<\/h3>\n<p>Los dispositivos de apoyo, como los cors\u00e9s y las f\u00e9rulas, pueden inmovilizar o estabilizar una articulaci\u00f3n o un m\u00fasculo lesionado, favoreciendo la curaci\u00f3n y previniendo nuevas lesiones.<\/p>\n<h3>Inyecciones<\/h3>\n<p>Adem\u00e1s de las inyecciones de corticosteroides, existen otras opciones:<\/p>\n<ul>\n<li>Inyecciones de \u00e1cido hialur\u00f3nico en la artrosis para lubricar las articulaciones.<\/li>\n<li>Inyecciones de plasma rico en plaquetas (PRP) para favorecer la cicatrizaci\u00f3n de lesiones de tejidos blandos.<\/li>\n<\/ul>\n<h3>Cirug\u00eda ortop\u00e9dica<\/h3>\n<p><a href=\"https:\/\/www.apexosn.com\/wp-content\/uploads\/2024\/05\/shutterstock_1757597987-min-2.jpg\"><img decoding=\"async\" class=\"alignnone size-full wp-image-4206\" src=\"https:\/\/www.apexosn.com\/wp-content\/uploads\/2024\/05\/shutterstock_1757597987-min-2.jpg\" alt=\"Orthopedic Surgery in Raleigh\" width=\"500\" height=\"339\" srcset=\"https:\/\/www.apexosn.com\/wp-content\/uploads\/2024\/05\/shutterstock_1757597987-min-2.jpg 500w, https:\/\/www.apexosn.com\/wp-content\/uploads\/2024\/05\/shutterstock_1757597987-min-2-300x203.jpg 300w\" sizes=\"(max-width: 500px) 100vw, 500px\" \/><\/a><\/p>\n<p>Los cirujanos ortop\u00e9dicos realizan diversos procedimientos para tratar problemas musculoesquel\u00e9ticos. Entre las cirug\u00edas m\u00e1s comunes se incluyen:<\/p>\n<h3>Artroscopia<\/h3>\n<p>Este procedimiento de cirug\u00eda ortop\u00e9dica m\u00ednimamente invasiva utiliza una c\u00e1mara diminuta para diagnosticar y tratar problemas articulares como roturas de ligamentos o da\u00f1os en el cart\u00edlago.<\/p>\n<h3>Cirug\u00eda de reparaci\u00f3n de fracturas<\/h3>\n<p>Este tipo de cirug\u00eda ortop\u00e9dica consiste en fijar y estabilizar huesos rotos mediante placas, tornillos o varillas para garantizar una curaci\u00f3n adecuada.<\/p>\n<h3>Cirug\u00eda de sustituci\u00f3n articular<\/h3>\n<p>Este procedimiento reemplaza las articulaciones da\u00f1adas con implantes prot\u00e9sicos para aliviar el dolor y restaurar la funci\u00f3n.<\/p>\n<h3>Cirug\u00eda de la columna vertebral<\/h3>\n<p>Este tipo de cirug\u00eda ortop\u00e9dica se utiliza para tratar afecciones como hernias discales y estenosis espinal.<\/p>\n<h3>Resecci\u00f3n de tumores<\/h3>\n<p>Los onc\u00f3logos ortop\u00e9dicos tambi\u00e9n realizan cirug\u00eda para extirpar tumores musculoesquel\u00e9ticos.<\/p>\n<h2>M\u00e9dico Ortop\u00e9dico Raleigh: Apex Orthopaedics Columna y Neurolog\u00eda<\/h2>\n<p>El sistema musculoesquel\u00e9tico es crucial para el movimiento y la actividad. El cuidado ortop\u00e9dico mantiene la salud y la funci\u00f3n de este sistema. La comprensi\u00f3n de las condiciones tratadas por los m\u00e9dicos ortop\u00e9dicos y los tratamientos disponibles le ayuda a tomar medidas proactivas hacia su salud musculoesquel\u00e9tica.<\/p>\n<p>Si usted est\u00e1 tratando con lesiones agudas, dolor cr\u00f3nico, o condiciones cong\u00e9nitas, los m\u00e9dicos ortop\u00e9dicos en Apex Orthopaedics Spine &amp; Neurology en Raleigh est\u00e1n equipados para diagnosticar y tratar una amplia gama de cuestiones. El equipo se dedica a ayudarle a recuperar su independencia y mejorar su calidad de vida.<br \/>\nP\u00f3ngase en contacto con Apex Orthopaedics Spine &amp; Neurology<\/p>\n<p>Para la terapia f\u00edsica, manejo del dolor y cirug\u00eda ortop\u00e9dica en Raleigh, p\u00f3ngase en contacto con nosotros en <a href=\"tel:+17044123045\"><i class=\"fa fa-phone-alt\"><\/i>704-412-3045<\/a> para programar una cita. Nuestro equipo est\u00e1 listo para ayudarle en su camino hacia la recuperaci\u00f3n.<\/p>\n","protected":false},"excerpt":{"rendered":"<p>Nuestro cuerpo es extraordinario, nos permite andar, correr, jugar y vivir activamente. Esta haza\u00f1a es posible gracias a nuestro sistema musculoesquel\u00e9tico, una red de huesos, m\u00fasculos, ligamentos, tendones y articulaciones. Sin embargo, como cualquier sistema complejo, es propenso al desgaste y a las lesiones. La atenci\u00f3n ortop\u00e9dica se centra en diagnosticar, tratar y prevenir los [&hellip;]<\/p>\n","protected":false},"author":36,"featured_media":0,"parent":2734,"menu_order":0,"comment_status":"closed","ping_status":"closed","template":"","meta":{"_acf_changed":false,"footnotes":""},"categories":[],"tags":[],"class_list":["post-2800","page","type-page","status-publish","hentry"],"acf":[],"_links":{"self":[{"href":"https:\/\/www.apexosn.com\/es\/wp-json\/wp\/v2\/pages\/2800","targetHints":{"allow":["GET"]}}],"collection":[{"href":"https:\/\/www.apexosn.com\/es\/wp-json\/wp\/v2\/pages"}],"about":[{"href":"https:\/\/www.apexosn.com\/es\/wp-json\/wp\/v2\/types\/page"}],"author":[{"embeddable":true,"href":"https:\/\/www.apexosn.com\/es\/wp-json\/wp\/v2\/users\/36"}],"replies":[{"embeddable":true,"href":"https:\/\/www.apexosn.com\/es\/wp-json\/wp\/v2\/comments?post=2800"}],"version-history":[{"count":3,"href":"https:\/\/www.apexosn.com\/es\/wp-json\/wp\/v2\/pages\/2800\/revisions"}],"predecessor-version":[{"id":5022,"href":"https:\/\/www.apexosn.com\/es\/wp-json\/wp\/v2\/pages\/2800\/revisions\/5022"}],"up":[{"embeddable":true,"href":"https:\/\/www.apexosn.com\/es\/wp-json\/wp\/v2\/pages\/2734"}],"wp:attachment":[{"href":"https:\/\/www.apexosn.com\/es\/wp-json\/wp\/v2\/media?parent=2800"}],"wp:term":[{"taxonomy":"category","embeddable":true,"href":"https:\/\/www.apexosn.com\/es\/wp-json\/wp\/v2\/categories?post=2800"},{"taxonomy":"post_tag","embeddable":true,"href":"https:\/\/www.apexosn.com\/es\/wp-json\/wp\/v2\/tags?post=2800"}],"curies":[{"name":"wp","href":"https:\/\/api.w.org\/{rel}","templated":true}]}}