{"id":2799,"date":"2025-08-04T08:00:24","date_gmt":"2025-08-04T13:00:24","guid":{"rendered":"https:\/\/www.apexosn.com\/raleigh-nc\/neurology\/"},"modified":"2024-05-26T02:29:32","modified_gmt":"2024-05-26T07:29:32","slug":"neurologia","status":"publish","type":"page","link":"https:\/\/www.apexosn.com\/es\/raleigh-nc\/neurologia\/","title":{"rendered":"Raleigh Neurolog\u00eda"},"content":{"rendered":"<p>Incluso con los modernos avances en seguridad automovil\u00edstica, siguen produci\u00e9ndose accidentes con regularidad. Cuando ocurren, suelen producirse lesiones que requieren atenci\u00f3n especializada. Los m\u00e9dicos de urgencias pueden atender las necesidades inmediatas, pero algunas lesiones pueden requerir un tratamiento especializado continuado.<\/p>\n<p>Si ha sufrido una lesi\u00f3n que afecta al cerebro, la columna vertebral o los nervios, un experto en neurolog\u00eda de Raleigh puede proporcionarle la atenci\u00f3n especializada que necesita. Determinar si usted necesita un neur\u00f3logo o un m\u00e9dico ortop\u00e9dico puede ser confuso, ya que ambos tratan condiciones similares.<\/p>\n<p>En Apex Orthopaedics Spine &amp; Neurology en Raleigh, nuestro equipo incluye neur\u00f3logos, ortopedistas y especialistas en el tratamiento del dolor. Puede confiar en nosotros para ayudarle a recuperarse completamente de los s\u00edntomas neurol\u00f3gicos tras un accidente de coche.<\/p>\n<p>Ll\u00e1menos hoy mismo al wpcodeself <a href=\"tel:+17042723880\"><i class=\"fa fa-phone-alt\"><\/i>704-272-3880<\/a><\/p>\n\t\t<div data-elementor-type=\"section\" data-elementor-id=\"208\" class=\"elementor elementor-208\" data-elementor-post-type=\"elementor_library\">\n\t\t\t\t\t<section class=\"elementor-section elementor-top-section elementor-element elementor-element-485e576a elementor-section-boxed elementor-section-height-default elementor-section-height-default\" data-id=\"485e576a\" data-element_type=\"section\" data-e-type=\"section\">\n\t\t\t\t\t\t<div class=\"elementor-container elementor-column-gap-default\">\n\t\t\t\t\t<div class=\"elementor-column elementor-col-100 elementor-top-column elementor-element elementor-element-635c38c0\" data-id=\"635c38c0\" data-element_type=\"column\" data-e-type=\"column\">\n\t\t\t<div class=\"elementor-widget-wrap elementor-element-populated\">\n\t\t\t\t\t\t<div class=\"elementor-element elementor-element-3ba95c8a elementor-toc--minimized-on-tablet elementor-widget elementor-widget-table-of-contents\" data-id=\"3ba95c8a\" data-element_type=\"widget\" data-e-type=\"widget\" data-settings=\"{&quot;exclude_headings_by_selector&quot;:&quot;.toc-remove&quot;,&quot;headings_by_tags&quot;:[&quot;h2&quot;,&quot;h3&quot;],&quot;marker_view&quot;:&quot;numbers&quot;,&quot;no_headings_message&quot;:&quot;No headings were found on this page.&quot;,&quot;minimize_box&quot;:&quot;yes&quot;,&quot;minimized_on&quot;:&quot;tablet&quot;,&quot;hierarchical_view&quot;:&quot;yes&quot;,&quot;min_height&quot;:{&quot;unit&quot;:&quot;px&quot;,&quot;size&quot;:&quot;&quot;,&quot;sizes&quot;:[]},&quot;min_height_laptop&quot;:{&quot;unit&quot;:&quot;px&quot;,&quot;size&quot;:&quot;&quot;,&quot;sizes&quot;:[]},&quot;min_height_tablet&quot;:{&quot;unit&quot;:&quot;px&quot;,&quot;size&quot;:&quot;&quot;,&quot;sizes&quot;:[]},&quot;min_height_mobile&quot;:{&quot;unit&quot;:&quot;px&quot;,&quot;size&quot;:&quot;&quot;,&quot;sizes&quot;:[]}}\" data-widget_type=\"table-of-contents.default\">\n\t\t\t\t\t\t\t\t\t<div class=\"elementor-toc__header\">\n\t\t\t\t\t\t<div class=\"elementor-toc__header-title\">\n\t\t\t\tTable of Contents\t\t\t<\/div>\n\t\t\t\t\t\t\t\t\t\t<div class=\"elementor-toc__toggle-button elementor-toc__toggle-button--expand\" role=\"button\" tabindex=\"0\" aria-controls=\"elementor-toc__3ba95c8a\" aria-expanded=\"true\" aria-label=\"Open table of contents\"><svg aria-hidden=\"true\" class=\"e-font-icon-svg e-fas-chevron-down\" viewBox=\"0 0 448 512\" xmlns=\"http:\/\/www.w3.org\/2000\/svg\"><path d=\"M207.029 381.476L12.686 187.132c-9.373-9.373-9.373-24.569 0-33.941l22.667-22.667c9.357-9.357 24.522-9.375 33.901-.04L224 284.505l154.745-154.021c9.379-9.335 24.544-9.317 33.901.04l22.667 22.667c9.373 9.373 9.373 24.569 0 33.941L240.971 381.476c-9.373 9.372-24.569 9.372-33.942 0z\"><\/path><\/svg><\/div>\n\t\t\t\t<div class=\"elementor-toc__toggle-button elementor-toc__toggle-button--collapse\" role=\"button\" tabindex=\"0\" aria-controls=\"elementor-toc__3ba95c8a\" aria-expanded=\"true\" aria-label=\"Close table of contents\"><svg aria-hidden=\"true\" class=\"e-font-icon-svg e-fas-chevron-up\" viewBox=\"0 0 448 512\" xmlns=\"http:\/\/www.w3.org\/2000\/svg\"><path d=\"M240.971 130.524l194.343 194.343c9.373 9.373 9.373 24.569 0 33.941l-22.667 22.667c-9.357 9.357-24.522 9.375-33.901.04L224 227.495 69.255 381.516c-9.379 9.335-24.544 9.317-33.901-.04l-22.667-22.667c-9.373-9.373-9.373-24.569 0-33.941L207.03 130.525c9.372-9.373 24.568-9.373 33.941-.001z\"><\/path><\/svg><\/div>\n\t\t\t\t\t<\/div>\n\t\t\t\t<div id=\"elementor-toc__3ba95c8a\" class=\"elementor-toc__body\">\n\t\t\t<div class=\"elementor-toc__spinner-container\">\n\t\t\t\t<svg class=\"elementor-toc__spinner eicon-animation-spin e-font-icon-svg e-eicon-loading\" aria-hidden=\"true\" viewBox=\"0 0 1000 1000\" xmlns=\"http:\/\/www.w3.org\/2000\/svg\"><path d=\"M500 975V858C696 858 858 696 858 500S696 142 500 142 142 304 142 500H25C25 237 238 25 500 25S975 237 975 500 763 975 500 975Z\"><\/path><\/svg>\t\t\t<\/div>\n\t\t<\/div>\n\t\t\t\t\t\t<\/div>\n\t\t\t\t\t<\/div>\n\t\t<\/div>\n\t\t\t\t\t<\/div>\n\t\t<\/section>\n\t\t\t\t<\/div>\n\t\t\n<h2>Indicios de lesi\u00f3n neurol\u00f3gica<\/h2>\n<p>Una lesi\u00f3n neurol\u00f3gica puede afectar al cerebro, el cr\u00e1neo, la columna vertebral, la m\u00e9dula espinal y los nervios perif\u00e9ricos. Los s\u00edntomas var\u00edan mucho y deben atenderse con prontitud. He aqu\u00ed algunos indicadores comunes:<\/p>\n<ul>\n<li>Problemas de memoria y comprensi\u00f3n<\/li>\n<li>Dolores de cabeza persistentes<\/li>\n<li>Mucha ansiedad e irritabilidad<\/li>\n<li>Sensibilidad a la luz<\/li>\n<li>Zumbidos en los o\u00eddos o ruidos de zumbido<\/li>\n<li>Mala pronunciaci\u00f3n o dificultad para hacerse entender<\/li>\n<li>N\u00e1useas y v\u00f3mitos<\/li>\n<li>Entumecimiento u hormigueo en las extremidades<\/li>\n<li>Dolor muscular, especialmente en el cuello o la espalda<\/li>\n<li>Falta de sensibilidad en los dedos de las manos, los brazos, los pies o las piernas.<\/li>\n<\/ul>\n<p>Nunca d\u00e9 por sentado que los s\u00edntomas mejorar\u00e1n por s\u00ed solos. La fuerza de un accidente de coche puede causar lesiones graves, y retrasar la atenci\u00f3n m\u00e9dica puede agravar las condiciones.<\/p>\n<p>Cuando nos visite, revisaremos sus s\u00edntomas y realizaremos evaluaciones exhaustivas utilizando diagn\u00f3sticos de \u00faltima generaci\u00f3n para identificar cualquier da\u00f1o neurol\u00f3gico.<\/p>\n<h2>\u00bfPor qu\u00e9 consultar a un especialista en neurolog\u00eda tras un accidente de tr\u00e1fico?<\/h2>\n<p>Despu\u00e9s de un accidente, es fundamental comprobar si hay lesiones aparentes u ocultas. Algunas lesiones pueden no mostrar s\u00edntomas inmediatamente. He aqu\u00ed por qu\u00e9 debe consultar a un neur\u00f3logo despu\u00e9s de un accidente de coche en Raleigh.<\/p>\n<h3>Impacto en la vida diaria<\/h3>\n<p>Las lesiones de los tejidos blandos pueden causar malestar y rigidez, mientras que las lesiones de la columna vertebral pueden afectar a los nervios y los discos. Si no se tratan, estas lesiones pueden provocar dolor cr\u00f3nico y movilidad limitada.<\/p>\n<h3>Apoye su caso de lesiones personales<\/h3>\n<p>Un tratamiento r\u00e1pido proporciona pruebas de su lesi\u00f3n, lo que ayuda en las reclamaciones al seguro. Sin ellas, las aseguradoras podr\u00edan denegar las reclamaciones, dej\u00e1ndole con facturas m\u00e9dicas inasumibles.<\/p>\n<h3>Cambios en la personalidad y la salud mental<\/h3>\n<p>Las lesiones cerebrales pueden alterar la personalidad, causando irritabilidad, cambios de humor y trastornos del sue\u00f1o, que pueden afectar a la salud mental y a las relaciones. Tambi\u00e9n puede aparecer un trastorno de estr\u00e9s postraum\u00e1tico, lo que complica a\u00fan m\u00e1s las interacciones con los seres queridos.<\/p>\n<h3>S\u00edntomas de aparici\u00f3n tard\u00eda<\/h3>\n<p>Los s\u00edntomas de la lesi\u00f3n pueden no aparecer hasta pasados d\u00edas o semanas. Entre ellos se incluyen dolores de cabeza persistentes, rigidez de cuello y espalda, mareos, visi\u00f3n borrosa, p\u00e9rdida de memoria y dificultades de concentraci\u00f3n.<\/p>\n<h3>Posible empeoramiento con el tiempo<\/h3>\n<p>La atenci\u00f3n inmediata acelera la recuperaci\u00f3n y mejora los resultados. Las lesiones no tratadas pueden curarse de forma inadecuada, provocando dolor cr\u00f3nico y discapacidad a largo plazo.<\/p>\n<h3>Riesgos mortales<\/h3>\n<p>Ciertas lesiones, especialmente las LCT, pueden ser mortales si no se tratan. Los CDC informan de que cada a\u00f1o se producen muchas muertes relacionadas con este tipo de lesiones, lo que subraya la importancia de recibir atenci\u00f3n m\u00e9dica a tiempo.<\/p>\n<p><a href=\"https:\/\/www.apexosn.com\/wp-content\/uploads\/2024\/05\/shutterstock_2099265199-1.jpg\"><img fetchpriority=\"high\" decoding=\"async\" class=\"alignnone size-full wp-image-4212\" src=\"https:\/\/www.apexosn.com\/wp-content\/uploads\/2024\/05\/shutterstock_2099265199-1.jpg\" alt=\"Raleigh Neurology Doctor\" width=\"500\" height=\"334\" srcset=\"https:\/\/www.apexosn.com\/wp-content\/uploads\/2024\/05\/shutterstock_2099265199-1.jpg 500w, https:\/\/www.apexosn.com\/wp-content\/uploads\/2024\/05\/shutterstock_2099265199-1-300x200.jpg 300w\" sizes=\"(max-width: 500px) 100vw, 500px\" \/><\/a><\/p>\n<h2>Identificaci\u00f3n de afecciones neurol\u00f3gicas<\/h2>\n<p>Un examen neurol\u00f3gico consiste en revisar su estado de salud y su historial m\u00e9dico. Se realizan pruebas sensoriales y motoras, de visi\u00f3n, coordinaci\u00f3n, fuerza, habla, audici\u00f3n y reflejos. Tambi\u00e9n se incluyen evaluaciones del estado mental. Estos ex\u00e1menes ayudan a identificar los problemas derivados del accidente de coche y determinar qu\u00e9 pruebas de diagn\u00f3stico y tratamientos son necesarios.<\/p>\n<p>Nuestro equipo de neurolog\u00eda Raleigh trabaja en estrecha colaboraci\u00f3n con usted y su proveedor de atenci\u00f3n primaria para ofrecer un tratamiento integral. Las herramientas de diagn\u00f3stico que podemos emplear incluyen:<\/p>\n<h3>Esc\u00e1neres de resonancia magn\u00e9tica<\/h3>\n<p>MRI utiliza ondas de radio y campos magn\u00e9ticos para producir im\u00e1genes detalladas del cerebro y la m\u00e9dula espinal, el diagn\u00f3stico de lesiones y afecciones neurol\u00f3gicas con eficacia.<\/p>\n<h3>Electromiograf\u00eda (EMG) \/ Velocidad de conducci\u00f3n nerviosa (VCN)<\/h3>\n<p>Las pruebas de electromiograf\u00eda (EMG) y velocidad de conducci\u00f3n nerviosa (NCV) miden la actividad el\u00e9ctrica de m\u00fasculos y nervios, utilizando electrodos de aguja e impulsos el\u00e9ctricos para evaluar la velocidad de la se\u00f1al a trav\u00e9s de los nervios.<\/p>\n<h3>Videonistagmograf\u00eda (VNG)<\/h3>\n<p>La VNG eval\u00faa de forma no invasiva la funci\u00f3n del o\u00eddo interno que afecta al equilibrio mediante el seguimiento de los movimientos oculares y las respuestas a est\u00edmulos como el aire o el agua en los o\u00eddos.<\/p>\n<h3>Electroencefalograma cuantitativo (qEEG)<\/h3>\n<p>El qEEG analiza la actividad el\u00e9ctrica del cerebro para detectar patrones que indiquen problemas neurol\u00f3gicos, proporcionando informaci\u00f3n para el diagn\u00f3stico.<\/p>\n<h3>Cartograf\u00eda cerebral<\/h3>\n<p>El mapeo cerebral eval\u00faa tanto los aspectos estructurales como funcionales del cerebro, ofreciendo una comprensi\u00f3n integral de su condici\u00f3n.<\/p>\n<p>En Apex Orthopaedics Spine &amp; Neurology de Raleigh, nuestros especialistas realizan evaluaciones exhaustivas, incluidos ex\u00e1menes neurol\u00f3gicos, para crear planes de tratamiento personalizados para su recuperaci\u00f3n.<\/p>\n<p><a href=\"https:\/\/www.apexosn.com\/wp-content\/uploads\/2024\/05\/shutterstock_570241147-min-1.jpg\"><img decoding=\"async\" class=\"alignnone size-full wp-image-3617\" src=\"https:\/\/www.apexosn.com\/wp-content\/uploads\/2024\/05\/shutterstock_570241147-min-1.jpg\" alt=\"Neurologist Pointing to Brain Scan\" width=\"500\" height=\"333\" srcset=\"https:\/\/www.apexosn.com\/wp-content\/uploads\/2024\/05\/shutterstock_570241147-min-1.jpg 500w, https:\/\/www.apexosn.com\/wp-content\/uploads\/2024\/05\/shutterstock_570241147-min-1-300x200.jpg 300w\" sizes=\"(max-width: 500px) 100vw, 500px\" \/><\/a><\/p>\n<h2>Tratamientos de Neurolog\u00eda<\/h2>\n<p>Proporcionamos una atenci\u00f3n integral con un equipo multidisciplinar que trabaja en un mismo centro. Nuestro objetivo es abordar todos los aspectos de su salud, ofreciendo servicios como:<\/p>\n<h3>Tratamiento del dolor<\/h3>\n<p>Nuestro equipo de tratamiento del dolor se especializa en m\u00e9todos no quir\u00fargicos para aliviar el dolor espinal y nervioso. Las opciones van desde la prescripci\u00f3n de medicamentos a procedimientos como la neurotom\u00eda por radiofrecuencia, que implica la cauterizaci\u00f3n de nervios sensoriales para el alivio a largo plazo.<\/p>\n<h3>Cirug\u00eda<\/h3>\n<p>Nuestro equipo de cirug\u00eda ortop\u00e9dica maneja una amplia gama de procedimientos para lesiones por accidente de coche, incluyendo cirug\u00edas ambulatorias m\u00ednimamente invasivas e intervenciones correctivas. Tanto si se trata de una sustituci\u00f3n discal como de una fusi\u00f3n espinal, ofrecemos opciones quir\u00fargicas adaptadas a sus necesidades.<\/p>\n<p>Muchos pacientes se someten a cirug\u00eda de columna m\u00ednimamente invasiva y pueden recuperarse en casa el mismo d\u00eda o al d\u00eda siguiente.<\/p>\n<h3>Derivaciones y recomendaciones<\/h3>\n<p>Facilitamos las derivaciones a los especialistas pertinentes, incluidos los psiquiatras, en funci\u00f3n de sus necesidades neurol\u00f3gicas. Nuestro equipo tambi\u00e9n recomienda ejercicios cognitivos combinados con cuidados quiropr\u00e1cticos y fisioterapia para ayudarle a recuperar su estilo de vida.<\/p>\n<h2>Cu\u00e1ndo buscar tratamiento m\u00e9dico<\/h2>\n<p>Despu\u00e9s de un accidente de coche, buscar atenci\u00f3n m\u00e9dica inmediata es fundamental. Las situaciones que requieren una evaluaci\u00f3n urgente incluyen<\/p>\n<ul>\n<li><strong>P\u00e9rdida del conocimiento<\/strong>: Indica una posible lesi\u00f3n en la cabeza.<\/li>\n<li><strong>Dolores de cabeza persistentes, mareos o confusi\u00f3n<\/strong>: Sugiere una posible conmoci\u00f3n cerebral o lesi\u00f3n cerebral.<\/li>\n<li><strong>Dolor de cuello o espalda<\/strong>: Podr\u00eda indicar lesiones graves como latigazo cervical o da\u00f1os en la m\u00e9dula espinal.<\/li>\n<li><strong>Entumecimiento u hormigueo<\/strong>: Puede indicar da\u00f1os en los nervios.<\/li>\n<li><strong>Lesiones visibles<\/strong>: Los cortes, laceraciones o fracturas \u00f3seas requieren atenci\u00f3n inmediata.<\/li>\n<li><strong>Dificultad para respirar<\/strong>: Indica posibles lesiones internas.<\/li>\n<li><strong>Dolor persistente<\/strong>: El empeoramiento del dolor requiere una evaluaci\u00f3n para descartar problemas subyacentes.<\/li>\n<\/ul>\n<h2>Contacte con nosotros en Raleigh<\/h2>\n<p>Los accidentes automovil\u00edsticos pueden causar lesiones debilitantes. Si no se tratan, pueden volverse cr\u00f3nicas y graves. Si usted o un ser querido sufri\u00f3 lesiones en un accidente automovil\u00edstico, el equipo de Apex Orthopaedics Spine &amp; Neurology est\u00e1 listo para ayudarlo.<\/p>\n<p>Nuestros especialistas en neurolog\u00eda y profesionales sanitarios de Raleigh diagnosticar\u00e1n sus lesiones y desarrollar\u00e1n un plan de tratamiento personalizado que se adapte a sus necesidades y estilo de vida. Nuestro enfoque hol\u00edstico tiene como objetivo la recuperaci\u00f3n completa y previene problemas cr\u00f3nicos.<\/p>\n<p>Ll\u00e1menos hoy mismo al <a href=\"tel:+17042723880\"><i class=\"fa fa-phone-alt\"><\/i>704-272-3880<\/a> para programar una consulta con nuestros expertos de Raleigh.<\/p>\n","protected":false},"excerpt":{"rendered":"<p>Incluso con los modernos avances en seguridad automovil\u00edstica, siguen produci\u00e9ndose accidentes con regularidad. Cuando ocurren, suelen producirse lesiones que requieren atenci\u00f3n especializada. Los m\u00e9dicos de urgencias pueden atender las necesidades inmediatas, pero algunas lesiones pueden requerir un tratamiento especializado continuado. Si ha sufrido una lesi\u00f3n que afecta al cerebro, la columna vertebral o los nervios, [&hellip;]<\/p>\n","protected":false},"author":36,"featured_media":0,"parent":2734,"menu_order":0,"comment_status":"closed","ping_status":"closed","template":"","meta":{"_acf_changed":false,"footnotes":""},"categories":[],"tags":[],"class_list":["post-2799","page","type-page","status-publish","hentry"],"acf":[],"_links":{"self":[{"href":"https:\/\/www.apexosn.com\/es\/wp-json\/wp\/v2\/pages\/2799","targetHints":{"allow":["GET"]}}],"collection":[{"href":"https:\/\/www.apexosn.com\/es\/wp-json\/wp\/v2\/pages"}],"about":[{"href":"https:\/\/www.apexosn.com\/es\/wp-json\/wp\/v2\/types\/page"}],"author":[{"embeddable":true,"href":"https:\/\/www.apexosn.com\/es\/wp-json\/wp\/v2\/users\/36"}],"replies":[{"embeddable":true,"href":"https:\/\/www.apexosn.com\/es\/wp-json\/wp\/v2\/comments?post=2799"}],"version-history":[{"count":5,"href":"https:\/\/www.apexosn.com\/es\/wp-json\/wp\/v2\/pages\/2799\/revisions"}],"predecessor-version":[{"id":5019,"href":"https:\/\/www.apexosn.com\/es\/wp-json\/wp\/v2\/pages\/2799\/revisions\/5019"}],"up":[{"embeddable":true,"href":"https:\/\/www.apexosn.com\/es\/wp-json\/wp\/v2\/pages\/2734"}],"wp:attachment":[{"href":"https:\/\/www.apexosn.com\/es\/wp-json\/wp\/v2\/media?parent=2799"}],"wp:term":[{"taxonomy":"category","embeddable":true,"href":"https:\/\/www.apexosn.com\/es\/wp-json\/wp\/v2\/categories?post=2799"},{"taxonomy":"post_tag","embeddable":true,"href":"https:\/\/www.apexosn.com\/es\/wp-json\/wp\/v2\/tags?post=2799"}],"curies":[{"name":"wp","href":"https:\/\/api.w.org\/{rel}","templated":true}]}}