{"id":2790,"date":"2024-05-09T06:53:47","date_gmt":"2024-05-09T11:53:47","guid":{"rendered":"https:\/\/www.apexosn.com\/high-point-nc\/pain-management\/"},"modified":"2024-05-25T08:27:37","modified_gmt":"2024-05-25T13:27:37","slug":"tratamiento-del-dolor","status":"publish","type":"page","link":"https:\/\/www.apexosn.com\/es\/high-point-nc\/tratamiento-del-dolor\/","title":{"rendered":"Tratamiento del dolor en High Point"},"content":{"rendered":"<p>Vivir con dolor cr\u00f3nico puede parecer una batalla sin tregua, que afecta dr\u00e1sticamente a su calidad de vida. Tanto si el malestar se debe a una lesi\u00f3n, a una enfermedad o a otra causa, el dolor cr\u00f3nico puede dificultar considerablemente sus actividades cotidianas. Si est\u00e1 luchando contra el dolor cr\u00f3nico, no est\u00e1 solo. En Apex Orthopaedics Spine &amp; Neurology en High Point, nuestros especialistas en el tratamiento del dolor se comprometen a ayudarle a encontrar alivio.<\/p>\n<p>Entendemos las limitaciones que impone el dolor cr\u00f3nico. Nuestro enfoque integral del tratamiento del dolor, que incorpora t\u00e9cnicas avanzadas y una atenci\u00f3n compasiva, est\u00e1 dise\u00f1ado para ayudarle a recuperar su vida. No deje que el dolor cr\u00f3nico le controle. Programe una consulta con nuestro m\u00e9dico de tratamiento del dolor de High Point hoy mismo. Ll\u00e1menos al <a href=\"tel:+17044123045\"><i class=\"fa fa-phone-alt\"><\/i>704-412-3045<\/a> para obtener m\u00e1s informaci\u00f3n sobre nuestros programas personalizados de tratamiento del dolor y comenzar su viaje hacia una vida libre de dolor.<\/p>\n\t\t<div data-elementor-type=\"section\" data-elementor-id=\"208\" class=\"elementor elementor-208\" data-elementor-post-type=\"elementor_library\">\n\t\t\t\t\t<section class=\"elementor-section elementor-top-section elementor-element elementor-element-485e576a elementor-section-boxed elementor-section-height-default elementor-section-height-default\" data-id=\"485e576a\" data-element_type=\"section\" data-e-type=\"section\">\n\t\t\t\t\t\t<div class=\"elementor-container elementor-column-gap-default\">\n\t\t\t\t\t<div class=\"elementor-column elementor-col-100 elementor-top-column elementor-element elementor-element-635c38c0\" data-id=\"635c38c0\" data-element_type=\"column\" data-e-type=\"column\">\n\t\t\t<div class=\"elementor-widget-wrap elementor-element-populated\">\n\t\t\t\t\t\t<div class=\"elementor-element elementor-element-3ba95c8a elementor-toc--minimized-on-tablet elementor-widget elementor-widget-table-of-contents\" data-id=\"3ba95c8a\" data-element_type=\"widget\" data-e-type=\"widget\" data-settings=\"{&quot;exclude_headings_by_selector&quot;:&quot;.toc-remove&quot;,&quot;headings_by_tags&quot;:[&quot;h2&quot;,&quot;h3&quot;],&quot;marker_view&quot;:&quot;numbers&quot;,&quot;no_headings_message&quot;:&quot;No se ha encontrado ning\\u00fan encabezado en esta p\\u00e1gina.&quot;,&quot;minimize_box&quot;:&quot;yes&quot;,&quot;minimized_on&quot;:&quot;tablet&quot;,&quot;hierarchical_view&quot;:&quot;yes&quot;,&quot;min_height&quot;:{&quot;unit&quot;:&quot;px&quot;,&quot;size&quot;:&quot;&quot;,&quot;sizes&quot;:[]},&quot;min_height_laptop&quot;:{&quot;unit&quot;:&quot;px&quot;,&quot;size&quot;:&quot;&quot;,&quot;sizes&quot;:[]},&quot;min_height_tablet&quot;:{&quot;unit&quot;:&quot;px&quot;,&quot;size&quot;:&quot;&quot;,&quot;sizes&quot;:[]},&quot;min_height_mobile&quot;:{&quot;unit&quot;:&quot;px&quot;,&quot;size&quot;:&quot;&quot;,&quot;sizes&quot;:[]}}\" data-widget_type=\"table-of-contents.default\">\n\t\t\t\t\t\t\t\t\t<div class=\"elementor-toc__header\">\n\t\t\t\t\t\t<div class=\"elementor-toc__header-title\">\n\t\t\t\tTable of Contents\t\t\t<\/div>\n\t\t\t\t\t\t\t\t\t\t<div class=\"elementor-toc__toggle-button elementor-toc__toggle-button--expand\" role=\"button\" tabindex=\"0\" aria-controls=\"elementor-toc__3ba95c8a\" aria-expanded=\"true\" aria-label=\"Abrir la tabla de contenidos\"><svg aria-hidden=\"true\" class=\"e-font-icon-svg e-fas-chevron-down\" viewBox=\"0 0 448 512\" xmlns=\"http:\/\/www.w3.org\/2000\/svg\"><path d=\"M207.029 381.476L12.686 187.132c-9.373-9.373-9.373-24.569 0-33.941l22.667-22.667c9.357-9.357 24.522-9.375 33.901-.04L224 284.505l154.745-154.021c9.379-9.335 24.544-9.317 33.901.04l22.667 22.667c9.373 9.373 9.373 24.569 0 33.941L240.971 381.476c-9.373 9.372-24.569 9.372-33.942 0z\"><\/path><\/svg><\/div>\n\t\t\t\t<div class=\"elementor-toc__toggle-button elementor-toc__toggle-button--collapse\" role=\"button\" tabindex=\"0\" aria-controls=\"elementor-toc__3ba95c8a\" aria-expanded=\"true\" aria-label=\"Cerrar la tabla de contenidos\"><svg aria-hidden=\"true\" class=\"e-font-icon-svg e-fas-chevron-up\" viewBox=\"0 0 448 512\" xmlns=\"http:\/\/www.w3.org\/2000\/svg\"><path d=\"M240.971 130.524l194.343 194.343c9.373 9.373 9.373 24.569 0 33.941l-22.667 22.667c-9.357 9.357-24.522 9.375-33.901.04L224 227.495 69.255 381.516c-9.379 9.335-24.544 9.317-33.901-.04l-22.667-22.667c-9.373-9.373-9.373-24.569 0-33.941L207.03 130.525c9.372-9.373 24.568-9.373 33.941-.001z\"><\/path><\/svg><\/div>\n\t\t\t\t\t<\/div>\n\t\t\t\t<div id=\"elementor-toc__3ba95c8a\" class=\"elementor-toc__body\">\n\t\t\t<div class=\"elementor-toc__spinner-container\">\n\t\t\t\t<svg class=\"elementor-toc__spinner eicon-animation-spin e-font-icon-svg e-eicon-loading\" aria-hidden=\"true\" viewBox=\"0 0 1000 1000\" xmlns=\"http:\/\/www.w3.org\/2000\/svg\"><path d=\"M500 975V858C696 858 858 696 858 500S696 142 500 142 142 304 142 500H25C25 237 238 25 500 25S975 237 975 500 763 975 500 975Z\"><\/path><\/svg>\t\t\t<\/div>\n\t\t<\/div>\n\t\t\t\t\t\t<\/div>\n\t\t\t\t\t<\/div>\n\t\t<\/div>\n\t\t\t\t\t<\/div>\n\t\t<\/section>\n\t\t\t\t<\/div>\n\t\t\n<h2>\u00bfQu\u00e9 es el tratamiento del dolor?<\/h2>\n<p>El tratamiento del dolor es una especialidad m\u00e9dica destinada a diagnosticar y tratar el dolor cr\u00f3nico. Los m\u00e9dicos especializados en el tratamiento del dolor de High Point, tambi\u00e9n conocidos como m\u00e9dicos especialistas en medicina del dolor, son especialistas bien formados que comprenden los intrincados mecanismos del dolor. Desarrollan planes de tratamiento personalizados para abordar la causa ra\u00edz del dolor y garantizar el alivio a largo plazo.<\/p>\n<h2>\u00bfPor qu\u00e9 es esencial el tratamiento del dolor?<\/h2>\n<p>El dolor cr\u00f3nico no es s\u00f3lo una molestia f\u00edsica; es una enfermedad debilitante que afecta a todos los aspectos de la vida. Puede disminuir su bienestar general. Buscar tratamiento profesional del dolor de Apex Orthopaedics Spine &amp; Neurology en High Point es crucial para recuperar su salud.<\/p>\n<h3>Mejorar su calidad de vida<\/h3>\n<p>El dolor cr\u00f3nico puede hacer que tareas sencillas, como caminar o subir escaleras, parezcan insuperables. Un tratamiento eficaz del dolor ayuda a romper este ciclo. Podr\u00e1 participar en las actividades que le gustan, pasar tiempo con sus seres queridos y volver a disfrutar de la vida.<\/p>\n<h3>Reducci\u00f3n de la dependencia de la medicaci\u00f3n<\/h3>\n<p>Muchas personas con dolor cr\u00f3nico recurren a la medicaci\u00f3n para aliviarse. Estos medicamentos pueden tener efectos secundarios y pueden perder eficacia con el tiempo. Los m\u00e9dicos especializados en el tratamiento del dolor de High Point exploran opciones de tratamiento sin opi\u00e1ceos, ayud\u00e1ndole a controlar el dolor sin depender en exceso de la medicaci\u00f3n.<\/p>\n<h3>Mejora de la movilidad y la independencia<\/h3>\n<p>El dolor cr\u00f3nico a menudo conduce a la restricci\u00f3n de movimiento y el miedo a la actividad f\u00edsica. El tratamiento del dolor va m\u00e1s all\u00e1 del alivio; se centra en restablecer la movilidad y la funcionalidad. Mediante fisioterapia, inyecciones espec\u00edficas y otros tratamientos, nuestros especialistas en tratamiento del dolor de High Point pueden ayudarle a recuperar la amplitud de movimiento y la independencia.<\/p>\n<h3>Apoyo al bienestar mental<\/h3>\n<p>El dolor cr\u00f3nico puede afectar gravemente a la salud mental, provocando ansiedad, depresi\u00f3n y aislamiento. El tratamiento del dolor aborda los s\u00edntomas f\u00edsicos y emocionales, mejorando su estado de \u00e1nimo y su perspectiva general de la vida.<\/p>\n<h3>Detecci\u00f3n precoz de afecciones subyacentes<\/h3>\n<p>El dolor cr\u00f3nico puede ser se\u00f1al de problemas m\u00e9dicos subyacentes. Una hernia discal, artritis o estenosis espinal pueden manifestarse como dolor cr\u00f3nico. Los m\u00e9dicos especializados en el tratamiento del dolor identifican la causa del dolor, lo que permite un diagn\u00f3stico y tratamiento precoces para evitar complicaciones posteriores.<\/p>\n<p><a href=\"https:\/\/www.apexosn.com\/wp-content\/uploads\/2024\/05\/shutterstock_2339265487.jpg\"><img fetchpriority=\"high\" decoding=\"async\" class=\"alignnone size-full wp-image-4195\" src=\"https:\/\/www.apexosn.com\/wp-content\/uploads\/2024\/05\/shutterstock_2339265487.jpg\" alt=\"Pain Management in High Point, NC\" width=\"500\" height=\"334\" srcset=\"https:\/\/www.apexosn.com\/wp-content\/uploads\/2024\/05\/shutterstock_2339265487.jpg 500w, https:\/\/www.apexosn.com\/wp-content\/uploads\/2024\/05\/shutterstock_2339265487-300x200.jpg 300w\" sizes=\"(max-width: 500px) 100vw, 500px\" \/><\/a><\/p>\n<h2>Opciones de tratamiento del dolor en High Point<\/h2>\n<p>El dolor cr\u00f3nico es un problema complejo que requiere un enfoque multifac\u00e9tico. En Apex Orthopaedics Spine &amp; Neurology, nuestros m\u00e9dicos especializados en el tratamiento del dolor comprenden esta complejidad y ofrecen una variedad de opciones avanzadas para el tratamiento del dolor dise\u00f1adas para tratar su condici\u00f3n particular.<\/p>\n<h3>Tratamiento farmacol\u00f3gico<\/h3>\n<p>Aunque hacemos hincapi\u00e9 en el tratamiento del dolor sin opi\u00e1ceos, reconocemos el papel de la medicaci\u00f3n en algunas situaciones. Nuestros m\u00e9dicos destacan en la gesti\u00f3n de la medicaci\u00f3n, prescribiendo medicamentos para controlar los brotes de dolor agudo. Podemos utilizar medicamentos para tratar tipos espec\u00edficos de dolor, como el dolor nervioso o la inflamaci\u00f3n. El tratamiento farmacol\u00f3gico se adapta a sus necesidades, dando prioridad a la seguridad y minimizando la dependencia a largo plazo.<\/p>\n<h3>Inyecciones<\/h3>\n<p>Las inyecciones para el tratamiento del dolor son una soluci\u00f3n m\u00ednimamente invasiva, ya que administran la medicaci\u00f3n directamente en el origen del dolor. Este enfoque localizado minimiza los efectos secundarios al tiempo que proporciona un alivio eficaz del dolor.<\/p>\n<h3>Inyecciones en la articulaci\u00f3n facetaria<\/h3>\n<p>Estas inyecciones administran corticosteroides y anest\u00e9sicos a las articulaciones facetarias inflamadas de la columna vertebral, aliviando el dolor de espalda.<\/p>\n<h3>Bloqueos nerviosos<\/h3>\n<p>Los bloqueos nerviosos consisten en inyectar un anest\u00e9sico o esteroide cerca de un nervio espec\u00edfico para interrumpir las se\u00f1ales de dolor. Esta t\u00e9cnica puede tratar el dolor neurop\u00e1tico, como la ci\u00e1tica.<\/p>\n<h3>Inyecciones en puntos gatillo<\/h3>\n<p>Los puntos gatillo son nudos musculares tensos que causan dolor. Las inyecciones en puntos gatillo consisten en inyectar anest\u00e9sico o suero salino en el punto gatillo para aliviar el dolor y la tensi\u00f3n muscular.<\/p>\n<h3>Fisioterapia<\/h3>\n<p>La fisioterapia es la piedra angular del tratamiento del dolor. Nuestros fisioterapeutas experimentados dise\u00f1an programas de ejercicios personalizados para mejorar la fuerza, la flexibilidad, la postura y el equilibrio. Estos ejercicios estabilizar las articulaciones, mejorar la fuerza de la base, y reducir el dolor mediante la promoci\u00f3n de una mejor mec\u00e1nica corporal. La fisioterapia tambi\u00e9n ayuda a prevenir futuras lesiones y reagudizaciones del dolor.<\/p>\n<h3>Procedimientos m\u00ednimamente invasivos<\/h3>\n<p>En algunos casos de dolor cr\u00f3nico, los procedimientos m\u00ednimamente invasivos ofrecen un alivio a largo plazo. Mediante el uso de sofisticadas t\u00e9cnicas de imagen y herramientas especializadas, estos procedimientos reducen al m\u00ednimo las incisiones y el tiempo de recuperaci\u00f3n.<\/p>\n<h3>Estimulaci\u00f3n de la m\u00e9dula espinal (EME)<\/h3>\n<p>La estimulaci\u00f3n medular consiste en implantar un peque\u00f1o dispositivo cerca de la m\u00e9dula espinal que emite suaves impulsos el\u00e9ctricos para interrumpir las se\u00f1ales de dolor. Esta opci\u00f3n es viable para el dolor cr\u00f3nico en brazos, piernas, espalda y abdomen.<\/p>\n<p><a href=\"https:\/\/www.apexosn.com\/wp-content\/uploads\/2024\/05\/shutterstock_2264761531.jpg\"><img decoding=\"async\" class=\"alignnone size-full wp-image-4197\" src=\"https:\/\/www.apexosn.com\/wp-content\/uploads\/2024\/05\/shutterstock_2264761531.jpg\" alt=\"Spinal Cord Stimulation\" width=\"500\" height=\"282\" srcset=\"https:\/\/www.apexosn.com\/wp-content\/uploads\/2024\/05\/shutterstock_2264761531.jpg 500w, https:\/\/www.apexosn.com\/wp-content\/uploads\/2024\/05\/shutterstock_2264761531-300x169.jpg 300w\" sizes=\"(max-width: 500px) 100vw, 500px\" \/><\/a><\/p>\n<h3>Ablaci\u00f3n por radiofrecuencia (ARF)<\/h3>\n<p>La ARF utiliza ondas de radiofrecuencia para calentar y desactivar determinados nervios dolorosos. Este m\u00e9todo controla eficazmente el dolor causado por afecciones como el s\u00edndrome de la articulaci\u00f3n facetaria o la disfunci\u00f3n de la articulaci\u00f3n sacroil\u00edaca.<\/p>\n<h3>Terapia cuerpo-mente<\/h3>\n<p>El dolor cr\u00f3nico puede poner a prueba su bienestar emocional. Las terapias mente-cuerpo, como la terapia cognitivo-conductual (TCC) y la biorretroalimentaci\u00f3n, proporcionan herramientas para controlar el estr\u00e9s, la ansiedad y los pensamientos negativos que exacerban el dolor. La TCC ayuda a desarrollar mecanismos de afrontamiento y a cambiar los patrones de pensamiento negativos. La biorretroalimentaci\u00f3n aumenta la conciencia de las respuestas del cuerpo al dolor y favorece la relajaci\u00f3n y el alivio.<\/p>\n<h2>Las ventajas de una intervenci\u00f3n temprana para el tratamiento del dolor<\/h2>\n<p>El tratamiento precoz del dolor es crucial por varias razones:<\/p>\n<h3>Prevenci\u00f3n del dolor cr\u00f3nico<\/h3>\n<p>El dolor agudo que no se trata puede convertirse en dolor cr\u00f3nico. La intervenci\u00f3n temprana aborda el origen del dolor antes de que se convierta en un problema a largo plazo.<\/p>\n<h3>Reducci\u00f3n de las complicaciones<\/h3>\n<p>El tratamiento precoz del dolor permite evitar posibles complicaciones derivadas de un dolor prolongado. Este enfoque proactivo permite obtener mejores resultados a largo plazo.<\/p>\n<h3>Mejora de la recuperaci\u00f3n<\/h3>\n<p>El tratamiento precoz del dolor favorece una recuperaci\u00f3n m\u00e1s r\u00e1pida, permitiendo a las personas volver a sus rutinas normales con menos interrupciones.<\/p>\n<h2>P\u00f3ngase en contacto con nuestros m\u00e9dicos expertos en tratamiento del dolor de High Point<\/h2>\n<p>El dolor cr\u00f3nico no tiene por qu\u00e9 dominar su vida. El programa de tratamiento del dolor de High Point de Apex Orthopaedics Spine &amp; Neurology ofrece un enfoque compasivo e integral. Nuestros m\u00e9dicos experimentados trabajar\u00e1n con usted para desarrollar un plan de tratamiento personalizado que aborde la causa ra\u00edz de su dolor, ayud\u00e1ndole a conseguir un alivio duradero.<\/p>\n<p>No deje que el dolor cr\u00f3nico le detenga. Programe hoy mismo una consulta con un especialista en el tratamiento del dolor de High Point en Apex Orthopaedics Spine &amp; Neurology. Ll\u00e1menos al <a href=\"tel:+17044123045\"><i class=\"fa fa-phone-alt\"><\/i>704-412-3045<\/a> para obtener m\u00e1s informaci\u00f3n sobre nuestros programas de tratamiento del dolor asequibles.<\/p>\n","protected":false},"excerpt":{"rendered":"<p>Vivir con dolor cr\u00f3nico puede parecer una batalla sin tregua, que afecta dr\u00e1sticamente a su calidad de vida. Tanto si el malestar se debe a una lesi\u00f3n, a una enfermedad o a otra causa, el dolor cr\u00f3nico puede dificultar considerablemente sus actividades cotidianas. Si est\u00e1 luchando contra el dolor cr\u00f3nico, no est\u00e1 solo. En Apex [&hellip;]<\/p>\n","protected":false},"author":36,"featured_media":0,"parent":2733,"menu_order":0,"comment_status":"closed","ping_status":"closed","template":"","meta":{"_acf_changed":false,"footnotes":""},"categories":[],"tags":[],"class_list":["post-2790","page","type-page","status-publish","hentry"],"acf":[],"_links":{"self":[{"href":"https:\/\/www.apexosn.com\/es\/wp-json\/wp\/v2\/pages\/2790","targetHints":{"allow":["GET"]}}],"collection":[{"href":"https:\/\/www.apexosn.com\/es\/wp-json\/wp\/v2\/pages"}],"about":[{"href":"https:\/\/www.apexosn.com\/es\/wp-json\/wp\/v2\/types\/page"}],"author":[{"embeddable":true,"href":"https:\/\/www.apexosn.com\/es\/wp-json\/wp\/v2\/users\/36"}],"replies":[{"embeddable":true,"href":"https:\/\/www.apexosn.com\/es\/wp-json\/wp\/v2\/comments?post=2790"}],"version-history":[{"count":5,"href":"https:\/\/www.apexosn.com\/es\/wp-json\/wp\/v2\/pages\/2790\/revisions"}],"predecessor-version":[{"id":4954,"href":"https:\/\/www.apexosn.com\/es\/wp-json\/wp\/v2\/pages\/2790\/revisions\/4954"}],"up":[{"embeddable":true,"href":"https:\/\/www.apexosn.com\/es\/wp-json\/wp\/v2\/pages\/2733"}],"wp:attachment":[{"href":"https:\/\/www.apexosn.com\/es\/wp-json\/wp\/v2\/media?parent=2790"}],"wp:term":[{"taxonomy":"category","embeddable":true,"href":"https:\/\/www.apexosn.com\/es\/wp-json\/wp\/v2\/categories?post=2790"},{"taxonomy":"post_tag","embeddable":true,"href":"https:\/\/www.apexosn.com\/es\/wp-json\/wp\/v2\/tags?post=2790"}],"curies":[{"name":"wp","href":"https:\/\/api.w.org\/{rel}","templated":true}]}}