{"id":2789,"date":"2024-05-09T06:53:10","date_gmt":"2024-05-09T11:53:10","guid":{"rendered":"https:\/\/www.apexosn.com\/high-point-nc\/cirugia-ortopedica\/"},"modified":"2024-07-23T14:41:04","modified_gmt":"2024-07-23T19:41:04","slug":"cirugia-ortopedica","status":"publish","type":"page","link":"https:\/\/www.apexosn.com\/es\/high-point-nc\/cirugia-ortopedica\/","title":{"rendered":"Cirug\u00eda ortop\u00e9dica en High Point"},"content":{"rendered":"<p>Nuestro cuerpo es una m\u00e1quina asombrosa que nos permite movernos de innumerables maneras. Para realizar estos movimientos dependemos de nuestro sistema musculoesquel\u00e9tico, un entramado de huesos, m\u00fasculos, articulaciones, ligamentos y tendones. Como cualquier m\u00e1quina, las partes de nuestro cuerpo pueden desgastarse o lesionarse, provocando molestias o limitaciones de la movilidad. La atenci\u00f3n ortop\u00e9dica es crucial cuando surgen estos problemas. Los especialistas en este campo diagnostican, tratan y ayudan a prevenir los problemas del sistema musculoesquel\u00e9tico.<\/p>\n<p>Si usted se enfrenta a dolor persistente o restricciones de movimiento, la b\u00fasqueda de atenci\u00f3n ortop\u00e9dica profesional en High Point es esencial. Los m\u00e9dicos de Apex Orthopaedics Spine &amp; Neurology en High Point pueden evaluar su condici\u00f3n y sugerir los tratamientos m\u00e1s eficaces para ayudarle a recuperar su estilo de vida activo. Ll\u00e1menos hoy al <a href=\"tel:+17044123045\"><i class=\"fa fa-phone-alt\"><\/i>704-412-3045<\/a> para programar una cita.<\/p>\n\t\t<div data-elementor-type=\"section\" data-elementor-id=\"208\" class=\"elementor elementor-208\" data-elementor-post-type=\"elementor_library\">\n\t\t\t\t\t<section class=\"elementor-section elementor-top-section elementor-element elementor-element-485e576a elementor-section-boxed elementor-section-height-default elementor-section-height-default\" data-id=\"485e576a\" data-element_type=\"section\" data-e-type=\"section\">\n\t\t\t\t\t\t<div class=\"elementor-container elementor-column-gap-default\">\n\t\t\t\t\t<div class=\"elementor-column elementor-col-100 elementor-top-column elementor-element elementor-element-635c38c0\" data-id=\"635c38c0\" data-element_type=\"column\" data-e-type=\"column\">\n\t\t\t<div class=\"elementor-widget-wrap elementor-element-populated\">\n\t\t\t\t\t\t<div class=\"elementor-element elementor-element-3ba95c8a elementor-toc--minimized-on-tablet elementor-widget elementor-widget-table-of-contents\" data-id=\"3ba95c8a\" data-element_type=\"widget\" data-e-type=\"widget\" data-settings=\"{&quot;exclude_headings_by_selector&quot;:&quot;.toc-remove&quot;,&quot;headings_by_tags&quot;:[&quot;h2&quot;,&quot;h3&quot;],&quot;marker_view&quot;:&quot;numbers&quot;,&quot;no_headings_message&quot;:&quot;No se ha encontrado ning\\u00fan encabezado en esta p\\u00e1gina.&quot;,&quot;minimize_box&quot;:&quot;yes&quot;,&quot;minimized_on&quot;:&quot;tablet&quot;,&quot;hierarchical_view&quot;:&quot;yes&quot;,&quot;min_height&quot;:{&quot;unit&quot;:&quot;px&quot;,&quot;size&quot;:&quot;&quot;,&quot;sizes&quot;:[]},&quot;min_height_laptop&quot;:{&quot;unit&quot;:&quot;px&quot;,&quot;size&quot;:&quot;&quot;,&quot;sizes&quot;:[]},&quot;min_height_tablet&quot;:{&quot;unit&quot;:&quot;px&quot;,&quot;size&quot;:&quot;&quot;,&quot;sizes&quot;:[]},&quot;min_height_mobile&quot;:{&quot;unit&quot;:&quot;px&quot;,&quot;size&quot;:&quot;&quot;,&quot;sizes&quot;:[]}}\" data-widget_type=\"table-of-contents.default\">\n\t\t\t\t\t\t\t\t\t<div class=\"elementor-toc__header\">\n\t\t\t\t\t\t<div class=\"elementor-toc__header-title\">\n\t\t\t\tTable of Contents\t\t\t<\/div>\n\t\t\t\t\t\t\t\t\t\t<div class=\"elementor-toc__toggle-button elementor-toc__toggle-button--expand\" role=\"button\" tabindex=\"0\" aria-controls=\"elementor-toc__3ba95c8a\" aria-expanded=\"true\" aria-label=\"Abrir la tabla de contenidos\"><svg aria-hidden=\"true\" class=\"e-font-icon-svg e-fas-chevron-down\" viewBox=\"0 0 448 512\" xmlns=\"http:\/\/www.w3.org\/2000\/svg\"><path d=\"M207.029 381.476L12.686 187.132c-9.373-9.373-9.373-24.569 0-33.941l22.667-22.667c9.357-9.357 24.522-9.375 33.901-.04L224 284.505l154.745-154.021c9.379-9.335 24.544-9.317 33.901.04l22.667 22.667c9.373 9.373 9.373 24.569 0 33.941L240.971 381.476c-9.373 9.372-24.569 9.372-33.942 0z\"><\/path><\/svg><\/div>\n\t\t\t\t<div class=\"elementor-toc__toggle-button elementor-toc__toggle-button--collapse\" role=\"button\" tabindex=\"0\" aria-controls=\"elementor-toc__3ba95c8a\" aria-expanded=\"true\" aria-label=\"Cerrar la tabla de contenidos\"><svg aria-hidden=\"true\" class=\"e-font-icon-svg e-fas-chevron-up\" viewBox=\"0 0 448 512\" xmlns=\"http:\/\/www.w3.org\/2000\/svg\"><path d=\"M240.971 130.524l194.343 194.343c9.373 9.373 9.373 24.569 0 33.941l-22.667 22.667c-9.357 9.357-24.522 9.375-33.901.04L224 227.495 69.255 381.516c-9.379 9.335-24.544 9.317-33.901-.04l-22.667-22.667c-9.373-9.373-9.373-24.569 0-33.941L207.03 130.525c9.372-9.373 24.568-9.373 33.941-.001z\"><\/path><\/svg><\/div>\n\t\t\t\t\t<\/div>\n\t\t\t\t<div id=\"elementor-toc__3ba95c8a\" class=\"elementor-toc__body\">\n\t\t\t<div class=\"elementor-toc__spinner-container\">\n\t\t\t\t<svg class=\"elementor-toc__spinner eicon-animation-spin e-font-icon-svg e-eicon-loading\" aria-hidden=\"true\" viewBox=\"0 0 1000 1000\" xmlns=\"http:\/\/www.w3.org\/2000\/svg\"><path d=\"M500 975V858C696 858 858 696 858 500S696 142 500 142 142 304 142 500H25C25 237 238 25 500 25S975 237 975 500 763 975 500 975Z\"><\/path><\/svg>\t\t\t<\/div>\n\t\t<\/div>\n\t\t\t\t\t\t<\/div>\n\t\t\t\t\t<\/div>\n\t\t<\/div>\n\t\t\t\t\t<\/div>\n\t\t<\/section>\n\t\t\t\t<\/div>\n\t\t\n<h2>\u00bfQu\u00e9 es la ortopedia?<\/h2>\n<p>La atenci\u00f3n ortop\u00e9dica es una especialidad m\u00e9dica centrada en la prevenci\u00f3n, el diagn\u00f3stico y el tratamiento de los trastornos que afectan al sistema musculoesquel\u00e9tico. Este complejo sistema incluye huesos, articulaciones, m\u00fasculos, ligamentos, tendones y nervios. Los m\u00e9dicos ortop\u00e9dicos, u ortopedistas, est\u00e1n especializados en este complejo sistema. Poseen las habilidades y los conocimientos necesarios para tratar una amplia gama de problemas musculoesquel\u00e9ticos, desde lesiones deportivas y artritis hasta fracturas, pr\u00f3tesis articulares y tumores espec\u00edficos.<\/p>\n<h3>Razones comunes para el tratamiento ortop\u00e9dico<\/h3>\n<p>Dada la complejidad y el uso constante del sistema musculoesquel\u00e9tico, pueden surgir diversas afecciones que requieran una intervenci\u00f3n ortop\u00e9dica. A continuaci\u00f3n se exponen los motivos m\u00e1s comunes por los que se puede necesitar atenci\u00f3n ortop\u00e9dica.<\/p>\n<h3>Lesiones<\/h3>\n<p>Los accidentes, las ca\u00eddas y las actividades deportivas pueden provocar diversas lesiones musculoesquel\u00e9ticas, como fracturas, esguinces, luxaciones y lesiones de tejidos blandos como desgarros musculares o tendinitis. Los m\u00e9dicos ortop\u00e9dicos pueden diagnosticar con precisi\u00f3n la gravedad de estas lesiones y desarrollar un plan de tratamiento para garantizar una curaci\u00f3n y recuperaci\u00f3n \u00f3ptimas.<\/p>\n<h3>Dolores de espalda y cuello<\/h3>\n<p>El dolor de espalda y cuello es una preocupaci\u00f3n generalizada. Las malas posturas, los esfuerzos repetitivos y las lesiones suelen ser sus causas. Los m\u00e9dicos ortop\u00e9dicos pueden identificar la causa del dolor y sugerir tratamientos como fisioterapia, tratamiento del dolor o inyecciones en la columna vertebral. En casos graves, como hernias discales y estenosis espinal, puede ser necesaria la cirug\u00eda.<\/p>\n<h3>Artritis<\/h3>\n<p>La artritis consiste en la inflamaci\u00f3n y degeneraci\u00f3n de las articulaciones. Se presenta en varias formas, siendo la artrosis y la artritis reumatoide las m\u00e1s comunes. Los m\u00e9dicos ortop\u00e9dicos tratan la artritis con medicamentos, inyecciones, fisioterapia y, a veces, cirug\u00eda de sustituci\u00f3n articular para recuperar la movilidad y reducir el dolor.<\/p>\n<h3>Lesiones deportivas<\/h3>\n<p>Los deportistas son susceptibles de sufrir lesiones musculoesquel\u00e9ticas debido al uso excesivo o a un impacto repentino. Los m\u00e9dicos ortop\u00e9dicos especializados en medicina deportiva pueden diagnosticar y tratar estas lesiones, como distensiones, esguinces, tendinitis, roturas de ligamentos y fracturas. Tambi\u00e9n ayudan a los deportistas a prevenir futuras lesiones optimizando las t\u00e9cnicas de entrenamiento y sugiriendo ejercicios adecuados.<\/p>\n<h3>Fracturas \u00f3seas<\/h3>\n<p>Las fracturas, o huesos rotos, pueden ser consecuencia de accidentes, ca\u00eddas o determinadas afecciones m\u00e9dicas. Los traumat\u00f3logos pueden diagnosticar las fracturas, determinar su gravedad y recomendar tratamientos como la colocaci\u00f3n de yesos, f\u00e9rulas o cirug\u00eda para garantizar una curaci\u00f3n y alineaci\u00f3n adecuadas.<\/p>\n<h3>Sustituci\u00f3n de articulaciones<\/h3>\n<p>La artritis grave, las lesiones u otras afecciones pueden da\u00f1ar irreparablemente las articulaciones, causando un dolor importante y limitando la movilidad. Los cirujanos ortop\u00e9dicos destacan en las cirug\u00edas de sustituci\u00f3n articular, como las de cadera, rodilla y hombro. Estas cirug\u00edas pueden reducir significativamente el dolor y restaurar la funci\u00f3n articular, permiti\u00e9ndole recuperar la independencia.<\/p>\n<h3>Problemas de pie y tobillo<\/h3>\n<p>Los problemas de pie y tobillo, como juanetes, dedos en martillo, fascitis plantar, esguinces de tobillo y tendinitis de Aquiles, pueden afectar a la movilidad y las actividades cotidianas. Los m\u00e9dicos ortop\u00e9dicos pueden diagnosticar estos problemas y aconsejar tratamientos, desde fisioterapia y aparatos ortop\u00e9dicos a medida hasta cirug\u00eda si es necesaria.<\/p>\n<h3>Afecciones cong\u00e9nitas<\/h3>\n<p>Algunas personas nacen con anomal\u00edas musculoesquel\u00e9ticas como pie zambo o displasia de cadera. Los especialistas en ortopedia pueden diagnosticar y tratar estas afecciones en colaboraci\u00f3n con los pediatras, utilizando a menudo ortesis, fisioterapia y, en ocasiones, intervenciones quir\u00fargicas.<\/p>\n<h3>Tumores musculoesquel\u00e9ticos<\/h3>\n<p>Aunque poco frecuentes, los tumores musculoesquel\u00e9ticos pueden desarrollarse en huesos, tejidos blandos o cart\u00edlagos. Los especialistas en ortopedia colaboran con los onc\u00f3logos para diagnosticar y tratar estos tumores mediante cirug\u00eda, radioterapia, quimioterapia o una combinaci\u00f3n de m\u00e9todos.<\/p>\n<p><a href=\"https:\/\/www.apexosn.com\/wp-content\/uploads\/2024\/05\/shutterstock_2256373547.jpg\"><img fetchpriority=\"high\" decoding=\"async\" class=\"alignnone size-full wp-image-4179\" src=\"https:\/\/www.apexosn.com\/wp-content\/uploads\/2024\/05\/shutterstock_2256373547.jpg\" alt=\"orthopedic surgery in High Point, NC\" width=\"500\" height=\"334\" srcset=\"https:\/\/www.apexosn.com\/wp-content\/uploads\/2024\/05\/shutterstock_2256373547.jpg 500w, https:\/\/www.apexosn.com\/wp-content\/uploads\/2024\/05\/shutterstock_2256373547-300x200.jpg 300w\" sizes=\"(max-width: 500px) 100vw, 500px\" \/><\/a><\/p>\n<h2>\u00bfCu\u00e1ndo debe consultar a un m\u00e9dico ortop\u00e9dico de High Point?<\/h2>\n<p>Si usted experimenta cualquiera de los siguientes problemas, es el momento de buscar atenci\u00f3n ortop\u00e9dica en Apex Orthopaedics Spine &amp; Neurology en High Point:<\/p>\n<h3>Rango limitado de movimiento<\/h3>\n<p>Las articulaciones permiten el movimiento en varias partes del cuerpo. Si no puede levantar el brazo, doblar el codo completamente, o ponerse en cuclillas, es posible que necesite ayuda ortop\u00e9dica. Una amplitud de movimiento limitada puede dificultar las tareas cotidianas. Su m\u00e9dico evaluar\u00e1 a fondo su estado y elaborar\u00e1 un plan de tratamiento para abordar el problema.<\/p>\n<h3>Inestabilidad al ponerse de pie o caminar<\/h3>\n<p>Sentirse inestable al estar de pie o caminar podr\u00eda indicar un problema de equilibrio o una lesi\u00f3n en los m\u00fasculos, articulaciones o huesos. Un m\u00e9dico ortop\u00e9dico puede evaluar su estabilidad y recomendar t\u00e9cnicas para ayudarle a estar de pie y caminar sin problemas de equilibrio.<\/p>\n<h3>Lesiones persistentes de tejidos blandos<\/h3>\n<p>Los esguinces y distensiones leves suelen mejorar con reposo, hielo, compresi\u00f3n y otros remedios sencillos. Sin embargo, si el dolor o la inflamaci\u00f3n de una lesi\u00f3n persisten despu\u00e9s de dos d\u00edas, es esencial consultar a un traumat\u00f3logo. S\u00f3lo ellos pueden descartar lesiones graves y guiarle hacia la recuperaci\u00f3n.<\/p>\n<h3>Dolor cr\u00f3nico<\/h3>\n<p>El dolor persistente que dura tres meses o m\u00e1s en cualquier parte del sistema musculoesquel\u00e9tico requiere atenci\u00f3n ortop\u00e9dica. Esto a menudo indica una condici\u00f3n subyacente que requiere atenci\u00f3n profesional.<\/p>\n<h2>Tipos de tratamiento ortop\u00e9dico<\/h2>\n<p>Los m\u00e9dicos ortop\u00e9dicos disponen de una amplia gama de opciones de tratamiento. Algunos de los tratamientos m\u00e1s comunes incluyen:<\/p>\n<h3>Medicamentos<\/h3>\n<p>Los m\u00e9dicos ortop\u00e9dicos pueden recetar varios medicamentos para controlar los s\u00edntomas de las afecciones musculoesquel\u00e9ticas:<\/p>\n<p><strong>Analg\u00e9sicos<\/strong>: Los analg\u00e9sicos de venta libre, como el ibuprofeno o el paracetamol, pueden aliviar el dolor y la inflamaci\u00f3n.<br \/>\n<strong>Inyecciones de corticosteroides<\/strong>: Proporcionan un alivio espec\u00edfico del dolor al administrar medicamentos antiinflamatorios directamente en la zona afectada.<br \/>\n<strong>Relajantes musculares<\/strong>: Estos medicamentos ayudan a aliviar los espasmos musculares y la rigidez.<br \/>\n<strong>F\u00e1rmacos antirreum\u00e1ticos modificadores de la enfermedad (FAME)<\/strong>: Frenan la progresi\u00f3n de ciertas enfermedades autoinmunes, como la artritis reumatoide.<\/p>\n<h3>Fisioterapia<\/h3>\n<p>La fisioterapia es crucial en el cuidado ortop\u00e9dico. Un fisioterapeuta dise\u00f1a un programa de ejercicios personalizado para mejorar la fuerza, la flexibilidad, la amplitud de movimiento y el equilibrio. Pueden utilizar t\u00e9cnicas de terapia manual como el masaje y la movilizaci\u00f3n articular para aliviar el dolor y la rigidez. La fisioterapia es vital para la rehabilitaci\u00f3n tras las lesiones, el tratamiento de enfermedades cr\u00f3nicas como la artritis y la prevenci\u00f3n de futuros problemas musculoesquel\u00e9ticos.<\/p>\n<h3>Ortesis y f\u00e9rulas<\/h3>\n<p>Los dispositivos de apoyo, como los cors\u00e9s y las f\u00e9rulas, pueden inmovilizar o estabilizar una articulaci\u00f3n, un hueso o un m\u00fasculo lesionados, reduciendo el dolor, favoreciendo la curaci\u00f3n y previniendo nuevas lesiones. Por ejemplo, puede utilizarse una escayola para una fractura \u00f3sea o una f\u00e9rula para un esguince de tobillo.<\/p>\n<h3>Inyecciones<\/h3>\n<p>Adem\u00e1s de las inyecciones de corticoesteroides, pueden emplearse otros tipos de inyecciones en la atenci\u00f3n ortop\u00e9dica:<\/p>\n<p><strong>Inyecciones de \u00e1cido hialur\u00f3nico<\/strong>: Utilizadas para lubricar las articulaciones afectadas por la artrosis, estas inyecciones proporcionan un alivio temporal del dolor y una mejora de la funci\u00f3n articular.<br \/>\n<strong>Inyecciones de plasma rico en plaquetas (PRP)<\/strong>: Las inyecciones de PRP utilizan una concentraci\u00f3n de plaquetas del propio paciente para favorecer la cicatrizaci\u00f3n en lesiones de tejidos blandos.<\/p>\n<p><a href=\"https:\/\/www.apexosn.com\/wp-content\/uploads\/2024\/05\/shutterstock_2128014497.jpg\"><img decoding=\"async\" class=\"alignnone size-full wp-image-4182\" src=\"https:\/\/www.apexosn.com\/wp-content\/uploads\/2024\/05\/shutterstock_2128014497.jpg\" alt=\"Bracing for Orthopedic\" width=\"500\" height=\"334\" srcset=\"https:\/\/www.apexosn.com\/wp-content\/uploads\/2024\/05\/shutterstock_2128014497.jpg 500w, https:\/\/www.apexosn.com\/wp-content\/uploads\/2024\/05\/shutterstock_2128014497-300x200.jpg 300w\" sizes=\"(max-width: 500px) 100vw, 500px\" \/><\/a><\/p>\n<p><strong>Cirug\u00eda ortop\u00e9dica<\/strong><\/p>\n<p>Los m\u00e9dicos ortop\u00e9dicos est\u00e1n capacitados para realizar diversos procedimientos quir\u00fargicos en el sistema musculoesquel\u00e9tico. Los tipos comunes de cirug\u00eda ortop\u00e9dica incluyen:<\/p>\n<p><strong>Artroscopia<\/strong><\/p>\n<p>Un procedimiento m\u00ednimamente invasivo, la artroscopia emplea una c\u00e1mara diminuta para diagnosticar y tratar problemas articulares como ligamentos rotos o da\u00f1os en el cart\u00edlago.<\/p>\n<p><strong>Cirug\u00eda de reparaci\u00f3n de fracturas<\/strong><\/p>\n<p>La reparaci\u00f3n de fracturas consiste en fijar y estabilizar huesos rotos mediante t\u00e9cnicas como placas, tornillos o barras.<\/p>\n<p><strong>Cirug\u00eda de sustituci\u00f3n articular<\/strong><\/p>\n<p>La artritis grave o los da\u00f1os articulares pueden requerir la sustituci\u00f3n de la articulaci\u00f3n por un implante prot\u00e9sico, como en las operaciones de pr\u00f3tesis de cadera, rodilla u hombro.<\/p>\n<p><strong>Cirug\u00eda de la columna vertebral<\/strong><\/p>\n<p>Afecciones como hernias discales, estenosis espinal o deformidades de la columna vertebral pueden requerir cirug\u00eda de columna.<\/p>\n<h2>\u00a1Elija Apex para Cirug\u00eda Ortop\u00e9dica en High Point!<\/h2>\n<p>Nuestro sistema m\u00fasculo-esquel\u00e9tico es esencial para el movimiento, el trabajo y una vida activa. La atenci\u00f3n ortop\u00e9dica es vital para mantener la salud y la funci\u00f3n de este complejo sistema. La comprensi\u00f3n de las condiciones tratadas por los m\u00e9dicos ortop\u00e9dicos y las opciones de tratamiento disponibles le permite tomar un enfoque proactivo para su salud musculoesquel\u00e9tica.<\/p>\n<p>Si usted est\u00e1 tratando con una lesi\u00f3n aguda, dolor cr\u00f3nico, o una condici\u00f3n cong\u00e9nita, nuestros m\u00e9dicos ortop\u00e9dicos High Point puede diagnosticar y tratar una amplia gama de problemas musculoesquel\u00e9ticos. El equipo de Apex Orthopaedics Spine &amp; Neurology se compromete a ayudarle a recuperar su independencia y calidad de vida. Ofrecemos servicios de fisioterapia, tratamiento del dolor y cirug\u00eda ortop\u00e9dica en High Point. Ll\u00e1menos al <a href=\"tel:+17044123045\"><i class=\"fa fa-phone-alt\"><\/i>704-412-3045<\/a> para programar una cita.<\/p>\n","protected":false},"excerpt":{"rendered":"<p>Nuestro cuerpo es una m\u00e1quina asombrosa que nos permite movernos de innumerables maneras. Para realizar estos movimientos dependemos de nuestro sistema musculoesquel\u00e9tico, un entramado de huesos, m\u00fasculos, articulaciones, ligamentos y tendones. Como cualquier m\u00e1quina, las partes de nuestro cuerpo pueden desgastarse o lesionarse, provocando molestias o limitaciones de la movilidad. La atenci\u00f3n ortop\u00e9dica es crucial [&hellip;]<\/p>\n","protected":false},"author":36,"featured_media":0,"parent":2733,"menu_order":0,"comment_status":"closed","ping_status":"closed","template":"","meta":{"_acf_changed":false,"footnotes":""},"categories":[],"tags":[],"class_list":["post-2789","page","type-page","status-publish","hentry"],"acf":[],"_links":{"self":[{"href":"https:\/\/www.apexosn.com\/es\/wp-json\/wp\/v2\/pages\/2789","targetHints":{"allow":["GET"]}}],"collection":[{"href":"https:\/\/www.apexosn.com\/es\/wp-json\/wp\/v2\/pages"}],"about":[{"href":"https:\/\/www.apexosn.com\/es\/wp-json\/wp\/v2\/types\/page"}],"author":[{"embeddable":true,"href":"https:\/\/www.apexosn.com\/es\/wp-json\/wp\/v2\/users\/36"}],"replies":[{"embeddable":true,"href":"https:\/\/www.apexosn.com\/es\/wp-json\/wp\/v2\/comments?post=2789"}],"version-history":[{"count":4,"href":"https:\/\/www.apexosn.com\/es\/wp-json\/wp\/v2\/pages\/2789\/revisions"}],"predecessor-version":[{"id":5619,"href":"https:\/\/www.apexosn.com\/es\/wp-json\/wp\/v2\/pages\/2789\/revisions\/5619"}],"up":[{"embeddable":true,"href":"https:\/\/www.apexosn.com\/es\/wp-json\/wp\/v2\/pages\/2733"}],"wp:attachment":[{"href":"https:\/\/www.apexosn.com\/es\/wp-json\/wp\/v2\/media?parent=2789"}],"wp:term":[{"taxonomy":"category","embeddable":true,"href":"https:\/\/www.apexosn.com\/es\/wp-json\/wp\/v2\/categories?post=2789"},{"taxonomy":"post_tag","embeddable":true,"href":"https:\/\/www.apexosn.com\/es\/wp-json\/wp\/v2\/tags?post=2789"}],"curies":[{"name":"wp","href":"https:\/\/api.w.org\/{rel}","templated":true}]}}