{"id":2788,"date":"2024-05-09T06:54:19","date_gmt":"2024-05-09T11:54:19","guid":{"rendered":"https:\/\/www.apexosn.com\/high-point-nc\/neurology\/"},"modified":"2024-05-25T08:14:30","modified_gmt":"2024-05-25T13:14:30","slug":"neurologia","status":"publish","type":"page","link":"https:\/\/www.apexosn.com\/es\/high-point-nc\/neurologia\/","title":{"rendered":"Neurolog\u00eda en High Point"},"content":{"rendered":"<p>A pesar de los avances en seguridad automovil\u00edstica y tecnolog\u00edas de ayuda al conductor, los accidentes de tr\u00e1fico siguen siendo frecuentes. Tras una colisi\u00f3n, las lesiones suelen requerir atenci\u00f3n especializada m\u00e1s all\u00e1 del tratamiento inicial en urgencias. Las lesiones cerebrales, medulares o nerviosas justifican especialmente la consulta de un especialista en neurolog\u00eda.<\/p>\n<p>Elegir entre un neur\u00f3logo y un traumat\u00f3logo puede resultar confuso, ya que ambos suelen tratar afecciones similares. En Apex Orthopaedics Spine &amp; Neurology de High Point, contamos con un equipo excepcional de neur\u00f3logos, ortopedistas y especialistas en el tratamiento del dolor. Poseemos la experiencia, el amplio conjunto de habilidades y las instalaciones avanzadas necesarias para ayudarle a recuperarse completamente de los s\u00edntomas neurol\u00f3gicos resultantes de un accidente de coche.<\/p>\n<h2>S\u00edntomas de una lesi\u00f3n neurol\u00f3gica<\/h2>\n<p><img fetchpriority=\"high\" decoding=\"async\" class=\"alignnone wp-image-4184 size-full\" src=\"https:\/\/www.apexosn.com\/wp-content\/uploads\/2024\/05\/shutterstock_105334781-min-1.jpg\" alt=\"Neurology doctor comforts a patient suffering with migraines\" width=\"500\" height=\"353\" srcset=\"https:\/\/www.apexosn.com\/wp-content\/uploads\/2024\/05\/shutterstock_105334781-min-1.jpg 500w, https:\/\/www.apexosn.com\/wp-content\/uploads\/2024\/05\/shutterstock_105334781-min-1-300x212.jpg 300w\" sizes=\"(max-width: 500px) 100vw, 500px\" \/><\/p>\n<p>Las lesiones neurol\u00f3gicas no se limitan a las cerebrales, sino que incluyen fracturas de cr\u00e1neo y columna vertebral, lesiones de la m\u00e9dula espinal y lesiones de nervios perif\u00e9ricos. Reconocer estos s\u00edntomas es crucial, ya que una intervenci\u00f3n m\u00e9dica inmediata y adecuada puede influir significativamente en la recuperaci\u00f3n.<\/p>\n<h3>S\u00edntomas comunes de las lesiones neurol\u00f3gicas<\/h3>\n<ul>\n<li>P\u00e9rdida de memoria y dificultad de comprensi\u00f3n<\/li>\n<li>Dolores de cabeza o migra\u00f1as persistentes<\/li>\n<li>Aumento de la ansiedad y la irritabilidad<\/li>\n<li>Sensibilidad a la luz<\/li>\n<li>O\u00edr ruidos extra\u00f1os o zumbidos en los o\u00eddos<\/li>\n<li>Dificultad para hablar<\/li>\n<li>V\u00f3mitos y n\u00e1useas frecuentes<\/li>\n<li>Entumecimiento, hormigueo o sensaci\u00f3n de pinchazos en las extremidades.<\/li>\n<li>Rigidez o dolor muscular en el cuello o la espalda<\/li>\n<li>P\u00e9rdida de sensibilidad en los dedos de las manos, los brazos, los pies o las piernas.<\/li>\n<\/ul>\n<p>Nunca d\u00e9 por sentado que estos s\u00edntomas mejorar\u00e1n por s\u00ed solos tras un accidente de tr\u00e1fico. El impacto de tales colisiones es a menudo m\u00e1s grave de lo previsto, y los retrasos en el tratamiento puede agravar la condici\u00f3n. En Apex Orthopaedics Spine &amp; Neurology de High Point, evaluamos minuciosamente sus s\u00edntomas y le proporcionamos el tratamiento adecuado utilizando moderna tecnolog\u00eda de diagn\u00f3stico.<\/p>\n<h2>\u00bfPor qu\u00e9 acudir a un m\u00e9dico especialista en neurolog\u00eda?<\/h2>\n<p>Muchas personas s\u00f3lo comprueban las lesiones evidentes inmediatamente despu\u00e9s de un accidente, lo que les lleva a creer que est\u00e1n ilesos. Sin embargo, algunas lesiones pueden hacerse evidentes s\u00f3lo al cabo de d\u00edas o semanas. He aqu\u00ed cinco razones de peso para consultar a un neur\u00f3logo tras un accidente de tr\u00e1fico:<\/p>\n<h3>Repercusiones en la vida diaria<\/h3>\n<p>Las lesiones de tejidos blandos que afectan a m\u00fasculos, ligamentos y tendones pueden causar malestar y rigidez. Las lesiones m\u00e1s graves de la columna vertebral afectan a los nervios y los discos, pudiendo provocar dolor cr\u00f3nico, movilidad limitada e incluso par\u00e1lisis si no se tratan.<\/p>\n<h3>Refuerce su caso de lesiones personales<\/h3>\n<p>La b\u00fasqueda inmediata de tratamiento m\u00e9dico proporciona pruebas esenciales de que las lesiones se produjeron en el accidente. Esta documentaci\u00f3n es crucial, especialmente cuando se trata de reclamaciones de seguros, ya que ayuda a fundamentar su caso. Sin ella, obtener una indemnizaci\u00f3n por gastos m\u00e9dicos y otros da\u00f1os puede ser dif\u00edcil.<\/p>\n<h3>Cambios de personalidad y salud mental<\/h3>\n<p>Las lesiones cerebrales traum\u00e1ticas (LCT) pueden alterar los rasgos de la personalidad, causando irritabilidad, cambios de humor y nerviosismo. Los trastornos del sue\u00f1o tambi\u00e9n son frecuentes despu\u00e9s de una LCT, lo que afecta a la salud mental. Pueden desarrollarse afecciones como el trastorno de estr\u00e9s postraum\u00e1tico (TEPT), que afectan a las relaciones con los seres queridos.<\/p>\n<h3>S\u00edntomas retardados<\/h3>\n<p>Es posible que los s\u00edntomas de las lesiones neurol\u00f3gicas no aparezcan inmediatamente, sino que se desarrollen d\u00edas o incluso meses despu\u00e9s del accidente. Dolores de cabeza persistentes, rigidez de cuello o espalda, mareos, visi\u00f3n borrosa, problemas de memoria y dificultad para concentrarse son s\u00edntomas retardados comunes.<\/p>\n<h3>Posible empeoramiento con el tiempo<\/h3>\n<p>La atenci\u00f3n m\u00e9dica temprana es clave para acelerar la recuperaci\u00f3n y lograr mejores resultados. Retrasar el tratamiento puede provocar una curaci\u00f3n inadecuada, dolor cr\u00f3nico y discapacidad a largo plazo. Una intervenci\u00f3n temprana garantiza un tratamiento eficaz del dolor, mejores mecanismos de afrontamiento y periodos de recuperaci\u00f3n m\u00e1s cortos.<\/p>\n<h3>Consecuencias potencialmente mortales de las lesiones no tratadas<\/h3>\n<p>Las LCT no tratadas pueden ser mortales, a pesar del alivio inicial. Los Centros para el Control y la Prevenci\u00f3n de Enfermedades (CDC) informan de numerosas muertes relacionadas con LCT cada a\u00f1o, algunas de las cuales ocurren mucho despu\u00e9s de la lesi\u00f3n inicial. Por lo tanto, la consulta inmediata con un neur\u00f3logo de High Point puede mitigar las consecuencias inmediatas y a largo plazo.<\/p>\n<h2>Detecci\u00f3n de afecciones neurol\u00f3gicas<\/h2>\n<p><img decoding=\"async\" class=\"alignnone wp-image-3277 size-full\" src=\"https:\/\/www.apexosn.com\/wp-content\/uploads\/2024\/05\/shutterstock_1930897430-min.jpg\" alt=\"Neurology specialist identifies in issue in the brain on a scan\" width=\"500\" height=\"386\" srcset=\"https:\/\/www.apexosn.com\/wp-content\/uploads\/2024\/05\/shutterstock_1930897430-min.jpg 500w, https:\/\/www.apexosn.com\/wp-content\/uploads\/2024\/05\/shutterstock_1930897430-min-300x232.jpg 300w\" sizes=\"(max-width: 500px) 100vw, 500px\" \/><\/p>\n<p>El examen de un neur\u00f3logo incluye la revisi\u00f3n del historial m\u00e9dico y el estudio de las capacidades sensoriales y motoras, la coordinaci\u00f3n de la visi\u00f3n, la fuerza, el habla, la audici\u00f3n y los reflejos. Estas pruebas determinan la gravedad de los posibles problemas causados por un accidente de coche. Los resultados orientan las pruebas diagn\u00f3sticas y las opciones de tratamiento.<\/p>\n<h3>Herramientas de diagn\u00f3stico de la neurolog\u00eda de High Point<\/h3>\n<p>Nuestros neur\u00f3logos en High Point utilizan herramientas de diagn\u00f3stico avanzadas y procedimientos para identificar el da\u00f1o neurol\u00f3gico post-accidente:<\/p>\n<p><strong>Resonancia magn\u00e9tica<\/strong>: Proporciona im\u00e1genes transversales detalladas del cerebro y la m\u00e9dula espinal, ideal para diagnosticar lesiones cerebrales y evaluar da\u00f1os en los nervios.<\/p>\n<p><strong>Electromiograf\u00eda (EMG) \/ Velocidad de conducci\u00f3n nerviosa (VCN)<\/strong>: Mide la actividad el\u00e9ctrica de m\u00fasculos y nervios mediante electrodos de aguja e impulsos el\u00e9ctricos.<\/p>\n<p><strong>Videonistagmograf\u00eda (VNG)<\/strong>: Eval\u00faa de forma no invasiva la funci\u00f3n del o\u00eddo interno y los problemas de equilibrio mediante el an\u00e1lisis de los movimientos oculares y las respuestas a est\u00edmulos auditivos.<\/p>\n<p><strong>Electroencefalograma cuantitativo (EEG)<\/strong>: Eval\u00faa la actividad el\u00e9ctrica cerebral, detectando patrones que indican problemas neurol\u00f3gicos.<br \/>\nCartograf\u00eda cerebral: Examina tanto los aspectos estructurales como funcionales del cerebro para proporcionar una comprensi\u00f3n global de cualquier afecci\u00f3n neurol\u00f3gica.<\/p>\n<p>Cuando visite Apex Orthopaedics Spine &amp; Neurology en High Point, nuestros especialistas realizar\u00e1n las evaluaciones necesarias, incluidas estas pruebas diagn\u00f3sticas, para crear un plan de tratamiento personalizado.<\/p>\n<h2>Tratamientos de neurolog\u00eda<\/h2>\n<p>Con el objetivo de ofrecer una atenci\u00f3n integral, ofrecemos servicios complementarios que abordan diversos aspectos de la salud. Nuestros equipos completos de neurolog\u00eda, ortopedia y rehabilitaci\u00f3n trabajan de forma cohesionada para facilitar una recuperaci\u00f3n completa. Nuestros servicios incluyen<\/p>\n<h3>Tratamiento del dolor<\/h3>\n<p>Nuestro equipo de tratamiento del dolor est\u00e1 especializado en m\u00e9todos no quir\u00fargicos para aliviar el dolor espinal y nervioso. Ofrecemos una amplia gama de opciones, desde medicamentos hasta neurotom\u00eda por radiofrecuencia, que utiliza la cauterizaci\u00f3n para proporcionar un alivio duradero del dolor.<\/p>\n<h3>Cirug\u00eda<\/h3>\n<p>Nuestro equipo de cirug\u00eda ortop\u00e9dica ofrece tratamientos para lesiones por accidente de coche, incluyendo procedimientos m\u00ednimamente invasivos y cirug\u00edas correctivas. Tanto si necesita una sustituci\u00f3n discal como una fusi\u00f3n espinal, adaptamos las opciones quir\u00fargicas a sus necesidades espec\u00edficas, lo que a menudo permite la recuperaci\u00f3n en el mismo d\u00eda en casa.<\/p>\n<h3>Remisiones y recomendaciones adicionales<\/h3>\n<p>En funci\u00f3n de los requisitos neurol\u00f3gicos, facilitamos las derivaciones a psiquiatras u otros especialistas. Tambi\u00e9n recomendamos combinar ejercicios cognitivos con cuidados quiropr\u00e1cticos y fisioterapia para ayudarle a recuperar su estilo de vida.<\/p>\n<h2>Hable hoy mismo con un especialista en neurolog\u00eda de High Point.<\/h2>\n<p><img decoding=\"async\" class=\"alignnone wp-image-1816\" src=\"https:\/\/www.apexosn.com\/wp-content\/uploads\/2020\/12\/Apex-Doctors.png\" alt=\"Apex Orthopaedics Spine &amp; Neurology team of doctors\" width=\"500\" height=\"241\" srcset=\"https:\/\/www.apexosn.com\/wp-content\/uploads\/2020\/12\/Apex-Doctors.png 776w, https:\/\/www.apexosn.com\/wp-content\/uploads\/2020\/12\/Apex-Doctors-300x145.png 300w, https:\/\/www.apexosn.com\/wp-content\/uploads\/2020\/12\/Apex-Doctors-768x370.png 768w\" sizes=\"(max-width: 500px) 100vw, 500px\" \/><\/p>\n<p>&nbsp;<\/p>\n<p>Las lesiones por accidente de coche pueden ser debilitantes y provocar enfermedades cr\u00f3nicas si no se tratan. Si usted o un ser querido ha sufrido lesiones en un accidente de coche, Apex Orthopaedics Spine &amp; Neurology en High Point est\u00e1 aqu\u00ed para ayudarle. Nuestros m\u00e9dicos neur\u00f3logos y profesionales sanitarios diagnostican las lesiones y desarrollan planes de tratamiento personalizados adaptados a sus lesiones y a su estilo de vida. Utilizando un enfoque de tratamiento hol\u00edstico, nuestro objetivo es garantizar una recuperaci\u00f3n completa y prevenir problemas cr\u00f3nicos. Ll\u00e1menos hoy al <a href=\"tel:+17044123045\"><i class=\"fa fa-phone-alt\"><\/i>704-412-3045<\/a> para programar una consulta.<\/p>\n","protected":false},"excerpt":{"rendered":"<p>A pesar de los avances en seguridad automovil\u00edstica y tecnolog\u00edas de ayuda al conductor, los accidentes de tr\u00e1fico siguen siendo frecuentes. Tras una colisi\u00f3n, las lesiones suelen requerir atenci\u00f3n especializada m\u00e1s all\u00e1 del tratamiento inicial en urgencias. Las lesiones cerebrales, medulares o nerviosas justifican especialmente la consulta de un especialista en neurolog\u00eda. Elegir entre un [&hellip;]<\/p>\n","protected":false},"author":36,"featured_media":8448,"parent":2733,"menu_order":0,"comment_status":"closed","ping_status":"closed","template":"","meta":{"_acf_changed":false,"footnotes":""},"categories":[],"tags":[],"class_list":["post-2788","page","type-page","status-publish","has-post-thumbnail","hentry"],"acf":[],"_links":{"self":[{"href":"https:\/\/www.apexosn.com\/es\/wp-json\/wp\/v2\/pages\/2788","targetHints":{"allow":["GET"]}}],"collection":[{"href":"https:\/\/www.apexosn.com\/es\/wp-json\/wp\/v2\/pages"}],"about":[{"href":"https:\/\/www.apexosn.com\/es\/wp-json\/wp\/v2\/types\/page"}],"author":[{"embeddable":true,"href":"https:\/\/www.apexosn.com\/es\/wp-json\/wp\/v2\/users\/36"}],"replies":[{"embeddable":true,"href":"https:\/\/www.apexosn.com\/es\/wp-json\/wp\/v2\/comments?post=2788"}],"version-history":[{"count":5,"href":"https:\/\/www.apexosn.com\/es\/wp-json\/wp\/v2\/pages\/2788\/revisions"}],"predecessor-version":[{"id":4948,"href":"https:\/\/www.apexosn.com\/es\/wp-json\/wp\/v2\/pages\/2788\/revisions\/4948"}],"up":[{"embeddable":true,"href":"https:\/\/www.apexosn.com\/es\/wp-json\/wp\/v2\/pages\/2733"}],"wp:featuredmedia":[{"embeddable":true,"href":"https:\/\/www.apexosn.com\/es\/wp-json\/wp\/v2\/media\/8448"}],"wp:attachment":[{"href":"https:\/\/www.apexosn.com\/es\/wp-json\/wp\/v2\/media?parent=2788"}],"wp:term":[{"taxonomy":"category","embeddable":true,"href":"https:\/\/www.apexosn.com\/es\/wp-json\/wp\/v2\/categories?post=2788"},{"taxonomy":"post_tag","embeddable":true,"href":"https:\/\/www.apexosn.com\/es\/wp-json\/wp\/v2\/tags?post=2788"}],"curies":[{"name":"wp","href":"https:\/\/api.w.org\/{rel}","templated":true}]}}