{"id":2783,"date":"2024-05-09T03:10:02","date_gmt":"2024-05-09T08:10:02","guid":{"rendered":"https:\/\/www.apexosn.com\/high-point-nc\/huesos-rotos\/"},"modified":"2024-05-24T05:08:43","modified_gmt":"2024-05-24T10:08:43","slug":"huesos-rotos","status":"publish","type":"page","link":"https:\/\/www.apexosn.com\/es\/huesos-rotos\/","title":{"rendered":"Huesos rotos"},"content":{"rendered":"<p>Las fracturas \u00f3seas no tratadas pueden provocar dolores intensos, infecciones y complicaciones potencialmente mortales, que requieren tratamientos prolongados. Para evitar estos riesgos, la atenci\u00f3n m\u00e9dica inmediata de las fracturas \u00f3seas es crucial.<\/p>\n<p>Si recibe tratamiento con prontitud, podr\u00e1 garantizar un diagn\u00f3stico preciso, prevenir infecciones, evitar complicaciones, tratar eficazmente el dolor y favorecer la correcta curaci\u00f3n de la fractura. Una experiencia c\u00f3moda y compasiva para el paciente puede influir significativamente en su proceso de recuperaci\u00f3n.<\/p>\n<p>Si sospecha que tiene un hueso roto, acuda a Apex Orthopaedics Spine &amp; Neurology. Ofrecemos una atenci\u00f3n integral para las fracturas, utilizando t\u00e9cnicas avanzadas para aliviar el dolor, diagnosticar con precisi\u00f3n la lesi\u00f3n y aplicar tratamientos eficaces.<\/p>\n<p>P\u00f3ngase en contacto con nosotros en <a href=\"tel:+17044123045\"><i class=\"fa fa-phone-alt\"><\/i>704-412-3045<\/a> para concertar una cita y recibir un plan de tratamiento personalizado dise\u00f1ado para satisfacer sus necesidades espec\u00edficas.<\/p>\n<h2>Comprender las causas de las fracturas<\/h2>\n<p><img fetchpriority=\"high\" decoding=\"async\" class=\"alignnone wp-image-4376 size-full\" src=\"https:\/\/www.apexosn.com\/wp-content\/uploads\/2024\/05\/shutterstock_339529865-min-3.jpg\" alt=\"A man in an arm sling with a broken arm speaks to his doctor\" width=\"500\" height=\"351\" srcset=\"https:\/\/www.apexosn.com\/wp-content\/uploads\/2024\/05\/shutterstock_339529865-min-3.jpg 500w, https:\/\/www.apexosn.com\/wp-content\/uploads\/2024\/05\/shutterstock_339529865-min-3-300x211.jpg 300w\" sizes=\"(max-width: 500px) 100vw, 500px\" \/><\/p>\n<p>Las fracturas se producen cuando los huesos se ven sometidos a fuerzas superiores a las que pueden absorber, lo que provoca fisuras o roturas. La gravedad y naturaleza de una fractura dependen en gran medida del hueso afectado y del origen de la lesi\u00f3n.<\/p>\n<p>\u00c9stas son las causas m\u00e1s comunes de las fracturas:<\/p>\n<h3>Lesiones por esfuerzo repetitivo<\/h3>\n<p>El estr\u00e9s continuado sobre los huesos puede provocar fracturas, sobre todo en personas que realizan actividades que exigen mucho a su sistema \u00f3seo, como los atletas o los trabajadores que realizan trabajos intensivos. El estr\u00e9s repetitivo debilita los huesos con el tiempo, aumentando el riesgo de fractura.<\/p>\n<h3>Osteoporosis<\/h3>\n<p>La osteoporosis, que afecta sobre todo a personas de m\u00e1s de 50 a\u00f1os, debilita considerablemente los huesos, haci\u00e9ndolos m\u00e1s susceptibles de sufrir fracturas por un m\u00ednimo esfuerzo. El diagn\u00f3stico precoz y la gesti\u00f3n de la osteoporosis mediante ajustes del estilo de vida y medicaci\u00f3n son vitales para las personas en riesgo o ya afectadas.<\/p>\n<h3>Traumatismos f\u00edsicos<\/h3>\n<p>Los traumatismos de alto impacto, como las lesiones deportivas, los accidentes de tr\u00e1fico y las ca\u00eddas, suelen provocar fracturas. Los huesos, aunque robustos, s\u00f3lo pueden soportar cierta fuerza antes de romperse o resquebrajarse. Los movimientos de torsi\u00f3n son tambi\u00e9n una causa frecuente de fracturas \u00f3seas.<\/p>\n<p>Si experimenta s\u00edntomas de fractura, visite Apex Orthopaedics Spine &amp; Neurology para recibir una atenci\u00f3n integral. Nuestro equipo est\u00e1 equipado para tratar diversos tipos de lesiones \u00f3seas mediante m\u00e9todos avanzados de diagn\u00f3stico y tratamiento.<\/p>\n<h2>Identificaci\u00f3n de los s\u00edntomas de una fractura<\/h2>\n<p>Sufrir una fractura \u00f3sea puede ser muy doloroso, a menudo acompa\u00f1ado de hinchaz\u00f3n y hematomas visibles en la zona afectada. Las fracturas m\u00e1s graves, como las abiertas, pueden mostrar el hueso atravesando la piel. Reconocer los s\u00edntomas con prontitud es crucial para un diagn\u00f3stico oportuno y un tratamiento eficaz.<\/p>\n<p><strong>Los signos de una fractura \u00f3sea incluyen<\/strong><\/p>\n<ul>\n<li>Dolor que se intensifica al aplicar presi\u00f3n o al mover o tocar la zona afectada.<\/li>\n<li>Dificultad o incapacidad para utilizar normalmente la extremidad afectada.<\/li>\n<li>Hinchaz\u00f3n y sensibilidad alrededor del lugar de la lesi\u00f3n.<\/li>\n<li>Dolor intenso localizado en la zona de la fractura.<\/li>\n<li>Deformidad visible en la zona lesionada, que indica una desalineaci\u00f3n o una fractura grave.<\/li>\n<li>En los casos de fracturas graves, pueden aparecer fragmentos de hueso visibles y hemorragias.<\/li>\n<\/ul>\n<p>Si sospecha que tiene una fractura, p\u00f3ngase en contacto con Apex Orthopaedics Spine &amp; Neurology para que le hagan una evaluaci\u00f3n completa y le ofrezcan opciones de tratamiento a medida para controlar y curar su lesi\u00f3n de forma eficaz.<\/p>\n<h2>T\u00e9cnicas de diagn\u00f3stico de fracturas \u00f3seas<\/h2>\n<p><img decoding=\"async\" class=\"alignnone wp-image-4352 size-full\" src=\"https:\/\/www.apexosn.com\/wp-content\/uploads\/2024\/05\/shutterstock_2196171547.webp\" alt=\"A doctor points to an x-ray of broken bones\" width=\"500\" height=\"334\" srcset=\"https:\/\/www.apexosn.com\/wp-content\/uploads\/2024\/05\/shutterstock_2196171547.webp 500w, https:\/\/www.apexosn.com\/wp-content\/uploads\/2024\/05\/shutterstock_2196171547-300x200.webp 300w\" sizes=\"(max-width: 500px) 100vw, 500px\" \/><\/p>\n<p>En Apex Orthopaedics Spine &amp; Neurology, utilizamos tecnolog\u00edas de imagen avanzadas para diagnosticar con precisi\u00f3n las fracturas. Estas tecnolog\u00edas nos ayudan a determinar la naturaleza exacta y la ubicaci\u00f3n de un hueso roto, que es crucial para un tratamiento eficaz.<\/p>\n<ul>\n<li><strong>Radiograf\u00edas<\/strong>: Esta es la t\u00e9cnica de imagen m\u00e1s com\u00fan utilizada para detectar fracturas. Los rayos X utilizan radiaci\u00f3n electromagn\u00e9tica para crear im\u00e1genes de los huesos, lo que permite a los m\u00e9dicos ver las fracturas con claridad.<\/li>\n<li><strong>Tomograf\u00edas computarizadas<\/strong>: Las tomograf\u00edas computarizadas proporcionan im\u00e1genes transversales detalladas del cuerpo. Son especialmente valiosas para visualizar distintos tipos de tejidos, como huesos, m\u00fasculos, \u00f3rganos y grasa, por lo que resultan excelentes para diagnosticar fracturas complejas.<\/li>\n<li><strong>Resonancias magn\u00e9ticas<\/strong>: La resonancia magn\u00e9tica utiliza potentes campos magn\u00e9ticos y ondas de radio para generar im\u00e1genes detalladas de las estructuras internas del cuerpo. Las resonancias magn\u00e9ticas son especialmente eficaces para identificar tipos espec\u00edficos de roturas y fracturas por estr\u00e9s que pueden no ser visibles en las radiograf\u00edas.<\/li>\n<\/ul>\n<p>Estas herramientas de diagn\u00f3stico son esenciales para elaborar un plan de tratamiento preciso y eficaz para los pacientes con fracturas \u00f3seas. Si necesita una evaluaci\u00f3n de fractura en, p\u00f3ngase en contacto con Apex Orthopaedics Spine &amp; Neurology para una evaluaci\u00f3n completa.<\/p>\n<h2>Fracturas \u00f3seas frecuentes y su recuperaci\u00f3n en Apex Orthopaedics Spine &amp; Neurology<\/h2>\n<p>Ciertos huesos del cuerpo humano son m\u00e1s susceptibles a las fracturas debido a su ubicaci\u00f3n y a las tensiones que soportan. A continuaci\u00f3n se describen los huesos que se fracturan con m\u00e1s frecuencia:<\/p>\n<h3>Clav\u00edcula<\/h3>\n<p>La clav\u00edcula es especialmente propensa a romperse debido a su posici\u00f3n expuesta. Las causas m\u00e1s comunes son las ca\u00eddas sobre el hombro, los accidentes de tr\u00e1fico y las lesiones deportivas. La recuperaci\u00f3n de una fractura de clav\u00edcula suele oscilar entre seis y ocho semanas.<\/p>\n<h3>Mu\u00f1eca<\/h3>\n<p>Las fracturas de mu\u00f1eca son otra lesi\u00f3n frecuente, a menudo consecuencia de ca\u00eddas en las que la persona intenta agarrarse con la mano extendida. El tratamiento inmediato es crucial para proteger los ligamentos y garantizar una curaci\u00f3n adecuada, que suele durar entre seis y doce semanas.<\/p>\n<h3>Brazo<\/h3>\n<p>Las fracturas de brazo son frecuentes, sobre todo en ni\u00f1os y adolescentes. El brazo consta de tres huesos: el h\u00famero, el radio y el c\u00fabito, y cualquiera de ellos puede fracturarse. La recuperaci\u00f3n completa de una fractura de brazo puede tardar entre seis meses y un a\u00f1o.<\/p>\n<h3>Tobillo<\/h3>\n<p>Las fracturas de tobillo pueden producirse por lesiones rotacionales o por fuerzas de alto impacto, como rodar, girar o torcer el tobillo durante actividades f\u00edsicas. Los s\u00edntomas incluyen dolor e hinchaz\u00f3n, y el tiempo de recuperaci\u00f3n suele ser de seis a ocho semanas.<\/p>\n<h3>Pie<\/h3>\n<p>Los huesos del pie suelen romperse por ca\u00eddas, tropiezos o esfuerzos repetitivos, lo que provoca peque\u00f1as fisuras. Debido al peque\u00f1o tama\u00f1o de estos huesos, las fracturas en el pie pueden ser dif\u00edciles de detectar, por lo que es esencial una evaluaci\u00f3n m\u00e9dica inmediata.<\/p>\n<p>Si cree que se ha fracturado un hueso, visite Apex Orthopaedics Spine &amp; Neurology para una evaluaci\u00f3n exhaustiva y un plan de tratamiento personalizado. Nos comprometemos a ayudarle a curarse y a recuperar la plena funcionalidad.<\/p>\n<h2>Tratamientos eficaces para las fracturas \u00f3seas<\/h2>\n<p>El tratamiento de una fractura \u00f3sea var\u00eda en funci\u00f3n del tipo de hueso y fractura. Los tratamientos pueden ir desde m\u00e9todos no invasivos, como f\u00e9rulas y yesos, hasta intervenciones quir\u00fargicas, en caso necesario.<\/p>\n<p>Para una atenci\u00f3n personalizada, p\u00f3ngase en contacto con Apex Orthopaedics Spine &amp; Neurology, en el [tel\u00e9fono]. Nuestro equipo est\u00e1 equipado para diagnosticar su lesi\u00f3n y desarrollar una estrategia de tratamiento personalizada.<\/p>\n<p>Explore los principales tratamientos para las fracturas \u00f3seas:<\/p>\n<p><strong>Realineaci\u00f3n \u00f3sea<\/strong>: Si la fractura causa desalineaci\u00f3n, los m\u00e9dicos realinear\u00e1n los huesos a sus posiciones correctas y los asegurar\u00e1n para garantizar una curaci\u00f3n adecuada.<\/p>\n<p><strong>Yesos<\/strong>: Puede aplicarse una escayola para inmovilizar el hueso fracturado, lo que ayuda a mantener la alineaci\u00f3n adecuada y a reducir el movimiento durante el proceso de curaci\u00f3n.<\/p>\n<p><strong>F\u00e9rulas<\/strong>: Las f\u00e9rulas, que suelen utilizarse al principio o cuando hay hinchaz\u00f3n, sujetan y protegen la zona lesionada, manteniendo estables el hueso y las articulaciones adyacentes.<\/p>\n<p><strong>F\u00e9rulas<\/strong>: Las f\u00e9rulas ofrecen apoyo y restringen el movimiento, lo que permite que el foco de la fractura cicatrice al tiempo que proporciona cierta flexibilidad en comparaci\u00f3n con los yesos.<\/p>\n<p><strong>Intervenci\u00f3n quir\u00fargica<\/strong>: La cirug\u00eda puede ser necesaria en fracturas complejas. Este procedimiento suele implicar el uso de elementos como placas, tornillos o barras para estabilizar el hueso fracturado.<\/p>\n<h3>Rehabilitaci\u00f3n tras una fractura<\/h3>\n<p>La recuperaci\u00f3n de una fractura \u00f3sea puede durar hasta doce semanas, y la rehabilitaci\u00f3n desempe\u00f1a un papel crucial para alcanzar la plena funcionalidad.<\/p>\n<p><strong>Hidroterapia<\/strong>: Utilizada sobre todo despu\u00e9s de la cirug\u00eda, la hidroterapia puede mejorar la recuperaci\u00f3n aliviando el dolor y mejorando la movilidad mediante ejercicios acu\u00e1ticos controlados.<\/p>\n<p><strong>Masaje terap\u00e9utico<\/strong>: El masaje es beneficioso para promover la curaci\u00f3n al mejorar el flujo sangu\u00edneo, lo que aporta nutrientes y ox\u00edgeno a la zona lesionada, acelerando as\u00ed la recuperaci\u00f3n.<\/p>\n<p>En Apex Orthopaedics Spine &amp; Neurology, nos dedicamos a prestar servicios integrales de tratamiento y rehabilitaci\u00f3n para garantizar una recuperaci\u00f3n r\u00e1pida y eficaz de las fracturas \u00f3seas.<\/p>\n<h2>Tratamiento de fracturas \u00f3seas en Apex Orthopaedics Spine &amp; Neurology<\/h2>\n<p><img decoding=\"async\" class=\"alignnone wp-image-1816\" src=\"https:\/\/www.apexosn.com\/wp-content\/uploads\/2020\/12\/Apex-Doctors.png\" alt=\"apex doctors\" width=\"500\" height=\"241\" srcset=\"https:\/\/www.apexosn.com\/wp-content\/uploads\/2020\/12\/Apex-Doctors.png 776w, https:\/\/www.apexosn.com\/wp-content\/uploads\/2020\/12\/Apex-Doctors-300x145.png 300w, https:\/\/www.apexosn.com\/wp-content\/uploads\/2020\/12\/Apex-Doctors-768x370.png 768w\" sizes=\"(max-width: 500px) 100vw, 500px\" \/><\/p>\n<p>Las fracturas \u00f3seas pueden producirse por diversos tipos de accidentes, como resbalones, ca\u00eddas, colisiones de veh\u00edculos y lesiones relacionadas con el deporte. Las fracturas pueden afectar a cualquiera y a menudo requieren mucho tiempo para curarse completamente. Aconsejamos encarecidamente buscar atenci\u00f3n m\u00e9dica inmediata para evitar complicaciones.<\/p>\n<p>Un tratamiento tard\u00edo puede agravar las lesiones, aumentando el dolor y el riesgo de complicaciones graves, como da\u00f1os en vasos sangu\u00edneos o nervios. La atenci\u00f3n inmediata es crucial para prevenir tales resultados.<\/p>\n<p>En Apex Orthopaedics Spine &amp; Neurology, estamos especializados en el diagn\u00f3stico y tratamiento r\u00e1pidos de fracturas \u00f3seas. Nuestro equipo de profesionales sanitarios altamente cualificados se dedica a ofrecer la mejor atenci\u00f3n, garantizando un proceso de recuperaci\u00f3n r\u00e1pido y eficaz.<\/p>\n<p>Ll\u00e1menos al <a href=\"tel:+17044123045\"><i class=\"fa fa-phone-alt\"><\/i>704-412-3045<\/a> para concertar una consulta. En Apex Orthopaedics Spine &amp; Neurology, proporcionamos un tratamiento excepcional para las fracturas \u00f3seas, ayud\u00e1ndole a recuperarse r\u00e1pidamente.<\/p>\n","protected":false},"excerpt":{"rendered":"<p>Las fracturas \u00f3seas no tratadas pueden provocar dolores intensos, infecciones y complicaciones potencialmente mortales, que requieren tratamientos prolongados. Para evitar estos riesgos, la atenci\u00f3n m\u00e9dica inmediata de las fracturas \u00f3seas es crucial. Si recibe tratamiento con prontitud, podr\u00e1 garantizar un diagn\u00f3stico preciso, prevenir infecciones, evitar complicaciones, tratar eficazmente el dolor y favorecer la correcta curaci\u00f3n [&hellip;]<\/p>\n","protected":false},"author":36,"featured_media":0,"parent":0,"menu_order":0,"comment_status":"closed","ping_status":"closed","template":"","meta":{"_acf_changed":false,"footnotes":""},"categories":[],"tags":[],"class_list":["post-2783","page","type-page","status-publish","hentry"],"acf":[],"_links":{"self":[{"href":"https:\/\/www.apexosn.com\/es\/wp-json\/wp\/v2\/pages\/2783","targetHints":{"allow":["GET"]}}],"collection":[{"href":"https:\/\/www.apexosn.com\/es\/wp-json\/wp\/v2\/pages"}],"about":[{"href":"https:\/\/www.apexosn.com\/es\/wp-json\/wp\/v2\/types\/page"}],"author":[{"embeddable":true,"href":"https:\/\/www.apexosn.com\/es\/wp-json\/wp\/v2\/users\/36"}],"replies":[{"embeddable":true,"href":"https:\/\/www.apexosn.com\/es\/wp-json\/wp\/v2\/comments?post=2783"}],"version-history":[{"count":4,"href":"https:\/\/www.apexosn.com\/es\/wp-json\/wp\/v2\/pages\/2783\/revisions"}],"predecessor-version":[{"id":4829,"href":"https:\/\/www.apexosn.com\/es\/wp-json\/wp\/v2\/pages\/2783\/revisions\/4829"}],"wp:attachment":[{"href":"https:\/\/www.apexosn.com\/es\/wp-json\/wp\/v2\/media?parent=2783"}],"wp:term":[{"taxonomy":"category","embeddable":true,"href":"https:\/\/www.apexosn.com\/es\/wp-json\/wp\/v2\/categories?post=2783"},{"taxonomy":"post_tag","embeddable":true,"href":"https:\/\/www.apexosn.com\/es\/wp-json\/wp\/v2\/tags?post=2783"}],"curies":[{"name":"wp","href":"https:\/\/api.w.org\/{rel}","templated":true}]}}