{"id":2778,"date":"2020-12-10T19:01:28","date_gmt":"2020-12-11T00:01:28","guid":{"rendered":"https:\/\/www.apexosn.com\/charlotte-nc\/lesion-de-hombro\/"},"modified":"2024-05-27T02:31:35","modified_gmt":"2024-05-27T07:31:35","slug":"lesion-de-hombro","status":"publish","type":"page","link":"https:\/\/www.apexosn.com\/es\/lesion-de-hombro\/","title":{"rendered":"Lesi\u00f3n de hombro"},"content":{"rendered":"<p>Los accidentes de tr\u00e1fico pueden dejarle conmocionado y confuso, y a menudo enmascaran lesiones debidas al subid\u00f3n inicial de adrenalina. El dolor de hombro es un problema frecuente despu\u00e9s de este tipo de incidentes, con la posibilidad de que afecciones como la luxaci\u00f3n de hombro o la rotura del manguito de los rotadores causen dolor hasta un a\u00f1o despu\u00e9s del suceso. Esto puede alterar gravemente su vida, sobre todo si afecta a su capacidad para trabajar.<\/p>\n<p>Si usted est\u00e1 sufriendo de una lesi\u00f3n en el hombro despu\u00e9s de un accidente de coche, a su vez a Apex Orthopaedics Spine &amp; Neurology. Nuestro experimentado equipo tiene un profundo conocimiento de las lesiones musculoesquel\u00e9ticas y desarrollar\u00e1 un tratamiento a medida y un plan de recuperaci\u00f3n para ayudarle a recuperar su estilo de vida habitual.<\/p>\n<p>P\u00f3ngase en contacto con nosotros en <a href=\"tel:+17044123045\"><i class=\"fa fa-phone-alt\"><\/i>704-412-3045<\/a> para programar una evaluaci\u00f3n y comenzar su viaje de recuperaci\u00f3n.<\/p>\n\t\t<div data-elementor-type=\"section\" data-elementor-id=\"208\" class=\"elementor elementor-208\" data-elementor-post-type=\"elementor_library\">\n\t\t\t\t\t<section class=\"elementor-section elementor-top-section elementor-element elementor-element-485e576a elementor-section-boxed elementor-section-height-default elementor-section-height-default\" data-id=\"485e576a\" data-element_type=\"section\" data-e-type=\"section\">\n\t\t\t\t\t\t<div class=\"elementor-container elementor-column-gap-default\">\n\t\t\t\t\t<div class=\"elementor-column elementor-col-100 elementor-top-column elementor-element elementor-element-635c38c0\" data-id=\"635c38c0\" data-element_type=\"column\" data-e-type=\"column\">\n\t\t\t<div class=\"elementor-widget-wrap elementor-element-populated\">\n\t\t\t\t\t\t<div class=\"elementor-element elementor-element-3ba95c8a elementor-toc--minimized-on-tablet elementor-widget elementor-widget-table-of-contents\" data-id=\"3ba95c8a\" data-element_type=\"widget\" data-e-type=\"widget\" data-settings=\"{&quot;exclude_headings_by_selector&quot;:&quot;.toc-remove&quot;,&quot;headings_by_tags&quot;:[&quot;h2&quot;,&quot;h3&quot;],&quot;marker_view&quot;:&quot;numbers&quot;,&quot;no_headings_message&quot;:&quot;No headings were found on this page.&quot;,&quot;minimize_box&quot;:&quot;yes&quot;,&quot;minimized_on&quot;:&quot;tablet&quot;,&quot;hierarchical_view&quot;:&quot;yes&quot;,&quot;min_height&quot;:{&quot;unit&quot;:&quot;px&quot;,&quot;size&quot;:&quot;&quot;,&quot;sizes&quot;:[]},&quot;min_height_laptop&quot;:{&quot;unit&quot;:&quot;px&quot;,&quot;size&quot;:&quot;&quot;,&quot;sizes&quot;:[]},&quot;min_height_tablet&quot;:{&quot;unit&quot;:&quot;px&quot;,&quot;size&quot;:&quot;&quot;,&quot;sizes&quot;:[]},&quot;min_height_mobile&quot;:{&quot;unit&quot;:&quot;px&quot;,&quot;size&quot;:&quot;&quot;,&quot;sizes&quot;:[]}}\" data-widget_type=\"table-of-contents.default\">\n\t\t\t\t\t\t\t\t\t<div class=\"elementor-toc__header\">\n\t\t\t\t\t\t<div class=\"elementor-toc__header-title\">\n\t\t\t\tTable of Contents\t\t\t<\/div>\n\t\t\t\t\t\t\t\t\t\t<div class=\"elementor-toc__toggle-button elementor-toc__toggle-button--expand\" role=\"button\" tabindex=\"0\" aria-controls=\"elementor-toc__3ba95c8a\" aria-expanded=\"true\" aria-label=\"Open table of contents\"><svg aria-hidden=\"true\" class=\"e-font-icon-svg e-fas-chevron-down\" viewBox=\"0 0 448 512\" xmlns=\"http:\/\/www.w3.org\/2000\/svg\"><path d=\"M207.029 381.476L12.686 187.132c-9.373-9.373-9.373-24.569 0-33.941l22.667-22.667c9.357-9.357 24.522-9.375 33.901-.04L224 284.505l154.745-154.021c9.379-9.335 24.544-9.317 33.901.04l22.667 22.667c9.373 9.373 9.373 24.569 0 33.941L240.971 381.476c-9.373 9.372-24.569 9.372-33.942 0z\"><\/path><\/svg><\/div>\n\t\t\t\t<div class=\"elementor-toc__toggle-button elementor-toc__toggle-button--collapse\" role=\"button\" tabindex=\"0\" aria-controls=\"elementor-toc__3ba95c8a\" aria-expanded=\"true\" aria-label=\"Close table of contents\"><svg aria-hidden=\"true\" class=\"e-font-icon-svg e-fas-chevron-up\" viewBox=\"0 0 448 512\" xmlns=\"http:\/\/www.w3.org\/2000\/svg\"><path d=\"M240.971 130.524l194.343 194.343c9.373 9.373 9.373 24.569 0 33.941l-22.667 22.667c-9.357 9.357-24.522 9.375-33.901.04L224 227.495 69.255 381.516c-9.379 9.335-24.544 9.317-33.901-.04l-22.667-22.667c-9.373-9.373-9.373-24.569 0-33.941L207.03 130.525c9.372-9.373 24.568-9.373 33.941-.001z\"><\/path><\/svg><\/div>\n\t\t\t\t\t<\/div>\n\t\t\t\t<div id=\"elementor-toc__3ba95c8a\" class=\"elementor-toc__body\">\n\t\t\t<div class=\"elementor-toc__spinner-container\">\n\t\t\t\t<svg class=\"elementor-toc__spinner eicon-animation-spin e-font-icon-svg e-eicon-loading\" aria-hidden=\"true\" viewBox=\"0 0 1000 1000\" xmlns=\"http:\/\/www.w3.org\/2000\/svg\"><path d=\"M500 975V858C696 858 858 696 858 500S696 142 500 142 142 304 142 500H25C25 237 238 25 500 25S975 237 975 500 763 975 500 975Z\"><\/path><\/svg>\t\t\t<\/div>\n\t\t<\/div>\n\t\t\t\t\t\t<\/div>\n\t\t\t\t\t<\/div>\n\t\t<\/div>\n\t\t\t\t\t<\/div>\n\t\t<\/section>\n\t\t\t\t<\/div>\n\t\t\n<h2>Pasos a seguir en caso de dolor de hombro tras un accidente de tr\u00e1fico<\/h2>\n<p>Sentir dolor en el hombro tras un accidente de coche puede ser un indicador de lesiones graves. He aqu\u00ed c\u00f3mo manejar la situaci\u00f3n con eficacia.<\/p>\n<h3>Busque atenci\u00f3n m\u00e9dica inmediata<\/h3>\n<p>No pase por alto ni siquiera un dolor leve en el hombro. Es fundamental que acuda inmediatamente al m\u00e9dico para que le realice un examen completo. Un diagn\u00f3stico preciso por parte de un profesional m\u00e9dico garantizar\u00e1 que reciba el tratamiento correcto para ayudarle a recuperarse y evitar problemas posteriores.<\/p>\n<h3>Siga el plan de tratamiento prescrito<\/h3>\n<p>Siga estrictamente el plan de tratamiento recomendado por su m\u00e9dico, ya sea reposo, fisioterapia, medicaci\u00f3n o, en caso de lesiones graves, cirug\u00eda. Seguir este plan es esencial para la curaci\u00f3n y la prevenci\u00f3n de da\u00f1os a largo plazo.<\/p>\n<h3>Lleve un registro m\u00e9dico detallado<\/h3>\n<p>Documente todos los tratamientos m\u00e9dicos, guarde copias de las facturas m\u00e9dicas e informes de los profesionales sanitarios. Estos documentos son importantes para las reclamaciones al seguro y para cualquier caso de lesiones personales derivadas del accidente.<\/p>\n<h3>Evite ignorar el dolor<\/h3>\n<p>Hacer caso omiso del dolor de hombro puede agravar la lesi\u00f3n, dando lugar a complicaciones como dolor cr\u00f3nico o artritis, y prolongar su per\u00edodo de recuperaci\u00f3n.<\/p>\n<h3>Consulte a un abogado<\/h3>\n<p>Si el accidente ha sido causado por una negligencia ajena, es aconsejable hablar con un abogado especializado en lesiones personales. Pueden orientarle sobre sus derechos legales y compensarle por los gastos m\u00e9dicos, los salarios perdidos y el dolor y el sufrimiento.<\/p>\n<h3>Avise a su compa\u00f1\u00eda de seguros<\/h3>\n<p>P\u00f3ngase en contacto con su compa\u00f1\u00eda de seguros para informar del accidente y comprobar su cobertura para gastos m\u00e9dicos y de reparaci\u00f3n.<\/p>\n<h3>Tenga cuidado con las ofertas de acuerdo<\/h3>\n<p>Antes de llegar a un acuerdo con la compa\u00f1\u00eda de seguros, com\u00e9ntelo con su abogado. Los primeros acuerdos pueden parecer beneficiosos, pero podr\u00edan limitar futuras reclamaciones a medida que surjan m\u00e1s detalles sobre su lesi\u00f3n.<\/p>\n<p>Si usted est\u00e1 experimentando dolor en el hombro despu\u00e9s de un accidente de coche, no dude en ponerse en contacto con Apex Orthopaedics Spine &amp; Neurology. Nuestro experimentado equipo est\u00e1 listo para ayudarle con el diagn\u00f3stico de expertos y planes de tratamiento personalizado. P\u00f3ngase en contacto con nosotros hoy para asegurar su salud y los intereses legales est\u00e1n plenamente protegidos.<\/p>\n<p><a href=\"https:\/\/www.apexosn.com\/wp-content\/uploads\/2024\/05\/shutterstock_732789862-min.jpg\"><img fetchpriority=\"high\" decoding=\"async\" class=\"alignnone size-full wp-image-4665\" src=\"https:\/\/www.apexosn.com\/wp-content\/uploads\/2024\/05\/shutterstock_732789862-min.jpg\" alt=\"Lesi\u00f3n de hombro\" width=\"500\" height=\"334\" srcset=\"https:\/\/www.apexosn.com\/wp-content\/uploads\/2024\/05\/shutterstock_732789862-min.jpg 500w, https:\/\/www.apexosn.com\/wp-content\/uploads\/2024\/05\/shutterstock_732789862-min-300x200.jpg 300w\" sizes=\"(max-width: 500px) 100vw, 500px\" \/><\/a><\/p>\n<h2>Causas comunes del dolor de hombro tras un accidente<\/h2>\n<p>El dolor de hombro suele derivarse de lesiones en las intrincadas estructuras del brazo, como m\u00fasculos, huesos, tendones, cart\u00edlagos, ligamentos y nervios. La intensa fuerza de una colisi\u00f3n automovil\u00edstica puede causar da\u00f1os importantes, dando lugar a diversos tipos de lesiones de hombro.<\/p>\n<h3>Latigazo cervical<\/h3>\n<p>Esta lesi\u00f3n se produce por las r\u00e1pidas sacudidas hacia delante y hacia atr\u00e1s de la cabeza y el cuello, t\u00edpicas en las colisiones por alcance. Este movimiento violento puede estirar o desgarrar los tejidos del cuello que conectan con el hombro, provocando a menudo dolor en el hombro.<\/p>\n<p>Un latigazo cervical grave puede causar una inflamaci\u00f3n que restrinja el espacio articular del hombro, provocando un doloroso pinzamiento del hombro.<\/p>\n<h3>Rotura del manguito rotador<\/h3>\n<p>El manguito de los rotadores comprende cuatro m\u00fasculos que forman tendones que estabilizan la articulaci\u00f3n del hombro. Un impacto repentino o una fuerza excesiva durante un accidente pueden provocar la rotura de estos tendones, especialmente si los brazos se mantienen tensos o en una postura protectora durante la colisi\u00f3n.<\/p>\n<h3>Desgarro SLAP<\/h3>\n<p>Un desgarro SLAP implica la rotura del cart\u00edlago de la articulaci\u00f3n del hombro, lo que afecta a la movilidad y estabilidad del hombro. Este tipo de lesi\u00f3n suele presentarse con dolor concentrado en la parte delantera del hombro.<\/p>\n<h3>Fractura de clav\u00edcula<\/h3>\n<p>La clav\u00edcula o clav\u00edcula puede fracturarse durante un accidente de tr\u00e1fico por impacto directo o por apoyarse contra el salpicadero con el brazo extendido. Esta fractura provoca fuertes dolores y puede desestabilizar la estructura del hombro.<\/p>\n<h3>Hombro dislocado<\/h3>\n<p>El intenso impacto de un accidente de coche puede dislocar el hombro, haciendo que los huesos se muevan fuera de alineaci\u00f3n. Esto provoca un dolor intenso inmediato, hinchaz\u00f3n y una notable inestabilidad en el hombro.<\/p>\n<p>Si usted experimenta cualquiera de estos s\u00edntomas despu\u00e9s de un accidente, es fundamental buscar atenci\u00f3n m\u00e9dica inmediata para evitar complicaciones y facilitar la recuperaci\u00f3n. En Apex Orthopaedics Spine &amp; Neurology, nos especializamos en diagnosticar y tratar todo tipo de lesiones de hombro.<\/p>\n<p>P\u00f3ngase en contacto con nosotros para programar una consulta y comenzar su camino hacia la recuperaci\u00f3n.<\/p>\n<h2>C\u00f3mo reconocer los s\u00edntomas de una lesi\u00f3n de hombro<\/h2>\n<p>El hombro es una articulaci\u00f3n esf\u00e9rica compleja especialmente vulnerable a los da\u00f1os durante un accidente de tr\u00e1fico. El dolor inmediato o intenso en el hombro, la parte superior de la espalda y el brazo tras una colisi\u00f3n es un indicador com\u00fan de una lesi\u00f3n de hombro.<\/p>\n<p>El dolor no siempre aparece de inmediato, sino que puede desarrollarse uno o dos d\u00edas despu\u00e9s del incidente, lo que se conoce como dolor retardado. Esto dificulta la evaluaci\u00f3n inicial del alcance de la lesi\u00f3n y, sin una intervenci\u00f3n r\u00e1pida, el da\u00f1o puede empeorar o hacerse permanente.<\/p>\n<p>A continuaci\u00f3n se enumeran otros signos que pueden indicar una lesi\u00f3n en el hombro causada por un accidente de tr\u00e1fico:<\/p>\n<ul>\n<li>Hinchaz\u00f3n y rigidez en la zona del hombro.<\/li>\n<li>Debilidad o incapacidad para utilizar el brazo<\/li>\n<li>Rango de movimiento restringido<\/li>\n<li>Moretones o cambios de color en el hombro<\/li>\n<li>Dolor persistente en el cuello y en la parte superior de la espalda<\/li>\n<li>Sensaci\u00f3n de inestabilidad en la articulaci\u00f3n<\/li>\n<li>Entumecimiento en la zona afectada<\/li>\n<li>Crujidos audibles durante el movimiento<\/li>\n<li>Espasmos musculares o calambres en el hombro o el brazo<\/li>\n<\/ul>\n<p>Si usted experimenta cualquiera de estos s\u00edntomas despu\u00e9s de un accidente de coche, es crucial buscar atenci\u00f3n m\u00e9dica inmediata. En Apex Orthopaedics Spine &amp; Neurology, nuestros expertos est\u00e1n equipados para diagnosticar y tratar diversas lesiones en el hombro, ayud\u00e1ndole a prevenir mayores complicaciones y recuperar la plena funcionalidad.<\/p>\n<p><a href=\"https:\/\/www.apexosn.com\/wp-content\/uploads\/2024\/05\/shutterstock_1383406592-min.jpg\"><img decoding=\"async\" class=\"alignnone size-full wp-image-4668\" src=\"https:\/\/www.apexosn.com\/wp-content\/uploads\/2024\/05\/shutterstock_1383406592-min.jpg\" alt=\"Shoulder Injury Treatment\" width=\"500\" height=\"334\" srcset=\"https:\/\/www.apexosn.com\/wp-content\/uploads\/2024\/05\/shutterstock_1383406592-min.jpg 500w, https:\/\/www.apexosn.com\/wp-content\/uploads\/2024\/05\/shutterstock_1383406592-min-300x200.jpg 300w\" sizes=\"(max-width: 500px) 100vw, 500px\" \/><\/a><\/p>\n<h2>Tratamientos de las lesiones de hombro<\/h2>\n<p>El tratamiento eficaz del dolor de hombro depende en gran medida de la causa espec\u00edfica y de la gravedad de la lesi\u00f3n. He aqu\u00ed varios tratamientos que pueden ayudar a aliviar las molestias del hombro.<\/p>\n<h3>Remedios caseros<\/h3>\n<p><strong>Reposo y relajaci\u00f3n<\/strong>: A veces, simplemente descansar el hombro y evitar actividades extenuantes puede ayudar significativamente a la recuperaci\u00f3n.<\/p>\n<p><strong>Terapia de hielo y calor<\/strong>: Aplique compresas de hielo en el hombro lesionado durante 15 minutos varias veces al d\u00eda para reducir la inflamaci\u00f3n inicial. Para el dolor cr\u00f3nico continuo, las aplicaciones de calor pueden ser beneficiosas, pero deben evitarse si hay hinchaz\u00f3n.<\/p>\n<p><strong>Analg\u00e9sicos de venta libre<\/strong>: Los medicamentos de venta libre como el ibuprofeno y el paracetamol pueden ser eficaces para reducir el dolor y la inflamaci\u00f3n.<\/p>\n<p><strong>Ajustes posturales<\/strong>: Mantener una postura correcta es crucial; si\u00e9ntese recto y mantenga los hombros hacia atr\u00e1s para minimizar la tensi\u00f3n y favorecer la curaci\u00f3n.<\/p>\n<h3>Intervenciones m\u00e9dicas<\/h3>\n<p><strong>Fisioterapia<\/strong>: Los ejercicios de fisioterapia adaptados pueden mejorar la flexibilidad, fortalecer los m\u00fasculos del hombro y restablecer la amplitud de movimiento.<\/p>\n<p><strong>Inyecciones de corticosteroides<\/strong>: Se utilizan para aliviar la inflamaci\u00f3n grave de la articulaci\u00f3n del hombro.<\/p>\n<p><strong>Inmovilizaci\u00f3n<\/strong>: Puede ser necesario utilizar un cabestrillo o una f\u00e9rula para evitar que el hombro se mueva y permitir que la articulaci\u00f3n o los tejidos se curen.<\/p>\n<h3>Soluciones quir\u00fargicas<\/h3>\n<p><strong>Reparaci\u00f3n del manguito rotador<\/strong>: La cirug\u00eda puede ser necesaria para reparar un desgarro del manguito rotador si se traduce en un dolor considerable o deterioro funcional.<\/p>\n<p><strong>Sustituci\u00f3n del hombro<\/strong>: Para la artritis avanzada o da\u00f1o articular extenso, la cirug\u00eda de reemplazo de hombro puede ser recomendada para mejorar la funci\u00f3n de la articulaci\u00f3n y aliviar el dolor.<\/p>\n<p>En Apex Orthopaedics Spine &amp; Neurology, estamos comprometidos a diagnosticar la causa ra\u00edz de su dolor de hombro y proporcionar un plan de tratamiento personalizado que mejor se adapte a sus necesidades. P\u00f3ngase en contacto con nosotros para explorar las soluciones m\u00e1s eficaces para su dolor de hombro y volver a un estilo de vida m\u00e1s c\u00f3modo y activo.<\/p>\n<h2>\u00a1Llame hoy para el tratamiento eficaz de lesiones de hombro!<\/h2>\n<p>Tratar con dolor de hombro despu\u00e9s de un accidente de coche puede ser una experiencia desalentadora, pero las acciones oportunas pueden mejorar en gran medida su recuperaci\u00f3n. Es crucial para obtener atenci\u00f3n m\u00e9dica con prontitud, mantener registros detallados de sus lesiones y gastos relacionados, y buscar asesoramiento legal para salvaguardar sus derechos. Si usted est\u00e1 sufriendo de una lesi\u00f3n en el hombro, no dude en contactar con nosotros en <a href=\"tel:+17044123045\"><i class=\"fa fa-phone-alt\"><\/i>704-412-3045<\/a>.<\/p>\n<p>En Apex Orthopaedics Spine &amp; Neurology, damos prioridad al diagn\u00f3stico precoz y al tratamiento eficaz para ayudarle a recuperarse r\u00e1pidamente.<\/p>\n","protected":false},"excerpt":{"rendered":"<p>Los accidentes de tr\u00e1fico pueden dejarle conmocionado y confuso, y a menudo enmascaran lesiones debidas al subid\u00f3n inicial de adrenalina. El dolor de hombro es un problema frecuente despu\u00e9s de este tipo de incidentes, con la posibilidad de que afecciones como la luxaci\u00f3n de hombro o la rotura del manguito de los rotadores causen dolor [&hellip;]<\/p>\n","protected":false},"author":22,"featured_media":0,"parent":0,"menu_order":0,"comment_status":"closed","ping_status":"closed","template":"","meta":{"_acf_changed":false,"footnotes":""},"categories":[],"tags":[],"class_list":["post-2778","page","type-page","status-publish","hentry"],"acf":[],"_links":{"self":[{"href":"https:\/\/www.apexosn.com\/es\/wp-json\/wp\/v2\/pages\/2778","targetHints":{"allow":["GET"]}}],"collection":[{"href":"https:\/\/www.apexosn.com\/es\/wp-json\/wp\/v2\/pages"}],"about":[{"href":"https:\/\/www.apexosn.com\/es\/wp-json\/wp\/v2\/types\/page"}],"author":[{"embeddable":true,"href":"https:\/\/www.apexosn.com\/es\/wp-json\/wp\/v2\/users\/22"}],"replies":[{"embeddable":true,"href":"https:\/\/www.apexosn.com\/es\/wp-json\/wp\/v2\/comments?post=2778"}],"version-history":[{"count":3,"href":"https:\/\/www.apexosn.com\/es\/wp-json\/wp\/v2\/pages\/2778\/revisions"}],"predecessor-version":[{"id":5102,"href":"https:\/\/www.apexosn.com\/es\/wp-json\/wp\/v2\/pages\/2778\/revisions\/5102"}],"wp:attachment":[{"href":"https:\/\/www.apexosn.com\/es\/wp-json\/wp\/v2\/media?parent=2778"}],"wp:term":[{"taxonomy":"category","embeddable":true,"href":"https:\/\/www.apexosn.com\/es\/wp-json\/wp\/v2\/categories?post=2778"},{"taxonomy":"post_tag","embeddable":true,"href":"https:\/\/www.apexosn.com\/es\/wp-json\/wp\/v2\/tags?post=2778"}],"curies":[{"name":"wp","href":"https:\/\/api.w.org\/{rel}","templated":true}]}}