{"id":2775,"date":"2024-05-09T06:48:34","date_gmt":"2024-05-09T11:48:34","guid":{"rendered":"https:\/\/www.apexosn.com\/charlotte-nc\/neurology\/"},"modified":"2024-05-24T06:38:23","modified_gmt":"2024-05-24T11:38:23","slug":"neurologia","status":"publish","type":"page","link":"https:\/\/www.apexosn.com\/es\/charlotte-nc\/neurologia\/","title":{"rendered":"Charlotte Neurolog\u00eda"},"content":{"rendered":"<p>Incluso con el reciente avance de la seguridad automovil\u00edstica y las tecnolog\u00edas de asistencia al conductor, siguen ocurriendo accidentes de coche en nuestras carreteras. Tras una colisi\u00f3n, puede sufrir lesiones que le obliguen a buscar tratamiento especializado. Un m\u00e9dico puede proporcionarle la atenci\u00f3n inicial que necesita en urgencias, pero en el caso de algunas lesiones, es posible que tenga que continuar con el tratamiento en otro lugar.<\/p>\n<p>Si ha sufrido alguna lesi\u00f3n que afecte al cerebro, la columna vertebral o los nervios, puede beneficiarse enormemente de consultar a un especialista en neurolog\u00eda de Charlotte. Entendemos que puede ser confuso saber si debe buscar la ayuda de un neur\u00f3logo o de un m\u00e9dico ortop\u00e9dico. Despu\u00e9s de todo, los m\u00e9dicos ortop\u00e9dicos y los neur\u00f3logos suelen tratar afecciones similares.<\/p>\n<p>En Apex Orthopaedics Spine &amp; Neurology, tenemos un equipo de neur\u00f3logos experimentados, ortopedistas, as\u00ed como especialistas en el tratamiento del dolor. Usted puede estar seguro de que tenemos los conocimientos, habilidades e instalaciones para ayudarle a hacer una recuperaci\u00f3n completa si usted est\u00e1 experimentando s\u00edntomas neurol\u00f3gicos despu\u00e9s de un accidente de coche.<\/p>\n\t\t<div data-elementor-type=\"section\" data-elementor-id=\"208\" class=\"elementor elementor-208\" data-elementor-post-type=\"elementor_library\">\n\t\t\t\t\t<section class=\"elementor-section elementor-top-section elementor-element elementor-element-485e576a elementor-section-boxed elementor-section-height-default elementor-section-height-default\" data-id=\"485e576a\" data-element_type=\"section\" data-e-type=\"section\">\n\t\t\t\t\t\t<div class=\"elementor-container elementor-column-gap-default\">\n\t\t\t\t\t<div class=\"elementor-column elementor-col-100 elementor-top-column elementor-element elementor-element-635c38c0\" data-id=\"635c38c0\" data-element_type=\"column\" data-e-type=\"column\">\n\t\t\t<div class=\"elementor-widget-wrap elementor-element-populated\">\n\t\t\t\t\t\t<div class=\"elementor-element elementor-element-3ba95c8a elementor-toc--minimized-on-tablet elementor-widget elementor-widget-table-of-contents\" data-id=\"3ba95c8a\" data-element_type=\"widget\" data-e-type=\"widget\" data-settings=\"{&quot;exclude_headings_by_selector&quot;:&quot;.toc-remove&quot;,&quot;headings_by_tags&quot;:[&quot;h2&quot;,&quot;h3&quot;],&quot;marker_view&quot;:&quot;numbers&quot;,&quot;no_headings_message&quot;:&quot;No headings were found on this page.&quot;,&quot;minimize_box&quot;:&quot;yes&quot;,&quot;minimized_on&quot;:&quot;tablet&quot;,&quot;hierarchical_view&quot;:&quot;yes&quot;,&quot;min_height&quot;:{&quot;unit&quot;:&quot;px&quot;,&quot;size&quot;:&quot;&quot;,&quot;sizes&quot;:[]},&quot;min_height_laptop&quot;:{&quot;unit&quot;:&quot;px&quot;,&quot;size&quot;:&quot;&quot;,&quot;sizes&quot;:[]},&quot;min_height_tablet&quot;:{&quot;unit&quot;:&quot;px&quot;,&quot;size&quot;:&quot;&quot;,&quot;sizes&quot;:[]},&quot;min_height_mobile&quot;:{&quot;unit&quot;:&quot;px&quot;,&quot;size&quot;:&quot;&quot;,&quot;sizes&quot;:[]}}\" data-widget_type=\"table-of-contents.default\">\n\t\t\t\t\t\t\t\t\t<div class=\"elementor-toc__header\">\n\t\t\t\t\t\t<div class=\"elementor-toc__header-title\">\n\t\t\t\tTable of Contents\t\t\t<\/div>\n\t\t\t\t\t\t\t\t\t\t<div class=\"elementor-toc__toggle-button elementor-toc__toggle-button--expand\" role=\"button\" tabindex=\"0\" aria-controls=\"elementor-toc__3ba95c8a\" aria-expanded=\"true\" aria-label=\"Open table of contents\"><svg aria-hidden=\"true\" class=\"e-font-icon-svg e-fas-chevron-down\" viewBox=\"0 0 448 512\" xmlns=\"http:\/\/www.w3.org\/2000\/svg\"><path d=\"M207.029 381.476L12.686 187.132c-9.373-9.373-9.373-24.569 0-33.941l22.667-22.667c9.357-9.357 24.522-9.375 33.901-.04L224 284.505l154.745-154.021c9.379-9.335 24.544-9.317 33.901.04l22.667 22.667c9.373 9.373 9.373 24.569 0 33.941L240.971 381.476c-9.373 9.372-24.569 9.372-33.942 0z\"><\/path><\/svg><\/div>\n\t\t\t\t<div class=\"elementor-toc__toggle-button elementor-toc__toggle-button--collapse\" role=\"button\" tabindex=\"0\" aria-controls=\"elementor-toc__3ba95c8a\" aria-expanded=\"true\" aria-label=\"Close table of contents\"><svg aria-hidden=\"true\" class=\"e-font-icon-svg e-fas-chevron-up\" viewBox=\"0 0 448 512\" xmlns=\"http:\/\/www.w3.org\/2000\/svg\"><path d=\"M240.971 130.524l194.343 194.343c9.373 9.373 9.373 24.569 0 33.941l-22.667 22.667c-9.357 9.357-24.522 9.375-33.901.04L224 227.495 69.255 381.516c-9.379 9.335-24.544 9.317-33.901-.04l-22.667-22.667c-9.373-9.373-9.373-24.569 0-33.941L207.03 130.525c9.372-9.373 24.568-9.373 33.941-.001z\"><\/path><\/svg><\/div>\n\t\t\t\t\t<\/div>\n\t\t\t\t<div id=\"elementor-toc__3ba95c8a\" class=\"elementor-toc__body\">\n\t\t\t<div class=\"elementor-toc__spinner-container\">\n\t\t\t\t<svg class=\"elementor-toc__spinner eicon-animation-spin e-font-icon-svg e-eicon-loading\" aria-hidden=\"true\" viewBox=\"0 0 1000 1000\" xmlns=\"http:\/\/www.w3.org\/2000\/svg\"><path d=\"M500 975V858C696 858 858 696 858 500S696 142 500 142 142 304 142 500H25C25 237 238 25 500 25S975 237 975 500 763 975 500 975Z\"><\/path><\/svg>\t\t\t<\/div>\n\t\t<\/div>\n\t\t\t\t\t\t<\/div>\n\t\t\t\t\t<\/div>\n\t\t<\/div>\n\t\t\t\t\t<\/div>\n\t\t<\/section>\n\t\t\t\t<\/div>\n\t\t\n<h2>\u00bfCu\u00e1les son los indicios de una lesi\u00f3n neurol\u00f3gica?<\/h2>\n<p>Aunque el t\u00e9rmino lesi\u00f3n neurol\u00f3gica se utiliza a veces para referirse a una lesi\u00f3n cerebral, tambi\u00e9n hace referencia a fracturas de cr\u00e1neo y columna vertebral, lesiones de la m\u00e9dula espinal y lesiones de nervios perif\u00e9ricos. Hay varios s\u00edntomas de lesiones neurol\u00f3gicas, y cada uno de ellos debe tratarse con seriedad.<\/p>\n<p>Algunos de los s\u00edntomas m\u00e1s comunes de una lesi\u00f3n neurol\u00f3gica son los siguientes:<\/p>\n<ul>\n<li>Falta de memoria y problemas de comprensi\u00f3n<\/li>\n<li>Dolores de cabeza<\/li>\n<li>Sensaci\u00f3n de ansiedad e irritaci\u00f3n extremas<\/li>\n<li>Hipersensibilidad a la luz<\/li>\n<li>O\u00edr zumbidos o pitidos en los o\u00eddos<\/li>\n<li>Hablar arrastrando las palabras o ser dif\u00edcil de entender<\/li>\n<li>V\u00f3mitos y n\u00e1useas<\/li>\n<li>Entumecimiento, sensaci\u00f3n de hormigueo o escozor en los dedos de las manos, los brazos, los pies o las piernas.<\/li>\n<li>M\u00fasculos doloridos, r\u00edgidos o sensibles en el cuello o la espalda<\/li>\n<li>Falta de sensibilidad en los dedos de las manos, los brazos, los dedos de los pies o las piernas<\/li>\n<\/ul>\n<p><img fetchpriority=\"high\" decoding=\"async\" class=\"aligncenter size-large wp-image-4686\" src=\"https:\/\/www.apexosn.com\/wp-content\/uploads\/2024\/05\/3-410x1024.png\" alt=\"Most Common Symptoms Of A Neurological Injury\" width=\"410\" height=\"1024\" srcset=\"https:\/\/www.apexosn.com\/wp-content\/uploads\/2024\/05\/3-410x1024.png 410w, https:\/\/www.apexosn.com\/wp-content\/uploads\/2024\/05\/3-120x300.png 120w, https:\/\/www.apexosn.com\/wp-content\/uploads\/2024\/05\/3-768x1920.png 768w, https:\/\/www.apexosn.com\/wp-content\/uploads\/2024\/05\/3.png 800w\" sizes=\"(max-width: 410px) 100vw, 410px\" \/><\/p>\n<p>Como regla general, nunca asuma que los s\u00edntomas mejorar\u00e1n despu\u00e9s de un accidente de coche. El impacto de un accidente es m\u00e1s fuerte de lo que crees y retrasarlo s\u00f3lo empeorar\u00e1 la situaci\u00f3n.<\/p>\n<p>Cuando acuda a nosotros, podremos hablarle de sus s\u00edntomas y, tras una evaluaci\u00f3n exhaustiva, recomendarle el tratamiento adecuado. Utilizamos modernas t\u00e9cnicas de diagn\u00f3stico para diagnosticar de forma indolora y eficaz cualquier da\u00f1o neurol\u00f3gico.<\/p>\n<h2>\u00bfPor qu\u00e9 debo acudir a un m\u00e9dico especialista en neurolog\u00eda?<\/h2>\n<p>Tras un accidente de tr\u00e1fico, la mayor\u00eda de la gente simplemente comprueba si ha sufrido lesiones evidentes. Si nada parece raro, creer\u00e1n que han sobrevivido sin sufrir un accidente. Aunque es bueno ser optimista, algunas lesiones pueden no ser evidentes hasta d\u00edas o semanas despu\u00e9s. He aqu\u00ed 5 buenas razones para acudir a un neur\u00f3logo.<\/p>\n<h3>Tus lesiones pueden afectar a tu vida diaria<\/h3>\n<p>Las lesiones de tejidos blandos en m\u00fasculos, ligamentos y tendones pueden provocar malestar y rigidez. Sin embargo, los accidentes de tr\u00e1fico tambi\u00e9n pueden causar lesiones en la columna vertebral, afectando a nervios y discos. Si no se tratan, estas lesiones pueden provocar dolor cr\u00f3nico, movilidad restringida e incluso par\u00e1lisis.<\/p>\n<h3>Ayuda a su caso de lesiones personales<\/h3>\n<p>Otra ventaja de buscar tratamiento inmediato es que ofrece pruebas de que sufri\u00f3 lesiones en el accidente. Si rechaza el tratamiento, puede ser muy dif\u00edcil conseguir que una compa\u00f1\u00eda de seguros cubra m\u00e1s adelante su reclamaci\u00f3n por lesiones. Esto podr\u00eda hacer que tuviera que hacer frente por su cuenta a facturas m\u00e9dicas cada vez mayores.<\/p>\n<p><a href=\"https:\/\/www.apexosn.com\/wp-content\/uploads\/2024\/05\/shutterstock_2099265199.jpg\"><img decoding=\"async\" class=\"alignnone size-full wp-image-3615\" src=\"https:\/\/www.apexosn.com\/wp-content\/uploads\/2024\/05\/shutterstock_2099265199.jpg\" alt=\"Charlotte Neurology Doctor Holding Drawing of Brain\" width=\"500\" height=\"334\" srcset=\"https:\/\/www.apexosn.com\/wp-content\/uploads\/2024\/05\/shutterstock_2099265199.jpg 500w, https:\/\/www.apexosn.com\/wp-content\/uploads\/2024\/05\/shutterstock_2099265199-300x200.jpg 300w\" sizes=\"(max-width: 500px) 100vw, 500px\" \/><\/a><\/p>\n<h3>Una lesi\u00f3n puede afectar a su personalidad y salud mental<\/h3>\n<p>Las lesiones cerebrales traum\u00e1ticas (LCT) pueden alterar los rasgos de la personalidad, provocando irritabilidad, cambios de humor y nerviosismo. Los trastornos del sue\u00f1o tambi\u00e9n son frecuentes tras una LCT, lo que afecta a la salud mental en general. Adem\u00e1s, puede desarrollarse un trastorno de estr\u00e9s postraum\u00e1tico (TEPT), que influye en sus interacciones con sus seres queridos.<\/p>\n<h3>Retraso en la aparici\u00f3n de los s\u00edntomas<\/h3>\n<p>Es posible que algunos s\u00edntomas no aparezcan inmediatamente despu\u00e9s del accidente, sino que se manifiesten d\u00edas o incluso meses m\u00e1s tarde. Pueden ser dolores de cabeza persistentes, rigidez en la espalda, el cuello o los hombros, mareos, visi\u00f3n borrosa, p\u00e9rdida de memoria y dificultad para concentrarse.<\/p>\n<h3>Posible empeoramiento de las lesiones con el tiempo<\/h3>\n<p>La atenci\u00f3n m\u00e9dica inmediata es vital para una recuperaci\u00f3n m\u00e1s r\u00e1pida y mejores resultados. Un tratamiento tard\u00edo puede provocar una curaci\u00f3n inadecuada, dolor cr\u00f3nico y deterioro funcional a largo plazo. Una intervenci\u00f3n temprana garantiza un tratamiento m\u00e1s eficaz del dolor, recursos para afrontarlo y un periodo de recuperaci\u00f3n m\u00e1s corto.<\/p>\n<h3>Consecuencias potencialmente mortales de las lesiones no tratadas<\/h3>\n<p>Ciertas lesiones, en particular las LCT, pueden poner en peligro la vida. A pesar del alivio inicial, las LCT no tratadas pueden tener consecuencias mortales m\u00e1s adelante. Los Centros para el Control de Enfermedades (CDC) informan de miles de muertes anuales relacionadas con las LCT, algunas de las cuales se producen a\u00f1os despu\u00e9s de la lesi\u00f3n inicial.<\/p>\n<p>Buscar la atenci\u00f3n oportuna de un especialista en neurolog\u00eda de Charlotte tras un accidente de coche es vital para mitigar las consecuencias inmediatas y a largo plazo. El tratamiento temprano no s\u00f3lo aborda las preocupaciones inmediatas, sino que tambi\u00e9n previene el dolor cr\u00f3nico, la restricci\u00f3n de movimientos y otros s\u00edntomas debilitantes en el futuro.<\/p>\n<h2>Detecci\u00f3n de afecciones neurol\u00f3gicas<\/h2>\n<p>En un examen neurol\u00f3gico, un neur\u00f3logo revisar\u00e1 su estado junto con su historial m\u00e9dico. El examen suele incluir pruebas de las capacidades sensoriales y motoras, la coordinaci\u00f3n visual, la fuerza, el habla, la audici\u00f3n y los reflejos. Los neur\u00f3logos tambi\u00e9n pueden comprobar su estado mental.<\/p>\n<p>Esto les ayudar\u00e1 a determinar una lista de problemas potenciales que podr\u00edan haber sido causados por el accidente de coche. Una vez que hayan terminado, los resultados dar\u00e1n una indicaci\u00f3n clara de qu\u00e9 pruebas de diagn\u00f3stico y opciones de tratamiento a seguir.<\/p>\n<p>Nuestro equipo de neurolog\u00eda de Charlotte se compromete a trabajar con usted y con su m\u00e9dico de cabecera para proporcionarle un tratamiento integral. Algunas de las herramientas y procedimientos de vanguardia que podemos utilizar para diagnosticar afecciones neurol\u00f3gicas despu\u00e9s de un accidente automovil\u00edstico incluyen los siguientes.<\/p>\n<h3>Resonancia magn\u00e9tica<\/h3>\n<p>La resonancia magn\u00e9tica (RM) utiliza potentes ondas de radio y campos magn\u00e9ticos para producir im\u00e1genes transversales precisas del cuerpo humano. Las resonancias magn\u00e9ticas son muy \u00fatiles para diagnosticar lesiones cerebrales y otras afecciones neurol\u00f3gicas, ya que proporcionan im\u00e1genes detalladas del cerebro y la m\u00e9dula espinal. Tambi\u00e9n pueden utilizarse para evaluar lesiones nerviosas.<\/p>\n<h3>Electromiograf\u00eda (EMG) \/ Velocidad de conducci\u00f3n nerviosa (VCN)<\/h3>\n<p>Las pruebas de electromiograf\u00eda (EMG) y velocidad de conducci\u00f3n nerviosa (NCV) eval\u00faan la actividad el\u00e9ctrica de m\u00fasculos y nervios. Mediante electrodos de aguja e impulsos el\u00e9ctricos, estas pruebas miden la velocidad de la se\u00f1al a trav\u00e9s de los nervios.<\/p>\n<h3>Videonistagmograf\u00eda (VNG)<\/h3>\n<p>La VNG eval\u00faa la funci\u00f3n del o\u00eddo interno que afecta al equilibrio mediante m\u00e9todos no invasivos. Mediante el seguimiento de los movimientos oculares y la evaluaci\u00f3n de las respuestas a est\u00edmulos como el aire o el agua en los o\u00eddos, esta prueba proporciona informaci\u00f3n valiosa sobre la salud del o\u00eddo interno.<\/p>\n<h3>Electroencefalograma cuantitativo (EEG)<\/h3>\n<p>El EEG cuantitativo analiza la actividad el\u00e9ctrica cerebral para detectar patrones indicativos de problemas neurol\u00f3gicos y ofrecer informaci\u00f3n diagn\u00f3stica.<\/p>\n<h3>Mapeo cerebral<\/h3>\n<p>El mapeo cerebral se utiliza para evaluar tanto los aspectos estructurales como funcionales del cerebro, proporcionando una comprensi\u00f3n global de su condici\u00f3n.<\/p>\n<p>Cuando acuda a Apex Orthopaedics Spine &amp; Neurology, nuestros especialistas le ayudar\u00e1n compasivamente y realizar\u00e1n las evaluaciones necesarias, incluido un examen neurol\u00f3gico y otras pruebas para ayudar a crear un plan de tratamiento personalizado que aborde sus s\u00edntomas y ayude a la curaci\u00f3n.<\/p>\n<p><a href=\"https:\/\/www.apexosn.com\/wp-content\/uploads\/2024\/05\/shutterstock_570241147-min-1.jpg\"><img decoding=\"async\" class=\"alignnone size-full wp-image-3617\" src=\"https:\/\/www.apexosn.com\/wp-content\/uploads\/2024\/05\/shutterstock_570241147-min-1.jpg\" alt=\"Neurologist Pointing to Brain Scan\" width=\"500\" height=\"333\" srcset=\"https:\/\/www.apexosn.com\/wp-content\/uploads\/2024\/05\/shutterstock_570241147-min-1.jpg 500w, https:\/\/www.apexosn.com\/wp-content\/uploads\/2024\/05\/shutterstock_570241147-min-1-300x200.jpg 300w\" sizes=\"(max-width: 500px) 100vw, 500px\" \/><\/a><\/p>\n<h2>Tratamientos de Neurolog\u00eda<\/h2>\n<p>Aunque nuestro objetivo es ofrecer a nuestros pacientes una atenci\u00f3n integral, tambi\u00e9n ofrecemos servicios complementarios que ayudan a abordar todos los aspectos de su salud. Con un completo equipo neurol\u00f3gico, ortop\u00e9dico y de rehabilitaci\u00f3n que colaboran estrechamente en un mismo centro, ofrecemos los siguientes servicios destinados a ayudarle a recuperarse por completo.<\/p>\n<h3>Tratamiento del dolor<\/h3>\n<p>Nuestro equipo dedicado al tratamiento del dolor se especializa en enfoques no quir\u00fargicos para aliviar el dolor espinal y nervioso. Ofrecemos desde medicaci\u00f3n con receta hasta procedimientos como la neurotom\u00eda por radiofrecuencia, que consiste en cauterizar o quemar el nervio sensorial para aliviar el dolor a largo plazo.<\/p>\n<h3>Cirug\u00eda<\/h3>\n<p>Nuestro equipo de cirug\u00eda ortop\u00e9dica ofrece una gama de tratamientos para las lesiones por accidente de coche, incluyendo procedimientos ambulatorios m\u00ednimamente invasivos y cirug\u00edas correctivas. Tanto si necesita una sustituci\u00f3n discal como una fusi\u00f3n espinal, adaptamos las opciones quir\u00fargicas a sus necesidades espec\u00edficas. Muchos de nuestros pacientes se someten a cirug\u00eda de columna m\u00ednimamente invasiva y se recuperan c\u00f3modamente en casa el mismo d\u00eda o al d\u00eda siguiente.<\/p>\n<h3>Derivaciones y recomendaciones<\/h3>\n<p>Facilitamos las derivaciones a psiquiatras u otros especialistas en funci\u00f3n de sus necesidades neurol\u00f3gicas. Adem\u00e1s, nuestro equipo puede sugerirle ejercicios cognitivos complementados con cuidados quiropr\u00e1cticos y fisioterapia para ayudarle a recuperar su estilo de vida.<\/p>\n<h2>Hable hoy mismo con un especialista en neurolog\u00eda de Charlotte<\/h2>\n<p>Las lesiones por accidentes automovil\u00edsticos pueden ser debilitantes y, si no se tratan, podr\u00edan causar complicaciones de salud y afecciones cr\u00f3nicas. Si usted o un ser querido sufri\u00f3 un accidente automovil\u00edstico que le caus\u00f3 lesiones graves, el equipo de Apex Orthopaedics Spine &amp; Neurology est\u00e1 aqu\u00ed para ayudarlo.<\/p>\n<p>Nuestros m\u00e9dicos especialistas en neurolog\u00eda y otros profesionales sanitarios de Charlotte pueden diagnosticar sus lesiones y desarrollar un plan personalizado adaptado a sus lesiones y a su estilo de vida. Utilizamos un enfoque de tratamiento hol\u00edstico, para asegurar una recuperaci\u00f3n completa y prevenir problemas cr\u00f3nicos.<\/p>\n<p>Ll\u00e1menos hoy al <a href=\"tel:+17044123045\"><i class=\"fa fa-phone-alt\"><\/i>704-412-3045<\/a> para programar una consulta con nosotros.<\/p>\n","protected":false},"excerpt":{"rendered":"<p>Incluso con el reciente avance de la seguridad automovil\u00edstica y las tecnolog\u00edas de asistencia al conductor, siguen ocurriendo accidentes de coche en nuestras carreteras. Tras una colisi\u00f3n, puede sufrir lesiones que le obliguen a buscar tratamiento especializado. Un m\u00e9dico puede proporcionarle la atenci\u00f3n inicial que necesita en urgencias, pero en el caso de algunas lesiones, [&hellip;]<\/p>\n","protected":false},"author":36,"featured_media":0,"parent":2732,"menu_order":0,"comment_status":"closed","ping_status":"closed","template":"","meta":{"_acf_changed":false,"footnotes":""},"categories":[],"tags":[],"class_list":["post-2775","page","type-page","status-publish","hentry"],"acf":[],"_links":{"self":[{"href":"https:\/\/www.apexosn.com\/es\/wp-json\/wp\/v2\/pages\/2775","targetHints":{"allow":["GET"]}}],"collection":[{"href":"https:\/\/www.apexosn.com\/es\/wp-json\/wp\/v2\/pages"}],"about":[{"href":"https:\/\/www.apexosn.com\/es\/wp-json\/wp\/v2\/types\/page"}],"author":[{"embeddable":true,"href":"https:\/\/www.apexosn.com\/es\/wp-json\/wp\/v2\/users\/36"}],"replies":[{"embeddable":true,"href":"https:\/\/www.apexosn.com\/es\/wp-json\/wp\/v2\/comments?post=2775"}],"version-history":[{"count":5,"href":"https:\/\/www.apexosn.com\/es\/wp-json\/wp\/v2\/pages\/2775\/revisions"}],"predecessor-version":[{"id":4857,"href":"https:\/\/www.apexosn.com\/es\/wp-json\/wp\/v2\/pages\/2775\/revisions\/4857"}],"up":[{"embeddable":true,"href":"https:\/\/www.apexosn.com\/es\/wp-json\/wp\/v2\/pages\/2732"}],"wp:attachment":[{"href":"https:\/\/www.apexosn.com\/es\/wp-json\/wp\/v2\/media?parent=2775"}],"wp:term":[{"taxonomy":"category","embeddable":true,"href":"https:\/\/www.apexosn.com\/es\/wp-json\/wp\/v2\/categories?post=2775"},{"taxonomy":"post_tag","embeddable":true,"href":"https:\/\/www.apexosn.com\/es\/wp-json\/wp\/v2\/tags?post=2775"}],"curies":[{"name":"wp","href":"https:\/\/api.w.org\/{rel}","templated":true}]}}