{"id":2774,"date":"2020-12-10T19:00:23","date_gmt":"2020-12-11T00:00:23","guid":{"rendered":"https:\/\/www.apexosn.com\/charlotte-nc\/lesion-cervical\/"},"modified":"2024-05-25T12:23:29","modified_gmt":"2024-05-25T17:23:29","slug":"lesion-cervical","status":"publish","type":"page","link":"https:\/\/www.apexosn.com\/es\/lesion-cervical\/","title":{"rendered":"Lesi\u00f3n cervical"},"content":{"rendered":"<p>Las lesiones cervicales pueden perjudicar considerablemente su vida diaria, afectando a todo, desde su capacidad para dormir c\u00f3modamente hasta la restricci\u00f3n de su amplitud de movimiento. Ya se trate de un dolor que interrumpe el sue\u00f1o o limita la movilidad, las molestias cervicales pueden suponer una carga importante. Las lesiones personales por resbalones, ca\u00eddas, accidentes de tr\u00e1fico o incidentes laborales pueden provocar dolor de cuello cr\u00f3nico que, si no se trata, puede dar lugar a degeneraci\u00f3n muscular, inmovilidad persistente y dolores de cabeza recurrentes.<\/p>\n<p>Es fundamental tratar el dolor de cuello con seriedad. Si experimenta molestias o dolor continuos en el cuello que no mejoran al cabo de unos d\u00edas, es esencial buscar un diagn\u00f3stico y tratamiento profesionales para descubrir y abordar la causa fundamental de su dolor.<\/p>\n<p>Para un tratamiento experto de las lesiones cervicales, los m\u00e9dicos expertos de Apex Orthopaedics Spine &amp; Neurology son expertos en el tratamiento de las afecciones cervicales agudas y cr\u00f3nicas. Nuestro equipo proporciona una atenci\u00f3n integral, incluyendo estrategias de manejo del dolor para ayudarle a lograr un alivio duradero. Si usted est\u00e1 sufriendo de dolor de cuello o complicaciones de una lesi\u00f3n personal, p\u00f3ngase en contacto con nuestros especialistas en cuello en Georgia Spine and Orthopaedics hoy en <a href=\"tel:+17044123045\"><i class=\"fa fa-phone-alt\"><\/i>704-412-3045<\/a> para programar su cita.<\/p>\n\t\t<div data-elementor-type=\"section\" data-elementor-id=\"208\" class=\"elementor elementor-208\" data-elementor-post-type=\"elementor_library\">\n\t\t\t\t\t<section class=\"elementor-section elementor-top-section elementor-element elementor-element-485e576a elementor-section-boxed elementor-section-height-default elementor-section-height-default\" data-id=\"485e576a\" data-element_type=\"section\" data-e-type=\"section\">\n\t\t\t\t\t\t<div class=\"elementor-container elementor-column-gap-default\">\n\t\t\t\t\t<div class=\"elementor-column elementor-col-100 elementor-top-column elementor-element elementor-element-635c38c0\" data-id=\"635c38c0\" data-element_type=\"column\" data-e-type=\"column\">\n\t\t\t<div class=\"elementor-widget-wrap elementor-element-populated\">\n\t\t\t\t\t\t<div class=\"elementor-element elementor-element-3ba95c8a elementor-toc--minimized-on-tablet elementor-widget elementor-widget-table-of-contents\" data-id=\"3ba95c8a\" data-element_type=\"widget\" data-e-type=\"widget\" data-settings=\"{&quot;exclude_headings_by_selector&quot;:&quot;.toc-remove&quot;,&quot;headings_by_tags&quot;:[&quot;h2&quot;,&quot;h3&quot;],&quot;marker_view&quot;:&quot;numbers&quot;,&quot;no_headings_message&quot;:&quot;No headings were found on this page.&quot;,&quot;minimize_box&quot;:&quot;yes&quot;,&quot;minimized_on&quot;:&quot;tablet&quot;,&quot;hierarchical_view&quot;:&quot;yes&quot;,&quot;min_height&quot;:{&quot;unit&quot;:&quot;px&quot;,&quot;size&quot;:&quot;&quot;,&quot;sizes&quot;:[]},&quot;min_height_laptop&quot;:{&quot;unit&quot;:&quot;px&quot;,&quot;size&quot;:&quot;&quot;,&quot;sizes&quot;:[]},&quot;min_height_tablet&quot;:{&quot;unit&quot;:&quot;px&quot;,&quot;size&quot;:&quot;&quot;,&quot;sizes&quot;:[]},&quot;min_height_mobile&quot;:{&quot;unit&quot;:&quot;px&quot;,&quot;size&quot;:&quot;&quot;,&quot;sizes&quot;:[]}}\" data-widget_type=\"table-of-contents.default\">\n\t\t\t\t\t\t\t\t\t<div class=\"elementor-toc__header\">\n\t\t\t\t\t\t<div class=\"elementor-toc__header-title\">\n\t\t\t\tTable of Contents\t\t\t<\/div>\n\t\t\t\t\t\t\t\t\t\t<div class=\"elementor-toc__toggle-button elementor-toc__toggle-button--expand\" role=\"button\" tabindex=\"0\" aria-controls=\"elementor-toc__3ba95c8a\" aria-expanded=\"true\" aria-label=\"Open table of contents\"><svg aria-hidden=\"true\" class=\"e-font-icon-svg e-fas-chevron-down\" viewBox=\"0 0 448 512\" xmlns=\"http:\/\/www.w3.org\/2000\/svg\"><path d=\"M207.029 381.476L12.686 187.132c-9.373-9.373-9.373-24.569 0-33.941l22.667-22.667c9.357-9.357 24.522-9.375 33.901-.04L224 284.505l154.745-154.021c9.379-9.335 24.544-9.317 33.901.04l22.667 22.667c9.373 9.373 9.373 24.569 0 33.941L240.971 381.476c-9.373 9.372-24.569 9.372-33.942 0z\"><\/path><\/svg><\/div>\n\t\t\t\t<div class=\"elementor-toc__toggle-button elementor-toc__toggle-button--collapse\" role=\"button\" tabindex=\"0\" aria-controls=\"elementor-toc__3ba95c8a\" aria-expanded=\"true\" aria-label=\"Close table of contents\"><svg aria-hidden=\"true\" class=\"e-font-icon-svg e-fas-chevron-up\" viewBox=\"0 0 448 512\" xmlns=\"http:\/\/www.w3.org\/2000\/svg\"><path d=\"M240.971 130.524l194.343 194.343c9.373 9.373 9.373 24.569 0 33.941l-22.667 22.667c-9.357 9.357-24.522 9.375-33.901.04L224 227.495 69.255 381.516c-9.379 9.335-24.544 9.317-33.901-.04l-22.667-22.667c-9.373-9.373-9.373-24.569 0-33.941L207.03 130.525c9.372-9.373 24.568-9.373 33.941-.001z\"><\/path><\/svg><\/div>\n\t\t\t\t\t<\/div>\n\t\t\t\t<div id=\"elementor-toc__3ba95c8a\" class=\"elementor-toc__body\">\n\t\t\t<div class=\"elementor-toc__spinner-container\">\n\t\t\t\t<svg class=\"elementor-toc__spinner eicon-animation-spin e-font-icon-svg e-eicon-loading\" aria-hidden=\"true\" viewBox=\"0 0 1000 1000\" xmlns=\"http:\/\/www.w3.org\/2000\/svg\"><path d=\"M500 975V858C696 858 858 696 858 500S696 142 500 142 142 304 142 500H25C25 237 238 25 500 25S975 237 975 500 763 975 500 975Z\"><\/path><\/svg>\t\t\t<\/div>\n\t\t<\/div>\n\t\t\t\t\t\t<\/div>\n\t\t\t\t\t<\/div>\n\t\t<\/div>\n\t\t\t\t\t<\/div>\n\t\t<\/section>\n\t\t\t\t<\/div>\n\t\t\n<h2>Comprender el dolor de cuello y sus implicaciones<\/h2>\n<p><img fetchpriority=\"high\" decoding=\"async\" class=\"alignnone wp-image-4233 size-full\" src=\"https:\/\/www.apexosn.com\/wp-content\/uploads\/2024\/05\/shutterstock_347439827-min-1.jpg\" alt=\"Chiropractor treats a woman's neck injury\" width=\"500\" height=\"334\" srcset=\"https:\/\/www.apexosn.com\/wp-content\/uploads\/2024\/05\/shutterstock_347439827-min-1.jpg 500w, https:\/\/www.apexosn.com\/wp-content\/uploads\/2024\/05\/shutterstock_347439827-min-1-300x200.jpg 300w\" sizes=\"(max-width: 500px) 100vw, 500px\" \/><\/p>\n<p>El cuello es una estructura compleja compuesta por nervios, m\u00fasculos, huesos y articulaciones, todos ellos cruciales para sostener y facilitar el movimiento de la cabeza. Las molestias o el dolor en el cuello pueden deberse a problemas en cualquiera de estos componentes. El dolor de cuello engloba cualquier molestia que se sienta en esta zona y tambi\u00e9n puede manifestarse como dolores de cabeza o dolor en los hombros, brazos e incluso en las piernas, debido a la conexi\u00f3n integral del cuello con la m\u00e9dula espinal.<\/p>\n<p>El dolor de cuello puede producirse por diversos motivos, como lesiones por resbalones y ca\u00eddas, deportes de contacto o incluso por malas posturas al dormir. Aunque es habitual que el dolor de cuello remita a los pocos d\u00edas, un dolor persistente puede indicar un problema subyacente m\u00e1s grave.<\/p>\n<p>Si usted experimenta dolor de cuello en curso, es importante obtener una evaluaci\u00f3n completa para evitar da\u00f1os a largo plazo. P\u00f3ngase en contacto con los expertos en lesiones de Apex Orthopaedics Spine &amp; Neurology para obtener un diagn\u00f3stico exhaustivo y un plan de tratamiento eficaz.<\/p>\n<h2>C\u00f3mo reconocer los s\u00edntomas de una lesi\u00f3n cervical<\/h2>\n<p>Las lesiones cervicales pueden afectar no s\u00f3lo a la zona del cuello, sino que a menudo provocan s\u00edntomas que pueden aparecer en todo el cuerpo. Comprender estos s\u00edntomas es fundamental para buscar un tratamiento oportuno y eficaz. Estos son algunos de los signos m\u00e1s comunes de una lesi\u00f3n cervical:<\/p>\n<ul>\n<li><strong>Dolores de cabeza<\/strong>: Suelen acompa\u00f1ar a las lesiones de cuello y pueden sentirse como una banda tensa alrededor de la cabeza, lo que se conoce como cefaleas tensionales.<\/li>\n<li><strong>Dolor radicular<\/strong>: este dolor agudo y punzante desciende por el brazo y puede incluir sensaciones como hormigueo o entumecimiento.<\/li>\n<li><strong>Dificultad para realizar tareas manuales<\/strong>: El dolor de cuello puede dificultar la capacidad de agarrar o levantar objetos, lo que afecta a actividades cotidianas como girar el pomo de una puerta o llevar la compra.<\/li>\n<li><strong>Radiculopat\u00eda cervical<\/strong>: Causada por la compresi\u00f3n de la ra\u00edz nerviosa en la columna cervical, esta afecci\u00f3n puede provocar s\u00edntomas neurol\u00f3gicos, como hormigueo, entumecimiento o debilidad en los brazos.<\/li>\n<li><strong>Dolor persistente<\/strong>: El malestar continuo en el cuello, que empeora con el movimiento o el tacto, es un s\u00edntoma t\u00edpico.<\/li>\n<li><strong>Dolor agudo y localizado<\/strong>: Preste atenci\u00f3n a los dolores agudos que se intensifican con movimientos como inclinar la cabeza.<\/li>\n<li><strong>Cuello r\u00edgido<\/strong>: La movilidad limitada del cuello, que hace que resulte doloroso girar la cabeza, suele indicar una lesi\u00f3n cervical.<\/li>\n<\/ul>\n<p>Si experimenta alguno de estos s\u00edntomas y ve que afectan a su vida diaria o a la calidad de su sue\u00f1o, es importante que no los ignore. Visite Apex Orthopaedics Spine &amp; Neurology, donde nuestros m\u00e9dicos experimentados pueden proporcionarle un diagn\u00f3stico detallado y crear un plan de tratamiento personalizado para ayudar a aliviar sus molestias y restaurar la funcionalidad.<\/p>\n<h2>Identificaci\u00f3n de las causas comunes del dolor de cuello<\/h2>\n<p><img decoding=\"async\" class=\"alignnone wp-image-3563 size-full\" src=\"https:\/\/www.apexosn.com\/wp-content\/uploads\/2024\/05\/shutterstock_1426522832-min.jpg\" alt=\"A woman grabs her neck in pain after suffering a neck injury in a car accident\" width=\"500\" height=\"334\" srcset=\"https:\/\/www.apexosn.com\/wp-content\/uploads\/2024\/05\/shutterstock_1426522832-min.jpg 500w, https:\/\/www.apexosn.com\/wp-content\/uploads\/2024\/05\/shutterstock_1426522832-min-300x200.jpg 300w\" sizes=\"(max-width: 500px) 100vw, 500px\" \/><\/p>\n<p>El dolor de cuello puede tener diversas causas, desde lesiones f\u00edsicas hasta enfermedades degenerativas. En Apex Orthopaedics Spine &amp; Neurology, nuestros expertos est\u00e1n bien equipados para gestionar y tratar las siguientes causas prevalentes de molestias en el cuello:<\/p>\n<ul>\n<li><strong>Lesiones<\/strong>: Los accidentes como resbalones, ca\u00eddas, colisiones automovil\u00edsticas o incidentes en el trabajo pueden causar dolor de cuello inmediato e intenso. Las lesiones cervicales tambi\u00e9n son frecuentes en los deportes de contacto debido a la naturaleza de alto impacto de estas actividades.<\/li>\n<li><strong>Envejecimiento<\/strong>: Los procesos naturales de envejecimiento, como la artrosis o la estenosis espinal, suelen contribuir al dolor de cuello, ya que las articulaciones y los huesos de la columna cervical sufren cambios degenerativos.<\/li>\n<li><strong>Esfuerzo f\u00edsico<\/strong>: Los periodos prolongados de inactividad o las malas posturas, como mirar el smartphone o encorvarse sobre el escritorio, pueden forzar los m\u00fasculos del cuello. Las posturas inadecuadas al dormir tambi\u00e9n pueden forzar el cuello y provocar molestias.<\/li>\n<li><strong>Estr\u00e9s mental<\/strong>: El estr\u00e9s psicol\u00f3gico puede hacer que los m\u00fasculos del cuello se tensen, lo que provoca dolor y rigidez que agravan las molestias f\u00edsicas.<\/li>\n<li><strong>Afecciones de la columna vertebral<\/strong>: Problemas como hernias discales o espolones \u00f3seos en las v\u00e9rtebras cervicales pueden comprimir los nervios espinales cercanos, provocando dolor.<\/li>\n<li><strong>Crecimiento y otros problemas de salud<\/strong>: Los crecimientos anormales como quistes o tumores, as\u00ed como otras afecciones m\u00e9dicas, tambi\u00e9n pueden ser causas subyacentes del dolor de cuello.<\/li>\n<\/ul>\n<p>If you\u2019re experiencing neck pain, it\u2019s crucial to address it promptly to avoid further complications. Contact Apex Orthopaedics Spine &amp; Neurology, for a comprehensive evaluation and personalized treatment plan to alleviate your neck pain and restore your quality of life.<\/p>\n<h2>Tratamientos integrales de las lesiones cervicales<\/h2>\n<p>En Apex Orthopaedics Spine &amp; Neurology, reconocemos que la lesi\u00f3n de cuello de cada paciente es \u00fanica. Nuestro equipo de especialistas en cuello desarrolla planes de tratamiento personalizados basados en las caracter\u00edsticas espec\u00edficas de su dolor y en cualquier problema m\u00e9dico asociado.<\/p>\n<p>Estos son algunos de los variados tratamientos que ofrecemos para las lesiones cervicales:<\/p>\n<h3>Gesti\u00f3n de la medicaci\u00f3n<\/h3>\n<p>Para el alivio inicial del dolor, normalmente recetamos antiinflamatorios no esteroideos (AINE) como el ibuprofeno. Las opciones adicionales pueden incluir medicamentos para el dolor del nervio y relajantes musculares para aliviar los s\u00edntomas agudos, preparando el escenario para las estrategias de tratamiento m\u00e1s a largo plazo.<\/p>\n<h3>Bloqueos nerviosos<\/h3>\n<p>Los bloqueos nerviosos pueden aliviar el dolor impidiendo que determinados nervios env\u00eden se\u00f1ales de dolor. Estos bloqueos pueden ser quir\u00fargicos, en los que los nervios se alteran permanentemente para detener la transmisi\u00f3n del dolor, o no quir\u00fargicos, en los que se aplican inyecciones anest\u00e9sicas espec\u00edficas para lograr un adormecimiento temporal. Nuestros especialistas son expertos en ambos m\u00e9todos.<\/p>\n<h3>Ajustes quiropr\u00e1cticos<\/h3>\n<p>El cuidado quiropr\u00e1ctico implica manipulaciones precisas donde la presi\u00f3n se aplica a \u00e1reas espec\u00edficas para aliviar el dolor y mejorar la funci\u00f3n.<\/p>\n<h3>Estimulador de la m\u00e9dula espinal<\/h3>\n<p>Para el dolor persistente que no ha respondido a otros tratamientos, puede recomendarse un estimulador de la m\u00e9dula espinal. Este dispositivo se implanta y ayuda a bloquear las se\u00f1ales de dolor antes de que lleguen al cerebro, ofreciendo una alternativa a las cirug\u00edas invasivas.<\/p>\n<h3>Ablaci\u00f3n por radiofrecuencia<\/h3>\n<p>Este tratamiento utiliza corrientes el\u00e9ctricas para crear calor que interrumpe la transmisi\u00f3n del dolor dirigi\u00e9ndose a los nervios. El alivio de este procedimiento puede durar entre nueve meses y dos a\u00f1os.<\/p>\n<h3>Cirug\u00eda ortop\u00e9dica<\/h3>\n<p>Cuando fracasan los tratamientos menos invasivos, pueden ser necesarias opciones quir\u00fargicas como la sustituci\u00f3n discal, la laminoplastia, la laminectom\u00eda, la discectom\u00eda o la fusi\u00f3n vertebral cervical para aliviar el dolor y restaurar la funci\u00f3n.<\/p>\n<h3>Cifoplastia<\/h3>\n<p>Este procedimiento m\u00ednimamente invasivo consiste en inyectar un cemento especial en las fracturas vertebrales para aliviar r\u00e1pidamente el dolor y estabilizar el hueso.<\/p>\n<h3>Inyecciones<\/h3>\n<p>Para el dolor de cuello cr\u00f3nico causado por la compresi\u00f3n del nervio, podemos administrar inyecciones como las inyecciones de la articulaci\u00f3n facetaria, inyecciones epidurales de esteroides o bloqueos de la rama medial. Estos combinan un esteroide con un anest\u00e9sico local para reducir la inflamaci\u00f3n y el dolor.<\/p>\n<p>En Apex Orthopaedics Spine &amp; Neurology, nuestro objetivo es proporcionar a cada paciente el tratamiento m\u00e1s eficaz para aliviar su dolor de cuello y ayudarles a volver a un estilo de vida normal y activo. P\u00f3ngase en contacto con nosotros hoy para discutir sus opciones de tratamiento y comenzar en el camino hacia la recuperaci\u00f3n.<\/p>\n<h2>Programe hoy mismo su tratamiento para la lesi\u00f3n cervical<\/h2>\n<p><img decoding=\"async\" class=\"alignnone wp-image-1816\" src=\"https:\/\/www.apexosn.com\/wp-content\/uploads\/2020\/12\/Apex-Doctors.png\" alt=\"Apex Orthopaedic, Spine, &amp; Neurology team of doctors\" width=\"500\" height=\"241\" srcset=\"https:\/\/www.apexosn.com\/wp-content\/uploads\/2020\/12\/Apex-Doctors.png 776w, https:\/\/www.apexosn.com\/wp-content\/uploads\/2020\/12\/Apex-Doctors-300x145.png 300w, https:\/\/www.apexosn.com\/wp-content\/uploads\/2020\/12\/Apex-Doctors-768x370.png 768w\" sizes=\"(max-width: 500px) 100vw, 500px\" \/><\/p>\n<p>Una lesi\u00f3n de cuello puede afectar significativamente a su vida diaria, haciendo que las tareas sencillas sean dif\u00edciles y causando una angustia emocional continua debido al dolor persistente. Si sufre dolor cr\u00f3nico en el cuello, acuda a los especialistas de Apex Orthopaedics Spine &amp; Neurology.<\/p>\n<p>Nuestro equipo de m\u00e9dicos expertos en lesiones ofrece una variedad de opciones de tratamiento dise\u00f1adas para reducir su dolor y restaurar su bienestar. Utilizamos las \u00faltimas t\u00e9cnicas y tecnolog\u00edas para abordar las causas subyacentes de su dolor, asegurando que usted reciba alivio a largo plazo. P\u00f3ngase en contacto con nosotros en <a href=\"tel:+17044123045\"><i class=\"fa fa-phone-alt\"><\/i>704-412-3045<\/a> hoy para reservar una cita con nuestros especialistas en lesiones de expertos y comenzar su viaje de regreso a la salud \u00f3ptima.<\/p>\n","protected":false},"excerpt":{"rendered":"<p>Las lesiones cervicales pueden perjudicar considerablemente su vida diaria, afectando a todo, desde su capacidad para dormir c\u00f3modamente hasta la restricci\u00f3n de su amplitud de movimiento. Ya se trate de un dolor que interrumpe el sue\u00f1o o limita la movilidad, las molestias cervicales pueden suponer una carga importante. Las lesiones personales por resbalones, ca\u00eddas, accidentes [&hellip;]<\/p>\n","protected":false},"author":22,"featured_media":0,"parent":0,"menu_order":0,"comment_status":"closed","ping_status":"closed","template":"","meta":{"_acf_changed":false,"footnotes":""},"categories":[],"tags":[],"class_list":["post-2774","page","type-page","status-publish","hentry"],"acf":[],"_links":{"self":[{"href":"https:\/\/www.apexosn.com\/es\/wp-json\/wp\/v2\/pages\/2774","targetHints":{"allow":["GET"]}}],"collection":[{"href":"https:\/\/www.apexosn.com\/es\/wp-json\/wp\/v2\/pages"}],"about":[{"href":"https:\/\/www.apexosn.com\/es\/wp-json\/wp\/v2\/types\/page"}],"author":[{"embeddable":true,"href":"https:\/\/www.apexosn.com\/es\/wp-json\/wp\/v2\/users\/22"}],"replies":[{"embeddable":true,"href":"https:\/\/www.apexosn.com\/es\/wp-json\/wp\/v2\/comments?post=2774"}],"version-history":[{"count":3,"href":"https:\/\/www.apexosn.com\/es\/wp-json\/wp\/v2\/pages\/2774\/revisions"}],"predecessor-version":[{"id":4991,"href":"https:\/\/www.apexosn.com\/es\/wp-json\/wp\/v2\/pages\/2774\/revisions\/4991"}],"wp:attachment":[{"href":"https:\/\/www.apexosn.com\/es\/wp-json\/wp\/v2\/media?parent=2774"}],"wp:term":[{"taxonomy":"category","embeddable":true,"href":"https:\/\/www.apexosn.com\/es\/wp-json\/wp\/v2\/categories?post=2774"},{"taxonomy":"post_tag","embeddable":true,"href":"https:\/\/www.apexosn.com\/es\/wp-json\/wp\/v2\/tags?post=2774"}],"curies":[{"name":"wp","href":"https:\/\/api.w.org\/{rel}","templated":true}]}}