{"id":2769,"date":"2020-12-10T18:59:07","date_gmt":"2020-12-10T23:59:07","guid":{"rendered":"https:\/\/www.apexosn.com\/charlotte-nc\/lesion-de-cadera\/"},"modified":"2024-07-23T15:32:15","modified_gmt":"2024-07-23T20:32:15","slug":"lesion-de-cadera","status":"publish","type":"page","link":"https:\/\/www.apexosn.com\/es\/lesion-de-cadera\/","title":{"rendered":"Lesi\u00f3n de cadera"},"content":{"rendered":"<p>La cadera es una articulaci\u00f3n de carga crucial, esencial para casi todos los movimientos que realizamos. Por desgracia, las lesiones de cadera son frecuentes en los accidentes de tr\u00e1fico y pueden provocar una serie de s\u00edntomas, desde molestias leves hasta dolor intenso. El tratamiento inmediato tras un accidente de tr\u00e1fico es vital para evitar da\u00f1os duraderos.<\/p>\n<p>Si usted est\u00e1 experimentando dolor de cadera despu\u00e9s de un accidente de veh\u00edculo, es importante evaluar la gravedad de la lesi\u00f3n y comprender los pasos necesarios para la recuperaci\u00f3n. En Apex Orthopaedics Spine &amp; Neurology, nuestro equipo de especialistas en lesiones de cadera est\u00e1 equipado para proporcionar la atenci\u00f3n integral necesaria para ayudarle a recuperar la movilidad y vivir sin dolor.<\/p>\n<p>P\u00f3ngase en contacto con nuestra cl\u00ednica hoy mismo en el <a href=\"tel:+17044123045\"><i class=\"fa fa-phone-alt\"><\/i>704-412-3045<\/a> para recibir una atenci\u00f3n personalizada de alta calidad por parte de nuestro experimentado equipo ortop\u00e9dico.<\/p>\n\t\t<div data-elementor-type=\"section\" data-elementor-id=\"208\" class=\"elementor elementor-208\" data-elementor-post-type=\"elementor_library\">\n\t\t\t\t\t<section class=\"elementor-section elementor-top-section elementor-element elementor-element-485e576a elementor-section-boxed elementor-section-height-default elementor-section-height-default\" data-id=\"485e576a\" data-element_type=\"section\" data-e-type=\"section\">\n\t\t\t\t\t\t<div class=\"elementor-container elementor-column-gap-default\">\n\t\t\t\t\t<div class=\"elementor-column elementor-col-100 elementor-top-column elementor-element elementor-element-635c38c0\" data-id=\"635c38c0\" data-element_type=\"column\" data-e-type=\"column\">\n\t\t\t<div class=\"elementor-widget-wrap elementor-element-populated\">\n\t\t\t\t\t\t<div class=\"elementor-element elementor-element-3ba95c8a elementor-toc--minimized-on-tablet elementor-widget elementor-widget-table-of-contents\" data-id=\"3ba95c8a\" data-element_type=\"widget\" data-e-type=\"widget\" data-settings=\"{&quot;exclude_headings_by_selector&quot;:&quot;.toc-remove&quot;,&quot;headings_by_tags&quot;:[&quot;h2&quot;,&quot;h3&quot;],&quot;marker_view&quot;:&quot;numbers&quot;,&quot;no_headings_message&quot;:&quot;No headings were found on this page.&quot;,&quot;minimize_box&quot;:&quot;yes&quot;,&quot;minimized_on&quot;:&quot;tablet&quot;,&quot;hierarchical_view&quot;:&quot;yes&quot;,&quot;min_height&quot;:{&quot;unit&quot;:&quot;px&quot;,&quot;size&quot;:&quot;&quot;,&quot;sizes&quot;:[]},&quot;min_height_laptop&quot;:{&quot;unit&quot;:&quot;px&quot;,&quot;size&quot;:&quot;&quot;,&quot;sizes&quot;:[]},&quot;min_height_tablet&quot;:{&quot;unit&quot;:&quot;px&quot;,&quot;size&quot;:&quot;&quot;,&quot;sizes&quot;:[]},&quot;min_height_mobile&quot;:{&quot;unit&quot;:&quot;px&quot;,&quot;size&quot;:&quot;&quot;,&quot;sizes&quot;:[]}}\" data-widget_type=\"table-of-contents.default\">\n\t\t\t\t\t\t\t\t\t<div class=\"elementor-toc__header\">\n\t\t\t\t\t\t<div class=\"elementor-toc__header-title\">\n\t\t\t\tTable of Contents\t\t\t<\/div>\n\t\t\t\t\t\t\t\t\t\t<div class=\"elementor-toc__toggle-button elementor-toc__toggle-button--expand\" role=\"button\" tabindex=\"0\" aria-controls=\"elementor-toc__3ba95c8a\" aria-expanded=\"true\" aria-label=\"Open table of contents\"><svg aria-hidden=\"true\" class=\"e-font-icon-svg e-fas-chevron-down\" viewBox=\"0 0 448 512\" xmlns=\"http:\/\/www.w3.org\/2000\/svg\"><path d=\"M207.029 381.476L12.686 187.132c-9.373-9.373-9.373-24.569 0-33.941l22.667-22.667c9.357-9.357 24.522-9.375 33.901-.04L224 284.505l154.745-154.021c9.379-9.335 24.544-9.317 33.901.04l22.667 22.667c9.373 9.373 9.373 24.569 0 33.941L240.971 381.476c-9.373 9.372-24.569 9.372-33.942 0z\"><\/path><\/svg><\/div>\n\t\t\t\t<div class=\"elementor-toc__toggle-button elementor-toc__toggle-button--collapse\" role=\"button\" tabindex=\"0\" aria-controls=\"elementor-toc__3ba95c8a\" aria-expanded=\"true\" aria-label=\"Close table of contents\"><svg aria-hidden=\"true\" class=\"e-font-icon-svg e-fas-chevron-up\" viewBox=\"0 0 448 512\" xmlns=\"http:\/\/www.w3.org\/2000\/svg\"><path d=\"M240.971 130.524l194.343 194.343c9.373 9.373 9.373 24.569 0 33.941l-22.667 22.667c-9.357 9.357-24.522 9.375-33.901.04L224 227.495 69.255 381.516c-9.379 9.335-24.544 9.317-33.901-.04l-22.667-22.667c-9.373-9.373-9.373-24.569 0-33.941L207.03 130.525c9.372-9.373 24.568-9.373 33.941-.001z\"><\/path><\/svg><\/div>\n\t\t\t\t\t<\/div>\n\t\t\t\t<div id=\"elementor-toc__3ba95c8a\" class=\"elementor-toc__body\">\n\t\t\t<div class=\"elementor-toc__spinner-container\">\n\t\t\t\t<svg class=\"elementor-toc__spinner eicon-animation-spin e-font-icon-svg e-eicon-loading\" aria-hidden=\"true\" viewBox=\"0 0 1000 1000\" xmlns=\"http:\/\/www.w3.org\/2000\/svg\"><path d=\"M500 975V858C696 858 858 696 858 500S696 142 500 142 142 304 142 500H25C25 237 238 25 500 25S975 237 975 500 763 975 500 975Z\"><\/path><\/svg>\t\t\t<\/div>\n\t\t<\/div>\n\t\t\t\t\t\t<\/div>\n\t\t\t\t\t<\/div>\n\t\t<\/div>\n\t\t\t\t\t<\/div>\n\t\t<\/section>\n\t\t\t\t<\/div>\n\t\t\n<h2>Medidas inmediatas en caso de dolor de cadera tras un accidente de tr\u00e1fico<\/h2>\n<p>Sufrir dolor de cadera tras un accidente de tr\u00e1fico es un problema grave, y es fundamental no pasar por alto ning\u00fan s\u00edntoma, por leve que parezca. Esto es lo que debe hacer si sufre una lesi\u00f3n de cadera en un accidente.<\/p>\n<h3>Som\u00e9tase a un reconocimiento m\u00e9dico<\/h3>\n<p>Es esencial someterse a un examen f\u00edsico completo lo antes posible despu\u00e9s del accidente. Incluso un dolor de cadera aparentemente leve puede ser indicativo de una lesi\u00f3n m\u00e1s grave que podr\u00eda no manifestarse plenamente hasta d\u00edas o semanas despu\u00e9s.<\/p>\n<p>Una evaluaci\u00f3n m\u00e9dica a tiempo asegura que la causa de su dolor se identifica temprano, la prevenci\u00f3n de posibles complicaciones o condiciones m\u00e1s graves de desarrollo.<\/p>\n<h3>Tratamiento adecuado<\/h3>\n<p>El tratamiento oportuno tras un diagn\u00f3stico puede incluir diversos enfoques, como fisioterapia, medicamentos o, posiblemente, cirug\u00eda en el caso de lesiones m\u00e1s graves. El tratamiento precoz no s\u00f3lo ayuda a controlar el dolor, sino que tambi\u00e9n mejora significativamente la probabilidad de una recuperaci\u00f3n completa.<\/p>\n<h3>Documente sus lesiones<\/h3>\n<p>Documentar sus lesiones poco despu\u00e9s del accidente es beneficioso, especialmente cuando se trata de reclamaciones al seguro o asuntos legales relacionados con el accidente. Los historiales m\u00e9dicos obtenidos durante sus evaluaciones iniciales pueden ser fundamentales para establecer la relaci\u00f3n entre el accidente y su dolor de cadera, fortaleciendo su caso para obtener una indemnizaci\u00f3n.<\/p>\n<h2>Consulte a un abogado de lesiones personales<\/h2>\n<p>Considere la posibilidad de consultar con un abogado de lesiones personales con experiencia en reclamaciones por accidentes de autom\u00f3vil. Un abogado especializado en este tipo de casos puede proporcionarle la orientaci\u00f3n legal y el apoyo necesarios para garantizar que reciba la indemnizaci\u00f3n que merece por sus lesiones.<\/p>\n<p>En Apex Orthopaedics Spine &amp; Neurology, estamos preparados para ayudarle con los aspectos m\u00e9dicos y de documentaci\u00f3n necesarios para su recuperaci\u00f3n y los procedimientos legales. P\u00f3ngase en contacto con nosotros para recibir atenci\u00f3n especializada y apoyo durante su proceso de recuperaci\u00f3n.<\/p>\n<p><a href=\"https:\/\/www.apexosn.com\/wp-content\/uploads\/2024\/05\/shutterstock_1409572676-min.jpg\"><img fetchpriority=\"high\" decoding=\"async\" class=\"alignnone size-full wp-image-4640\" src=\"https:\/\/www.apexosn.com\/wp-content\/uploads\/2024\/05\/shutterstock_1409572676-min.jpg\" alt=\"Lesi\u00f3n de cadera\" width=\"500\" height=\"334\" srcset=\"https:\/\/www.apexosn.com\/wp-content\/uploads\/2024\/05\/shutterstock_1409572676-min.jpg 500w, https:\/\/www.apexosn.com\/wp-content\/uploads\/2024\/05\/shutterstock_1409572676-min-300x200.jpg 300w\" sizes=\"(max-width: 500px) 100vw, 500px\" \/><\/a><\/p>\n<h3>Notif\u00edcaselo a tu seguro<\/h3>\n<p>Es crucial que notifiques a tu compa\u00f1\u00eda de seguros el accidente de coche y las lesiones sufridas lo antes posible. Incluir el informe policial en tu comunicaci\u00f3n puede proporcionar los detalles necesarios a tu aseguradora.<\/p>\n<p>Sin embargo, recuerde que aunque el seguro est\u00e1 pensado para protegerle de tensiones financieras, las compa\u00f1\u00edas de seguros tambi\u00e9n se centran en mantener la rentabilidad. Por lo tanto, evite finalizar cualquier acuerdo o hacer declaraciones oficiales sin antes consultar con su abogado.<\/p>\n<h3>Tenga cuidado con los documentos legales<\/h3>\n<p>Antes de llegar a acuerdos, liberaciones o renuncias relacionadas con su accidente de coche, es imprescindible consultar con un abogado experto en lesiones personales. Un abogado especializado dar\u00e1 prioridad a sus intereses y le ayudar\u00e1 a asegurarse de que no se conforma con una indemnizaci\u00f3n que infravalore su reclamaci\u00f3n.<\/p>\n<p>Busque siempre asesoramiento legal antes de firmar cualquier documento, especialmente los ofrecidos por la compa\u00f1\u00eda de seguros de la parte culpable o sus representantes, independientemente de la presi\u00f3n o persuasi\u00f3n a la que pueda enfrentarse.<\/p>\n<p>En Apex Orthopaedics Spine &amp; Neurology, hacemos hincapi\u00e9 en la importancia de una documentaci\u00f3n m\u00e9dica exhaustiva y de una orientaci\u00f3n jur\u00eddica experta para proteger sus derechos e intereses tras un accidente de tr\u00e1fico.<\/p>\n<h2>Identificaci\u00f3n de los s\u00edntomas de las lesiones de cadera<\/h2>\n<p>Los s\u00edntomas de las lesiones de cadera pueden variar en funci\u00f3n del tipo de lesi\u00f3n sufrida. No es infrecuente sentir molestias en la zona de la cadera tras un accidente de tr\u00e1fico, con un dolor que puede extenderse a las piernas, las nalgas y los muslos. Este dolor puede describirse como sordo, agudo o punzante.<\/p>\n<p>Algunos indicadores comunes de una lesi\u00f3n de cadera son<\/p>\n<ul>\n<li>Dificultad para ponerse de pie o moverse con la misma facilidad que antes.<\/li>\n<li>Dolor intenso en la ingle o en la regi\u00f3n de la cadera.<\/li>\n<li>Incapacidad para soportar peso sobre la pierna del lado afectado.<\/li>\n<li>Acortamiento notable de la pierna del lado lesionado.<\/li>\n<li>La pierna del lado lesionado puede girarse hacia fuera.<\/li>\n<li>Hematomas o hinchaz\u00f3n visibles en la zona de la cadera.<\/li>\n<\/ul>\n<p>Es posible que los s\u00edntomas no aparezcan inmediatamente despu\u00e9s de un accidente debido a la adrenalina y al shock inicial; por ejemplo, lo que empieza como un dolor leve puede diagnosticarse m\u00e1s tarde como bursitis, o una fractura de cadera puede pasar desapercibida hasta que disminuya la adrenalina. Por lo tanto, es crucial acudir al m\u00e9dico inmediatamente despu\u00e9s de un accidente para evitar cualquier retraso en el diagn\u00f3stico o el empeoramiento de la lesi\u00f3n.<\/p>\n<p>En Apex Orthopaedics Spine &amp; Neurology, estamos equipados para evaluar y tratar diversas lesiones de cadera, ayud\u00e1ndole a evitar complicaciones posteriores y a mejorar su recuperaci\u00f3n.<\/p>\n<h2>C\u00f3mo entender las lesiones de cadera tras un accidente de tr\u00e1fico<\/h2>\n<p>La cadera es una articulaci\u00f3n esf\u00e9rica formada por la pelvis y el f\u00e9mur, que permite que el muslo se mueva en varias direcciones mientras soporta el peso del cuerpo. Tambi\u00e9n contiene una c\u00e1psula llena de l\u00edquido lubricante y ligamentos que impiden que la bola se salga de la cavidad.<\/p>\n<p>Para determinar la causa del dolor de cadera tras un accidente de tr\u00e1fico, los profesionales m\u00e9dicos suelen realizar un examen completo de la cadera y las piernas, comprobando la amplitud de movimiento y la fuerza mediante diversas evaluaciones.<\/p>\n<p>Estas son las causas m\u00e1s comunes de dolor de cadera tras un accidente de coche.<\/p>\n<h3>Luxaci\u00f3n de cadera<\/h3>\n<p>Una luxaci\u00f3n se produce cuando la bola del hueso de la cadera es forzada a salir de su cavidad, a menudo debido a un golpe directo durante los accidentes, como el golpe de la rodilla contra el salpicadero. Este tipo de lesi\u00f3n requiere intervenci\u00f3n m\u00e9dica inmediata.<\/p>\n<h3>Fractura por estr\u00e9s<\/h3>\n<p>Las fracturas por estr\u00e9s surgen cuando la capacidad de carga del hueso se ve superada, provocando una fisura. Suele manifestarse como un dolor sordo que se intensifica con la actividad o el levantamiento de peso y que a veces puede tratarse en casa con reposo y hielo.<\/p>\n<p><a href=\"https:\/\/www.apexosn.com\/wp-content\/uploads\/2024\/05\/shutterstock_207938626-min-2.jpg\"><img decoding=\"async\" class=\"alignnone size-full wp-image-4642\" src=\"https:\/\/www.apexosn.com\/wp-content\/uploads\/2024\/05\/shutterstock_207938626-min-2.jpg\" alt=\"Hip Injury X-Ray\" width=\"500\" height=\"334\" srcset=\"https:\/\/www.apexosn.com\/wp-content\/uploads\/2024\/05\/shutterstock_207938626-min-2.jpg 500w, https:\/\/www.apexosn.com\/wp-content\/uploads\/2024\/05\/shutterstock_207938626-min-2-300x200.jpg 300w\" sizes=\"(max-width: 500px) 100vw, 500px\" \/><\/a><\/p>\n<h3>Fracturas de cadera<\/h3>\n<p>Las fracturas de cadera o de la zona circundante suelen ser consecuencia de traumatismos directos durante accidentes. Las fracturas de cadera son una urgencia m\u00e9dica que requiere una atenci\u00f3n prolongada y especializada para su recuperaci\u00f3n.<\/p>\n<h3>Bursitis<\/h3>\n<p>La bursitis es la inflamaci\u00f3n de las bursas, sacos llenos de l\u00edquido que reducen la fricci\u00f3n y amortiguan los movimientos articulares. Esta afecci\u00f3n provoca dolor y limita la movilidad de las articulaciones.<\/p>\n<h3>Distensiones y esguinces de ligamentos<\/h3>\n<p>Las lesiones de los ligamentos de la cadera implican desgarros o distensiones de los ligamentos, que conectan los huesos y estabilizan las articulaciones. El tratamiento suele incluir reposo, fisioterapia y, posiblemente, cirug\u00eda ortop\u00e9dica en funci\u00f3n de la gravedad.<\/p>\n<p>Las opciones de tratamiento para estas afecciones de la cadera pueden ir desde enfoques conservadores como la atenci\u00f3n quiropr\u00e1ctica y la fisioterapia hasta procedimientos m\u00e1s invasivos como la cirug\u00eda de reemplazo de cadera. El diagn\u00f3stico precoz y preciso por un m\u00e9dico ortop\u00e9dico cualificado es crucial para un tratamiento eficaz y un r\u00e1pido retorno a las actividades diarias sin dolor.<\/p>\n<p>En Apex Orthopaedics Spine &amp; Neurology, estamos especializados en el diagn\u00f3stico y tratamiento de diversas lesiones de cadera para ayudar a los pacientes a recuperar la fuerza, corregir los movimientos y restablecer la amplitud de movimiento.<\/p>\n<h2>Llame a nuestra cl\u00ednica ortop\u00e9dica para la atenci\u00f3n de lesiones de cadera<\/h2>\n<p>En Apex Orthopaedics Spine &amp; Neurology, tomamos un enfoque integral para el diagn\u00f3stico y tratamiento de lesiones de cadera causadas por accidentes automovil\u00edsticos. A diferencia de algunas cl\u00ednicas que pueden utilizar principalmente medicamentos para el dolor para controlar los s\u00edntomas, nos centramos en descubrir la causa subyacente de su dolor de cadera para desarrollar un plan de tratamiento adaptado espec\u00edficamente para usted.<\/p>\n<p>Ofrecemos diversas opciones de tratamiento, desde t\u00e9cnicas no invasivas hasta intervenciones quir\u00fargicas y cuidados quiropr\u00e1cticos, todas ellas dise\u00f1adas para ofrecer un alivio eficaz y facilitar una r\u00e1pida recuperaci\u00f3n. P\u00f3ngase en contacto con nosotros hoy mismo en el <a href=\"tel:+17044123045\"><i class=\"fa fa-phone-alt\"><\/i>704-412-3045<\/a> para averiguar c\u00f3mo podemos ayudarle en la recuperaci\u00f3n de su lesi\u00f3n de cadera.<\/p>\n","protected":false},"excerpt":{"rendered":"<p>La cadera es una articulaci\u00f3n de carga crucial, esencial para casi todos los movimientos que realizamos. Por desgracia, las lesiones de cadera son frecuentes en los accidentes de tr\u00e1fico y pueden provocar una serie de s\u00edntomas, desde molestias leves hasta dolor intenso. El tratamiento inmediato tras un accidente de tr\u00e1fico es vital para evitar da\u00f1os [&hellip;]<\/p>\n","protected":false},"author":22,"featured_media":0,"parent":0,"menu_order":0,"comment_status":"closed","ping_status":"closed","template":"","meta":{"_acf_changed":false,"footnotes":""},"categories":[],"tags":[],"class_list":["post-2769","page","type-page","status-publish","hentry"],"acf":[],"_links":{"self":[{"href":"https:\/\/www.apexosn.com\/es\/wp-json\/wp\/v2\/pages\/2769","targetHints":{"allow":["GET"]}}],"collection":[{"href":"https:\/\/www.apexosn.com\/es\/wp-json\/wp\/v2\/pages"}],"about":[{"href":"https:\/\/www.apexosn.com\/es\/wp-json\/wp\/v2\/types\/page"}],"author":[{"embeddable":true,"href":"https:\/\/www.apexosn.com\/es\/wp-json\/wp\/v2\/users\/22"}],"replies":[{"embeddable":true,"href":"https:\/\/www.apexosn.com\/es\/wp-json\/wp\/v2\/comments?post=2769"}],"version-history":[{"count":4,"href":"https:\/\/www.apexosn.com\/es\/wp-json\/wp\/v2\/pages\/2769\/revisions"}],"predecessor-version":[{"id":5629,"href":"https:\/\/www.apexosn.com\/es\/wp-json\/wp\/v2\/pages\/2769\/revisions\/5629"}],"wp:attachment":[{"href":"https:\/\/www.apexosn.com\/es\/wp-json\/wp\/v2\/media?parent=2769"}],"wp:term":[{"taxonomy":"category","embeddable":true,"href":"https:\/\/www.apexosn.com\/es\/wp-json\/wp\/v2\/categories?post=2769"},{"taxonomy":"post_tag","embeddable":true,"href":"https:\/\/www.apexosn.com\/es\/wp-json\/wp\/v2\/tags?post=2769"}],"curies":[{"name":"wp","href":"https:\/\/api.w.org\/{rel}","templated":true}]}}