{"id":2760,"date":"2020-12-08T16:35:37","date_gmt":"2020-12-08T21:35:37","guid":{"rendered":"https:\/\/www.apexosn.com\/charlotte-nc\/lesion-de-espalda\/"},"modified":"2024-05-24T05:00:17","modified_gmt":"2024-05-24T10:00:17","slug":"lesion-de-espalda","status":"publish","type":"page","link":"https:\/\/www.apexosn.com\/es\/lesion-de-espalda\/","title":{"rendered":"Lesi\u00f3n de espalda"},"content":{"rendered":"<p>Una lesi\u00f3n de espalda puede afectar significativamente a sus actividades cotidianas, desde dormir y hacer ejercicio hasta su capacidad para trabajar. Tambi\u00e9n puede desencadenar respuestas emocionales como cambios de humor, depresi\u00f3n y ansiedad. Sin un tratamiento adecuado, una lesi\u00f3n de espalda puede incluso provocar discapacidades a largo plazo. Por lo tanto, es crucial tratar las lesiones de espalda con prontitud.<\/p>\n<p>Buscar tratamiento para una lesi\u00f3n de espalda puede minimizar sustancialmente la probabilidad de agravar la afecci\u00f3n, aliviar el dolor, reducir el riesgo de ca\u00eddas y mejorar la movilidad. Curiosamente, un tratamiento eficaz no siempre requiere cirug\u00eda. Opciones como la fisioterapia a menudo pueden reducir la dependencia de los medicamentos y evitar las intervenciones quir\u00fargicas.<\/p>\n<p>\u00bfEst\u00e1 lidiando con una lesi\u00f3n de espalda en Carolina del Norte? En Apex Orthopaedics Spine &amp; Neurology, contamos con un equipo competente de fisioterapeutas, enfermeras y m\u00e9dicos dedicados a proporcionar tratamientos de lesiones de espalda de primer nivel en todo el estado. Nos centramos en el diagn\u00f3stico de la causa ra\u00edz de su dolor de espalda para desarrollar un plan de tratamiento personalizado alineado con sus objetivos de recuperaci\u00f3n.<\/p>\n<p>\u00a1D\u00e9 el paso hacia la recuperaci\u00f3n de su vida! Ll\u00e1menos hoy al <a href=\"tel:+17044123045\"><i class=\"fa fa-phone-alt\"><\/i>704-412-3045<\/a> para programar su consulta.<\/p>\n\t\t<div data-elementor-type=\"section\" data-elementor-id=\"208\" class=\"elementor elementor-208\" data-elementor-post-type=\"elementor_library\">\n\t\t\t\t\t<section class=\"elementor-section elementor-top-section elementor-element elementor-element-485e576a elementor-section-boxed elementor-section-height-default elementor-section-height-default\" data-id=\"485e576a\" data-element_type=\"section\" data-e-type=\"section\">\n\t\t\t\t\t\t<div class=\"elementor-container elementor-column-gap-default\">\n\t\t\t\t\t<div class=\"elementor-column elementor-col-100 elementor-top-column elementor-element elementor-element-635c38c0\" data-id=\"635c38c0\" data-element_type=\"column\" data-e-type=\"column\">\n\t\t\t<div class=\"elementor-widget-wrap elementor-element-populated\">\n\t\t\t\t\t\t<div class=\"elementor-element elementor-element-3ba95c8a elementor-toc--minimized-on-tablet elementor-widget elementor-widget-table-of-contents\" data-id=\"3ba95c8a\" data-element_type=\"widget\" data-e-type=\"widget\" data-settings=\"{&quot;exclude_headings_by_selector&quot;:&quot;.toc-remove&quot;,&quot;headings_by_tags&quot;:[&quot;h2&quot;,&quot;h3&quot;],&quot;marker_view&quot;:&quot;numbers&quot;,&quot;no_headings_message&quot;:&quot;No se ha encontrado ning\\u00fan encabezado en esta p\\u00e1gina.&quot;,&quot;minimize_box&quot;:&quot;yes&quot;,&quot;minimized_on&quot;:&quot;tablet&quot;,&quot;hierarchical_view&quot;:&quot;yes&quot;,&quot;min_height&quot;:{&quot;unit&quot;:&quot;px&quot;,&quot;size&quot;:&quot;&quot;,&quot;sizes&quot;:[]},&quot;min_height_laptop&quot;:{&quot;unit&quot;:&quot;px&quot;,&quot;size&quot;:&quot;&quot;,&quot;sizes&quot;:[]},&quot;min_height_tablet&quot;:{&quot;unit&quot;:&quot;px&quot;,&quot;size&quot;:&quot;&quot;,&quot;sizes&quot;:[]},&quot;min_height_mobile&quot;:{&quot;unit&quot;:&quot;px&quot;,&quot;size&quot;:&quot;&quot;,&quot;sizes&quot;:[]}}\" data-widget_type=\"table-of-contents.default\">\n\t\t\t\t\t\t\t\t\t<div class=\"elementor-toc__header\">\n\t\t\t\t\t\t<div class=\"elementor-toc__header-title\">\n\t\t\t\tTable of Contents\t\t\t<\/div>\n\t\t\t\t\t\t\t\t\t\t<div class=\"elementor-toc__toggle-button elementor-toc__toggle-button--expand\" role=\"button\" tabindex=\"0\" aria-controls=\"elementor-toc__3ba95c8a\" aria-expanded=\"true\" aria-label=\"Abrir la tabla de contenidos\"><svg aria-hidden=\"true\" class=\"e-font-icon-svg e-fas-chevron-down\" viewBox=\"0 0 448 512\" xmlns=\"http:\/\/www.w3.org\/2000\/svg\"><path d=\"M207.029 381.476L12.686 187.132c-9.373-9.373-9.373-24.569 0-33.941l22.667-22.667c9.357-9.357 24.522-9.375 33.901-.04L224 284.505l154.745-154.021c9.379-9.335 24.544-9.317 33.901.04l22.667 22.667c9.373 9.373 9.373 24.569 0 33.941L240.971 381.476c-9.373 9.372-24.569 9.372-33.942 0z\"><\/path><\/svg><\/div>\n\t\t\t\t<div class=\"elementor-toc__toggle-button elementor-toc__toggle-button--collapse\" role=\"button\" tabindex=\"0\" aria-controls=\"elementor-toc__3ba95c8a\" aria-expanded=\"true\" aria-label=\"Cerrar la tabla de contenidos\"><svg aria-hidden=\"true\" class=\"e-font-icon-svg e-fas-chevron-up\" viewBox=\"0 0 448 512\" xmlns=\"http:\/\/www.w3.org\/2000\/svg\"><path d=\"M240.971 130.524l194.343 194.343c9.373 9.373 9.373 24.569 0 33.941l-22.667 22.667c-9.357 9.357-24.522 9.375-33.901.04L224 227.495 69.255 381.516c-9.379 9.335-24.544 9.317-33.901-.04l-22.667-22.667c-9.373-9.373-9.373-24.569 0-33.941L207.03 130.525c9.372-9.373 24.568-9.373 33.941-.001z\"><\/path><\/svg><\/div>\n\t\t\t\t\t<\/div>\n\t\t\t\t<div id=\"elementor-toc__3ba95c8a\" class=\"elementor-toc__body\">\n\t\t\t<div class=\"elementor-toc__spinner-container\">\n\t\t\t\t<svg class=\"elementor-toc__spinner eicon-animation-spin e-font-icon-svg e-eicon-loading\" aria-hidden=\"true\" viewBox=\"0 0 1000 1000\" xmlns=\"http:\/\/www.w3.org\/2000\/svg\"><path d=\"M500 975V858C696 858 858 696 858 500S696 142 500 142 142 304 142 500H25C25 237 238 25 500 25S975 237 975 500 763 975 500 975Z\"><\/path><\/svg>\t\t\t<\/div>\n\t\t<\/div>\n\t\t\t\t\t\t<\/div>\n\t\t\t\t\t<\/div>\n\t\t<\/div>\n\t\t\t\t\t<\/div>\n\t\t<\/section>\n\t\t\t\t<\/div>\n\t\t\n<h2>C\u00f3mo reconocer los s\u00edntomas de una lesi\u00f3n de espalda<\/h2>\n<p>Las lesiones de espalda, que pueden deberse a diversos accidentes como colisiones de veh\u00edculos, resbalones, ca\u00eddas o incidentes deportivos, van de leves a graves. Entender los s\u00edntomas de las lesiones de espalda es esencial, ya que los casos graves pueden provocar una incapacidad cr\u00f3nica.<\/p>\n<p>He aqu\u00ed algunos s\u00edntomas comunes de las lesiones de espalda.<\/p>\n<h3>Dolor de espalda persistente<\/h3>\n<p>Uno de los principales s\u00edntomas de una lesi\u00f3n de espalda es el dolor persistente, que tambi\u00e9n puede afectar a las caderas, la pelvis y las piernas. Este dolor puede manifestarse como una sensaci\u00f3n de ardor, punzante o punzante y suele empeorar al permanecer mucho tiempo sentado o de pie.<\/p>\n<h3>Sensaci\u00f3n de hormigueo y quemaz\u00f3n<\/h3>\n<p>Una lesi\u00f3n de espalda puede provocar sensaciones de hormigueo o quemaz\u00f3n, sobre todo si se ha producido un da\u00f1o en la columna vertebral durante el incidente. Aunque estas sensaciones no siempre son intensas, pueden perturbar considerablemente las actividades cotidianas y justifican una atenci\u00f3n m\u00e9dica inmediata.<\/p>\n<h3>Hinchaz\u00f3n visible<\/h3>\n<p>La hinchaz\u00f3n en la zona de la espalda es un claro indicador de lesi\u00f3n, normalmente causada por tejidos inflamados. La hinchaz\u00f3n visible es una se\u00f1al de que debe consultar a un profesional sanitario sin demora.<\/p>\n<h3>Aparici\u00f3n de hematomas<\/h3>\n<p>La aparici\u00f3n de hematomas en la espalda es otro signo de una lesi\u00f3n de espalda, que suele deberse a un impacto directo. Los hematomas no son s\u00f3lo marcas f\u00edsicas, sino que tambi\u00e9n pueden ser indicios de problemas subyacentes m\u00e1s graves.<\/p>\n<h3>Movilidad reducida<\/h3>\n<p>Una espalda lesionada suele provocar una reducci\u00f3n de la movilidad, caracterizada por dolor y rigidez que dificultan caminar y realizar actividades rutinarias. El tratamiento inmediato es crucial para aliviar el dolor y recuperar la funcionalidad.<\/p>\n<p>Experimentar uno o m\u00e1s de estos s\u00edntomas indica la necesidad de una evaluaci\u00f3n profesional. P\u00f3ngase en contacto con Apex Orthopaedics Spine &amp; Neurology marcando [tel\u00e9fono] para programar una evaluaci\u00f3n hoy mismo.<\/p>\n<p><a href=\"https:\/\/www.apexosn.com\/wp-content\/uploads\/2024\/05\/shutterstock_370613435-min.jpg\"><img fetchpriority=\"high\" decoding=\"async\" class=\"alignnone size-full wp-image-4589\" src=\"https:\/\/www.apexosn.com\/wp-content\/uploads\/2024\/05\/shutterstock_370613435-min.jpg\" alt=\"Back Pain, Back Injury\" width=\"500\" height=\"334\" srcset=\"https:\/\/www.apexosn.com\/wp-content\/uploads\/2024\/05\/shutterstock_370613435-min.jpg 500w, https:\/\/www.apexosn.com\/wp-content\/uploads\/2024\/05\/shutterstock_370613435-min-300x200.jpg 300w\" sizes=\"(max-width: 500px) 100vw, 500px\" \/><\/a><\/p>\n<h2>Tipos comunes de lesiones de espalda<\/h2>\n<p>Las lesiones de espalda, debido a la complejidad de la estructura de la columna vertebral, pueden ser diversas y a menudo requieren una intervenci\u00f3n m\u00e9dica inmediata. Reconocer el tipo de lesi\u00f3n de espalda que puede tener puede facilitar un acceso m\u00e1s r\u00e1pido a los tratamientos adecuados.<\/p>\n<p>A continuaci\u00f3n se indican varios tipos comunes de lesiones de espalda.<\/p>\n<h3>Da\u00f1os en tejidos blandos<\/h3>\n<p>Una de las lesiones de espalda m\u00e1s frecuentes afecta a los tejidos blandos, como m\u00fasculos, ligamentos y tendones. Un ejemplo t\u00edpico es una distensi\u00f3n muscular en la parte baja de la espalda, que puede limitar gravemente el movimiento y causar un dolor intenso.<\/p>\n<h3>Disco abultado<\/h3>\n<p>Esta afecci\u00f3n aparece gradualmente cuando los discos intervertebrales, que amortiguan la columna vertebral, se desplazan de su posici\u00f3n normal. Un disco abultado puede comprimir los nervios cercanos, provocando s\u00edntomas como dolor, entumecimiento y debilidad en las extremidades. Estas molestias tienden a aumentar con el tiempo.<\/p>\n<h3>Deterioro de los nervios<\/h3>\n<p>Los da\u00f1os en los nervios raqu\u00eddeos pueden manifestarse como debilidad muscular, aumento del dolor y la sensibilidad, y entumecimiento, que suele irradiarse a las piernas. Esto puede deberse a factores como fragmentos \u00f3seos desplazados o discos abultados que presionan los nervios.<\/p>\n<h3>Hernia discal<\/h3>\n<p>El canal espinal tiene un espacio limitado, que puede volverse problem\u00e1tico si un disco se hernia y sobresale en esta zona. Esta hernia puede presionar los nervios raqu\u00eddeos, lo que provoca un aumento del dolor con el tiempo.<\/p>\n<h3>Fracturas vertebrales<\/h3>\n<p>Las fracturas de las v\u00e9rtebras suelen ser consecuencia de traumatismos importantes, como ca\u00eddas o accidentes. Estas fracturas pueden ser muy dolorosas y, si no se tratan a tiempo, pueden tener consecuencias m\u00e1s graves, como da\u00f1os en la m\u00e9dula espinal o incluso par\u00e1lisis.<\/p>\n<p>Si sospecha que tiene alguna de estas lesiones de espalda, es crucial que busque ayuda profesional r\u00e1pidamente. P\u00f3ngase en contacto con Apex Orthopaedics Spine &amp; Neurology marcando <a href=\"tel:+17044123045\"><i class=\"fa fa-phone-alt\"><\/i>704-412-3045<\/a> para obtener asesoramiento experto y opciones de tratamiento.<\/p>\n<h2>Diagn\u00f3stico de las lesiones de espalda<\/h2>\n<p>La comprensi\u00f3n y el tratamiento eficaz de las lesiones de espalda comienzan con un diagn\u00f3stico preciso. En Apex Orthopaedics Spine &amp; Neurology, nuestros m\u00e9dicos utilizan una variedad de herramientas de diagn\u00f3stico a medida para identificar los detalles de su lesi\u00f3n y desarrollar una estrategia de tratamiento personalizada.<\/p>\n<p>He aqu\u00ed c\u00f3mo su m\u00e9dico puede diagnosticar su lesi\u00f3n de espalda.<\/p>\n<h3>Examen f\u00edsico<\/h3>\n<p>El paso inicial consiste en un examen f\u00edsico completo en el que el m\u00e9dico eval\u00faa la espalda para identificar las causas subyacentes de la lesi\u00f3n. Este examen ayuda a evaluar la salud general de la columna vertebral, el estado de los m\u00fasculos y la alineaci\u00f3n de la columna vertebral, as\u00ed como la fuerza y la flexibilidad de la espalda.<\/p>\n<h3>Radiograf\u00edas<\/h3>\n<p>Las radiograf\u00edas son una herramienta de diagn\u00f3stico fundamental que se utiliza para ver la alineaci\u00f3n de los discos vertebrales y los huesos. Especialmente \u00fatiles poco despu\u00e9s de una lesi\u00f3n, las radiograf\u00edas ayudan a confirmar la integridad de los huesos y la alineaci\u00f3n de las estructuras de la columna vertebral en la zona afectada.<\/p>\n<h3>Resonancia magn\u00e9tica<\/h3>\n<p>Para una evaluaci\u00f3n detallada de los tejidos blandos, su m\u00e9dico puede solicitar una resonancia magn\u00e9tica. Esta prueba de imagen proporciona una imagen clara de los m\u00fasculos, ligamentos y otros tejidos blandos, lo que ayuda a formular un plan de tratamiento personalizado basado en sus necesidades espec\u00edficas. El cumplimiento de este plan es crucial para la recuperaci\u00f3n.<\/p>\n<h3>Tomograf\u00eda computarizada<\/h3>\n<p>El TAC combina la tecnolog\u00eda de rayos X con el procesamiento inform\u00e1tico para obtener im\u00e1genes muy detalladas de las estructuras internas del cuerpo. Esta prueba es especialmente \u00fatil para detectar cualquier da\u00f1o, compresi\u00f3n o anomal\u00eda como tumores en la columna vertebral.<\/p>\n<p>Cada uno de estos m\u00e9todos de diagn\u00f3stico desempe\u00f1a un papel fundamental para garantizar que le proporcionemos el tratamiento m\u00e1s eficaz para su lesi\u00f3n de espalda. P\u00f3ngase en contacto con nosotros en [tel\u00e9fono] para obtener m\u00e1s informaci\u00f3n sobre nuestros servicios de diagn\u00f3stico y para iniciar el camino hacia la recuperaci\u00f3n en Apex Orthopaedics Spine &amp; Neurology.<\/p>\n<p><a href=\"https:\/\/www.apexosn.com\/wp-content\/uploads\/2024\/05\/shutterstock_1765949750-min.jpg\"><img decoding=\"async\" class=\"alignnone size-full wp-image-4580\" src=\"https:\/\/www.apexosn.com\/wp-content\/uploads\/2024\/05\/shutterstock_1765949750-min.jpg\" alt=\"Back Injury Treatment\" width=\"500\" height=\"334\" srcset=\"https:\/\/www.apexosn.com\/wp-content\/uploads\/2024\/05\/shutterstock_1765949750-min.jpg 500w, https:\/\/www.apexosn.com\/wp-content\/uploads\/2024\/05\/shutterstock_1765949750-min-300x200.jpg 300w\" sizes=\"(max-width: 500px) 100vw, 500px\" \/><\/a><\/p>\n<h2>Diversas opciones de tratamiento para las lesiones de espalda<\/h2>\n<p>En Apex Orthopaedics Spine &amp; Neurology entendemos que el tratamiento adecuado para su lesi\u00f3n de espalda depende en gran medida del diagn\u00f3stico espec\u00edfico y del tipo de lesi\u00f3n. Ofrecemos una gama de opciones terap\u00e9uticas adaptadas a las diferentes lesiones de espalda. Si tiene problemas de espalda, es esencial que consulte a un m\u00e9dico.<\/p>\n<p>He aqu\u00ed un resumen de las modalidades de tratamiento que ofrecemos.<\/p>\n<h3>Terapia l\u00e1ser<\/h3>\n<p>La terapia l\u00e1ser se utiliza para tratar los tejidos que comprimen los nervios espinales, una fuente com\u00fan de dolor de espalda para muchos. Esta t\u00e9cnica implica el uso de l\u00e1ser para eliminar cuidadosamente estos tejidos, aliviando as\u00ed la presi\u00f3n sobre los nervios y aliviar el dolor.<\/p>\n<h3>Termoterapia<\/h3>\n<p>La termoterapia consiste en tratamientos fr\u00edos y calientes. La terapia fr\u00eda es eficaz para reducir la inflamaci\u00f3n y la hinchaz\u00f3n, que son los principales causantes de la compresi\u00f3n y las molestias. Por el contrario, la terapia con calor mejora la flexibilidad y funcionalidad de los tejidos blandos, contribuyendo a aliviar el dolor y mejorar el movimiento.<\/p>\n<h3>Ejercicio f\u00edsico<\/h3>\n<p>La pr\u00e1ctica regular de actividad f\u00edsica es crucial para mejorar el proceso de recuperaci\u00f3n y aliviar la rigidez de m\u00fasculos, tendones y ligamentos. Los ejercicios espec\u00edficos de fisioterapia, como los estiramientos y el fortalecimiento abdominal, son especialmente beneficiosos para disminuir el dolor lumbar.<\/p>\n<h3>Terapia con ultrasonidos<\/h3>\n<p>Para las lesiones que afectan a los tejidos blandos y la m\u00e9dula espinal, a menudo se prescribe la terapia con ultrasonidos. Este m\u00e9todo utiliza m\u00e1quinas que emiten ondas sonoras, creando vibraciones que se aplican directamente en la zona afectada, ayudando a calmar el dolor mediante un suave masaje.<\/p>\n<h3>Ajustes quiropr\u00e1cticos<\/h3>\n<p>La desalineaci\u00f3n de la columna vertebral es una causa frecuente de molestias en la espalda. El cuidado quiropr\u00e1ctico implica ajustes manuales de la columna vertebral para realinearla correctamente. Aunque estos ajustes pueden causar algunas molestias al principio, son eficaces para reducir el dolor y mejorar la funci\u00f3n de la columna vertebral con el tiempo.<\/p>\n<p>Cada tratamiento est\u00e1 dise\u00f1ado para hacer frente a tipos espec\u00edficos de lesiones de espalda y se elige sobre la base de una evaluaci\u00f3n diagn\u00f3stica exhaustiva. Para obtener m\u00e1s informaci\u00f3n sobre c\u00f3mo podemos ayudarle a controlar y tratar su lesi\u00f3n de espalda, p\u00f3ngase en contacto con Apex Orthopaedics Spine &amp; Neurology.<\/p>\n<h2>Acuda a Apex Orthopaedics Spine &amp; Neurology<\/h2>\n<p>La espalda desempe\u00f1a un papel fundamental a la hora de proteger el cuerpo de cualquier da\u00f1o, pero cuando se lesiona, puede provocar importantes trastornos f\u00edsicos, emocionales y mentales. Diversos factores, como accidentes, malas posturas, enfermedades y desalineaciones de la columna vertebral, pueden provocar lesiones de espalda. La pronta intervenci\u00f3n m\u00e9dica es esencial para una r\u00e1pida recuperaci\u00f3n.<\/p>\n<p>Elegir profesionales sanitarios con experiencia y conocimientos es vital. Recibir atenci\u00f3n m\u00e9dica a tiempo no s\u00f3lo ayuda a dise\u00f1ar un plan de tratamiento eficaz, sino que tambi\u00e9n previene el empeoramiento de las lesiones de espalda. Adem\u00e1s, su fisioterapeuta puede guiarle a trav\u00e9s de ejercicios dise\u00f1ados para mejorar la postura, fortalecer los m\u00fasculos centrales y aumentar la flexibilidad.<\/p>\n<p>En Apex Orthopaedics Spine &amp; Neurology, nuestro equipo es competente en el tratamiento de diversos problemas de espalda, incluyendo discos abultados, hernias discales y esguinces. Utilizando tecnolog\u00eda de diagn\u00f3stico avanzada, nuestros expertos identifican con precisi\u00f3n las causas subyacentes de las lesiones de espalda, asegurando que usted reciba el tratamiento m\u00e1s eficaz.<\/p>\n<p>P\u00f3ngase en contacto con nosotros hoy mismo en el <a href=\"tel:+17044123045\"><i class=\"fa fa-phone-alt\"><\/i>704-412-3045<\/a> para reservar una consulta y descubrir c\u00f3mo podemos ayudarle a desarrollar un plan de tratamiento de lesiones de espalda personalizado y adaptado a sus necesidades.<\/p>\n","protected":false},"excerpt":{"rendered":"<p>Una lesi\u00f3n de espalda puede afectar significativamente a sus actividades cotidianas, desde dormir y hacer ejercicio hasta su capacidad para trabajar. Tambi\u00e9n puede desencadenar respuestas emocionales como cambios de humor, depresi\u00f3n y ansiedad. Sin un tratamiento adecuado, una lesi\u00f3n de espalda puede incluso provocar discapacidades a largo plazo. Por lo tanto, es crucial tratar las [&hellip;]<\/p>\n","protected":false},"author":22,"featured_media":0,"parent":0,"menu_order":0,"comment_status":"closed","ping_status":"closed","template":"","meta":{"_acf_changed":false,"footnotes":""},"categories":[],"tags":[],"class_list":["post-2760","page","type-page","status-publish","hentry"],"acf":[],"_links":{"self":[{"href":"https:\/\/www.apexosn.com\/es\/wp-json\/wp\/v2\/pages\/2760","targetHints":{"allow":["GET"]}}],"collection":[{"href":"https:\/\/www.apexosn.com\/es\/wp-json\/wp\/v2\/pages"}],"about":[{"href":"https:\/\/www.apexosn.com\/es\/wp-json\/wp\/v2\/types\/page"}],"author":[{"embeddable":true,"href":"https:\/\/www.apexosn.com\/es\/wp-json\/wp\/v2\/users\/22"}],"replies":[{"embeddable":true,"href":"https:\/\/www.apexosn.com\/es\/wp-json\/wp\/v2\/comments?post=2760"}],"version-history":[{"count":4,"href":"https:\/\/www.apexosn.com\/es\/wp-json\/wp\/v2\/pages\/2760\/revisions"}],"predecessor-version":[{"id":4826,"href":"https:\/\/www.apexosn.com\/es\/wp-json\/wp\/v2\/pages\/2760\/revisions\/4826"}],"wp:attachment":[{"href":"https:\/\/www.apexosn.com\/es\/wp-json\/wp\/v2\/media?parent=2760"}],"wp:term":[{"taxonomy":"category","embeddable":true,"href":"https:\/\/www.apexosn.com\/es\/wp-json\/wp\/v2\/categories?post=2760"},{"taxonomy":"post_tag","embeddable":true,"href":"https:\/\/www.apexosn.com\/es\/wp-json\/wp\/v2\/tags?post=2760"}],"curies":[{"name":"wp","href":"https:\/\/api.w.org\/{rel}","templated":true}]}}