{"id":2733,"date":"2020-12-08T16:34:43","date_gmt":"2020-12-08T21:34:43","guid":{"rendered":"https:\/\/www.apexosn.com\/high-point-nc\/"},"modified":"2024-05-25T05:40:08","modified_gmt":"2024-05-25T10:40:08","slug":"high-point-nc","status":"publish","type":"page","link":"https:\/\/www.apexosn.com\/es\/high-point-nc\/","title":{"rendered":"High Point, NC"},"content":{"rendered":"<p>High Point, Carolina del Norte, conocida como la \u00abCapital Mundial del Mueble\u00bb, es una ciudad que se distingue por su rica historia y su vibrante econom\u00eda centrada en la industria del mueble. Situada en la regi\u00f3n de Piedmont Triad, que tambi\u00e9n incluye Greensboro y Winston-Salem, High Point es famosa por albergar el mercado bianual High Point Market, la mayor feria de muebles para el hogar del mundo, que atrae a miles de expositores y compradores de todo el mundo.<\/p>\n<p>El compromiso de la ciudad con el dise\u00f1o y la artesan\u00eda se complementa con un variado panorama cultural, numerosos parques y una creciente oferta culinaria. La Universidad de High Point, una destacada instituci\u00f3n privada, enriquece a\u00fan m\u00e1s la comunidad con sus programas educativos y su pintoresco campus. Con una mezcla de tradici\u00f3n e innovaci\u00f3n, High Point ofrece a residentes y visitantes por igual un entorno din\u00e1mico y atractivo.<\/p>\n<p>Enclavado en medio del vibrante paisaje de High Point, Carolina del Norte, Apex Orthopaedics Spine &amp; Neurology es un basti\u00f3n de atenci\u00f3n integral para las personas que sufren lesiones derivadas de accidentes de tr\u00e1fico o laborales. Apex OS&amp;N, que cuenta con un equipo de especialistas experimentados, incluidos m\u00e9dicos ortop\u00e9dicos, neur\u00f3logos y expertos en el tratamiento del dolor, garantiza que cada paciente reciba planes de tratamiento personalizados y meticulosamente adaptados a sus necesidades y circunstancias particulares.<\/p>\n<p>Adoptando un enfoque polifac\u00e9tico de la rehabilitaci\u00f3n, Apex Orthopaedics Spine &amp; Neurology ofrece una amplia gama de intervenciones terap\u00e9uticas, que van desde la fisioterapia a la quiropr\u00e1ctica, todas ellas encaminadas a restablecer la funci\u00f3n y mitigar las molestias. Para aquellos que se enfrentan a lesiones musculoesquel\u00e9ticas m\u00e1s graves, la cl\u00ednica ofrece acceso a cirug\u00eda ortop\u00e9dica m\u00ednimamente invasiva, que proporciona una soluci\u00f3n eficaz al tiempo que minimiza el impacto del tiempo de recuperaci\u00f3n.<\/p>\n<p>Con un firme compromiso con la atenci\u00f3n personalizada y la experiencia de vanguardia, Apex Orthopaedics Spine &amp; Neurology emerge como una piedra angular de apoyo para la comunidad de High Point, guiando a las personas a lo largo del camino hacia la recuperaci\u00f3n y el bienestar renovado.<\/p>\n","protected":false},"excerpt":{"rendered":"<p>High Point, Carolina del Norte, conocida como la \u00abCapital Mundial del Mueble\u00bb, es una ciudad que se distingue por su rica historia y su vibrante econom\u00eda centrada en la industria del mueble. Situada en la regi\u00f3n de Piedmont Triad, que tambi\u00e9n incluye Greensboro y Winston-Salem, High Point es famosa por albergar el mercado bianual High [&hellip;]<\/p>\n","protected":false},"author":22,"featured_media":3893,"parent":0,"menu_order":0,"comment_status":"closed","ping_status":"closed","template":"","meta":{"_acf_changed":false,"footnotes":""},"categories":[],"tags":[],"class_list":["post-2733","page","type-page","status-publish","has-post-thumbnail","hentry"],"acf":[],"_links":{"self":[{"href":"https:\/\/www.apexosn.com\/es\/wp-json\/wp\/v2\/pages\/2733","targetHints":{"allow":["GET"]}}],"collection":[{"href":"https:\/\/www.apexosn.com\/es\/wp-json\/wp\/v2\/pages"}],"about":[{"href":"https:\/\/www.apexosn.com\/es\/wp-json\/wp\/v2\/types\/page"}],"author":[{"embeddable":true,"href":"https:\/\/www.apexosn.com\/es\/wp-json\/wp\/v2\/users\/22"}],"replies":[{"embeddable":true,"href":"https:\/\/www.apexosn.com\/es\/wp-json\/wp\/v2\/comments?post=2733"}],"version-history":[{"count":2,"href":"https:\/\/www.apexosn.com\/es\/wp-json\/wp\/v2\/pages\/2733\/revisions"}],"predecessor-version":[{"id":4924,"href":"https:\/\/www.apexosn.com\/es\/wp-json\/wp\/v2\/pages\/2733\/revisions\/4924"}],"wp:featuredmedia":[{"embeddable":true,"href":"https:\/\/www.apexosn.com\/es\/wp-json\/wp\/v2\/media\/3893"}],"wp:attachment":[{"href":"https:\/\/www.apexosn.com\/es\/wp-json\/wp\/v2\/media?parent=2733"}],"wp:term":[{"taxonomy":"category","embeddable":true,"href":"https:\/\/www.apexosn.com\/es\/wp-json\/wp\/v2\/categories?post=2733"},{"taxonomy":"post_tag","embeddable":true,"href":"https:\/\/www.apexosn.com\/es\/wp-json\/wp\/v2\/tags?post=2733"}],"curies":[{"name":"wp","href":"https:\/\/api.w.org\/{rel}","templated":true}]}}